{"id":572,"date":"2021-02-11T11:37:14","date_gmt":"2021-02-11T16:37:14","guid":{"rendered":"https:\/\/climatetoolkit.org\/?page_id=572"},"modified":"2021-02-11T16:40:48","modified_gmt":"2021-02-11T21:40:48","slug":"alignment-of-project-drawdown-solutions-and-the-climate-toolkit","status":"publish","type":"page","link":"https:\/\/climatetoolkit.org\/sv\/alignment-of-project-drawdown-solutions-and-the-climate-toolkit\/","title":{"rendered":"Anpassning av Project Drawdown Solutions och The Climate Toolkit"},"content":{"rendered":"<h1 align=\"center\">Anpassning av Project Drawdown Solutions och The Climate Toolkit<\/h1>\n\n\n\n<div class=\"wp-block-image\"><figure class=\"aligncenter size-large is-resized\"><img decoding=\"async\" src=\"https:\/\/climatetoolkit.org\/wp-content\/uploads\/2021\/02\/drawdown.jpg\" alt=\"\" class=\"wp-image-551\" width=\"563\" height=\"165\" srcset=\"https:\/\/climatetoolkit.org\/wp-content\/uploads\/2021\/02\/drawdown.jpg 750w, https:\/\/climatetoolkit.org\/wp-content\/uploads\/2021\/02\/drawdown-300x88.jpg 300w, https:\/\/climatetoolkit.org\/wp-content\/uploads\/2021\/02\/drawdown-100x29.jpg 100w, https:\/\/climatetoolkit.org\/wp-content\/uploads\/2021\/02\/drawdown-150x44.jpg 150w, https:\/\/climatetoolkit.org\/wp-content\/uploads\/2021\/02\/drawdown-200x59.jpg 200w, https:\/\/climatetoolkit.org\/wp-content\/uploads\/2021\/02\/drawdown-450x132.jpg 450w, https:\/\/climatetoolkit.org\/wp-content\/uploads\/2021\/02\/drawdown-600x176.jpg 600w\" sizes=\"(max-width: 563px) 100vw, 563px\" \/><\/figure><\/div>\n\n\n\n<p><strong><a href=\"https:\/\/www.drawdown.org\/solutions\">Projektets neddragning<\/a><\/strong> \u00e4r en ideell organisation som \"genomf\u00f6r rigor\u00f6sa granskningar och utv\u00e4rderingar av klimatl\u00f6sningar, skapar \u00f6vertygande och m\u00e4nsklig kommunikation \u00f6ver olika medier och samarbetar med insatser f\u00f6r att p\u00e5skynda klimatl\u00f6sningar globalt\". Project Drawdowns uppdrag \u00e4r att minska utsl\u00e4ppsk\u00e4llor, st\u00f6dja kols\u00e4nkor och lyfta naturens kolcykel samt att f\u00f6rb\u00e4ttra samh\u00e4llet i stort. Projektets Table of Solutions, som skapats av Paul Hawken och Amanda Ravenhill, ger r\u00e5d till organisationer, st\u00e4der, universitet, filantroper, beslutsfattare, samh\u00e4llen etc. om de mest effektiva s\u00e4tten att ta itu med klimatf\u00f6r\u00e4ndringarna. N\u00e4r det \u00e4r m\u00f6jligt visar de l\u00f6sningar som anges i Project Drawdown-tabellen ocks\u00e5 den m\u00e4ngd koldioxid som kan minskas om l\u00f6sningen anv\u00e4nds. Siffrorna nedan representerar en uppskattning av gigaton CO2-ekvivalenta utsl\u00e4pp som kan minskas eller bindas av en viss l\u00f6sning under en 30-\u00e5rsperiod.<\/p>\n\n\n\n<p>De Climate Toolkit-m\u00e5l som \u00f6verensst\u00e4mmer med Project Drawdown Solutions \u00e4r sammankopplade nedan.<\/p>\n\n\n\n<figure class=\"wp-block-table is-style-regular; vertical-align: top !important;\"><table class=\"has-subtle-pale-blue-background-color has-fixed-layout has-background\"><thead><tr><th><h2>L\u00f6sningar f\u00f6r projektneddragning<\/h2><\/th><th><h2>M\u00e5l f\u00f6r klimatverktygsl\u00e5dan<\/h2><\/th><\/tr><\/thead><tbody><tr><td><strong>Elektricitet<\/strong><\/td><td><strong>Energi<\/strong><\/td><\/tr><tr><td  style=\"padding-left: 2em !important;\">Netto-noll-byggnader<\/td><td  style=\"padding-left: 2em !important;\">Bygga alla nya byggnader som nollenergibyggnader eller Living Buildings.<\/td><\/tr><tr><td  style=\"padding-left: 2em !important;\">Koncentrerad solkraft (18,6 - 23,96)<br><br>Solceller i stor skala f\u00f6r eln\u00e4tet<br>(42.32 - 119.13)<br><br>Distribuerade solceller (27,98 - 68,64)<\/td><td  style=\"padding-left: 2em !important;\">Generera eller k\u00f6p 100%<br>f\u00f6rnybar elektricitet.<\/td><\/tr><tr><td><strong>Byggnader, Industri<\/strong><\/td><td><strong>Avfall<\/strong><\/td><\/tr><tr><td  style=\"padding-left: 2em !important;\">Eftermontering av byggnader<\/td><td  style=\"padding-left: 2em !important;\">S\u00e4kerst\u00e4lla att alla nya konstruktioner eller<br>renoveringar p\u00e5 ett ansvarsfullt s\u00e4tt minska eller<br>hantera avfall.<\/td><\/tr><tr><td  style=\"padding-left: 2em !important;\">Kompostering (2.14 - 3.13)<\/td><td  style=\"padding-left: 2em !important;\">Kompostera 100% av allt matavfall.<\/td><\/tr><tr><td  style=\"padding-left: 2em !important;\">\u00c5tervinning (5.5 - 6.02)<\/td><td  style=\"padding-left: 2em !important;\">\u00c5tervinna eller \u00e5teranv\u00e4nda allt \u00e5tervinningsbart material<br>inklusive metaller, glas och plast<br>i hela vintertr\u00e4dg\u00e5rden.<br><br>Eliminera all eng\u00e5ngsplast i matservering, tr\u00e4dg\u00e5rdsodling, presentbutik och alla andra anl\u00e4ggningar<br>och verksamhet.<br><br>Avskaffa f\u00f6rs\u00e4ljning och anv\u00e4ndning av vatten p\u00e5 flaska.<\/td><\/tr><tr><td><strong>Transport<\/strong><\/td><td><strong>Transport<\/strong><\/td><\/tr><tr><td  style=\"padding-left: 2em !important;\">Cykelinfrastruktur (2.56 - 6.65)<br><br>Sam\u00e5kning (4,17 - 7,70)<br><br>Elbilar (11,87 - 15,68)<br><br>Kollektivtrafik (7,51 - 23,36)<\/td><td  style=\"padding-left: 2em !important;\">Incitament f\u00f6r anst\u00e4llda att sam\u00e5ka, cykla, \u00e5ka buss eller p\u00e5 annat s\u00e4tt avst\u00e5 fr\u00e5n biltransport.<br><br>Uppmuntra bes\u00f6kare till h\u00e5llbart resande.<br><br>G\u00f6r 25% av fordonsflottan elektrisk.<br><br>Se till att 25% av all utrustning f\u00f6r underh\u00e5ll av gr\u00e4smattor och tr\u00e4dg\u00e5rdar \u00e4r elektrisk.<\/td><\/tr><tr><td><strong>Livsmedel, jordbruk och markanv\u00e4ndning, marks\u00e4nkor<\/strong><\/td><td><strong>Food Service, landskap och tr\u00e4dg\u00e5rdsodling<\/strong><\/td><\/tr><tr><td  style=\"padding-left: 2em !important;\">Regenerativ \u00e5rlig besk\u00e4rning (14.52 - 22.27)<br><br>Hantering av n\u00e4rings\u00e4mnen (2.34 - 12.06)<\/td><td  style=\"padding-left: 2em !important;\">S\u00e4kerst\u00e4lla att 50% av de bek\u00e4mpningsmedel och g\u00f6dningsmedel som anv\u00e4nds \u00e4r fossilfria.<\/td><\/tr><tr><td  style=\"padding-left: 2em !important;\">V\u00e4xtrika dieter (65,01 - 91,72)<\/td><td  style=\"padding-left: 2em !important;\">S\u00e4kerst\u00e4ll att 40% av menyvalen inom foodservice \u00e4r veganska eller vegetariska.<\/td><\/tr><tr><td  style=\"padding-left: 2em !important;\">Tr\u00e4dplanteringar (22.24 - 35.94)<\/td><td  style=\"padding-left: 2em !important;\">St\u00f6dja skogsplantering f\u00f6r att binda kol.<\/td><\/tr><tr><td  style=\"padding-left: 2em !important;\">Fler\u00e5riga stapelgr\u00f6dor (15,45 - 1,26)<br><br>Multistrata Agroforestry (11.30 - 20.40)<\/td><td  style=\"padding-left: 2em !important;\">Minska bevattningsbehovet genom att v\u00e4lja och st\u00f6dja inhemska v\u00e4xter.<br><br>Minska gr\u00e4smattorna med 10% och uppmuntra till att ers\u00e4tta dem med inhemska v\u00e4xter.<\/td><\/tr><\/tbody><\/table><\/figure>\n\n\n\n<p>F\u00f6r att l\u00e4ra dig mer om Table of Solutions, <strong><a href=\"https:\/\/www.drawdown.org\/solutions\/table-of-solutions\">bes\u00f6ka Project Drawdowns webbplats<\/a><\/strong>.<\/p>","protected":false},"excerpt":{"rendered":"<p>Alignment of Project Drawdown Solutions and The Climate Toolkit Project Drawdown is a nonprofit that \u201cconducts rigorous reviews and assessments of climate solutions, creates compelling and human communication across mediums, and partners with efforts to accelerate climate solutions globally\u201d. Project &hellip;<\/p>\n<p class=\"read-more\"> <a class=\"\" href=\"https:\/\/climatetoolkit.org\/sv\/alignment-of-project-drawdown-solutions-and-the-climate-toolkit\/\"> <span class=\"screen-reader-text\">Anpassning av Project Drawdown Solutions och The Climate Toolkit<\/span> L\u00e4s mer \"<\/a><\/p>","protected":false},"author":2,"featured_media":0,"parent":0,"menu_order":0,"comment_status":"closed","ping_status":"closed","template":"","meta":{"_acf_changed":false,"inline_featured_image":false,"advgb_blocks_editor_width":"","advgb_blocks_columns_visual_guide":"","footnotes":""},"class_list":["post-572","page","type-page","status-publish","hentry"],"acf":[],"yoast_head":"<!-- This site is optimized with the Yoast SEO plugin v27.5 - https:\/\/yoast.com\/product\/yoast-seo-wordpress\/ -->\n<title>Alignment of Project Drawdown Solutions and The Climate Toolkit - The Climate Toolkit<\/title>\n<meta name=\"robots\" content=\"index, follow, max-snippet:-1, max-image-preview:large, max-video-preview:-1\" \/>\n<link rel=\"canonical\" href=\"https:\/\/climatetoolkit.org\/sv\/alignment-of-project-drawdown-solutions-and-the-climate-toolkit\/\" \/>\n<meta property=\"og:locale\" content=\"sv_SE\" \/>\n<meta property=\"og:type\" content=\"article\" \/>\n<meta property=\"og:title\" content=\"Alignment of Project Drawdown Solutions and The Climate Toolkit - The Climate Toolkit\" \/>\n<meta property=\"og:description\" content=\"Alignment of Project Drawdown Solutions and The Climate Toolkit Project Drawdown is a nonprofit that \u201cconducts rigorous reviews and assessments of climate solutions, creates compelling and human communication across mediums, and partners with efforts to accelerate climate solutions globally\u201d. Project &hellip; Alignment of Project Drawdown Solutions and The Climate Toolkit L\u00e4s mer &raquo;\" \/>\n<meta property=\"og:url\" content=\"https:\/\/climatetoolkit.org\/sv\/alignment-of-project-drawdown-solutions-and-the-climate-toolkit\/\" \/>\n<meta property=\"og:site_name\" content=\"The Climate Toolkit\" \/>\n<meta property=\"article:modified_time\" content=\"2021-02-11T21:40:48+00:00\" \/>\n<meta property=\"og:image\" content=\"https:\/\/climatetoolkit.org\/wp-content\/uploads\/2021\/02\/drawdown.jpg\" \/>\n<meta name=\"twitter:card\" content=\"summary_large_image\" \/>\n<meta name=\"twitter:label1\" content=\"Ber\u00e4knad l\u00e4stid\" \/>\n\t<meta name=\"twitter:data1\" content=\"2 minuter\" \/>\n<script type=\"application\/ld+json\" class=\"yoast-schema-graph\">{\"@context\":\"https:\\\/\\\/schema.org\",\"@graph\":[{\"@type\":\"WebPage\",\"@id\":\"https:\\\/\\\/climatetoolkit.org\\\/alignment-of-project-drawdown-solutions-and-the-climate-toolkit\\\/\",\"url\":\"https:\\\/\\\/climatetoolkit.org\\\/alignment-of-project-drawdown-solutions-and-the-climate-toolkit\\\/\",\"name\":\"Alignment of Project Drawdown Solutions and The Climate Toolkit - The Climate Toolkit\",\"isPartOf\":{\"@id\":\"https:\\\/\\\/climatetoolkit.org\\\/#website\"},\"primaryImageOfPage\":{\"@id\":\"https:\\\/\\\/climatetoolkit.org\\\/alignment-of-project-drawdown-solutions-and-the-climate-toolkit\\\/#primaryimage\"},\"image\":{\"@id\":\"https:\\\/\\\/climatetoolkit.org\\\/alignment-of-project-drawdown-solutions-and-the-climate-toolkit\\\/#primaryimage\"},\"thumbnailUrl\":\"https:\\\/\\\/climatetoolkit.org\\\/wp-content\\\/uploads\\\/2021\\\/02\\\/drawdown.jpg\",\"datePublished\":\"2021-02-11T16:37:14+00:00\",\"dateModified\":\"2021-02-11T21:40:48+00:00\",\"breadcrumb\":{\"@id\":\"https:\\\/\\\/climatetoolkit.org\\\/alignment-of-project-drawdown-solutions-and-the-climate-toolkit\\\/#breadcrumb\"},\"inLanguage\":\"sv-SE\",\"potentialAction\":[{\"@type\":\"ReadAction\",\"target\":[\"https:\\\/\\\/climatetoolkit.org\\\/alignment-of-project-drawdown-solutions-and-the-climate-toolkit\\\/\"]}]},{\"@type\":\"ImageObject\",\"inLanguage\":\"sv-SE\",\"@id\":\"https:\\\/\\\/climatetoolkit.org\\\/alignment-of-project-drawdown-solutions-and-the-climate-toolkit\\\/#primaryimage\",\"url\":\"https:\\\/\\\/climatetoolkit.org\\\/wp-content\\\/uploads\\\/2021\\\/02\\\/drawdown.jpg\",\"contentUrl\":\"https:\\\/\\\/climatetoolkit.org\\\/wp-content\\\/uploads\\\/2021\\\/02\\\/drawdown.jpg\"},{\"@type\":\"BreadcrumbList\",\"@id\":\"https:\\\/\\\/climatetoolkit.org\\\/alignment-of-project-drawdown-solutions-and-the-climate-toolkit\\\/#breadcrumb\",\"itemListElement\":[{\"@type\":\"ListItem\",\"position\":1,\"name\":\"Home\",\"item\":\"https:\\\/\\\/climatetoolkit.org\\\/\"},{\"@type\":\"ListItem\",\"position\":2,\"name\":\"Alignment of Project Drawdown Solutions and The Climate Toolkit\"}]},{\"@type\":\"WebSite\",\"@id\":\"https:\\\/\\\/climatetoolkit.org\\\/#website\",\"url\":\"https:\\\/\\\/climatetoolkit.org\\\/\",\"name\":\"The Climate Toolkit\",\"description\":\"For Museums, Gardens and Zoos\",\"publisher\":{\"@id\":\"https:\\\/\\\/climatetoolkit.org\\\/#organization\"},\"potentialAction\":[{\"@type\":\"SearchAction\",\"target\":{\"@type\":\"EntryPoint\",\"urlTemplate\":\"https:\\\/\\\/climatetoolkit.org\\\/?s={search_term_string}\"},\"query-input\":{\"@type\":\"PropertyValueSpecification\",\"valueRequired\":true,\"valueName\":\"search_term_string\"}}],\"inLanguage\":\"sv-SE\"},{\"@type\":\"Organization\",\"@id\":\"https:\\\/\\\/climatetoolkit.org\\\/#organization\",\"name\":\"The Climate Toolkit\",\"url\":\"https:\\\/\\\/climatetoolkit.org\\\/\",\"logo\":{\"@type\":\"ImageObject\",\"inLanguage\":\"sv-SE\",\"@id\":\"https:\\\/\\\/climatetoolkit.org\\\/#\\\/schema\\\/logo\\\/image\\\/\",\"url\":\"https:\\\/\\\/climatetoolkit.org\\\/wp-content\\\/uploads\\\/2020\\\/05\\\/C_logo.png\",\"contentUrl\":\"https:\\\/\\\/climatetoolkit.org\\\/wp-content\\\/uploads\\\/2020\\\/05\\\/C_logo.png\",\"width\":512,\"height\":512,\"caption\":\"The Climate Toolkit\"},\"image\":{\"@id\":\"https:\\\/\\\/climatetoolkit.org\\\/#\\\/schema\\\/logo\\\/image\\\/\"}}]}<\/script>\n<!-- \/ Yoast SEO plugin. -->","yoast_head_json":{"title":"Alignment of Project Drawdown Solutions and The Climate Toolkit - The Climate Toolkit","robots":{"index":"index","follow":"follow","max-snippet":"max-snippet:-1","max-image-preview":"max-image-preview:large","max-video-preview":"max-video-preview:-1"},"canonical":"https:\/\/climatetoolkit.org\/sv\/alignment-of-project-drawdown-solutions-and-the-climate-toolkit\/","og_locale":"sv_SE","og_type":"article","og_title":"Alignment of Project Drawdown Solutions and The Climate Toolkit - The Climate Toolkit","og_description":"Alignment of Project Drawdown Solutions and The Climate Toolkit Project Drawdown is a nonprofit that \u201cconducts rigorous reviews and assessments of climate solutions, creates compelling and human communication across mediums, and partners with efforts to accelerate climate solutions globally\u201d. Project &hellip; Alignment of Project Drawdown Solutions and The Climate Toolkit L\u00e4s mer &raquo;","og_url":"https:\/\/climatetoolkit.org\/sv\/alignment-of-project-drawdown-solutions-and-the-climate-toolkit\/","og_site_name":"The Climate Toolkit","article_modified_time":"2021-02-11T21:40:48+00:00","og_image":[{"url":"https:\/\/climatetoolkit.org\/wp-content\/uploads\/2021\/02\/drawdown.jpg","type":"","width":"","height":""}],"twitter_card":"summary_large_image","twitter_misc":{"Ber\u00e4knad l\u00e4stid":"2 minuter"},"schema":{"@context":"https:\/\/schema.org","@graph":[{"@type":"WebPage","@id":"https:\/\/climatetoolkit.org\/alignment-of-project-drawdown-solutions-and-the-climate-toolkit\/","url":"https:\/\/climatetoolkit.org\/alignment-of-project-drawdown-solutions-and-the-climate-toolkit\/","name":"Alignment of Project Drawdown Solutions and The Climate Toolkit - The Climate Toolkit","isPartOf":{"@id":"https:\/\/climatetoolkit.org\/#website"},"primaryImageOfPage":{"@id":"https:\/\/climatetoolkit.org\/alignment-of-project-drawdown-solutions-and-the-climate-toolkit\/#primaryimage"},"image":{"@id":"https:\/\/climatetoolkit.org\/alignment-of-project-drawdown-solutions-and-the-climate-toolkit\/#primaryimage"},"thumbnailUrl":"https:\/\/climatetoolkit.org\/wp-content\/uploads\/2021\/02\/drawdown.jpg","datePublished":"2021-02-11T16:37:14+00:00","dateModified":"2021-02-11T21:40:48+00:00","breadcrumb":{"@id":"https:\/\/climatetoolkit.org\/alignment-of-project-drawdown-solutions-and-the-climate-toolkit\/#breadcrumb"},"inLanguage":"sv-SE","potentialAction":[{"@type":"ReadAction","target":["https:\/\/climatetoolkit.org\/alignment-of-project-drawdown-solutions-and-the-climate-toolkit\/"]}]},{"@type":"ImageObject","inLanguage":"sv-SE","@id":"https:\/\/climatetoolkit.org\/alignment-of-project-drawdown-solutions-and-the-climate-toolkit\/#primaryimage","url":"https:\/\/climatetoolkit.org\/wp-content\/uploads\/2021\/02\/drawdown.jpg","contentUrl":"https:\/\/climatetoolkit.org\/wp-content\/uploads\/2021\/02\/drawdown.jpg"},{"@type":"BreadcrumbList","@id":"https:\/\/climatetoolkit.org\/alignment-of-project-drawdown-solutions-and-the-climate-toolkit\/#breadcrumb","itemListElement":[{"@type":"ListItem","position":1,"name":"Home","item":"https:\/\/climatetoolkit.org\/"},{"@type":"ListItem","position":2,"name":"Alignment of Project Drawdown Solutions and The Climate Toolkit"}]},{"@type":"WebSite","@id":"https:\/\/climatetoolkit.org\/#website","url":"https:\/\/climatetoolkit.org\/","name":"Verktygsl\u00e5da f\u00f6r klimat","description":"F\u00f6r museer, tr\u00e4dg\u00e5rdar och djurparker","publisher":{"@id":"https:\/\/climatetoolkit.org\/#organization"},"potentialAction":[{"@type":"SearchAction","target":{"@type":"EntryPoint","urlTemplate":"https:\/\/climatetoolkit.org\/?s={search_term_string}"},"query-input":{"@type":"PropertyValueSpecification","valueRequired":true,"valueName":"search_term_string"}}],"inLanguage":"sv-SE"},{"@type":"Organization","@id":"https:\/\/climatetoolkit.org\/#organization","name":"Verktygsl\u00e5da f\u00f6r klimat","url":"https:\/\/climatetoolkit.org\/","logo":{"@type":"ImageObject","inLanguage":"sv-SE","@id":"https:\/\/climatetoolkit.org\/#\/schema\/logo\/image\/","url":"https:\/\/climatetoolkit.org\/wp-content\/uploads\/2020\/05\/C_logo.png","contentUrl":"https:\/\/climatetoolkit.org\/wp-content\/uploads\/2020\/05\/C_logo.png","width":512,"height":512,"caption":"The Climate Toolkit"},"image":{"@id":"https:\/\/climatetoolkit.org\/#\/schema\/logo\/image\/"}}]}},"coauthors":[],"author_meta":{"author_link":"https:\/\/climatetoolkit.org\/sv\/author\/joe\/","display_name":"joe reed"},"relative_dates":{"created":"Publicerad 5 \u00e5r sedan","modified":"Uppdaterad 5 \u00e5r sedan"},"absolute_dates":{"created":"Publicerat den februari 11, 2021","modified":"Uppdaterad den februari 11, 2021"},"absolute_dates_time":{"created":"Publicerat den februari 11, 2021 11:37 f m","modified":"Uppdaterad den februari 11, 2021 4:40 e m"},"featured_img_caption":"","featured_img":false,"series_order":"","_links":{"self":[{"href":"https:\/\/climatetoolkit.org\/sv\/wp-json\/wp\/v2\/pages\/572","targetHints":{"allow":["GET"]}}],"collection":[{"href":"https:\/\/climatetoolkit.org\/sv\/wp-json\/wp\/v2\/pages"}],"about":[{"href":"https:\/\/climatetoolkit.org\/sv\/wp-json\/wp\/v2\/types\/page"}],"author":[{"embeddable":true,"href":"https:\/\/climatetoolkit.org\/sv\/wp-json\/wp\/v2\/users\/2"}],"replies":[{"embeddable":true,"href":"https:\/\/climatetoolkit.org\/sv\/wp-json\/wp\/v2\/comments?post=572"}],"version-history":[{"count":0,"href":"https:\/\/climatetoolkit.org\/sv\/wp-json\/wp\/v2\/pages\/572\/revisions"}],"wp:attachment":[{"href":"https:\/\/climatetoolkit.org\/sv\/wp-json\/wp\/v2\/media?parent=572"}],"curies":[{"name":"wp","href":"https:\/\/api.w.org\/{rel}","templated":true}]}}