{"id":564,"date":"2021-02-11T11:08:06","date_gmt":"2021-02-11T16:08:06","guid":{"rendered":"https:\/\/climatetoolkit.org\/?page_id=564"},"modified":"2021-08-17T17:01:46","modified_gmt":"2021-08-17T21:01:46","slug":"alignment-of-u-n-sustainable-development-goals-and-the-climate-toolkit","status":"publish","type":"page","link":"https:\/\/climatetoolkit.org\/sv\/alignment-of-u-n-sustainable-development-goals-and-the-climate-toolkit\/","title":{"rendered":"Anpassning av FN:s m\u00e5l f\u00f6r h\u00e5llbar utveckling och The Climate Toolkit"},"content":{"rendered":"<h1 class=\"wp-block-heading\">Anpassning av FN:s m\u00e5l f\u00f6r h\u00e5llbar utveckling och The Climate Toolkit<\/h1>\n\n\n\n<div class=\"wp-block-image\"><figure class=\"aligncenter size-large is-resized\"><img decoding=\"async\" src=\"https:\/\/climatetoolkit.org\/wp-content\/uploads\/2021\/02\/800px-Sustainable_Development_Goals_logo.svg.png\" alt=\"\" class=\"wp-image-520\" width=\"400\" height=\"320\" srcset=\"https:\/\/climatetoolkit.org\/wp-content\/uploads\/2021\/02\/800px-Sustainable_Development_Goals_logo.svg.png 800w, https:\/\/climatetoolkit.org\/wp-content\/uploads\/2021\/02\/800px-Sustainable_Development_Goals_logo.svg-300x240.png 300w, https:\/\/climatetoolkit.org\/wp-content\/uploads\/2021\/02\/800px-Sustainable_Development_Goals_logo.svg-768x614.png 768w, https:\/\/climatetoolkit.org\/wp-content\/uploads\/2021\/02\/800px-Sustainable_Development_Goals_logo.svg-100x80.png 100w, https:\/\/climatetoolkit.org\/wp-content\/uploads\/2021\/02\/800px-Sustainable_Development_Goals_logo.svg-150x120.png 150w, https:\/\/climatetoolkit.org\/wp-content\/uploads\/2021\/02\/800px-Sustainable_Development_Goals_logo.svg-200x160.png 200w, https:\/\/climatetoolkit.org\/wp-content\/uploads\/2021\/02\/800px-Sustainable_Development_Goals_logo.svg-450x360.png 450w, https:\/\/climatetoolkit.org\/wp-content\/uploads\/2021\/02\/800px-Sustainable_Development_Goals_logo.svg-600x480.png 600w\" sizes=\"(max-width: 400px) 100vw, 400px\" \/><\/figure><\/div>\n\n\n\n<p>F\u00f6renta nationerna skapade den 17 <strong><a href=\"https:\/\/sdgs.un.org\/goals\">M\u00e5len f\u00f6r h\u00e5llbar utveckling (SDG)<\/a> <\/strong>\"att ta fram en upps\u00e4ttning universella m\u00e5l som m\u00f6ter de br\u00e5dskande milj\u00f6m\u00e4ssiga, politiska och ekonomiska utmaningar som v\u00e5r v\u00e4rld st\u00e5r inf\u00f6r.\"  Varje m\u00e5l inkluderar mindre m\u00e5l f\u00f6r att bredda omfattningen av varje m\u00e5l. De globala m\u00e5len bygger vidare p\u00e5 millenniem\u00e5len som skapade standarder f\u00f6r att bek\u00e4mpa fattigdom, hunger, HIV\/AIDS och andra behandlingsbara sjukdomar samt f\u00f6r att ge alla barn tillg\u00e5ng till grundskoleutbildning. Klimatf\u00f6r\u00e4ndringarna har stor inverkan p\u00e5 folkh\u00e4lsan, livsmedels- och vattenf\u00f6rs\u00f6rjningen, migrationen, freden och s\u00e4kerheten, s\u00e5 alla insatser som syftar till att minska den h\u00e5llbara utvecklingen kan i h\u00f6g grad bidra till klimatf\u00f6r\u00e4ndringarna. B\u00e5de Sustainable Developmental Goals och The Climate Toolkit fokuserar p\u00e5 att aggressivt ta itu med klimatf\u00f6r\u00e4ndringarna.<\/p>\n\n\n\n<p>De Climate Toolkit-m\u00e5l som \u00f6verensst\u00e4mmer med SDG:erna \u00e4r sammankopplade nedan.<\/p>\n\n\n\n<figure class=\"wp-block-table is-style-regular; vertical-align: top !important;\"><table class=\"has-subtle-pale-blue-background-color has-fixed-layout has-background\"><thead><tr><th><h2>M\u00e5len f\u00f6r h\u00e5llbar utveckling<\/h2><\/th><th><h2>M\u00e5l f\u00f6r klimatverktygsl\u00e5dan<\/h2><\/th><\/tr><\/thead><tbody><tr><td><strong>2. Noll hunger<\/strong><\/td><td><strong>Matservice<\/strong><\/td><\/tr><tr><td style=\"padding-left: 2em !important;\">2.4 S\u00e4kerst\u00e4lla h\u00e5llbara system f\u00f6r livsmedelsproduktion och inf\u00f6ra motst\u00e5ndskraftiga jordbruksmetoder som \u00f6kar produktiviteten och produktionen och som bidrar till att bevara ekosystemen.<\/td><td style=\"padding-left: 2em !important;\">S\u00e4kerst\u00e4lla att 50% av de bek\u00e4mpningsmedel och g\u00f6dningsmedel som anv\u00e4nds \u00e4r fossilfria.<br><br>G\u00f6r 10% av alla livsmedelsink\u00f6p inom 100 mils radie fr\u00e5n anl\u00e4ggningen.<\/td><\/tr><tr><td><strong>6. Rent vatten och sanitet<\/strong><\/td><td><strong><strong>Vatten<\/strong><\/strong><\/td><\/tr><tr><td style=\"padding-left: 2em !important;\">6.5 Senast 2030 genomf\u00f6ra integrerad f\u00f6rvaltning av vattenresurser p\u00e5 alla niv\u00e5er, inklusive genom gr\u00e4ns\u00f6verskridande samarbete n\u00e4r s\u00e5 \u00e4r l\u00e4mpligt.<\/td><td style=\"padding-left: 2em !important;\">Minska anv\u00e4ndningen av kommunalt vatten med minst 25%<br><br>Minska m\u00e4ngden dricksvatten f\u00f6r bevattning med minst 25%<\/td><\/tr><tr><td><strong>7. Prisv\u00e4rd och ren energi<\/strong><\/td><td><strong>Energi<\/strong><\/td><\/tr><tr><td style=\"padding-left: 2em !important;\"><strong>7.2&nbsp;<\/strong>Till 2030 kraftigt \u00f6ka andelen f\u00f6rnybar energi i den globala energimixen.<\/td><td style=\"padding-left: 2em !important;\">Producera eller k\u00f6pa 100% f\u00f6rnybar el.<br><br>Bygga alla nya byggnader som nollenergibyggnader eller Living Buildings.<\/td><\/tr><tr><td><strong>9. Industri, innovation och infrastruktur<\/strong><\/td><td><strong>Avfall, forskning<\/strong><\/td><\/tr><tr><td style=\"padding-left: 2em !important;\">9.4 Uppgradera infrastruktur och modernisera industrier f\u00f6r att g\u00f6ra dem h\u00e5llbara, med \u00f6kad resursanv\u00e4ndningseffektivitet och st\u00f6rre anv\u00e4ndning av ren och milj\u00f6v\u00e4nlig teknik och industriella processer.<\/td><td style=\"padding-left: 2em !important;\">S\u00e4kerst\u00e4ll att alla nya byggnader eller renoveringar minskar och hanterar avfall p\u00e5 ett ansvarsfullt s\u00e4tt.<\/td><\/tr><tr><td style=\"padding-left: 2em !important;\">9.5 F\u00f6rb\u00e4ttra den vetenskapliga forskningen och uppgradera den tekniska kapaciteten inom industrisektorerna i alla l\u00e4nder.<\/td><td style=\"padding-left: 2em !important;\">Genomf\u00f6ra regionspecifik forskning relaterad till klimatf\u00f6r\u00e4ndringar.<\/td><\/tr><tr><td><strong>11. H\u00e5llbara st\u00e4der och samh\u00e4llen<\/strong><\/td><td><strong>Transport<\/strong><\/td><\/tr><tr><td style=\"padding-left: 2em !important;\">11.2 Senast 2030 ge alla tillg\u00e5ng till s\u00e4kra, ekonomiskt \u00f6verkomliga, tillg\u00e4ngliga och h\u00e5llbara transportsystem.<\/td><td style=\"padding-left: 2em !important;\">Incitament f\u00f6r anst\u00e4llda att sam\u00e5ka, cykla, \u00e5ka buss eller p\u00e5 annat s\u00e4tt avst\u00e5 fr\u00e5n ensam\u00e5kande med bil.<br><br>Uppmuntra bes\u00f6kare till h\u00e5llbart resande.<\/td><\/tr><tr><td style=\"padding-left: 2em !important;\">11.7 Senast 2030 ge alla tillg\u00e5ng till s\u00e4kra, inkluderande och tillg\u00e4ngliga gr\u00f6nomr\u00e5den och offentliga platser.<\/td><td style=\"padding-left: 2em !important;\">Omvandla parkeringsplatser till gr\u00f6nomr\u00e5den f\u00f6r att bek\u00e4mpa den stigande temperaturen i st\u00e4derna.<\/td><\/tr><tr><td><strong>12. Ansvarsfull konsumtion och produktion<\/strong><\/td><td><strong>Avfall, investeringar<\/strong><\/td><\/tr><tr><td style=\"padding-left: 2em !important;\">12.3 Senast 2030 halvera det globala matsvinnet per capita i detaljhandels- och konsumentledet och minska livsmedelsf\u00f6rlusterna l\u00e4ngs produktions- och leveranskedjorna, inklusive f\u00f6rluster efter sk\u00f6rd.<\/td><td style=\"padding-left: 2em !important;\">Kompostera 100% av allt matavfall.<\/td><\/tr><tr><td style=\"padding-left: 2em !important;\">12.5 V\u00e4sentligt minska avfallsproduktionen genom f\u00f6rebyggande, minskning, \u00e5tervinning och \u00e5teranv\u00e4ndning.<\/td><td style=\"padding-left: 2em !important;\">\u00c5tervinn eller \u00e5teranv\u00e4nd alla \u00e5tervinningsbara material, inklusive metaller, glas och plast, i hela vintertr\u00e4dg\u00e5rden.<br><br>Eliminera all plast f\u00f6r eng\u00e5ngsbruk i matservering, tr\u00e4dg\u00e5rdsodling, presentbutik och alla andra anl\u00e4ggningar och verksamheter.<br><br>Avskaffa f\u00f6rs\u00e4ljning och anv\u00e4ndning av vatten p\u00e5 flaska.<\/td><\/tr><tr><td style=\"padding-left: 2em !important;\">12.c Rationalisera ineffektiva subventioner av fossila br\u00e4nslen.<\/td><td style=\"padding-left: 2em !important;\">Avyttra investeringar i fossila br\u00e4nslen.<br><br>Investera i socialt ansvarsfulla investeringar.<\/td><\/tr><tr><td><strong>13. Klimat\u00e5tg\u00e4rder<\/strong><\/td><td><strong>Energi, Bes\u00f6kare<\/strong><\/td><\/tr><tr><td style=\"padding-left: 2em !important;\">13.2 Integrera klimatf\u00f6r\u00e4ndringar<br>\u00e5tg\u00e4rder i nationell politik, strategier och planering.<\/td><td style=\"padding-left: 2em !important;\">Uppfylla klimatavtalet fr\u00e5n Paris ELLER minska minskningen av fossila br\u00e4nslen med 25%<\/td><\/tr><tr><td style=\"padding-left: 2em !important;\">13.3 F\u00f6rb\u00e4ttra utbildning, medvetandeh\u00f6jande \u00e5tg\u00e4rder och m\u00e4nsklig och institutionell kapacitet n\u00e4r det g\u00e4ller begr\u00e4nsning av klimatf\u00f6r\u00e4ndringar, anpassning, minskning av effekterna och tidig varning.<\/td><td style=\"padding-left: 2em !important;\">L\u00e4r ut b\u00e4sta praxis f\u00f6r att mildra och minska den globala klimatf\u00f6r\u00e4ndringen.<br><br>Hj\u00e4lpa bes\u00f6kare att byta till f\u00f6rnybar energi i hush\u00e5llet.<br><br>Utbilda bes\u00f6kare om h\u00e5llbar, fossilfri tr\u00e4dg\u00e5rdsodling.<br><br>Utbilda bes\u00f6kare om odling av ekologisk mat.<br><br>Utbilda bes\u00f6kare om effekterna av livsmedelsval och avfall.<\/td><\/tr><tr><td><strong>15. Livet p\u00e5 land<\/strong><\/td><td><strong>Landskap och tr\u00e4dg\u00e5rdsodling<\/strong><\/td><\/tr><tr><td style=\"padding-left: 2em !important;\">15.9 Senast 2020 integrera v\u00e4rden f\u00f6r ekosystem och biologisk m\u00e5ngfald i nationell och lokal planering, utvecklingsprocesser, strategier f\u00f6r fattigdomsbek\u00e4mpning och r\u00e4kenskaper.<\/td><td style=\"padding-left: 2em !important;\">St\u00f6dja skogsplantering f\u00f6r att binda koldioxid<\/td><\/tr><tr><td><strong>17. Partnerskap f\u00f6r m\u00e5len<\/strong><\/td><td><strong>Investeringar<\/strong><\/td><\/tr><tr><td style=\"padding-left: 2em !important;\"> 17.16 F\u00f6rst\u00e4rka det globala partnerskapet f\u00f6r h\u00e5llbar utveckling, kompletterat med flerpartspartnerskap som mobiliserar och delar med sig av kunskap, expertis, teknik och finansiella resurser, f\u00f6r att st\u00f6dja uppn\u00e5endet av m\u00e5len f\u00f6r h\u00e5llbar utveckling i alla l\u00e4nder, s\u00e4rskilt utvecklingsl\u00e4nderna. <br><br> 17.17 Uppmuntra och fr\u00e4mja effektiva offentliga, offentlig-privata och civilsamh\u00e4lleliga partnerskap, genom att bygga vidare p\u00e5 partnerskapens erfarenheter och strategier f\u00f6r resursf\u00f6rdelning.<\/td><td style=\"padding-left: 2em !important;\"> Avyttra investeringar i fossila br\u00e4nslen. <br><br>Investera i socialt ansvarsfulla investeringar. <\/td><\/tr><\/tbody><\/table><\/figure>\n\n\n\n<p>F\u00f6r att l\u00e4ra dig mer om m\u00e5len f\u00f6r h\u00e5llbar utveckling, <strong><a href=\"https:\/\/sdgs.un.org\/goals\">bes\u00f6k FN:s webbplats<\/a><\/strong>.<\/p>","protected":false},"excerpt":{"rendered":"<p>Anpassning av FN:s m\u00e5l f\u00f6r h\u00e5llbar utveckling och klimatverktygsl\u00e5dan FN skapade de 17 m\u00e5len f\u00f6r h\u00e5llbar utveckling (SDG) \"f\u00f6r att ta fram en upps\u00e4ttning universella m\u00e5l som m\u00f6ter de br\u00e5dskande milj\u00f6m\u00e4ssiga, politiska och ekonomiska utmaningar som v\u00e5r v\u00e4rld st\u00e5r inf\u00f6r\".  Varje ...<\/p>\n<p class=\"read-more\"> <a class=\"\" href=\"https:\/\/climatetoolkit.org\/sv\/alignment-of-u-n-sustainable-development-goals-and-the-climate-toolkit\/\"> <span class=\"screen-reader-text\">Anpassning av FN:s m\u00e5l f\u00f6r h\u00e5llbar utveckling och The Climate Toolkit<\/span> L\u00e4s mer \"<\/a><\/p>","protected":false},"author":2,"featured_media":0,"parent":0,"menu_order":0,"comment_status":"closed","ping_status":"closed","template":"","meta":{"_acf_changed":false,"inline_featured_image":false,"advgb_blocks_editor_width":"","advgb_blocks_columns_visual_guide":"","footnotes":""},"class_list":["post-564","page","type-page","status-publish","hentry"],"acf":[],"yoast_head":"<!-- This site is optimized with the Yoast SEO plugin v27.3 - https:\/\/yoast.com\/product\/yoast-seo-wordpress\/ -->\n<title>Alignment of U.N. Sustainable Development Goals and The Climate Toolkit - The Climate Toolkit<\/title>\n<meta name=\"robots\" content=\"index, follow, max-snippet:-1, max-image-preview:large, max-video-preview:-1\" \/>\n<link rel=\"canonical\" href=\"https:\/\/climatetoolkit.org\/sv\/alignment-of-u-n-sustainable-development-goals-and-the-climate-toolkit\/\" \/>\n<meta property=\"og:locale\" content=\"sv_SE\" \/>\n<meta property=\"og:type\" content=\"article\" \/>\n<meta property=\"og:title\" content=\"Alignment of U.N. Sustainable Development Goals and The Climate Toolkit - The Climate Toolkit\" \/>\n<meta property=\"og:description\" content=\"Alignment of U.N. Sustainable Development Goals and The Climate Toolkit The United Nations created the 17 Sustainable Developmental Goals (SDGs) \u201cto produce a set of universal goals that meet the urgent environmental, political and economic challenges facing our world.\u201d &nbsp;Each &hellip; Alignment of U.N. Sustainable Development Goals and The Climate Toolkit L\u00e4s mer &raquo;\" \/>\n<meta property=\"og:url\" content=\"https:\/\/climatetoolkit.org\/sv\/alignment-of-u-n-sustainable-development-goals-and-the-climate-toolkit\/\" \/>\n<meta property=\"og:site_name\" content=\"The Climate Toolkit\" \/>\n<meta property=\"article:modified_time\" content=\"2021-08-17T21:01:46+00:00\" \/>\n<meta property=\"og:image\" content=\"https:\/\/climatetoolkit.org\/wp-content\/uploads\/2021\/02\/800px-Sustainable_Development_Goals_logo.svg.png\" \/>\n<meta name=\"twitter:card\" content=\"summary_large_image\" \/>\n<meta name=\"twitter:label1\" content=\"Ber\u00e4knad l\u00e4stid\" \/>\n\t<meta name=\"twitter:data1\" content=\"4 minuter\" \/>\n<script type=\"application\/ld+json\" class=\"yoast-schema-graph\">{\"@context\":\"https:\\\/\\\/schema.org\",\"@graph\":[{\"@type\":\"WebPage\",\"@id\":\"https:\\\/\\\/climatetoolkit.org\\\/alignment-of-u-n-sustainable-development-goals-and-the-climate-toolkit\\\/\",\"url\":\"https:\\\/\\\/climatetoolkit.org\\\/alignment-of-u-n-sustainable-development-goals-and-the-climate-toolkit\\\/\",\"name\":\"Alignment of U.N. Sustainable Development Goals and The Climate Toolkit - The Climate Toolkit\",\"isPartOf\":{\"@id\":\"https:\\\/\\\/climatetoolkit.org\\\/#website\"},\"primaryImageOfPage\":{\"@id\":\"https:\\\/\\\/climatetoolkit.org\\\/alignment-of-u-n-sustainable-development-goals-and-the-climate-toolkit\\\/#primaryimage\"},\"image\":{\"@id\":\"https:\\\/\\\/climatetoolkit.org\\\/alignment-of-u-n-sustainable-development-goals-and-the-climate-toolkit\\\/#primaryimage\"},\"thumbnailUrl\":\"https:\\\/\\\/climatetoolkit.org\\\/wp-content\\\/uploads\\\/2021\\\/02\\\/800px-Sustainable_Development_Goals_logo.svg.png\",\"datePublished\":\"2021-02-11T16:08:06+00:00\",\"dateModified\":\"2021-08-17T21:01:46+00:00\",\"breadcrumb\":{\"@id\":\"https:\\\/\\\/climatetoolkit.org\\\/alignment-of-u-n-sustainable-development-goals-and-the-climate-toolkit\\\/#breadcrumb\"},\"inLanguage\":\"sv-SE\",\"potentialAction\":[{\"@type\":\"ReadAction\",\"target\":[\"https:\\\/\\\/climatetoolkit.org\\\/alignment-of-u-n-sustainable-development-goals-and-the-climate-toolkit\\\/\"]}]},{\"@type\":\"ImageObject\",\"inLanguage\":\"sv-SE\",\"@id\":\"https:\\\/\\\/climatetoolkit.org\\\/alignment-of-u-n-sustainable-development-goals-and-the-climate-toolkit\\\/#primaryimage\",\"url\":\"https:\\\/\\\/climatetoolkit.org\\\/wp-content\\\/uploads\\\/2021\\\/02\\\/800px-Sustainable_Development_Goals_logo.svg.png\",\"contentUrl\":\"https:\\\/\\\/climatetoolkit.org\\\/wp-content\\\/uploads\\\/2021\\\/02\\\/800px-Sustainable_Development_Goals_logo.svg.png\"},{\"@type\":\"BreadcrumbList\",\"@id\":\"https:\\\/\\\/climatetoolkit.org\\\/alignment-of-u-n-sustainable-development-goals-and-the-climate-toolkit\\\/#breadcrumb\",\"itemListElement\":[{\"@type\":\"ListItem\",\"position\":1,\"name\":\"Home\",\"item\":\"https:\\\/\\\/climatetoolkit.org\\\/\"},{\"@type\":\"ListItem\",\"position\":2,\"name\":\"Alignment of U.N. Sustainable Development Goals and The Climate Toolkit\"}]},{\"@type\":\"WebSite\",\"@id\":\"https:\\\/\\\/climatetoolkit.org\\\/#website\",\"url\":\"https:\\\/\\\/climatetoolkit.org\\\/\",\"name\":\"The Climate Toolkit\",\"description\":\"For Museums, Gardens and Zoos\",\"publisher\":{\"@id\":\"https:\\\/\\\/climatetoolkit.org\\\/#organization\"},\"potentialAction\":[{\"@type\":\"SearchAction\",\"target\":{\"@type\":\"EntryPoint\",\"urlTemplate\":\"https:\\\/\\\/climatetoolkit.org\\\/?s={search_term_string}\"},\"query-input\":{\"@type\":\"PropertyValueSpecification\",\"valueRequired\":true,\"valueName\":\"search_term_string\"}}],\"inLanguage\":\"sv-SE\"},{\"@type\":\"Organization\",\"@id\":\"https:\\\/\\\/climatetoolkit.org\\\/#organization\",\"name\":\"The Climate Toolkit\",\"url\":\"https:\\\/\\\/climatetoolkit.org\\\/\",\"logo\":{\"@type\":\"ImageObject\",\"inLanguage\":\"sv-SE\",\"@id\":\"https:\\\/\\\/climatetoolkit.org\\\/#\\\/schema\\\/logo\\\/image\\\/\",\"url\":\"https:\\\/\\\/climatetoolkit.org\\\/wp-content\\\/uploads\\\/2020\\\/05\\\/C_logo.png\",\"contentUrl\":\"https:\\\/\\\/climatetoolkit.org\\\/wp-content\\\/uploads\\\/2020\\\/05\\\/C_logo.png\",\"width\":512,\"height\":512,\"caption\":\"The Climate Toolkit\"},\"image\":{\"@id\":\"https:\\\/\\\/climatetoolkit.org\\\/#\\\/schema\\\/logo\\\/image\\\/\"}}]}<\/script>\n<!-- \/ Yoast SEO plugin. -->","yoast_head_json":{"title":"Anpassning av FN:s m\u00e5l f\u00f6r h\u00e5llbar utveckling och The Climate Toolkit - The Climate Toolkit","robots":{"index":"index","follow":"follow","max-snippet":"max-snippet:-1","max-image-preview":"max-image-preview:large","max-video-preview":"max-video-preview:-1"},"canonical":"https:\/\/climatetoolkit.org\/sv\/alignment-of-u-n-sustainable-development-goals-and-the-climate-toolkit\/","og_locale":"sv_SE","og_type":"article","og_title":"Alignment of U.N. Sustainable Development Goals and The Climate Toolkit - The Climate Toolkit","og_description":"Alignment of U.N. Sustainable Development Goals and The Climate Toolkit The United Nations created the 17 Sustainable Developmental Goals (SDGs) \u201cto produce a set of universal goals that meet the urgent environmental, political and economic challenges facing our world.\u201d &nbsp;Each &hellip; Alignment of U.N. Sustainable Development Goals and The Climate Toolkit L\u00e4s mer &raquo;","og_url":"https:\/\/climatetoolkit.org\/sv\/alignment-of-u-n-sustainable-development-goals-and-the-climate-toolkit\/","og_site_name":"The Climate Toolkit","article_modified_time":"2021-08-17T21:01:46+00:00","og_image":[{"url":"https:\/\/climatetoolkit.org\/wp-content\/uploads\/2021\/02\/800px-Sustainable_Development_Goals_logo.svg.png","type":"","width":"","height":""}],"twitter_card":"summary_large_image","twitter_misc":{"Ber\u00e4knad l\u00e4stid":"4 minuter"},"schema":{"@context":"https:\/\/schema.org","@graph":[{"@type":"WebPage","@id":"https:\/\/climatetoolkit.org\/alignment-of-u-n-sustainable-development-goals-and-the-climate-toolkit\/","url":"https:\/\/climatetoolkit.org\/alignment-of-u-n-sustainable-development-goals-and-the-climate-toolkit\/","name":"Anpassning av FN:s m\u00e5l f\u00f6r h\u00e5llbar utveckling och The Climate Toolkit - The Climate Toolkit","isPartOf":{"@id":"https:\/\/climatetoolkit.org\/#website"},"primaryImageOfPage":{"@id":"https:\/\/climatetoolkit.org\/alignment-of-u-n-sustainable-development-goals-and-the-climate-toolkit\/#primaryimage"},"image":{"@id":"https:\/\/climatetoolkit.org\/alignment-of-u-n-sustainable-development-goals-and-the-climate-toolkit\/#primaryimage"},"thumbnailUrl":"https:\/\/climatetoolkit.org\/wp-content\/uploads\/2021\/02\/800px-Sustainable_Development_Goals_logo.svg.png","datePublished":"2021-02-11T16:08:06+00:00","dateModified":"2021-08-17T21:01:46+00:00","breadcrumb":{"@id":"https:\/\/climatetoolkit.org\/alignment-of-u-n-sustainable-development-goals-and-the-climate-toolkit\/#breadcrumb"},"inLanguage":"sv-SE","potentialAction":[{"@type":"ReadAction","target":["https:\/\/climatetoolkit.org\/alignment-of-u-n-sustainable-development-goals-and-the-climate-toolkit\/"]}]},{"@type":"ImageObject","inLanguage":"sv-SE","@id":"https:\/\/climatetoolkit.org\/alignment-of-u-n-sustainable-development-goals-and-the-climate-toolkit\/#primaryimage","url":"https:\/\/climatetoolkit.org\/wp-content\/uploads\/2021\/02\/800px-Sustainable_Development_Goals_logo.svg.png","contentUrl":"https:\/\/climatetoolkit.org\/wp-content\/uploads\/2021\/02\/800px-Sustainable_Development_Goals_logo.svg.png"},{"@type":"BreadcrumbList","@id":"https:\/\/climatetoolkit.org\/alignment-of-u-n-sustainable-development-goals-and-the-climate-toolkit\/#breadcrumb","itemListElement":[{"@type":"ListItem","position":1,"name":"Home","item":"https:\/\/climatetoolkit.org\/"},{"@type":"ListItem","position":2,"name":"Alignment of U.N. Sustainable Development Goals and The Climate Toolkit"}]},{"@type":"WebSite","@id":"https:\/\/climatetoolkit.org\/#website","url":"https:\/\/climatetoolkit.org\/","name":"Verktygsl\u00e5da f\u00f6r klimat","description":"F\u00f6r museer, tr\u00e4dg\u00e5rdar och djurparker","publisher":{"@id":"https:\/\/climatetoolkit.org\/#organization"},"potentialAction":[{"@type":"SearchAction","target":{"@type":"EntryPoint","urlTemplate":"https:\/\/climatetoolkit.org\/?s={search_term_string}"},"query-input":{"@type":"PropertyValueSpecification","valueRequired":true,"valueName":"search_term_string"}}],"inLanguage":"sv-SE"},{"@type":"Organization","@id":"https:\/\/climatetoolkit.org\/#organization","name":"Verktygsl\u00e5da f\u00f6r klimat","url":"https:\/\/climatetoolkit.org\/","logo":{"@type":"ImageObject","inLanguage":"sv-SE","@id":"https:\/\/climatetoolkit.org\/#\/schema\/logo\/image\/","url":"https:\/\/climatetoolkit.org\/wp-content\/uploads\/2020\/05\/C_logo.png","contentUrl":"https:\/\/climatetoolkit.org\/wp-content\/uploads\/2020\/05\/C_logo.png","width":512,"height":512,"caption":"The Climate Toolkit"},"image":{"@id":"https:\/\/climatetoolkit.org\/#\/schema\/logo\/image\/"}}]}},"coauthors":[],"author_meta":{"author_link":"https:\/\/climatetoolkit.org\/sv\/author\/joe\/","display_name":"joe reed"},"relative_dates":{"created":"Publicerad 5 \u00e5r sedan","modified":"Uppdaterad 5 \u00e5r sedan"},"absolute_dates":{"created":"Publicerat den februari 11, 2021","modified":"Uppdaterad den augusti 17, 2021"},"absolute_dates_time":{"created":"Publicerat den februari 11, 2021 11:08 f m","modified":"Uppdaterad den augusti 17, 2021 5:01 e m"},"featured_img_caption":"","featured_img":false,"series_order":"","_links":{"self":[{"href":"https:\/\/climatetoolkit.org\/sv\/wp-json\/wp\/v2\/pages\/564","targetHints":{"allow":["GET"]}}],"collection":[{"href":"https:\/\/climatetoolkit.org\/sv\/wp-json\/wp\/v2\/pages"}],"about":[{"href":"https:\/\/climatetoolkit.org\/sv\/wp-json\/wp\/v2\/types\/page"}],"author":[{"embeddable":true,"href":"https:\/\/climatetoolkit.org\/sv\/wp-json\/wp\/v2\/users\/2"}],"replies":[{"embeddable":true,"href":"https:\/\/climatetoolkit.org\/sv\/wp-json\/wp\/v2\/comments?post=564"}],"version-history":[{"count":0,"href":"https:\/\/climatetoolkit.org\/sv\/wp-json\/wp\/v2\/pages\/564\/revisions"}],"wp:attachment":[{"href":"https:\/\/climatetoolkit.org\/sv\/wp-json\/wp\/v2\/media?parent=564"}],"curies":[{"name":"wp","href":"https:\/\/api.w.org\/{rel}","templated":true}]}}