{"id":4604,"date":"2025-08-01T14:19:22","date_gmt":"2025-08-01T18:19:22","guid":{"rendered":"https:\/\/climatetoolkit.org\/?page_id=4604"},"modified":"2025-08-05T09:57:34","modified_gmt":"2025-08-05T13:57:34","slug":"symposium-hotel","status":"publish","type":"page","link":"https:\/\/climatetoolkit.org\/sv\/symposium-hotel\/","title":{"rendered":"Symposium Hotell"},"content":{"rendered":"<h2 class=\"wp-block-heading\">Hotellalternativ f\u00f6r symposiet<\/h2>\n\n\n\n<figure class=\"wp-block-image size-large is-resized\"><img decoding=\"async\" width=\"1024\" height=\"256\" src=\"https:\/\/climatetoolkit.org\/wp-content\/uploads\/2025\/08\/Untitled-design-15-1024x256.png\" alt=\"\" class=\"wp-image-4625\" style=\"width:778px;height:auto\" srcset=\"https:\/\/climatetoolkit.org\/wp-content\/uploads\/2025\/08\/Untitled-design-15-1024x256.png 1024w, https:\/\/climatetoolkit.org\/wp-content\/uploads\/2025\/08\/Untitled-design-15-300x75.png 300w, https:\/\/climatetoolkit.org\/wp-content\/uploads\/2025\/08\/Untitled-design-15-768x192.png 768w, https:\/\/climatetoolkit.org\/wp-content\/uploads\/2025\/08\/Untitled-design-15-1536x384.png 1536w, https:\/\/climatetoolkit.org\/wp-content\/uploads\/2025\/08\/Untitled-design-15-18x5.png 18w, https:\/\/climatetoolkit.org\/wp-content\/uploads\/2025\/08\/Untitled-design-15-100x25.png 100w, https:\/\/climatetoolkit.org\/wp-content\/uploads\/2025\/08\/Untitled-design-15-150x38.png 150w, https:\/\/climatetoolkit.org\/wp-content\/uploads\/2025\/08\/Untitled-design-15-200x50.png 200w, https:\/\/climatetoolkit.org\/wp-content\/uploads\/2025\/08\/Untitled-design-15-450x113.png 450w, https:\/\/climatetoolkit.org\/wp-content\/uploads\/2025\/08\/Untitled-design-15-600x150.png 600w, https:\/\/climatetoolkit.org\/wp-content\/uploads\/2025\/08\/Untitled-design-15-900x225.png 900w, https:\/\/climatetoolkit.org\/wp-content\/uploads\/2025\/08\/Untitled-design-15.png 2000w\" sizes=\"(max-width: 1024px) 100vw, 1024px\" \/><\/figure>\n\n\n\n<p>Phipps rekommenderar f\u00f6ljande hotell f\u00f6r din vistelse under Climate Toolkit Symposium, med Courtyard Marriott och Hilton Garden p\u00e5 bekv\u00e4mt g\u00e5ngavst\u00e5nd fr\u00e5n vintertr\u00e4dg\u00e5rden och Hotel Indigo en kort Lyft\/Uber-resa bort:<\/p>\n\n\n\n<h3 class=\"wp-block-heading\">Courtyard by Marriott Pittsburgh University Center<\/h3>\n\n\n\n<p><em>100 Lytton Avenue, Pittsburgh, Pennsylvania 15213<\/em> &#8211; *<a href=\"https:\/\/maps.app.goo.gl\/5DLg5emoL9qijwSY9\">0,8 km fr\u00e5n Phipps<\/a><\/p>\n\n\n\n<div class=\"wp-block-buttons is-layout-flex wp-block-buttons-is-layout-flex\">\n<div class=\"wp-block-button\"><a class=\"wp-block-button__link has-luminous-vivid-amber-background-color has-background has-custom-font-size wp-element-button\" href=\"https:\/\/www.marriott.com\/event-reservations\/reservation-link.mi?id=1726770570117&amp;key=CORP&amp;guestreslink2=true\" style=\"font-size:16px\"><strong>Hitta rum &gt;<\/strong><\/a><\/div>\n<\/div>\n\n\n\n<h3 class=\"wp-block-heading\">Hilton Garden Inn Pittsburgh University Place<\/h3>\n\n\n\n<p><em>3454 Forbes Avenue Pittsburgh, Pennsylvania 15213<\/em> &#8211; *<a href=\"https:\/\/maps.app.goo.gl\/pzBysJQvbQhLXeaZ8\">1,0 km fr\u00e5n Phipps<\/a><\/p>\n\n\n\n<div class=\"wp-block-buttons is-layout-flex wp-block-buttons-is-layout-flex\">\n<div class=\"wp-block-button\"><a class=\"wp-block-button__link has-luminous-vivid-amber-background-color has-background has-custom-font-size wp-element-button\" href=\"https:\/\/www.hilton.com\/en\/book\/reservation\/rooms\/?ctyhocn=PITUCGI&amp;arrivalDate=2025-10-26&amp;departureDate=2025-10-28&amp;room1NumAdults=1\" style=\"font-size:16px\"><strong>Hitta rum &gt;<\/strong><\/a><\/div>\n<\/div>\n\n\n\n<h3 class=\"wp-block-heading\">Hotell Indigo Pittsburgh East Liberty<\/h3>\n\n\n\n<p><em>123 North Highland Avenue, Pittsburgh, Pennsylvania 15206<\/em> &#8211; *<a href=\"https:\/\/maps.app.goo.gl\/ZVAERceGtJ2gPVUm8\">3,0 km fr\u00e5n Phipps<\/a><\/p>\n\n\n\n<div class=\"wp-block-buttons is-layout-flex wp-block-buttons-is-layout-flex\">\n<div class=\"wp-block-button\"><a class=\"wp-block-button__link has-luminous-vivid-amber-background-color has-background has-custom-font-size wp-element-button\" href=\"https:\/\/www.ihg.com\/hotelindigo\/hotels\/us\/en\/find-hotels\/select-roomrate?fromRedirect=true&amp;qSrt=sBR&amp;qIta=99502056&amp;icdv=99502056&amp;qDest=123%20N%20Highland%20Ave,%20Pittsburgh,%20PA%2015206,%20USA&amp;qErm=false&amp;qSlH=pithb&amp;qRms=1&amp;qAdlt=1&amp;qChld=0&amp;qCiD=26&amp;qCiMy=092025&amp;qCoD=28&amp;qCoMy=092025&amp;qCpid=787101214&amp;qAAR=6CBARC&amp;qRtP=6CBARC&amp;setPMCookies=true&amp;qSHBrC=IN&amp;qpMbw=0&amp;qpMn=1&amp;srb_u=1&amp;qRmFltr=\" style=\"font-size:16px\"><strong>Hitta rum &gt;<\/strong><\/a><\/div>\n<\/div>\n\n\n\n<p><\/p>","protected":false},"excerpt":{"rendered":"<p>Hotellalternativ f\u00f6r symposium Phipps rekommenderar f\u00f6ljande hotell f\u00f6r din vistelse under Climate Toolkit Symposium, med Courtyard Marriott och Hilton Garden-alternativen som bekv\u00e4mt g\u00e5ngavst\u00e5nd fr\u00e5n vintertr\u00e4dg\u00e5rden och Hotel Indigo en kort Lyft \/ Uber-resa bort: Courtyard ...<\/p>\n<p class=\"read-more\"> <a class=\"\" href=\"https:\/\/climatetoolkit.org\/sv\/symposium-hotel\/\"> <span class=\"screen-reader-text\">Symposium Hotell<\/span> L\u00e4s mer \"<\/a><\/p>","protected":false},"author":2,"featured_media":0,"parent":0,"menu_order":0,"comment_status":"closed","ping_status":"closed","template":"","meta":{"_acf_changed":false,"inline_featured_image":false,"advgb_blocks_editor_width":"","advgb_blocks_columns_visual_guide":"","footnotes":""},"class_list":["post-4604","page","type-page","status-publish","hentry"],"acf":[],"yoast_head":"<!-- This site is optimized with the Yoast SEO plugin v27.4 - https:\/\/yoast.com\/product\/yoast-seo-wordpress\/ -->\n<title>Symposium Hotel - The Climate Toolkit<\/title>\n<meta name=\"robots\" content=\"index, follow, max-snippet:-1, max-image-preview:large, max-video-preview:-1\" \/>\n<link rel=\"canonical\" href=\"https:\/\/climatetoolkit.org\/sv\/symposium-hotel\/\" \/>\n<meta property=\"og:locale\" content=\"sv_SE\" \/>\n<meta property=\"og:type\" content=\"article\" \/>\n<meta property=\"og:title\" content=\"Symposium Hotel - The Climate Toolkit\" \/>\n<meta property=\"og:description\" content=\"Symposium Hotel Options Phipps recommends the following hotels for your stay during the Climate Toolkit Symposium, with the Courtyard Marriott and Hilton Garden options as convenient walking distance from the Conservatory and Hotel Indigo a short Lyft\/Uber ride away: Courtyard &hellip; Symposium Hotel L\u00e4s mer &raquo;\" \/>\n<meta property=\"og:url\" content=\"https:\/\/climatetoolkit.org\/sv\/symposium-hotel\/\" \/>\n<meta property=\"og:site_name\" content=\"The Climate Toolkit\" \/>\n<meta property=\"article:modified_time\" content=\"2025-08-05T13:57:34+00:00\" \/>\n<meta property=\"og:image\" content=\"https:\/\/climatetoolkit.org\/wp-content\/uploads\/2025\/08\/Untitled-design-15.png\" \/>\n\t<meta property=\"og:image:width\" content=\"2000\" \/>\n\t<meta property=\"og:image:height\" content=\"500\" \/>\n\t<meta property=\"og:image:type\" content=\"image\/png\" \/>\n<meta name=\"twitter:card\" content=\"summary_large_image\" \/>\n<meta name=\"twitter:label1\" content=\"Ber\u00e4knad l\u00e4stid\" \/>\n\t<meta name=\"twitter:data1\" content=\"1 minut\" \/>\n<script type=\"application\/ld+json\" class=\"yoast-schema-graph\">{\"@context\":\"https:\\\/\\\/schema.org\",\"@graph\":[{\"@type\":\"WebPage\",\"@id\":\"https:\\\/\\\/climatetoolkit.org\\\/symposium-hotel\\\/\",\"url\":\"https:\\\/\\\/climatetoolkit.org\\\/symposium-hotel\\\/\",\"name\":\"Symposium Hotel - The Climate Toolkit\",\"isPartOf\":{\"@id\":\"https:\\\/\\\/climatetoolkit.org\\\/#website\"},\"primaryImageOfPage\":{\"@id\":\"https:\\\/\\\/climatetoolkit.org\\\/symposium-hotel\\\/#primaryimage\"},\"image\":{\"@id\":\"https:\\\/\\\/climatetoolkit.org\\\/symposium-hotel\\\/#primaryimage\"},\"thumbnailUrl\":\"https:\\\/\\\/climatetoolkit.org\\\/wp-content\\\/uploads\\\/2025\\\/08\\\/Untitled-design-15-1024x256.png\",\"datePublished\":\"2025-08-01T18:19:22+00:00\",\"dateModified\":\"2025-08-05T13:57:34+00:00\",\"breadcrumb\":{\"@id\":\"https:\\\/\\\/climatetoolkit.org\\\/symposium-hotel\\\/#breadcrumb\"},\"inLanguage\":\"sv-SE\",\"potentialAction\":[{\"@type\":\"ReadAction\",\"target\":[\"https:\\\/\\\/climatetoolkit.org\\\/symposium-hotel\\\/\"]}]},{\"@type\":\"ImageObject\",\"inLanguage\":\"sv-SE\",\"@id\":\"https:\\\/\\\/climatetoolkit.org\\\/symposium-hotel\\\/#primaryimage\",\"url\":\"https:\\\/\\\/climatetoolkit.org\\\/wp-content\\\/uploads\\\/2025\\\/08\\\/Untitled-design-15-1024x256.png\",\"contentUrl\":\"https:\\\/\\\/climatetoolkit.org\\\/wp-content\\\/uploads\\\/2025\\\/08\\\/Untitled-design-15-1024x256.png\"},{\"@type\":\"BreadcrumbList\",\"@id\":\"https:\\\/\\\/climatetoolkit.org\\\/symposium-hotel\\\/#breadcrumb\",\"itemListElement\":[{\"@type\":\"ListItem\",\"position\":1,\"name\":\"Home\",\"item\":\"https:\\\/\\\/climatetoolkit.org\\\/\"},{\"@type\":\"ListItem\",\"position\":2,\"name\":\"Symposium Hotel\"}]},{\"@type\":\"WebSite\",\"@id\":\"https:\\\/\\\/climatetoolkit.org\\\/#website\",\"url\":\"https:\\\/\\\/climatetoolkit.org\\\/\",\"name\":\"The Climate Toolkit\",\"description\":\"For Museums, Gardens and Zoos\",\"publisher\":{\"@id\":\"https:\\\/\\\/climatetoolkit.org\\\/#organization\"},\"potentialAction\":[{\"@type\":\"SearchAction\",\"target\":{\"@type\":\"EntryPoint\",\"urlTemplate\":\"https:\\\/\\\/climatetoolkit.org\\\/?s={search_term_string}\"},\"query-input\":{\"@type\":\"PropertyValueSpecification\",\"valueRequired\":true,\"valueName\":\"search_term_string\"}}],\"inLanguage\":\"sv-SE\"},{\"@type\":\"Organization\",\"@id\":\"https:\\\/\\\/climatetoolkit.org\\\/#organization\",\"name\":\"The Climate Toolkit\",\"url\":\"https:\\\/\\\/climatetoolkit.org\\\/\",\"logo\":{\"@type\":\"ImageObject\",\"inLanguage\":\"sv-SE\",\"@id\":\"https:\\\/\\\/climatetoolkit.org\\\/#\\\/schema\\\/logo\\\/image\\\/\",\"url\":\"https:\\\/\\\/climatetoolkit.org\\\/wp-content\\\/uploads\\\/2020\\\/05\\\/C_logo.png\",\"contentUrl\":\"https:\\\/\\\/climatetoolkit.org\\\/wp-content\\\/uploads\\\/2020\\\/05\\\/C_logo.png\",\"width\":512,\"height\":512,\"caption\":\"The Climate Toolkit\"},\"image\":{\"@id\":\"https:\\\/\\\/climatetoolkit.org\\\/#\\\/schema\\\/logo\\\/image\\\/\"}}]}<\/script>\n<!-- \/ Yoast SEO plugin. -->","yoast_head_json":{"title":"Hotell f\u00f6r symposium - The Climate Toolkit","robots":{"index":"index","follow":"follow","max-snippet":"max-snippet:-1","max-image-preview":"max-image-preview:large","max-video-preview":"max-video-preview:-1"},"canonical":"https:\/\/climatetoolkit.org\/sv\/symposium-hotel\/","og_locale":"sv_SE","og_type":"article","og_title":"Symposium Hotel - The Climate Toolkit","og_description":"Symposium Hotel Options Phipps recommends the following hotels for your stay during the Climate Toolkit Symposium, with the Courtyard Marriott and Hilton Garden options as convenient walking distance from the Conservatory and Hotel Indigo a short Lyft\/Uber ride away: Courtyard &hellip; Symposium Hotel L\u00e4s mer &raquo;","og_url":"https:\/\/climatetoolkit.org\/sv\/symposium-hotel\/","og_site_name":"The Climate Toolkit","article_modified_time":"2025-08-05T13:57:34+00:00","og_image":[{"width":2000,"height":500,"url":"https:\/\/climatetoolkit.org\/wp-content\/uploads\/2025\/08\/Untitled-design-15.png","type":"image\/png"}],"twitter_card":"summary_large_image","twitter_misc":{"Ber\u00e4knad l\u00e4stid":"1 minut"},"schema":{"@context":"https:\/\/schema.org","@graph":[{"@type":"WebPage","@id":"https:\/\/climatetoolkit.org\/symposium-hotel\/","url":"https:\/\/climatetoolkit.org\/symposium-hotel\/","name":"Hotell f\u00f6r symposium - The Climate Toolkit","isPartOf":{"@id":"https:\/\/climatetoolkit.org\/#website"},"primaryImageOfPage":{"@id":"https:\/\/climatetoolkit.org\/symposium-hotel\/#primaryimage"},"image":{"@id":"https:\/\/climatetoolkit.org\/symposium-hotel\/#primaryimage"},"thumbnailUrl":"https:\/\/climatetoolkit.org\/wp-content\/uploads\/2025\/08\/Untitled-design-15-1024x256.png","datePublished":"2025-08-01T18:19:22+00:00","dateModified":"2025-08-05T13:57:34+00:00","breadcrumb":{"@id":"https:\/\/climatetoolkit.org\/symposium-hotel\/#breadcrumb"},"inLanguage":"sv-SE","potentialAction":[{"@type":"ReadAction","target":["https:\/\/climatetoolkit.org\/symposium-hotel\/"]}]},{"@type":"ImageObject","inLanguage":"sv-SE","@id":"https:\/\/climatetoolkit.org\/symposium-hotel\/#primaryimage","url":"https:\/\/climatetoolkit.org\/wp-content\/uploads\/2025\/08\/Untitled-design-15-1024x256.png","contentUrl":"https:\/\/climatetoolkit.org\/wp-content\/uploads\/2025\/08\/Untitled-design-15-1024x256.png"},{"@type":"BreadcrumbList","@id":"https:\/\/climatetoolkit.org\/symposium-hotel\/#breadcrumb","itemListElement":[{"@type":"ListItem","position":1,"name":"Home","item":"https:\/\/climatetoolkit.org\/"},{"@type":"ListItem","position":2,"name":"Symposium Hotel"}]},{"@type":"WebSite","@id":"https:\/\/climatetoolkit.org\/#website","url":"https:\/\/climatetoolkit.org\/","name":"Verktygsl\u00e5da f\u00f6r klimat","description":"F\u00f6r museer, tr\u00e4dg\u00e5rdar och djurparker","publisher":{"@id":"https:\/\/climatetoolkit.org\/#organization"},"potentialAction":[{"@type":"SearchAction","target":{"@type":"EntryPoint","urlTemplate":"https:\/\/climatetoolkit.org\/?s={search_term_string}"},"query-input":{"@type":"PropertyValueSpecification","valueRequired":true,"valueName":"search_term_string"}}],"inLanguage":"sv-SE"},{"@type":"Organization","@id":"https:\/\/climatetoolkit.org\/#organization","name":"Verktygsl\u00e5da f\u00f6r klimat","url":"https:\/\/climatetoolkit.org\/","logo":{"@type":"ImageObject","inLanguage":"sv-SE","@id":"https:\/\/climatetoolkit.org\/#\/schema\/logo\/image\/","url":"https:\/\/climatetoolkit.org\/wp-content\/uploads\/2020\/05\/C_logo.png","contentUrl":"https:\/\/climatetoolkit.org\/wp-content\/uploads\/2020\/05\/C_logo.png","width":512,"height":512,"caption":"The Climate Toolkit"},"image":{"@id":"https:\/\/climatetoolkit.org\/#\/schema\/logo\/image\/"}}]}},"coauthors":[],"author_meta":{"author_link":"https:\/\/climatetoolkit.org\/sv\/author\/joe\/","display_name":"joe reed"},"relative_dates":{"created":"Publicerad 9 m\u00e5nader sedan","modified":"Uppdaterad 8 m\u00e5nader sedan"},"absolute_dates":{"created":"Publicerat den augusti 1, 2025","modified":"Uppdaterad den augusti 5, 2025"},"absolute_dates_time":{"created":"Publicerat den augusti 1, 2025 2:19 e m","modified":"Uppdaterad den augusti 5, 2025 9:57 f m"},"featured_img_caption":"","featured_img":false,"series_order":"","_links":{"self":[{"href":"https:\/\/climatetoolkit.org\/sv\/wp-json\/wp\/v2\/pages\/4604","targetHints":{"allow":["GET"]}}],"collection":[{"href":"https:\/\/climatetoolkit.org\/sv\/wp-json\/wp\/v2\/pages"}],"about":[{"href":"https:\/\/climatetoolkit.org\/sv\/wp-json\/wp\/v2\/types\/page"}],"author":[{"embeddable":true,"href":"https:\/\/climatetoolkit.org\/sv\/wp-json\/wp\/v2\/users\/2"}],"replies":[{"embeddable":true,"href":"https:\/\/climatetoolkit.org\/sv\/wp-json\/wp\/v2\/comments?post=4604"}],"version-history":[{"count":14,"href":"https:\/\/climatetoolkit.org\/sv\/wp-json\/wp\/v2\/pages\/4604\/revisions"}],"predecessor-version":[{"id":4647,"href":"https:\/\/climatetoolkit.org\/sv\/wp-json\/wp\/v2\/pages\/4604\/revisions\/4647"}],"wp:attachment":[{"href":"https:\/\/climatetoolkit.org\/sv\/wp-json\/wp\/v2\/media?parent=4604"}],"curies":[{"name":"wp","href":"https:\/\/api.w.org\/{rel}","templated":true}]}}