{"id":4586,"date":"2025-08-01T13:42:19","date_gmt":"2025-08-01T17:42:19","guid":{"rendered":"https:\/\/climatetoolkit.org\/?page_id=4586"},"modified":"2025-10-17T14:24:16","modified_gmt":"2025-10-17T18:24:16","slug":"symposium-agenda","status":"publish","type":"page","link":"https:\/\/climatetoolkit.org\/sv\/symposium-agenda\/","title":{"rendered":"Dagordning f\u00f6r symposiet"},"content":{"rendered":"<h2 class=\"wp-block-heading\">Agenda f\u00f6r symposium om klimatverktygsl\u00e5dan<\/h2>\n\n\n\n<figure class=\"wp-block-image size-large is-resized\"><img decoding=\"async\" width=\"1024\" height=\"614\" src=\"https:\/\/climatetoolkit.org\/wp-content\/uploads\/2025\/10\/symposium_2-1024x614.jpg\" alt=\"\" class=\"wp-image-4893\" style=\"width:632px;height:auto\" srcset=\"https:\/\/climatetoolkit.org\/wp-content\/uploads\/2025\/10\/symposium_2-1024x614.jpg 1024w, https:\/\/climatetoolkit.org\/wp-content\/uploads\/2025\/10\/symposium_2-300x180.jpg 300w, https:\/\/climatetoolkit.org\/wp-content\/uploads\/2025\/10\/symposium_2-768x461.jpg 768w, https:\/\/climatetoolkit.org\/wp-content\/uploads\/2025\/10\/symposium_2-1536x922.jpg 1536w, https:\/\/climatetoolkit.org\/wp-content\/uploads\/2025\/10\/symposium_2-2048x1229.jpg 2048w, https:\/\/climatetoolkit.org\/wp-content\/uploads\/2025\/10\/symposium_2-18x12.jpg 18w, https:\/\/climatetoolkit.org\/wp-content\/uploads\/2025\/10\/symposium_2-100x60.jpg 100w, https:\/\/climatetoolkit.org\/wp-content\/uploads\/2025\/10\/symposium_2-150x90.jpg 150w, https:\/\/climatetoolkit.org\/wp-content\/uploads\/2025\/10\/symposium_2-200x120.jpg 200w, https:\/\/climatetoolkit.org\/wp-content\/uploads\/2025\/10\/symposium_2-450x270.jpg 450w, https:\/\/climatetoolkit.org\/wp-content\/uploads\/2025\/10\/symposium_2-600x360.jpg 600w, https:\/\/climatetoolkit.org\/wp-content\/uploads\/2025\/10\/symposium_2-900x540.jpg 900w\" sizes=\"(max-width: 1024px) 100vw, 1024px\" \/><\/figure>\n\n\n\n<h3 class=\"wp-block-heading\"><strong>Invigningskv\u00e4ll<\/strong> <strong>Mottagning<\/strong><\/h3>\n\n\n\n<h6 class=\"wp-block-heading\"><strong>S\u00d6NDAG, OKTOBER 26, KL. 18.00-21.00<\/strong><\/h6>\n\n\n\n<p>\ud83c\udf34 <em>V\u00e4lkommen till symposiet!<\/em><\/p>\n\n\n\n<p>Detta v\u00e4lkomnande evenemang h\u00e5lls mot bakgrund av Phipps Conservatorys lummiga Tropical Forest Panama-utst\u00e4llning och Special Events Hall, och kommer att inneh\u00e5lla ett \u00f6ppningsanf\u00f6rande av Richard Piacentini, VD och koncernchef f\u00f6r Phipps, och Margaret Waldock, Executive Director f\u00f6r Duke Farms, samt f\u00f6rfriskningar, en buff\u00e9middag, livemusik och n\u00e4tverkande.<\/p>\n\n\n\n<h3 class=\"wp-block-heading\"><strong>Dag 1: Fallstudier i framg\u00e5ngsrikt klimatarbete<\/strong><\/h3>\n\n\n\n<h6 class=\"wp-block-heading\"><strong>M\u00c5NDAG 27 OKTOBER 27, KL. 08.00-17.00, MIDDAG OCH HUVUDTALARE KL. 18.30-21.00<\/strong><\/h6>\n\n\n\n<p><em>kl. 8.00 - kl. 9.00<\/em> &#8211; <em>Frukost<\/em> <em>och V\u00e4lkommen<\/em><\/p>\n\n\n\n<p><em>kl. 9.00-10.30<\/em> &#8211; <em>Program ett<\/em><\/p>\n\n\n\n<p>\u26a1 <strong>Energi och minskade koldioxidutsl\u00e4pp<\/strong><\/p>\n\n\n\n<p>Kulturinstitutioner tar p\u00e5 sig rollen som klimatledare genom att minska koldioxidutsl\u00e4ppen och \u00f6verg\u00e5 till f\u00f6rnybar energi. I den h\u00e4r panelen kommer institutionerna att ber\u00e4tta om hur de genomf\u00f6r ambiti\u00f6sa strategier f\u00f6r minskade koldioxidutsl\u00e4pp och dela med sig av l\u00e4rdomar fr\u00e5n verkliga framg\u00e5ngar och utmaningar.<\/p>\n\n\n\n<ul class=\"wp-block-list\">\n<li>Richard Piacentini, verkst\u00e4llande direkt\u00f6r och koncernchef - <strong>Phipps vintertr\u00e4dg\u00e5rd<\/strong><\/li>\n\n\n\n<li>Jon Wagar, bitr\u00e4dande verkst\u00e4llande direkt\u00f6r f\u00f6r verksamhet och h\u00e5llbarhet <strong>Duke Farms<\/strong><\/li>\n\n\n\n<li>Rachel Novick, Ph.D., chef f\u00f6r h\u00e5llbarhetsavdelningen <strong>Morton Arboretum<\/strong><\/li>\n\n\n\n<li>Rafael de Carvalho, bitr\u00e4dande vice VD f\u00f6r kapitalprojekt <strong>New Yorks botaniska tr\u00e4dg\u00e5rd<\/strong><\/li>\n<\/ul>\n\n\n\n<p><em>10:45 - 12:00<\/em> &#8211; <em>Program tv\u00e5<\/em><\/p>\n\n\n\n<p>\ud83c\udf0d <strong>Tolkning och engagemang f\u00f6r klimatet<\/strong><\/p>\n\n\n\n<p>Hur kan institutioner engagera allm\u00e4nheten i ett f\u00f6r\u00e4nderligt klimat? Denna paneldebatt sammanf\u00f6r institutioner<strong> <\/strong>att lyfta fram kreativa metoder f\u00f6r tolkning och engagemang som inspirerar publiken att delta i klimatl\u00f6sningar.<\/p>\n\n\n\n<ul class=\"wp-block-list\">\n<li>Anais Reyes, intendent - <strong>Klimatmuseet<\/strong><\/li>\n\n\n\n<li>Casey Mink, bitr\u00e4dande utst\u00e4llningsutvecklare - <strong>Naturhistoriska museet i Utah<\/strong><\/li>\n\n\n\n<li>Jen Kretser, chef f\u00f6r klimatinitiativ <strong>The Wild Center<\/strong><\/li>\n\n\n\n<li>Mark Wourms, Ph.D., VD, koncernchef och verkst\u00e4llande direkt\u00f6r <strong>Bernheims skog och arboretum<\/strong><\/li>\n<\/ul>\n\n\n\n<p><em>12.00 - 13.00<\/em> &#8211; <em>Lunch<\/em><\/p>\n\n\n\n<p><em>13.00 - 14.15<\/em> &#8211; <em>Program tre<\/em><\/p>\n\n\n\n<p>\u267b\ufe0f <strong>Fokusomr\u00e5den f\u00f6r gruppdiskussioner I: Avfallshantering och naturbaserade l\u00f6sningar<\/strong><\/p>\n\n\n\n<p>Breakout tracks ger deltagarna m\u00f6jlighet till ett fokuserat samtal om specifika omr\u00e5den inom klimat\u00e5tg\u00e4rder. Varje session inleds med en kort presentation fr\u00e5n en \u00e4mnesexpert, f\u00f6ljt av en faciliterad rundabordsdiskussion f\u00f6r att st\u00f6dja kunskapsutbyte och probleml\u00f6sning. F\u00f6rsta omg\u00e5ngen kommer att inneh\u00e5lla presentationer och diskussioner om f\u00f6ljande omr\u00e5den:<\/p>\n\n\n\n<ul class=\"wp-block-list\">\n<li><strong>Avfallshantering och medarbetarengagemang<\/strong>\n<ul class=\"wp-block-list\">\n<li>Allison Tilson, chef f\u00f6r h\u00e5llbarhets- och naturv\u00e5rdsverksamheten <strong>Nationella akvariet<\/strong><\/li>\n<\/ul>\n<\/li>\n<\/ul>\n\n\n\n<p><\/p>\n\n\n\n<ul class=\"wp-block-list\">\n<li><strong>Naturbaserade l\u00f6sningar<\/strong>\n<ul class=\"wp-block-list\">\n<li>Jeff Downing, verkst\u00e4llande direkt\u00f6r - <strong>Mt. Cuba Center<\/strong><\/li>\n\n\n\n<li>Christy Rollinson, doktorand, seniorforskare, skogsekologi <strong>Morton Arboretum<\/strong><\/li>\n<\/ul>\n<\/li>\n<\/ul>\n\n\n\n<p><em>14:30 - 15:45<\/em> &#8211; <em>Program fyra<\/em><\/p>\n\n\n\n<p>\ud83c\udf33 <strong>Fokusomr\u00e5den II i gruppdiskussioner: Klimatforskning<\/strong>, <strong>Bevarande och \u00e5tg\u00e4rder, Facilities Management<\/strong><\/p>\n\n\n\n<p>Omg\u00e5ng tv\u00e5 av fokusomr\u00e5dena kommer att inneh\u00e5lla korta presentationer fr\u00e5n \u00e4mnesexperter, f\u00f6ljt av faciliterade rundabordssamtal f\u00f6r att st\u00f6dja kunskapsutbyte och probleml\u00f6sning:<\/p>\n\n\n\n<ul class=\"wp-block-list\">\n<li><strong>Klimatforskning<\/strong>\n<ul class=\"wp-block-list\">\n<li>Chelsea Miller, doktorand, bitr\u00e4dande professor, biologi f\u00f6r global f\u00f6r\u00e4ndring<strong> Universitetet i Akron<\/strong><\/li>\n\n\n\n<li>Lara Roketenetz, Ph.D., chef f\u00f6r f\u00e4ltstationen -<strong> F\u00e4ltstation vid Akrons universitet<\/strong><\/li>\n<\/ul>\n<\/li>\n<\/ul>\n\n\n\n<p><\/p>\n\n\n\n<ul class=\"wp-block-list\">\n<li><strong>Bevarande och \u00e5tg\u00e4rder: Att \u00f6verbrygga klyftan<\/strong>\n<ul class=\"wp-block-list\">\n<li>Shafkat Khan, Ph.D., chef f\u00f6r Conservation -&nbsp;<strong>Pittsburgh Zoo &amp; Aquarium<\/strong><\/li>\n<\/ul>\n<\/li>\n<\/ul>\n\n\n\n<p><\/p>\n\n\n\n<ul class=\"wp-block-list\">\n<li><strong>Fastighetsf\u00f6rvaltning<\/strong>\n<ul class=\"wp-block-list\">\n<li>Jim Hanson, chef f\u00f6r h\u00e5llbarhet och teknik <strong>Duke Farms<\/strong><\/li>\n\n\n\n<li>Joe Zalenko, fastighetsf\u00f6rvaltare -<strong> Duke Farms<\/strong><\/li>\n<\/ul>\n<\/li>\n<\/ul>\n\n\n\n<p><em>16.00 - 17.00<\/em> &#8211; <em>Program fem<\/em><\/p>\n\n\n\n<p>\ud83c\udf31 <strong>Ungas klimatp\u00e5verkan<\/strong><\/p>\n\n\n\n<p>Att f\u00f6rst\u00e4rka ungdomars r\u00f6ster \u00e4r avg\u00f6rande f\u00f6r att fr\u00e4mja klimatr\u00f6relsen och driva p\u00e5 \u00e5tg\u00e4rder inom samh\u00e4llen. I denna panel och fr\u00e5gestund med publiken f\u00e5r du h\u00f6ra direkt fr\u00e5n <strong>unga klimatledare<\/strong> <strong>p\u00e5 Phipps <\/strong>n\u00e4r de delar med sig av sina erfarenheter som f\u00f6respr\u00e5kare och f\u00f6r\u00e4ndringsakt\u00f6rer.<\/p>\n\n\n\n<ul class=\"wp-block-list\">\n<li>Emma Ehan, ledare f\u00f6r YCAC - <strong>Phipps kommitt\u00e9 f\u00f6r ungas klimatp\u00e5verkan<\/strong><\/li>\n\n\n\n<li>Anwita Maneish Nithya, teamledare f\u00f6r YCAC <strong>Phipps kommitt\u00e9 f\u00f6r ungas klimatp\u00e5verkan<\/strong><\/li>\n\n\n\n<li>Cortlan Harrell, teamledare f\u00f6r YCAC - <strong>Phipps kommitt\u00e9 f\u00f6r ungas klimatp\u00e5verkan<\/strong><\/li>\n\n\n\n<li>Marley McFarland, ledare f\u00f6r YCAC - <strong>Phipps kommitt\u00e9 f\u00f6r ungas klimatp\u00e5verkan<\/strong><\/li>\n<\/ul>\n\n\n\n<p><em>17.00 - 18.15 - Rundvandring i levande byggnader<\/em><\/p>\n\n\n\n<p>F\u00f6lj med Phipps Conservatorys tolkningsspecialist, h\u00e5llbarhetschef och chef f\u00f6r anl\u00e4ggningar och h\u00e5llbarhet f\u00f6r en djupg\u00e5ende, <strong>visning av gr\u00f6na byggnader bakom kulisserna<\/strong> Center for Sustainable Landscapes, Exhibit Staging Center, Nature Lab och Production Greenhouse Facility och l\u00e4r dig mer om strategier f\u00f6r nollutsl\u00e4pp av energi och vatten.<\/p>\n\n\n\n<p><em>18:30 - 21:00<\/em> &#8211; <em>Middag och huvudanf\u00f6rande<\/em><\/p>\n\n\n\n<p>Kv\u00e4llen avslutas med en sittande middag i Special Events Hall och ett anf\u00f6rande av <strong>David W. Orr<\/strong>, Paul Sears Distinguished Professor of Environmental Studies and Politics Emeritus vid Oberlin College, och f\u00f6r n\u00e4rvarande Professor of Practice vid Arizona State University.<\/p>\n\n\n\n<h3 class=\"wp-block-heading\"><strong>Dag 2: En djupdykning in i framtiden<\/strong><\/h3>\n\n\n\n<h6 class=\"wp-block-heading\"><strong>TISDAG, OKT. 28, KL. 8.00-16.00<\/strong><\/h6>\n\n\n\n<p><em>kl. 8.00 - kl. 9.00<\/em> &#8211; <em>Frukost och v\u00e4lkomsth\u00e4lsning<\/em><\/p>\n\n\n\n<p><em>kl. 9.00-11.00<\/em> &#8211; <em>Program ett<\/em><\/p>\n\n\n\n<p>\ud83c\udf3b <strong>Essens som kompass: V\u00e4gledning f\u00f6r klimat\u00e5tg\u00e4rder med regenerativt t\u00e4nkande<\/strong><\/p>\n\n\n\n<p>Denna session bjuder in deltagarna att utforska kraften i att arbeta fr\u00e5n essensen - att ansluta till den unika k\u00e4rnan i vem de \u00e4r och vad som verkligen betyder n\u00e5got. I en tid d\u00e5 klimat\u00e5tg\u00e4rder ofta kan k\u00e4nnas reaktiva eller \u00f6verv\u00e4ldigande, erbjuder \u00e5terg\u00e5ng till essensen ett s\u00e4tt att r\u00f6ra sig med st\u00f6rre klarhet, sammanhang och syfte. Fr\u00e5n denna grund blir v\u00e5ra handlingar mer regenerativa, v\u00e5ra strategier mer anpassade och v\u00e5r potential f\u00f6r varaktig p\u00e5verkan mer fullst\u00e4ndigt f\u00f6rverkligad.<\/p>\n\n\n\n<ul class=\"wp-block-list\">\n<li>Sonja Bochart, direkt\u00f6r, LENS <strong>Shepley Bulfinch<\/strong><\/li>\n\n\n\n<li>Richard Piacentini, verkst\u00e4llande direkt\u00f6r och koncernchef - <strong>Phipps vintertr\u00e4dg\u00e5rd<\/strong><\/li>\n<\/ul>\n\n\n\n<p><em>kl. 11.00-12.00<\/em> &#8211; <em>Program tv\u00e5<\/em><\/p>\n\n\n\n<p>\ud83c\udf43 <strong>N\u00e4tverk f\u00f6r kollegor<\/strong><\/p>\n\n\n\n<p>Den h\u00e4r sessionen bjuder in deltagarna till en informell milj\u00f6 d\u00e4r de kan tr\u00e4ffa andra som har liknande roller inom fokusomr\u00e5dena ledarskap, anl\u00e4ggningar och drift, partnerskap med lokalsamh\u00e4llet, engagemang och utbildning samt naturbaserade l\u00f6sningar. Varje grupp kommer att leda sin egen diskussion, vilket skapar utrymme f\u00f6r organiska kontakter, delat l\u00e4rande och potentiella partnerskap som str\u00e4cker sig bortom symposiet.&nbsp;<\/p>\n\n\n\n<p><em>12.00 - 13.00<\/em> &#8211; <em>Lunch<\/em><\/p>\n\n\n\n<p><em>13.00 - 14.30<\/em> &#8211; <em>Program tre<\/em><\/p>\n\n\n\n<p>\u2705 <strong>Workshops om klimat\u00e5tg\u00e4rder<\/strong><\/p>\n\n\n\n<p>I denna sista session av symposiet kommer deltagarna att v\u00e4lja fr\u00e5n en meny av faciliterade workshops om klimat\u00e5tg\u00e4rder f\u00f6r att hj\u00e4lpa till att katalysera planering och genomf\u00f6rande av klimat\u00e5tg\u00e4rder p\u00e5 din institution. <\/p>\n\n\n\n<ul class=\"wp-block-list\">\n<li><strong>Utforma en plan f\u00f6r motst\u00e5ndskraft mot klimat\u00e5tg\u00e4rder<\/strong>\n<ul class=\"wp-block-list\">\n<li>Stephanie Shapiro, medgrundare och verkst\u00e4llande direkt\u00f6r - <strong>Milj\u00f6 &amp; Kultur Partners<\/strong><\/li>\n\n\n\n<li>Al Carver-Kubik, programansvarig, Grants &amp; Research <strong>Milj\u00f6 &amp; Kultur Partners<\/strong><\/li>\n<\/ul>\n<\/li>\n<\/ul>\n\n\n\n<p><\/p>\n\n\n\n<ul class=\"wp-block-list\">\n<li><strong>Bli din kommuns klimatresurs \/ Medborgarengagemang<\/strong>\n<ul class=\"wp-block-list\">\n<li>Rose Hendricks, Ph.D., verkst\u00e4llande direkt\u00f6r f\u00f6r Seeding Action - <strong>Association of Science and Technology Centers<\/strong><\/li>\n<\/ul>\n<\/li>\n<\/ul>\n\n\n\n<p><em>14:40 - 15:15<\/em> &#8211; <em>Aktie och reflektion<\/em><\/p>\n\n\n\n<p><em>15:15 - 15:30<\/em> &#8211; <em>\u00c5tersamling och avsked<\/em><\/p>\n\n\n\n<div class=\"wp-block-buttons is-layout-flex wp-block-buttons-is-layout-flex\">\n<div class=\"wp-block-button\"><a class=\"wp-block-button__link has-luminous-vivid-amber-background-color has-background has-custom-font-size wp-element-button\" href=\"https:\/\/my.conservatory.org\/8991\/8992\" style=\"font-size:16px\"><strong>K\u00f6p biljetter &gt;<\/strong><\/a><\/div>\n<\/div>\n\n\n\n<p>Din entr\u00e9biljett till $200 inkluderar full entr\u00e9 till symposiet samt all mat och dryck. Climate Toolkit Symposium f\u00f6ljs omedelbart av&nbsp;<a href=\"https:\/\/midatlanticmuseums.org\/annual-meeting\/\"><strong>Mid-Atlantic Association of Museums \u00e5rliga konferens<\/strong><\/a>\u00e4ven i Pittsburgh - vi uppmuntrar intresserade deltagare att f\u00f6rl\u00e4nga sin vistelse och delta i b\u00e5da evenemangen.<\/p>\n\n\n\n<p><strong>Fr\u00e5gor?<\/strong>&nbsp;Kontakt&nbsp;<a href=\"mailto:alampl@phipps.conservatory.org\">alampl@phipps.conservatory.org<\/a>&nbsp;eller ring 412-622-6915, ext. 6752<\/p>","protected":false},"excerpt":{"rendered":"<p>Agenda f\u00f6r Climate Toolkit Symposium Invigning Kv\u00e4llsmottagning S\u00d6NDAG 26 OKT. 26, 6 - 9 P.M. \ud83c\udf34 V\u00e4lkommen till symposiet! Detta v\u00e4lkomnande evenemang h\u00e5lls mot bakgrund av Phipps Conservatory's frodiga Tropical Forest Panama-utst\u00e4llning och Special Events Hall, och kommer att inneh\u00e5lla ...<\/p>\n<p class=\"read-more\"> <a class=\"\" href=\"https:\/\/climatetoolkit.org\/sv\/symposium-agenda\/\"> <span class=\"screen-reader-text\">Dagordning f\u00f6r symposiet<\/span> L\u00e4s mer \"<\/a><\/p>","protected":false},"author":2,"featured_media":0,"parent":0,"menu_order":0,"comment_status":"closed","ping_status":"closed","template":"","meta":{"_acf_changed":false,"inline_featured_image":false,"advgb_blocks_editor_width":"","advgb_blocks_columns_visual_guide":"","footnotes":""},"class_list":["post-4586","page","type-page","status-publish","hentry"],"acf":[],"yoast_head":"<!-- This site is optimized with the Yoast SEO plugin v27.3 - https:\/\/yoast.com\/product\/yoast-seo-wordpress\/ -->\n<title>Symposium Agenda - The Climate Toolkit<\/title>\n<meta name=\"robots\" content=\"index, follow, max-snippet:-1, max-image-preview:large, max-video-preview:-1\" \/>\n<link rel=\"canonical\" href=\"https:\/\/climatetoolkit.org\/sv\/symposium-agenda\/\" \/>\n<meta property=\"og:locale\" content=\"sv_SE\" \/>\n<meta property=\"og:type\" content=\"article\" \/>\n<meta property=\"og:title\" content=\"Symposium Agenda - The Climate Toolkit\" \/>\n<meta property=\"og:description\" content=\"Climate Toolkit Symposium Agenda Opening Evening Reception SUN., OCT. 26, 6 \u2013 9 P.M. \ud83c\udf34 Welcome to the Symposium! Held against the backdrop of Phipps Conservatory&#8217;s lush Tropical Forest Panama exhibit and Special Events Hall, this welcoming event will feature &hellip; Symposium Agenda L\u00e4s mer &raquo;\" \/>\n<meta property=\"og:url\" content=\"https:\/\/climatetoolkit.org\/sv\/symposium-agenda\/\" \/>\n<meta property=\"og:site_name\" content=\"The Climate Toolkit\" \/>\n<meta property=\"article:modified_time\" content=\"2025-10-17T18:24:16+00:00\" \/>\n<meta property=\"og:image\" content=\"https:\/\/climatetoolkit.org\/wp-content\/uploads\/2025\/10\/symposium_2.jpg\" \/>\n\t<meta property=\"og:image:width\" content=\"2100\" \/>\n\t<meta property=\"og:image:height\" content=\"1260\" \/>\n\t<meta property=\"og:image:type\" content=\"image\/jpeg\" \/>\n<meta name=\"twitter:card\" content=\"summary_large_image\" \/>\n<meta name=\"twitter:label1\" content=\"Ber\u00e4knad l\u00e4stid\" \/>\n\t<meta name=\"twitter:data1\" content=\"5 minuter\" \/>\n<script type=\"application\/ld+json\" class=\"yoast-schema-graph\">{\"@context\":\"https:\\\/\\\/schema.org\",\"@graph\":[{\"@type\":\"WebPage\",\"@id\":\"https:\\\/\\\/climatetoolkit.org\\\/symposium-agenda\\\/\",\"url\":\"https:\\\/\\\/climatetoolkit.org\\\/symposium-agenda\\\/\",\"name\":\"Symposium Agenda - The Climate Toolkit\",\"isPartOf\":{\"@id\":\"https:\\\/\\\/climatetoolkit.org\\\/#website\"},\"primaryImageOfPage\":{\"@id\":\"https:\\\/\\\/climatetoolkit.org\\\/symposium-agenda\\\/#primaryimage\"},\"image\":{\"@id\":\"https:\\\/\\\/climatetoolkit.org\\\/symposium-agenda\\\/#primaryimage\"},\"thumbnailUrl\":\"https:\\\/\\\/climatetoolkit.org\\\/wp-content\\\/uploads\\\/2025\\\/10\\\/symposium_2-1024x614.jpg\",\"datePublished\":\"2025-08-01T17:42:19+00:00\",\"dateModified\":\"2025-10-17T18:24:16+00:00\",\"breadcrumb\":{\"@id\":\"https:\\\/\\\/climatetoolkit.org\\\/symposium-agenda\\\/#breadcrumb\"},\"inLanguage\":\"sv-SE\",\"potentialAction\":[{\"@type\":\"ReadAction\",\"target\":[\"https:\\\/\\\/climatetoolkit.org\\\/symposium-agenda\\\/\"]}]},{\"@type\":\"ImageObject\",\"inLanguage\":\"sv-SE\",\"@id\":\"https:\\\/\\\/climatetoolkit.org\\\/symposium-agenda\\\/#primaryimage\",\"url\":\"https:\\\/\\\/climatetoolkit.org\\\/wp-content\\\/uploads\\\/2025\\\/10\\\/symposium_2-1024x614.jpg\",\"contentUrl\":\"https:\\\/\\\/climatetoolkit.org\\\/wp-content\\\/uploads\\\/2025\\\/10\\\/symposium_2-1024x614.jpg\"},{\"@type\":\"BreadcrumbList\",\"@id\":\"https:\\\/\\\/climatetoolkit.org\\\/symposium-agenda\\\/#breadcrumb\",\"itemListElement\":[{\"@type\":\"ListItem\",\"position\":1,\"name\":\"Home\",\"item\":\"https:\\\/\\\/climatetoolkit.org\\\/\"},{\"@type\":\"ListItem\",\"position\":2,\"name\":\"Symposium Agenda\"}]},{\"@type\":\"WebSite\",\"@id\":\"https:\\\/\\\/climatetoolkit.org\\\/#website\",\"url\":\"https:\\\/\\\/climatetoolkit.org\\\/\",\"name\":\"The Climate Toolkit\",\"description\":\"For Museums, Gardens and Zoos\",\"publisher\":{\"@id\":\"https:\\\/\\\/climatetoolkit.org\\\/#organization\"},\"potentialAction\":[{\"@type\":\"SearchAction\",\"target\":{\"@type\":\"EntryPoint\",\"urlTemplate\":\"https:\\\/\\\/climatetoolkit.org\\\/?s={search_term_string}\"},\"query-input\":{\"@type\":\"PropertyValueSpecification\",\"valueRequired\":true,\"valueName\":\"search_term_string\"}}],\"inLanguage\":\"sv-SE\"},{\"@type\":\"Organization\",\"@id\":\"https:\\\/\\\/climatetoolkit.org\\\/#organization\",\"name\":\"The Climate Toolkit\",\"url\":\"https:\\\/\\\/climatetoolkit.org\\\/\",\"logo\":{\"@type\":\"ImageObject\",\"inLanguage\":\"sv-SE\",\"@id\":\"https:\\\/\\\/climatetoolkit.org\\\/#\\\/schema\\\/logo\\\/image\\\/\",\"url\":\"https:\\\/\\\/climatetoolkit.org\\\/wp-content\\\/uploads\\\/2020\\\/05\\\/C_logo.png\",\"contentUrl\":\"https:\\\/\\\/climatetoolkit.org\\\/wp-content\\\/uploads\\\/2020\\\/05\\\/C_logo.png\",\"width\":512,\"height\":512,\"caption\":\"The Climate Toolkit\"},\"image\":{\"@id\":\"https:\\\/\\\/climatetoolkit.org\\\/#\\\/schema\\\/logo\\\/image\\\/\"}}]}<\/script>\n<!-- \/ Yoast SEO plugin. -->","yoast_head_json":{"title":"Dagordning f\u00f6r symposiet - Verktygsl\u00e5dan f\u00f6r klimatet","robots":{"index":"index","follow":"follow","max-snippet":"max-snippet:-1","max-image-preview":"max-image-preview:large","max-video-preview":"max-video-preview:-1"},"canonical":"https:\/\/climatetoolkit.org\/sv\/symposium-agenda\/","og_locale":"sv_SE","og_type":"article","og_title":"Symposium Agenda - The Climate Toolkit","og_description":"Climate Toolkit Symposium Agenda Opening Evening Reception SUN., OCT. 26, 6 \u2013 9 P.M. \ud83c\udf34 Welcome to the Symposium! Held against the backdrop of Phipps Conservatory&#8217;s lush Tropical Forest Panama exhibit and Special Events Hall, this welcoming event will feature &hellip; Symposium Agenda L\u00e4s mer &raquo;","og_url":"https:\/\/climatetoolkit.org\/sv\/symposium-agenda\/","og_site_name":"The Climate Toolkit","article_modified_time":"2025-10-17T18:24:16+00:00","og_image":[{"width":2100,"height":1260,"url":"https:\/\/climatetoolkit.org\/wp-content\/uploads\/2025\/10\/symposium_2.jpg","type":"image\/jpeg"}],"twitter_card":"summary_large_image","twitter_misc":{"Ber\u00e4knad l\u00e4stid":"5 minuter"},"schema":{"@context":"https:\/\/schema.org","@graph":[{"@type":"WebPage","@id":"https:\/\/climatetoolkit.org\/symposium-agenda\/","url":"https:\/\/climatetoolkit.org\/symposium-agenda\/","name":"Dagordning f\u00f6r symposiet - Verktygsl\u00e5dan f\u00f6r klimatet","isPartOf":{"@id":"https:\/\/climatetoolkit.org\/#website"},"primaryImageOfPage":{"@id":"https:\/\/climatetoolkit.org\/symposium-agenda\/#primaryimage"},"image":{"@id":"https:\/\/climatetoolkit.org\/symposium-agenda\/#primaryimage"},"thumbnailUrl":"https:\/\/climatetoolkit.org\/wp-content\/uploads\/2025\/10\/symposium_2-1024x614.jpg","datePublished":"2025-08-01T17:42:19+00:00","dateModified":"2025-10-17T18:24:16+00:00","breadcrumb":{"@id":"https:\/\/climatetoolkit.org\/symposium-agenda\/#breadcrumb"},"inLanguage":"sv-SE","potentialAction":[{"@type":"ReadAction","target":["https:\/\/climatetoolkit.org\/symposium-agenda\/"]}]},{"@type":"ImageObject","inLanguage":"sv-SE","@id":"https:\/\/climatetoolkit.org\/symposium-agenda\/#primaryimage","url":"https:\/\/climatetoolkit.org\/wp-content\/uploads\/2025\/10\/symposium_2-1024x614.jpg","contentUrl":"https:\/\/climatetoolkit.org\/wp-content\/uploads\/2025\/10\/symposium_2-1024x614.jpg"},{"@type":"BreadcrumbList","@id":"https:\/\/climatetoolkit.org\/symposium-agenda\/#breadcrumb","itemListElement":[{"@type":"ListItem","position":1,"name":"Home","item":"https:\/\/climatetoolkit.org\/"},{"@type":"ListItem","position":2,"name":"Symposium Agenda"}]},{"@type":"WebSite","@id":"https:\/\/climatetoolkit.org\/#website","url":"https:\/\/climatetoolkit.org\/","name":"Verktygsl\u00e5da f\u00f6r klimat","description":"F\u00f6r museer, tr\u00e4dg\u00e5rdar och djurparker","publisher":{"@id":"https:\/\/climatetoolkit.org\/#organization"},"potentialAction":[{"@type":"SearchAction","target":{"@type":"EntryPoint","urlTemplate":"https:\/\/climatetoolkit.org\/?s={search_term_string}"},"query-input":{"@type":"PropertyValueSpecification","valueRequired":true,"valueName":"search_term_string"}}],"inLanguage":"sv-SE"},{"@type":"Organization","@id":"https:\/\/climatetoolkit.org\/#organization","name":"Verktygsl\u00e5da f\u00f6r klimat","url":"https:\/\/climatetoolkit.org\/","logo":{"@type":"ImageObject","inLanguage":"sv-SE","@id":"https:\/\/climatetoolkit.org\/#\/schema\/logo\/image\/","url":"https:\/\/climatetoolkit.org\/wp-content\/uploads\/2020\/05\/C_logo.png","contentUrl":"https:\/\/climatetoolkit.org\/wp-content\/uploads\/2020\/05\/C_logo.png","width":512,"height":512,"caption":"The Climate Toolkit"},"image":{"@id":"https:\/\/climatetoolkit.org\/#\/schema\/logo\/image\/"}}]}},"coauthors":[],"author_meta":{"author_link":"https:\/\/climatetoolkit.org\/sv\/author\/joe\/","display_name":"joe reed"},"relative_dates":{"created":"Publicerad 8 m\u00e5nader sedan","modified":"Uppdaterad 6 m\u00e5nader sedan"},"absolute_dates":{"created":"Publicerat den augusti 1, 2025","modified":"Uppdaterad den oktober 17, 2025"},"absolute_dates_time":{"created":"Publicerat den augusti 1, 2025 1:42 e m","modified":"Uppdaterad den oktober 17, 2025 2:24 e m"},"featured_img_caption":"","featured_img":false,"series_order":"","_links":{"self":[{"href":"https:\/\/climatetoolkit.org\/sv\/wp-json\/wp\/v2\/pages\/4586","targetHints":{"allow":["GET"]}}],"collection":[{"href":"https:\/\/climatetoolkit.org\/sv\/wp-json\/wp\/v2\/pages"}],"about":[{"href":"https:\/\/climatetoolkit.org\/sv\/wp-json\/wp\/v2\/types\/page"}],"author":[{"embeddable":true,"href":"https:\/\/climatetoolkit.org\/sv\/wp-json\/wp\/v2\/users\/2"}],"replies":[{"embeddable":true,"href":"https:\/\/climatetoolkit.org\/sv\/wp-json\/wp\/v2\/comments?post=4586"}],"version-history":[{"count":100,"href":"https:\/\/climatetoolkit.org\/sv\/wp-json\/wp\/v2\/pages\/4586\/revisions"}],"predecessor-version":[{"id":4985,"href":"https:\/\/climatetoolkit.org\/sv\/wp-json\/wp\/v2\/pages\/4586\/revisions\/4985"}],"wp:attachment":[{"href":"https:\/\/climatetoolkit.org\/sv\/wp-json\/wp\/v2\/media?parent=4586"}],"curies":[{"name":"wp","href":"https:\/\/api.w.org\/{rel}","templated":true}]}}