{"id":4036,"date":"2024-12-12T15:43:28","date_gmt":"2024-12-12T20:43:28","guid":{"rendered":"https:\/\/climatetoolkit.org\/?page_id=4036"},"modified":"2024-12-18T19:12:08","modified_gmt":"2024-12-19T00:12:08","slug":"climate-toolkit-working-groups","status":"publish","type":"page","link":"https:\/\/climatetoolkit.org\/sv\/climate-toolkit-working-groups\/","title":{"rendered":"Arbetsgrupper"},"content":{"rendered":"<div class=\"wp-block-image\">\n<figure class=\"aligncenter size-large is-resized\"><img decoding=\"async\" width=\"1024\" height=\"512\" src=\"https:\/\/climatetoolkit.org\/wp-content\/uploads\/2024\/12\/working-groups-1024x512.jpg\" alt=\"\" class=\"wp-image-4049\" style=\"width:768px\" srcset=\"https:\/\/climatetoolkit.org\/wp-content\/uploads\/2024\/12\/working-groups-1024x512.jpg 1024w, https:\/\/climatetoolkit.org\/wp-content\/uploads\/2024\/12\/working-groups-300x150.jpg 300w, https:\/\/climatetoolkit.org\/wp-content\/uploads\/2024\/12\/working-groups-768x384.jpg 768w, https:\/\/climatetoolkit.org\/wp-content\/uploads\/2024\/12\/working-groups-18x9.jpg 18w, https:\/\/climatetoolkit.org\/wp-content\/uploads\/2024\/12\/working-groups-450x225.jpg 450w, https:\/\/climatetoolkit.org\/wp-content\/uploads\/2024\/12\/working-groups-100x50.jpg 100w, https:\/\/climatetoolkit.org\/wp-content\/uploads\/2024\/12\/working-groups-150x75.jpg 150w, https:\/\/climatetoolkit.org\/wp-content\/uploads\/2024\/12\/working-groups-200x100.jpg 200w, https:\/\/climatetoolkit.org\/wp-content\/uploads\/2024\/12\/working-groups-600x300.jpg 600w, https:\/\/climatetoolkit.org\/wp-content\/uploads\/2024\/12\/working-groups-900x450.jpg 900w, https:\/\/climatetoolkit.org\/wp-content\/uploads\/2024\/12\/working-groups.jpg 1494w\" sizes=\"(max-width: 1024px) 100vw, 1024px\" \/><\/figure>\n<\/div>\n\n\n<p>Climate Toolkit Working Groups ger m\u00f6jligheter till djupare l\u00e4rande och peer-to-peer-engagemang kring s\u00e4rskilda klimat\u00e4mnen. Toolkit Working Groups uppst\u00e5r organiskt genom behoven hos v\u00e5ra medlemsinstitutioner och \u00e4r uppbyggda enligt f\u00f6ljande <a href=\"https:\/\/www.communityofpractice.ca\/background\/what-is-a-community-of-practice\/\">praktikgemenskaper<\/a>.<\/p>\n\n\n\n<p>En praxisgemenskap har vanligtvis tre gemensamma egenskaper:<\/p>\n\n\n\n<ul class=\"wp-block-list\">\n<li><strong>Dom\u00e4n<\/strong>: Samh\u00e4llsmedlemmarna har en gemensam dom\u00e4n av intresse, kompetens och engagemang. Detta gemensamma omr\u00e5de skapar en gemensam grund, delaktighet, v\u00e4glett l\u00e4rande och meningsfull handling.<\/li>\n\n\n\n<li><strong>Gemenskap<\/strong>: Medlemmarna i gemenskapen arbetar med sina intresseomr\u00e5den genom interaktivitet, diskussioner, probleml\u00f6sning, informationsdelning och relationsbyggande, vilket fr\u00e4mjar kollektivt l\u00e4rande och en vilja att dela med sig av id\u00e9er. <\/li>\n\n\n\n<li><strong>\u00d6vning<\/strong>: Medlemmarna blir aktiva ut\u00f6vare inom sitt intresseomr\u00e5de och bygger upp en upps\u00e4ttning kollektiva resurser och id\u00e9er som kan delas med en st\u00f6rre engagerad gemenskap. <\/li>\n<\/ul>\n\n\n\n<p>Toolkits interaktiva arbetsgrupper \u00e4r platser d\u00e4r kulturarbetare kan f\u00f6rdjupa sig i \u00e4mnen av \u00f6msesidigt intresse och samtidigt skapa samarbeten som driver f\u00e4ltet mot innovativa klimatl\u00f6sningar. Toolkit \u00e4r f\u00f6r n\u00e4rvarande v\u00e4rd f\u00f6r fyra aktiva arbetsgrupper. L\u00e4s om m\u00f6jligheterna nedan och registrera dig f\u00f6r att komma ig\u00e5ng:<\/p>\n\n\n\n<hr class=\"wp-block-separator has-alpha-channel-opacity\"\/>\n\n\n\n<h2 class=\"wp-block-heading\" id=\"electrification\">Elektrifiering<\/h2>\n\n\n\n<p><strong><a href=\"https:\/\/gaggle.email\/join\/ev-working-group@gaggle.email\">Arbetsgruppen f\u00f6r elektrifiering<\/a><\/strong><em> <\/em>tittar p\u00e5 alla aspekter och v\u00e4gar f\u00f6r att \u00f6verg\u00e5 fr\u00e5n fossilbr\u00e4nslebaserad landskapsutrustning, fordonspark och HVAC i byggnader och ist\u00e4llet omfamna elektriska alternativ. Elektrifieringsgruppen, som grundades av Morton Arboretum, \u00e4r den l\u00e4ngst p\u00e5g\u00e5ende arbetsgruppen i Toolkit och samlar experter och museiintressenter f\u00f6r att utforska autonoma elektriska gr\u00e4sklippare, nyttofordon, EV-traktorer och finansieringsstrategier f\u00f6r ren energi. Bland de st\u00f6rre institutioner som samarbetar inom denna grupp finns Santa Barbara Botanic Garden, Filoli House &amp; Gardens, Bernheim Arboretum, Smithsonian Institute, Cincinnati Art Museum, Mt Cuba Center, Holden Forests, Duke Farms m.fl.<\/p>\n\n\n\n<div class=\"wp-block-buttons is-layout-flex wp-block-buttons-is-layout-flex\">\n<div class=\"wp-block-button has-custom-font-size\" style=\"font-size:14px\"><a class=\"wp-block-button__link has-luminous-vivid-amber-background-color has-background wp-element-button\" href=\"https:\/\/gaggle.email\/join\/ev-working-group@gaggle.email\">G\u00e5 med i arbetsgruppen f\u00f6r elektrifiering<\/a><\/div>\n<\/div>\n\n\n\n<hr class=\"wp-block-separator has-alpha-channel-opacity\"\/>\n\n\n\n<h2 class=\"wp-block-heading\" id=\"decarbonization\">V\u00e4xthuset Avkarbonisering<\/h2>\n\n\n\n<p><strong><a href=\"https:\/\/gaggle.email\/join\/glasshouse-decarbonization@gaggle.email\">Glasshouse arbetsgrupp f\u00f6r minskade koldioxidutsl\u00e4pp<\/a><\/strong><em> <\/em>\u00e4r en global m\u00f6jlighet f\u00f6r botaniska tr\u00e4dg\u00e5rdar och museer med historiska v\u00e4xthus och vintertr\u00e4dg\u00e5rdar att utbyta resurser och erfarenheter inom strategier f\u00f6r minskade koldioxidutsl\u00e4pp. V\u00e4xthus \u00e4r notoriskt energikr\u00e4vande och ineffektiva strukturer - inom denna grupp finns en verklig m\u00f6jlighet att f\u00f6rnya sig inom omr\u00e5det och sprida l\u00f6sningar f\u00f6r minskade koldioxidutsl\u00e4pp som s\u00e4llan har utforskats i detta utrymme, inklusive geotermisk v\u00e4rme, elektriska v\u00e4rmepumpar, golvv\u00e4rme, solv\u00e4rme och mer. I styrgruppen f\u00f6r minskade koldioxidutsl\u00e4pp ing\u00e5r Royal Botanic Gardens Kew, Royal Botanic Gardens Edinburgh och World Monuments Fund, med institutionellt deltagande fr\u00e5n bland annat New York Botanical Garden, Chihuly Gardens &amp; Glass, Atlanta Botanical Garden och Historic New England.\u00a0\u00a0<\/p>\n\n\n\n<div class=\"wp-block-buttons is-layout-flex wp-block-buttons-is-layout-flex\">\n<div class=\"wp-block-button has-custom-font-size\" style=\"font-size:14px\"><a class=\"wp-block-button__link has-luminous-vivid-amber-background-color has-background wp-element-button\" href=\"https:\/\/gaggle.email\/join\/glasshouse-decarbonization@gaggle.email\">G\u00e5 med i Glasshouse arbetsgrupp f\u00f6r minskade koldioxidutsl\u00e4pp<\/a><\/div>\n<\/div>\n\n\n\n<hr class=\"wp-block-separator has-alpha-channel-opacity\"\/>\n\n\n\n<h2 class=\"wp-block-heading\" id=\"youth\">N\u00e4tverk f\u00f6r ungdomar<\/h2>\n\n\n\n<p><strong><a href=\"https:\/\/climatetoolkit.org\/sv\/youth\/join-us\/\">Ungdomsn\u00e4tverket f\u00f6r klimatverktygsl\u00e5dan<\/a><\/strong> fungerar som ett resurs- och kontaktn\u00e4tverk f\u00f6r museer och kulturinstitutioner som f\u00f6r n\u00e4rvarande har aktiva klimatgrupper f\u00f6r ungdomar eller \u00e4r intresserade av att bilda s\u00e5dana grupper. CTYN \u00e4r utformat efter Climate Toolkit och \u00e4r ett s\u00e4rskilt utrymme f\u00f6r ungdomsgrupper att f\u00e5 kontakt med varandra, utbyta fallstudier, klimatpositiv inspiration och resurser och i allm\u00e4nhet fungera som ett utrymme f\u00f6r st\u00f6d f\u00f6r ungdomars klimatarbete. CTYN skapar ocks\u00e5 en plattform f\u00f6r personal som arbetar med ungdomsgrupper f\u00f6r att utbyta b\u00e4sta praxis f\u00f6r allyship mellan vuxna och ungdomar, diskutera finansieringsm\u00f6jligheter, dela resurser och verktyg och bilda partnerskap. CTYN g\u00f6r det m\u00f6jligt f\u00f6r ungdomsgrupper som YCAC att f\u00e5 st\u00f6rre genomslagskraft genom att f\u00f6rst\u00e4rka deras arbete och m\u00f6jligg\u00f6ra ett robust samarbete mellan ungdomar och mellan personal.\u00a0<\/p>\n\n\n\n<div class=\"wp-block-buttons is-layout-flex wp-block-buttons-is-layout-flex\">\n<div class=\"wp-block-button has-custom-font-size\" style=\"font-size:14px\"><a class=\"wp-block-button__link has-luminous-vivid-amber-background-color has-background wp-element-button\" href=\"https:\/\/climatetoolkit.org\/sv\/youth\/join-us\/\">G\u00e5 med i Climate Toolkit Youth Network<\/a><\/div>\n<\/div>\n\n\n\n<hr class=\"wp-block-separator has-alpha-channel-opacity\"\/>\n\n\n\n<h2 class=\"wp-block-heading\" id=\"interpretation\">Klimat och tolkning<\/h2>\n\n\n\n<p><strong>Arbetsgruppen f\u00f6r klimat och tolkning<\/strong><em> <\/em>\u00e4r den nyaste arbetsgruppen i verktygsl\u00e5dan och syftar till att samla en robust styrgrupp med klimattolkningsexperter fr\u00e5n The Climate Museum, Denver Botanic Gardens, Anchorage Museum, Museum of Contemporary Arts (MOCA) Los Angeles, Natural History Museum of Utah, Science World, National Aquarium och andra f\u00f6r att diskutera interinstitutionella samarbeten om klimatbudskap och interventioner i utst\u00e4llningsutrymmen.<\/p>\n\n\n\n<p><em>Denna arbetsgrupp kommer att vara \u00f6ppen f\u00f6r deltagande inom kort.<\/em><\/p>\n\n\n\n<hr class=\"wp-block-separator has-alpha-channel-opacity\"\/>\n\n\n\n<p>Letar du efter m\u00f6jligheter att utforska andra fokusomr\u00e5den eller klimat\u00e5taganden som inte f\u00e5ngas upp i ovanst\u00e5ende grupper? <strong><a href=\"mailto:climatetoolkit@phipps.conservatory.org\">Kontakta oss via e-post<\/a><\/strong> och l\u00e5t oss starta en konversation!<\/p>\n\n\n\n<p><\/p>","protected":false},"excerpt":{"rendered":"<p>Climate Toolkit Working Groups ger m\u00f6jligheter till djupare l\u00e4rande och peer-to-peer-engagemang kring s\u00e4rskilda klimat\u00e4mnen. Toolkit Working Groups uppst\u00e5r organiskt genom behoven hos v\u00e5ra medlemsinstitutioner och \u00e4r strukturerade som praktikgemenskaper. En praxisgemenskap best\u00e5r vanligtvis av ...<\/p>\n<p class=\"read-more\"> <a class=\"\" href=\"https:\/\/climatetoolkit.org\/sv\/climate-toolkit-working-groups\/\"> <span class=\"screen-reader-text\">Arbetsgrupper<\/span> L\u00e4s mer \"<\/a><\/p>","protected":false},"author":2,"featured_media":0,"parent":0,"menu_order":0,"comment_status":"closed","ping_status":"closed","template":"","meta":{"_acf_changed":false,"inline_featured_image":false,"advgb_blocks_editor_width":"","advgb_blocks_columns_visual_guide":"","footnotes":""},"class_list":["post-4036","page","type-page","status-publish","hentry"],"acf":[],"yoast_head":"<!-- This site is optimized with the Yoast SEO plugin v27.4 - https:\/\/yoast.com\/product\/yoast-seo-wordpress\/ -->\n<title>Working Groups - The Climate Toolkit<\/title>\n<meta name=\"robots\" content=\"index, follow, max-snippet:-1, max-image-preview:large, max-video-preview:-1\" \/>\n<link rel=\"canonical\" href=\"https:\/\/climatetoolkit.org\/sv\/climate-toolkit-working-groups\/\" \/>\n<meta property=\"og:locale\" content=\"sv_SE\" \/>\n<meta property=\"og:type\" content=\"article\" \/>\n<meta property=\"og:title\" content=\"Working Groups - The Climate Toolkit\" \/>\n<meta property=\"og:description\" content=\"Climate Toolkit Working Groups provide opportunities for deeper learning and peer-to-peer engagement around particular climate topics. Toolkit Working Groups arise organically through the needs of our member institutions and are structured as communities of practice. A community of practice typically &hellip; Working Groups L\u00e4s mer &raquo;\" \/>\n<meta property=\"og:url\" content=\"https:\/\/climatetoolkit.org\/sv\/climate-toolkit-working-groups\/\" \/>\n<meta property=\"og:site_name\" content=\"The Climate Toolkit\" \/>\n<meta property=\"article:modified_time\" content=\"2024-12-19T00:12:08+00:00\" \/>\n<meta property=\"og:image\" content=\"https:\/\/climatetoolkit.org\/wp-content\/uploads\/2024\/12\/working-groups.jpg\" \/>\n\t<meta property=\"og:image:width\" content=\"1494\" \/>\n\t<meta property=\"og:image:height\" content=\"747\" \/>\n\t<meta property=\"og:image:type\" content=\"image\/jpeg\" \/>\n<meta name=\"twitter:card\" content=\"summary_large_image\" \/>\n<meta name=\"twitter:label1\" content=\"Ber\u00e4knad l\u00e4stid\" \/>\n\t<meta name=\"twitter:data1\" content=\"4 minuter\" \/>\n<script type=\"application\/ld+json\" class=\"yoast-schema-graph\">{\"@context\":\"https:\\\/\\\/schema.org\",\"@graph\":[{\"@type\":\"WebPage\",\"@id\":\"https:\\\/\\\/climatetoolkit.org\\\/climate-toolkit-working-groups\\\/\",\"url\":\"https:\\\/\\\/climatetoolkit.org\\\/climate-toolkit-working-groups\\\/\",\"name\":\"Working Groups - The Climate Toolkit\",\"isPartOf\":{\"@id\":\"https:\\\/\\\/climatetoolkit.org\\\/#website\"},\"primaryImageOfPage\":{\"@id\":\"https:\\\/\\\/climatetoolkit.org\\\/climate-toolkit-working-groups\\\/#primaryimage\"},\"image\":{\"@id\":\"https:\\\/\\\/climatetoolkit.org\\\/climate-toolkit-working-groups\\\/#primaryimage\"},\"thumbnailUrl\":\"https:\\\/\\\/climatetoolkit.org\\\/wp-content\\\/uploads\\\/2024\\\/12\\\/working-groups-1024x512.jpg\",\"datePublished\":\"2024-12-12T20:43:28+00:00\",\"dateModified\":\"2024-12-19T00:12:08+00:00\",\"breadcrumb\":{\"@id\":\"https:\\\/\\\/climatetoolkit.org\\\/climate-toolkit-working-groups\\\/#breadcrumb\"},\"inLanguage\":\"sv-SE\",\"potentialAction\":[{\"@type\":\"ReadAction\",\"target\":[\"https:\\\/\\\/climatetoolkit.org\\\/climate-toolkit-working-groups\\\/\"]}]},{\"@type\":\"ImageObject\",\"inLanguage\":\"sv-SE\",\"@id\":\"https:\\\/\\\/climatetoolkit.org\\\/climate-toolkit-working-groups\\\/#primaryimage\",\"url\":\"https:\\\/\\\/climatetoolkit.org\\\/wp-content\\\/uploads\\\/2024\\\/12\\\/working-groups-1024x512.jpg\",\"contentUrl\":\"https:\\\/\\\/climatetoolkit.org\\\/wp-content\\\/uploads\\\/2024\\\/12\\\/working-groups-1024x512.jpg\"},{\"@type\":\"BreadcrumbList\",\"@id\":\"https:\\\/\\\/climatetoolkit.org\\\/climate-toolkit-working-groups\\\/#breadcrumb\",\"itemListElement\":[{\"@type\":\"ListItem\",\"position\":1,\"name\":\"Home\",\"item\":\"https:\\\/\\\/climatetoolkit.org\\\/\"},{\"@type\":\"ListItem\",\"position\":2,\"name\":\"Working Groups\"}]},{\"@type\":\"WebSite\",\"@id\":\"https:\\\/\\\/climatetoolkit.org\\\/#website\",\"url\":\"https:\\\/\\\/climatetoolkit.org\\\/\",\"name\":\"The Climate Toolkit\",\"description\":\"For Museums, Gardens and Zoos\",\"publisher\":{\"@id\":\"https:\\\/\\\/climatetoolkit.org\\\/#organization\"},\"potentialAction\":[{\"@type\":\"SearchAction\",\"target\":{\"@type\":\"EntryPoint\",\"urlTemplate\":\"https:\\\/\\\/climatetoolkit.org\\\/?s={search_term_string}\"},\"query-input\":{\"@type\":\"PropertyValueSpecification\",\"valueRequired\":true,\"valueName\":\"search_term_string\"}}],\"inLanguage\":\"sv-SE\"},{\"@type\":\"Organization\",\"@id\":\"https:\\\/\\\/climatetoolkit.org\\\/#organization\",\"name\":\"The Climate Toolkit\",\"url\":\"https:\\\/\\\/climatetoolkit.org\\\/\",\"logo\":{\"@type\":\"ImageObject\",\"inLanguage\":\"sv-SE\",\"@id\":\"https:\\\/\\\/climatetoolkit.org\\\/#\\\/schema\\\/logo\\\/image\\\/\",\"url\":\"https:\\\/\\\/climatetoolkit.org\\\/wp-content\\\/uploads\\\/2020\\\/05\\\/C_logo.png\",\"contentUrl\":\"https:\\\/\\\/climatetoolkit.org\\\/wp-content\\\/uploads\\\/2020\\\/05\\\/C_logo.png\",\"width\":512,\"height\":512,\"caption\":\"The Climate Toolkit\"},\"image\":{\"@id\":\"https:\\\/\\\/climatetoolkit.org\\\/#\\\/schema\\\/logo\\\/image\\\/\"}}]}<\/script>\n<!-- \/ Yoast SEO plugin. -->","yoast_head_json":{"title":"Arbetsgrupper - The Climate Toolkit","robots":{"index":"index","follow":"follow","max-snippet":"max-snippet:-1","max-image-preview":"max-image-preview:large","max-video-preview":"max-video-preview:-1"},"canonical":"https:\/\/climatetoolkit.org\/sv\/climate-toolkit-working-groups\/","og_locale":"sv_SE","og_type":"article","og_title":"Working Groups - The Climate Toolkit","og_description":"Climate Toolkit Working Groups provide opportunities for deeper learning and peer-to-peer engagement around particular climate topics. Toolkit Working Groups arise organically through the needs of our member institutions and are structured as communities of practice. A community of practice typically &hellip; Working Groups L\u00e4s mer &raquo;","og_url":"https:\/\/climatetoolkit.org\/sv\/climate-toolkit-working-groups\/","og_site_name":"The Climate Toolkit","article_modified_time":"2024-12-19T00:12:08+00:00","og_image":[{"width":1494,"height":747,"url":"https:\/\/climatetoolkit.org\/wp-content\/uploads\/2024\/12\/working-groups.jpg","type":"image\/jpeg"}],"twitter_card":"summary_large_image","twitter_misc":{"Ber\u00e4knad l\u00e4stid":"4 minuter"},"schema":{"@context":"https:\/\/schema.org","@graph":[{"@type":"WebPage","@id":"https:\/\/climatetoolkit.org\/climate-toolkit-working-groups\/","url":"https:\/\/climatetoolkit.org\/climate-toolkit-working-groups\/","name":"Arbetsgrupper - The Climate Toolkit","isPartOf":{"@id":"https:\/\/climatetoolkit.org\/#website"},"primaryImageOfPage":{"@id":"https:\/\/climatetoolkit.org\/climate-toolkit-working-groups\/#primaryimage"},"image":{"@id":"https:\/\/climatetoolkit.org\/climate-toolkit-working-groups\/#primaryimage"},"thumbnailUrl":"https:\/\/climatetoolkit.org\/wp-content\/uploads\/2024\/12\/working-groups-1024x512.jpg","datePublished":"2024-12-12T20:43:28+00:00","dateModified":"2024-12-19T00:12:08+00:00","breadcrumb":{"@id":"https:\/\/climatetoolkit.org\/climate-toolkit-working-groups\/#breadcrumb"},"inLanguage":"sv-SE","potentialAction":[{"@type":"ReadAction","target":["https:\/\/climatetoolkit.org\/climate-toolkit-working-groups\/"]}]},{"@type":"ImageObject","inLanguage":"sv-SE","@id":"https:\/\/climatetoolkit.org\/climate-toolkit-working-groups\/#primaryimage","url":"https:\/\/climatetoolkit.org\/wp-content\/uploads\/2024\/12\/working-groups-1024x512.jpg","contentUrl":"https:\/\/climatetoolkit.org\/wp-content\/uploads\/2024\/12\/working-groups-1024x512.jpg"},{"@type":"BreadcrumbList","@id":"https:\/\/climatetoolkit.org\/climate-toolkit-working-groups\/#breadcrumb","itemListElement":[{"@type":"ListItem","position":1,"name":"Home","item":"https:\/\/climatetoolkit.org\/"},{"@type":"ListItem","position":2,"name":"Working Groups"}]},{"@type":"WebSite","@id":"https:\/\/climatetoolkit.org\/#website","url":"https:\/\/climatetoolkit.org\/","name":"Verktygsl\u00e5da f\u00f6r klimat","description":"F\u00f6r museer, tr\u00e4dg\u00e5rdar och djurparker","publisher":{"@id":"https:\/\/climatetoolkit.org\/#organization"},"potentialAction":[{"@type":"SearchAction","target":{"@type":"EntryPoint","urlTemplate":"https:\/\/climatetoolkit.org\/?s={search_term_string}"},"query-input":{"@type":"PropertyValueSpecification","valueRequired":true,"valueName":"search_term_string"}}],"inLanguage":"sv-SE"},{"@type":"Organization","@id":"https:\/\/climatetoolkit.org\/#organization","name":"Verktygsl\u00e5da f\u00f6r klimat","url":"https:\/\/climatetoolkit.org\/","logo":{"@type":"ImageObject","inLanguage":"sv-SE","@id":"https:\/\/climatetoolkit.org\/#\/schema\/logo\/image\/","url":"https:\/\/climatetoolkit.org\/wp-content\/uploads\/2020\/05\/C_logo.png","contentUrl":"https:\/\/climatetoolkit.org\/wp-content\/uploads\/2020\/05\/C_logo.png","width":512,"height":512,"caption":"The Climate Toolkit"},"image":{"@id":"https:\/\/climatetoolkit.org\/#\/schema\/logo\/image\/"}}]}},"coauthors":[],"author_meta":{"author_link":"https:\/\/climatetoolkit.org\/sv\/author\/joe\/","display_name":"joe reed"},"relative_dates":{"created":"Publicerad 1 \u00e5r sedan","modified":"Uppdaterad 1 \u00e5r sedan"},"absolute_dates":{"created":"Publicerat den december 12, 2024","modified":"Uppdaterad den december 18, 2024"},"absolute_dates_time":{"created":"Publicerat den december 12, 2024 3:43 e m","modified":"Uppdaterad den december 18, 2024 7:12 e m"},"featured_img_caption":"","featured_img":false,"series_order":"","_links":{"self":[{"href":"https:\/\/climatetoolkit.org\/sv\/wp-json\/wp\/v2\/pages\/4036","targetHints":{"allow":["GET"]}}],"collection":[{"href":"https:\/\/climatetoolkit.org\/sv\/wp-json\/wp\/v2\/pages"}],"about":[{"href":"https:\/\/climatetoolkit.org\/sv\/wp-json\/wp\/v2\/types\/page"}],"author":[{"embeddable":true,"href":"https:\/\/climatetoolkit.org\/sv\/wp-json\/wp\/v2\/users\/2"}],"replies":[{"embeddable":true,"href":"https:\/\/climatetoolkit.org\/sv\/wp-json\/wp\/v2\/comments?post=4036"}],"version-history":[{"count":17,"href":"https:\/\/climatetoolkit.org\/sv\/wp-json\/wp\/v2\/pages\/4036\/revisions"}],"predecessor-version":[{"id":4067,"href":"https:\/\/climatetoolkit.org\/sv\/wp-json\/wp\/v2\/pages\/4036\/revisions\/4067"}],"wp:attachment":[{"href":"https:\/\/climatetoolkit.org\/sv\/wp-json\/wp\/v2\/media?parent=4036"}],"curies":[{"name":"wp","href":"https:\/\/api.w.org\/{rel}","templated":true}]}}