{"id":2477,"date":"2023-08-24T12:51:57","date_gmt":"2023-08-24T16:51:57","guid":{"rendered":"https:\/\/climatetoolkit.org\/?page_id=2477"},"modified":"2023-08-24T12:54:04","modified_gmt":"2023-08-24T16:54:04","slug":"aam","status":"publish","type":"page","link":"https:\/\/climatetoolkit.org\/sv\/aam\/","title":{"rendered":"Amerikanska museialliansen (AAM)"},"content":{"rendered":"<div class=\"wp-block-image\">\n<figure class=\"aligncenter size-large is-resized\"><img decoding=\"async\" src=\"https:\/\/climatetoolkit.org\/wp-content\/uploads\/2023\/08\/AAM-1024x462.png\" alt=\"\" class=\"wp-image-2478\" width=\"512\" height=\"231\" srcset=\"https:\/\/climatetoolkit.org\/wp-content\/uploads\/2023\/08\/AAM-1024x462.png 1024w, https:\/\/climatetoolkit.org\/wp-content\/uploads\/2023\/08\/AAM-300x135.png 300w, https:\/\/climatetoolkit.org\/wp-content\/uploads\/2023\/08\/AAM-768x346.png 768w, https:\/\/climatetoolkit.org\/wp-content\/uploads\/2023\/08\/AAM-1536x693.png 1536w, https:\/\/climatetoolkit.org\/wp-content\/uploads\/2023\/08\/AAM-100x45.png 100w, https:\/\/climatetoolkit.org\/wp-content\/uploads\/2023\/08\/AAM-150x68.png 150w, https:\/\/climatetoolkit.org\/wp-content\/uploads\/2023\/08\/AAM-200x90.png 200w, https:\/\/climatetoolkit.org\/wp-content\/uploads\/2023\/08\/AAM-450x203.png 450w, https:\/\/climatetoolkit.org\/wp-content\/uploads\/2023\/08\/AAM-600x271.png 600w, https:\/\/climatetoolkit.org\/wp-content\/uploads\/2023\/08\/AAM-900x406.png 900w, https:\/\/climatetoolkit.org\/wp-content\/uploads\/2023\/08\/AAM.png 1996w\" sizes=\"(max-width: 512px) 100vw, 512px\" \/><\/figure>\n<\/div>\n\n\n<p>Den <a href=\"https:\/\/www.aam-us.org\/\">Amerikanska museialliansen<\/a> (AAM) \u00e4r att verka f\u00f6r r\u00e4ttvisa och effektiva museer genom att skapa kontakter mellan m\u00e4nniskor, fr\u00e4mja l\u00e4rande och gemenskap samt fr\u00e4mja museernas kvalitet. AAM:s vision \u00e4r en r\u00e4ttvis och h\u00e5llbar v\u00e4rld som informeras och berikas av blomstrande museer som bidrar till motst\u00e5ndskraft och r\u00e4ttvisa i sina samh\u00e4llen. Organisationens v\u00e4rderingar \u00e4r ocks\u00e5 en stor del av deras identitet: partnerskap, tillg\u00e5ng och inkludering, mod och excellens.<\/p>\n\n\n\n<p>AAM st\u00f6djer ett n\u00e4tverk med \u00f6ver 35 000 museer och museiprofessionella, allt fr\u00e5n konst- och historiemuseer till vetenskapscenter och djurparker. De \u00e4r dedikerade till att skapa en k\u00e4nsla av gemenskap genom fyra strategiska prioriteringar som listas som social &amp; samh\u00e4llsp\u00e5verkan, DEAI &amp; antirasism, en omfattande museigemenskap och r\u00e4ttvisa som k\u00e4rnan i deras kultur. AAM har ocks\u00e5 f\u00f6r avsikt att uppn\u00e5 specifika m\u00e5l som fastst\u00e4llts inom ramen f\u00f6r ett tre\u00e5rigt strategiskt ramverk:<\/p>\n\n\n\n<ul class=\"wp-block-list\">\n<li>Fira, st\u00e4rka och sammanf\u00f6ra den professionella museigemenskapen i all dess m\u00e5ngfald.<\/li>\n\n\n\n<li>St\u00f6dja museipersonal i att l\u00e4ra av varandra, hantera kriser och \u00e5teruppbygga starka, relevanta och h\u00e5llbara institutioner.<\/li>\n\n\n\n<li>Leda museiomr\u00e5det i att bygga upp st\u00f6d f\u00f6r museer som en viktig infrastruktur i samh\u00e4llet och bli mer r\u00e4ttvisa, inkluderande och inflytelserika institutioner och samh\u00e4llspartner.<\/li>\n\n\n\n<li>Kritiskt granska AAM:s program och verksamhet f\u00f6r att s\u00e4kerst\u00e4lla att deras v\u00e4rderingar efterf\u00f6ljs.<\/li>\n<\/ul>\n\n\n\n<p>Ytterligare l\u00e4nkar fr\u00e5n American Alliance of Museums finns nedan:<\/p>\n\n\n\n<ul class=\"wp-block-list\">\n<li><a href=\"https:\/\/www.aam-us.org\/programs\/center-for-the-future-of-museums\/\">Centrum f\u00f6r museernas framtid<\/a><\/li>\n\n\n\n<li><a href=\"https:\/\/www.aam-us.org\/category\/alliance-labs\/\">Alliansens blogg<\/a><\/li>\n\n\n\n<li><a href=\"https:\/\/www.aam-us.org\/programs\/museums-fostering-belonging\/\">Museer fr\u00e4mjar tillh\u00f6righet<\/a><\/li>\n\n\n\n<li><a href=\"https:\/\/www.aam-us.org\/programs\/toolkits\/\">AAM:s verktygsl\u00e5dor och guider<\/a><\/li>\n\n\n\n<li><a href=\"https:\/\/www.aam-us.org\/programs\/about-aam\/professional-networks\/\">AAM:s professionella n\u00e4tverk<\/a><\/li>\n\n\n\n<li><a href=\"https:\/\/www.aam-us.org\/programs\/about-aam\/american-alliance-of-museums-strategic-plan\/\">AAM 2022-2025 Strategiskt ramverk<\/a><\/li>\n<\/ul>","protected":false},"excerpt":{"rendered":"<p>American Alliance of Museums (AAM) uppdrag \u00e4r att fr\u00e4mja r\u00e4ttvisa och effektiva museer genom att koppla samman m\u00e4nniskor, fr\u00e4mja l\u00e4rande och gemenskap och v\u00e5rda museets excellens. AAM:s vision \u00e4r en r\u00e4ttvis och h\u00e5llbar v\u00e4rld som informeras och berikas av blomstrande ...<\/p>\n<p class=\"read-more\"> <a class=\"\" href=\"https:\/\/climatetoolkit.org\/sv\/aam\/\"> <span class=\"screen-reader-text\">Amerikanska museialliansen (AAM)<\/span> L\u00e4s mer \"<\/a><\/p>","protected":false},"author":2,"featured_media":0,"parent":0,"menu_order":0,"comment_status":"closed","ping_status":"closed","template":"","meta":{"_acf_changed":false,"inline_featured_image":false,"advgb_blocks_editor_width":"","advgb_blocks_columns_visual_guide":"","footnotes":""},"class_list":["post-2477","page","type-page","status-publish","hentry"],"acf":[],"yoast_head":"<!-- This site is optimized with the Yoast SEO plugin v27.5 - https:\/\/yoast.com\/product\/yoast-seo-wordpress\/ -->\n<title>American Alliance of Museums (AAM) - The Climate Toolkit<\/title>\n<meta name=\"robots\" content=\"index, follow, max-snippet:-1, max-image-preview:large, max-video-preview:-1\" \/>\n<link rel=\"canonical\" href=\"https:\/\/climatetoolkit.org\/sv\/aam\/\" \/>\n<meta property=\"og:locale\" content=\"sv_SE\" \/>\n<meta property=\"og:type\" content=\"article\" \/>\n<meta property=\"og:title\" content=\"American Alliance of Museums (AAM) - The Climate Toolkit\" \/>\n<meta property=\"og:description\" content=\"The American Alliance of Museums (AAM) mission is to champion equitable and impactful museums by connecting people, fostering learning and community, and nurturing museum excellence. The vision of AAM is a just and sustainable world informed and enriched by thriving &hellip; American Alliance of Museums (AAM) L\u00e4s mer &raquo;\" \/>\n<meta property=\"og:url\" content=\"https:\/\/climatetoolkit.org\/sv\/aam\/\" \/>\n<meta property=\"og:site_name\" content=\"The Climate Toolkit\" \/>\n<meta property=\"article:modified_time\" content=\"2023-08-24T16:54:04+00:00\" \/>\n<meta property=\"og:image\" content=\"https:\/\/climatetoolkit.org\/wp-content\/uploads\/2023\/08\/AAM-1024x462.png\" \/>\n<meta name=\"twitter:card\" content=\"summary_large_image\" \/>\n<meta name=\"twitter:label1\" content=\"Ber\u00e4knad l\u00e4stid\" \/>\n\t<meta name=\"twitter:data1\" content=\"2 minuter\" \/>\n<script type=\"application\/ld+json\" class=\"yoast-schema-graph\">{\"@context\":\"https:\\\/\\\/schema.org\",\"@graph\":[{\"@type\":\"WebPage\",\"@id\":\"https:\\\/\\\/climatetoolkit.org\\\/aam\\\/\",\"url\":\"https:\\\/\\\/climatetoolkit.org\\\/aam\\\/\",\"name\":\"American Alliance of Museums (AAM) - The Climate Toolkit\",\"isPartOf\":{\"@id\":\"https:\\\/\\\/climatetoolkit.org\\\/#website\"},\"primaryImageOfPage\":{\"@id\":\"https:\\\/\\\/climatetoolkit.org\\\/aam\\\/#primaryimage\"},\"image\":{\"@id\":\"https:\\\/\\\/climatetoolkit.org\\\/aam\\\/#primaryimage\"},\"thumbnailUrl\":\"https:\\\/\\\/climatetoolkit.org\\\/wp-content\\\/uploads\\\/2023\\\/08\\\/AAM-1024x462.png\",\"datePublished\":\"2023-08-24T16:51:57+00:00\",\"dateModified\":\"2023-08-24T16:54:04+00:00\",\"breadcrumb\":{\"@id\":\"https:\\\/\\\/climatetoolkit.org\\\/aam\\\/#breadcrumb\"},\"inLanguage\":\"sv-SE\",\"potentialAction\":[{\"@type\":\"ReadAction\",\"target\":[\"https:\\\/\\\/climatetoolkit.org\\\/aam\\\/\"]}]},{\"@type\":\"ImageObject\",\"inLanguage\":\"sv-SE\",\"@id\":\"https:\\\/\\\/climatetoolkit.org\\\/aam\\\/#primaryimage\",\"url\":\"https:\\\/\\\/climatetoolkit.org\\\/wp-content\\\/uploads\\\/2023\\\/08\\\/AAM-1024x462.png\",\"contentUrl\":\"https:\\\/\\\/climatetoolkit.org\\\/wp-content\\\/uploads\\\/2023\\\/08\\\/AAM-1024x462.png\"},{\"@type\":\"BreadcrumbList\",\"@id\":\"https:\\\/\\\/climatetoolkit.org\\\/aam\\\/#breadcrumb\",\"itemListElement\":[{\"@type\":\"ListItem\",\"position\":1,\"name\":\"Home\",\"item\":\"https:\\\/\\\/climatetoolkit.org\\\/\"},{\"@type\":\"ListItem\",\"position\":2,\"name\":\"American Alliance of Museums (AAM)\"}]},{\"@type\":\"WebSite\",\"@id\":\"https:\\\/\\\/climatetoolkit.org\\\/#website\",\"url\":\"https:\\\/\\\/climatetoolkit.org\\\/\",\"name\":\"The Climate Toolkit\",\"description\":\"For Museums, Gardens and Zoos\",\"publisher\":{\"@id\":\"https:\\\/\\\/climatetoolkit.org\\\/#organization\"},\"potentialAction\":[{\"@type\":\"SearchAction\",\"target\":{\"@type\":\"EntryPoint\",\"urlTemplate\":\"https:\\\/\\\/climatetoolkit.org\\\/?s={search_term_string}\"},\"query-input\":{\"@type\":\"PropertyValueSpecification\",\"valueRequired\":true,\"valueName\":\"search_term_string\"}}],\"inLanguage\":\"sv-SE\"},{\"@type\":\"Organization\",\"@id\":\"https:\\\/\\\/climatetoolkit.org\\\/#organization\",\"name\":\"The Climate Toolkit\",\"url\":\"https:\\\/\\\/climatetoolkit.org\\\/\",\"logo\":{\"@type\":\"ImageObject\",\"inLanguage\":\"sv-SE\",\"@id\":\"https:\\\/\\\/climatetoolkit.org\\\/#\\\/schema\\\/logo\\\/image\\\/\",\"url\":\"https:\\\/\\\/climatetoolkit.org\\\/wp-content\\\/uploads\\\/2020\\\/05\\\/C_logo.png\",\"contentUrl\":\"https:\\\/\\\/climatetoolkit.org\\\/wp-content\\\/uploads\\\/2020\\\/05\\\/C_logo.png\",\"width\":512,\"height\":512,\"caption\":\"The Climate Toolkit\"},\"image\":{\"@id\":\"https:\\\/\\\/climatetoolkit.org\\\/#\\\/schema\\\/logo\\\/image\\\/\"}}]}<\/script>\n<!-- \/ Yoast SEO plugin. -->","yoast_head_json":{"title":"American Alliance of Museums (AAM) - Verktygsl\u00e5da f\u00f6r klimatfr\u00e5gor","robots":{"index":"index","follow":"follow","max-snippet":"max-snippet:-1","max-image-preview":"max-image-preview:large","max-video-preview":"max-video-preview:-1"},"canonical":"https:\/\/climatetoolkit.org\/sv\/aam\/","og_locale":"sv_SE","og_type":"article","og_title":"American Alliance of Museums (AAM) - The Climate Toolkit","og_description":"The American Alliance of Museums (AAM) mission is to champion equitable and impactful museums by connecting people, fostering learning and community, and nurturing museum excellence. The vision of AAM is a just and sustainable world informed and enriched by thriving &hellip; American Alliance of Museums (AAM) L\u00e4s mer &raquo;","og_url":"https:\/\/climatetoolkit.org\/sv\/aam\/","og_site_name":"The Climate Toolkit","article_modified_time":"2023-08-24T16:54:04+00:00","og_image":[{"url":"https:\/\/climatetoolkit.org\/wp-content\/uploads\/2023\/08\/AAM-1024x462.png","type":"","width":"","height":""}],"twitter_card":"summary_large_image","twitter_misc":{"Ber\u00e4knad l\u00e4stid":"2 minuter"},"schema":{"@context":"https:\/\/schema.org","@graph":[{"@type":"WebPage","@id":"https:\/\/climatetoolkit.org\/aam\/","url":"https:\/\/climatetoolkit.org\/aam\/","name":"American Alliance of Museums (AAM) - Verktygsl\u00e5da f\u00f6r klimatfr\u00e5gor","isPartOf":{"@id":"https:\/\/climatetoolkit.org\/#website"},"primaryImageOfPage":{"@id":"https:\/\/climatetoolkit.org\/aam\/#primaryimage"},"image":{"@id":"https:\/\/climatetoolkit.org\/aam\/#primaryimage"},"thumbnailUrl":"https:\/\/climatetoolkit.org\/wp-content\/uploads\/2023\/08\/AAM-1024x462.png","datePublished":"2023-08-24T16:51:57+00:00","dateModified":"2023-08-24T16:54:04+00:00","breadcrumb":{"@id":"https:\/\/climatetoolkit.org\/aam\/#breadcrumb"},"inLanguage":"sv-SE","potentialAction":[{"@type":"ReadAction","target":["https:\/\/climatetoolkit.org\/aam\/"]}]},{"@type":"ImageObject","inLanguage":"sv-SE","@id":"https:\/\/climatetoolkit.org\/aam\/#primaryimage","url":"https:\/\/climatetoolkit.org\/wp-content\/uploads\/2023\/08\/AAM-1024x462.png","contentUrl":"https:\/\/climatetoolkit.org\/wp-content\/uploads\/2023\/08\/AAM-1024x462.png"},{"@type":"BreadcrumbList","@id":"https:\/\/climatetoolkit.org\/aam\/#breadcrumb","itemListElement":[{"@type":"ListItem","position":1,"name":"Home","item":"https:\/\/climatetoolkit.org\/"},{"@type":"ListItem","position":2,"name":"American Alliance of Museums (AAM)"}]},{"@type":"WebSite","@id":"https:\/\/climatetoolkit.org\/#website","url":"https:\/\/climatetoolkit.org\/","name":"Verktygsl\u00e5da f\u00f6r klimat","description":"F\u00f6r museer, tr\u00e4dg\u00e5rdar och djurparker","publisher":{"@id":"https:\/\/climatetoolkit.org\/#organization"},"potentialAction":[{"@type":"SearchAction","target":{"@type":"EntryPoint","urlTemplate":"https:\/\/climatetoolkit.org\/?s={search_term_string}"},"query-input":{"@type":"PropertyValueSpecification","valueRequired":true,"valueName":"search_term_string"}}],"inLanguage":"sv-SE"},{"@type":"Organization","@id":"https:\/\/climatetoolkit.org\/#organization","name":"Verktygsl\u00e5da f\u00f6r klimat","url":"https:\/\/climatetoolkit.org\/","logo":{"@type":"ImageObject","inLanguage":"sv-SE","@id":"https:\/\/climatetoolkit.org\/#\/schema\/logo\/image\/","url":"https:\/\/climatetoolkit.org\/wp-content\/uploads\/2020\/05\/C_logo.png","contentUrl":"https:\/\/climatetoolkit.org\/wp-content\/uploads\/2020\/05\/C_logo.png","width":512,"height":512,"caption":"The Climate Toolkit"},"image":{"@id":"https:\/\/climatetoolkit.org\/#\/schema\/logo\/image\/"}}]}},"coauthors":[],"author_meta":{"author_link":"https:\/\/climatetoolkit.org\/sv\/author\/joe\/","display_name":"joe reed"},"relative_dates":{"created":"Publicerad 3 \u00e5r sedan","modified":"Uppdaterad 3 \u00e5r sedan"},"absolute_dates":{"created":"Publicerat den augusti 24, 2023","modified":"Uppdaterad den augusti 24, 2023"},"absolute_dates_time":{"created":"Publicerat den augusti 24, 2023 12:51 e m","modified":"Uppdaterad den augusti 24, 2023 12:54 e m"},"featured_img_caption":"","featured_img":false,"series_order":"","_links":{"self":[{"href":"https:\/\/climatetoolkit.org\/sv\/wp-json\/wp\/v2\/pages\/2477","targetHints":{"allow":["GET"]}}],"collection":[{"href":"https:\/\/climatetoolkit.org\/sv\/wp-json\/wp\/v2\/pages"}],"about":[{"href":"https:\/\/climatetoolkit.org\/sv\/wp-json\/wp\/v2\/types\/page"}],"author":[{"embeddable":true,"href":"https:\/\/climatetoolkit.org\/sv\/wp-json\/wp\/v2\/users\/2"}],"replies":[{"embeddable":true,"href":"https:\/\/climatetoolkit.org\/sv\/wp-json\/wp\/v2\/comments?post=2477"}],"version-history":[{"count":0,"href":"https:\/\/climatetoolkit.org\/sv\/wp-json\/wp\/v2\/pages\/2477\/revisions"}],"wp:attachment":[{"href":"https:\/\/climatetoolkit.org\/sv\/wp-json\/wp\/v2\/media?parent=2477"}],"curies":[{"name":"wp","href":"https:\/\/api.w.org\/{rel}","templated":true}]}}