{"id":2471,"date":"2023-08-24T12:45:01","date_gmt":"2023-08-24T16:45:01","guid":{"rendered":"https:\/\/climatetoolkit.org\/?page_id=2471"},"modified":"2023-08-24T12:54:48","modified_gmt":"2023-08-24T16:54:48","slug":"american-public-gardens-association-apga","status":"publish","type":"page","link":"https:\/\/climatetoolkit.org\/sv\/american-public-gardens-association-apga\/","title":{"rendered":"American Public Gardens Association (APGA)"},"content":{"rendered":"<div class=\"wp-block-image\">\n<figure class=\"aligncenter size-large is-resized\"><img decoding=\"async\" src=\"https:\/\/climatetoolkit.org\/wp-content\/uploads\/2023\/08\/APGA_rgb-1024x410.jpeg\" alt=\"\" class=\"wp-image-2472\" width=\"512\" height=\"205\" srcset=\"https:\/\/climatetoolkit.org\/wp-content\/uploads\/2023\/08\/APGA_rgb-1024x410.jpeg 1024w, https:\/\/climatetoolkit.org\/wp-content\/uploads\/2023\/08\/APGA_rgb-300x120.jpeg 300w, https:\/\/climatetoolkit.org\/wp-content\/uploads\/2023\/08\/APGA_rgb-768x307.jpeg 768w, https:\/\/climatetoolkit.org\/wp-content\/uploads\/2023\/08\/APGA_rgb-100x40.jpeg 100w, https:\/\/climatetoolkit.org\/wp-content\/uploads\/2023\/08\/APGA_rgb-150x60.jpeg 150w, https:\/\/climatetoolkit.org\/wp-content\/uploads\/2023\/08\/APGA_rgb-200x80.jpeg 200w, https:\/\/climatetoolkit.org\/wp-content\/uploads\/2023\/08\/APGA_rgb-450x180.jpeg 450w, https:\/\/climatetoolkit.org\/wp-content\/uploads\/2023\/08\/APGA_rgb-600x240.jpeg 600w, https:\/\/climatetoolkit.org\/wp-content\/uploads\/2023\/08\/APGA_rgb-900x360.jpeg 900w, https:\/\/climatetoolkit.org\/wp-content\/uploads\/2023\/08\/APGA_rgb.jpeg 1500w\" sizes=\"(max-width: 512px) 100vw, 512px\" \/><\/figure>\n<\/div>\n\n\n<p>Uppdraget f\u00f6r <a href=\"https:\/\/www.publicgardens.org\/\">Amerikanska f\u00f6reningen f\u00f6r offentliga tr\u00e4dg\u00e5rdar<\/a> (APGA) \u00e4r att fr\u00e4mja och utveckla offentliga tr\u00e4dg\u00e5rdar som ledare, f\u00f6respr\u00e5kare och innovat\u00f6rer inom bevarande och uppskattning av v\u00e4xter. APGA listar sin vision som en v\u00e4rld d\u00e4r offentliga tr\u00e4dg\u00e5rdar \u00e4r oumb\u00e4rliga. Ut\u00f6ver detta \u00e4r organisationens k\u00e4rnv\u00e4rden att odla passion, h\u00f6ja sin r\u00f6st, samarbeta autentiskt och v\u00e4xa eftert\u00e4nksamt.<\/p>\n\n\n\n<p>APGA har \u00f6ver 75 \u00e5rs erfarenhet av att utbilda allm\u00e4nheten i tr\u00e4dg\u00e5rdsodling genom att g\u00f6ra f\u00f6ljande:<\/p>\n\n\n\n<ul class=\"wp-block-list\">\n<li>Tillhandah\u00e5lla en referensgrupp f\u00f6r alla typer och storlekar av organisationer och yrkesverksamma inom offentlig tr\u00e4dg\u00e5rdsodling.<\/li>\n\n\n\n<li>Skapa ett kraftfullt nationellt och internationellt n\u00e4tverk f\u00f6r medlemmar och intresserade av tr\u00e4dg\u00e5rdsodling.<\/li>\n\n\n\n<li>Att vara proaktiv n\u00e4r det g\u00e4ller att tillhandah\u00e5lla b\u00e4sta praxis och resurser f\u00f6r professionell utveckling.<\/li>\n\n\n\n<li>Skapa insikter och f\u00f6rb\u00e4ttringar inom omr\u00e5det f\u00f6r offentlig tr\u00e4dg\u00e5rdsodling genom att tillhandah\u00e5lla en m\u00e4ngd olika n\u00e4tverksforum p\u00e5 plats och online.<\/li>\n<\/ul>\n\n\n\n<p>Resurser:<\/p>\n\n\n\n<ul class=\"wp-block-list\">\n<li><a href=\"https:\/\/www.publicgardens.org\/programs\/climate-change-sustainability-program\/about-climate-sustainability-alliance\">Klimat- och h\u00e5llbarhetsalliansen<\/a><\/li>\n\n\n\n<li><a href=\"https:\/\/www.publicgardens.org\/sustainability-index\">H\u00e5llbarhetsindex f\u00f6r offentliga tr\u00e4dg\u00e5rdar<\/a><\/li>\n\n\n\n<li><a href=\"https:\/\/www.publicgardens.org\/public-garden-funding-resources\">Finansieringsresurser f\u00f6r offentliga tr\u00e4dg\u00e5rdar<\/a><\/li>\n\n\n\n<li><a href=\"https:\/\/www.publicgardens.org\/resources\">APGA:s resurser och verktyg<\/a><\/li>\n<\/ul>","protected":false},"excerpt":{"rendered":"<p>The mission of the American Public Gardens Association (APGA) is to champion and advance public gardens as leaders, advocates, and innovators in the conservation and appreciation of plants. APGA lists their vision as one that provides a world where public &hellip;<\/p>\n<p class=\"read-more\"> <a class=\"\" href=\"https:\/\/climatetoolkit.org\/sv\/american-public-gardens-association-apga\/\"> <span class=\"screen-reader-text\">American Public Gardens Association (APGA)<\/span> L\u00e4s mer \"<\/a><\/p>","protected":false},"author":2,"featured_media":0,"parent":0,"menu_order":0,"comment_status":"closed","ping_status":"closed","template":"","meta":{"_acf_changed":false,"inline_featured_image":false,"advgb_blocks_editor_width":"","advgb_blocks_columns_visual_guide":"","footnotes":""},"class_list":["post-2471","page","type-page","status-publish","hentry"],"acf":[],"yoast_head":"<!-- This site is optimized with the Yoast SEO plugin v27.4 - https:\/\/yoast.com\/product\/yoast-seo-wordpress\/ -->\n<title>American Public Gardens Association (APGA) - The Climate Toolkit<\/title>\n<meta name=\"robots\" content=\"index, follow, max-snippet:-1, max-image-preview:large, max-video-preview:-1\" \/>\n<link rel=\"canonical\" href=\"https:\/\/climatetoolkit.org\/sv\/american-public-gardens-association-apga\/\" \/>\n<meta property=\"og:locale\" content=\"sv_SE\" \/>\n<meta property=\"og:type\" content=\"article\" \/>\n<meta property=\"og:title\" content=\"American Public Gardens Association (APGA) - The Climate Toolkit\" \/>\n<meta property=\"og:description\" content=\"The mission of the American Public Gardens Association (APGA) is to champion and advance public gardens as leaders, advocates, and innovators in the conservation and appreciation of plants. APGA lists their vision as one that provides a world where public &hellip; American Public Gardens Association (APGA) L\u00e4s mer &raquo;\" \/>\n<meta property=\"og:url\" content=\"https:\/\/climatetoolkit.org\/sv\/american-public-gardens-association-apga\/\" \/>\n<meta property=\"og:site_name\" content=\"The Climate Toolkit\" \/>\n<meta property=\"article:modified_time\" content=\"2023-08-24T16:54:48+00:00\" \/>\n<meta property=\"og:image\" content=\"https:\/\/climatetoolkit.org\/wp-content\/uploads\/2023\/08\/APGA_rgb-1024x410.jpeg\" \/>\n<meta name=\"twitter:card\" content=\"summary_large_image\" \/>\n<meta name=\"twitter:label1\" content=\"Ber\u00e4knad l\u00e4stid\" \/>\n\t<meta name=\"twitter:data1\" content=\"1 minut\" \/>\n<script type=\"application\/ld+json\" class=\"yoast-schema-graph\">{\"@context\":\"https:\\\/\\\/schema.org\",\"@graph\":[{\"@type\":\"WebPage\",\"@id\":\"https:\\\/\\\/climatetoolkit.org\\\/american-public-gardens-association-apga\\\/\",\"url\":\"https:\\\/\\\/climatetoolkit.org\\\/american-public-gardens-association-apga\\\/\",\"name\":\"American Public Gardens Association (APGA) - The Climate Toolkit\",\"isPartOf\":{\"@id\":\"https:\\\/\\\/climatetoolkit.org\\\/#website\"},\"primaryImageOfPage\":{\"@id\":\"https:\\\/\\\/climatetoolkit.org\\\/american-public-gardens-association-apga\\\/#primaryimage\"},\"image\":{\"@id\":\"https:\\\/\\\/climatetoolkit.org\\\/american-public-gardens-association-apga\\\/#primaryimage\"},\"thumbnailUrl\":\"https:\\\/\\\/climatetoolkit.org\\\/wp-content\\\/uploads\\\/2023\\\/08\\\/APGA_rgb-1024x410.jpeg\",\"datePublished\":\"2023-08-24T16:45:01+00:00\",\"dateModified\":\"2023-08-24T16:54:48+00:00\",\"breadcrumb\":{\"@id\":\"https:\\\/\\\/climatetoolkit.org\\\/american-public-gardens-association-apga\\\/#breadcrumb\"},\"inLanguage\":\"sv-SE\",\"potentialAction\":[{\"@type\":\"ReadAction\",\"target\":[\"https:\\\/\\\/climatetoolkit.org\\\/american-public-gardens-association-apga\\\/\"]}]},{\"@type\":\"ImageObject\",\"inLanguage\":\"sv-SE\",\"@id\":\"https:\\\/\\\/climatetoolkit.org\\\/american-public-gardens-association-apga\\\/#primaryimage\",\"url\":\"https:\\\/\\\/climatetoolkit.org\\\/wp-content\\\/uploads\\\/2023\\\/08\\\/APGA_rgb-1024x410.jpeg\",\"contentUrl\":\"https:\\\/\\\/climatetoolkit.org\\\/wp-content\\\/uploads\\\/2023\\\/08\\\/APGA_rgb-1024x410.jpeg\"},{\"@type\":\"BreadcrumbList\",\"@id\":\"https:\\\/\\\/climatetoolkit.org\\\/american-public-gardens-association-apga\\\/#breadcrumb\",\"itemListElement\":[{\"@type\":\"ListItem\",\"position\":1,\"name\":\"Home\",\"item\":\"https:\\\/\\\/climatetoolkit.org\\\/\"},{\"@type\":\"ListItem\",\"position\":2,\"name\":\"American Public Gardens Association (APGA)\"}]},{\"@type\":\"WebSite\",\"@id\":\"https:\\\/\\\/climatetoolkit.org\\\/#website\",\"url\":\"https:\\\/\\\/climatetoolkit.org\\\/\",\"name\":\"The Climate Toolkit\",\"description\":\"For Museums, Gardens and Zoos\",\"publisher\":{\"@id\":\"https:\\\/\\\/climatetoolkit.org\\\/#organization\"},\"potentialAction\":[{\"@type\":\"SearchAction\",\"target\":{\"@type\":\"EntryPoint\",\"urlTemplate\":\"https:\\\/\\\/climatetoolkit.org\\\/?s={search_term_string}\"},\"query-input\":{\"@type\":\"PropertyValueSpecification\",\"valueRequired\":true,\"valueName\":\"search_term_string\"}}],\"inLanguage\":\"sv-SE\"},{\"@type\":\"Organization\",\"@id\":\"https:\\\/\\\/climatetoolkit.org\\\/#organization\",\"name\":\"The Climate Toolkit\",\"url\":\"https:\\\/\\\/climatetoolkit.org\\\/\",\"logo\":{\"@type\":\"ImageObject\",\"inLanguage\":\"sv-SE\",\"@id\":\"https:\\\/\\\/climatetoolkit.org\\\/#\\\/schema\\\/logo\\\/image\\\/\",\"url\":\"https:\\\/\\\/climatetoolkit.org\\\/wp-content\\\/uploads\\\/2020\\\/05\\\/C_logo.png\",\"contentUrl\":\"https:\\\/\\\/climatetoolkit.org\\\/wp-content\\\/uploads\\\/2020\\\/05\\\/C_logo.png\",\"width\":512,\"height\":512,\"caption\":\"The Climate Toolkit\"},\"image\":{\"@id\":\"https:\\\/\\\/climatetoolkit.org\\\/#\\\/schema\\\/logo\\\/image\\\/\"}}]}<\/script>\n<!-- \/ Yoast SEO plugin. -->","yoast_head_json":{"title":"American Public Gardens Association (APGA) - The Climate Toolkit","robots":{"index":"index","follow":"follow","max-snippet":"max-snippet:-1","max-image-preview":"max-image-preview:large","max-video-preview":"max-video-preview:-1"},"canonical":"https:\/\/climatetoolkit.org\/sv\/american-public-gardens-association-apga\/","og_locale":"sv_SE","og_type":"article","og_title":"American Public Gardens Association (APGA) - The Climate Toolkit","og_description":"The mission of the American Public Gardens Association (APGA) is to champion and advance public gardens as leaders, advocates, and innovators in the conservation and appreciation of plants. APGA lists their vision as one that provides a world where public &hellip; American Public Gardens Association (APGA) L\u00e4s mer &raquo;","og_url":"https:\/\/climatetoolkit.org\/sv\/american-public-gardens-association-apga\/","og_site_name":"The Climate Toolkit","article_modified_time":"2023-08-24T16:54:48+00:00","og_image":[{"url":"https:\/\/climatetoolkit.org\/wp-content\/uploads\/2023\/08\/APGA_rgb-1024x410.jpeg","type":"","width":"","height":""}],"twitter_card":"summary_large_image","twitter_misc":{"Ber\u00e4knad l\u00e4stid":"1 minut"},"schema":{"@context":"https:\/\/schema.org","@graph":[{"@type":"WebPage","@id":"https:\/\/climatetoolkit.org\/american-public-gardens-association-apga\/","url":"https:\/\/climatetoolkit.org\/american-public-gardens-association-apga\/","name":"American Public Gardens Association (APGA) - The Climate Toolkit","isPartOf":{"@id":"https:\/\/climatetoolkit.org\/#website"},"primaryImageOfPage":{"@id":"https:\/\/climatetoolkit.org\/american-public-gardens-association-apga\/#primaryimage"},"image":{"@id":"https:\/\/climatetoolkit.org\/american-public-gardens-association-apga\/#primaryimage"},"thumbnailUrl":"https:\/\/climatetoolkit.org\/wp-content\/uploads\/2023\/08\/APGA_rgb-1024x410.jpeg","datePublished":"2023-08-24T16:45:01+00:00","dateModified":"2023-08-24T16:54:48+00:00","breadcrumb":{"@id":"https:\/\/climatetoolkit.org\/american-public-gardens-association-apga\/#breadcrumb"},"inLanguage":"sv-SE","potentialAction":[{"@type":"ReadAction","target":["https:\/\/climatetoolkit.org\/american-public-gardens-association-apga\/"]}]},{"@type":"ImageObject","inLanguage":"sv-SE","@id":"https:\/\/climatetoolkit.org\/american-public-gardens-association-apga\/#primaryimage","url":"https:\/\/climatetoolkit.org\/wp-content\/uploads\/2023\/08\/APGA_rgb-1024x410.jpeg","contentUrl":"https:\/\/climatetoolkit.org\/wp-content\/uploads\/2023\/08\/APGA_rgb-1024x410.jpeg"},{"@type":"BreadcrumbList","@id":"https:\/\/climatetoolkit.org\/american-public-gardens-association-apga\/#breadcrumb","itemListElement":[{"@type":"ListItem","position":1,"name":"Home","item":"https:\/\/climatetoolkit.org\/"},{"@type":"ListItem","position":2,"name":"American Public Gardens Association (APGA)"}]},{"@type":"WebSite","@id":"https:\/\/climatetoolkit.org\/#website","url":"https:\/\/climatetoolkit.org\/","name":"Verktygsl\u00e5da f\u00f6r klimat","description":"F\u00f6r museer, tr\u00e4dg\u00e5rdar och djurparker","publisher":{"@id":"https:\/\/climatetoolkit.org\/#organization"},"potentialAction":[{"@type":"SearchAction","target":{"@type":"EntryPoint","urlTemplate":"https:\/\/climatetoolkit.org\/?s={search_term_string}"},"query-input":{"@type":"PropertyValueSpecification","valueRequired":true,"valueName":"search_term_string"}}],"inLanguage":"sv-SE"},{"@type":"Organization","@id":"https:\/\/climatetoolkit.org\/#organization","name":"Verktygsl\u00e5da f\u00f6r klimat","url":"https:\/\/climatetoolkit.org\/","logo":{"@type":"ImageObject","inLanguage":"sv-SE","@id":"https:\/\/climatetoolkit.org\/#\/schema\/logo\/image\/","url":"https:\/\/climatetoolkit.org\/wp-content\/uploads\/2020\/05\/C_logo.png","contentUrl":"https:\/\/climatetoolkit.org\/wp-content\/uploads\/2020\/05\/C_logo.png","width":512,"height":512,"caption":"The Climate Toolkit"},"image":{"@id":"https:\/\/climatetoolkit.org\/#\/schema\/logo\/image\/"}}]}},"coauthors":[],"author_meta":{"author_link":"https:\/\/climatetoolkit.org\/sv\/author\/joe\/","display_name":"joe reed"},"relative_dates":{"created":"Publicerad 3 \u00e5r sedan","modified":"Uppdaterad 3 \u00e5r sedan"},"absolute_dates":{"created":"Publicerat den augusti 24, 2023","modified":"Uppdaterad den augusti 24, 2023"},"absolute_dates_time":{"created":"Publicerat den augusti 24, 2023 12:45 e m","modified":"Uppdaterad den augusti 24, 2023 12:54 e m"},"featured_img_caption":"","featured_img":false,"series_order":"","_links":{"self":[{"href":"https:\/\/climatetoolkit.org\/sv\/wp-json\/wp\/v2\/pages\/2471","targetHints":{"allow":["GET"]}}],"collection":[{"href":"https:\/\/climatetoolkit.org\/sv\/wp-json\/wp\/v2\/pages"}],"about":[{"href":"https:\/\/climatetoolkit.org\/sv\/wp-json\/wp\/v2\/types\/page"}],"author":[{"embeddable":true,"href":"https:\/\/climatetoolkit.org\/sv\/wp-json\/wp\/v2\/users\/2"}],"replies":[{"embeddable":true,"href":"https:\/\/climatetoolkit.org\/sv\/wp-json\/wp\/v2\/comments?post=2471"}],"version-history":[{"count":0,"href":"https:\/\/climatetoolkit.org\/sv\/wp-json\/wp\/v2\/pages\/2471\/revisions"}],"wp:attachment":[{"href":"https:\/\/climatetoolkit.org\/sv\/wp-json\/wp\/v2\/media?parent=2471"}],"curies":[{"name":"wp","href":"https:\/\/api.w.org\/{rel}","templated":true}]}}