{"id":2064,"date":"2023-03-24T09:39:39","date_gmt":"2023-03-24T13:39:39","guid":{"rendered":"https:\/\/climatetoolkit.org\/?page_id=2064"},"modified":"2023-03-24T09:41:12","modified_gmt":"2023-03-24T13:41:12","slug":"resource-library","status":"publish","type":"page","link":"https:\/\/climatetoolkit.org\/sv\/resource-library\/","title":{"rendered":"Resursbibliotek"},"content":{"rendered":"<h1 class=\"wp-block-heading\">Resursbibliotek<\/h1>\n\n\n<div class=\"institution-list\"><div class=\"category-group\"><div class=\"resource-columns\"><div class=\"resource-image\"><img decoding=\"async\" src=\"https:\/\/climatetoolkit.org\/wp-content\/uploads\/2021\/07\/renewable-energy-250x250.png\" alt=\"\" \/><\/div><div ><h2 class=\"category-header\">Byggnader och energi<\/h2><div class=\"doc\"><a href=\"https:\/\/longwoodgardens.org\/sustainability\/alternative-energy-resources\" target=\"_blank\">Alternative Energy Resources<\/a><\/div><div class=\"doc\"><a href=\"http:\/\/climatetoolkit.org\/wp-content\/uploads\/2019\/09\/Buying_Renewable_Electricity.pdf\" target=\"_blank\">K\u00f6pa f\u00f6rnybar el: Att leda den gr\u00f6na energir\u00f6relsen med gott exempel<\/a><\/div><div class=\"doc\"><a href=\"https:\/\/climatetoolkit.org\/sv\/carbon-emission-reduction-interview-with-norfolk-botanical-garden\/\" target=\"_blank\">Minskning av koldioxidutsl\u00e4pp: En intervju med Norfolk Botanical Garden<\/a><\/div><div class=\"doc\"><a href=\"https:\/\/climatetoolkit.org\/sv\/webinar-12-buildings-energy-and-decarbonization\/\" target=\"_blank\">Webbseminarium om klimatverktygsl\u00e5dan: Byggnader, energi och minskade koldioxidutsl\u00e4pp<\/a><\/div><div class=\"doc\"><a href=\"https:\/\/reidparkzoo.org\/conservation\/\" target=\"_blank\">Conservation &#8211; It&#8217;s Our Mission<\/a><\/div><div class=\"doc\"><a href=\"https:\/\/ctsciencecenter.org\/about\/green-mission\/\" target=\"_blank\">Gr\u00f6nt uppdrag<\/a><\/div><div class=\"doc\"><a href=\"https:\/\/www.houstonzoo.org\/blog\/houston-zoo-leads-the-charge-towards-a-greener-future\/\" target=\"_blank\">Houston Zoo tar t\u00e4ten f\u00f6r en gr\u00f6nare framtid<\/a><\/div><div class=\"doc\"><a href=\"https:\/\/climatetoolkit.org\/sv\/how-to-use-the-epas-simplified-ghg-emissions-calculator\/\" target=\"_blank\">S\u00e5 h\u00e4r anv\u00e4nder du EPA:s f\u00f6renklade kalkylator f\u00f6r utsl\u00e4pp av v\u00e4xthusgaser<\/a><\/div><div class=\"doc\"><a href=\"https:\/\/climatetoolkit.org\/sv\/nature-positive-carbon-negative-an-interview-with-duke-farms\/\" target=\"_blank\">Naturpositiv, koldioxidnegativ: En intervju med Duke Farms<\/a><\/div><div class=\"doc\"><a href=\"https:\/\/aqua.org\/stories\/2022-04-22-national-aquarium-will-be-net-zero-by-2035\" target=\"_blank\">Netto noll \u00e5r 2035<\/a><\/div><div class=\"doc\"><a href=\"https:\/\/www.cutter.com\/article\/nature-positive-carbon-negative-reimagining-role-campuses-peri-urban-communities\" target=\"_blank\">Att t\u00e4nka nytt kring campus och stadsn\u00e4ra samh\u00e4llen<\/a><\/div><div class=\"doc\"><a href=\"https:\/\/www.akronzoo.org\/sustainability\" target=\"_blank\">H\u00e5llbarhet<\/a><\/div><div class=\"doc\"><a href=\"https:\/\/www.trlibrary.com\/project\/sustainability\" target=\"_blank\">Sustainability Vision<\/a><\/div><div class=\"doc\"><a href=\"https:\/\/climatetoolkit.org\/sv\/understanding-renewable-energy-terminology\/\" target=\"_blank\">F\u00f6rst\u00e5 terminologin f\u00f6r f\u00f6rnybar energi<\/a><\/div><div class=\"doc\"><a href=\"https:\/\/www.henryvilaszoo.gov\/conservation\/\" target=\"_blank\">Walking the Talk of Sustainability<\/a><\/div><div class=\"doc\"><a href=\"https:\/\/climatetoolkit.org\/sv\/watch-the-december-climate-toolkit-webinar\/\" target=\"_blank\">Se webbseminariet om Climate Toolkit i december<\/a><\/div><div class=\"doc\"><a href=\"https:\/\/climatetoolkit.org\/sv\/watch-the-march-climate-toolkit-webinar\/\" target=\"_blank\">Titta p\u00e5 webbseminariet om klimatverktygsl\u00e5dan i mars<\/a><\/div><div class=\"doc\"><a href=\"http:\/\/climatetoolkit.org\/wp-content\/uploads\/2019\/10\/Zeroing-In.pdf\" target=\"_blank\">Nollst\u00e4llning: G\u00f6r dina byggnader till nettonoll-energibyggnader<\/a><\/div><\/div><\/div><div class=\"resource-columns\"><div class=\"resource-image\"><img decoding=\"async\" src=\"https:\/\/climatetoolkit.org\/wp-content\/uploads\/2021\/07\/recycling-1-250x250.png\" alt=\"\" \/><\/div><div ><h2 class=\"category-header\">Vatten<\/h2><div class=\"doc\"><a href=\"https:\/\/reidparkzoo.org\/conservation\/\" target=\"_blank\">Conservation &#8211; It&#8217;s Our Mission<\/a><\/div><div class=\"doc\"><a href=\"https:\/\/www.akronzoo.org\/sustainability\" target=\"_blank\">H\u00e5llbarhet<\/a><\/div><div class=\"doc\"><a href=\"https:\/\/www.sheddaquarium.org\/stories\/sustainability-at-shedd\" target=\"_blank\">H\u00e5llbarhet p\u00e5 Shedd<\/a><\/div><div class=\"doc\"><a href=\"https:\/\/www.henryvilaszoo.gov\/conservation\/\" target=\"_blank\">Walking the Talk of Sustainability<\/a><\/div><div class=\"doc\"><a href=\"https:\/\/longwoodgardens.org\/sustainability\/water-conservation\" target=\"_blank\">Water Conservation<\/a><\/div><div class=\"doc\"><a href=\"https:\/\/climatetoolkit.org\/sv\/water-efficiency-a-case-study\/\" target=\"_blank\">Effektivt vattenutnyttjande: En fallstudie<\/a><\/div><\/div><\/div><div class=\"resource-columns\"><div class=\"resource-image\"><img decoding=\"async\" src=\"https:\/\/climatetoolkit.org\/wp-content\/uploads\/2021\/07\/plate-250x250.png\" alt=\"\" \/><\/div><div ><h2 class=\"category-header\">Matservice<\/h2><div class=\"doc\"><a href=\"https:\/\/climatetoolkit.org\/sv\/climate-toolkit-webinar-vegan-and-vegetarian-foods\/\" target=\"_blank\">Webbseminarium om klimatverktygsl\u00e5dan: Veganska och vegetariska livsmedel<\/a><\/div><div class=\"doc\"><a href=\"http:\/\/climatetoolkit.org\/wp-content\/uploads\/2019\/10\/Local-Food-Purchases.pdf\" target=\"_blank\">Ink\u00f6p av lokal mat: Minska transportkostnaderna och st\u00f6tta lokala jordbrukare<\/a><\/div><div class=\"doc\"><a href=\"https:\/\/climatetoolkit.org\/sv\/nature-positive-carbon-negative-an-interview-with-duke-farms\/\" target=\"_blank\">Naturpositiv, koldioxidnegativ: En intervju med Duke Farms<\/a><\/div><\/div><\/div><div class=\"resource-columns\"><div class=\"resource-image\"><img decoding=\"async\" src=\"https:\/\/climatetoolkit.org\/wp-content\/uploads\/2021\/07\/bus-250x250.png\" alt=\"\" \/><\/div><div ><h2 class=\"category-header\">Transport<\/h2><div class=\"doc\"><a href=\"http:\/\/climatetoolkit.org\/wp-content\/uploads\/2019\/10\/Alternate-Travel.pdf\" target=\"_blank\">Alternativa resor: Minska antalet pendlingsresor med en enda f\u00f6rare till din anl\u00e4ggning<\/a><\/div><div class=\"doc\"><a href=\"https:\/\/climatetoolkit.org\/sv\/nature-positive-carbon-negative-an-interview-with-duke-farms\/\" target=\"_blank\">Naturpositiv, koldioxidnegativ: En intervju med Duke Farms<\/a><\/div><div class=\"doc\"><a href=\"https:\/\/www.visitokc.com\/articles\/post\/new-grants-partnership-aid-okc-zoos-sustainability-goals\/\" target=\"_blank\">OKC Zoos h\u00e5llbarhetsm\u00e5l<\/a><\/div><div class=\"doc\"><a href=\"https:\/\/climatetoolkit.org\/sv\/parking-transportation-and-energy-incentives-at-phipps-conservatory\/\" target=\"_blank\">Incitament f\u00f6r parkering, transport och energi<\/a><\/div><div class=\"doc\"><a href=\"https:\/\/www.henryvilaszoo.gov\/conservation\/\" target=\"_blank\">Walking the Talk of Sustainability<\/a><\/div><\/div><\/div><div class=\"resource-columns\"><div class=\"resource-image\"><img decoding=\"async\" src=\"https:\/\/climatetoolkit.org\/wp-content\/uploads\/2021\/07\/waste-250x250.png\" alt=\"\" \/><\/div><div ><h2 class=\"category-header\">Avfall<\/h2><div class=\"doc\"><a href=\"https:\/\/reidparkzoo.org\/conservation\/\" target=\"_blank\">Conservation &#8211; It&#8217;s Our Mission<\/a><\/div><div class=\"doc\"><a href=\"https:\/\/www.houstonzoo.org\/blog\/houston-zoo-leads-the-charge-towards-a-greener-future\/\" target=\"_blank\">Houston Zoo tar t\u00e4ten f\u00f6r en gr\u00f6nare framtid<\/a><\/div><div class=\"doc\"><a href=\"https:\/\/www.visitokc.com\/articles\/post\/new-grants-partnership-aid-okc-zoos-sustainability-goals\/\" target=\"_blank\">OKC Zoos h\u00e5llbarhetsm\u00e5l<\/a><\/div><div class=\"doc\"><a href=\"https:\/\/climatetoolkit.org\/sv\/plastics-reduction-a-resource-guide\/\" target=\"_blank\">Minskning av plast: En resursguide<\/a><\/div><div class=\"doc\"><a href=\"https:\/\/longwoodgardens.org\/sustainability\/recycling-and-composting\" target=\"_blank\">Recycling and Composting<\/a><\/div><div class=\"doc\"><a href=\"https:\/\/www.akronzoo.org\/sustainability\" target=\"_blank\">H\u00e5llbarhet<\/a><\/div><div class=\"doc\"><a href=\"https:\/\/www.sheddaquarium.org\/stories\/sustainability-at-shedd\" target=\"_blank\">H\u00e5llbarhet p\u00e5 Shedd<\/a><\/div><div class=\"doc\"><a href=\"https:\/\/www.trlibrary.com\/project\/sustainability\" target=\"_blank\">Sustainability Vision<\/a><\/div><div class=\"doc\"><a href=\"https:\/\/climatetoolkit.org\/sv\/the-climate-toolkit-webinar-5-single-use-plastics-reduction-measures-advocacy-and-public-outreach\/\" target=\"_blank\">Webbinarium 5 om klimatverktygsl\u00e5dan: Eng\u00e5ngsplast: Minsknings\u00e5tg\u00e4rder, opinionsbildning och information till allm\u00e4nheten<\/a><\/div><div class=\"doc\"><a href=\"https:\/\/www.henryvilaszoo.gov\/conservation\/\" target=\"_blank\">Walking the Talk of Sustainability<\/a><\/div><div class=\"doc\"><a href=\"https:\/\/climatetoolkit.org\/sv\/waste-management-at-coastal-maine-botanic-gardens\/\" target=\"_blank\">Avfallshantering vid Coastal Maine Botanic Gardens<\/a><\/div><div class=\"doc\"><a href=\"http:\/\/climatetoolkit.org\/wp-content\/uploads\/2019\/10\/Waste-Not.pdf\" target=\"_blank\">Sl\u00f6sa inte: Ansvarsfullt omh\u00e4ndertagande av allt matavfall och n\u00e4stan alla restaurangprodukter<\/a><\/div><\/div><\/div><div class=\"resource-columns\"><div class=\"resource-image\"><img decoding=\"async\" src=\"https:\/\/climatetoolkit.org\/wp-content\/uploads\/2021\/07\/flower-250x250.png\" alt=\"\" \/><\/div><div ><h2 class=\"category-header\">Landskap och tr\u00e4dg\u00e5rdsodling<\/h2><div class=\"doc\"><a href=\"https:\/\/climatetoolkit.org\/sv\/an-introduction-to-the-benefits-of-trees-at-morton-arboretum\/\" target=\"_blank\">En introduktion till f\u00f6rdelarna med tr\u00e4d p\u00e5 Morton Arboretum<\/a><\/div><div class=\"doc\"><a href=\"https:\/\/www.gardenista.com\/posts\/ask-expert-longue-vues-simeon-benjamin-integrated-pest-management\/\" target=\"_blank\">Fr\u00e5ga en expert: Hur man bek\u00e4mpar skadedjur och ogr\u00e4s p\u00e5 ett naturligt s\u00e4tt<\/a><\/div><div class=\"doc\"><a href=\"https:\/\/www.youtube.com\/watch?v=uj6NSEVe8rw\" target=\"_blank\">Webbinarium 6 om Climate Toolkit: \"Integrerat v\u00e4xtskydd, inomhus och utomhus\"<\/a><\/div><div class=\"doc\"><a href=\"https:\/\/climatetoolkit.org\/sv\/climate-toolkit-webinar-sustainable-landcare-and-ecological-outreach\/\" target=\"_blank\">Webbseminarium om verktygsl\u00e5da f\u00f6r klimat: H\u00e5llbar markv\u00e5rd och ekologisk upps\u00f6kande verksamhet<\/a><\/div><div class=\"doc\"><a href=\"https:\/\/climatetoolkit.org\/sv\/electric-horticulture-equipment-what-were-using\/\" target=\"_blank\">Elektrisk utrustning f\u00f6r tr\u00e4dg\u00e5rdsodling: Vad vi anv\u00e4nder<\/a><\/div><div class=\"doc\"><a href=\"https:\/\/www.botaniska.se\/om-botaniska\/miljoarbete\/\" target=\"_blank\">Milj\u00f6arbete<\/a><\/div><div class=\"doc\"><a href=\"https:\/\/holdenfg.org\/blog\/how-nonnative-plants-respond-to-climate-change-holden-arboretum-researchers-report\/\" target=\"_blank\">How Nonnative Plants Respond to Climate Change<\/a><\/div><div class=\"doc\"><a href=\"https:\/\/climatetoolkit.org\/sv\/how-to-reduce-pesticide-use\/\" target=\"_blank\">S\u00e5 minskar du din anv\u00e4ndning av bek\u00e4mpningsmedel<\/a><\/div><div class=\"doc\"><a href=\"https:\/\/climatetoolkit.org\/wp-content\/uploads\/2022\/04\/Pesticide-Checklist-1.pdf\" target=\"_blank\">Checklista f\u00f6r integrerad skadedjursbek\u00e4mpning (IPM)<\/a><\/div><div class=\"doc\"><a href=\"https:\/\/longwoodgardens.org\/sustainability\/land-stewardship-management\" target=\"_blank\">Land Stewardship &#038; Ecology<\/a><\/div><div class=\"doc\"><a href=\"https:\/\/sustainablecampus.cornell.edu\/campus-initiatives\/land-water\/sustainable-landscapes-trail\/botanic-gardens-native-lawn\" target=\"_blank\">Demonstration av inhemsk gr\u00e4smatta - Cornell Botanic Gardens<\/a><\/div><div class=\"doc\"><a href=\"https:\/\/climatetoolkit.org\/sv\/nature-positive-carbon-negative-an-interview-with-duke-farms\/\" target=\"_blank\">Naturpositiv, koldioxidnegativ: En intervju med Duke Farms<\/a><\/div><div class=\"doc\"><a href=\"https:\/\/climatetoolkit.org\/sv\/reducing-your-pesticide-and-fertilizer-use-with-integrated-pest-management\/\" target=\"_blank\">Minska din anv\u00e4ndning av bek\u00e4mpningsmedel och g\u00f6dningsmedel med integrerat v\u00e4xtskydd<\/a><\/div><div class=\"doc\"><a href=\"https:\/\/www.cutter.com\/article\/nature-positive-carbon-negative-reimagining-role-campuses-peri-urban-communities\" target=\"_blank\">Att t\u00e4nka nytt kring campus och stadsn\u00e4ra samh\u00e4llen<\/a><\/div><\/div><\/div><div class=\"resource-columns\"><div class=\"resource-image\"><img decoding=\"async\" src=\"https:\/\/climatetoolkit.org\/wp-content\/uploads\/2021\/07\/investing-250x250.png\" alt=\"\" \/><\/div><div ><h2 class=\"category-header\">Investeringar<\/h2><div class=\"doc\"><a href=\"https:\/\/climatetoolkit.org\/sv\/climate-toolkit-webinar-divesting-from-fossil-fuels-and-responsible-investing\/\" target=\"_blank\">Webbinarium om verktygsl\u00e5da f\u00f6r klimat: Avyttring av fossila br\u00e4nslen och ansvarsfulla investeringar<\/a><\/div><div class=\"doc\"><a href=\"http:\/\/climatetoolkit.org\/wp-content\/uploads\/2020\/01\/Sustainable-Investing-1.pdf\" target=\"_blank\">H\u00e5llbara investeringar: En praktisk guide f\u00f6r museer (American Alliance of Museums)<\/a><\/div><\/div><\/div><div class=\"resource-columns\"><div class=\"resource-image\"><img decoding=\"async\" src=\"https:\/\/climatetoolkit.org\/wp-content\/uploads\/2021\/07\/network-250x250.png\" alt=\"\" \/><\/div><div ><h2 class=\"category-header\">Engagemang<\/h2><div class=\"doc\"><a href=\"http:\/\/climatetoolkit.org\/wp-content\/uploads\/2019\/09\/Converting_to_Green_Energy.pdf\" target=\"_blank\">En vinn-vinn-vinn-situation: Att f\u00e5 g\u00e4ster att byta till f\u00f6rnybar energi f\u00f6r att driva sina hem<\/a><\/div><div class=\"doc\"><a href=\"https:\/\/www.climate-heroes.org\/\" target=\"_blank\">Hj\u00e4ltar i klimatarbetet<\/a><\/div><div class=\"doc\"><a href=\"http:\/\/climatetoolkit.org\/wp-content\/uploads\/2019\/10\/Climate-Action.pdf\" target=\"_blank\">Klimat\u00e5tg\u00e4rder: Tiden \u00e4r inne nu<\/a><\/div><div class=\"doc\"><a href=\"https:\/\/www.climatecafe.eco\/\" target=\"_blank\">Klimatcaf\u00e9 NYC<\/a><\/div><div class=\"doc\"><a href=\"https:\/\/cornellbotanicgardens.org\/explore\/gardens\/climate-change-demonstration-garden\/\" target=\"_blank\">Demonstrationstr\u00e4dg\u00e5rd f\u00f6r klimatf\u00f6r\u00e4ndringar<\/a><\/div><div class=\"doc\"><a href=\"https:\/\/www.wildcenter.org\/our-work\/youth-climate-program\/resources\/\" target=\"_blank\">Resurser f\u00f6r klimatutbildning<\/a><\/div><div class=\"doc\"><a href=\"https:\/\/www.climateimaginarium.org\/\" target=\"_blank\">Klimat Imaginarium<\/a><\/div><div class=\"doc\"><a href=\"https:\/\/www.amnh.org\/exhibitions\/permanent\/climate-learning-lab\" target=\"_blank\">Labb f\u00f6r l\u00e4rande om klimat<\/a><\/div><div class=\"doc\"><a href=\"https:\/\/www.amnh.org\/calendar\/climatefest\" target=\"_blank\">KlimatFest<\/a><\/div><div class=\"doc\"><a href=\"http:\/\/climatetoolkit.org\/wp-content\/uploads\/2019\/10\/Impact-of-Food-Choices.pdf\" target=\"_blank\">Val av livsmedel: Ta ett bett av klimatf\u00f6r\u00e4ndringarna<\/a><\/div><div class=\"doc\"><a href=\"http:\/\/climatetoolkit.org\/wp-content\/uploads\/2019\/10\/Growing-Organic.pdf\" target=\"_blank\">Att odla ekologiskt: Mat som \u00e4r bra f\u00f6r dig och planeten<\/a><\/div><div class=\"doc\"><a href=\"https:\/\/climatetoolkit.org\/sv\/nature-positive-carbon-negative-an-interview-with-duke-farms\/\" target=\"_blank\">Naturpositiv, koldioxidnegativ: En intervju med Duke Farms<\/a><\/div><div class=\"doc\"><a href=\"http:\/\/climatetoolkit.org\/wp-content\/uploads\/2019\/10\/Sustainable-Horticulture.pdf\" target=\"_blank\">H\u00e5llbar tr\u00e4dg\u00e5rdsodling: R\u00e4tt v\u00e4xter, r\u00e4tt platser, r\u00e4tt metoder<\/a><\/div><div class=\"doc\"><a href=\"https:\/\/climatetoolkit.org\/sv\/to-engage-employees-on-climate-action-hillwood-brings-the-heat\/\" target=\"_blank\">F\u00f6r att engagera medarbetarna i klimat\u00e5tg\u00e4rder tar Hillwood med sig v\u00e4rmen<\/a><\/div><div class=\"doc\"><a href=\"https:\/\/climatetoolkit.org\/sv\/watch-the-climate-toolkit-webinar-climate-communication\/\" target=\"_blank\">Titta p\u00e5 webbinariet om klimatverktygsl\u00e5dan: Klimatkommunikation - Hur du pratar med dina intressenter om klimatf\u00f6r\u00e4ndringar<\/a><\/div><\/div><\/div><div class=\"resource-columns\"><div class=\"resource-image\"><img decoding=\"async\" src=\"https:\/\/climatetoolkit.org\/wp-content\/uploads\/2021\/07\/magnifying-glass-250x250.png\" alt=\"\" \/><\/div><div ><h2 class=\"category-header\">Forskning<\/h2><div class=\"doc\"><a href=\"https:\/\/climatetoolkit.org\/sv\/biochar-research-at-morton-arboretum\/\" target=\"_blank\">Forskning om biokol vid Morton Arboretum<\/a><\/div><div class=\"doc\"><a href=\"https:\/\/holdenfg.org\/blog\/how-nonnative-plants-respond-to-climate-change-holden-arboretum-researchers-report\/\" target=\"_blank\">How Nonnative Plants Respond to Climate Change<\/a><\/div><div class=\"doc\"><a href=\"https:\/\/climatetoolkit.org\/sv\/nature-positive-carbon-negative-an-interview-with-duke-farms\/\" target=\"_blank\">Naturpositiv, koldioxidnegativ: En intervju med Duke Farms<\/a><\/div><div class=\"doc\"><a href=\"https:\/\/www.cutter.com\/article\/nature-positive-carbon-negative-reimagining-role-campuses-peri-urban-communities\" target=\"_blank\">Att t\u00e4nka nytt kring campus och stadsn\u00e4ra samh\u00e4llen<\/a><\/div><div class=\"doc\"><a href=\"https:\/\/climatetoolkit.org\/sv\/sea-level-rise-initiative\/\" target=\"_blank\">Initiativ f\u00f6r stigande havsniv\u00e5er<\/a><\/div><div class=\"doc\"><a href=\"https:\/\/www.botaniska.se\/om-botaniska\/miljoarbete\/vader-och-klimat\/\" target=\"_blank\">V\u00e4der &amp; klimat<\/a><\/div><\/div><\/div><\/div><\/div>","protected":false},"excerpt":{"rendered":"<p>Resursbibliotek<\/p>","protected":false},"author":1,"featured_media":0,"parent":0,"menu_order":0,"comment_status":"closed","ping_status":"closed","template":"","meta":{"_acf_changed":false,"inline_featured_image":false,"advgb_blocks_editor_width":"","advgb_blocks_columns_visual_guide":"","footnotes":""},"class_list":["post-2064","page","type-page","status-publish","hentry"],"acf":[],"yoast_head":"<!-- This site is optimized with the Yoast SEO plugin v27.4 - https:\/\/yoast.com\/product\/yoast-seo-wordpress\/ -->\n<title>Resource Library - The Climate Toolkit<\/title>\n<meta name=\"robots\" content=\"index, follow, max-snippet:-1, max-image-preview:large, max-video-preview:-1\" \/>\n<link rel=\"canonical\" href=\"https:\/\/climatetoolkit.org\/sv\/resource-library\/\" \/>\n<meta property=\"og:locale\" content=\"sv_SE\" \/>\n<meta property=\"og:type\" content=\"article\" \/>\n<meta property=\"og:title\" content=\"Resource Library - The Climate Toolkit\" \/>\n<meta property=\"og:description\" content=\"Resource Library\" \/>\n<meta property=\"og:url\" content=\"https:\/\/climatetoolkit.org\/sv\/resource-library\/\" \/>\n<meta property=\"og:site_name\" content=\"The Climate Toolkit\" \/>\n<meta property=\"article:modified_time\" content=\"2023-03-24T13:41:12+00:00\" \/>\n<meta name=\"twitter:card\" content=\"summary_large_image\" \/>\n<meta name=\"twitter:label1\" content=\"Ber\u00e4knad l\u00e4stid\" \/>\n\t<meta name=\"twitter:data1\" content=\"1 minut\" \/>\n<script type=\"application\/ld+json\" class=\"yoast-schema-graph\">{\"@context\":\"https:\\\/\\\/schema.org\",\"@graph\":[{\"@type\":\"WebPage\",\"@id\":\"https:\\\/\\\/climatetoolkit.org\\\/resource-library\\\/\",\"url\":\"https:\\\/\\\/climatetoolkit.org\\\/resource-library\\\/\",\"name\":\"Resource Library - The Climate Toolkit\",\"isPartOf\":{\"@id\":\"https:\\\/\\\/climatetoolkit.org\\\/#website\"},\"datePublished\":\"2023-03-24T13:39:39+00:00\",\"dateModified\":\"2023-03-24T13:41:12+00:00\",\"breadcrumb\":{\"@id\":\"https:\\\/\\\/climatetoolkit.org\\\/resource-library\\\/#breadcrumb\"},\"inLanguage\":\"sv-SE\",\"potentialAction\":[{\"@type\":\"ReadAction\",\"target\":[\"https:\\\/\\\/climatetoolkit.org\\\/resource-library\\\/\"]}]},{\"@type\":\"BreadcrumbList\",\"@id\":\"https:\\\/\\\/climatetoolkit.org\\\/resource-library\\\/#breadcrumb\",\"itemListElement\":[{\"@type\":\"ListItem\",\"position\":1,\"name\":\"Home\",\"item\":\"https:\\\/\\\/climatetoolkit.org\\\/\"},{\"@type\":\"ListItem\",\"position\":2,\"name\":\"Resource Library\"}]},{\"@type\":\"WebSite\",\"@id\":\"https:\\\/\\\/climatetoolkit.org\\\/#website\",\"url\":\"https:\\\/\\\/climatetoolkit.org\\\/\",\"name\":\"The Climate Toolkit\",\"description\":\"For Museums, Gardens and Zoos\",\"publisher\":{\"@id\":\"https:\\\/\\\/climatetoolkit.org\\\/#organization\"},\"potentialAction\":[{\"@type\":\"SearchAction\",\"target\":{\"@type\":\"EntryPoint\",\"urlTemplate\":\"https:\\\/\\\/climatetoolkit.org\\\/?s={search_term_string}\"},\"query-input\":{\"@type\":\"PropertyValueSpecification\",\"valueRequired\":true,\"valueName\":\"search_term_string\"}}],\"inLanguage\":\"sv-SE\"},{\"@type\":\"Organization\",\"@id\":\"https:\\\/\\\/climatetoolkit.org\\\/#organization\",\"name\":\"The Climate Toolkit\",\"url\":\"https:\\\/\\\/climatetoolkit.org\\\/\",\"logo\":{\"@type\":\"ImageObject\",\"inLanguage\":\"sv-SE\",\"@id\":\"https:\\\/\\\/climatetoolkit.org\\\/#\\\/schema\\\/logo\\\/image\\\/\",\"url\":\"https:\\\/\\\/climatetoolkit.org\\\/wp-content\\\/uploads\\\/2020\\\/05\\\/C_logo.png\",\"contentUrl\":\"https:\\\/\\\/climatetoolkit.org\\\/wp-content\\\/uploads\\\/2020\\\/05\\\/C_logo.png\",\"width\":512,\"height\":512,\"caption\":\"The Climate Toolkit\"},\"image\":{\"@id\":\"https:\\\/\\\/climatetoolkit.org\\\/#\\\/schema\\\/logo\\\/image\\\/\"}}]}<\/script>\n<!-- \/ Yoast SEO plugin. -->","yoast_head_json":{"title":"Resource Library - The Climate Toolkit","robots":{"index":"index","follow":"follow","max-snippet":"max-snippet:-1","max-image-preview":"max-image-preview:large","max-video-preview":"max-video-preview:-1"},"canonical":"https:\/\/climatetoolkit.org\/sv\/resource-library\/","og_locale":"sv_SE","og_type":"article","og_title":"Resource Library - The Climate Toolkit","og_description":"Resource Library","og_url":"https:\/\/climatetoolkit.org\/sv\/resource-library\/","og_site_name":"The Climate Toolkit","article_modified_time":"2023-03-24T13:41:12+00:00","twitter_card":"summary_large_image","twitter_misc":{"Ber\u00e4knad l\u00e4stid":"1 minut"},"schema":{"@context":"https:\/\/schema.org","@graph":[{"@type":"WebPage","@id":"https:\/\/climatetoolkit.org\/resource-library\/","url":"https:\/\/climatetoolkit.org\/resource-library\/","name":"Resource Library - The Climate Toolkit","isPartOf":{"@id":"https:\/\/climatetoolkit.org\/#website"},"datePublished":"2023-03-24T13:39:39+00:00","dateModified":"2023-03-24T13:41:12+00:00","breadcrumb":{"@id":"https:\/\/climatetoolkit.org\/resource-library\/#breadcrumb"},"inLanguage":"sv-SE","potentialAction":[{"@type":"ReadAction","target":["https:\/\/climatetoolkit.org\/resource-library\/"]}]},{"@type":"BreadcrumbList","@id":"https:\/\/climatetoolkit.org\/resource-library\/#breadcrumb","itemListElement":[{"@type":"ListItem","position":1,"name":"Home","item":"https:\/\/climatetoolkit.org\/"},{"@type":"ListItem","position":2,"name":"Resource Library"}]},{"@type":"WebSite","@id":"https:\/\/climatetoolkit.org\/#website","url":"https:\/\/climatetoolkit.org\/","name":"Verktygsl\u00e5da f\u00f6r klimat","description":"F\u00f6r museer, tr\u00e4dg\u00e5rdar och djurparker","publisher":{"@id":"https:\/\/climatetoolkit.org\/#organization"},"potentialAction":[{"@type":"SearchAction","target":{"@type":"EntryPoint","urlTemplate":"https:\/\/climatetoolkit.org\/?s={search_term_string}"},"query-input":{"@type":"PropertyValueSpecification","valueRequired":true,"valueName":"search_term_string"}}],"inLanguage":"sv-SE"},{"@type":"Organization","@id":"https:\/\/climatetoolkit.org\/#organization","name":"Verktygsl\u00e5da f\u00f6r klimat","url":"https:\/\/climatetoolkit.org\/","logo":{"@type":"ImageObject","inLanguage":"sv-SE","@id":"https:\/\/climatetoolkit.org\/#\/schema\/logo\/image\/","url":"https:\/\/climatetoolkit.org\/wp-content\/uploads\/2020\/05\/C_logo.png","contentUrl":"https:\/\/climatetoolkit.org\/wp-content\/uploads\/2020\/05\/C_logo.png","width":512,"height":512,"caption":"The Climate Toolkit"},"image":{"@id":"https:\/\/climatetoolkit.org\/#\/schema\/logo\/image\/"}}]}},"coauthors":[],"author_meta":{"author_link":"https:\/\/climatetoolkit.org\/sv\/author\/webmaster\/","display_name":"Web Master"},"relative_dates":{"created":"Publicerad 3 \u00e5r sedan","modified":"Uppdaterad 3 \u00e5r sedan"},"absolute_dates":{"created":"Publicerat den mars 24, 2023","modified":"Uppdaterad den mars 24, 2023"},"absolute_dates_time":{"created":"Publicerat den mars 24, 2023 9:39 f m","modified":"Uppdaterad den mars 24, 2023 9:41 f m"},"featured_img_caption":"","featured_img":false,"series_order":"","_links":{"self":[{"href":"https:\/\/climatetoolkit.org\/sv\/wp-json\/wp\/v2\/pages\/2064","targetHints":{"allow":["GET"]}}],"collection":[{"href":"https:\/\/climatetoolkit.org\/sv\/wp-json\/wp\/v2\/pages"}],"about":[{"href":"https:\/\/climatetoolkit.org\/sv\/wp-json\/wp\/v2\/types\/page"}],"author":[{"embeddable":true,"href":"https:\/\/climatetoolkit.org\/sv\/wp-json\/wp\/v2\/users\/1"}],"replies":[{"embeddable":true,"href":"https:\/\/climatetoolkit.org\/sv\/wp-json\/wp\/v2\/comments?post=2064"}],"version-history":[{"count":0,"href":"https:\/\/climatetoolkit.org\/sv\/wp-json\/wp\/v2\/pages\/2064\/revisions"}],"wp:attachment":[{"href":"https:\/\/climatetoolkit.org\/sv\/wp-json\/wp\/v2\/media?parent=2064"}],"curies":[{"name":"wp","href":"https:\/\/api.w.org\/{rel}","templated":true}]}}