{"id":1495,"date":"2022-03-03T14:16:05","date_gmt":"2022-03-03T19:16:05","guid":{"rendered":"https:\/\/climatetoolkit.org\/?page_id=1495"},"modified":"2026-03-13T14:44:52","modified_gmt":"2026-03-13T18:44:52","slug":"welcome-to-the-climate-toolkit","status":"publish","type":"page","link":"https:\/\/climatetoolkit.org\/sv\/welcome-to-the-climate-toolkit\/","title":{"rendered":"V\u00e4lkommen till klimatverktygsl\u00e5dan"},"content":{"rendered":"<h1 align=\"center\">Welcome to The Climate Toolkit<\/h1>\n\n\n<div class=\"wp-block-image\">\n<figure class=\"alignright size-large is-resized advgb-dyn-da175106\"><img decoding=\"async\" width=\"1024\" height=\"682\" src=\"https:\/\/climatetoolkit.org\/wp-content\/uploads\/2022\/02\/Richard-Headshot-1024x682.jpeg\" alt=\"\" class=\"wp-image-1496\" style=\"width:397px;height:265px\" srcset=\"https:\/\/climatetoolkit.org\/wp-content\/uploads\/2022\/02\/Richard-Headshot-1024x682.jpeg 1024w, https:\/\/climatetoolkit.org\/wp-content\/uploads\/2022\/02\/Richard-Headshot-300x200.jpeg 300w, https:\/\/climatetoolkit.org\/wp-content\/uploads\/2022\/02\/Richard-Headshot-768x512.jpeg 768w, https:\/\/climatetoolkit.org\/wp-content\/uploads\/2022\/02\/Richard-Headshot-100x67.jpeg 100w, https:\/\/climatetoolkit.org\/wp-content\/uploads\/2022\/02\/Richard-Headshot-150x100.jpeg 150w, https:\/\/climatetoolkit.org\/wp-content\/uploads\/2022\/02\/Richard-Headshot-200x133.jpeg 200w, https:\/\/climatetoolkit.org\/wp-content\/uploads\/2022\/02\/Richard-Headshot-450x300.jpeg 450w, https:\/\/climatetoolkit.org\/wp-content\/uploads\/2022\/02\/Richard-Headshot-600x400.jpeg 600w, https:\/\/climatetoolkit.org\/wp-content\/uploads\/2022\/02\/Richard-Headshot-900x600.jpeg 900w, https:\/\/climatetoolkit.org\/wp-content\/uploads\/2022\/02\/Richard-Headshot.jpeg 1280w\" sizes=\"(max-width: 1024px) 100vw, 1024px\" \/><\/figure>\n<\/div>\n\n\n<p>K\u00e4ra bes\u00f6kare av Climate Toolkit, <\/p>\n\n\n\n<p>It wasn\u2019t long ago that many of us in the world of cultural institutions felt that if our mission didn\u2019t explicitly state that we should be concerned with the environment and climate change, we were off the hook \u2014 to attend to these concerns was a form of \u201cmission creep,\u201d and environmental initiatives were best led by environmental causes. But times have changed, and they have changed rapidly: science tells us that climate change is real, advancing at an alarming rate and that it will affect everyone and everything on the planet. Today, the trust that we have established in the communities we serve and our decades of commitment to the exploration of science, history, art, and nature compel us to not only address these issues but to emerge as the leaders of change in our regions and beyond. Each and every one of us must do all we can as quickly as we can.<\/p>\n\n\n\n<p>Den grundl\u00e4ggande orsaken till klimatf\u00f6r\u00e4ndringarna \u00e4r v\u00e5r livsstil och v\u00e5rt s\u00e4tt att se p\u00e5 v\u00e5r relation till v\u00e4rlden.  Verktygsl\u00e5dan skapades f\u00f6r att ta itu med livsstilsfr\u00e5gor och f\u00f6r att uppmuntra oss att se v\u00e4rlden ur en regenerativ synvinkel. Vi \u00e4r medvetna om att varje organisation, samh\u00e4lle och bioregion \u00e4r unik och att var och en av oss m\u00e5ste prioritera de omr\u00e5den som \u00e4r viktigast f\u00f6r v\u00e5r situation n\u00e4r vi utvecklar kapaciteten hos oss sj\u00e4lva och v\u00e5ra samh\u00e4llen att vidta \u00e5tg\u00e4rder. Vi har tagit fram f\u00f6rslag p\u00e5 m\u00e4tetal inom flera viktiga omr\u00e5den f\u00f6r att hj\u00e4lpa dig att komma ig\u00e5ng, och n\u00e4r du forts\u00e4tter p\u00e5 den h\u00e4r resan hoppas vi att du kommer att g\u00e5 l\u00e4ngre \u00e4n dessa f\u00f6rslag och hitta nya punkter d\u00e4r du kan f\u00e5 st\u00f6rst effekt.<\/p>\n\n\n\n<p>En viktig f\u00f6rdel med verktygsl\u00e5dan \u00e4r att den \u00e4r utformad s\u00e5 att organisationer kan dela med sig av vad de g\u00f6r, underl\u00e4tta mentorskap och fungera som en m\u00f6jlighet att l\u00e4ra sig nya s\u00e4tt att hantera klimatf\u00f6r\u00e4ndringar fr\u00e5n andra inom v\u00e5rt omr\u00e5de.<\/p>\n\n\n\n<p>Under m\u00e5nga \u00e5rs arbete med att leda h\u00e5llbarhetsinitiativ p\u00e5 Phipps har vi insett att vi inte kan lindra klimatf\u00f6r\u00e4ndringarna genom \u00e5tg\u00e4rder fr\u00e5n en enskild institution eller en enskild individ.&nbsp;<strong>Vi m\u00e5ste arbeta tillsammans.<\/strong>&nbsp;V\u00e5ra avdelningar f\u00f6r utbildning, anl\u00e4ggningar, h\u00e5llbarhet, marknadsf\u00f6ring, tr\u00e4dg\u00e5rdsodling, samlingar och andra avdelningar har varit viktiga f\u00f6r att hj\u00e4lpa till att etablera metoder och forts\u00e4tta arbetet med att hantera klimatf\u00f6r\u00e4ndringarna samtidigt som vi \u00e4r aktiva i v\u00e5rt samh\u00e4lle. Om offentliga institutioner och deras medarbetare arbetar tillsammans kan vi dela med oss av v\u00e4rdefull information och framg\u00e5ngsrika modeller, hj\u00e4lpa till att svara p\u00e5 varandras fr\u00e5gor, engagera v\u00e5ra samh\u00e4llen och st\u00f6dja varandra p\u00e5 v\u00e5ra h\u00e5llbarhetsresor.<\/p>\n\n\n\n<p>Ta dig g\u00e4rna tid att l\u00e4sa igenom n\u00e5gra av v\u00e5ra <a href=\"https:\/\/climatetoolkit.org\/sv\/blog\/\">utbildningsartiklar<\/a>titta p\u00e5 n\u00e5gra av v\u00e5ra <a href=\"https:\/\/climatetoolkit.org\/sv\/webinars\/\">webbinarier<\/a>och anm\u00e4l dig till v\u00e5r <a href=\"https:\/\/climatetoolkit.org\/sv\/newsletter\/\">Nyhetsbrev<\/a>! Vi ser fram emot att forts\u00e4tta kontakten - och det finns ingen gr\u00e4ns f\u00f6r vad vi kan \u00e5stadkomma tillsammans.<\/p>\n\n\n\n<p>Med v\u00e4nlig h\u00e4lsning,<\/p>\n\n\n\n<figure class=\"wp-block-image is-resized\"><img decoding=\"async\" src=\"https:\/\/www.phipps.conservatory.org\/assets\/images\/as_art_image\/rvpsig.png\" alt=\"\" style=\"width:163px;height:50px\"\/><\/figure>\n\n\n\n<p><strong>Richard V. Piacentini<\/strong><br>VD och koncernchef <br>Phipps konservatorium och botaniska tr\u00e4dg\u00e5rd<\/p>","protected":false},"excerpt":{"rendered":"<p>Welcome to The Climate Toolkit Dear Climate Toolkit Visitors, It wasn\u2019t long ago that many of us in the world of cultural institutions felt that if our mission didn\u2019t explicitly state that we should be concerned with the environment and &hellip;<\/p>\n<p class=\"read-more\"> <a class=\"\" href=\"https:\/\/climatetoolkit.org\/sv\/welcome-to-the-climate-toolkit\/\"> <span class=\"screen-reader-text\">V\u00e4lkommen till klimatverktygsl\u00e5dan<\/span> L\u00e4s mer \"<\/a><\/p>","protected":false},"author":2,"featured_media":0,"parent":0,"menu_order":0,"comment_status":"closed","ping_status":"closed","template":"","meta":{"_acf_changed":false,"inline_featured_image":false,"advgb_blocks_editor_width":"","advgb_blocks_columns_visual_guide":"","footnotes":""},"class_list":["post-1495","page","type-page","status-publish","hentry"],"acf":[],"yoast_head":"<!-- This site is optimized with the Yoast SEO plugin v27.4 - https:\/\/yoast.com\/product\/yoast-seo-wordpress\/ -->\n<title>Welcome to the Climate Toolkit - The Climate Toolkit<\/title>\n<meta name=\"robots\" content=\"index, follow, max-snippet:-1, max-image-preview:large, max-video-preview:-1\" \/>\n<link rel=\"canonical\" href=\"https:\/\/climatetoolkit.org\/sv\/welcome-to-the-climate-toolkit\/\" \/>\n<meta property=\"og:locale\" content=\"sv_SE\" \/>\n<meta property=\"og:type\" content=\"article\" \/>\n<meta property=\"og:title\" content=\"Welcome to the Climate Toolkit - The Climate Toolkit\" \/>\n<meta property=\"og:description\" content=\"Welcome to The Climate Toolkit Dear Climate Toolkit Visitors, It wasn\u2019t long ago that many of us in the world of cultural institutions felt that if our mission didn\u2019t explicitly state that we should be concerned with the environment and &hellip; Welcome to the Climate Toolkit L\u00e4s mer &raquo;\" \/>\n<meta property=\"og:url\" content=\"https:\/\/climatetoolkit.org\/sv\/welcome-to-the-climate-toolkit\/\" \/>\n<meta property=\"og:site_name\" content=\"The Climate Toolkit\" \/>\n<meta property=\"article:modified_time\" content=\"2026-03-13T18:44:52+00:00\" \/>\n<meta property=\"og:image\" content=\"https:\/\/climatetoolkit.org\/wp-content\/uploads\/2022\/02\/Richard-Headshot.jpeg\" \/>\n\t<meta property=\"og:image:width\" content=\"1280\" \/>\n\t<meta property=\"og:image:height\" content=\"853\" \/>\n\t<meta property=\"og:image:type\" content=\"image\/jpeg\" \/>\n<meta name=\"twitter:card\" content=\"summary_large_image\" \/>\n<meta name=\"twitter:label1\" content=\"Ber\u00e4knad l\u00e4stid\" \/>\n\t<meta name=\"twitter:data1\" content=\"3 minuter\" \/>\n<script type=\"application\/ld+json\" class=\"yoast-schema-graph\">{\"@context\":\"https:\\\/\\\/schema.org\",\"@graph\":[{\"@type\":\"WebPage\",\"@id\":\"https:\\\/\\\/climatetoolkit.org\\\/welcome-to-the-climate-toolkit\\\/\",\"url\":\"https:\\\/\\\/climatetoolkit.org\\\/welcome-to-the-climate-toolkit\\\/\",\"name\":\"Welcome to the Climate Toolkit - The Climate Toolkit\",\"isPartOf\":{\"@id\":\"https:\\\/\\\/climatetoolkit.org\\\/#website\"},\"primaryImageOfPage\":{\"@id\":\"https:\\\/\\\/climatetoolkit.org\\\/welcome-to-the-climate-toolkit\\\/#primaryimage\"},\"image\":{\"@id\":\"https:\\\/\\\/climatetoolkit.org\\\/welcome-to-the-climate-toolkit\\\/#primaryimage\"},\"thumbnailUrl\":\"https:\\\/\\\/climatetoolkit.org\\\/wp-content\\\/uploads\\\/2022\\\/02\\\/Richard-Headshot-1024x682.jpeg\",\"datePublished\":\"2022-03-03T19:16:05+00:00\",\"dateModified\":\"2026-03-13T18:44:52+00:00\",\"breadcrumb\":{\"@id\":\"https:\\\/\\\/climatetoolkit.org\\\/welcome-to-the-climate-toolkit\\\/#breadcrumb\"},\"inLanguage\":\"sv-SE\",\"potentialAction\":[{\"@type\":\"ReadAction\",\"target\":[\"https:\\\/\\\/climatetoolkit.org\\\/welcome-to-the-climate-toolkit\\\/\"]}]},{\"@type\":\"ImageObject\",\"inLanguage\":\"sv-SE\",\"@id\":\"https:\\\/\\\/climatetoolkit.org\\\/welcome-to-the-climate-toolkit\\\/#primaryimage\",\"url\":\"https:\\\/\\\/climatetoolkit.org\\\/wp-content\\\/uploads\\\/2022\\\/02\\\/Richard-Headshot-1024x682.jpeg\",\"contentUrl\":\"https:\\\/\\\/climatetoolkit.org\\\/wp-content\\\/uploads\\\/2022\\\/02\\\/Richard-Headshot-1024x682.jpeg\"},{\"@type\":\"BreadcrumbList\",\"@id\":\"https:\\\/\\\/climatetoolkit.org\\\/welcome-to-the-climate-toolkit\\\/#breadcrumb\",\"itemListElement\":[{\"@type\":\"ListItem\",\"position\":1,\"name\":\"Home\",\"item\":\"https:\\\/\\\/climatetoolkit.org\\\/\"},{\"@type\":\"ListItem\",\"position\":2,\"name\":\"Welcome to the Climate Toolkit\"}]},{\"@type\":\"WebSite\",\"@id\":\"https:\\\/\\\/climatetoolkit.org\\\/#website\",\"url\":\"https:\\\/\\\/climatetoolkit.org\\\/\",\"name\":\"The Climate Toolkit\",\"description\":\"For Museums, Gardens and Zoos\",\"publisher\":{\"@id\":\"https:\\\/\\\/climatetoolkit.org\\\/#organization\"},\"potentialAction\":[{\"@type\":\"SearchAction\",\"target\":{\"@type\":\"EntryPoint\",\"urlTemplate\":\"https:\\\/\\\/climatetoolkit.org\\\/?s={search_term_string}\"},\"query-input\":{\"@type\":\"PropertyValueSpecification\",\"valueRequired\":true,\"valueName\":\"search_term_string\"}}],\"inLanguage\":\"sv-SE\"},{\"@type\":\"Organization\",\"@id\":\"https:\\\/\\\/climatetoolkit.org\\\/#organization\",\"name\":\"The Climate Toolkit\",\"url\":\"https:\\\/\\\/climatetoolkit.org\\\/\",\"logo\":{\"@type\":\"ImageObject\",\"inLanguage\":\"sv-SE\",\"@id\":\"https:\\\/\\\/climatetoolkit.org\\\/#\\\/schema\\\/logo\\\/image\\\/\",\"url\":\"https:\\\/\\\/climatetoolkit.org\\\/wp-content\\\/uploads\\\/2020\\\/05\\\/C_logo.png\",\"contentUrl\":\"https:\\\/\\\/climatetoolkit.org\\\/wp-content\\\/uploads\\\/2020\\\/05\\\/C_logo.png\",\"width\":512,\"height\":512,\"caption\":\"The Climate Toolkit\"},\"image\":{\"@id\":\"https:\\\/\\\/climatetoolkit.org\\\/#\\\/schema\\\/logo\\\/image\\\/\"}}]}<\/script>\n<!-- \/ Yoast SEO plugin. -->","yoast_head_json":{"title":"V\u00e4lkommen till klimatverktygsl\u00e5dan - Klimatverktygsl\u00e5dan","robots":{"index":"index","follow":"follow","max-snippet":"max-snippet:-1","max-image-preview":"max-image-preview:large","max-video-preview":"max-video-preview:-1"},"canonical":"https:\/\/climatetoolkit.org\/sv\/welcome-to-the-climate-toolkit\/","og_locale":"sv_SE","og_type":"article","og_title":"Welcome to the Climate Toolkit - The Climate Toolkit","og_description":"Welcome to The Climate Toolkit Dear Climate Toolkit Visitors, It wasn\u2019t long ago that many of us in the world of cultural institutions felt that if our mission didn\u2019t explicitly state that we should be concerned with the environment and &hellip; Welcome to the Climate Toolkit L\u00e4s mer &raquo;","og_url":"https:\/\/climatetoolkit.org\/sv\/welcome-to-the-climate-toolkit\/","og_site_name":"The Climate Toolkit","article_modified_time":"2026-03-13T18:44:52+00:00","og_image":[{"width":1280,"height":853,"url":"https:\/\/climatetoolkit.org\/wp-content\/uploads\/2022\/02\/Richard-Headshot.jpeg","type":"image\/jpeg"}],"twitter_card":"summary_large_image","twitter_misc":{"Ber\u00e4knad l\u00e4stid":"3 minuter"},"schema":{"@context":"https:\/\/schema.org","@graph":[{"@type":"WebPage","@id":"https:\/\/climatetoolkit.org\/welcome-to-the-climate-toolkit\/","url":"https:\/\/climatetoolkit.org\/welcome-to-the-climate-toolkit\/","name":"V\u00e4lkommen till klimatverktygsl\u00e5dan - Klimatverktygsl\u00e5dan","isPartOf":{"@id":"https:\/\/climatetoolkit.org\/#website"},"primaryImageOfPage":{"@id":"https:\/\/climatetoolkit.org\/welcome-to-the-climate-toolkit\/#primaryimage"},"image":{"@id":"https:\/\/climatetoolkit.org\/welcome-to-the-climate-toolkit\/#primaryimage"},"thumbnailUrl":"https:\/\/climatetoolkit.org\/wp-content\/uploads\/2022\/02\/Richard-Headshot-1024x682.jpeg","datePublished":"2022-03-03T19:16:05+00:00","dateModified":"2026-03-13T18:44:52+00:00","breadcrumb":{"@id":"https:\/\/climatetoolkit.org\/welcome-to-the-climate-toolkit\/#breadcrumb"},"inLanguage":"sv-SE","potentialAction":[{"@type":"ReadAction","target":["https:\/\/climatetoolkit.org\/welcome-to-the-climate-toolkit\/"]}]},{"@type":"ImageObject","inLanguage":"sv-SE","@id":"https:\/\/climatetoolkit.org\/welcome-to-the-climate-toolkit\/#primaryimage","url":"https:\/\/climatetoolkit.org\/wp-content\/uploads\/2022\/02\/Richard-Headshot-1024x682.jpeg","contentUrl":"https:\/\/climatetoolkit.org\/wp-content\/uploads\/2022\/02\/Richard-Headshot-1024x682.jpeg"},{"@type":"BreadcrumbList","@id":"https:\/\/climatetoolkit.org\/welcome-to-the-climate-toolkit\/#breadcrumb","itemListElement":[{"@type":"ListItem","position":1,"name":"Home","item":"https:\/\/climatetoolkit.org\/"},{"@type":"ListItem","position":2,"name":"Welcome to the Climate Toolkit"}]},{"@type":"WebSite","@id":"https:\/\/climatetoolkit.org\/#website","url":"https:\/\/climatetoolkit.org\/","name":"Verktygsl\u00e5da f\u00f6r klimat","description":"F\u00f6r museer, tr\u00e4dg\u00e5rdar och djurparker","publisher":{"@id":"https:\/\/climatetoolkit.org\/#organization"},"potentialAction":[{"@type":"SearchAction","target":{"@type":"EntryPoint","urlTemplate":"https:\/\/climatetoolkit.org\/?s={search_term_string}"},"query-input":{"@type":"PropertyValueSpecification","valueRequired":true,"valueName":"search_term_string"}}],"inLanguage":"sv-SE"},{"@type":"Organization","@id":"https:\/\/climatetoolkit.org\/#organization","name":"Verktygsl\u00e5da f\u00f6r klimat","url":"https:\/\/climatetoolkit.org\/","logo":{"@type":"ImageObject","inLanguage":"sv-SE","@id":"https:\/\/climatetoolkit.org\/#\/schema\/logo\/image\/","url":"https:\/\/climatetoolkit.org\/wp-content\/uploads\/2020\/05\/C_logo.png","contentUrl":"https:\/\/climatetoolkit.org\/wp-content\/uploads\/2020\/05\/C_logo.png","width":512,"height":512,"caption":"The Climate Toolkit"},"image":{"@id":"https:\/\/climatetoolkit.org\/#\/schema\/logo\/image\/"}}]}},"coauthors":[],"author_meta":{"author_link":"https:\/\/climatetoolkit.org\/sv\/author\/joe\/","display_name":"joe reed"},"relative_dates":{"created":"Publicerad 4 \u00e5r sedan","modified":"Uppdaterad 1 m\u00e5nad sedan"},"absolute_dates":{"created":"Publicerat den mars 3, 2022","modified":"Uppdaterad den mars 13, 2026"},"absolute_dates_time":{"created":"Publicerat den mars 3, 2022 2:16 e m","modified":"Uppdaterad den mars 13, 2026 2:44 e m"},"featured_img_caption":"","featured_img":false,"series_order":"","_links":{"self":[{"href":"https:\/\/climatetoolkit.org\/sv\/wp-json\/wp\/v2\/pages\/1495","targetHints":{"allow":["GET"]}}],"collection":[{"href":"https:\/\/climatetoolkit.org\/sv\/wp-json\/wp\/v2\/pages"}],"about":[{"href":"https:\/\/climatetoolkit.org\/sv\/wp-json\/wp\/v2\/types\/page"}],"author":[{"embeddable":true,"href":"https:\/\/climatetoolkit.org\/sv\/wp-json\/wp\/v2\/users\/2"}],"replies":[{"embeddable":true,"href":"https:\/\/climatetoolkit.org\/sv\/wp-json\/wp\/v2\/comments?post=1495"}],"version-history":[{"count":2,"href":"https:\/\/climatetoolkit.org\/sv\/wp-json\/wp\/v2\/pages\/1495\/revisions"}],"predecessor-version":[{"id":5586,"href":"https:\/\/climatetoolkit.org\/sv\/wp-json\/wp\/v2\/pages\/1495\/revisions\/5586"}],"wp:attachment":[{"href":"https:\/\/climatetoolkit.org\/sv\/wp-json\/wp\/v2\/media?parent=1495"}],"curies":[{"name":"wp","href":"https:\/\/api.w.org\/{rel}","templated":true}]}}