{"id":1260,"date":"2021-10-18T14:22:30","date_gmt":"2021-10-18T18:22:30","guid":{"rendered":"https:\/\/climatetoolkit.org\/?page_id=1260"},"modified":"2024-11-12T09:15:03","modified_gmt":"2024-11-12T14:15:03","slug":"newsletter","status":"publish","type":"page","link":"https:\/\/climatetoolkit.org\/sv\/newsletter\/","title":{"rendered":"Registrera dig f\u00f6r nyhetsbrev och listserv f\u00f6r Climate Toolkit"},"content":{"rendered":"<h2 class=\"wp-block-heading\">Registrera dig f\u00f6r nyhetsbrev och listserv f\u00f6r Climate Toolkit<\/h2>\n\n\n\n<p>Climate Toolkit \u00e4r en m\u00f6jlighet till samarbete f\u00f6r <strong>museer, tr\u00e4dg\u00e5rdar, djurparker, vetenskapscentra, naturcentra, f\u00e4ltstationer<\/strong>\u00a0och relaterade institutioner som vill l\u00e4ra sig hur man\u00a0<strong>aggressivt ta itu med klimatf\u00f6r\u00e4ndringarna<\/strong>\u00a0inom sina egna organisationer och inspirera de samh\u00e4llen som de tj\u00e4nar att f\u00f6lja deras exempel. <strong>Prenumerera p\u00e5 v\u00e5rt m\u00e5natliga nyhetsbrev<\/strong> f\u00f6r att h\u00e5lla dig informerad om v\u00e5ra senaste resurser, evenemang och annan anv\u00e4ndbar information.<\/p>\n\n\n\n<div class=\"wp-block-group\"><div class=\"wp-block-group__inner-container is-layout-constrained wp-block-group-is-layout-constrained\">\n<div class=\"wp-block-buttons is-layout-flex wp-block-buttons-is-layout-flex\">\n<div class=\"wp-block-button\" style=\"font-style:normal;font-weight:700\"><a class=\"wp-block-button__link has-white-color has-luminous-vivid-amber-background-color has-text-color has-background has-link-color wp-element-button\" href=\"https:\/\/phippsconservatory.prospect2.com\/f\/11\" style=\"border-radius:4px\">Registrera dig<\/a><\/div>\n<\/div>\n<\/div><\/div>\n\n\n\n<p id=\"listserv\">Vi \u00e4r glada \u00f6ver att kunna tillk\u00e4nnage <strong>Listserv f\u00f6r verktygsl\u00e5da f\u00f6r klimat <\/strong>f\u00f6r att m\u00f6jligg\u00f6ra mindre konversationer om klimatf\u00f6r\u00e4ndringar via e-post. Listserv \u00e4r tillg\u00e4nglig f\u00f6r alla yrkesverksamma som arbetar p\u00e5 en <strong>museum, tr\u00e4dg\u00e5rd, zoo, vetenskapscenter, naturcenter, f\u00e4ltstation<\/strong>\u00a0eller n\u00e4rst\u00e5ende institution. Vi hoppas att medlemmarna kommer att anv\u00e4nda den f\u00f6r att st\u00e4lla fr\u00e5gor och dela nyheter n\u00e4r var och en av v\u00e5ra institutioner forts\u00e4tter sitt arbete f\u00f6r att hantera klimatf\u00f6r\u00e4ndringarna.<\/p>\n\n\n\n<p>F\u00f6r att underl\u00e4tta f\u00f6r dig har Listserv tre alternativ f\u00f6r att ta emot meddelanden:&nbsp;<\/p>\n\n\n\n<ol class=\"wp-block-list\">\n<li><strong>Omedelbart<\/strong>: Varje meddelande som skickas kommer omedelbart till din inkorg.&nbsp;<\/li>\n\n\n\n<li><strong>Daglig sammanfattning<\/strong>: Du kommer att f\u00e5 ett e-postmeddelande varje dag med alla meddelanden f\u00f6r den dagen. Du kan bl\u00e4ddra igenom de tidigare meddelandena f\u00f6r att se dem individuellt.<\/li>\n\n\n\n<li><strong>Pausa alla meddelanden<\/strong>: Om du av n\u00e5gon anledning beh\u00f6ver pausa meddelandena kan du g\u00f6ra det n\u00e4r som helst.&nbsp;<\/li>\n<\/ol>\n\n\n\n<p>Vi ser fram emot att f\u00e5 kontakt med dig p\u00e5 det h\u00e4r nya s\u00e4ttet!<\/p>\n\n\n\n<form method=\"post\" action=\"https:\/\/gaggle.email\/join\/climatetoolkit@gaggle.email\">\n    <div>\n<label for=\"mce-Name\">F\u00f6r- och efternamn <\/label>\n        <input name=\"name\" type=\"text\" placeholder=\" \">\n    <\/div>\n\t<label for=\"mce-EMAIL\">E-postadress <\/label>\n   <input name=\"email\" type=\"email\" placeholder=\" \">\n<div class=\"mc-field-group\">\n <\/div>\n <div>\n    <button>G\u00e5 med i gruppen<\/button>\n    <\/div>\n<\/form>","protected":false},"excerpt":{"rendered":"<p>Registrera dig f\u00f6r The Climate Toolkit Newsletter and Listserv The Climate Toolkit \u00e4r en samarbetsm\u00f6jlighet f\u00f6r museer, tr\u00e4dg\u00e5rdar, djurparker, vetenskapscentra, naturcentra, f\u00e4ltstationer och relaterade institutioner som vill l\u00e4ra sig hur man aggressivt kan ta itu med klimatf\u00f6r\u00e4ndringar inom sina egna organisationer ...<\/p>\n<p class=\"read-more\"> <a class=\"\" href=\"https:\/\/climatetoolkit.org\/sv\/newsletter\/\"> <span class=\"screen-reader-text\">Registrera dig f\u00f6r nyhetsbrev och listserv f\u00f6r Climate Toolkit<\/span> L\u00e4s mer \"<\/a><\/p>","protected":false},"author":2,"featured_media":0,"parent":0,"menu_order":0,"comment_status":"closed","ping_status":"closed","template":"","meta":{"_acf_changed":false,"inline_featured_image":false,"advgb_blocks_editor_width":"","advgb_blocks_columns_visual_guide":"","footnotes":""},"class_list":["post-1260","page","type-page","status-publish","hentry"],"acf":[],"yoast_head":"<!-- This site is optimized with the Yoast SEO plugin v27.4 - https:\/\/yoast.com\/product\/yoast-seo-wordpress\/ -->\n<title>Sign Up for The Climate Toolkit Newsletter and Listserv - The Climate Toolkit<\/title>\n<meta name=\"robots\" content=\"index, follow, max-snippet:-1, max-image-preview:large, max-video-preview:-1\" \/>\n<link rel=\"canonical\" href=\"https:\/\/climatetoolkit.org\/sv\/newsletter\/\" \/>\n<meta property=\"og:locale\" content=\"sv_SE\" \/>\n<meta property=\"og:type\" content=\"article\" \/>\n<meta property=\"og:title\" content=\"Sign Up for The Climate Toolkit Newsletter and Listserv - The Climate Toolkit\" \/>\n<meta property=\"og:description\" content=\"Sign Up for The Climate Toolkit Newsletter and Listserv The Climate Toolkit is a collaborative opportunity for museums, gardens, zoos, science centers, nature centers, field stations\u00a0and related institutions who want to learn how to\u00a0aggressively address climate change\u00a0within their own organizations &hellip; Sign Up for The Climate Toolkit Newsletter and Listserv L\u00e4s mer &raquo;\" \/>\n<meta property=\"og:url\" content=\"https:\/\/climatetoolkit.org\/sv\/newsletter\/\" \/>\n<meta property=\"og:site_name\" content=\"The Climate Toolkit\" \/>\n<meta property=\"article:modified_time\" content=\"2024-11-12T14:15:03+00:00\" \/>\n<meta name=\"twitter:card\" content=\"summary_large_image\" \/>\n<meta name=\"twitter:label1\" content=\"Ber\u00e4knad l\u00e4stid\" \/>\n\t<meta name=\"twitter:data1\" content=\"1 minut\" \/>\n<script type=\"application\/ld+json\" class=\"yoast-schema-graph\">{\"@context\":\"https:\\\/\\\/schema.org\",\"@graph\":[{\"@type\":\"WebPage\",\"@id\":\"https:\\\/\\\/climatetoolkit.org\\\/newsletter\\\/\",\"url\":\"https:\\\/\\\/climatetoolkit.org\\\/newsletter\\\/\",\"name\":\"Sign Up for The Climate Toolkit Newsletter and Listserv - The Climate Toolkit\",\"isPartOf\":{\"@id\":\"https:\\\/\\\/climatetoolkit.org\\\/#website\"},\"datePublished\":\"2021-10-18T18:22:30+00:00\",\"dateModified\":\"2024-11-12T14:15:03+00:00\",\"breadcrumb\":{\"@id\":\"https:\\\/\\\/climatetoolkit.org\\\/newsletter\\\/#breadcrumb\"},\"inLanguage\":\"sv-SE\",\"potentialAction\":[{\"@type\":\"ReadAction\",\"target\":[\"https:\\\/\\\/climatetoolkit.org\\\/newsletter\\\/\"]}]},{\"@type\":\"BreadcrumbList\",\"@id\":\"https:\\\/\\\/climatetoolkit.org\\\/newsletter\\\/#breadcrumb\",\"itemListElement\":[{\"@type\":\"ListItem\",\"position\":1,\"name\":\"Home\",\"item\":\"https:\\\/\\\/climatetoolkit.org\\\/\"},{\"@type\":\"ListItem\",\"position\":2,\"name\":\"Sign Up for The Climate Toolkit Newsletter and Listserv\"}]},{\"@type\":\"WebSite\",\"@id\":\"https:\\\/\\\/climatetoolkit.org\\\/#website\",\"url\":\"https:\\\/\\\/climatetoolkit.org\\\/\",\"name\":\"The Climate Toolkit\",\"description\":\"For Museums, Gardens and Zoos\",\"publisher\":{\"@id\":\"https:\\\/\\\/climatetoolkit.org\\\/#organization\"},\"potentialAction\":[{\"@type\":\"SearchAction\",\"target\":{\"@type\":\"EntryPoint\",\"urlTemplate\":\"https:\\\/\\\/climatetoolkit.org\\\/?s={search_term_string}\"},\"query-input\":{\"@type\":\"PropertyValueSpecification\",\"valueRequired\":true,\"valueName\":\"search_term_string\"}}],\"inLanguage\":\"sv-SE\"},{\"@type\":\"Organization\",\"@id\":\"https:\\\/\\\/climatetoolkit.org\\\/#organization\",\"name\":\"The Climate Toolkit\",\"url\":\"https:\\\/\\\/climatetoolkit.org\\\/\",\"logo\":{\"@type\":\"ImageObject\",\"inLanguage\":\"sv-SE\",\"@id\":\"https:\\\/\\\/climatetoolkit.org\\\/#\\\/schema\\\/logo\\\/image\\\/\",\"url\":\"https:\\\/\\\/climatetoolkit.org\\\/wp-content\\\/uploads\\\/2020\\\/05\\\/C_logo.png\",\"contentUrl\":\"https:\\\/\\\/climatetoolkit.org\\\/wp-content\\\/uploads\\\/2020\\\/05\\\/C_logo.png\",\"width\":512,\"height\":512,\"caption\":\"The Climate Toolkit\"},\"image\":{\"@id\":\"https:\\\/\\\/climatetoolkit.org\\\/#\\\/schema\\\/logo\\\/image\\\/\"}}]}<\/script>\n<!-- \/ Yoast SEO plugin. -->","yoast_head_json":{"title":"Registrera dig f\u00f6r nyhetsbrev och listserv f\u00f6r The Climate Toolkit - The Climate Toolkit","robots":{"index":"index","follow":"follow","max-snippet":"max-snippet:-1","max-image-preview":"max-image-preview:large","max-video-preview":"max-video-preview:-1"},"canonical":"https:\/\/climatetoolkit.org\/sv\/newsletter\/","og_locale":"sv_SE","og_type":"article","og_title":"Sign Up for The Climate Toolkit Newsletter and Listserv - The Climate Toolkit","og_description":"Sign Up for The Climate Toolkit Newsletter and Listserv The Climate Toolkit is a collaborative opportunity for museums, gardens, zoos, science centers, nature centers, field stations\u00a0and related institutions who want to learn how to\u00a0aggressively address climate change\u00a0within their own organizations &hellip; Sign Up for The Climate Toolkit Newsletter and Listserv L\u00e4s mer &raquo;","og_url":"https:\/\/climatetoolkit.org\/sv\/newsletter\/","og_site_name":"The Climate Toolkit","article_modified_time":"2024-11-12T14:15:03+00:00","twitter_card":"summary_large_image","twitter_misc":{"Ber\u00e4knad l\u00e4stid":"1 minut"},"schema":{"@context":"https:\/\/schema.org","@graph":[{"@type":"WebPage","@id":"https:\/\/climatetoolkit.org\/newsletter\/","url":"https:\/\/climatetoolkit.org\/newsletter\/","name":"Registrera dig f\u00f6r nyhetsbrev och listserv f\u00f6r The Climate Toolkit - The Climate Toolkit","isPartOf":{"@id":"https:\/\/climatetoolkit.org\/#website"},"datePublished":"2021-10-18T18:22:30+00:00","dateModified":"2024-11-12T14:15:03+00:00","breadcrumb":{"@id":"https:\/\/climatetoolkit.org\/newsletter\/#breadcrumb"},"inLanguage":"sv-SE","potentialAction":[{"@type":"ReadAction","target":["https:\/\/climatetoolkit.org\/newsletter\/"]}]},{"@type":"BreadcrumbList","@id":"https:\/\/climatetoolkit.org\/newsletter\/#breadcrumb","itemListElement":[{"@type":"ListItem","position":1,"name":"Home","item":"https:\/\/climatetoolkit.org\/"},{"@type":"ListItem","position":2,"name":"Sign Up for The Climate Toolkit Newsletter and Listserv"}]},{"@type":"WebSite","@id":"https:\/\/climatetoolkit.org\/#website","url":"https:\/\/climatetoolkit.org\/","name":"Verktygsl\u00e5da f\u00f6r klimat","description":"F\u00f6r museer, tr\u00e4dg\u00e5rdar och djurparker","publisher":{"@id":"https:\/\/climatetoolkit.org\/#organization"},"potentialAction":[{"@type":"SearchAction","target":{"@type":"EntryPoint","urlTemplate":"https:\/\/climatetoolkit.org\/?s={search_term_string}"},"query-input":{"@type":"PropertyValueSpecification","valueRequired":true,"valueName":"search_term_string"}}],"inLanguage":"sv-SE"},{"@type":"Organization","@id":"https:\/\/climatetoolkit.org\/#organization","name":"Verktygsl\u00e5da f\u00f6r klimat","url":"https:\/\/climatetoolkit.org\/","logo":{"@type":"ImageObject","inLanguage":"sv-SE","@id":"https:\/\/climatetoolkit.org\/#\/schema\/logo\/image\/","url":"https:\/\/climatetoolkit.org\/wp-content\/uploads\/2020\/05\/C_logo.png","contentUrl":"https:\/\/climatetoolkit.org\/wp-content\/uploads\/2020\/05\/C_logo.png","width":512,"height":512,"caption":"The Climate Toolkit"},"image":{"@id":"https:\/\/climatetoolkit.org\/#\/schema\/logo\/image\/"}}]}},"coauthors":[],"author_meta":{"author_link":"https:\/\/climatetoolkit.org\/sv\/author\/joe\/","display_name":"joe reed"},"relative_dates":{"created":"Publicerad 4 \u00e5r sedan","modified":"Uppdaterad 1 \u00e5r sedan"},"absolute_dates":{"created":"Publicerat den oktober 18, 2021","modified":"Uppdaterad den november 12, 2024"},"absolute_dates_time":{"created":"Publicerat den oktober 18, 2021 2:22 e m","modified":"Uppdaterad den november 12, 2024 9:15 f m"},"featured_img_caption":"","featured_img":false,"series_order":"","_links":{"self":[{"href":"https:\/\/climatetoolkit.org\/sv\/wp-json\/wp\/v2\/pages\/1260","targetHints":{"allow":["GET"]}}],"collection":[{"href":"https:\/\/climatetoolkit.org\/sv\/wp-json\/wp\/v2\/pages"}],"about":[{"href":"https:\/\/climatetoolkit.org\/sv\/wp-json\/wp\/v2\/types\/page"}],"author":[{"embeddable":true,"href":"https:\/\/climatetoolkit.org\/sv\/wp-json\/wp\/v2\/users\/2"}],"replies":[{"embeddable":true,"href":"https:\/\/climatetoolkit.org\/sv\/wp-json\/wp\/v2\/comments?post=1260"}],"version-history":[{"count":1,"href":"https:\/\/climatetoolkit.org\/sv\/wp-json\/wp\/v2\/pages\/1260\/revisions"}],"predecessor-version":[{"id":3922,"href":"https:\/\/climatetoolkit.org\/sv\/wp-json\/wp\/v2\/pages\/1260\/revisions\/3922"}],"wp:attachment":[{"href":"https:\/\/climatetoolkit.org\/sv\/wp-json\/wp\/v2\/media?parent=1260"}],"curies":[{"name":"wp","href":"https:\/\/api.w.org\/{rel}","templated":true}]}}