{"id":572,"date":"2021-02-11T11:37:14","date_gmt":"2021-02-11T16:37:14","guid":{"rendered":"https:\/\/climatetoolkit.org\/?page_id=572"},"modified":"2021-02-11T16:40:48","modified_gmt":"2021-02-11T21:40:48","slug":"alignment-of-project-drawdown-solutions-and-the-climate-toolkit","status":"publish","type":"page","link":"https:\/\/climatetoolkit.org\/pt\/alignment-of-project-drawdown-solutions-and-the-climate-toolkit\/","title":{"rendered":"Alinhamento das solu\u00e7\u00f5es de levantamento de projectos e do kit de ferramentas para o clima"},"content":{"rendered":"<h1 align=\"center\">Alinhamento das solu\u00e7\u00f5es de levantamento de projectos e do kit de ferramentas para o clima<\/h1>\n\n\n\n<div class=\"wp-block-image\"><figure class=\"aligncenter size-large is-resized\"><img decoding=\"async\" src=\"https:\/\/climatetoolkit.org\/wp-content\/uploads\/2021\/02\/drawdown.jpg\" alt=\"\" class=\"wp-image-551\" width=\"563\" height=\"165\" srcset=\"https:\/\/climatetoolkit.org\/wp-content\/uploads\/2021\/02\/drawdown.jpg 750w, https:\/\/climatetoolkit.org\/wp-content\/uploads\/2021\/02\/drawdown-300x88.jpg 300w, https:\/\/climatetoolkit.org\/wp-content\/uploads\/2021\/02\/drawdown-100x29.jpg 100w, https:\/\/climatetoolkit.org\/wp-content\/uploads\/2021\/02\/drawdown-150x44.jpg 150w, https:\/\/climatetoolkit.org\/wp-content\/uploads\/2021\/02\/drawdown-200x59.jpg 200w, https:\/\/climatetoolkit.org\/wp-content\/uploads\/2021\/02\/drawdown-450x132.jpg 450w, https:\/\/climatetoolkit.org\/wp-content\/uploads\/2021\/02\/drawdown-600x176.jpg 600w\" sizes=\"(max-width: 563px) 100vw, 563px\" \/><\/figure><\/div>\n\n\n\n<p><strong><a href=\"https:\/\/www.drawdown.org\/solutions\">Retirada de fundos do projeto<\/a><\/strong> \u00e9 uma organiza\u00e7\u00e3o sem fins lucrativos que \"efectua an\u00e1lises e avalia\u00e7\u00f5es rigorosas das solu\u00e7\u00f5es clim\u00e1ticas, cria uma comunica\u00e7\u00e3o convincente e humana atrav\u00e9s dos meios de comunica\u00e7\u00e3o e estabelece parcerias com esfor\u00e7os para acelerar as solu\u00e7\u00f5es clim\u00e1ticas a n\u00edvel mundial\". A miss\u00e3o do Projeto Drawdown \u00e9 reduzir as fontes de emiss\u00e3o, apoiar os sumidouros de carbono, elevar o ciclo de carbono da natureza e melhorar a sociedade em geral. A Tabela de Solu\u00e7\u00f5es do projeto, criada por Paul Hawken e Amanda Ravenhill, aconselha organiza\u00e7\u00f5es, cidades, universidades, filantropos, decisores pol\u00edticos, comunidades, etc., sobre as formas mais eficazes de lidar com as altera\u00e7\u00f5es clim\u00e1ticas. Sempre que poss\u00edvel, as solu\u00e7\u00f5es listadas na tabela de levantamento de projectos tamb\u00e9m apresentam a quantidade de di\u00f3xido de carbono que pode ser mitigada se a solu\u00e7\u00e3o for utilizada. Os n\u00fameros abaixo representam uma estimativa de gigatoneladas de emiss\u00f5es equivalentes de CO2 que podem ser reduzidas ou sequestradas por uma determinada solu\u00e7\u00e3o durante um per\u00edodo de 30 anos.<\/p>\n\n\n\n<p>Os Objectivos do Kit de Ferramentas para o Clima que se alinham com as Solu\u00e7\u00f5es de Retirada de Proveitos s\u00e3o emparelhados abaixo.<\/p>\n\n\n\n<figure class=\"wp-block-table is-style-regular; vertical-align: top !important;\"><table class=\"has-subtle-pale-blue-background-color has-fixed-layout has-background\"><thead><tr><th><h2>Solu\u00e7\u00f5es de levantamento de projectos<\/h2><\/th><th><h2>Objectivos do kit de ferramentas para o clima<\/h2><\/th><\/tr><\/thead><tbody><tr><td><strong>Eletricidade<\/strong><\/td><td><strong>Energia<\/strong><\/td><\/tr><tr><td  style=\"padding-left: 2em !important;\">Edif\u00edcios Net-Zero<\/td><td  style=\"padding-left: 2em !important;\">Construir todos os novos edif\u00edcios como edif\u00edcios de energia zero ou edif\u00edcios vivos.<\/td><\/tr><tr><td  style=\"padding-left: 2em !important;\">Energia solar concentrada (18,6 - 23,96)<br><br>Energia solar fotovoltaica \u00e0 escala dos servi\u00e7os p\u00fablicos<br>(42.32 - 119.13)<br><br>Fotovoltaicos distribu\u00eddos (27,98 - 68,64)<\/td><td  style=\"padding-left: 2em !important;\">Gerar ou comprar 100%<br>eletricidade renov\u00e1vel.<\/td><\/tr><tr><td><strong>Edif\u00edcios, Ind\u00fastria<\/strong><\/td><td><strong>Res\u00edduos<\/strong><\/td><\/tr><tr><td  style=\"padding-left: 2em !important;\">Retrofitting de edif\u00edcios<\/td><td  style=\"padding-left: 2em !important;\">Assegurar que todas as novas constru\u00e7\u00f5es ou<br>as renova\u00e7\u00f5es reduzem ou<br>gerir os res\u00edduos.<\/td><\/tr><tr><td  style=\"padding-left: 2em !important;\">Compostagem (2.14 - 3.13)<\/td><td  style=\"padding-left: 2em !important;\">Compostar 100% de todos os res\u00edduos alimentares.<\/td><\/tr><tr><td  style=\"padding-left: 2em !important;\">Reciclagem (5.5 - 6.02)<\/td><td  style=\"padding-left: 2em !important;\">Reciclar ou reutilizar todos os materiais recicl\u00e1veis<br>incluindo metais, vidro e pl\u00e1stico<br>em todo o jardim de inverno.<br><br>Eliminar todos os pl\u00e1sticos de utiliza\u00e7\u00e3o \u00fanica nos servi\u00e7os alimentares, na horticultura, na loja de recorda\u00e7\u00f5es e em todas as outras instala\u00e7\u00f5es<br>e opera\u00e7\u00f5es.<br><br>Eliminar a venda e a utiliza\u00e7\u00e3o de \u00e1gua engarrafada.<\/td><\/tr><tr><td><strong>Transporte<\/strong><\/td><td><strong>Transporte<\/strong><\/td><\/tr><tr><td  style=\"padding-left: 2em !important;\">Infra-estruturas para bicicletas (2,56 - 6,65)<br><br>Carpooling (4,17 - 7,70)<br><br>Autom\u00f3veis el\u00e9ctricos (11,87 - 15,68)<br><br>Tr\u00e2nsito p\u00fablico (7,51 - 23,36)<\/td><td  style=\"padding-left: 2em !important;\">Incentivar os empregados a partilharem o autom\u00f3vel, a andarem de bicicleta, de autocarro ou a renunciarem ao transporte individual.<br><br>Incentivar as viagens sustent\u00e1veis dos visitantes.<br><br>Tornar el\u00e9ctricos 25% da frota de ve\u00edculos.<br><br>Assegurar que o 25% de todo o equipamento de manuten\u00e7\u00e3o de relvados\/jardins \u00e9 el\u00e9trico.<\/td><\/tr><tr><td><strong>Alimenta\u00e7\u00e3o, agricultura e utiliza\u00e7\u00e3o dos solos, sumidouros de terra<\/strong><\/td><td><strong>Servi\u00e7o de alimenta\u00e7\u00e3o, paisagismo e horticultura<\/strong><\/td><\/tr><tr><td  style=\"padding-left: 2em !important;\">Culturas anuais regenerativas (14.52 - 22.27)<br><br>Gest\u00e3o dos nutrientes (2.34 - 12.06)<\/td><td  style=\"padding-left: 2em !important;\">Garantir que 50% dos pesticidas e fertilizantes utilizados n\u00e3o cont\u00eam f\u00f3sseis.<\/td><\/tr><tr><td  style=\"padding-left: 2em !important;\">Dietas ricas em vegetais (65,01 - 91,72)<\/td><td  style=\"padding-left: 2em !important;\">Assegurar que 40% das selec\u00e7\u00f5es do menu dos servi\u00e7os alimentares s\u00e3o veganas ou vegetarianas.<\/td><\/tr><tr><td  style=\"padding-left: 2em !important;\">Planta\u00e7\u00f5es de \u00e1rvores (22.24 - 35.94)<\/td><td  style=\"padding-left: 2em !important;\">Apoiar a refloresta\u00e7\u00e3o para sequestrar carbono.<\/td><\/tr><tr><td  style=\"padding-left: 2em !important;\">Culturas perenes de base (15,45 - 1,26)<br><br>Agrofloresta\u00e7\u00e3o multiestratos (11.30 - 20.40)<\/td><td  style=\"padding-left: 2em !important;\">Reduzir as necessidades de irriga\u00e7\u00e3o selecionando e apoiando as plantas aut\u00f3ctones.<br><br>Reduzir as \u00e1reas de relvado em 10% e incentivar a substitui\u00e7\u00e3o por plantas aut\u00f3ctones.<\/td><\/tr><\/tbody><\/table><\/figure>\n\n\n\n<p>Para saber mais sobre o Quadro de Solu\u00e7\u00f5es, <strong><a href=\"https:\/\/www.drawdown.org\/solutions\/table-of-solutions\">visitar o s\u00edtio Web do projeto Drawdown<\/a><\/strong>.<\/p>","protected":false},"excerpt":{"rendered":"<p>Alignment of Project Drawdown Solutions and The Climate Toolkit Project Drawdown is a nonprofit that \u201cconducts rigorous reviews and assessments of climate solutions, creates compelling and human communication across mediums, and partners with efforts to accelerate climate solutions globally\u201d. Project &hellip;<\/p>\n<p class=\"read-more\"> <a class=\"\" href=\"https:\/\/climatetoolkit.org\/pt\/alignment-of-project-drawdown-solutions-and-the-climate-toolkit\/\"> <span class=\"screen-reader-text\">Alinhamento das solu\u00e7\u00f5es de levantamento de projectos e do kit de ferramentas para o clima<\/span> Ler mais \"<\/a><\/p>","protected":false},"author":2,"featured_media":0,"parent":0,"menu_order":0,"comment_status":"closed","ping_status":"closed","template":"","meta":{"_acf_changed":false,"inline_featured_image":false,"advgb_blocks_editor_width":"","advgb_blocks_columns_visual_guide":"","footnotes":""},"class_list":["post-572","page","type-page","status-publish","hentry"],"acf":[],"yoast_head":"<!-- This site is optimized with the Yoast SEO plugin v27.5 - https:\/\/yoast.com\/product\/yoast-seo-wordpress\/ -->\n<title>Alignment of Project Drawdown Solutions and The Climate Toolkit - The Climate Toolkit<\/title>\n<meta name=\"robots\" content=\"index, follow, max-snippet:-1, max-image-preview:large, max-video-preview:-1\" \/>\n<link rel=\"canonical\" href=\"https:\/\/climatetoolkit.org\/pt\/alignment-of-project-drawdown-solutions-and-the-climate-toolkit\/\" \/>\n<meta property=\"og:locale\" content=\"pt_PT\" \/>\n<meta property=\"og:type\" content=\"article\" \/>\n<meta property=\"og:title\" content=\"Alignment of Project Drawdown Solutions and The Climate Toolkit - The Climate Toolkit\" \/>\n<meta property=\"og:description\" content=\"Alignment of Project Drawdown Solutions and The Climate Toolkit Project Drawdown is a nonprofit that \u201cconducts rigorous reviews and assessments of climate solutions, creates compelling and human communication across mediums, and partners with efforts to accelerate climate solutions globally\u201d. Project &hellip; Alignment of Project Drawdown Solutions and The Climate Toolkit Read More &raquo;\" \/>\n<meta property=\"og:url\" content=\"https:\/\/climatetoolkit.org\/pt\/alignment-of-project-drawdown-solutions-and-the-climate-toolkit\/\" \/>\n<meta property=\"og:site_name\" content=\"The Climate Toolkit\" \/>\n<meta property=\"article:modified_time\" content=\"2021-02-11T21:40:48+00:00\" \/>\n<meta property=\"og:image\" content=\"https:\/\/climatetoolkit.org\/wp-content\/uploads\/2021\/02\/drawdown.jpg\" \/>\n<meta name=\"twitter:card\" content=\"summary_large_image\" \/>\n<meta name=\"twitter:label1\" content=\"Tempo estimado de leitura\" \/>\n\t<meta name=\"twitter:data1\" content=\"2 minutos\" \/>\n<script type=\"application\/ld+json\" class=\"yoast-schema-graph\">{\"@context\":\"https:\\\/\\\/schema.org\",\"@graph\":[{\"@type\":\"WebPage\",\"@id\":\"https:\\\/\\\/climatetoolkit.org\\\/alignment-of-project-drawdown-solutions-and-the-climate-toolkit\\\/\",\"url\":\"https:\\\/\\\/climatetoolkit.org\\\/alignment-of-project-drawdown-solutions-and-the-climate-toolkit\\\/\",\"name\":\"Alignment of Project Drawdown Solutions and The Climate Toolkit - The Climate Toolkit\",\"isPartOf\":{\"@id\":\"https:\\\/\\\/climatetoolkit.org\\\/#website\"},\"primaryImageOfPage\":{\"@id\":\"https:\\\/\\\/climatetoolkit.org\\\/alignment-of-project-drawdown-solutions-and-the-climate-toolkit\\\/#primaryimage\"},\"image\":{\"@id\":\"https:\\\/\\\/climatetoolkit.org\\\/alignment-of-project-drawdown-solutions-and-the-climate-toolkit\\\/#primaryimage\"},\"thumbnailUrl\":\"https:\\\/\\\/climatetoolkit.org\\\/wp-content\\\/uploads\\\/2021\\\/02\\\/drawdown.jpg\",\"datePublished\":\"2021-02-11T16:37:14+00:00\",\"dateModified\":\"2021-02-11T21:40:48+00:00\",\"breadcrumb\":{\"@id\":\"https:\\\/\\\/climatetoolkit.org\\\/alignment-of-project-drawdown-solutions-and-the-climate-toolkit\\\/#breadcrumb\"},\"inLanguage\":\"pt-PT\",\"potentialAction\":[{\"@type\":\"ReadAction\",\"target\":[\"https:\\\/\\\/climatetoolkit.org\\\/alignment-of-project-drawdown-solutions-and-the-climate-toolkit\\\/\"]}]},{\"@type\":\"ImageObject\",\"inLanguage\":\"pt-PT\",\"@id\":\"https:\\\/\\\/climatetoolkit.org\\\/alignment-of-project-drawdown-solutions-and-the-climate-toolkit\\\/#primaryimage\",\"url\":\"https:\\\/\\\/climatetoolkit.org\\\/wp-content\\\/uploads\\\/2021\\\/02\\\/drawdown.jpg\",\"contentUrl\":\"https:\\\/\\\/climatetoolkit.org\\\/wp-content\\\/uploads\\\/2021\\\/02\\\/drawdown.jpg\"},{\"@type\":\"BreadcrumbList\",\"@id\":\"https:\\\/\\\/climatetoolkit.org\\\/alignment-of-project-drawdown-solutions-and-the-climate-toolkit\\\/#breadcrumb\",\"itemListElement\":[{\"@type\":\"ListItem\",\"position\":1,\"name\":\"Home\",\"item\":\"https:\\\/\\\/climatetoolkit.org\\\/\"},{\"@type\":\"ListItem\",\"position\":2,\"name\":\"Alignment of Project Drawdown Solutions and The Climate Toolkit\"}]},{\"@type\":\"WebSite\",\"@id\":\"https:\\\/\\\/climatetoolkit.org\\\/#website\",\"url\":\"https:\\\/\\\/climatetoolkit.org\\\/\",\"name\":\"The Climate Toolkit\",\"description\":\"For Museums, Gardens and Zoos\",\"publisher\":{\"@id\":\"https:\\\/\\\/climatetoolkit.org\\\/#organization\"},\"potentialAction\":[{\"@type\":\"SearchAction\",\"target\":{\"@type\":\"EntryPoint\",\"urlTemplate\":\"https:\\\/\\\/climatetoolkit.org\\\/?s={search_term_string}\"},\"query-input\":{\"@type\":\"PropertyValueSpecification\",\"valueRequired\":true,\"valueName\":\"search_term_string\"}}],\"inLanguage\":\"pt-PT\"},{\"@type\":\"Organization\",\"@id\":\"https:\\\/\\\/climatetoolkit.org\\\/#organization\",\"name\":\"The Climate Toolkit\",\"url\":\"https:\\\/\\\/climatetoolkit.org\\\/\",\"logo\":{\"@type\":\"ImageObject\",\"inLanguage\":\"pt-PT\",\"@id\":\"https:\\\/\\\/climatetoolkit.org\\\/#\\\/schema\\\/logo\\\/image\\\/\",\"url\":\"https:\\\/\\\/climatetoolkit.org\\\/wp-content\\\/uploads\\\/2020\\\/05\\\/C_logo.png\",\"contentUrl\":\"https:\\\/\\\/climatetoolkit.org\\\/wp-content\\\/uploads\\\/2020\\\/05\\\/C_logo.png\",\"width\":512,\"height\":512,\"caption\":\"The Climate Toolkit\"},\"image\":{\"@id\":\"https:\\\/\\\/climatetoolkit.org\\\/#\\\/schema\\\/logo\\\/image\\\/\"}}]}<\/script>\n<!-- \/ Yoast SEO plugin. -->","yoast_head_json":{"title":"Alignment of Project Drawdown Solutions and The Climate Toolkit - The Climate Toolkit","robots":{"index":"index","follow":"follow","max-snippet":"max-snippet:-1","max-image-preview":"max-image-preview:large","max-video-preview":"max-video-preview:-1"},"canonical":"https:\/\/climatetoolkit.org\/pt\/alignment-of-project-drawdown-solutions-and-the-climate-toolkit\/","og_locale":"pt_PT","og_type":"article","og_title":"Alignment of Project Drawdown Solutions and The Climate Toolkit - The Climate Toolkit","og_description":"Alignment of Project Drawdown Solutions and The Climate Toolkit Project Drawdown is a nonprofit that \u201cconducts rigorous reviews and assessments of climate solutions, creates compelling and human communication across mediums, and partners with efforts to accelerate climate solutions globally\u201d. Project &hellip; Alignment of Project Drawdown Solutions and The Climate Toolkit Read More &raquo;","og_url":"https:\/\/climatetoolkit.org\/pt\/alignment-of-project-drawdown-solutions-and-the-climate-toolkit\/","og_site_name":"The Climate Toolkit","article_modified_time":"2021-02-11T21:40:48+00:00","og_image":[{"url":"https:\/\/climatetoolkit.org\/wp-content\/uploads\/2021\/02\/drawdown.jpg","type":"","width":"","height":""}],"twitter_card":"summary_large_image","twitter_misc":{"Tempo estimado de leitura":"2 minutos"},"schema":{"@context":"https:\/\/schema.org","@graph":[{"@type":"WebPage","@id":"https:\/\/climatetoolkit.org\/alignment-of-project-drawdown-solutions-and-the-climate-toolkit\/","url":"https:\/\/climatetoolkit.org\/alignment-of-project-drawdown-solutions-and-the-climate-toolkit\/","name":"Alignment of Project Drawdown Solutions and The Climate Toolkit - The Climate Toolkit","isPartOf":{"@id":"https:\/\/climatetoolkit.org\/#website"},"primaryImageOfPage":{"@id":"https:\/\/climatetoolkit.org\/alignment-of-project-drawdown-solutions-and-the-climate-toolkit\/#primaryimage"},"image":{"@id":"https:\/\/climatetoolkit.org\/alignment-of-project-drawdown-solutions-and-the-climate-toolkit\/#primaryimage"},"thumbnailUrl":"https:\/\/climatetoolkit.org\/wp-content\/uploads\/2021\/02\/drawdown.jpg","datePublished":"2021-02-11T16:37:14+00:00","dateModified":"2021-02-11T21:40:48+00:00","breadcrumb":{"@id":"https:\/\/climatetoolkit.org\/alignment-of-project-drawdown-solutions-and-the-climate-toolkit\/#breadcrumb"},"inLanguage":"pt-PT","potentialAction":[{"@type":"ReadAction","target":["https:\/\/climatetoolkit.org\/alignment-of-project-drawdown-solutions-and-the-climate-toolkit\/"]}]},{"@type":"ImageObject","inLanguage":"pt-PT","@id":"https:\/\/climatetoolkit.org\/alignment-of-project-drawdown-solutions-and-the-climate-toolkit\/#primaryimage","url":"https:\/\/climatetoolkit.org\/wp-content\/uploads\/2021\/02\/drawdown.jpg","contentUrl":"https:\/\/climatetoolkit.org\/wp-content\/uploads\/2021\/02\/drawdown.jpg"},{"@type":"BreadcrumbList","@id":"https:\/\/climatetoolkit.org\/alignment-of-project-drawdown-solutions-and-the-climate-toolkit\/#breadcrumb","itemListElement":[{"@type":"ListItem","position":1,"name":"Home","item":"https:\/\/climatetoolkit.org\/"},{"@type":"ListItem","position":2,"name":"Alignment of Project Drawdown Solutions and The Climate Toolkit"}]},{"@type":"WebSite","@id":"https:\/\/climatetoolkit.org\/#website","url":"https:\/\/climatetoolkit.org\/","name":"O kit de ferramentas para o clima","description":"Para museus, jardins e jardins zool\u00f3gicos","publisher":{"@id":"https:\/\/climatetoolkit.org\/#organization"},"potentialAction":[{"@type":"SearchAction","target":{"@type":"EntryPoint","urlTemplate":"https:\/\/climatetoolkit.org\/?s={search_term_string}"},"query-input":{"@type":"PropertyValueSpecification","valueRequired":true,"valueName":"search_term_string"}}],"inLanguage":"pt-PT"},{"@type":"Organization","@id":"https:\/\/climatetoolkit.org\/#organization","name":"O kit de ferramentas para o clima","url":"https:\/\/climatetoolkit.org\/","logo":{"@type":"ImageObject","inLanguage":"pt-PT","@id":"https:\/\/climatetoolkit.org\/#\/schema\/logo\/image\/","url":"https:\/\/climatetoolkit.org\/wp-content\/uploads\/2020\/05\/C_logo.png","contentUrl":"https:\/\/climatetoolkit.org\/wp-content\/uploads\/2020\/05\/C_logo.png","width":512,"height":512,"caption":"The Climate Toolkit"},"image":{"@id":"https:\/\/climatetoolkit.org\/#\/schema\/logo\/image\/"}}]}},"coauthors":[],"author_meta":{"author_link":"https:\/\/climatetoolkit.org\/pt\/author\/joe\/","display_name":"joe reed"},"relative_dates":{"created":"Posted 5 anos ago","modified":"Updated 5 anos ago"},"absolute_dates":{"created":"Posted on Fevereiro 11, 2021","modified":"Updated on Fevereiro 11, 2021"},"absolute_dates_time":{"created":"Posted on Fevereiro 11, 2021 11:37 am","modified":"Updated on Fevereiro 11, 2021 4:40 pm"},"featured_img_caption":"","featured_img":false,"series_order":"","_links":{"self":[{"href":"https:\/\/climatetoolkit.org\/pt\/wp-json\/wp\/v2\/pages\/572","targetHints":{"allow":["GET"]}}],"collection":[{"href":"https:\/\/climatetoolkit.org\/pt\/wp-json\/wp\/v2\/pages"}],"about":[{"href":"https:\/\/climatetoolkit.org\/pt\/wp-json\/wp\/v2\/types\/page"}],"author":[{"embeddable":true,"href":"https:\/\/climatetoolkit.org\/pt\/wp-json\/wp\/v2\/users\/2"}],"replies":[{"embeddable":true,"href":"https:\/\/climatetoolkit.org\/pt\/wp-json\/wp\/v2\/comments?post=572"}],"version-history":[{"count":0,"href":"https:\/\/climatetoolkit.org\/pt\/wp-json\/wp\/v2\/pages\/572\/revisions"}],"wp:attachment":[{"href":"https:\/\/climatetoolkit.org\/pt\/wp-json\/wp\/v2\/media?parent=572"}],"curies":[{"name":"wp","href":"https:\/\/api.w.org\/{rel}","templated":true}]}}