{"id":4586,"date":"2025-08-01T13:42:19","date_gmt":"2025-08-01T17:42:19","guid":{"rendered":"https:\/\/climatetoolkit.org\/?page_id=4586"},"modified":"2025-10-17T14:24:16","modified_gmt":"2025-10-17T18:24:16","slug":"symposium-agenda","status":"publish","type":"page","link":"https:\/\/climatetoolkit.org\/pt\/symposium-agenda\/","title":{"rendered":"Agenda do Simp\u00f3sio"},"content":{"rendered":"<h2 class=\"wp-block-heading\">Agenda do Simp\u00f3sio do Kit de Ferramentas para o Clima<\/h2>\n\n\n\n<figure class=\"wp-block-image size-large is-resized\"><img decoding=\"async\" width=\"1024\" height=\"614\" src=\"https:\/\/climatetoolkit.org\/wp-content\/uploads\/2025\/10\/symposium_2-1024x614.jpg\" alt=\"\" class=\"wp-image-4893\" style=\"width:632px;height:auto\" srcset=\"https:\/\/climatetoolkit.org\/wp-content\/uploads\/2025\/10\/symposium_2-1024x614.jpg 1024w, https:\/\/climatetoolkit.org\/wp-content\/uploads\/2025\/10\/symposium_2-300x180.jpg 300w, https:\/\/climatetoolkit.org\/wp-content\/uploads\/2025\/10\/symposium_2-768x461.jpg 768w, https:\/\/climatetoolkit.org\/wp-content\/uploads\/2025\/10\/symposium_2-1536x922.jpg 1536w, https:\/\/climatetoolkit.org\/wp-content\/uploads\/2025\/10\/symposium_2-2048x1229.jpg 2048w, https:\/\/climatetoolkit.org\/wp-content\/uploads\/2025\/10\/symposium_2-18x12.jpg 18w, https:\/\/climatetoolkit.org\/wp-content\/uploads\/2025\/10\/symposium_2-100x60.jpg 100w, https:\/\/climatetoolkit.org\/wp-content\/uploads\/2025\/10\/symposium_2-150x90.jpg 150w, https:\/\/climatetoolkit.org\/wp-content\/uploads\/2025\/10\/symposium_2-200x120.jpg 200w, https:\/\/climatetoolkit.org\/wp-content\/uploads\/2025\/10\/symposium_2-450x270.jpg 450w, https:\/\/climatetoolkit.org\/wp-content\/uploads\/2025\/10\/symposium_2-600x360.jpg 600w, https:\/\/climatetoolkit.org\/wp-content\/uploads\/2025\/10\/symposium_2-900x540.jpg 900w\" sizes=\"(max-width: 1024px) 100vw, 1024px\" \/><\/figure>\n\n\n\n<h3 class=\"wp-block-heading\"><strong>Noite de abertura<\/strong> <strong>Rece\u00e7\u00e3o<\/strong><\/h3>\n\n\n\n<h6 class=\"wp-block-heading\"><strong>DOM, OUT. 26, 6 - 9 P.M.<\/strong><\/h6>\n\n\n\n<p>\ud83c\udf34 <em>Bem-vindo ao Simp\u00f3sio!<\/em><\/p>\n\n\n\n<p>Tendo como pano de fundo a exuberante exposi\u00e7\u00e3o Tropical Forest Panama e o Sal\u00e3o de Eventos Especiais do Phipps Conservatory, este evento de boas-vindas contar\u00e1 com um discurso de abertura de Richard Piacentini, Presidente e Diretor Executivo do Phipps, e Margaret Waldock, Diretora Executiva da Duke Farms, para al\u00e9m de bebidas, um jantar buffet, m\u00fasica ao vivo e networking.<\/p>\n\n\n\n<h3 class=\"wp-block-heading\"><strong>Dia 1: Estudos de casos de sucesso clim\u00e1tico<\/strong><\/h3>\n\n\n\n<h6 class=\"wp-block-heading\"><strong>SEGUNDA-FEIRA, 27 DE OUTUBRO 27 DE OUTUBRO, DAS 8H00 \u00c0S 17H00, JANTAR E APRESENTA\u00c7\u00c3O PRINCIPAL DAS 18H30 \u00c0S 21H00<\/strong><\/h6>\n\n\n\n<p><em>Das 8h00 \u00e0s 9h00<\/em> &#8211; <em>Pequeno-almo\u00e7o<\/em> <em>e Bem-vindo<\/em><\/p>\n\n\n\n<p><em>9 a.m. - 10:30 a.m.<\/em> &#8211; <em>Programa Um<\/em><\/p>\n\n\n\n<p>\u26a1 <strong>Energia e descarboniza\u00e7\u00e3o<\/strong><\/p>\n\n\n\n<p>As institui\u00e7\u00f5es culturais est\u00e3o a assumir-se como l\u00edderes clim\u00e1ticos, reduzindo as emiss\u00f5es de carbono e fazendo a transi\u00e7\u00e3o para as energias renov\u00e1veis. Neste painel, as institui\u00e7\u00f5es partilhar\u00e3o a forma como est\u00e3o a implementar estrat\u00e9gias ambiciosas de descarboniza\u00e7\u00e3o, oferecendo li\u00e7\u00f5es aprendidas com os sucessos e desafios do mundo real.<\/p>\n\n\n\n<ul class=\"wp-block-list\">\n<li>Richard Piacentini, Presidente e Diretor Executivo <strong>Conservat\u00f3rio Phipps<\/strong><\/li>\n\n\n\n<li>Jon Wagar, Diretor Executivo Adjunto de Opera\u00e7\u00f5es e Sustentabilidade <strong>Quintas Duke<\/strong><\/li>\n\n\n\n<li>Rachel Novick, Ph.D., Diretora de Sustentabilidade <strong>O Arboreto de Morton<\/strong><\/li>\n\n\n\n<li>Rafael de Carvalho, Vice-Presidente Associado para os Projectos de Capital <strong>Jardim Bot\u00e2nico de Nova Iorque<\/strong><\/li>\n<\/ul>\n\n\n\n<p><em>10:45 a.m. - 12 p.m.<\/em> &#8211; <em>Programa Dois<\/em><\/p>\n\n\n\n<p>\ud83c\udf0d <strong>Interpreta\u00e7\u00e3o e envolvimento no clima<\/strong><\/p>\n\n\n\n<p>Como \u00e9 que as institui\u00e7\u00f5es podem dialogar com o p\u00fablico sobre um clima em mudan\u00e7a? Este painel de apresenta\u00e7\u00e3o re\u00fane institui\u00e7\u00f5es<strong> <\/strong>para destacar abordagens criativas de interpreta\u00e7\u00e3o e envolvimento que inspirem o p\u00fablico a participar em solu\u00e7\u00f5es clim\u00e1ticas.<\/p>\n\n\n\n<ul class=\"wp-block-list\">\n<li>Anais Reyes, Curadora - <strong>O Museu do Clima<\/strong><\/li>\n\n\n\n<li>Casey Mink, assistente do criador de exposi\u00e7\u00f5es <strong>Museu de Hist\u00f3ria Natural do Utah<\/strong><\/li>\n\n\n\n<li>Jen Kretser, Diretora de Iniciativas Clim\u00e1ticas <strong>O Centro Selvagem<\/strong><\/li>\n\n\n\n<li>Mark Wourms, Ph.D., Presidente, Diretor Executivo - <strong>Floresta e Arboreto de Bernheim<\/strong><\/li>\n<\/ul>\n\n\n\n<p><em>12 p.m. - 1 p.m.<\/em> &#8211; <em>Almo\u00e7o<\/em><\/p>\n\n\n\n<p><em>13:00 - 14:15<\/em> &#8211; <em>Programa Tr\u00eas<\/em><\/p>\n\n\n\n<p>\u267b\ufe0f <strong>\u00c1reas de concentra\u00e7\u00e3o dos grupos de trabalho I: Gest\u00e3o de res\u00edduos e solu\u00e7\u00f5es baseadas na natureza<\/strong><\/p>\n\n\n\n<p>As sess\u00f5es de discuss\u00e3o oferecem aos participantes uma oportunidade para uma conversa centrada em \u00e1reas espec\u00edficas da a\u00e7\u00e3o clim\u00e1tica. Cada sess\u00e3o come\u00e7a com uma breve apresenta\u00e7\u00e3o de um perito na mat\u00e9ria, seguida de um debate facilitado em mesa redonda para apoiar a partilha de conhecimentos e a resolu\u00e7\u00e3o de problemas. A primeira ronda incluir\u00e1 apresenta\u00e7\u00f5es e debates sobre as seguintes \u00e1reas:<\/p>\n\n\n\n<ul class=\"wp-block-list\">\n<li><strong>Gest\u00e3o de res\u00edduos e envolvimento do pessoal<\/strong>\n<ul class=\"wp-block-list\">\n<li>Allison Tilson, Gestora S\u00e9nior de Opera\u00e7\u00f5es de Sustentabilidade e Conserva\u00e7\u00e3o - <strong>Aqu\u00e1rio Nacional<\/strong><\/li>\n<\/ul>\n<\/li>\n<\/ul>\n\n\n\n<p><\/p>\n\n\n\n<ul class=\"wp-block-list\">\n<li><strong>Solu\u00e7\u00f5es baseadas na natureza<\/strong>\n<ul class=\"wp-block-list\">\n<li>Jeff Downing, Diretor Executivo - <strong>Centro Monte Cuba<\/strong><\/li>\n\n\n\n<li>Christy Rollinson, Ph.D., Cientista S\u00e9nior, Ecologia Florestal <strong>O Arboreto de Morton<\/strong><\/li>\n<\/ul>\n<\/li>\n<\/ul>\n\n\n\n<p><em>2:30 p.m. - 3:45 p.m.<\/em> &#8211; <em>Programa Quatro<\/em><\/p>\n\n\n\n<p>\ud83c\udf33 <strong>\u00c1reas de concentra\u00e7\u00e3o II: Investiga\u00e7\u00e3o sobre o clima<\/strong>, <strong>Conserva\u00e7\u00e3o e A\u00e7\u00e3o, Gest\u00e3o de Instala\u00e7\u00f5es<\/strong><\/p>\n\n\n\n<p>A segunda ronda de \u00e1reas de concentra\u00e7\u00e3o de discuss\u00e3o contar\u00e1 com breves apresenta\u00e7\u00f5es de especialistas na mat\u00e9ria, seguidas de debates em mesas redondas para apoiar a partilha de conhecimentos e a resolu\u00e7\u00e3o de problemas:<\/p>\n\n\n\n<ul class=\"wp-block-list\">\n<li><strong>Investiga\u00e7\u00e3o clim\u00e1tica<\/strong>\n<ul class=\"wp-block-list\">\n<li>Chelsea Miller, Ph.D., Professora Assistente, Biologia das Altera\u00e7\u00f5es Globais<strong> Universidade de Akron<\/strong><\/li>\n\n\n\n<li>Lara Roketenetz, Ph.D., Diretora da Esta\u00e7\u00e3o de Campo -<strong> Esta\u00e7\u00e3o de Campo da Universidade de Akron<\/strong><\/li>\n<\/ul>\n<\/li>\n<\/ul>\n\n\n\n<p><\/p>\n\n\n\n<ul class=\"wp-block-list\">\n<li><strong>Conserva\u00e7\u00e3o e A\u00e7\u00e3o: Colmatando o fosso<\/strong>\n<ul class=\"wp-block-list\">\n<li>Shafkat Khan, Ph.D., Diretor de Conserva\u00e7\u00e3o&nbsp;<strong>Zoo e Aqu\u00e1rio de Pittsburgh<\/strong><\/li>\n<\/ul>\n<\/li>\n<\/ul>\n\n\n\n<p><\/p>\n\n\n\n<ul class=\"wp-block-list\">\n<li><strong>Gest\u00e3o de instala\u00e7\u00f5es<\/strong>\n<ul class=\"wp-block-list\">\n<li>Jim Hanson, Diretor de Sustentabilidade e Tecnologia <strong>Quintas Duke<\/strong><\/li>\n\n\n\n<li>Joe Zalenko, diretor de instala\u00e7\u00f5es -<strong> Quintas Duke<\/strong><\/li>\n<\/ul>\n<\/li>\n<\/ul>\n\n\n\n<p><em>16:00 - 17:00<\/em> &#8211; <em>Programa Cinco<\/em><\/p>\n\n\n\n<p>\ud83c\udf31 <strong>Defesa do clima pelos jovens<\/strong><\/p>\n\n\n\n<p>Amplificar as vozes dos jovens \u00e9 fundamental para fazer avan\u00e7ar o movimento clim\u00e1tico e impulsionar a a\u00e7\u00e3o nas comunidades. Neste painel e na sess\u00e3o de perguntas e respostas do p\u00fablico, ou\u00e7a diretamente <strong>jovens l\u00edderes clim\u00e1ticos<\/strong> <strong>em Phipps <\/strong>enquanto partilham as suas experi\u00eancias como defensores e agentes de mudan\u00e7a.<\/p>\n\n\n\n<ul class=\"wp-block-list\">\n<li>Emma Ehan, l\u00edder do YCAC - <strong>Comit\u00e9 de Defesa do Clima para Jovens de Phipps<\/strong><\/li>\n\n\n\n<li>Anwita Maneish Nithya, chefe da equipa YCAC - <strong>Comit\u00e9 de Defesa do Clima para Jovens de Phipps<\/strong><\/li>\n\n\n\n<li>Cortlan Harrell, chefe da equipa YCAC - <strong>Comit\u00e9 de Defesa do Clima para Jovens de Phipps<\/strong><\/li>\n\n\n\n<li>Marley McFarland, l\u00edder do YCAC - <strong>Comit\u00e9 de Defesa do Clima para Jovens de Phipps<\/strong><\/li>\n<\/ul>\n\n\n\n<p><em>17:00 - 18:15 - Visita aos edif\u00edcios vivos<\/em><\/p>\n\n\n\n<p>Junte-se ao especialista interpretativo, ao gestor de sustentabilidade e ao diretor de instala\u00e7\u00f5es e sustentabilidade do Phipps Conservatory para uma conversa aprofundada, <strong>visita aos bastidores dos edif\u00edcios verdes<\/strong> do Centro de Paisagens Sustent\u00e1veis, do Centro de Prepara\u00e7\u00e3o de Exposi\u00e7\u00f5es, do Laborat\u00f3rio da Natureza e das Estufas de Produ\u00e7\u00e3o e aprenda sobre estrat\u00e9gias para obter energia e \u00e1gua com zero emiss\u00f5es l\u00edquidas.<\/p>\n\n\n\n<p><em>6:30 p.m. - 9 p.m.<\/em> &#8211; <em>Jantar e discurso principal<\/em><\/p>\n\n\n\n<p>A noite terminar\u00e1 com um jantar no Sal\u00e3o de Eventos Especiais e com o discurso de abertura de <strong>David W. Orr<\/strong>Paul Sears Distinguished Professor of Environmental Studies and Politics Emeritus no Oberlin College, e atual Professor de Pr\u00e1tica na Arizona State University.<\/p>\n\n\n\n<h3 class=\"wp-block-heading\"><strong>Dia 2: Um mergulho profundo no futuro<\/strong><\/h3>\n\n\n\n<h6 class=\"wp-block-heading\"><strong>TER\u00c7A-FEIRA, 28 DE OUTUBRO 28, 8H00 - 16H00<\/strong><\/h6>\n\n\n\n<p><em>Das 8h00 \u00e0s 9h00<\/em> &#8211; <em>Pequeno-almo\u00e7o e boas-vindas<\/em><\/p>\n\n\n\n<p><em>9 a.m. - 11 a.m.<\/em> &#8211; <em>Programa Um<\/em><\/p>\n\n\n\n<p>\ud83c\udf3b <strong>A ess\u00eancia como b\u00fassola: Orientar a a\u00e7\u00e3o clim\u00e1tica com pensamento regenerativo<\/strong><\/p>\n\n\n\n<p>Esta sess\u00e3o convida os participantes a explorar o poder de trabalhar a partir da ess\u00eancia - conectando-se com o n\u00facleo \u00fanico de quem eles s\u00e3o e o que realmente importa. Numa altura em que a a\u00e7\u00e3o clim\u00e1tica pode muitas vezes parecer reactiva ou esmagadora, o regresso \u00e0 ess\u00eancia oferece uma forma de nos movermos com maior clareza, coer\u00eancia e prop\u00f3sito. A partir desta base, as nossas ac\u00e7\u00f5es tornam-se mais regenerativas, as nossas estrat\u00e9gias mais alinhadas e o nosso potencial para um impacto duradouro mais plenamente realizado.<\/p>\n\n\n\n<ul class=\"wp-block-list\">\n<li>Sonja Bochart, Diretora, LENS - <strong>Shepley Bulfinch<\/strong><\/li>\n\n\n\n<li>Richard Piacentini, Presidente e Diretor Executivo <strong>Conservat\u00f3rio Phipps<\/strong><\/li>\n<\/ul>\n\n\n\n<p><em>11 a.m. - 12 p.m.<\/em> &#8211; <em>Programa Dois<\/em><\/p>\n\n\n\n<p>\ud83c\udf43 <strong>Rede de pares<\/strong><\/p>\n\n\n\n<p>Esta sess\u00e3o convida os participantes a estabelecerem contacto com outros que partilham fun\u00e7\u00f5es semelhantes nas \u00e1reas de lideran\u00e7a, instala\u00e7\u00f5es e opera\u00e7\u00f5es, parcerias comunit\u00e1rias, envolvimento e educa\u00e7\u00e3o e solu\u00e7\u00f5es baseadas na natureza, num ambiente intencionalmente informal. Cada grupo orientar\u00e1 a sua pr\u00f3pria discuss\u00e3o, criando espa\u00e7o para liga\u00e7\u00f5es org\u00e2nicas, aprendizagem partilhada e potenciais parcerias que se estendem para al\u00e9m do Simp\u00f3sio.&nbsp;<\/p>\n\n\n\n<p><em>12 p.m. - 1 p.m.<\/em> &#8211; <em>Almo\u00e7o<\/em><\/p>\n\n\n\n<p><em>1 p.m. - 2:30 p.m.<\/em> &#8211; <em>Programa Tr\u00eas<\/em><\/p>\n\n\n\n<p>\u2705 <strong>Workshops sobre a a\u00e7\u00e3o clim\u00e1tica<\/strong><\/p>\n\n\n\n<p>Nesta sess\u00e3o final do Simp\u00f3sio, os participantes escolher\u00e3o entre um menu de workshops de a\u00e7\u00e3o clim\u00e1tica facilitados, a fim de ajudar a catalisar o planeamento e a implementa\u00e7\u00e3o da a\u00e7\u00e3o clim\u00e1tica na sua institui\u00e7\u00e3o. <\/p>\n\n\n\n<ul class=\"wp-block-list\">\n<li><strong>Forma\u00e7\u00e3o de um Plano de Resili\u00eancia de A\u00e7\u00e3o Clim\u00e1tica<\/strong>\n<ul class=\"wp-block-list\">\n<li>Stephanie Shapiro, co-fundadora e diretora administrativa - <strong>Parceiros ambientais e culturais<\/strong><\/li>\n\n\n\n<li>Al Carver-Kubik, Respons\u00e1vel pelo Programa, Subven\u00e7\u00f5es e Investiga\u00e7\u00e3o <strong>Parceiros ambientais e culturais<\/strong><\/li>\n<\/ul>\n<\/li>\n<\/ul>\n\n\n\n<p><\/p>\n\n\n\n<ul class=\"wp-block-list\">\n<li><strong>Tornar-se o recurso clim\u00e1tico da sua comunidade \/ Envolvimento c\u00edvico<\/strong>\n<ul class=\"wp-block-list\">\n<li>Rose Hendricks, Ph.D., Diretora Executiva da Seeding Action - <strong>Associa\u00e7\u00e3o de Centros de Ci\u00eancia e Tecnologia<\/strong><\/li>\n<\/ul>\n<\/li>\n<\/ul>\n\n\n\n<p><em>14:40 - 15:15<\/em> &#8211; <em>Partilha e reflex\u00e3o<\/em><\/p>\n\n\n\n<p><em>15:15 - 15:30<\/em> &#8211; <em>Reconvocar e despedir-se<\/em><\/p>\n\n\n\n<div class=\"wp-block-buttons is-layout-flex wp-block-buttons-is-layout-flex\">\n<div class=\"wp-block-button\"><a class=\"wp-block-button__link has-luminous-vivid-amber-background-color has-background has-custom-font-size wp-element-button\" href=\"https:\/\/my.conservatory.org\/8991\/8992\" style=\"font-size:16px\"><strong>Obter bilhetes &gt;<\/strong><\/a><\/div>\n<\/div>\n\n\n\n<p>O bilhete de entrada para o $200 inclui a entrada completa no simp\u00f3sio e todos os alimentos e bebidas. O Simp\u00f3sio do Kit de ferramentas para o clima \u00e9 imediatamente seguido pelo&nbsp;<a href=\"https:\/\/midatlanticmuseums.org\/annual-meeting\/\"><strong>Confer\u00eancia Anual da Associa\u00e7\u00e3o Mid-Atlantic de Museus<\/strong><\/a>tamb\u00e9m em Pittsburgh - encorajamos os participantes interessados a prolongar a sua estadia e a participar em ambos os eventos.<\/p>\n\n\n\n<p><strong>Perguntas?<\/strong>&nbsp;Contacto&nbsp;<a href=\"mailto:alampl@phipps.conservatory.org\">alampl@phipps.conservatory.org<\/a>&nbsp;ou ligue para 412-622-6915, ext. 6752<\/p>","protected":false},"excerpt":{"rendered":"<p>Agenda do Simp\u00f3sio do Kit de Ferramentas para o Clima Rece\u00e7\u00e3o da Noite de Abertura DOM, 26 DE OUTUBRO 26, 6 - 9 P.M. \ud83c\udf34 Bem-vindo ao Simp\u00f3sio! Realizado tendo como pano de fundo a exuberante exposi\u00e7\u00e3o Tropical Forest Panama e o Sal\u00e3o de Eventos Especiais do Phipps Conservatory, este evento de boas-vindas contar\u00e1 com ...<\/p>\n<p class=\"read-more\"> <a class=\"\" href=\"https:\/\/climatetoolkit.org\/pt\/symposium-agenda\/\"> <span class=\"screen-reader-text\">Agenda do Simp\u00f3sio<\/span> Ler mais \"<\/a><\/p>","protected":false},"author":2,"featured_media":0,"parent":0,"menu_order":0,"comment_status":"closed","ping_status":"closed","template":"","meta":{"_acf_changed":false,"inline_featured_image":false,"advgb_blocks_editor_width":"","advgb_blocks_columns_visual_guide":"","footnotes":""},"class_list":["post-4586","page","type-page","status-publish","hentry"],"acf":[],"yoast_head":"<!-- This site is optimized with the Yoast SEO plugin v27.3 - https:\/\/yoast.com\/product\/yoast-seo-wordpress\/ -->\n<title>Symposium Agenda - The Climate Toolkit<\/title>\n<meta name=\"robots\" content=\"index, follow, max-snippet:-1, max-image-preview:large, max-video-preview:-1\" \/>\n<link rel=\"canonical\" href=\"https:\/\/climatetoolkit.org\/pt\/symposium-agenda\/\" \/>\n<meta property=\"og:locale\" content=\"pt_PT\" \/>\n<meta property=\"og:type\" content=\"article\" \/>\n<meta property=\"og:title\" content=\"Symposium Agenda - The Climate Toolkit\" \/>\n<meta property=\"og:description\" content=\"Climate Toolkit Symposium Agenda Opening Evening Reception SUN., OCT. 26, 6 \u2013 9 P.M. \ud83c\udf34 Welcome to the Symposium! Held against the backdrop of Phipps Conservatory&#8217;s lush Tropical Forest Panama exhibit and Special Events Hall, this welcoming event will feature &hellip; Symposium Agenda Read More &raquo;\" \/>\n<meta property=\"og:url\" content=\"https:\/\/climatetoolkit.org\/pt\/symposium-agenda\/\" \/>\n<meta property=\"og:site_name\" content=\"The Climate Toolkit\" \/>\n<meta property=\"article:modified_time\" content=\"2025-10-17T18:24:16+00:00\" \/>\n<meta property=\"og:image\" content=\"https:\/\/climatetoolkit.org\/wp-content\/uploads\/2025\/10\/symposium_2.jpg\" \/>\n\t<meta property=\"og:image:width\" content=\"2100\" \/>\n\t<meta property=\"og:image:height\" content=\"1260\" \/>\n\t<meta property=\"og:image:type\" content=\"image\/jpeg\" \/>\n<meta name=\"twitter:card\" content=\"summary_large_image\" \/>\n<meta name=\"twitter:label1\" content=\"Tempo estimado de leitura\" \/>\n\t<meta name=\"twitter:data1\" content=\"5 minutos\" \/>\n<script type=\"application\/ld+json\" class=\"yoast-schema-graph\">{\"@context\":\"https:\\\/\\\/schema.org\",\"@graph\":[{\"@type\":\"WebPage\",\"@id\":\"https:\\\/\\\/climatetoolkit.org\\\/symposium-agenda\\\/\",\"url\":\"https:\\\/\\\/climatetoolkit.org\\\/symposium-agenda\\\/\",\"name\":\"Symposium Agenda - The Climate Toolkit\",\"isPartOf\":{\"@id\":\"https:\\\/\\\/climatetoolkit.org\\\/#website\"},\"primaryImageOfPage\":{\"@id\":\"https:\\\/\\\/climatetoolkit.org\\\/symposium-agenda\\\/#primaryimage\"},\"image\":{\"@id\":\"https:\\\/\\\/climatetoolkit.org\\\/symposium-agenda\\\/#primaryimage\"},\"thumbnailUrl\":\"https:\\\/\\\/climatetoolkit.org\\\/wp-content\\\/uploads\\\/2025\\\/10\\\/symposium_2-1024x614.jpg\",\"datePublished\":\"2025-08-01T17:42:19+00:00\",\"dateModified\":\"2025-10-17T18:24:16+00:00\",\"breadcrumb\":{\"@id\":\"https:\\\/\\\/climatetoolkit.org\\\/symposium-agenda\\\/#breadcrumb\"},\"inLanguage\":\"pt-PT\",\"potentialAction\":[{\"@type\":\"ReadAction\",\"target\":[\"https:\\\/\\\/climatetoolkit.org\\\/symposium-agenda\\\/\"]}]},{\"@type\":\"ImageObject\",\"inLanguage\":\"pt-PT\",\"@id\":\"https:\\\/\\\/climatetoolkit.org\\\/symposium-agenda\\\/#primaryimage\",\"url\":\"https:\\\/\\\/climatetoolkit.org\\\/wp-content\\\/uploads\\\/2025\\\/10\\\/symposium_2-1024x614.jpg\",\"contentUrl\":\"https:\\\/\\\/climatetoolkit.org\\\/wp-content\\\/uploads\\\/2025\\\/10\\\/symposium_2-1024x614.jpg\"},{\"@type\":\"BreadcrumbList\",\"@id\":\"https:\\\/\\\/climatetoolkit.org\\\/symposium-agenda\\\/#breadcrumb\",\"itemListElement\":[{\"@type\":\"ListItem\",\"position\":1,\"name\":\"Home\",\"item\":\"https:\\\/\\\/climatetoolkit.org\\\/\"},{\"@type\":\"ListItem\",\"position\":2,\"name\":\"Symposium Agenda\"}]},{\"@type\":\"WebSite\",\"@id\":\"https:\\\/\\\/climatetoolkit.org\\\/#website\",\"url\":\"https:\\\/\\\/climatetoolkit.org\\\/\",\"name\":\"The Climate Toolkit\",\"description\":\"For Museums, Gardens and Zoos\",\"publisher\":{\"@id\":\"https:\\\/\\\/climatetoolkit.org\\\/#organization\"},\"potentialAction\":[{\"@type\":\"SearchAction\",\"target\":{\"@type\":\"EntryPoint\",\"urlTemplate\":\"https:\\\/\\\/climatetoolkit.org\\\/?s={search_term_string}\"},\"query-input\":{\"@type\":\"PropertyValueSpecification\",\"valueRequired\":true,\"valueName\":\"search_term_string\"}}],\"inLanguage\":\"pt-PT\"},{\"@type\":\"Organization\",\"@id\":\"https:\\\/\\\/climatetoolkit.org\\\/#organization\",\"name\":\"The Climate Toolkit\",\"url\":\"https:\\\/\\\/climatetoolkit.org\\\/\",\"logo\":{\"@type\":\"ImageObject\",\"inLanguage\":\"pt-PT\",\"@id\":\"https:\\\/\\\/climatetoolkit.org\\\/#\\\/schema\\\/logo\\\/image\\\/\",\"url\":\"https:\\\/\\\/climatetoolkit.org\\\/wp-content\\\/uploads\\\/2020\\\/05\\\/C_logo.png\",\"contentUrl\":\"https:\\\/\\\/climatetoolkit.org\\\/wp-content\\\/uploads\\\/2020\\\/05\\\/C_logo.png\",\"width\":512,\"height\":512,\"caption\":\"The Climate Toolkit\"},\"image\":{\"@id\":\"https:\\\/\\\/climatetoolkit.org\\\/#\\\/schema\\\/logo\\\/image\\\/\"}}]}<\/script>\n<!-- \/ Yoast SEO plugin. -->","yoast_head_json":{"title":"Agenda do Simp\u00f3sio - O Conjunto de Ferramentas para o Clima","robots":{"index":"index","follow":"follow","max-snippet":"max-snippet:-1","max-image-preview":"max-image-preview:large","max-video-preview":"max-video-preview:-1"},"canonical":"https:\/\/climatetoolkit.org\/pt\/symposium-agenda\/","og_locale":"pt_PT","og_type":"article","og_title":"Symposium Agenda - The Climate Toolkit","og_description":"Climate Toolkit Symposium Agenda Opening Evening Reception SUN., OCT. 26, 6 \u2013 9 P.M. \ud83c\udf34 Welcome to the Symposium! Held against the backdrop of Phipps Conservatory&#8217;s lush Tropical Forest Panama exhibit and Special Events Hall, this welcoming event will feature &hellip; Symposium Agenda Read More &raquo;","og_url":"https:\/\/climatetoolkit.org\/pt\/symposium-agenda\/","og_site_name":"The Climate Toolkit","article_modified_time":"2025-10-17T18:24:16+00:00","og_image":[{"width":2100,"height":1260,"url":"https:\/\/climatetoolkit.org\/wp-content\/uploads\/2025\/10\/symposium_2.jpg","type":"image\/jpeg"}],"twitter_card":"summary_large_image","twitter_misc":{"Tempo estimado de leitura":"5 minutos"},"schema":{"@context":"https:\/\/schema.org","@graph":[{"@type":"WebPage","@id":"https:\/\/climatetoolkit.org\/symposium-agenda\/","url":"https:\/\/climatetoolkit.org\/symposium-agenda\/","name":"Agenda do Simp\u00f3sio - O Conjunto de Ferramentas para o Clima","isPartOf":{"@id":"https:\/\/climatetoolkit.org\/#website"},"primaryImageOfPage":{"@id":"https:\/\/climatetoolkit.org\/symposium-agenda\/#primaryimage"},"image":{"@id":"https:\/\/climatetoolkit.org\/symposium-agenda\/#primaryimage"},"thumbnailUrl":"https:\/\/climatetoolkit.org\/wp-content\/uploads\/2025\/10\/symposium_2-1024x614.jpg","datePublished":"2025-08-01T17:42:19+00:00","dateModified":"2025-10-17T18:24:16+00:00","breadcrumb":{"@id":"https:\/\/climatetoolkit.org\/symposium-agenda\/#breadcrumb"},"inLanguage":"pt-PT","potentialAction":[{"@type":"ReadAction","target":["https:\/\/climatetoolkit.org\/symposium-agenda\/"]}]},{"@type":"ImageObject","inLanguage":"pt-PT","@id":"https:\/\/climatetoolkit.org\/symposium-agenda\/#primaryimage","url":"https:\/\/climatetoolkit.org\/wp-content\/uploads\/2025\/10\/symposium_2-1024x614.jpg","contentUrl":"https:\/\/climatetoolkit.org\/wp-content\/uploads\/2025\/10\/symposium_2-1024x614.jpg"},{"@type":"BreadcrumbList","@id":"https:\/\/climatetoolkit.org\/symposium-agenda\/#breadcrumb","itemListElement":[{"@type":"ListItem","position":1,"name":"Home","item":"https:\/\/climatetoolkit.org\/"},{"@type":"ListItem","position":2,"name":"Symposium Agenda"}]},{"@type":"WebSite","@id":"https:\/\/climatetoolkit.org\/#website","url":"https:\/\/climatetoolkit.org\/","name":"O kit de ferramentas para o clima","description":"Para museus, jardins e jardins zool\u00f3gicos","publisher":{"@id":"https:\/\/climatetoolkit.org\/#organization"},"potentialAction":[{"@type":"SearchAction","target":{"@type":"EntryPoint","urlTemplate":"https:\/\/climatetoolkit.org\/?s={search_term_string}"},"query-input":{"@type":"PropertyValueSpecification","valueRequired":true,"valueName":"search_term_string"}}],"inLanguage":"pt-PT"},{"@type":"Organization","@id":"https:\/\/climatetoolkit.org\/#organization","name":"O kit de ferramentas para o clima","url":"https:\/\/climatetoolkit.org\/","logo":{"@type":"ImageObject","inLanguage":"pt-PT","@id":"https:\/\/climatetoolkit.org\/#\/schema\/logo\/image\/","url":"https:\/\/climatetoolkit.org\/wp-content\/uploads\/2020\/05\/C_logo.png","contentUrl":"https:\/\/climatetoolkit.org\/wp-content\/uploads\/2020\/05\/C_logo.png","width":512,"height":512,"caption":"The Climate Toolkit"},"image":{"@id":"https:\/\/climatetoolkit.org\/#\/schema\/logo\/image\/"}}]}},"coauthors":[],"author_meta":{"author_link":"https:\/\/climatetoolkit.org\/pt\/author\/joe\/","display_name":"joe reed"},"relative_dates":{"created":"Posted 8 meses ago","modified":"Updated 6 meses ago"},"absolute_dates":{"created":"Posted on Agosto 1, 2025","modified":"Updated on Outubro 17, 2025"},"absolute_dates_time":{"created":"Posted on Agosto 1, 2025 1:42 pm","modified":"Updated on Outubro 17, 2025 2:24 pm"},"featured_img_caption":"","featured_img":false,"series_order":"","_links":{"self":[{"href":"https:\/\/climatetoolkit.org\/pt\/wp-json\/wp\/v2\/pages\/4586","targetHints":{"allow":["GET"]}}],"collection":[{"href":"https:\/\/climatetoolkit.org\/pt\/wp-json\/wp\/v2\/pages"}],"about":[{"href":"https:\/\/climatetoolkit.org\/pt\/wp-json\/wp\/v2\/types\/page"}],"author":[{"embeddable":true,"href":"https:\/\/climatetoolkit.org\/pt\/wp-json\/wp\/v2\/users\/2"}],"replies":[{"embeddable":true,"href":"https:\/\/climatetoolkit.org\/pt\/wp-json\/wp\/v2\/comments?post=4586"}],"version-history":[{"count":100,"href":"https:\/\/climatetoolkit.org\/pt\/wp-json\/wp\/v2\/pages\/4586\/revisions"}],"predecessor-version":[{"id":4985,"href":"https:\/\/climatetoolkit.org\/pt\/wp-json\/wp\/v2\/pages\/4586\/revisions\/4985"}],"wp:attachment":[{"href":"https:\/\/climatetoolkit.org\/pt\/wp-json\/wp\/v2\/media?parent=4586"}],"curies":[{"name":"wp","href":"https:\/\/api.w.org\/{rel}","templated":true}]}}