{"id":4160,"date":"2025-02-10T14:30:23","date_gmt":"2025-02-10T19:30:23","guid":{"rendered":"https:\/\/climatetoolkit.org\/?page_id=4160"},"modified":"2025-02-10T15:17:41","modified_gmt":"2025-02-10T20:17:41","slug":"climate-toolkit-partner-badges","status":"publish","type":"page","link":"https:\/\/climatetoolkit.org\/pt\/climate-toolkit-partner-badges\/","title":{"rendered":"Distintivos de parceiros do Climate Toolkit"},"content":{"rendered":"<h2 class=\"wp-block-heading\">Distintivos de parceiros do Climate Toolkit<\/h2>\n\n\n\n<p>Estamos gratos pelas parcerias e colabora\u00e7\u00f5es que s\u00e3o poss\u00edveis atrav\u00e9s da Iniciativa do Climate Toolkit e pela vossa dedica\u00e7\u00e3o cont\u00ednua \u00e0 a\u00e7\u00e3o clim\u00e1tica. Em reconhecimento da vossa participa\u00e7\u00e3o, cri\u00e1mos emblemas digitais para todos os membros do Climate Toolkit exibirem. Os dois emblemas seguintes podem ser utilizados por qualquer institui\u00e7\u00e3o. Para guardar uma c\u00f3pia para utilizar no seu s\u00edtio Web, clique com o bot\u00e3o direito do rato ou clique com a op\u00e7\u00e3o e selecione \"Guardar\" ou \"Guardar como\":<\/p>\n\n\n\n<div class=\"wp-block-columns is-layout-flex wp-container-core-columns-is-layout-9d6595d7 wp-block-columns-is-layout-flex\">\n<div class=\"wp-block-column is-layout-flow wp-block-column-is-layout-flow\">\n<figure class=\"wp-block-image size-large\"><a href=\"https:\/\/climatetoolkit.org\/wp-content\/uploads\/2025\/02\/climate_toolkit_badge_sml.png\"><img decoding=\"async\" src=\"https:\/\/climatetoolkit.org\/wp-content\/uploads\/2025\/02\/climate_toolkit_badge_sml.png\" alt=\"\"\/><\/a><\/figure>\n<\/div>\n\n\n\n<div class=\"wp-block-column is-layout-flow wp-block-column-is-layout-flow\">\n<figure class=\"wp-block-image size-large\"><a href=\"https:\/\/climatetoolkit.org\/wp-content\/uploads\/2025\/02\/climate_toolkit_badge_allpartner.png\"><img decoding=\"async\" src=\"https:\/\/climatetoolkit.org\/wp-content\/uploads\/2025\/02\/climate_toolkit_badge_allpartner.png\" alt=\"\"\/><\/a><\/figure>\n<\/div>\n\n\n\n<div class=\"wp-block-column is-layout-flow wp-block-column-is-layout-flow\"><\/div>\n<\/div>\n\n\n\n<p>Estes crach\u00e1s adicionais destacam as nossas parcerias com a ASTC, AAM, APGA, OBFS e BGCI. Os crach\u00e1s com combina\u00e7\u00f5es de organiza\u00e7\u00f5es parceiras est\u00e3o dispon\u00edveis mediante pedido. <\/p>\n\n\n\n<div class=\"wp-block-columns is-layout-flex wp-container-core-columns-is-layout-9d6595d7 wp-block-columns-is-layout-flex\">\n<div class=\"wp-block-column is-layout-flow wp-block-column-is-layout-flow\">\n<figure class=\"wp-block-image size-large\"><a href=\"https:\/\/climatetoolkit.org\/wp-content\/uploads\/2025\/02\/climate_toolkit_badge_aam.png\"><img decoding=\"async\" src=\"https:\/\/climatetoolkit.org\/wp-content\/uploads\/2025\/02\/climate_toolkit_badge_aam.png\" alt=\"\"\/><\/a><\/figure>\n<\/div>\n\n\n\n<div class=\"wp-block-column is-layout-flow wp-block-column-is-layout-flow\">\n<figure class=\"wp-block-image size-large\"><a href=\"https:\/\/climatetoolkit.org\/wp-content\/uploads\/2025\/02\/climate_toolkit_badge_apga.png\"><img decoding=\"async\" src=\"https:\/\/climatetoolkit.org\/wp-content\/uploads\/2025\/02\/climate_toolkit_badge_apga.png\" alt=\"\"\/><\/a><\/figure>\n<\/div>\n\n\n\n<div class=\"wp-block-column is-layout-flow wp-block-column-is-layout-flow\">\n<figure class=\"wp-block-image size-large\"><a href=\"https:\/\/climatetoolkit.org\/wp-content\/uploads\/2025\/02\/climate_toolkit_badge_astc.png\"><img decoding=\"async\" src=\"https:\/\/climatetoolkit.org\/wp-content\/uploads\/2025\/02\/climate_toolkit_badge_astc.png\" alt=\"\"\/><\/a><\/figure>\n<\/div>\n<\/div>\n\n\n\n<div class=\"wp-block-columns is-layout-flex wp-container-core-columns-is-layout-9d6595d7 wp-block-columns-is-layout-flex\">\n<div class=\"wp-block-column is-layout-flow wp-block-column-is-layout-flow\">\n<figure class=\"wp-block-image size-large\"><a href=\"https:\/\/climatetoolkit.org\/wp-content\/uploads\/2025\/02\/climate_toolkit_badge_bgci.png\"><img decoding=\"async\" src=\"https:\/\/climatetoolkit.org\/wp-content\/uploads\/2025\/02\/climate_toolkit_badge_bgci.png\" alt=\"\"\/><\/a><\/figure>\n<\/div>\n\n\n\n<div class=\"wp-block-column is-layout-flow wp-block-column-is-layout-flow\">\n<figure class=\"wp-block-image size-large\"><a href=\"https:\/\/climatetoolkit.org\/wp-content\/uploads\/2025\/02\/climate_toolkit_badge_obfs.png\"><img decoding=\"async\" src=\"https:\/\/climatetoolkit.org\/wp-content\/uploads\/2025\/02\/climate_toolkit_badge_obfs.png\" alt=\"\"\/><\/a><\/figure>\n<\/div>\n\n\n\n<div class=\"wp-block-column is-layout-flow wp-block-column-is-layout-flow\"><\/div>\n<\/div>\n\n\n\n<p>Para obter crach\u00e1s personalizados ou para outras quest\u00f5es, envie-nos um e-mail para <strong><a href=\"mailto:climatetoolkit@phipps.conservatory.org\">climatetoolkit@phipps.conservatory.org<\/a><\/strong>.<\/p>\n\n\n\n<p><\/p>","protected":false},"excerpt":{"rendered":"<p>Distintivos de parceiros do Climate Toolkit Estamos gratos pelas parcerias e colabora\u00e7\u00f5es que s\u00e3o poss\u00edveis atrav\u00e9s da Iniciativa do Climate Toolkit e pela vossa dedica\u00e7\u00e3o cont\u00ednua \u00e0 a\u00e7\u00e3o clim\u00e1tica. Em reconhecimento da vossa participa\u00e7\u00e3o, cri\u00e1mos distintivos digitais para ...<\/p>\n<p class=\"read-more\"> <a class=\"\" href=\"https:\/\/climatetoolkit.org\/pt\/climate-toolkit-partner-badges\/\"> <span class=\"screen-reader-text\">Distintivos de parceiros do Climate Toolkit<\/span> Ler mais \"<\/a><\/p>","protected":false},"author":2,"featured_media":0,"parent":0,"menu_order":0,"comment_status":"closed","ping_status":"closed","template":"","meta":{"_acf_changed":false,"inline_featured_image":false,"advgb_blocks_editor_width":"","advgb_blocks_columns_visual_guide":"","footnotes":""},"class_list":["post-4160","page","type-page","status-publish","hentry"],"acf":[],"yoast_head":"<!-- This site is optimized with the Yoast SEO plugin v27.4 - https:\/\/yoast.com\/product\/yoast-seo-wordpress\/ -->\n<title>Climate Toolkit Partner Badges - The Climate Toolkit<\/title>\n<meta name=\"robots\" content=\"index, follow, max-snippet:-1, max-image-preview:large, max-video-preview:-1\" \/>\n<link rel=\"canonical\" href=\"https:\/\/climatetoolkit.org\/pt\/climate-toolkit-partner-badges\/\" \/>\n<meta property=\"og:locale\" content=\"pt_PT\" \/>\n<meta property=\"og:type\" content=\"article\" \/>\n<meta property=\"og:title\" content=\"Climate Toolkit Partner Badges - The Climate Toolkit\" \/>\n<meta property=\"og:description\" content=\"Climate Toolkit Partner Badges We are grateful for the partnerships and collaborations that are made possible through the Climate Toolkit Initiative and for your continued dedication to climate action. In recognition of your participation, we have created digital badges for &hellip; Climate Toolkit Partner Badges Read More &raquo;\" \/>\n<meta property=\"og:url\" content=\"https:\/\/climatetoolkit.org\/pt\/climate-toolkit-partner-badges\/\" \/>\n<meta property=\"og:site_name\" content=\"The Climate Toolkit\" \/>\n<meta property=\"article:modified_time\" content=\"2025-02-10T20:17:41+00:00\" \/>\n<meta property=\"og:image\" content=\"https:\/\/climatetoolkit.org\/wp-content\/uploads\/2025\/02\/climate_toolkit_badge_sml.png\" \/>\n<meta name=\"twitter:card\" content=\"summary_large_image\" \/>\n<meta name=\"twitter:label1\" content=\"Tempo estimado de leitura\" \/>\n\t<meta name=\"twitter:data1\" content=\"2 minutos\" \/>\n<script type=\"application\/ld+json\" class=\"yoast-schema-graph\">{\"@context\":\"https:\\\/\\\/schema.org\",\"@graph\":[{\"@type\":\"WebPage\",\"@id\":\"https:\\\/\\\/climatetoolkit.org\\\/climate-toolkit-partner-badges\\\/\",\"url\":\"https:\\\/\\\/climatetoolkit.org\\\/climate-toolkit-partner-badges\\\/\",\"name\":\"Climate Toolkit Partner Badges - The Climate Toolkit\",\"isPartOf\":{\"@id\":\"https:\\\/\\\/climatetoolkit.org\\\/#website\"},\"primaryImageOfPage\":{\"@id\":\"https:\\\/\\\/climatetoolkit.org\\\/climate-toolkit-partner-badges\\\/#primaryimage\"},\"image\":{\"@id\":\"https:\\\/\\\/climatetoolkit.org\\\/climate-toolkit-partner-badges\\\/#primaryimage\"},\"thumbnailUrl\":\"https:\\\/\\\/climatetoolkit.org\\\/wp-content\\\/uploads\\\/2025\\\/02\\\/climate_toolkit_badge_sml.png\",\"datePublished\":\"2025-02-10T19:30:23+00:00\",\"dateModified\":\"2025-02-10T20:17:41+00:00\",\"breadcrumb\":{\"@id\":\"https:\\\/\\\/climatetoolkit.org\\\/climate-toolkit-partner-badges\\\/#breadcrumb\"},\"inLanguage\":\"pt-PT\",\"potentialAction\":[{\"@type\":\"ReadAction\",\"target\":[\"https:\\\/\\\/climatetoolkit.org\\\/climate-toolkit-partner-badges\\\/\"]}]},{\"@type\":\"ImageObject\",\"inLanguage\":\"pt-PT\",\"@id\":\"https:\\\/\\\/climatetoolkit.org\\\/climate-toolkit-partner-badges\\\/#primaryimage\",\"url\":\"https:\\\/\\\/climatetoolkit.org\\\/wp-content\\\/uploads\\\/2025\\\/02\\\/climate_toolkit_badge_sml.png\",\"contentUrl\":\"https:\\\/\\\/climatetoolkit.org\\\/wp-content\\\/uploads\\\/2025\\\/02\\\/climate_toolkit_badge_sml.png\"},{\"@type\":\"BreadcrumbList\",\"@id\":\"https:\\\/\\\/climatetoolkit.org\\\/climate-toolkit-partner-badges\\\/#breadcrumb\",\"itemListElement\":[{\"@type\":\"ListItem\",\"position\":1,\"name\":\"Home\",\"item\":\"https:\\\/\\\/climatetoolkit.org\\\/\"},{\"@type\":\"ListItem\",\"position\":2,\"name\":\"Climate Toolkit Partner Badges\"}]},{\"@type\":\"WebSite\",\"@id\":\"https:\\\/\\\/climatetoolkit.org\\\/#website\",\"url\":\"https:\\\/\\\/climatetoolkit.org\\\/\",\"name\":\"The Climate Toolkit\",\"description\":\"For Museums, Gardens and Zoos\",\"publisher\":{\"@id\":\"https:\\\/\\\/climatetoolkit.org\\\/#organization\"},\"potentialAction\":[{\"@type\":\"SearchAction\",\"target\":{\"@type\":\"EntryPoint\",\"urlTemplate\":\"https:\\\/\\\/climatetoolkit.org\\\/?s={search_term_string}\"},\"query-input\":{\"@type\":\"PropertyValueSpecification\",\"valueRequired\":true,\"valueName\":\"search_term_string\"}}],\"inLanguage\":\"pt-PT\"},{\"@type\":\"Organization\",\"@id\":\"https:\\\/\\\/climatetoolkit.org\\\/#organization\",\"name\":\"The Climate Toolkit\",\"url\":\"https:\\\/\\\/climatetoolkit.org\\\/\",\"logo\":{\"@type\":\"ImageObject\",\"inLanguage\":\"pt-PT\",\"@id\":\"https:\\\/\\\/climatetoolkit.org\\\/#\\\/schema\\\/logo\\\/image\\\/\",\"url\":\"https:\\\/\\\/climatetoolkit.org\\\/wp-content\\\/uploads\\\/2020\\\/05\\\/C_logo.png\",\"contentUrl\":\"https:\\\/\\\/climatetoolkit.org\\\/wp-content\\\/uploads\\\/2020\\\/05\\\/C_logo.png\",\"width\":512,\"height\":512,\"caption\":\"The Climate Toolkit\"},\"image\":{\"@id\":\"https:\\\/\\\/climatetoolkit.org\\\/#\\\/schema\\\/logo\\\/image\\\/\"}}]}<\/script>\n<!-- \/ Yoast SEO plugin. -->","yoast_head_json":{"title":"Distintivos de parceiros do Climate Toolkit - The Climate Toolkit","robots":{"index":"index","follow":"follow","max-snippet":"max-snippet:-1","max-image-preview":"max-image-preview:large","max-video-preview":"max-video-preview:-1"},"canonical":"https:\/\/climatetoolkit.org\/pt\/climate-toolkit-partner-badges\/","og_locale":"pt_PT","og_type":"article","og_title":"Climate Toolkit Partner Badges - The Climate Toolkit","og_description":"Climate Toolkit Partner Badges We are grateful for the partnerships and collaborations that are made possible through the Climate Toolkit Initiative and for your continued dedication to climate action. In recognition of your participation, we have created digital badges for &hellip; Climate Toolkit Partner Badges Read More &raquo;","og_url":"https:\/\/climatetoolkit.org\/pt\/climate-toolkit-partner-badges\/","og_site_name":"The Climate Toolkit","article_modified_time":"2025-02-10T20:17:41+00:00","og_image":[{"url":"https:\/\/climatetoolkit.org\/wp-content\/uploads\/2025\/02\/climate_toolkit_badge_sml.png","type":"","width":"","height":""}],"twitter_card":"summary_large_image","twitter_misc":{"Tempo estimado de leitura":"2 minutos"},"schema":{"@context":"https:\/\/schema.org","@graph":[{"@type":"WebPage","@id":"https:\/\/climatetoolkit.org\/climate-toolkit-partner-badges\/","url":"https:\/\/climatetoolkit.org\/climate-toolkit-partner-badges\/","name":"Distintivos de parceiros do Climate Toolkit - The Climate Toolkit","isPartOf":{"@id":"https:\/\/climatetoolkit.org\/#website"},"primaryImageOfPage":{"@id":"https:\/\/climatetoolkit.org\/climate-toolkit-partner-badges\/#primaryimage"},"image":{"@id":"https:\/\/climatetoolkit.org\/climate-toolkit-partner-badges\/#primaryimage"},"thumbnailUrl":"https:\/\/climatetoolkit.org\/wp-content\/uploads\/2025\/02\/climate_toolkit_badge_sml.png","datePublished":"2025-02-10T19:30:23+00:00","dateModified":"2025-02-10T20:17:41+00:00","breadcrumb":{"@id":"https:\/\/climatetoolkit.org\/climate-toolkit-partner-badges\/#breadcrumb"},"inLanguage":"pt-PT","potentialAction":[{"@type":"ReadAction","target":["https:\/\/climatetoolkit.org\/climate-toolkit-partner-badges\/"]}]},{"@type":"ImageObject","inLanguage":"pt-PT","@id":"https:\/\/climatetoolkit.org\/climate-toolkit-partner-badges\/#primaryimage","url":"https:\/\/climatetoolkit.org\/wp-content\/uploads\/2025\/02\/climate_toolkit_badge_sml.png","contentUrl":"https:\/\/climatetoolkit.org\/wp-content\/uploads\/2025\/02\/climate_toolkit_badge_sml.png"},{"@type":"BreadcrumbList","@id":"https:\/\/climatetoolkit.org\/climate-toolkit-partner-badges\/#breadcrumb","itemListElement":[{"@type":"ListItem","position":1,"name":"Home","item":"https:\/\/climatetoolkit.org\/"},{"@type":"ListItem","position":2,"name":"Climate Toolkit Partner Badges"}]},{"@type":"WebSite","@id":"https:\/\/climatetoolkit.org\/#website","url":"https:\/\/climatetoolkit.org\/","name":"O kit de ferramentas para o clima","description":"Para museus, jardins e jardins zool\u00f3gicos","publisher":{"@id":"https:\/\/climatetoolkit.org\/#organization"},"potentialAction":[{"@type":"SearchAction","target":{"@type":"EntryPoint","urlTemplate":"https:\/\/climatetoolkit.org\/?s={search_term_string}"},"query-input":{"@type":"PropertyValueSpecification","valueRequired":true,"valueName":"search_term_string"}}],"inLanguage":"pt-PT"},{"@type":"Organization","@id":"https:\/\/climatetoolkit.org\/#organization","name":"O kit de ferramentas para o clima","url":"https:\/\/climatetoolkit.org\/","logo":{"@type":"ImageObject","inLanguage":"pt-PT","@id":"https:\/\/climatetoolkit.org\/#\/schema\/logo\/image\/","url":"https:\/\/climatetoolkit.org\/wp-content\/uploads\/2020\/05\/C_logo.png","contentUrl":"https:\/\/climatetoolkit.org\/wp-content\/uploads\/2020\/05\/C_logo.png","width":512,"height":512,"caption":"The Climate Toolkit"},"image":{"@id":"https:\/\/climatetoolkit.org\/#\/schema\/logo\/image\/"}}]}},"coauthors":[],"author_meta":{"author_link":"https:\/\/climatetoolkit.org\/pt\/author\/joe\/","display_name":"joe reed"},"relative_dates":{"created":"Posted 1 ano ago","modified":"Updated 1 ano ago"},"absolute_dates":{"created":"Posted on Fevereiro 10, 2025","modified":"Updated on Fevereiro 10, 2025"},"absolute_dates_time":{"created":"Posted on Fevereiro 10, 2025 2:30 pm","modified":"Updated on Fevereiro 10, 2025 3:17 pm"},"featured_img_caption":"","featured_img":false,"series_order":"","_links":{"self":[{"href":"https:\/\/climatetoolkit.org\/pt\/wp-json\/wp\/v2\/pages\/4160","targetHints":{"allow":["GET"]}}],"collection":[{"href":"https:\/\/climatetoolkit.org\/pt\/wp-json\/wp\/v2\/pages"}],"about":[{"href":"https:\/\/climatetoolkit.org\/pt\/wp-json\/wp\/v2\/types\/page"}],"author":[{"embeddable":true,"href":"https:\/\/climatetoolkit.org\/pt\/wp-json\/wp\/v2\/users\/2"}],"replies":[{"embeddable":true,"href":"https:\/\/climatetoolkit.org\/pt\/wp-json\/wp\/v2\/comments?post=4160"}],"version-history":[{"count":15,"href":"https:\/\/climatetoolkit.org\/pt\/wp-json\/wp\/v2\/pages\/4160\/revisions"}],"predecessor-version":[{"id":4199,"href":"https:\/\/climatetoolkit.org\/pt\/wp-json\/wp\/v2\/pages\/4160\/revisions\/4199"}],"wp:attachment":[{"href":"https:\/\/climatetoolkit.org\/pt\/wp-json\/wp\/v2\/media?parent=4160"}],"curies":[{"name":"wp","href":"https:\/\/api.w.org\/{rel}","templated":true}]}}