{"id":4036,"date":"2024-12-12T15:43:28","date_gmt":"2024-12-12T20:43:28","guid":{"rendered":"https:\/\/climatetoolkit.org\/?page_id=4036"},"modified":"2024-12-18T19:12:08","modified_gmt":"2024-12-19T00:12:08","slug":"climate-toolkit-working-groups","status":"publish","type":"page","link":"https:\/\/climatetoolkit.org\/pt\/climate-toolkit-working-groups\/","title":{"rendered":"Grupos de trabalho"},"content":{"rendered":"<div class=\"wp-block-image\">\n<figure class=\"aligncenter size-large is-resized\"><img decoding=\"async\" width=\"1024\" height=\"512\" src=\"https:\/\/climatetoolkit.org\/wp-content\/uploads\/2024\/12\/working-groups-1024x512.jpg\" alt=\"\" class=\"wp-image-4049\" style=\"width:768px\" srcset=\"https:\/\/climatetoolkit.org\/wp-content\/uploads\/2024\/12\/working-groups-1024x512.jpg 1024w, https:\/\/climatetoolkit.org\/wp-content\/uploads\/2024\/12\/working-groups-300x150.jpg 300w, https:\/\/climatetoolkit.org\/wp-content\/uploads\/2024\/12\/working-groups-768x384.jpg 768w, https:\/\/climatetoolkit.org\/wp-content\/uploads\/2024\/12\/working-groups-18x9.jpg 18w, https:\/\/climatetoolkit.org\/wp-content\/uploads\/2024\/12\/working-groups-450x225.jpg 450w, https:\/\/climatetoolkit.org\/wp-content\/uploads\/2024\/12\/working-groups-100x50.jpg 100w, https:\/\/climatetoolkit.org\/wp-content\/uploads\/2024\/12\/working-groups-150x75.jpg 150w, https:\/\/climatetoolkit.org\/wp-content\/uploads\/2024\/12\/working-groups-200x100.jpg 200w, https:\/\/climatetoolkit.org\/wp-content\/uploads\/2024\/12\/working-groups-600x300.jpg 600w, https:\/\/climatetoolkit.org\/wp-content\/uploads\/2024\/12\/working-groups-900x450.jpg 900w, https:\/\/climatetoolkit.org\/wp-content\/uploads\/2024\/12\/working-groups.jpg 1494w\" sizes=\"(max-width: 1024px) 100vw, 1024px\" \/><\/figure>\n<\/div>\n\n\n<p>Os Grupos de Trabalho do Kit de Ferramentas para o Clima oferecem oportunidades para uma aprendizagem mais profunda e para o envolvimento entre pares em torno de temas clim\u00e1ticos espec\u00edficos. Os grupos de trabalho do Toolkit surgem organicamente atrav\u00e9s das necessidades das nossas institui\u00e7\u00f5es membros e est\u00e3o estruturados da seguinte forma <a href=\"https:\/\/www.communityofpractice.ca\/background\/what-is-a-community-of-practice\/\">comunidades de pr\u00e1tica<\/a>.<\/p>\n\n\n\n<p>Uma comunidade de pr\u00e1tica partilha normalmente tr\u00eas carater\u00edsticas comuns:<\/p>\n\n\n\n<ul class=\"wp-block-list\">\n<li><strong>Dom\u00ednio<\/strong>: Os membros da comunidade t\u00eam um dom\u00ednio partilhado de interesse, compet\u00eancia e empenhamento. Este dom\u00ednio partilhado cria uma base comum, participa\u00e7\u00e3o, aprendizagem orientada e a\u00e7\u00e3o significativa.<\/li>\n\n\n\n<li><strong>Comunidade<\/strong>: Os membros da comunidade prosseguem o seu dom\u00ednio de interesse atrav\u00e9s da interatividade, do debate, da resolu\u00e7\u00e3o de problemas, da partilha de informa\u00e7\u00f5es e da cria\u00e7\u00e3o de rela\u00e7\u00f5es, permitindo assim promover a aprendizagem colectiva e a vontade de partilhar ideias. <\/li>\n\n\n\n<li><strong>Pr\u00e1tica<\/strong>: Os membros da comunidade tornam-se praticantes activos do dom\u00ednio de interesse, construindo um conjunto de recursos e ideias colectivos que podem ser partilhados com a comunidade mais alargada. <\/li>\n<\/ul>\n\n\n\n<p>Os grupos de trabalho interactivos do Toolkit s\u00e3o espa\u00e7os onde os profissionais da cultura podem aprofundar temas de interesse m\u00fatuo, criando ao mesmo tempo colabora\u00e7\u00f5es que impulsionam o campo para solu\u00e7\u00f5es clim\u00e1ticas inovadoras. O Toolkit acolhe atualmente quatro grupos de trabalho activos. Leia sobre as oportunidades abaixo e inscreva-se para come\u00e7ar:<\/p>\n\n\n\n<hr class=\"wp-block-separator has-alpha-channel-opacity\"\/>\n\n\n\n<h2 class=\"wp-block-heading\" id=\"electrification\">Eletrifica\u00e7\u00e3o<\/h2>\n\n\n\n<p><strong><a href=\"https:\/\/gaggle.email\/join\/ev-working-group@gaggle.email\">O Grupo de Trabalho sobre Eletrifica\u00e7\u00e3o<\/a><\/strong><em> <\/em>analisa todos os aspectos e vias de transi\u00e7\u00e3o do equipamento de paisagismo, ve\u00edculos da frota e AVAC de edif\u00edcios baseados em combust\u00edveis f\u00f3sseis, adoptando alternativas el\u00e9ctricas. Co-fundado pelo The Morton Arboretum, o grupo de eletrifica\u00e7\u00e3o \u00e9 o grupo de trabalho mais antigo do Toolkit, reunindo especialistas e partes interessadas de museus para explorar cortadores de relva el\u00e9ctricos aut\u00f3nomos, ve\u00edculos utilit\u00e1rios, tractores EV e estrat\u00e9gias de financiamento de energia limpa. As principais institui\u00e7\u00f5es que colaboram com este grupo incluem o Jardim Bot\u00e2nico de Santa Barbara, a Filoli House &amp; Gardens, o Bernheim Arboretum, o Smithsonian Institute, o Museu de Arte de Cincinnati, o Mt Cuba Center, a Holden Forests, a Duke Farms, entre outros.<\/p>\n\n\n\n<div class=\"wp-block-buttons is-layout-flex wp-block-buttons-is-layout-flex\">\n<div class=\"wp-block-button has-custom-font-size\" style=\"font-size:14px\"><a class=\"wp-block-button__link has-luminous-vivid-amber-background-color has-background wp-element-button\" href=\"https:\/\/gaggle.email\/join\/ev-working-group@gaggle.email\">Junte-se ao Grupo de Trabalho sobre Eletrifica\u00e7\u00e3o<\/a><\/div>\n<\/div>\n\n\n\n<hr class=\"wp-block-separator has-alpha-channel-opacity\"\/>\n\n\n\n<h2 class=\"wp-block-heading\" id=\"decarbonization\">Descarboniza\u00e7\u00e3o de estufas<\/h2>\n\n\n\n<p><strong><a href=\"https:\/\/gaggle.email\/join\/glasshouse-decarbonization@gaggle.email\">Grupo de trabalho sobre descarboniza\u00e7\u00e3o de estufas<\/a><\/strong><em> <\/em>\u00e9 uma oportunidade global para os jardins bot\u00e2nicos e museus com estufas e conservat\u00f3rios hist\u00f3ricos trocarem recursos e experi\u00eancias em estrat\u00e9gias de descarboniza\u00e7\u00e3o. As estufas s\u00e3o estruturas notoriamente intensivas em energia e ineficientes - dentro deste grupo encontra-se uma oportunidade real de inovar no campo e transmitir solu\u00e7\u00f5es de descarboniza\u00e7\u00e3o que raramente foram exploradas neste espa\u00e7o, incluindo geot\u00e9rmica, bombas de calor el\u00e9ctricas, aquecimento de piso radiante, solar t\u00e9rmico e muito mais. O comit\u00e9 de dire\u00e7\u00e3o da descarboniza\u00e7\u00e3o inclui o Royal Botanic Gardens Kew, o Royal Botanic Gardens Edinburgh e o World Monuments Fund, com a participa\u00e7\u00e3o institucional do New York Botanical Garden, Chihuly Gardens &amp; Glass, Atlanta Botanical Garden, Historic New England, entre outros.\u00a0\u00a0<\/p>\n\n\n\n<div class=\"wp-block-buttons is-layout-flex wp-block-buttons-is-layout-flex\">\n<div class=\"wp-block-button has-custom-font-size\" style=\"font-size:14px\"><a class=\"wp-block-button__link has-luminous-vivid-amber-background-color has-background wp-element-button\" href=\"https:\/\/gaggle.email\/join\/glasshouse-decarbonization@gaggle.email\">Junte-se ao grupo de trabalho sobre descarboniza\u00e7\u00e3o de estufas<\/a><\/div>\n<\/div>\n\n\n\n<hr class=\"wp-block-separator has-alpha-channel-opacity\"\/>\n\n\n\n<h2 class=\"wp-block-heading\" id=\"youth\">Rede de Jovens<\/h2>\n\n\n\n<p><strong><a href=\"https:\/\/climatetoolkit.org\/pt\/youth\/join-us\/\">Rede de Jovens do Kit de Ferramentas para o Clima<\/a><\/strong> serve como uma rede de recursos e conectores para museus e institui\u00e7\u00f5es culturais que t\u00eam atualmente grupos clim\u00e1ticos de jovens activados ou que est\u00e3o interessados em formar tais grupos. Modelado de acordo com o Climate Toolkit, o CTYN \u00e9 um espa\u00e7o dedicado para que os grupos de jovens se conectem uns com os outros, troquem estudos de caso, inspira\u00e7\u00e3o positiva para o clima e recursos e, em geral, actuem como um espa\u00e7o de apoio ao trabalho clim\u00e1tico dos jovens. O CTYN tamb\u00e9m cria uma plataforma para que o pessoal que trabalha com grupos de jovens possa trocar boas pr\u00e1ticas de alian\u00e7a entre adultos e jovens, discutir oportunidades de financiamento, partilhar recursos e ferramentas e formar parcerias. O CTYN permite que grupos de jovens como o YCAC tenham um impacto maior, amplificando o seu trabalho e permitindo uma colabora\u00e7\u00e3o robusta entre os jovens e entre o pessoal.\u00a0<\/p>\n\n\n\n<div class=\"wp-block-buttons is-layout-flex wp-block-buttons-is-layout-flex\">\n<div class=\"wp-block-button has-custom-font-size\" style=\"font-size:14px\"><a class=\"wp-block-button__link has-luminous-vivid-amber-background-color has-background wp-element-button\" href=\"https:\/\/climatetoolkit.org\/pt\/youth\/join-us\/\">Junte-se \u00e0 Rede de Jovens do Kit de Ferramentas para o Clima<\/a><\/div>\n<\/div>\n\n\n\n<hr class=\"wp-block-separator has-alpha-channel-opacity\"\/>\n\n\n\n<h2 class=\"wp-block-heading\" id=\"interpretation\">Clima e interpreta\u00e7\u00e3o<\/h2>\n\n\n\n<p><strong>O Grupo de Trabalho Clima e Interpreta\u00e7\u00e3o<\/strong><em> <\/em>\u00e9 o mais recente grupo de trabalho do Toolkit e tem como objetivo reunir um comit\u00e9 diretor robusto de especialistas em interpreta\u00e7\u00e3o clim\u00e1tica do Museu do Clima, Jardins Bot\u00e2nicos de Denver, Museu de Anchorage, Museu de Artes Contempor\u00e2neas (MOCA) de Los Angeles, Museu de Hist\u00f3ria Natural do Utah, Science World, Aqu\u00e1rio Nacional e outros, para discutir colabora\u00e7\u00f5es interinstitucionais sobre mensagens e interven\u00e7\u00f5es clim\u00e1ticas em espa\u00e7os de exposi\u00e7\u00e3o.<\/p>\n\n\n\n<p><em>A participa\u00e7\u00e3o neste grupo de trabalho estar\u00e1 aberta em breve.<\/em><\/p>\n\n\n\n<hr class=\"wp-block-separator has-alpha-channel-opacity\"\/>\n\n\n\n<p>Est\u00e1 \u00e0 procura de oportunidades para explorar outras \u00e1reas de interesse ou compromissos clim\u00e1ticos n\u00e3o inclu\u00eddos nos grupos acima referidos? <strong><a href=\"mailto:climatetoolkit@phipps.conservatory.org\">Contactar por correio eletr\u00f3nico<\/a><\/strong> e vamos come\u00e7ar uma conversa!<\/p>\n\n\n\n<p><\/p>","protected":false},"excerpt":{"rendered":"<p>Os Grupos de Trabalho do Kit de Ferramentas para o Clima oferecem oportunidades para uma aprendizagem mais profunda e para o envolvimento entre pares em torno de temas clim\u00e1ticos espec\u00edficos. Os Grupos de Trabalho do Toolkit surgem organicamente atrav\u00e9s das necessidades das nossas institui\u00e7\u00f5es membros e s\u00e3o estruturados como comunidades de pr\u00e1tica. Uma comunidade de pr\u00e1tica normalmente ...<\/p>\n<p class=\"read-more\"> <a class=\"\" href=\"https:\/\/climatetoolkit.org\/pt\/climate-toolkit-working-groups\/\"> <span class=\"screen-reader-text\">Grupos de trabalho<\/span> Ler mais \"<\/a><\/p>","protected":false},"author":2,"featured_media":0,"parent":0,"menu_order":0,"comment_status":"closed","ping_status":"closed","template":"","meta":{"_acf_changed":false,"inline_featured_image":false,"advgb_blocks_editor_width":"","advgb_blocks_columns_visual_guide":"","footnotes":""},"class_list":["post-4036","page","type-page","status-publish","hentry"],"acf":[],"yoast_head":"<!-- This site is optimized with the Yoast SEO plugin v27.3 - https:\/\/yoast.com\/product\/yoast-seo-wordpress\/ -->\n<title>Working Groups - The Climate Toolkit<\/title>\n<meta name=\"robots\" content=\"index, follow, max-snippet:-1, max-image-preview:large, max-video-preview:-1\" \/>\n<link rel=\"canonical\" href=\"https:\/\/climatetoolkit.org\/pt\/climate-toolkit-working-groups\/\" \/>\n<meta property=\"og:locale\" content=\"pt_PT\" \/>\n<meta property=\"og:type\" content=\"article\" \/>\n<meta property=\"og:title\" content=\"Working Groups - The Climate Toolkit\" \/>\n<meta property=\"og:description\" content=\"Climate Toolkit Working Groups provide opportunities for deeper learning and peer-to-peer engagement around particular climate topics. Toolkit Working Groups arise organically through the needs of our member institutions and are structured as communities of practice. A community of practice typically &hellip; Working Groups Read More &raquo;\" \/>\n<meta property=\"og:url\" content=\"https:\/\/climatetoolkit.org\/pt\/climate-toolkit-working-groups\/\" \/>\n<meta property=\"og:site_name\" content=\"The Climate Toolkit\" \/>\n<meta property=\"article:modified_time\" content=\"2024-12-19T00:12:08+00:00\" \/>\n<meta property=\"og:image\" content=\"https:\/\/climatetoolkit.org\/wp-content\/uploads\/2024\/12\/working-groups.jpg\" \/>\n\t<meta property=\"og:image:width\" content=\"1494\" \/>\n\t<meta property=\"og:image:height\" content=\"747\" \/>\n\t<meta property=\"og:image:type\" content=\"image\/jpeg\" \/>\n<meta name=\"twitter:card\" content=\"summary_large_image\" \/>\n<meta name=\"twitter:label1\" content=\"Tempo estimado de leitura\" \/>\n\t<meta name=\"twitter:data1\" content=\"4 minutos\" \/>\n<script type=\"application\/ld+json\" class=\"yoast-schema-graph\">{\"@context\":\"https:\\\/\\\/schema.org\",\"@graph\":[{\"@type\":\"WebPage\",\"@id\":\"https:\\\/\\\/climatetoolkit.org\\\/climate-toolkit-working-groups\\\/\",\"url\":\"https:\\\/\\\/climatetoolkit.org\\\/climate-toolkit-working-groups\\\/\",\"name\":\"Working Groups - The Climate Toolkit\",\"isPartOf\":{\"@id\":\"https:\\\/\\\/climatetoolkit.org\\\/#website\"},\"primaryImageOfPage\":{\"@id\":\"https:\\\/\\\/climatetoolkit.org\\\/climate-toolkit-working-groups\\\/#primaryimage\"},\"image\":{\"@id\":\"https:\\\/\\\/climatetoolkit.org\\\/climate-toolkit-working-groups\\\/#primaryimage\"},\"thumbnailUrl\":\"https:\\\/\\\/climatetoolkit.org\\\/wp-content\\\/uploads\\\/2024\\\/12\\\/working-groups-1024x512.jpg\",\"datePublished\":\"2024-12-12T20:43:28+00:00\",\"dateModified\":\"2024-12-19T00:12:08+00:00\",\"breadcrumb\":{\"@id\":\"https:\\\/\\\/climatetoolkit.org\\\/climate-toolkit-working-groups\\\/#breadcrumb\"},\"inLanguage\":\"pt-PT\",\"potentialAction\":[{\"@type\":\"ReadAction\",\"target\":[\"https:\\\/\\\/climatetoolkit.org\\\/climate-toolkit-working-groups\\\/\"]}]},{\"@type\":\"ImageObject\",\"inLanguage\":\"pt-PT\",\"@id\":\"https:\\\/\\\/climatetoolkit.org\\\/climate-toolkit-working-groups\\\/#primaryimage\",\"url\":\"https:\\\/\\\/climatetoolkit.org\\\/wp-content\\\/uploads\\\/2024\\\/12\\\/working-groups-1024x512.jpg\",\"contentUrl\":\"https:\\\/\\\/climatetoolkit.org\\\/wp-content\\\/uploads\\\/2024\\\/12\\\/working-groups-1024x512.jpg\"},{\"@type\":\"BreadcrumbList\",\"@id\":\"https:\\\/\\\/climatetoolkit.org\\\/climate-toolkit-working-groups\\\/#breadcrumb\",\"itemListElement\":[{\"@type\":\"ListItem\",\"position\":1,\"name\":\"Home\",\"item\":\"https:\\\/\\\/climatetoolkit.org\\\/\"},{\"@type\":\"ListItem\",\"position\":2,\"name\":\"Working Groups\"}]},{\"@type\":\"WebSite\",\"@id\":\"https:\\\/\\\/climatetoolkit.org\\\/#website\",\"url\":\"https:\\\/\\\/climatetoolkit.org\\\/\",\"name\":\"The Climate Toolkit\",\"description\":\"For Museums, Gardens and Zoos\",\"publisher\":{\"@id\":\"https:\\\/\\\/climatetoolkit.org\\\/#organization\"},\"potentialAction\":[{\"@type\":\"SearchAction\",\"target\":{\"@type\":\"EntryPoint\",\"urlTemplate\":\"https:\\\/\\\/climatetoolkit.org\\\/?s={search_term_string}\"},\"query-input\":{\"@type\":\"PropertyValueSpecification\",\"valueRequired\":true,\"valueName\":\"search_term_string\"}}],\"inLanguage\":\"pt-PT\"},{\"@type\":\"Organization\",\"@id\":\"https:\\\/\\\/climatetoolkit.org\\\/#organization\",\"name\":\"The Climate Toolkit\",\"url\":\"https:\\\/\\\/climatetoolkit.org\\\/\",\"logo\":{\"@type\":\"ImageObject\",\"inLanguage\":\"pt-PT\",\"@id\":\"https:\\\/\\\/climatetoolkit.org\\\/#\\\/schema\\\/logo\\\/image\\\/\",\"url\":\"https:\\\/\\\/climatetoolkit.org\\\/wp-content\\\/uploads\\\/2020\\\/05\\\/C_logo.png\",\"contentUrl\":\"https:\\\/\\\/climatetoolkit.org\\\/wp-content\\\/uploads\\\/2020\\\/05\\\/C_logo.png\",\"width\":512,\"height\":512,\"caption\":\"The Climate Toolkit\"},\"image\":{\"@id\":\"https:\\\/\\\/climatetoolkit.org\\\/#\\\/schema\\\/logo\\\/image\\\/\"}}]}<\/script>\n<!-- \/ Yoast SEO plugin. -->","yoast_head_json":{"title":"Grupos de trabalho - Kit de ferramentas para o clima","robots":{"index":"index","follow":"follow","max-snippet":"max-snippet:-1","max-image-preview":"max-image-preview:large","max-video-preview":"max-video-preview:-1"},"canonical":"https:\/\/climatetoolkit.org\/pt\/climate-toolkit-working-groups\/","og_locale":"pt_PT","og_type":"article","og_title":"Working Groups - The Climate Toolkit","og_description":"Climate Toolkit Working Groups provide opportunities for deeper learning and peer-to-peer engagement around particular climate topics. Toolkit Working Groups arise organically through the needs of our member institutions and are structured as communities of practice. A community of practice typically &hellip; Working Groups Read More &raquo;","og_url":"https:\/\/climatetoolkit.org\/pt\/climate-toolkit-working-groups\/","og_site_name":"The Climate Toolkit","article_modified_time":"2024-12-19T00:12:08+00:00","og_image":[{"width":1494,"height":747,"url":"https:\/\/climatetoolkit.org\/wp-content\/uploads\/2024\/12\/working-groups.jpg","type":"image\/jpeg"}],"twitter_card":"summary_large_image","twitter_misc":{"Tempo estimado de leitura":"4 minutos"},"schema":{"@context":"https:\/\/schema.org","@graph":[{"@type":"WebPage","@id":"https:\/\/climatetoolkit.org\/climate-toolkit-working-groups\/","url":"https:\/\/climatetoolkit.org\/climate-toolkit-working-groups\/","name":"Grupos de trabalho - Kit de ferramentas para o clima","isPartOf":{"@id":"https:\/\/climatetoolkit.org\/#website"},"primaryImageOfPage":{"@id":"https:\/\/climatetoolkit.org\/climate-toolkit-working-groups\/#primaryimage"},"image":{"@id":"https:\/\/climatetoolkit.org\/climate-toolkit-working-groups\/#primaryimage"},"thumbnailUrl":"https:\/\/climatetoolkit.org\/wp-content\/uploads\/2024\/12\/working-groups-1024x512.jpg","datePublished":"2024-12-12T20:43:28+00:00","dateModified":"2024-12-19T00:12:08+00:00","breadcrumb":{"@id":"https:\/\/climatetoolkit.org\/climate-toolkit-working-groups\/#breadcrumb"},"inLanguage":"pt-PT","potentialAction":[{"@type":"ReadAction","target":["https:\/\/climatetoolkit.org\/climate-toolkit-working-groups\/"]}]},{"@type":"ImageObject","inLanguage":"pt-PT","@id":"https:\/\/climatetoolkit.org\/climate-toolkit-working-groups\/#primaryimage","url":"https:\/\/climatetoolkit.org\/wp-content\/uploads\/2024\/12\/working-groups-1024x512.jpg","contentUrl":"https:\/\/climatetoolkit.org\/wp-content\/uploads\/2024\/12\/working-groups-1024x512.jpg"},{"@type":"BreadcrumbList","@id":"https:\/\/climatetoolkit.org\/climate-toolkit-working-groups\/#breadcrumb","itemListElement":[{"@type":"ListItem","position":1,"name":"Home","item":"https:\/\/climatetoolkit.org\/"},{"@type":"ListItem","position":2,"name":"Working Groups"}]},{"@type":"WebSite","@id":"https:\/\/climatetoolkit.org\/#website","url":"https:\/\/climatetoolkit.org\/","name":"O kit de ferramentas para o clima","description":"Para museus, jardins e jardins zool\u00f3gicos","publisher":{"@id":"https:\/\/climatetoolkit.org\/#organization"},"potentialAction":[{"@type":"SearchAction","target":{"@type":"EntryPoint","urlTemplate":"https:\/\/climatetoolkit.org\/?s={search_term_string}"},"query-input":{"@type":"PropertyValueSpecification","valueRequired":true,"valueName":"search_term_string"}}],"inLanguage":"pt-PT"},{"@type":"Organization","@id":"https:\/\/climatetoolkit.org\/#organization","name":"O kit de ferramentas para o clima","url":"https:\/\/climatetoolkit.org\/","logo":{"@type":"ImageObject","inLanguage":"pt-PT","@id":"https:\/\/climatetoolkit.org\/#\/schema\/logo\/image\/","url":"https:\/\/climatetoolkit.org\/wp-content\/uploads\/2020\/05\/C_logo.png","contentUrl":"https:\/\/climatetoolkit.org\/wp-content\/uploads\/2020\/05\/C_logo.png","width":512,"height":512,"caption":"The Climate Toolkit"},"image":{"@id":"https:\/\/climatetoolkit.org\/#\/schema\/logo\/image\/"}}]}},"coauthors":[],"author_meta":{"author_link":"https:\/\/climatetoolkit.org\/pt\/author\/joe\/","display_name":"joe reed"},"relative_dates":{"created":"Posted 1 ano ago","modified":"Updated 1 ano ago"},"absolute_dates":{"created":"Posted on Dezembro 12, 2024","modified":"Updated on Dezembro 18, 2024"},"absolute_dates_time":{"created":"Posted on Dezembro 12, 2024 3:43 pm","modified":"Updated on Dezembro 18, 2024 7:12 pm"},"featured_img_caption":"","featured_img":false,"series_order":"","_links":{"self":[{"href":"https:\/\/climatetoolkit.org\/pt\/wp-json\/wp\/v2\/pages\/4036","targetHints":{"allow":["GET"]}}],"collection":[{"href":"https:\/\/climatetoolkit.org\/pt\/wp-json\/wp\/v2\/pages"}],"about":[{"href":"https:\/\/climatetoolkit.org\/pt\/wp-json\/wp\/v2\/types\/page"}],"author":[{"embeddable":true,"href":"https:\/\/climatetoolkit.org\/pt\/wp-json\/wp\/v2\/users\/2"}],"replies":[{"embeddable":true,"href":"https:\/\/climatetoolkit.org\/pt\/wp-json\/wp\/v2\/comments?post=4036"}],"version-history":[{"count":17,"href":"https:\/\/climatetoolkit.org\/pt\/wp-json\/wp\/v2\/pages\/4036\/revisions"}],"predecessor-version":[{"id":4067,"href":"https:\/\/climatetoolkit.org\/pt\/wp-json\/wp\/v2\/pages\/4036\/revisions\/4067"}],"wp:attachment":[{"href":"https:\/\/climatetoolkit.org\/pt\/wp-json\/wp\/v2\/media?parent=4036"}],"curies":[{"name":"wp","href":"https:\/\/api.w.org\/{rel}","templated":true}]}}