{"id":2703,"date":"2023-11-01T15:23:05","date_gmt":"2023-11-01T19:23:05","guid":{"rendered":"https:\/\/climatetoolkit.org\/?page_id=2703"},"modified":"2023-11-01T15:23:06","modified_gmt":"2023-11-01T19:23:06","slug":"association-of-science-and-technology-centers-astc","status":"publish","type":"page","link":"https:\/\/climatetoolkit.org\/pt\/association-of-science-and-technology-centers-astc\/","title":{"rendered":"Associa\u00e7\u00e3o de Centros de Ci\u00eancia e Tecnologia (ASTC)"},"content":{"rendered":"<figure class=\"wp-block-image size-full\"><img decoding=\"async\" width=\"624\" height=\"52\" src=\"https:\/\/climatetoolkit.org\/wp-content\/uploads\/2023\/11\/Picture12.png\" alt=\"\" class=\"wp-image-2704\" srcset=\"https:\/\/climatetoolkit.org\/wp-content\/uploads\/2023\/11\/Picture12.png 624w, https:\/\/climatetoolkit.org\/wp-content\/uploads\/2023\/11\/Picture12-300x25.png 300w, https:\/\/climatetoolkit.org\/wp-content\/uploads\/2023\/11\/Picture12-100x8.png 100w, https:\/\/climatetoolkit.org\/wp-content\/uploads\/2023\/11\/Picture12-150x13.png 150w, https:\/\/climatetoolkit.org\/wp-content\/uploads\/2023\/11\/Picture12-200x17.png 200w, https:\/\/climatetoolkit.org\/wp-content\/uploads\/2023\/11\/Picture12-450x38.png 450w, https:\/\/climatetoolkit.org\/wp-content\/uploads\/2023\/11\/Picture12-600x50.png 600w\" sizes=\"(max-width: 624px) 100vw, 624px\" \/><\/figure>\n\n\n\n<p>O objetivo do <a href=\"https:\/\/www.astc.org\/\">Associa\u00e7\u00e3o de Centros de Ci\u00eancia e Tecnologia<\/a> (ASTC) tem como objetivo defender e apoiar os centros de ci\u00eancia, os centros e museus de tecnologia e todo o campo de envolvimento da ci\u00eancia, tendo em vista uma vis\u00e3o de maior compreens\u00e3o e envolvimento da ci\u00eancia e da tecnologia por parte de todas as pessoas.<\/p>\n\n\n\n<p>A ASTC \u00e9 uma associa\u00e7\u00e3o de membros sediada na Am\u00e9rica do Norte que tem apoiado o dom\u00ednio do envolvimento cient\u00edfico global desde 1973. A ASTC cria <strong>oportunidades estrat\u00e9gicas<\/strong>, <strong>desenvolve o capital intelectual<\/strong>e <strong>re\u00fane recursos<\/strong> para apoiar os membros na realiza\u00e7\u00e3o das suas miss\u00f5es e no envolvimento das suas comunidades.<\/p>\n\n\n\n<p>Na qualidade de l\u00edder no dom\u00ednio da participa\u00e7\u00e3o cient\u00edfica, a ASTC est\u00e1 empenhada em<\/p>\n\n\n\n<ul class=\"wp-block-list\">\n<li><strong>Defender a participa\u00e7\u00e3o do p\u00fablico na ci\u00eancia:<\/strong><ul><li>promover o trabalho dos centros e museus de ci\u00eancia e tecnologia.<\/li><\/ul><ul><li>Colaborar e refor\u00e7ar as liga\u00e7\u00f5es dos membros em toda a gama de ecossistemas de envolvimento cient\u00edfico.<\/li><\/ul>\n<ul class=\"wp-block-list\">\n<li>Criar um maior apoio \u00e0s actividades e institui\u00e7\u00f5es de participa\u00e7\u00e3o cient\u00edfica.<\/li>\n<\/ul>\n<\/li>\n\n\n\n<li><strong>Refor\u00e7ar os membros e as suas capacidades atrav\u00e9s de<\/strong><ul><li>Ajudar a aumentar a diversidade e as compet\u00eancias da for\u00e7a de trabalho das institui\u00e7\u00f5es membros.<\/li><\/ul><ul><li>Facilitar a inova\u00e7\u00e3o, a liga\u00e7\u00e3o, a aprendizagem e a colabora\u00e7\u00e3o entre os membros.<\/li><\/ul>\n<ul class=\"wp-block-list\">\n<li>Recolha e partilha de dados e investiga\u00e7\u00e3o.<\/li>\n<\/ul>\n<\/li>\n\n\n\n<li><strong>Construir um futuro mais equitativo e sustent\u00e1vel:<\/strong><ul><li>Apoiar os membros para que liderem com as suas comunidades a abordagem das altera\u00e7\u00f5es clim\u00e1ticas e da biodiversidade, da equidade e da justi\u00e7a e de outras quest\u00f5es cr\u00edticas.<\/li><\/ul><ul><li>Difundir e aumentar a escala de abordagens centradas na equidade para a aprendizagem e participa\u00e7\u00e3o na ci\u00eancia.<\/li><\/ul>\n<ul class=\"wp-block-list\">\n<li>Expandir o impacto individual e coletivo dos membros nas suas comunidades e em todo o mundo.<\/li>\n<\/ul>\n<\/li>\n<\/ul>\n\n\n\n<p>Outros recursos da ASTC podem ser encontrados abaixo:<\/p>\n\n\n\n<ul class=\"wp-block-list\">\n<li><a href=\"https:\/\/www.astc.org\/about\/strategy\/\">Quadro estrat\u00e9gico da ASTC<\/a><\/li>\n\n\n\n<li><a href=\"https:\/\/www.astc.org\/about\/organization\/astc-bylaws\/\">Estatutos da ASTC<\/a><\/li>\n\n\n\n<li><a href=\"https:\/\/www.astc.org\/about\/equity\/\">ASTC Promo\u00e7\u00e3o da equidade e da justi\u00e7a<\/a><\/li>\n\n\n\n<li><a href=\"https:\/\/www.astc.org\/about\/daie\/\">Compromisso da ASTC com a Diversidade, Acessibilidade, Inclus\u00e3o e Equidade<\/a><\/li>\n\n\n\n<li><a href=\"https:\/\/www.astc.org\/about\/support-astc\/diversity-challenge-fund\/\">Fundo do Desafio da Diversidade ASTC<\/a><\/li>\n\n\n\n<li><a href=\"https:\/\/seeding-action.org\/\">A\u00e7\u00e3o de sementeira<\/a><\/li>\n<\/ul>","protected":false},"excerpt":{"rendered":"<p>O objetivo da Associa\u00e7\u00e3o de Centros de Ci\u00eancia e Tecnologia (ASTC) \u00e9 defender e apoiar os centros de ci\u00eancia, os centros e museus de tecnologia e todo o campo de envolvimento da ci\u00eancia no sentido de uma vis\u00e3o de uma maior compreens\u00e3o e envolvimento com a ci\u00eancia e ...<\/p>\n<p class=\"read-more\"> <a class=\"\" href=\"https:\/\/climatetoolkit.org\/pt\/association-of-science-and-technology-centers-astc\/\"> <span class=\"screen-reader-text\">Associa\u00e7\u00e3o de Centros de Ci\u00eancia e Tecnologia (ASTC)<\/span> Ler mais \"<\/a><\/p>","protected":false},"author":2,"featured_media":0,"parent":0,"menu_order":0,"comment_status":"closed","ping_status":"closed","template":"","meta":{"_acf_changed":false,"inline_featured_image":false,"advgb_blocks_editor_width":"","advgb_blocks_columns_visual_guide":"","footnotes":""},"class_list":["post-2703","page","type-page","status-publish","hentry"],"acf":[],"yoast_head":"<!-- This site is optimized with the Yoast SEO plugin v27.3 - https:\/\/yoast.com\/product\/yoast-seo-wordpress\/ -->\n<title>Association of Science and Technology Centers (ASTC) - The Climate Toolkit<\/title>\n<meta name=\"robots\" content=\"index, follow, max-snippet:-1, max-image-preview:large, max-video-preview:-1\" \/>\n<link rel=\"canonical\" href=\"https:\/\/climatetoolkit.org\/pt\/association-of-science-and-technology-centers-astc\/\" \/>\n<meta property=\"og:locale\" content=\"pt_PT\" \/>\n<meta property=\"og:type\" content=\"article\" \/>\n<meta property=\"og:title\" content=\"Association of Science and Technology Centers (ASTC) - The Climate Toolkit\" \/>\n<meta property=\"og:description\" content=\"The purpose of the Association of Science and Technology Centers (ASTC) is to champion and support science centers, technology centers and museums, and the entire science engagement field toward a vision of increasing understanding of and engagement with science and &hellip; Association of Science and Technology Centers (ASTC) Read More &raquo;\" \/>\n<meta property=\"og:url\" content=\"https:\/\/climatetoolkit.org\/pt\/association-of-science-and-technology-centers-astc\/\" \/>\n<meta property=\"og:site_name\" content=\"The Climate Toolkit\" \/>\n<meta property=\"article:modified_time\" content=\"2023-11-01T19:23:06+00:00\" \/>\n<meta property=\"og:image\" content=\"https:\/\/climatetoolkit.org\/wp-content\/uploads\/2023\/11\/Picture12.png\" \/>\n<meta name=\"twitter:card\" content=\"summary_large_image\" \/>\n<meta name=\"twitter:label1\" content=\"Tempo estimado de leitura\" \/>\n\t<meta name=\"twitter:data1\" content=\"2 minutos\" \/>\n<script type=\"application\/ld+json\" class=\"yoast-schema-graph\">{\"@context\":\"https:\\\/\\\/schema.org\",\"@graph\":[{\"@type\":\"WebPage\",\"@id\":\"https:\\\/\\\/climatetoolkit.org\\\/association-of-science-and-technology-centers-astc\\\/\",\"url\":\"https:\\\/\\\/climatetoolkit.org\\\/association-of-science-and-technology-centers-astc\\\/\",\"name\":\"Association of Science and Technology Centers (ASTC) - The Climate Toolkit\",\"isPartOf\":{\"@id\":\"https:\\\/\\\/climatetoolkit.org\\\/#website\"},\"primaryImageOfPage\":{\"@id\":\"https:\\\/\\\/climatetoolkit.org\\\/association-of-science-and-technology-centers-astc\\\/#primaryimage\"},\"image\":{\"@id\":\"https:\\\/\\\/climatetoolkit.org\\\/association-of-science-and-technology-centers-astc\\\/#primaryimage\"},\"thumbnailUrl\":\"https:\\\/\\\/climatetoolkit.org\\\/wp-content\\\/uploads\\\/2023\\\/11\\\/Picture12.png\",\"datePublished\":\"2023-11-01T19:23:05+00:00\",\"dateModified\":\"2023-11-01T19:23:06+00:00\",\"breadcrumb\":{\"@id\":\"https:\\\/\\\/climatetoolkit.org\\\/association-of-science-and-technology-centers-astc\\\/#breadcrumb\"},\"inLanguage\":\"pt-PT\",\"potentialAction\":[{\"@type\":\"ReadAction\",\"target\":[\"https:\\\/\\\/climatetoolkit.org\\\/association-of-science-and-technology-centers-astc\\\/\"]}]},{\"@type\":\"ImageObject\",\"inLanguage\":\"pt-PT\",\"@id\":\"https:\\\/\\\/climatetoolkit.org\\\/association-of-science-and-technology-centers-astc\\\/#primaryimage\",\"url\":\"https:\\\/\\\/climatetoolkit.org\\\/wp-content\\\/uploads\\\/2023\\\/11\\\/Picture12.png\",\"contentUrl\":\"https:\\\/\\\/climatetoolkit.org\\\/wp-content\\\/uploads\\\/2023\\\/11\\\/Picture12.png\"},{\"@type\":\"BreadcrumbList\",\"@id\":\"https:\\\/\\\/climatetoolkit.org\\\/association-of-science-and-technology-centers-astc\\\/#breadcrumb\",\"itemListElement\":[{\"@type\":\"ListItem\",\"position\":1,\"name\":\"Home\",\"item\":\"https:\\\/\\\/climatetoolkit.org\\\/\"},{\"@type\":\"ListItem\",\"position\":2,\"name\":\"Association of Science and Technology Centers (ASTC)\"}]},{\"@type\":\"WebSite\",\"@id\":\"https:\\\/\\\/climatetoolkit.org\\\/#website\",\"url\":\"https:\\\/\\\/climatetoolkit.org\\\/\",\"name\":\"The Climate Toolkit\",\"description\":\"For Museums, Gardens and Zoos\",\"publisher\":{\"@id\":\"https:\\\/\\\/climatetoolkit.org\\\/#organization\"},\"potentialAction\":[{\"@type\":\"SearchAction\",\"target\":{\"@type\":\"EntryPoint\",\"urlTemplate\":\"https:\\\/\\\/climatetoolkit.org\\\/?s={search_term_string}\"},\"query-input\":{\"@type\":\"PropertyValueSpecification\",\"valueRequired\":true,\"valueName\":\"search_term_string\"}}],\"inLanguage\":\"pt-PT\"},{\"@type\":\"Organization\",\"@id\":\"https:\\\/\\\/climatetoolkit.org\\\/#organization\",\"name\":\"The Climate Toolkit\",\"url\":\"https:\\\/\\\/climatetoolkit.org\\\/\",\"logo\":{\"@type\":\"ImageObject\",\"inLanguage\":\"pt-PT\",\"@id\":\"https:\\\/\\\/climatetoolkit.org\\\/#\\\/schema\\\/logo\\\/image\\\/\",\"url\":\"https:\\\/\\\/climatetoolkit.org\\\/wp-content\\\/uploads\\\/2020\\\/05\\\/C_logo.png\",\"contentUrl\":\"https:\\\/\\\/climatetoolkit.org\\\/wp-content\\\/uploads\\\/2020\\\/05\\\/C_logo.png\",\"width\":512,\"height\":512,\"caption\":\"The Climate Toolkit\"},\"image\":{\"@id\":\"https:\\\/\\\/climatetoolkit.org\\\/#\\\/schema\\\/logo\\\/image\\\/\"}}]}<\/script>\n<!-- \/ Yoast SEO plugin. -->","yoast_head_json":{"title":"Associa\u00e7\u00e3o de Centros de Ci\u00eancia e Tecnologia (ASTC) - O kit de ferramentas para o clima","robots":{"index":"index","follow":"follow","max-snippet":"max-snippet:-1","max-image-preview":"max-image-preview:large","max-video-preview":"max-video-preview:-1"},"canonical":"https:\/\/climatetoolkit.org\/pt\/association-of-science-and-technology-centers-astc\/","og_locale":"pt_PT","og_type":"article","og_title":"Association of Science and Technology Centers (ASTC) - The Climate Toolkit","og_description":"The purpose of the Association of Science and Technology Centers (ASTC) is to champion and support science centers, technology centers and museums, and the entire science engagement field toward a vision of increasing understanding of and engagement with science and &hellip; Association of Science and Technology Centers (ASTC) Read More &raquo;","og_url":"https:\/\/climatetoolkit.org\/pt\/association-of-science-and-technology-centers-astc\/","og_site_name":"The Climate Toolkit","article_modified_time":"2023-11-01T19:23:06+00:00","og_image":[{"url":"https:\/\/climatetoolkit.org\/wp-content\/uploads\/2023\/11\/Picture12.png","type":"","width":"","height":""}],"twitter_card":"summary_large_image","twitter_misc":{"Tempo estimado de leitura":"2 minutos"},"schema":{"@context":"https:\/\/schema.org","@graph":[{"@type":"WebPage","@id":"https:\/\/climatetoolkit.org\/association-of-science-and-technology-centers-astc\/","url":"https:\/\/climatetoolkit.org\/association-of-science-and-technology-centers-astc\/","name":"Associa\u00e7\u00e3o de Centros de Ci\u00eancia e Tecnologia (ASTC) - O kit de ferramentas para o clima","isPartOf":{"@id":"https:\/\/climatetoolkit.org\/#website"},"primaryImageOfPage":{"@id":"https:\/\/climatetoolkit.org\/association-of-science-and-technology-centers-astc\/#primaryimage"},"image":{"@id":"https:\/\/climatetoolkit.org\/association-of-science-and-technology-centers-astc\/#primaryimage"},"thumbnailUrl":"https:\/\/climatetoolkit.org\/wp-content\/uploads\/2023\/11\/Picture12.png","datePublished":"2023-11-01T19:23:05+00:00","dateModified":"2023-11-01T19:23:06+00:00","breadcrumb":{"@id":"https:\/\/climatetoolkit.org\/association-of-science-and-technology-centers-astc\/#breadcrumb"},"inLanguage":"pt-PT","potentialAction":[{"@type":"ReadAction","target":["https:\/\/climatetoolkit.org\/association-of-science-and-technology-centers-astc\/"]}]},{"@type":"ImageObject","inLanguage":"pt-PT","@id":"https:\/\/climatetoolkit.org\/association-of-science-and-technology-centers-astc\/#primaryimage","url":"https:\/\/climatetoolkit.org\/wp-content\/uploads\/2023\/11\/Picture12.png","contentUrl":"https:\/\/climatetoolkit.org\/wp-content\/uploads\/2023\/11\/Picture12.png"},{"@type":"BreadcrumbList","@id":"https:\/\/climatetoolkit.org\/association-of-science-and-technology-centers-astc\/#breadcrumb","itemListElement":[{"@type":"ListItem","position":1,"name":"Home","item":"https:\/\/climatetoolkit.org\/"},{"@type":"ListItem","position":2,"name":"Association of Science and Technology Centers (ASTC)"}]},{"@type":"WebSite","@id":"https:\/\/climatetoolkit.org\/#website","url":"https:\/\/climatetoolkit.org\/","name":"O kit de ferramentas para o clima","description":"Para museus, jardins e jardins zool\u00f3gicos","publisher":{"@id":"https:\/\/climatetoolkit.org\/#organization"},"potentialAction":[{"@type":"SearchAction","target":{"@type":"EntryPoint","urlTemplate":"https:\/\/climatetoolkit.org\/?s={search_term_string}"},"query-input":{"@type":"PropertyValueSpecification","valueRequired":true,"valueName":"search_term_string"}}],"inLanguage":"pt-PT"},{"@type":"Organization","@id":"https:\/\/climatetoolkit.org\/#organization","name":"O kit de ferramentas para o clima","url":"https:\/\/climatetoolkit.org\/","logo":{"@type":"ImageObject","inLanguage":"pt-PT","@id":"https:\/\/climatetoolkit.org\/#\/schema\/logo\/image\/","url":"https:\/\/climatetoolkit.org\/wp-content\/uploads\/2020\/05\/C_logo.png","contentUrl":"https:\/\/climatetoolkit.org\/wp-content\/uploads\/2020\/05\/C_logo.png","width":512,"height":512,"caption":"The Climate Toolkit"},"image":{"@id":"https:\/\/climatetoolkit.org\/#\/schema\/logo\/image\/"}}]}},"coauthors":[],"author_meta":{"author_link":"https:\/\/climatetoolkit.org\/pt\/author\/joe\/","display_name":"joe reed"},"relative_dates":{"created":"Posted 2 anos ago","modified":"Updated 2 anos ago"},"absolute_dates":{"created":"Posted on Novembro 1, 2023","modified":"Updated on Novembro 1, 2023"},"absolute_dates_time":{"created":"Posted on Novembro 1, 2023 3:23 pm","modified":"Updated on Novembro 1, 2023 3:23 pm"},"featured_img_caption":"","featured_img":false,"series_order":"","_links":{"self":[{"href":"https:\/\/climatetoolkit.org\/pt\/wp-json\/wp\/v2\/pages\/2703","targetHints":{"allow":["GET"]}}],"collection":[{"href":"https:\/\/climatetoolkit.org\/pt\/wp-json\/wp\/v2\/pages"}],"about":[{"href":"https:\/\/climatetoolkit.org\/pt\/wp-json\/wp\/v2\/types\/page"}],"author":[{"embeddable":true,"href":"https:\/\/climatetoolkit.org\/pt\/wp-json\/wp\/v2\/users\/2"}],"replies":[{"embeddable":true,"href":"https:\/\/climatetoolkit.org\/pt\/wp-json\/wp\/v2\/comments?post=2703"}],"version-history":[{"count":0,"href":"https:\/\/climatetoolkit.org\/pt\/wp-json\/wp\/v2\/pages\/2703\/revisions"}],"wp:attachment":[{"href":"https:\/\/climatetoolkit.org\/pt\/wp-json\/wp\/v2\/media?parent=2703"}],"curies":[{"name":"wp","href":"https:\/\/api.w.org\/{rel}","templated":true}]}}