{"id":2477,"date":"2023-08-24T12:51:57","date_gmt":"2023-08-24T16:51:57","guid":{"rendered":"https:\/\/climatetoolkit.org\/?page_id=2477"},"modified":"2023-08-24T12:54:04","modified_gmt":"2023-08-24T16:54:04","slug":"aam","status":"publish","type":"page","link":"https:\/\/climatetoolkit.org\/pt\/aam\/","title":{"rendered":"Alian\u00e7a Americana de Museus (AAM)"},"content":{"rendered":"<div class=\"wp-block-image\">\n<figure class=\"aligncenter size-large is-resized\"><img decoding=\"async\" src=\"https:\/\/climatetoolkit.org\/wp-content\/uploads\/2023\/08\/AAM-1024x462.png\" alt=\"\" class=\"wp-image-2478\" width=\"512\" height=\"231\" srcset=\"https:\/\/climatetoolkit.org\/wp-content\/uploads\/2023\/08\/AAM-1024x462.png 1024w, https:\/\/climatetoolkit.org\/wp-content\/uploads\/2023\/08\/AAM-300x135.png 300w, https:\/\/climatetoolkit.org\/wp-content\/uploads\/2023\/08\/AAM-768x346.png 768w, https:\/\/climatetoolkit.org\/wp-content\/uploads\/2023\/08\/AAM-1536x693.png 1536w, https:\/\/climatetoolkit.org\/wp-content\/uploads\/2023\/08\/AAM-100x45.png 100w, https:\/\/climatetoolkit.org\/wp-content\/uploads\/2023\/08\/AAM-150x68.png 150w, https:\/\/climatetoolkit.org\/wp-content\/uploads\/2023\/08\/AAM-200x90.png 200w, https:\/\/climatetoolkit.org\/wp-content\/uploads\/2023\/08\/AAM-450x203.png 450w, https:\/\/climatetoolkit.org\/wp-content\/uploads\/2023\/08\/AAM-600x271.png 600w, https:\/\/climatetoolkit.org\/wp-content\/uploads\/2023\/08\/AAM-900x406.png 900w, https:\/\/climatetoolkit.org\/wp-content\/uploads\/2023\/08\/AAM.png 1996w\" sizes=\"(max-width: 512px) 100vw, 512px\" \/><\/figure>\n<\/div>\n\n\n<p>O <a href=\"https:\/\/www.aam-us.org\/\">Alian\u00e7a Americana de Museus<\/a> (AAM) tem como miss\u00e3o defender museus equitativos e com impacto, ligando as pessoas, promovendo a aprendizagem e a comunidade e fomentando a excel\u00eancia dos museus. A vis\u00e3o da AAM \u00e9 um mundo justo e sustent\u00e1vel, informado e enriquecido por museus pr\u00f3speros que contribuem para a resili\u00eancia e equidade das suas comunidades. Os valores da organiza\u00e7\u00e3o s\u00e3o tamb\u00e9m uma grande parte da sua identidade: parceria, acesso e inclus\u00e3o, coragem e excel\u00eancia.<\/p>\n\n\n\n<p>A AAM apoia uma rede de mais de 35.000 museus e profissionais de museus, desde museus de arte e hist\u00f3ria a centros de ci\u00eancia e jardins zool\u00f3gicos. Dedicam-se a criar um sentido de comunidade colaborativo atrav\u00e9s de quatro prioridades estrat\u00e9gicas listadas como impacto social e comunit\u00e1rio, DEAI e antirracismo, uma comunidade de museus abrangente e equidade no centro da sua cultura. \u00c9 tamb\u00e9m inten\u00e7\u00e3o da AAM atingir objectivos espec\u00edficos estabelecidos ao longo de um quadro estrat\u00e9gico de tr\u00eas anos:<\/p>\n\n\n\n<ul class=\"wp-block-list\">\n<li>Celebrar, refor\u00e7ar e ligar a comunidade profissional dos museus em toda a sua diversidade.<\/li>\n\n\n\n<li>Apoiar os profissionais de museus na aprendizagem m\u00fatua, na gest\u00e3o de crises e na reconstru\u00e7\u00e3o de institui\u00e7\u00f5es fortes, relevantes e sustent\u00e1veis.<\/li>\n\n\n\n<li>Liderar o campo dos museus na constru\u00e7\u00e3o de apoio aos museus como infraestrutura comunit\u00e1ria essencial e tornar-se institui\u00e7\u00f5es e parceiros comunit\u00e1rios mais equitativos, inclusivos e impactantes.<\/li>\n\n\n\n<li>Examinar criticamente os programas e opera\u00e7\u00f5es da AAM para garantir que os seus valores sejam modelados.<\/li>\n<\/ul>\n\n\n\n<p>Encontram-se abaixo outras liga\u00e7\u00f5es da American Alliance of Museums:<\/p>\n\n\n\n<ul class=\"wp-block-list\">\n<li><a href=\"https:\/\/www.aam-us.org\/programs\/center-for-the-future-of-museums\/\">Centro para o Futuro dos Museus<\/a><\/li>\n\n\n\n<li><a href=\"https:\/\/www.aam-us.org\/category\/alliance-labs\/\">Blogue da Alian\u00e7a<\/a><\/li>\n\n\n\n<li><a href=\"https:\/\/www.aam-us.org\/programs\/museums-fostering-belonging\/\">Museus que promovem a perten\u00e7a<\/a><\/li>\n\n\n\n<li><a href=\"https:\/\/www.aam-us.org\/programs\/toolkits\/\">Guias e kits de ferramentas da AAM<\/a><\/li>\n\n\n\n<li><a href=\"https:\/\/www.aam-us.org\/programs\/about-aam\/professional-networks\/\">Redes profissionais da AAM<\/a><\/li>\n\n\n\n<li><a href=\"https:\/\/www.aam-us.org\/programs\/about-aam\/american-alliance-of-museums-strategic-plan\/\">Quadro estrat\u00e9gico da AAM 2022-2025<\/a><\/li>\n<\/ul>","protected":false},"excerpt":{"rendered":"<p>A miss\u00e3o da Alian\u00e7a Americana de Museus (AAM) \u00e9 defender museus equitativos e com impacto, ligando as pessoas, promovendo a aprendizagem e a comunidade e fomentando a excel\u00eancia dos museus. A vis\u00e3o da AAM \u00e9 um mundo justo e sustent\u00e1vel, informado e enriquecido por museus pr\u00f3speros ...<\/p>\n<p class=\"read-more\"> <a class=\"\" href=\"https:\/\/climatetoolkit.org\/pt\/aam\/\"> <span class=\"screen-reader-text\">Alian\u00e7a Americana de Museus (AAM)<\/span> Ler mais \"<\/a><\/p>","protected":false},"author":2,"featured_media":0,"parent":0,"menu_order":0,"comment_status":"closed","ping_status":"closed","template":"","meta":{"_acf_changed":false,"inline_featured_image":false,"advgb_blocks_editor_width":"","advgb_blocks_columns_visual_guide":"","footnotes":""},"class_list":["post-2477","page","type-page","status-publish","hentry"],"acf":[],"yoast_head":"<!-- This site is optimized with the Yoast SEO plugin v27.4 - https:\/\/yoast.com\/product\/yoast-seo-wordpress\/ -->\n<title>American Alliance of Museums (AAM) - The Climate Toolkit<\/title>\n<meta name=\"robots\" content=\"index, follow, max-snippet:-1, max-image-preview:large, max-video-preview:-1\" \/>\n<link rel=\"canonical\" href=\"https:\/\/climatetoolkit.org\/pt\/aam\/\" \/>\n<meta property=\"og:locale\" content=\"pt_PT\" \/>\n<meta property=\"og:type\" content=\"article\" \/>\n<meta property=\"og:title\" content=\"American Alliance of Museums (AAM) - The Climate Toolkit\" \/>\n<meta property=\"og:description\" content=\"The American Alliance of Museums (AAM) mission is to champion equitable and impactful museums by connecting people, fostering learning and community, and nurturing museum excellence. The vision of AAM is a just and sustainable world informed and enriched by thriving &hellip; American Alliance of Museums (AAM) Read More &raquo;\" \/>\n<meta property=\"og:url\" content=\"https:\/\/climatetoolkit.org\/pt\/aam\/\" \/>\n<meta property=\"og:site_name\" content=\"The Climate Toolkit\" \/>\n<meta property=\"article:modified_time\" content=\"2023-08-24T16:54:04+00:00\" \/>\n<meta property=\"og:image\" content=\"https:\/\/climatetoolkit.org\/wp-content\/uploads\/2023\/08\/AAM-1024x462.png\" \/>\n<meta name=\"twitter:card\" content=\"summary_large_image\" \/>\n<meta name=\"twitter:label1\" content=\"Tempo estimado de leitura\" \/>\n\t<meta name=\"twitter:data1\" content=\"2 minutos\" \/>\n<script type=\"application\/ld+json\" class=\"yoast-schema-graph\">{\"@context\":\"https:\\\/\\\/schema.org\",\"@graph\":[{\"@type\":\"WebPage\",\"@id\":\"https:\\\/\\\/climatetoolkit.org\\\/aam\\\/\",\"url\":\"https:\\\/\\\/climatetoolkit.org\\\/aam\\\/\",\"name\":\"American Alliance of Museums (AAM) - The Climate Toolkit\",\"isPartOf\":{\"@id\":\"https:\\\/\\\/climatetoolkit.org\\\/#website\"},\"primaryImageOfPage\":{\"@id\":\"https:\\\/\\\/climatetoolkit.org\\\/aam\\\/#primaryimage\"},\"image\":{\"@id\":\"https:\\\/\\\/climatetoolkit.org\\\/aam\\\/#primaryimage\"},\"thumbnailUrl\":\"https:\\\/\\\/climatetoolkit.org\\\/wp-content\\\/uploads\\\/2023\\\/08\\\/AAM-1024x462.png\",\"datePublished\":\"2023-08-24T16:51:57+00:00\",\"dateModified\":\"2023-08-24T16:54:04+00:00\",\"breadcrumb\":{\"@id\":\"https:\\\/\\\/climatetoolkit.org\\\/aam\\\/#breadcrumb\"},\"inLanguage\":\"pt-PT\",\"potentialAction\":[{\"@type\":\"ReadAction\",\"target\":[\"https:\\\/\\\/climatetoolkit.org\\\/aam\\\/\"]}]},{\"@type\":\"ImageObject\",\"inLanguage\":\"pt-PT\",\"@id\":\"https:\\\/\\\/climatetoolkit.org\\\/aam\\\/#primaryimage\",\"url\":\"https:\\\/\\\/climatetoolkit.org\\\/wp-content\\\/uploads\\\/2023\\\/08\\\/AAM-1024x462.png\",\"contentUrl\":\"https:\\\/\\\/climatetoolkit.org\\\/wp-content\\\/uploads\\\/2023\\\/08\\\/AAM-1024x462.png\"},{\"@type\":\"BreadcrumbList\",\"@id\":\"https:\\\/\\\/climatetoolkit.org\\\/aam\\\/#breadcrumb\",\"itemListElement\":[{\"@type\":\"ListItem\",\"position\":1,\"name\":\"Home\",\"item\":\"https:\\\/\\\/climatetoolkit.org\\\/\"},{\"@type\":\"ListItem\",\"position\":2,\"name\":\"American Alliance of Museums (AAM)\"}]},{\"@type\":\"WebSite\",\"@id\":\"https:\\\/\\\/climatetoolkit.org\\\/#website\",\"url\":\"https:\\\/\\\/climatetoolkit.org\\\/\",\"name\":\"The Climate Toolkit\",\"description\":\"For Museums, Gardens and Zoos\",\"publisher\":{\"@id\":\"https:\\\/\\\/climatetoolkit.org\\\/#organization\"},\"potentialAction\":[{\"@type\":\"SearchAction\",\"target\":{\"@type\":\"EntryPoint\",\"urlTemplate\":\"https:\\\/\\\/climatetoolkit.org\\\/?s={search_term_string}\"},\"query-input\":{\"@type\":\"PropertyValueSpecification\",\"valueRequired\":true,\"valueName\":\"search_term_string\"}}],\"inLanguage\":\"pt-PT\"},{\"@type\":\"Organization\",\"@id\":\"https:\\\/\\\/climatetoolkit.org\\\/#organization\",\"name\":\"The Climate Toolkit\",\"url\":\"https:\\\/\\\/climatetoolkit.org\\\/\",\"logo\":{\"@type\":\"ImageObject\",\"inLanguage\":\"pt-PT\",\"@id\":\"https:\\\/\\\/climatetoolkit.org\\\/#\\\/schema\\\/logo\\\/image\\\/\",\"url\":\"https:\\\/\\\/climatetoolkit.org\\\/wp-content\\\/uploads\\\/2020\\\/05\\\/C_logo.png\",\"contentUrl\":\"https:\\\/\\\/climatetoolkit.org\\\/wp-content\\\/uploads\\\/2020\\\/05\\\/C_logo.png\",\"width\":512,\"height\":512,\"caption\":\"The Climate Toolkit\"},\"image\":{\"@id\":\"https:\\\/\\\/climatetoolkit.org\\\/#\\\/schema\\\/logo\\\/image\\\/\"}}]}<\/script>\n<!-- \/ Yoast SEO plugin. -->","yoast_head_json":{"title":"Alian\u00e7a Americana de Museus (AAM) - O kit de ferramentas para o clima","robots":{"index":"index","follow":"follow","max-snippet":"max-snippet:-1","max-image-preview":"max-image-preview:large","max-video-preview":"max-video-preview:-1"},"canonical":"https:\/\/climatetoolkit.org\/pt\/aam\/","og_locale":"pt_PT","og_type":"article","og_title":"American Alliance of Museums (AAM) - The Climate Toolkit","og_description":"The American Alliance of Museums (AAM) mission is to champion equitable and impactful museums by connecting people, fostering learning and community, and nurturing museum excellence. The vision of AAM is a just and sustainable world informed and enriched by thriving &hellip; American Alliance of Museums (AAM) Read More &raquo;","og_url":"https:\/\/climatetoolkit.org\/pt\/aam\/","og_site_name":"The Climate Toolkit","article_modified_time":"2023-08-24T16:54:04+00:00","og_image":[{"url":"https:\/\/climatetoolkit.org\/wp-content\/uploads\/2023\/08\/AAM-1024x462.png","type":"","width":"","height":""}],"twitter_card":"summary_large_image","twitter_misc":{"Tempo estimado de leitura":"2 minutos"},"schema":{"@context":"https:\/\/schema.org","@graph":[{"@type":"WebPage","@id":"https:\/\/climatetoolkit.org\/aam\/","url":"https:\/\/climatetoolkit.org\/aam\/","name":"Alian\u00e7a Americana de Museus (AAM) - O kit de ferramentas para o clima","isPartOf":{"@id":"https:\/\/climatetoolkit.org\/#website"},"primaryImageOfPage":{"@id":"https:\/\/climatetoolkit.org\/aam\/#primaryimage"},"image":{"@id":"https:\/\/climatetoolkit.org\/aam\/#primaryimage"},"thumbnailUrl":"https:\/\/climatetoolkit.org\/wp-content\/uploads\/2023\/08\/AAM-1024x462.png","datePublished":"2023-08-24T16:51:57+00:00","dateModified":"2023-08-24T16:54:04+00:00","breadcrumb":{"@id":"https:\/\/climatetoolkit.org\/aam\/#breadcrumb"},"inLanguage":"pt-PT","potentialAction":[{"@type":"ReadAction","target":["https:\/\/climatetoolkit.org\/aam\/"]}]},{"@type":"ImageObject","inLanguage":"pt-PT","@id":"https:\/\/climatetoolkit.org\/aam\/#primaryimage","url":"https:\/\/climatetoolkit.org\/wp-content\/uploads\/2023\/08\/AAM-1024x462.png","contentUrl":"https:\/\/climatetoolkit.org\/wp-content\/uploads\/2023\/08\/AAM-1024x462.png"},{"@type":"BreadcrumbList","@id":"https:\/\/climatetoolkit.org\/aam\/#breadcrumb","itemListElement":[{"@type":"ListItem","position":1,"name":"Home","item":"https:\/\/climatetoolkit.org\/"},{"@type":"ListItem","position":2,"name":"American Alliance of Museums (AAM)"}]},{"@type":"WebSite","@id":"https:\/\/climatetoolkit.org\/#website","url":"https:\/\/climatetoolkit.org\/","name":"O kit de ferramentas para o clima","description":"Para museus, jardins e jardins zool\u00f3gicos","publisher":{"@id":"https:\/\/climatetoolkit.org\/#organization"},"potentialAction":[{"@type":"SearchAction","target":{"@type":"EntryPoint","urlTemplate":"https:\/\/climatetoolkit.org\/?s={search_term_string}"},"query-input":{"@type":"PropertyValueSpecification","valueRequired":true,"valueName":"search_term_string"}}],"inLanguage":"pt-PT"},{"@type":"Organization","@id":"https:\/\/climatetoolkit.org\/#organization","name":"O kit de ferramentas para o clima","url":"https:\/\/climatetoolkit.org\/","logo":{"@type":"ImageObject","inLanguage":"pt-PT","@id":"https:\/\/climatetoolkit.org\/#\/schema\/logo\/image\/","url":"https:\/\/climatetoolkit.org\/wp-content\/uploads\/2020\/05\/C_logo.png","contentUrl":"https:\/\/climatetoolkit.org\/wp-content\/uploads\/2020\/05\/C_logo.png","width":512,"height":512,"caption":"The Climate Toolkit"},"image":{"@id":"https:\/\/climatetoolkit.org\/#\/schema\/logo\/image\/"}}]}},"coauthors":[],"author_meta":{"author_link":"https:\/\/climatetoolkit.org\/pt\/author\/joe\/","display_name":"joe reed"},"relative_dates":{"created":"Posted 3 anos ago","modified":"Updated 3 anos ago"},"absolute_dates":{"created":"Posted on Agosto 24, 2023","modified":"Updated on Agosto 24, 2023"},"absolute_dates_time":{"created":"Posted on Agosto 24, 2023 12:51 pm","modified":"Updated on Agosto 24, 2023 12:54 pm"},"featured_img_caption":"","featured_img":false,"series_order":"","_links":{"self":[{"href":"https:\/\/climatetoolkit.org\/pt\/wp-json\/wp\/v2\/pages\/2477","targetHints":{"allow":["GET"]}}],"collection":[{"href":"https:\/\/climatetoolkit.org\/pt\/wp-json\/wp\/v2\/pages"}],"about":[{"href":"https:\/\/climatetoolkit.org\/pt\/wp-json\/wp\/v2\/types\/page"}],"author":[{"embeddable":true,"href":"https:\/\/climatetoolkit.org\/pt\/wp-json\/wp\/v2\/users\/2"}],"replies":[{"embeddable":true,"href":"https:\/\/climatetoolkit.org\/pt\/wp-json\/wp\/v2\/comments?post=2477"}],"version-history":[{"count":0,"href":"https:\/\/climatetoolkit.org\/pt\/wp-json\/wp\/v2\/pages\/2477\/revisions"}],"wp:attachment":[{"href":"https:\/\/climatetoolkit.org\/pt\/wp-json\/wp\/v2\/media?parent=2477"}],"curies":[{"name":"wp","href":"https:\/\/api.w.org\/{rel}","templated":true}]}}