{"id":2474,"date":"2023-08-24T12:51:43","date_gmt":"2023-08-24T16:51:43","guid":{"rendered":"https:\/\/climatetoolkit.org\/?page_id=2474"},"modified":"2023-08-24T12:54:30","modified_gmt":"2023-08-24T16:54:30","slug":"botanic-gardens-conservation-international-bgci","status":"publish","type":"page","link":"https:\/\/climatetoolkit.org\/pt\/botanic-gardens-conservation-international-bgci\/","title":{"rendered":"Conserva\u00e7\u00e3o Internacional dos Jardins Bot\u00e2nicos (BGCI)"},"content":{"rendered":"<div class=\"wp-block-image\">\n<figure class=\"aligncenter size-full is-resized\"><img decoding=\"async\" src=\"https:\/\/climatetoolkit.org\/wp-content\/uploads\/2023\/08\/bgci-1.jpg\" alt=\"\" class=\"wp-image-2482\" width=\"454\" height=\"200\" srcset=\"https:\/\/climatetoolkit.org\/wp-content\/uploads\/2023\/08\/bgci-1.jpg 908w, https:\/\/climatetoolkit.org\/wp-content\/uploads\/2023\/08\/bgci-1-300x132.jpg 300w, https:\/\/climatetoolkit.org\/wp-content\/uploads\/2023\/08\/bgci-1-768x338.jpg 768w, https:\/\/climatetoolkit.org\/wp-content\/uploads\/2023\/08\/bgci-1-100x44.jpg 100w, https:\/\/climatetoolkit.org\/wp-content\/uploads\/2023\/08\/bgci-1-150x66.jpg 150w, https:\/\/climatetoolkit.org\/wp-content\/uploads\/2023\/08\/bgci-1-200x88.jpg 200w, https:\/\/climatetoolkit.org\/wp-content\/uploads\/2023\/08\/bgci-1-450x198.jpg 450w, https:\/\/climatetoolkit.org\/wp-content\/uploads\/2023\/08\/bgci-1-600x264.jpg 600w, https:\/\/climatetoolkit.org\/wp-content\/uploads\/2023\/08\/bgci-1-900x396.jpg 900w\" sizes=\"(max-width: 454px) 100vw, 454px\" \/><\/figure>\n<\/div>\n\n\n<p>O <a href=\"https:\/\/www.bgci.org\/\">Jardins Bot\u00e2nicos Conserva\u00e7\u00e3o Internacional<\/a> (BGCI) tem como miss\u00e3o mobilizar os jardins bot\u00e2nicos e envolver os parceiros na garantia da diversidade vegetal para o bem-estar das pessoas e do planeta. A BGCI, uma institui\u00e7\u00e3o de caridade independente do Reino Unido criada em 1987, representa jardins bot\u00e2nicos em mais de 100 pa\u00edses. A sua vis\u00e3o centra-se num mundo em que a diversidade vegetal \u00e9 valorizada, segura e apoia toda a vida.<\/p>\n\n\n\n<p>O Quadro Estrat\u00e9gico 2021-2025 da BGCI descreve cinco formas de promover uma abordagem eficiente, econ\u00f3mica e racional \u00e0 conserva\u00e7\u00e3o das plantas:<\/p>\n\n\n\n<ul class=\"wp-block-list\">\n<li>Salvando plantas;<\/li>\n\n\n\n<li>Inspirar e liderar pessoas;<\/li>\n\n\n\n<li>Partilhar conhecimentos e recursos;<\/li>\n\n\n\n<li>Enfrentar os desafios globais atrav\u00e9s da participa\u00e7\u00e3o do p\u00fablico e da educa\u00e7\u00e3o, e;<\/li>\n\n\n\n<li>Garantir uma BGCI eficaz e resiliente<\/li>\n<\/ul>\n\n\n\n<p>Os recursos adicionais podem ser encontrados abaixo:<\/p>\n\n\n\n<ul class=\"wp-block-list\">\n<li><a href=\"https:\/\/www.bgci.org\/news-events\/global-botanic-garden-fund-2023-now-open\/\">Fundo Mundial para os Jardins Bot\u00e2nicos 2023<\/a><\/li>\n\n\n\n<li><a href=\"https:\/\/www.bgci.org\/resources\/bgci-tools-and-resources\/\">Ferramentas e recursos da BGCI<\/a><\/li>\n\n\n\n<li><a href=\"https:\/\/www.bgci.org\/?s=technical\">Revis\u00f5es t\u00e9cnicas da BGCI<\/a><\/li>\n\n\n\n<li><a href=\"https:\/\/www.bgci.org\/resources\/bgci-databases\/directory-of-expertise\/\">Diret\u00f3rio de Compet\u00eancias BGCI<\/a><\/li>\n\n\n\n<li><a href=\"https:\/\/www.bgci.org\/wp\/wp-content\/uploads\/2022\/07\/StrategicFramework.pdf\">Quadro estrat\u00e9gico (2021-2025)<\/a><\/li>\n\n\n\n<li><a href=\"https:\/\/www.bgci.org\/resources\/bgci-tools-and-resources\/bgci-year-in-review\/\">Ano em an\u00e1lise<\/a><\/li>\n<\/ul>","protected":false},"excerpt":{"rendered":"<p>A miss\u00e3o da Botanic Gardens Conservation International (BGCI) \u00e9 mobilizar os jardins bot\u00e2nicos e envolver os parceiros na garantia da diversidade vegetal para o bem-estar das pessoas e do planeta. A BGCI, uma institui\u00e7\u00e3o de caridade independente do Reino Unido criada em 1987, representa jardins bot\u00e2nicos em mais ...<\/p>\n<p class=\"read-more\"> <a class=\"\" href=\"https:\/\/climatetoolkit.org\/pt\/botanic-gardens-conservation-international-bgci\/\"> <span class=\"screen-reader-text\">Conserva\u00e7\u00e3o Internacional dos Jardins Bot\u00e2nicos (BGCI)<\/span> Ler mais \"<\/a><\/p>","protected":false},"author":2,"featured_media":0,"parent":0,"menu_order":0,"comment_status":"closed","ping_status":"closed","template":"","meta":{"_acf_changed":false,"inline_featured_image":false,"advgb_blocks_editor_width":"","advgb_blocks_columns_visual_guide":"","footnotes":""},"class_list":["post-2474","page","type-page","status-publish","hentry"],"acf":[],"yoast_head":"<!-- This site is optimized with the Yoast SEO plugin v27.4 - https:\/\/yoast.com\/product\/yoast-seo-wordpress\/ -->\n<title>Botanic Gardens Conservation International (BGCI) - The Climate Toolkit<\/title>\n<meta name=\"robots\" content=\"index, follow, max-snippet:-1, max-image-preview:large, max-video-preview:-1\" \/>\n<link rel=\"canonical\" href=\"https:\/\/climatetoolkit.org\/pt\/botanic-gardens-conservation-international-bgci\/\" \/>\n<meta property=\"og:locale\" content=\"pt_PT\" \/>\n<meta property=\"og:type\" content=\"article\" \/>\n<meta property=\"og:title\" content=\"Botanic Gardens Conservation International (BGCI) - The Climate Toolkit\" \/>\n<meta property=\"og:description\" content=\"The Botanic Gardens Conservation International (BGCI) mission is to mobilize botanic gardens and engage partners in securing plant diversity for the well-being of people and the planet. BGCI, an independent UK charity established in 1987, represents botanic gardens in more &hellip; Botanic Gardens Conservation International (BGCI) Read More &raquo;\" \/>\n<meta property=\"og:url\" content=\"https:\/\/climatetoolkit.org\/pt\/botanic-gardens-conservation-international-bgci\/\" \/>\n<meta property=\"og:site_name\" content=\"The Climate Toolkit\" \/>\n<meta property=\"article:modified_time\" content=\"2023-08-24T16:54:30+00:00\" \/>\n<meta property=\"og:image\" content=\"https:\/\/climatetoolkit.org\/wp-content\/uploads\/2023\/08\/bgci-1.jpg\" \/>\n<meta name=\"twitter:card\" content=\"summary_large_image\" \/>\n<meta name=\"twitter:label1\" content=\"Tempo estimado de leitura\" \/>\n\t<meta name=\"twitter:data1\" content=\"1 minuto\" \/>\n<script type=\"application\/ld+json\" class=\"yoast-schema-graph\">{\"@context\":\"https:\\\/\\\/schema.org\",\"@graph\":[{\"@type\":\"WebPage\",\"@id\":\"https:\\\/\\\/climatetoolkit.org\\\/botanic-gardens-conservation-international-bgci\\\/\",\"url\":\"https:\\\/\\\/climatetoolkit.org\\\/botanic-gardens-conservation-international-bgci\\\/\",\"name\":\"Botanic Gardens Conservation International (BGCI) - The Climate Toolkit\",\"isPartOf\":{\"@id\":\"https:\\\/\\\/climatetoolkit.org\\\/#website\"},\"primaryImageOfPage\":{\"@id\":\"https:\\\/\\\/climatetoolkit.org\\\/botanic-gardens-conservation-international-bgci\\\/#primaryimage\"},\"image\":{\"@id\":\"https:\\\/\\\/climatetoolkit.org\\\/botanic-gardens-conservation-international-bgci\\\/#primaryimage\"},\"thumbnailUrl\":\"https:\\\/\\\/climatetoolkit.org\\\/wp-content\\\/uploads\\\/2023\\\/08\\\/bgci-1.jpg\",\"datePublished\":\"2023-08-24T16:51:43+00:00\",\"dateModified\":\"2023-08-24T16:54:30+00:00\",\"breadcrumb\":{\"@id\":\"https:\\\/\\\/climatetoolkit.org\\\/botanic-gardens-conservation-international-bgci\\\/#breadcrumb\"},\"inLanguage\":\"pt-PT\",\"potentialAction\":[{\"@type\":\"ReadAction\",\"target\":[\"https:\\\/\\\/climatetoolkit.org\\\/botanic-gardens-conservation-international-bgci\\\/\"]}]},{\"@type\":\"ImageObject\",\"inLanguage\":\"pt-PT\",\"@id\":\"https:\\\/\\\/climatetoolkit.org\\\/botanic-gardens-conservation-international-bgci\\\/#primaryimage\",\"url\":\"https:\\\/\\\/climatetoolkit.org\\\/wp-content\\\/uploads\\\/2023\\\/08\\\/bgci-1.jpg\",\"contentUrl\":\"https:\\\/\\\/climatetoolkit.org\\\/wp-content\\\/uploads\\\/2023\\\/08\\\/bgci-1.jpg\"},{\"@type\":\"BreadcrumbList\",\"@id\":\"https:\\\/\\\/climatetoolkit.org\\\/botanic-gardens-conservation-international-bgci\\\/#breadcrumb\",\"itemListElement\":[{\"@type\":\"ListItem\",\"position\":1,\"name\":\"Home\",\"item\":\"https:\\\/\\\/climatetoolkit.org\\\/\"},{\"@type\":\"ListItem\",\"position\":2,\"name\":\"Botanic Gardens Conservation International (BGCI)\"}]},{\"@type\":\"WebSite\",\"@id\":\"https:\\\/\\\/climatetoolkit.org\\\/#website\",\"url\":\"https:\\\/\\\/climatetoolkit.org\\\/\",\"name\":\"The Climate Toolkit\",\"description\":\"For Museums, Gardens and Zoos\",\"publisher\":{\"@id\":\"https:\\\/\\\/climatetoolkit.org\\\/#organization\"},\"potentialAction\":[{\"@type\":\"SearchAction\",\"target\":{\"@type\":\"EntryPoint\",\"urlTemplate\":\"https:\\\/\\\/climatetoolkit.org\\\/?s={search_term_string}\"},\"query-input\":{\"@type\":\"PropertyValueSpecification\",\"valueRequired\":true,\"valueName\":\"search_term_string\"}}],\"inLanguage\":\"pt-PT\"},{\"@type\":\"Organization\",\"@id\":\"https:\\\/\\\/climatetoolkit.org\\\/#organization\",\"name\":\"The Climate Toolkit\",\"url\":\"https:\\\/\\\/climatetoolkit.org\\\/\",\"logo\":{\"@type\":\"ImageObject\",\"inLanguage\":\"pt-PT\",\"@id\":\"https:\\\/\\\/climatetoolkit.org\\\/#\\\/schema\\\/logo\\\/image\\\/\",\"url\":\"https:\\\/\\\/climatetoolkit.org\\\/wp-content\\\/uploads\\\/2020\\\/05\\\/C_logo.png\",\"contentUrl\":\"https:\\\/\\\/climatetoolkit.org\\\/wp-content\\\/uploads\\\/2020\\\/05\\\/C_logo.png\",\"width\":512,\"height\":512,\"caption\":\"The Climate Toolkit\"},\"image\":{\"@id\":\"https:\\\/\\\/climatetoolkit.org\\\/#\\\/schema\\\/logo\\\/image\\\/\"}}]}<\/script>\n<!-- \/ Yoast SEO plugin. -->","yoast_head_json":{"title":"Botanic Gardens Conservation International (BGCI) - O kit de ferramentas para o clima","robots":{"index":"index","follow":"follow","max-snippet":"max-snippet:-1","max-image-preview":"max-image-preview:large","max-video-preview":"max-video-preview:-1"},"canonical":"https:\/\/climatetoolkit.org\/pt\/botanic-gardens-conservation-international-bgci\/","og_locale":"pt_PT","og_type":"article","og_title":"Botanic Gardens Conservation International (BGCI) - The Climate Toolkit","og_description":"The Botanic Gardens Conservation International (BGCI) mission is to mobilize botanic gardens and engage partners in securing plant diversity for the well-being of people and the planet. BGCI, an independent UK charity established in 1987, represents botanic gardens in more &hellip; Botanic Gardens Conservation International (BGCI) Read More &raquo;","og_url":"https:\/\/climatetoolkit.org\/pt\/botanic-gardens-conservation-international-bgci\/","og_site_name":"The Climate Toolkit","article_modified_time":"2023-08-24T16:54:30+00:00","og_image":[{"url":"https:\/\/climatetoolkit.org\/wp-content\/uploads\/2023\/08\/bgci-1.jpg","type":"","width":"","height":""}],"twitter_card":"summary_large_image","twitter_misc":{"Tempo estimado de leitura":"1 minuto"},"schema":{"@context":"https:\/\/schema.org","@graph":[{"@type":"WebPage","@id":"https:\/\/climatetoolkit.org\/botanic-gardens-conservation-international-bgci\/","url":"https:\/\/climatetoolkit.org\/botanic-gardens-conservation-international-bgci\/","name":"Botanic Gardens Conservation International (BGCI) - O kit de ferramentas para o clima","isPartOf":{"@id":"https:\/\/climatetoolkit.org\/#website"},"primaryImageOfPage":{"@id":"https:\/\/climatetoolkit.org\/botanic-gardens-conservation-international-bgci\/#primaryimage"},"image":{"@id":"https:\/\/climatetoolkit.org\/botanic-gardens-conservation-international-bgci\/#primaryimage"},"thumbnailUrl":"https:\/\/climatetoolkit.org\/wp-content\/uploads\/2023\/08\/bgci-1.jpg","datePublished":"2023-08-24T16:51:43+00:00","dateModified":"2023-08-24T16:54:30+00:00","breadcrumb":{"@id":"https:\/\/climatetoolkit.org\/botanic-gardens-conservation-international-bgci\/#breadcrumb"},"inLanguage":"pt-PT","potentialAction":[{"@type":"ReadAction","target":["https:\/\/climatetoolkit.org\/botanic-gardens-conservation-international-bgci\/"]}]},{"@type":"ImageObject","inLanguage":"pt-PT","@id":"https:\/\/climatetoolkit.org\/botanic-gardens-conservation-international-bgci\/#primaryimage","url":"https:\/\/climatetoolkit.org\/wp-content\/uploads\/2023\/08\/bgci-1.jpg","contentUrl":"https:\/\/climatetoolkit.org\/wp-content\/uploads\/2023\/08\/bgci-1.jpg"},{"@type":"BreadcrumbList","@id":"https:\/\/climatetoolkit.org\/botanic-gardens-conservation-international-bgci\/#breadcrumb","itemListElement":[{"@type":"ListItem","position":1,"name":"Home","item":"https:\/\/climatetoolkit.org\/"},{"@type":"ListItem","position":2,"name":"Botanic Gardens Conservation International (BGCI)"}]},{"@type":"WebSite","@id":"https:\/\/climatetoolkit.org\/#website","url":"https:\/\/climatetoolkit.org\/","name":"O kit de ferramentas para o clima","description":"Para museus, jardins e jardins zool\u00f3gicos","publisher":{"@id":"https:\/\/climatetoolkit.org\/#organization"},"potentialAction":[{"@type":"SearchAction","target":{"@type":"EntryPoint","urlTemplate":"https:\/\/climatetoolkit.org\/?s={search_term_string}"},"query-input":{"@type":"PropertyValueSpecification","valueRequired":true,"valueName":"search_term_string"}}],"inLanguage":"pt-PT"},{"@type":"Organization","@id":"https:\/\/climatetoolkit.org\/#organization","name":"O kit de ferramentas para o clima","url":"https:\/\/climatetoolkit.org\/","logo":{"@type":"ImageObject","inLanguage":"pt-PT","@id":"https:\/\/climatetoolkit.org\/#\/schema\/logo\/image\/","url":"https:\/\/climatetoolkit.org\/wp-content\/uploads\/2020\/05\/C_logo.png","contentUrl":"https:\/\/climatetoolkit.org\/wp-content\/uploads\/2020\/05\/C_logo.png","width":512,"height":512,"caption":"The Climate Toolkit"},"image":{"@id":"https:\/\/climatetoolkit.org\/#\/schema\/logo\/image\/"}}]}},"coauthors":[],"author_meta":{"author_link":"https:\/\/climatetoolkit.org\/pt\/author\/joe\/","display_name":"joe reed"},"relative_dates":{"created":"Posted 3 anos ago","modified":"Updated 3 anos ago"},"absolute_dates":{"created":"Posted on Agosto 24, 2023","modified":"Updated on Agosto 24, 2023"},"absolute_dates_time":{"created":"Posted on Agosto 24, 2023 12:51 pm","modified":"Updated on Agosto 24, 2023 12:54 pm"},"featured_img_caption":"","featured_img":false,"series_order":"","_links":{"self":[{"href":"https:\/\/climatetoolkit.org\/pt\/wp-json\/wp\/v2\/pages\/2474","targetHints":{"allow":["GET"]}}],"collection":[{"href":"https:\/\/climatetoolkit.org\/pt\/wp-json\/wp\/v2\/pages"}],"about":[{"href":"https:\/\/climatetoolkit.org\/pt\/wp-json\/wp\/v2\/types\/page"}],"author":[{"embeddable":true,"href":"https:\/\/climatetoolkit.org\/pt\/wp-json\/wp\/v2\/users\/2"}],"replies":[{"embeddable":true,"href":"https:\/\/climatetoolkit.org\/pt\/wp-json\/wp\/v2\/comments?post=2474"}],"version-history":[{"count":0,"href":"https:\/\/climatetoolkit.org\/pt\/wp-json\/wp\/v2\/pages\/2474\/revisions"}],"wp:attachment":[{"href":"https:\/\/climatetoolkit.org\/pt\/wp-json\/wp\/v2\/media?parent=2474"}],"curies":[{"name":"wp","href":"https:\/\/api.w.org\/{rel}","templated":true}]}}