{"id":2471,"date":"2023-08-24T12:45:01","date_gmt":"2023-08-24T16:45:01","guid":{"rendered":"https:\/\/climatetoolkit.org\/?page_id=2471"},"modified":"2023-08-24T12:54:48","modified_gmt":"2023-08-24T16:54:48","slug":"american-public-gardens-association-apga","status":"publish","type":"page","link":"https:\/\/climatetoolkit.org\/pt\/american-public-gardens-association-apga\/","title":{"rendered":"American Public Gardens Association (APGA)"},"content":{"rendered":"<div class=\"wp-block-image\">\n<figure class=\"aligncenter size-large is-resized\"><img decoding=\"async\" src=\"https:\/\/climatetoolkit.org\/wp-content\/uploads\/2023\/08\/APGA_rgb-1024x410.jpeg\" alt=\"\" class=\"wp-image-2472\" width=\"512\" height=\"205\" srcset=\"https:\/\/climatetoolkit.org\/wp-content\/uploads\/2023\/08\/APGA_rgb-1024x410.jpeg 1024w, https:\/\/climatetoolkit.org\/wp-content\/uploads\/2023\/08\/APGA_rgb-300x120.jpeg 300w, https:\/\/climatetoolkit.org\/wp-content\/uploads\/2023\/08\/APGA_rgb-768x307.jpeg 768w, https:\/\/climatetoolkit.org\/wp-content\/uploads\/2023\/08\/APGA_rgb-100x40.jpeg 100w, https:\/\/climatetoolkit.org\/wp-content\/uploads\/2023\/08\/APGA_rgb-150x60.jpeg 150w, https:\/\/climatetoolkit.org\/wp-content\/uploads\/2023\/08\/APGA_rgb-200x80.jpeg 200w, https:\/\/climatetoolkit.org\/wp-content\/uploads\/2023\/08\/APGA_rgb-450x180.jpeg 450w, https:\/\/climatetoolkit.org\/wp-content\/uploads\/2023\/08\/APGA_rgb-600x240.jpeg 600w, https:\/\/climatetoolkit.org\/wp-content\/uploads\/2023\/08\/APGA_rgb-900x360.jpeg 900w, https:\/\/climatetoolkit.org\/wp-content\/uploads\/2023\/08\/APGA_rgb.jpeg 1500w\" sizes=\"(max-width: 512px) 100vw, 512px\" \/><\/figure>\n<\/div>\n\n\n<p>A miss\u00e3o do <a href=\"https:\/\/www.publicgardens.org\/\">Associa\u00e7\u00e3o Americana de Jardins P\u00fablicos<\/a> (APGA) \u00e9 defender e promover os jardins p\u00fablicos como l\u00edderes, defensores e inovadores na conserva\u00e7\u00e3o e aprecia\u00e7\u00e3o das plantas. A APGA enumera a sua vis\u00e3o como uma vis\u00e3o que proporciona um mundo onde os jardins p\u00fablicos s\u00e3o indispens\u00e1veis. Para al\u00e9m disso, os valores fundamentais da organiza\u00e7\u00e3o s\u00e3o cultivar a paix\u00e3o, elevar a sua voz, colaborar autenticamente e crescer de forma ponderada.<\/p>\n\n\n\n<p>A APGA tem mais de 75 anos de experi\u00eancia a educar o p\u00fablico sobre as pr\u00e1ticas hort\u00edcolas atrav\u00e9s das seguintes ac\u00e7\u00f5es:<\/p>\n\n\n\n<ul class=\"wp-block-list\">\n<li>Proporcionar um grupo de pares para todos os tipos e dimens\u00f5es de organiza\u00e7\u00f5es e profissionais da horticultura p\u00fablica.<\/li>\n\n\n\n<li>Criar uma poderosa rede nacional e internacional para os membros e todos os interessados em horticultura.<\/li>\n\n\n\n<li>Ser proactivo no fornecimento de melhores pr\u00e1ticas e recursos para o crescimento profissional.<\/li>\n\n\n\n<li>Promover o conhecimento e a melhoria em todo o dom\u00ednio da horticultura p\u00fablica, proporcionando uma variedade de f\u00f3runs de trabalho em rede presenciais e em linha.<\/li>\n<\/ul>\n\n\n\n<p>Recursos:<\/p>\n\n\n\n<ul class=\"wp-block-list\">\n<li><a href=\"https:\/\/www.publicgardens.org\/programs\/climate-change-sustainability-program\/about-climate-sustainability-alliance\">Alian\u00e7a para o Clima e a Sustentabilidade<\/a><\/li>\n\n\n\n<li><a href=\"https:\/\/www.publicgardens.org\/sustainability-index\">\u00cdndice de Sustentabilidade dos Jardins P\u00fablicos<\/a><\/li>\n\n\n\n<li><a href=\"https:\/\/www.publicgardens.org\/public-garden-funding-resources\">Recursos para financiamento de jardins p\u00fablicos<\/a><\/li>\n\n\n\n<li><a href=\"https:\/\/www.publicgardens.org\/resources\">Recursos e ferramentas da APGA<\/a><\/li>\n<\/ul>","protected":false},"excerpt":{"rendered":"<p>The mission of the American Public Gardens Association (APGA) is to champion and advance public gardens as leaders, advocates, and innovators in the conservation and appreciation of plants. APGA lists their vision as one that provides a world where public &hellip;<\/p>\n<p class=\"read-more\"> <a class=\"\" href=\"https:\/\/climatetoolkit.org\/pt\/american-public-gardens-association-apga\/\"> <span class=\"screen-reader-text\">American Public Gardens Association (APGA)<\/span> Ler mais \"<\/a><\/p>","protected":false},"author":2,"featured_media":0,"parent":0,"menu_order":0,"comment_status":"closed","ping_status":"closed","template":"","meta":{"_acf_changed":false,"inline_featured_image":false,"advgb_blocks_editor_width":"","advgb_blocks_columns_visual_guide":"","footnotes":""},"class_list":["post-2471","page","type-page","status-publish","hentry"],"acf":[],"yoast_head":"<!-- This site is optimized with the Yoast SEO plugin v27.4 - https:\/\/yoast.com\/product\/yoast-seo-wordpress\/ -->\n<title>American Public Gardens Association (APGA) - The Climate Toolkit<\/title>\n<meta name=\"robots\" content=\"index, follow, max-snippet:-1, max-image-preview:large, max-video-preview:-1\" \/>\n<link rel=\"canonical\" href=\"https:\/\/climatetoolkit.org\/pt\/american-public-gardens-association-apga\/\" \/>\n<meta property=\"og:locale\" content=\"pt_PT\" \/>\n<meta property=\"og:type\" content=\"article\" \/>\n<meta property=\"og:title\" content=\"American Public Gardens Association (APGA) - The Climate Toolkit\" \/>\n<meta property=\"og:description\" content=\"The mission of the American Public Gardens Association (APGA) is to champion and advance public gardens as leaders, advocates, and innovators in the conservation and appreciation of plants. APGA lists their vision as one that provides a world where public &hellip; American Public Gardens Association (APGA) Read More &raquo;\" \/>\n<meta property=\"og:url\" content=\"https:\/\/climatetoolkit.org\/pt\/american-public-gardens-association-apga\/\" \/>\n<meta property=\"og:site_name\" content=\"The Climate Toolkit\" \/>\n<meta property=\"article:modified_time\" content=\"2023-08-24T16:54:48+00:00\" \/>\n<meta property=\"og:image\" content=\"https:\/\/climatetoolkit.org\/wp-content\/uploads\/2023\/08\/APGA_rgb-1024x410.jpeg\" \/>\n<meta name=\"twitter:card\" content=\"summary_large_image\" \/>\n<meta name=\"twitter:label1\" content=\"Tempo estimado de leitura\" \/>\n\t<meta name=\"twitter:data1\" content=\"1 minuto\" \/>\n<script type=\"application\/ld+json\" class=\"yoast-schema-graph\">{\"@context\":\"https:\\\/\\\/schema.org\",\"@graph\":[{\"@type\":\"WebPage\",\"@id\":\"https:\\\/\\\/climatetoolkit.org\\\/american-public-gardens-association-apga\\\/\",\"url\":\"https:\\\/\\\/climatetoolkit.org\\\/american-public-gardens-association-apga\\\/\",\"name\":\"American Public Gardens Association (APGA) - The Climate Toolkit\",\"isPartOf\":{\"@id\":\"https:\\\/\\\/climatetoolkit.org\\\/#website\"},\"primaryImageOfPage\":{\"@id\":\"https:\\\/\\\/climatetoolkit.org\\\/american-public-gardens-association-apga\\\/#primaryimage\"},\"image\":{\"@id\":\"https:\\\/\\\/climatetoolkit.org\\\/american-public-gardens-association-apga\\\/#primaryimage\"},\"thumbnailUrl\":\"https:\\\/\\\/climatetoolkit.org\\\/wp-content\\\/uploads\\\/2023\\\/08\\\/APGA_rgb-1024x410.jpeg\",\"datePublished\":\"2023-08-24T16:45:01+00:00\",\"dateModified\":\"2023-08-24T16:54:48+00:00\",\"breadcrumb\":{\"@id\":\"https:\\\/\\\/climatetoolkit.org\\\/american-public-gardens-association-apga\\\/#breadcrumb\"},\"inLanguage\":\"pt-PT\",\"potentialAction\":[{\"@type\":\"ReadAction\",\"target\":[\"https:\\\/\\\/climatetoolkit.org\\\/american-public-gardens-association-apga\\\/\"]}]},{\"@type\":\"ImageObject\",\"inLanguage\":\"pt-PT\",\"@id\":\"https:\\\/\\\/climatetoolkit.org\\\/american-public-gardens-association-apga\\\/#primaryimage\",\"url\":\"https:\\\/\\\/climatetoolkit.org\\\/wp-content\\\/uploads\\\/2023\\\/08\\\/APGA_rgb-1024x410.jpeg\",\"contentUrl\":\"https:\\\/\\\/climatetoolkit.org\\\/wp-content\\\/uploads\\\/2023\\\/08\\\/APGA_rgb-1024x410.jpeg\"},{\"@type\":\"BreadcrumbList\",\"@id\":\"https:\\\/\\\/climatetoolkit.org\\\/american-public-gardens-association-apga\\\/#breadcrumb\",\"itemListElement\":[{\"@type\":\"ListItem\",\"position\":1,\"name\":\"Home\",\"item\":\"https:\\\/\\\/climatetoolkit.org\\\/\"},{\"@type\":\"ListItem\",\"position\":2,\"name\":\"American Public Gardens Association (APGA)\"}]},{\"@type\":\"WebSite\",\"@id\":\"https:\\\/\\\/climatetoolkit.org\\\/#website\",\"url\":\"https:\\\/\\\/climatetoolkit.org\\\/\",\"name\":\"The Climate Toolkit\",\"description\":\"For Museums, Gardens and Zoos\",\"publisher\":{\"@id\":\"https:\\\/\\\/climatetoolkit.org\\\/#organization\"},\"potentialAction\":[{\"@type\":\"SearchAction\",\"target\":{\"@type\":\"EntryPoint\",\"urlTemplate\":\"https:\\\/\\\/climatetoolkit.org\\\/?s={search_term_string}\"},\"query-input\":{\"@type\":\"PropertyValueSpecification\",\"valueRequired\":true,\"valueName\":\"search_term_string\"}}],\"inLanguage\":\"pt-PT\"},{\"@type\":\"Organization\",\"@id\":\"https:\\\/\\\/climatetoolkit.org\\\/#organization\",\"name\":\"The Climate Toolkit\",\"url\":\"https:\\\/\\\/climatetoolkit.org\\\/\",\"logo\":{\"@type\":\"ImageObject\",\"inLanguage\":\"pt-PT\",\"@id\":\"https:\\\/\\\/climatetoolkit.org\\\/#\\\/schema\\\/logo\\\/image\\\/\",\"url\":\"https:\\\/\\\/climatetoolkit.org\\\/wp-content\\\/uploads\\\/2020\\\/05\\\/C_logo.png\",\"contentUrl\":\"https:\\\/\\\/climatetoolkit.org\\\/wp-content\\\/uploads\\\/2020\\\/05\\\/C_logo.png\",\"width\":512,\"height\":512,\"caption\":\"The Climate Toolkit\"},\"image\":{\"@id\":\"https:\\\/\\\/climatetoolkit.org\\\/#\\\/schema\\\/logo\\\/image\\\/\"}}]}<\/script>\n<!-- \/ Yoast SEO plugin. -->","yoast_head_json":{"title":"American Public Gardens Association (APGA) - The Climate Toolkit","robots":{"index":"index","follow":"follow","max-snippet":"max-snippet:-1","max-image-preview":"max-image-preview:large","max-video-preview":"max-video-preview:-1"},"canonical":"https:\/\/climatetoolkit.org\/pt\/american-public-gardens-association-apga\/","og_locale":"pt_PT","og_type":"article","og_title":"American Public Gardens Association (APGA) - The Climate Toolkit","og_description":"The mission of the American Public Gardens Association (APGA) is to champion and advance public gardens as leaders, advocates, and innovators in the conservation and appreciation of plants. APGA lists their vision as one that provides a world where public &hellip; American Public Gardens Association (APGA) Read More &raquo;","og_url":"https:\/\/climatetoolkit.org\/pt\/american-public-gardens-association-apga\/","og_site_name":"The Climate Toolkit","article_modified_time":"2023-08-24T16:54:48+00:00","og_image":[{"url":"https:\/\/climatetoolkit.org\/wp-content\/uploads\/2023\/08\/APGA_rgb-1024x410.jpeg","type":"","width":"","height":""}],"twitter_card":"summary_large_image","twitter_misc":{"Tempo estimado de leitura":"1 minuto"},"schema":{"@context":"https:\/\/schema.org","@graph":[{"@type":"WebPage","@id":"https:\/\/climatetoolkit.org\/american-public-gardens-association-apga\/","url":"https:\/\/climatetoolkit.org\/american-public-gardens-association-apga\/","name":"American Public Gardens Association (APGA) - The Climate Toolkit","isPartOf":{"@id":"https:\/\/climatetoolkit.org\/#website"},"primaryImageOfPage":{"@id":"https:\/\/climatetoolkit.org\/american-public-gardens-association-apga\/#primaryimage"},"image":{"@id":"https:\/\/climatetoolkit.org\/american-public-gardens-association-apga\/#primaryimage"},"thumbnailUrl":"https:\/\/climatetoolkit.org\/wp-content\/uploads\/2023\/08\/APGA_rgb-1024x410.jpeg","datePublished":"2023-08-24T16:45:01+00:00","dateModified":"2023-08-24T16:54:48+00:00","breadcrumb":{"@id":"https:\/\/climatetoolkit.org\/american-public-gardens-association-apga\/#breadcrumb"},"inLanguage":"pt-PT","potentialAction":[{"@type":"ReadAction","target":["https:\/\/climatetoolkit.org\/american-public-gardens-association-apga\/"]}]},{"@type":"ImageObject","inLanguage":"pt-PT","@id":"https:\/\/climatetoolkit.org\/american-public-gardens-association-apga\/#primaryimage","url":"https:\/\/climatetoolkit.org\/wp-content\/uploads\/2023\/08\/APGA_rgb-1024x410.jpeg","contentUrl":"https:\/\/climatetoolkit.org\/wp-content\/uploads\/2023\/08\/APGA_rgb-1024x410.jpeg"},{"@type":"BreadcrumbList","@id":"https:\/\/climatetoolkit.org\/american-public-gardens-association-apga\/#breadcrumb","itemListElement":[{"@type":"ListItem","position":1,"name":"Home","item":"https:\/\/climatetoolkit.org\/"},{"@type":"ListItem","position":2,"name":"American Public Gardens Association (APGA)"}]},{"@type":"WebSite","@id":"https:\/\/climatetoolkit.org\/#website","url":"https:\/\/climatetoolkit.org\/","name":"O kit de ferramentas para o clima","description":"Para museus, jardins e jardins zool\u00f3gicos","publisher":{"@id":"https:\/\/climatetoolkit.org\/#organization"},"potentialAction":[{"@type":"SearchAction","target":{"@type":"EntryPoint","urlTemplate":"https:\/\/climatetoolkit.org\/?s={search_term_string}"},"query-input":{"@type":"PropertyValueSpecification","valueRequired":true,"valueName":"search_term_string"}}],"inLanguage":"pt-PT"},{"@type":"Organization","@id":"https:\/\/climatetoolkit.org\/#organization","name":"O kit de ferramentas para o clima","url":"https:\/\/climatetoolkit.org\/","logo":{"@type":"ImageObject","inLanguage":"pt-PT","@id":"https:\/\/climatetoolkit.org\/#\/schema\/logo\/image\/","url":"https:\/\/climatetoolkit.org\/wp-content\/uploads\/2020\/05\/C_logo.png","contentUrl":"https:\/\/climatetoolkit.org\/wp-content\/uploads\/2020\/05\/C_logo.png","width":512,"height":512,"caption":"The Climate Toolkit"},"image":{"@id":"https:\/\/climatetoolkit.org\/#\/schema\/logo\/image\/"}}]}},"coauthors":[],"author_meta":{"author_link":"https:\/\/climatetoolkit.org\/pt\/author\/joe\/","display_name":"joe reed"},"relative_dates":{"created":"Posted 3 anos ago","modified":"Updated 3 anos ago"},"absolute_dates":{"created":"Posted on Agosto 24, 2023","modified":"Updated on Agosto 24, 2023"},"absolute_dates_time":{"created":"Posted on Agosto 24, 2023 12:45 pm","modified":"Updated on Agosto 24, 2023 12:54 pm"},"featured_img_caption":"","featured_img":false,"series_order":"","_links":{"self":[{"href":"https:\/\/climatetoolkit.org\/pt\/wp-json\/wp\/v2\/pages\/2471","targetHints":{"allow":["GET"]}}],"collection":[{"href":"https:\/\/climatetoolkit.org\/pt\/wp-json\/wp\/v2\/pages"}],"about":[{"href":"https:\/\/climatetoolkit.org\/pt\/wp-json\/wp\/v2\/types\/page"}],"author":[{"embeddable":true,"href":"https:\/\/climatetoolkit.org\/pt\/wp-json\/wp\/v2\/users\/2"}],"replies":[{"embeddable":true,"href":"https:\/\/climatetoolkit.org\/pt\/wp-json\/wp\/v2\/comments?post=2471"}],"version-history":[{"count":0,"href":"https:\/\/climatetoolkit.org\/pt\/wp-json\/wp\/v2\/pages\/2471\/revisions"}],"wp:attachment":[{"href":"https:\/\/climatetoolkit.org\/pt\/wp-json\/wp\/v2\/media?parent=2471"}],"curies":[{"name":"wp","href":"https:\/\/api.w.org\/{rel}","templated":true}]}}