{"id":2064,"date":"2023-03-24T09:39:39","date_gmt":"2023-03-24T13:39:39","guid":{"rendered":"https:\/\/climatetoolkit.org\/?page_id=2064"},"modified":"2023-03-24T09:41:12","modified_gmt":"2023-03-24T13:41:12","slug":"resource-library","status":"publish","type":"page","link":"https:\/\/climatetoolkit.org\/pt\/resource-library\/","title":{"rendered":"Biblioteca de recursos"},"content":{"rendered":"<h1 class=\"wp-block-heading\">Biblioteca de recursos<\/h1>\n\n\n<div class=\"institution-list\"><div class=\"category-group\"><div class=\"resource-columns\"><div class=\"resource-image\"><img decoding=\"async\" src=\"https:\/\/climatetoolkit.org\/wp-content\/uploads\/2021\/07\/renewable-energy-250x250.png\" alt=\"\" \/><\/div><div ><h2 class=\"category-header\">Edif\u00edcios e energia<\/h2><div class=\"doc\"><a href=\"https:\/\/longwoodgardens.org\/sustainability\/alternative-energy-resources\" target=\"_blank\">Alternative Energy Resources<\/a><\/div><div class=\"doc\"><a href=\"http:\/\/climatetoolkit.org\/wp-content\/uploads\/2019\/09\/Buying_Renewable_Electricity.pdf\" target=\"_blank\">Comprar eletricidade renov\u00e1vel: Liderar o movimento da energia verde pelo exemplo<\/a><\/div><div class=\"doc\"><a href=\"https:\/\/climatetoolkit.org\/pt\/carbon-emission-reduction-interview-with-norfolk-botanical-garden\/\" target=\"_blank\">Redu\u00e7\u00e3o das emiss\u00f5es de carbono: Uma entrevista com o Jardim Bot\u00e2nico de Norfolk<\/a><\/div><div class=\"doc\"><a href=\"https:\/\/climatetoolkit.org\/pt\/webinar-12-buildings-energy-and-decarbonization\/\" target=\"_blank\">Webinar do kit de ferramentas para o clima: Edif\u00edcios, energia e descarboniza\u00e7\u00e3o<\/a><\/div><div class=\"doc\"><a href=\"https:\/\/reidparkzoo.org\/conservation\/\" target=\"_blank\">Conservation &#8211; It&#8217;s Our Mission<\/a><\/div><div class=\"doc\"><a href=\"https:\/\/ctsciencecenter.org\/about\/green-mission\/\" target=\"_blank\">Miss\u00e3o Verde<\/a><\/div><div class=\"doc\"><a href=\"https:\/\/www.houstonzoo.org\/blog\/houston-zoo-leads-the-charge-towards-a-greener-future\/\" target=\"_blank\">O Jardim Zool\u00f3gico de Houston lidera o processo em dire\u00e7\u00e3o a um futuro mais verde<\/a><\/div><div class=\"doc\"><a href=\"https:\/\/climatetoolkit.org\/pt\/how-to-use-the-epas-simplified-ghg-emissions-calculator\/\" target=\"_blank\">Como utilizar a Calculadora Simplificada de Emiss\u00f5es de Gases com Efeito de Estufa da EPA<\/a><\/div><div class=\"doc\"><a href=\"https:\/\/climatetoolkit.org\/pt\/nature-positive-carbon-negative-an-interview-with-duke-farms\/\" target=\"_blank\">Natureza positiva, carbono negativo: Uma entrevista com a Duke Farms<\/a><\/div><div class=\"doc\"><a href=\"https:\/\/aqua.org\/stories\/2022-04-22-national-aquarium-will-be-net-zero-by-2035\" target=\"_blank\">Zero l\u00edquido at\u00e9 2035<\/a><\/div><div class=\"doc\"><a href=\"https:\/\/www.cutter.com\/article\/nature-positive-carbon-negative-reimagining-role-campuses-peri-urban-communities\" target=\"_blank\">Reimaginar o papel dos campus e das comunidades periurbanas<\/a><\/div><div class=\"doc\"><a href=\"https:\/\/www.akronzoo.org\/sustainability\" target=\"_blank\">Sustentabilidade<\/a><\/div><div class=\"doc\"><a href=\"https:\/\/www.trlibrary.com\/project\/sustainability\" target=\"_blank\">Sustainability Vision<\/a><\/div><div class=\"doc\"><a href=\"https:\/\/climatetoolkit.org\/pt\/understanding-renewable-energy-terminology\/\" target=\"_blank\">Compreender a terminologia das energias renov\u00e1veis<\/a><\/div><div class=\"doc\"><a href=\"https:\/\/www.henryvilaszoo.gov\/conservation\/\" target=\"_blank\">Walking the Talk of Sustainability<\/a><\/div><div class=\"doc\"><a href=\"https:\/\/climatetoolkit.org\/pt\/watch-the-december-climate-toolkit-webinar\/\" target=\"_blank\">Assista ao webinar de dezembro sobre o kit de ferramentas para o clima<\/a><\/div><div class=\"doc\"><a href=\"https:\/\/climatetoolkit.org\/pt\/watch-the-march-climate-toolkit-webinar\/\" target=\"_blank\">Assista ao Webinar do Kit de Ferramentas para o Clima de mar\u00e7o<\/a><\/div><div class=\"doc\"><a href=\"http:\/\/climatetoolkit.org\/wp-content\/uploads\/2019\/10\/Zeroing-In.pdf\" target=\"_blank\">Zerando: Tornar os seus edif\u00edcios com energia zero<\/a><\/div><\/div><\/div><div class=\"resource-columns\"><div class=\"resource-image\"><img decoding=\"async\" src=\"https:\/\/climatetoolkit.org\/wp-content\/uploads\/2021\/07\/recycling-1-250x250.png\" alt=\"\" \/><\/div><div ><h2 class=\"category-header\">\u00c1gua<\/h2><div class=\"doc\"><a href=\"https:\/\/reidparkzoo.org\/conservation\/\" target=\"_blank\">Conservation &#8211; It&#8217;s Our Mission<\/a><\/div><div class=\"doc\"><a href=\"https:\/\/www.akronzoo.org\/sustainability\" target=\"_blank\">Sustentabilidade<\/a><\/div><div class=\"doc\"><a href=\"https:\/\/www.sheddaquarium.org\/stories\/sustainability-at-shedd\" target=\"_blank\">Sustentabilidade na Shedd<\/a><\/div><div class=\"doc\"><a href=\"https:\/\/www.henryvilaszoo.gov\/conservation\/\" target=\"_blank\">Walking the Talk of Sustainability<\/a><\/div><div class=\"doc\"><a href=\"https:\/\/longwoodgardens.org\/sustainability\/water-conservation\" target=\"_blank\">Water Conservation<\/a><\/div><div class=\"doc\"><a href=\"https:\/\/climatetoolkit.org\/pt\/water-efficiency-a-case-study\/\" target=\"_blank\">Efici\u00eancia na utiliza\u00e7\u00e3o da \u00e1gua: Um estudo de caso<\/a><\/div><\/div><\/div><div class=\"resource-columns\"><div class=\"resource-image\"><img decoding=\"async\" src=\"https:\/\/climatetoolkit.org\/wp-content\/uploads\/2021\/07\/plate-250x250.png\" alt=\"\" \/><\/div><div ><h2 class=\"category-header\">Servi\u00e7o de alimenta\u00e7\u00e3o<\/h2><div class=\"doc\"><a href=\"https:\/\/climatetoolkit.org\/pt\/climate-toolkit-webinar-vegan-and-vegetarian-foods\/\" target=\"_blank\">Webinar do Kit de ferramentas para o clima: Alimentos Veganos e Vegetarianos<\/a><\/div><div class=\"doc\"><a href=\"http:\/\/climatetoolkit.org\/wp-content\/uploads\/2019\/10\/Local-Food-Purchases.pdf\" target=\"_blank\">Compras locais de alimentos: Reduzir os custos de transporte e apoiar os agricultores locais<\/a><\/div><div class=\"doc\"><a href=\"https:\/\/climatetoolkit.org\/pt\/nature-positive-carbon-negative-an-interview-with-duke-farms\/\" target=\"_blank\">Natureza positiva, carbono negativo: Uma entrevista com a Duke Farms<\/a><\/div><\/div><\/div><div class=\"resource-columns\"><div class=\"resource-image\"><img decoding=\"async\" src=\"https:\/\/climatetoolkit.org\/wp-content\/uploads\/2021\/07\/bus-250x250.png\" alt=\"\" \/><\/div><div ><h2 class=\"category-header\">Transporte<\/h2><div class=\"doc\"><a href=\"http:\/\/climatetoolkit.org\/wp-content\/uploads\/2019\/10\/Alternate-Travel.pdf\" target=\"_blank\">Desloca\u00e7\u00f5es alternativas: Reduzir as desloca\u00e7\u00f5es de um s\u00f3 condutor para as suas instala\u00e7\u00f5es<\/a><\/div><div class=\"doc\"><a href=\"https:\/\/climatetoolkit.org\/pt\/nature-positive-carbon-negative-an-interview-with-duke-farms\/\" target=\"_blank\">Natureza positiva, carbono negativo: Uma entrevista com a Duke Farms<\/a><\/div><div class=\"doc\"><a href=\"https:\/\/www.visitokc.com\/articles\/post\/new-grants-partnership-aid-okc-zoos-sustainability-goals\/\" target=\"_blank\">Objectivos de sustentabilidade do Jardim Zool\u00f3gico de OKC<\/a><\/div><div class=\"doc\"><a href=\"https:\/\/climatetoolkit.org\/pt\/parking-transportation-and-energy-incentives-at-phipps-conservatory\/\" target=\"_blank\">Incentivos ao estacionamento, aos transportes e \u00e0 energia<\/a><\/div><div class=\"doc\"><a href=\"https:\/\/www.henryvilaszoo.gov\/conservation\/\" target=\"_blank\">Walking the Talk of Sustainability<\/a><\/div><\/div><\/div><div class=\"resource-columns\"><div class=\"resource-image\"><img decoding=\"async\" src=\"https:\/\/climatetoolkit.org\/wp-content\/uploads\/2021\/07\/waste-250x250.png\" alt=\"\" \/><\/div><div ><h2 class=\"category-header\">Res\u00edduos<\/h2><div class=\"doc\"><a href=\"https:\/\/reidparkzoo.org\/conservation\/\" target=\"_blank\">Conservation &#8211; It&#8217;s Our Mission<\/a><\/div><div class=\"doc\"><a href=\"https:\/\/www.houstonzoo.org\/blog\/houston-zoo-leads-the-charge-towards-a-greener-future\/\" target=\"_blank\">O Jardim Zool\u00f3gico de Houston lidera o processo em dire\u00e7\u00e3o a um futuro mais verde<\/a><\/div><div class=\"doc\"><a href=\"https:\/\/www.visitokc.com\/articles\/post\/new-grants-partnership-aid-okc-zoos-sustainability-goals\/\" target=\"_blank\">Objectivos de sustentabilidade do Jardim Zool\u00f3gico de OKC<\/a><\/div><div class=\"doc\"><a href=\"https:\/\/climatetoolkit.org\/pt\/plastics-reduction-a-resource-guide\/\" target=\"_blank\">Redu\u00e7\u00e3o de pl\u00e1sticos: Um Guia de Recursos<\/a><\/div><div class=\"doc\"><a href=\"https:\/\/longwoodgardens.org\/sustainability\/recycling-and-composting\" target=\"_blank\">Recycling and Composting<\/a><\/div><div class=\"doc\"><a href=\"https:\/\/www.akronzoo.org\/sustainability\" target=\"_blank\">Sustentabilidade<\/a><\/div><div class=\"doc\"><a href=\"https:\/\/www.sheddaquarium.org\/stories\/sustainability-at-shedd\" target=\"_blank\">Sustentabilidade na Shedd<\/a><\/div><div class=\"doc\"><a href=\"https:\/\/www.trlibrary.com\/project\/sustainability\" target=\"_blank\">Sustainability Vision<\/a><\/div><div class=\"doc\"><a href=\"https:\/\/climatetoolkit.org\/pt\/the-climate-toolkit-webinar-5-single-use-plastics-reduction-measures-advocacy-and-public-outreach\/\" target=\"_blank\">Webinar 5 do Climate Toolkit: Pl\u00e1sticos de utiliza\u00e7\u00e3o \u00fanica: Medidas de redu\u00e7\u00e3o, sensibiliza\u00e7\u00e3o e divulga\u00e7\u00e3o p\u00fablica<\/a><\/div><div class=\"doc\"><a href=\"https:\/\/www.henryvilaszoo.gov\/conservation\/\" target=\"_blank\">Walking the Talk of Sustainability<\/a><\/div><div class=\"doc\"><a href=\"https:\/\/climatetoolkit.org\/pt\/waste-management-at-coastal-maine-botanic-gardens\/\" target=\"_blank\">Gest\u00e3o de res\u00edduos no Coastal Maine Botanic Gardens<\/a><\/div><div class=\"doc\"><a href=\"http:\/\/climatetoolkit.org\/wp-content\/uploads\/2019\/10\/Waste-Not.pdf\" target=\"_blank\">N\u00e3o desperdi\u00e7ar: Elimina\u00e7\u00e3o respons\u00e1vel de todos os res\u00edduos alimentares e de quase todos os produtos de restaura\u00e7\u00e3o<\/a><\/div><\/div><\/div><div class=\"resource-columns\"><div class=\"resource-image\"><img decoding=\"async\" src=\"https:\/\/climatetoolkit.org\/wp-content\/uploads\/2021\/07\/flower-250x250.png\" alt=\"\" \/><\/div><div ><h2 class=\"category-header\">Paisagens e Horticultura<\/h2><div class=\"doc\"><a href=\"https:\/\/climatetoolkit.org\/pt\/an-introduction-to-the-benefits-of-trees-at-morton-arboretum\/\" target=\"_blank\">Uma introdu\u00e7\u00e3o aos benef\u00edcios das \u00e1rvores no Morton Arboretum<\/a><\/div><div class=\"doc\"><a href=\"https:\/\/www.gardenista.com\/posts\/ask-expert-longue-vues-simeon-benjamin-integrated-pest-management\/\" target=\"_blank\">Pergunte a um especialista: Como controlar naturalmente as pragas e as ervas daninhas<\/a><\/div><div class=\"doc\"><a href=\"https:\/\/www.youtube.com\/watch?v=uj6NSEVe8rw\" target=\"_blank\">Climate Toolkit Webinar 6: \"Integrated Pest Management, Indoor and Out\" (Gest\u00e3o Integrada de Pragas, Interior e Exterior)<\/a><\/div><div class=\"doc\"><a href=\"https:\/\/climatetoolkit.org\/pt\/climate-toolkit-webinar-sustainable-landcare-and-ecological-outreach\/\" target=\"_blank\">Webinar do kit de ferramentas para o clima: Cuidados com a terra sustent\u00e1veis e divulga\u00e7\u00e3o ecol\u00f3gica<\/a><\/div><div class=\"doc\"><a href=\"https:\/\/climatetoolkit.org\/pt\/electric-horticulture-equipment-what-were-using\/\" target=\"_blank\">Equipamento el\u00e9trico para horticultura: O que estamos a utilizar<\/a><\/div><div class=\"doc\"><a href=\"https:\/\/www.botaniska.se\/om-botaniska\/miljoarbete\/\" target=\"_blank\">Trabalho ambiental<\/a><\/div><div class=\"doc\"><a href=\"https:\/\/holdenfg.org\/blog\/how-nonnative-plants-respond-to-climate-change-holden-arboretum-researchers-report\/\" target=\"_blank\">How Nonnative Plants Respond to Climate Change<\/a><\/div><div class=\"doc\"><a href=\"https:\/\/climatetoolkit.org\/pt\/how-to-reduce-pesticide-use\/\" target=\"_blank\">Como reduzir a utiliza\u00e7\u00e3o de pesticidas<\/a><\/div><div class=\"doc\"><a href=\"https:\/\/climatetoolkit.org\/wp-content\/uploads\/2022\/04\/Pesticide-Checklist-1.pdf\" target=\"_blank\">Lista de controlo da gest\u00e3o integrada das pragas (IPM)<\/a><\/div><div class=\"doc\"><a href=\"https:\/\/longwoodgardens.org\/sustainability\/land-stewardship-management\" target=\"_blank\">Land Stewardship &#038; Ecology<\/a><\/div><div class=\"doc\"><a href=\"https:\/\/sustainablecampus.cornell.edu\/campus-initiatives\/land-water\/sustainable-landscapes-trail\/botanic-gardens-native-lawn\" target=\"_blank\">Demonstra\u00e7\u00e3o de relva nativa - Cornell Botanic Gardens<\/a><\/div><div class=\"doc\"><a href=\"https:\/\/climatetoolkit.org\/pt\/nature-positive-carbon-negative-an-interview-with-duke-farms\/\" target=\"_blank\">Natureza positiva, carbono negativo: Uma entrevista com a Duke Farms<\/a><\/div><div class=\"doc\"><a href=\"https:\/\/climatetoolkit.org\/pt\/reducing-your-pesticide-and-fertilizer-use-with-integrated-pest-management\/\" target=\"_blank\">Reduzir a utiliza\u00e7\u00e3o de pesticidas e fertilizantes com a gest\u00e3o integrada das pragas<\/a><\/div><div class=\"doc\"><a href=\"https:\/\/www.cutter.com\/article\/nature-positive-carbon-negative-reimagining-role-campuses-peri-urban-communities\" target=\"_blank\">Reimaginar o papel dos campus e das comunidades periurbanas<\/a><\/div><\/div><\/div><div class=\"resource-columns\"><div class=\"resource-image\"><img decoding=\"async\" src=\"https:\/\/climatetoolkit.org\/wp-content\/uploads\/2021\/07\/investing-250x250.png\" alt=\"\" \/><\/div><div ><h2 class=\"category-header\">Investimentos<\/h2><div class=\"doc\"><a href=\"https:\/\/climatetoolkit.org\/pt\/climate-toolkit-webinar-divesting-from-fossil-fuels-and-responsible-investing\/\" target=\"_blank\">Webinar do kit de ferramentas para o clima: Desinvestir em combust\u00edveis f\u00f3sseis e investimento respons\u00e1vel<\/a><\/div><div class=\"doc\"><a href=\"http:\/\/climatetoolkit.org\/wp-content\/uploads\/2020\/01\/Sustainable-Investing-1.pdf\" target=\"_blank\">Investimento Sustent\u00e1vel: Um Guia Pr\u00e1tico para Museus (American Alliance of Museums)<\/a><\/div><\/div><\/div><div class=\"resource-columns\"><div class=\"resource-image\"><img decoding=\"async\" src=\"https:\/\/climatetoolkit.org\/wp-content\/uploads\/2021\/07\/network-250x250.png\" alt=\"\" \/><\/div><div ><h2 class=\"category-header\">Compromisso<\/h2><div class=\"doc\"><a href=\"http:\/\/climatetoolkit.org\/wp-content\/uploads\/2019\/09\/Converting_to_Green_Energy.pdf\" target=\"_blank\">Uma situa\u00e7\u00e3o em que todos ganham: Fazer com que os h\u00f3spedes mudem para energias renov\u00e1veis para abastecer as suas casas<\/a><\/div><div class=\"doc\"><a href=\"https:\/\/www.climate-heroes.org\/\" target=\"_blank\">Her\u00f3is da A\u00e7\u00e3o Clim\u00e1tica<\/a><\/div><div class=\"doc\"><a href=\"http:\/\/climatetoolkit.org\/wp-content\/uploads\/2019\/10\/Climate-Action.pdf\" target=\"_blank\">A\u00e7\u00e3o clim\u00e1tica: O momento \u00e9 agora<\/a><\/div><div class=\"doc\"><a href=\"https:\/\/www.climatecafe.eco\/\" target=\"_blank\">Caf\u00e9 Clim\u00e1tico NYC<\/a><\/div><div class=\"doc\"><a href=\"https:\/\/cornellbotanicgardens.org\/explore\/gardens\/climate-change-demonstration-garden\/\" target=\"_blank\">Jardim de Demonstra\u00e7\u00e3o das Altera\u00e7\u00f5es Clim\u00e1ticas<\/a><\/div><div class=\"doc\"><a href=\"https:\/\/www.wildcenter.org\/our-work\/youth-climate-program\/resources\/\" target=\"_blank\">Recursos de educa\u00e7\u00e3o sobre o clima<\/a><\/div><div class=\"doc\"><a href=\"https:\/\/www.climateimaginarium.org\/\" target=\"_blank\">Imagin\u00e1rio do clima<\/a><\/div><div class=\"doc\"><a href=\"https:\/\/www.amnh.org\/exhibitions\/permanent\/climate-learning-lab\" target=\"_blank\">Laborat\u00f3rio de aprendizagem sobre o clima<\/a><\/div><div class=\"doc\"><a href=\"https:\/\/www.amnh.org\/calendar\/climatefest\" target=\"_blank\">Festa do clima<\/a><\/div><div class=\"doc\"><a href=\"http:\/\/climatetoolkit.org\/wp-content\/uploads\/2019\/10\/Impact-of-Food-Choices.pdf\" target=\"_blank\">Escolhas alimentares: Morder a mudan\u00e7a clim\u00e1tica<\/a><\/div><div class=\"doc\"><a href=\"http:\/\/climatetoolkit.org\/wp-content\/uploads\/2019\/10\/Growing-Organic.pdf\" target=\"_blank\">Cultivo biol\u00f3gico: Alimentos que s\u00e3o bons para si e para o planeta<\/a><\/div><div class=\"doc\"><a href=\"https:\/\/climatetoolkit.org\/pt\/nature-positive-carbon-negative-an-interview-with-duke-farms\/\" target=\"_blank\">Natureza positiva, carbono negativo: Uma entrevista com a Duke Farms<\/a><\/div><div class=\"doc\"><a href=\"http:\/\/climatetoolkit.org\/wp-content\/uploads\/2019\/10\/Sustainable-Horticulture.pdf\" target=\"_blank\">Horticultura Sustent\u00e1vel: As Plantas Certas, os Locais Certos, as Pr\u00e1ticas Certas<\/a><\/div><div class=\"doc\"><a href=\"https:\/\/climatetoolkit.org\/pt\/to-engage-employees-on-climate-action-hillwood-brings-the-heat\/\" target=\"_blank\">Para envolver os funcion\u00e1rios na a\u00e7\u00e3o clim\u00e1tica, a Hillwood traz o calor<\/a><\/div><div class=\"doc\"><a href=\"https:\/\/climatetoolkit.org\/pt\/watch-the-climate-toolkit-webinar-climate-communication\/\" target=\"_blank\">Assista ao Webinar do Kit de Ferramentas para o Clima: Comunica\u00e7\u00e3o sobre o clima - Como falar com as suas partes interessadas sobre as altera\u00e7\u00f5es clim\u00e1ticas<\/a><\/div><\/div><\/div><div class=\"resource-columns\"><div class=\"resource-image\"><img decoding=\"async\" src=\"https:\/\/climatetoolkit.org\/wp-content\/uploads\/2021\/07\/magnifying-glass-250x250.png\" alt=\"\" \/><\/div><div ><h2 class=\"category-header\">Investiga\u00e7\u00e3o<\/h2><div class=\"doc\"><a href=\"https:\/\/climatetoolkit.org\/pt\/biochar-research-at-morton-arboretum\/\" target=\"_blank\">Investiga\u00e7\u00e3o sobre biochar no Morton Arboretum<\/a><\/div><div class=\"doc\"><a href=\"https:\/\/holdenfg.org\/blog\/how-nonnative-plants-respond-to-climate-change-holden-arboretum-researchers-report\/\" target=\"_blank\">How Nonnative Plants Respond to Climate Change<\/a><\/div><div class=\"doc\"><a href=\"https:\/\/climatetoolkit.org\/pt\/nature-positive-carbon-negative-an-interview-with-duke-farms\/\" target=\"_blank\">Natureza positiva, carbono negativo: Uma entrevista com a Duke Farms<\/a><\/div><div class=\"doc\"><a href=\"https:\/\/www.cutter.com\/article\/nature-positive-carbon-negative-reimagining-role-campuses-peri-urban-communities\" target=\"_blank\">Reimaginar o papel dos campus e das comunidades periurbanas<\/a><\/div><div class=\"doc\"><a href=\"https:\/\/climatetoolkit.org\/pt\/sea-level-rise-initiative\/\" target=\"_blank\">Iniciativa sobre a subida do n\u00edvel do mar<\/a><\/div><div class=\"doc\"><a href=\"https:\/\/www.botaniska.se\/om-botaniska\/miljoarbete\/vader-och-klimat\/\" target=\"_blank\">Tempo e clima<\/a><\/div><\/div><\/div><\/div><\/div>","protected":false},"excerpt":{"rendered":"<p>Biblioteca de recursos<\/p>","protected":false},"author":1,"featured_media":0,"parent":0,"menu_order":0,"comment_status":"closed","ping_status":"closed","template":"","meta":{"_acf_changed":false,"inline_featured_image":false,"advgb_blocks_editor_width":"","advgb_blocks_columns_visual_guide":"","footnotes":""},"class_list":["post-2064","page","type-page","status-publish","hentry"],"acf":[],"yoast_head":"<!-- This site is optimized with the Yoast SEO plugin v27.4 - https:\/\/yoast.com\/product\/yoast-seo-wordpress\/ -->\n<title>Resource Library - The Climate Toolkit<\/title>\n<meta name=\"robots\" content=\"index, follow, max-snippet:-1, max-image-preview:large, max-video-preview:-1\" \/>\n<link rel=\"canonical\" href=\"https:\/\/climatetoolkit.org\/pt\/resource-library\/\" \/>\n<meta property=\"og:locale\" content=\"pt_PT\" \/>\n<meta property=\"og:type\" content=\"article\" \/>\n<meta property=\"og:title\" content=\"Resource Library - The Climate Toolkit\" \/>\n<meta property=\"og:description\" content=\"Resource Library\" \/>\n<meta property=\"og:url\" content=\"https:\/\/climatetoolkit.org\/pt\/resource-library\/\" \/>\n<meta property=\"og:site_name\" content=\"The Climate Toolkit\" \/>\n<meta property=\"article:modified_time\" content=\"2023-03-24T13:41:12+00:00\" \/>\n<meta name=\"twitter:card\" content=\"summary_large_image\" \/>\n<meta name=\"twitter:label1\" content=\"Tempo estimado de leitura\" \/>\n\t<meta name=\"twitter:data1\" content=\"1 minuto\" \/>\n<script type=\"application\/ld+json\" class=\"yoast-schema-graph\">{\"@context\":\"https:\\\/\\\/schema.org\",\"@graph\":[{\"@type\":\"WebPage\",\"@id\":\"https:\\\/\\\/climatetoolkit.org\\\/resource-library\\\/\",\"url\":\"https:\\\/\\\/climatetoolkit.org\\\/resource-library\\\/\",\"name\":\"Resource Library - The Climate Toolkit\",\"isPartOf\":{\"@id\":\"https:\\\/\\\/climatetoolkit.org\\\/#website\"},\"datePublished\":\"2023-03-24T13:39:39+00:00\",\"dateModified\":\"2023-03-24T13:41:12+00:00\",\"breadcrumb\":{\"@id\":\"https:\\\/\\\/climatetoolkit.org\\\/resource-library\\\/#breadcrumb\"},\"inLanguage\":\"pt-PT\",\"potentialAction\":[{\"@type\":\"ReadAction\",\"target\":[\"https:\\\/\\\/climatetoolkit.org\\\/resource-library\\\/\"]}]},{\"@type\":\"BreadcrumbList\",\"@id\":\"https:\\\/\\\/climatetoolkit.org\\\/resource-library\\\/#breadcrumb\",\"itemListElement\":[{\"@type\":\"ListItem\",\"position\":1,\"name\":\"Home\",\"item\":\"https:\\\/\\\/climatetoolkit.org\\\/\"},{\"@type\":\"ListItem\",\"position\":2,\"name\":\"Resource Library\"}]},{\"@type\":\"WebSite\",\"@id\":\"https:\\\/\\\/climatetoolkit.org\\\/#website\",\"url\":\"https:\\\/\\\/climatetoolkit.org\\\/\",\"name\":\"The Climate Toolkit\",\"description\":\"For Museums, Gardens and Zoos\",\"publisher\":{\"@id\":\"https:\\\/\\\/climatetoolkit.org\\\/#organization\"},\"potentialAction\":[{\"@type\":\"SearchAction\",\"target\":{\"@type\":\"EntryPoint\",\"urlTemplate\":\"https:\\\/\\\/climatetoolkit.org\\\/?s={search_term_string}\"},\"query-input\":{\"@type\":\"PropertyValueSpecification\",\"valueRequired\":true,\"valueName\":\"search_term_string\"}}],\"inLanguage\":\"pt-PT\"},{\"@type\":\"Organization\",\"@id\":\"https:\\\/\\\/climatetoolkit.org\\\/#organization\",\"name\":\"The Climate Toolkit\",\"url\":\"https:\\\/\\\/climatetoolkit.org\\\/\",\"logo\":{\"@type\":\"ImageObject\",\"inLanguage\":\"pt-PT\",\"@id\":\"https:\\\/\\\/climatetoolkit.org\\\/#\\\/schema\\\/logo\\\/image\\\/\",\"url\":\"https:\\\/\\\/climatetoolkit.org\\\/wp-content\\\/uploads\\\/2020\\\/05\\\/C_logo.png\",\"contentUrl\":\"https:\\\/\\\/climatetoolkit.org\\\/wp-content\\\/uploads\\\/2020\\\/05\\\/C_logo.png\",\"width\":512,\"height\":512,\"caption\":\"The Climate Toolkit\"},\"image\":{\"@id\":\"https:\\\/\\\/climatetoolkit.org\\\/#\\\/schema\\\/logo\\\/image\\\/\"}}]}<\/script>\n<!-- \/ Yoast SEO plugin. -->","yoast_head_json":{"title":"Resource Library - The Climate Toolkit","robots":{"index":"index","follow":"follow","max-snippet":"max-snippet:-1","max-image-preview":"max-image-preview:large","max-video-preview":"max-video-preview:-1"},"canonical":"https:\/\/climatetoolkit.org\/pt\/resource-library\/","og_locale":"pt_PT","og_type":"article","og_title":"Resource Library - The Climate Toolkit","og_description":"Resource Library","og_url":"https:\/\/climatetoolkit.org\/pt\/resource-library\/","og_site_name":"The Climate Toolkit","article_modified_time":"2023-03-24T13:41:12+00:00","twitter_card":"summary_large_image","twitter_misc":{"Tempo estimado de leitura":"1 minuto"},"schema":{"@context":"https:\/\/schema.org","@graph":[{"@type":"WebPage","@id":"https:\/\/climatetoolkit.org\/resource-library\/","url":"https:\/\/climatetoolkit.org\/resource-library\/","name":"Resource Library - The Climate Toolkit","isPartOf":{"@id":"https:\/\/climatetoolkit.org\/#website"},"datePublished":"2023-03-24T13:39:39+00:00","dateModified":"2023-03-24T13:41:12+00:00","breadcrumb":{"@id":"https:\/\/climatetoolkit.org\/resource-library\/#breadcrumb"},"inLanguage":"pt-PT","potentialAction":[{"@type":"ReadAction","target":["https:\/\/climatetoolkit.org\/resource-library\/"]}]},{"@type":"BreadcrumbList","@id":"https:\/\/climatetoolkit.org\/resource-library\/#breadcrumb","itemListElement":[{"@type":"ListItem","position":1,"name":"Home","item":"https:\/\/climatetoolkit.org\/"},{"@type":"ListItem","position":2,"name":"Resource Library"}]},{"@type":"WebSite","@id":"https:\/\/climatetoolkit.org\/#website","url":"https:\/\/climatetoolkit.org\/","name":"O kit de ferramentas para o clima","description":"Para museus, jardins e jardins zool\u00f3gicos","publisher":{"@id":"https:\/\/climatetoolkit.org\/#organization"},"potentialAction":[{"@type":"SearchAction","target":{"@type":"EntryPoint","urlTemplate":"https:\/\/climatetoolkit.org\/?s={search_term_string}"},"query-input":{"@type":"PropertyValueSpecification","valueRequired":true,"valueName":"search_term_string"}}],"inLanguage":"pt-PT"},{"@type":"Organization","@id":"https:\/\/climatetoolkit.org\/#organization","name":"O kit de ferramentas para o clima","url":"https:\/\/climatetoolkit.org\/","logo":{"@type":"ImageObject","inLanguage":"pt-PT","@id":"https:\/\/climatetoolkit.org\/#\/schema\/logo\/image\/","url":"https:\/\/climatetoolkit.org\/wp-content\/uploads\/2020\/05\/C_logo.png","contentUrl":"https:\/\/climatetoolkit.org\/wp-content\/uploads\/2020\/05\/C_logo.png","width":512,"height":512,"caption":"The Climate Toolkit"},"image":{"@id":"https:\/\/climatetoolkit.org\/#\/schema\/logo\/image\/"}}]}},"coauthors":[],"author_meta":{"author_link":"https:\/\/climatetoolkit.org\/pt\/author\/webmaster\/","display_name":"Web Master"},"relative_dates":{"created":"Posted 3 anos ago","modified":"Updated 3 anos ago"},"absolute_dates":{"created":"Posted on Mar\u00e7o 24, 2023","modified":"Updated on Mar\u00e7o 24, 2023"},"absolute_dates_time":{"created":"Posted on Mar\u00e7o 24, 2023 9:39 am","modified":"Updated on Mar\u00e7o 24, 2023 9:41 am"},"featured_img_caption":"","featured_img":false,"series_order":"","_links":{"self":[{"href":"https:\/\/climatetoolkit.org\/pt\/wp-json\/wp\/v2\/pages\/2064","targetHints":{"allow":["GET"]}}],"collection":[{"href":"https:\/\/climatetoolkit.org\/pt\/wp-json\/wp\/v2\/pages"}],"about":[{"href":"https:\/\/climatetoolkit.org\/pt\/wp-json\/wp\/v2\/types\/page"}],"author":[{"embeddable":true,"href":"https:\/\/climatetoolkit.org\/pt\/wp-json\/wp\/v2\/users\/1"}],"replies":[{"embeddable":true,"href":"https:\/\/climatetoolkit.org\/pt\/wp-json\/wp\/v2\/comments?post=2064"}],"version-history":[{"count":0,"href":"https:\/\/climatetoolkit.org\/pt\/wp-json\/wp\/v2\/pages\/2064\/revisions"}],"wp:attachment":[{"href":"https:\/\/climatetoolkit.org\/pt\/wp-json\/wp\/v2\/media?parent=2064"}],"curies":[{"name":"wp","href":"https:\/\/api.w.org\/{rel}","templated":true}]}}