{"id":1495,"date":"2022-03-03T14:16:05","date_gmt":"2022-03-03T19:16:05","guid":{"rendered":"https:\/\/climatetoolkit.org\/?page_id=1495"},"modified":"2026-03-13T14:44:52","modified_gmt":"2026-03-13T18:44:52","slug":"welcome-to-the-climate-toolkit","status":"publish","type":"page","link":"https:\/\/climatetoolkit.org\/pt\/welcome-to-the-climate-toolkit\/","title":{"rendered":"Bem-vindo ao Kit de ferramentas para o clima"},"content":{"rendered":"<h1 align=\"center\">Welcome to The Climate Toolkit<\/h1>\n\n\n<div class=\"wp-block-image\">\n<figure class=\"alignright size-large is-resized advgb-dyn-da175106\"><img decoding=\"async\" width=\"1024\" height=\"682\" src=\"https:\/\/climatetoolkit.org\/wp-content\/uploads\/2022\/02\/Richard-Headshot-1024x682.jpeg\" alt=\"\" class=\"wp-image-1496\" style=\"width:397px;height:265px\" srcset=\"https:\/\/climatetoolkit.org\/wp-content\/uploads\/2022\/02\/Richard-Headshot-1024x682.jpeg 1024w, https:\/\/climatetoolkit.org\/wp-content\/uploads\/2022\/02\/Richard-Headshot-300x200.jpeg 300w, https:\/\/climatetoolkit.org\/wp-content\/uploads\/2022\/02\/Richard-Headshot-768x512.jpeg 768w, https:\/\/climatetoolkit.org\/wp-content\/uploads\/2022\/02\/Richard-Headshot-100x67.jpeg 100w, https:\/\/climatetoolkit.org\/wp-content\/uploads\/2022\/02\/Richard-Headshot-150x100.jpeg 150w, https:\/\/climatetoolkit.org\/wp-content\/uploads\/2022\/02\/Richard-Headshot-200x133.jpeg 200w, https:\/\/climatetoolkit.org\/wp-content\/uploads\/2022\/02\/Richard-Headshot-450x300.jpeg 450w, https:\/\/climatetoolkit.org\/wp-content\/uploads\/2022\/02\/Richard-Headshot-600x400.jpeg 600w, https:\/\/climatetoolkit.org\/wp-content\/uploads\/2022\/02\/Richard-Headshot-900x600.jpeg 900w, https:\/\/climatetoolkit.org\/wp-content\/uploads\/2022\/02\/Richard-Headshot.jpeg 1280w\" sizes=\"(max-width: 1024px) 100vw, 1024px\" \/><\/figure>\n<\/div>\n\n\n<p>Caros visitantes do Climate Toolkit, <\/p>\n\n\n\n<p>It wasn\u2019t long ago that many of us in the world of cultural institutions felt that if our mission didn\u2019t explicitly state that we should be concerned with the environment and climate change, we were off the hook \u2014 to attend to these concerns was a form of \u201cmission creep,\u201d and environmental initiatives were best led by environmental causes. But times have changed, and they have changed rapidly: science tells us that climate change is real, advancing at an alarming rate and that it will affect everyone and everything on the planet. Today, the trust that we have established in the communities we serve and our decades of commitment to the exploration of science, history, art, and nature compel us to not only address these issues but to emerge as the leaders of change in our regions and beyond. Each and every one of us must do all we can as quickly as we can.<\/p>\n\n\n\n<p>A causa principal das altera\u00e7\u00f5es clim\u00e1ticas s\u00e3o os estilos de vida que levamos e a forma como pensamos a nossa rela\u00e7\u00e3o com o mundo.  O Toolkit foi criado para abordar quest\u00f5es relacionadas com o estilo de vida e para nos encorajar a ver o mundo de um ponto de vista regenerativo. Reconhecemos que cada organiza\u00e7\u00e3o, comunidade e bio-regi\u00e3o \u00e9 \u00fanica e que cada um de n\u00f3s ter\u00e1 de dar prioridade \u00e0s \u00e1reas que s\u00e3o mais importantes para a nossa situa\u00e7\u00e3o, \u00e0 medida que desenvolvemos a capacidade de agir em n\u00f3s pr\u00f3prios e nas nossas comunidades. Cri\u00e1mos sugest\u00f5es de m\u00e9tricas em v\u00e1rias \u00e1reas-chave para o ajudar a come\u00e7ar e, \u00e0 medida que avan\u00e7a nesta viagem, esperamos que v\u00e1 al\u00e9m destas sugest\u00f5es para encontrar novos pontos de interven\u00e7\u00e3o onde possa ter o maior impacto.<\/p>\n\n\n\n<p>Uma das principais vantagens do Toolkit \u00e9 a forma como foi concebido para permitir que as organiza\u00e7\u00f5es partilhem o que est\u00e3o a fazer, facilitar a orienta\u00e7\u00e3o e servir como uma oportunidade para aprender novas formas de abordar as altera\u00e7\u00f5es clim\u00e1ticas com outros no nosso dom\u00ednio.<\/p>\n\n\n\n<p>Em muitos anos a liderar iniciativas de sustentabilidade na Phipps, descobrimos que n\u00e3o podemos aliviar as altera\u00e7\u00f5es clim\u00e1ticas atrav\u00e9s da a\u00e7\u00e3o de uma \u00fanica institui\u00e7\u00e3o ou de um \u00fanico indiv\u00edduo.&nbsp;<strong>Temos de trabalhar em conjunto.<\/strong>&nbsp;Os nossos departamentos de educa\u00e7\u00e3o, instala\u00e7\u00f5es, sustentabilidade, marketing, horticultura, colec\u00e7\u00f5es e outros t\u00eam sido essenciais para ajudar a estabelecer pr\u00e1ticas e continuar a trabalhar para enfrentar as altera\u00e7\u00f5es clim\u00e1ticas, ao mesmo tempo que s\u00e3o activos na nossa comunidade. Se as institui\u00e7\u00f5es p\u00fablicas e os seus profissionais trabalharem em conjunto, podemos partilhar informa\u00e7\u00f5es valiosas e modelos de sucesso, ajudar a responder \u00e0s perguntas uns dos outros, envolver as nossas comunidades e apoiarmo-nos mutuamente nas nossas jornadas de sustentabilidade.<\/p>\n\n\n\n<p>Reserve algum tempo para ler algumas das nossas <a href=\"https:\/\/climatetoolkit.org\/pt\/blog\/\">artigos educativos<\/a>, veja alguns dos nossos <a href=\"https:\/\/climatetoolkit.org\/pt\/webinars\/\">webinars<\/a>e inscreva-se no nosso <a href=\"https:\/\/climatetoolkit.org\/pt\/newsletter\/\">boletim informativo<\/a>! Estamos ansiosos por estabelecer mais contactos - e n\u00e3o h\u00e1 limites para o que podemos alcan\u00e7ar juntos.<\/p>\n\n\n\n<p>Com os melhores cumprimentos,<\/p>\n\n\n\n<figure class=\"wp-block-image is-resized\"><img decoding=\"async\" src=\"https:\/\/www.phipps.conservatory.org\/assets\/images\/as_art_image\/rvpsig.png\" alt=\"\" style=\"width:163px;height:50px\"\/><\/figure>\n\n\n\n<p><strong>Richard V. Piacentini<\/strong><br>Presidente e Diretor Executivo <br>Conservat\u00f3rio e Jardim Bot\u00e2nico Phipps<\/p>","protected":false},"excerpt":{"rendered":"<p>Welcome to The Climate Toolkit Dear Climate Toolkit Visitors, It wasn\u2019t long ago that many of us in the world of cultural institutions felt that if our mission didn\u2019t explicitly state that we should be concerned with the environment and &hellip;<\/p>\n<p class=\"read-more\"> <a class=\"\" href=\"https:\/\/climatetoolkit.org\/pt\/welcome-to-the-climate-toolkit\/\"> <span class=\"screen-reader-text\">Bem-vindo ao Kit de ferramentas para o clima<\/span> Ler mais \"<\/a><\/p>","protected":false},"author":2,"featured_media":0,"parent":0,"menu_order":0,"comment_status":"closed","ping_status":"closed","template":"","meta":{"_acf_changed":false,"inline_featured_image":false,"advgb_blocks_editor_width":"","advgb_blocks_columns_visual_guide":"","footnotes":""},"class_list":["post-1495","page","type-page","status-publish","hentry"],"acf":[],"yoast_head":"<!-- This site is optimized with the Yoast SEO plugin v27.4 - https:\/\/yoast.com\/product\/yoast-seo-wordpress\/ -->\n<title>Welcome to the Climate Toolkit - The Climate Toolkit<\/title>\n<meta name=\"robots\" content=\"index, follow, max-snippet:-1, max-image-preview:large, max-video-preview:-1\" \/>\n<link rel=\"canonical\" href=\"https:\/\/climatetoolkit.org\/pt\/welcome-to-the-climate-toolkit\/\" \/>\n<meta property=\"og:locale\" content=\"pt_PT\" \/>\n<meta property=\"og:type\" content=\"article\" \/>\n<meta property=\"og:title\" content=\"Welcome to the Climate Toolkit - The Climate Toolkit\" \/>\n<meta property=\"og:description\" content=\"Welcome to The Climate Toolkit Dear Climate Toolkit Visitors, It wasn\u2019t long ago that many of us in the world of cultural institutions felt that if our mission didn\u2019t explicitly state that we should be concerned with the environment and &hellip; Welcome to the Climate Toolkit Read More &raquo;\" \/>\n<meta property=\"og:url\" content=\"https:\/\/climatetoolkit.org\/pt\/welcome-to-the-climate-toolkit\/\" \/>\n<meta property=\"og:site_name\" content=\"The Climate Toolkit\" \/>\n<meta property=\"article:modified_time\" content=\"2026-03-13T18:44:52+00:00\" \/>\n<meta property=\"og:image\" content=\"https:\/\/climatetoolkit.org\/wp-content\/uploads\/2022\/02\/Richard-Headshot.jpeg\" \/>\n\t<meta property=\"og:image:width\" content=\"1280\" \/>\n\t<meta property=\"og:image:height\" content=\"853\" \/>\n\t<meta property=\"og:image:type\" content=\"image\/jpeg\" \/>\n<meta name=\"twitter:card\" content=\"summary_large_image\" \/>\n<meta name=\"twitter:label1\" content=\"Tempo estimado de leitura\" \/>\n\t<meta name=\"twitter:data1\" content=\"3 minutos\" \/>\n<script type=\"application\/ld+json\" class=\"yoast-schema-graph\">{\"@context\":\"https:\\\/\\\/schema.org\",\"@graph\":[{\"@type\":\"WebPage\",\"@id\":\"https:\\\/\\\/climatetoolkit.org\\\/welcome-to-the-climate-toolkit\\\/\",\"url\":\"https:\\\/\\\/climatetoolkit.org\\\/welcome-to-the-climate-toolkit\\\/\",\"name\":\"Welcome to the Climate Toolkit - The Climate Toolkit\",\"isPartOf\":{\"@id\":\"https:\\\/\\\/climatetoolkit.org\\\/#website\"},\"primaryImageOfPage\":{\"@id\":\"https:\\\/\\\/climatetoolkit.org\\\/welcome-to-the-climate-toolkit\\\/#primaryimage\"},\"image\":{\"@id\":\"https:\\\/\\\/climatetoolkit.org\\\/welcome-to-the-climate-toolkit\\\/#primaryimage\"},\"thumbnailUrl\":\"https:\\\/\\\/climatetoolkit.org\\\/wp-content\\\/uploads\\\/2022\\\/02\\\/Richard-Headshot-1024x682.jpeg\",\"datePublished\":\"2022-03-03T19:16:05+00:00\",\"dateModified\":\"2026-03-13T18:44:52+00:00\",\"breadcrumb\":{\"@id\":\"https:\\\/\\\/climatetoolkit.org\\\/welcome-to-the-climate-toolkit\\\/#breadcrumb\"},\"inLanguage\":\"pt-PT\",\"potentialAction\":[{\"@type\":\"ReadAction\",\"target\":[\"https:\\\/\\\/climatetoolkit.org\\\/welcome-to-the-climate-toolkit\\\/\"]}]},{\"@type\":\"ImageObject\",\"inLanguage\":\"pt-PT\",\"@id\":\"https:\\\/\\\/climatetoolkit.org\\\/welcome-to-the-climate-toolkit\\\/#primaryimage\",\"url\":\"https:\\\/\\\/climatetoolkit.org\\\/wp-content\\\/uploads\\\/2022\\\/02\\\/Richard-Headshot-1024x682.jpeg\",\"contentUrl\":\"https:\\\/\\\/climatetoolkit.org\\\/wp-content\\\/uploads\\\/2022\\\/02\\\/Richard-Headshot-1024x682.jpeg\"},{\"@type\":\"BreadcrumbList\",\"@id\":\"https:\\\/\\\/climatetoolkit.org\\\/welcome-to-the-climate-toolkit\\\/#breadcrumb\",\"itemListElement\":[{\"@type\":\"ListItem\",\"position\":1,\"name\":\"Home\",\"item\":\"https:\\\/\\\/climatetoolkit.org\\\/\"},{\"@type\":\"ListItem\",\"position\":2,\"name\":\"Welcome to the Climate Toolkit\"}]},{\"@type\":\"WebSite\",\"@id\":\"https:\\\/\\\/climatetoolkit.org\\\/#website\",\"url\":\"https:\\\/\\\/climatetoolkit.org\\\/\",\"name\":\"The Climate Toolkit\",\"description\":\"For Museums, Gardens and Zoos\",\"publisher\":{\"@id\":\"https:\\\/\\\/climatetoolkit.org\\\/#organization\"},\"potentialAction\":[{\"@type\":\"SearchAction\",\"target\":{\"@type\":\"EntryPoint\",\"urlTemplate\":\"https:\\\/\\\/climatetoolkit.org\\\/?s={search_term_string}\"},\"query-input\":{\"@type\":\"PropertyValueSpecification\",\"valueRequired\":true,\"valueName\":\"search_term_string\"}}],\"inLanguage\":\"pt-PT\"},{\"@type\":\"Organization\",\"@id\":\"https:\\\/\\\/climatetoolkit.org\\\/#organization\",\"name\":\"The Climate Toolkit\",\"url\":\"https:\\\/\\\/climatetoolkit.org\\\/\",\"logo\":{\"@type\":\"ImageObject\",\"inLanguage\":\"pt-PT\",\"@id\":\"https:\\\/\\\/climatetoolkit.org\\\/#\\\/schema\\\/logo\\\/image\\\/\",\"url\":\"https:\\\/\\\/climatetoolkit.org\\\/wp-content\\\/uploads\\\/2020\\\/05\\\/C_logo.png\",\"contentUrl\":\"https:\\\/\\\/climatetoolkit.org\\\/wp-content\\\/uploads\\\/2020\\\/05\\\/C_logo.png\",\"width\":512,\"height\":512,\"caption\":\"The Climate Toolkit\"},\"image\":{\"@id\":\"https:\\\/\\\/climatetoolkit.org\\\/#\\\/schema\\\/logo\\\/image\\\/\"}}]}<\/script>\n<!-- \/ Yoast SEO plugin. -->","yoast_head_json":{"title":"Welcome to the Climate Toolkit - The Climate Toolkit","robots":{"index":"index","follow":"follow","max-snippet":"max-snippet:-1","max-image-preview":"max-image-preview:large","max-video-preview":"max-video-preview:-1"},"canonical":"https:\/\/climatetoolkit.org\/pt\/welcome-to-the-climate-toolkit\/","og_locale":"pt_PT","og_type":"article","og_title":"Welcome to the Climate Toolkit - The Climate Toolkit","og_description":"Welcome to The Climate Toolkit Dear Climate Toolkit Visitors, It wasn\u2019t long ago that many of us in the world of cultural institutions felt that if our mission didn\u2019t explicitly state that we should be concerned with the environment and &hellip; Welcome to the Climate Toolkit Read More &raquo;","og_url":"https:\/\/climatetoolkit.org\/pt\/welcome-to-the-climate-toolkit\/","og_site_name":"The Climate Toolkit","article_modified_time":"2026-03-13T18:44:52+00:00","og_image":[{"width":1280,"height":853,"url":"https:\/\/climatetoolkit.org\/wp-content\/uploads\/2022\/02\/Richard-Headshot.jpeg","type":"image\/jpeg"}],"twitter_card":"summary_large_image","twitter_misc":{"Tempo estimado de leitura":"3 minutos"},"schema":{"@context":"https:\/\/schema.org","@graph":[{"@type":"WebPage","@id":"https:\/\/climatetoolkit.org\/welcome-to-the-climate-toolkit\/","url":"https:\/\/climatetoolkit.org\/welcome-to-the-climate-toolkit\/","name":"Welcome to the Climate Toolkit - The Climate Toolkit","isPartOf":{"@id":"https:\/\/climatetoolkit.org\/#website"},"primaryImageOfPage":{"@id":"https:\/\/climatetoolkit.org\/welcome-to-the-climate-toolkit\/#primaryimage"},"image":{"@id":"https:\/\/climatetoolkit.org\/welcome-to-the-climate-toolkit\/#primaryimage"},"thumbnailUrl":"https:\/\/climatetoolkit.org\/wp-content\/uploads\/2022\/02\/Richard-Headshot-1024x682.jpeg","datePublished":"2022-03-03T19:16:05+00:00","dateModified":"2026-03-13T18:44:52+00:00","breadcrumb":{"@id":"https:\/\/climatetoolkit.org\/welcome-to-the-climate-toolkit\/#breadcrumb"},"inLanguage":"pt-PT","potentialAction":[{"@type":"ReadAction","target":["https:\/\/climatetoolkit.org\/welcome-to-the-climate-toolkit\/"]}]},{"@type":"ImageObject","inLanguage":"pt-PT","@id":"https:\/\/climatetoolkit.org\/welcome-to-the-climate-toolkit\/#primaryimage","url":"https:\/\/climatetoolkit.org\/wp-content\/uploads\/2022\/02\/Richard-Headshot-1024x682.jpeg","contentUrl":"https:\/\/climatetoolkit.org\/wp-content\/uploads\/2022\/02\/Richard-Headshot-1024x682.jpeg"},{"@type":"BreadcrumbList","@id":"https:\/\/climatetoolkit.org\/welcome-to-the-climate-toolkit\/#breadcrumb","itemListElement":[{"@type":"ListItem","position":1,"name":"Home","item":"https:\/\/climatetoolkit.org\/"},{"@type":"ListItem","position":2,"name":"Welcome to the Climate Toolkit"}]},{"@type":"WebSite","@id":"https:\/\/climatetoolkit.org\/#website","url":"https:\/\/climatetoolkit.org\/","name":"O kit de ferramentas para o clima","description":"Para museus, jardins e jardins zool\u00f3gicos","publisher":{"@id":"https:\/\/climatetoolkit.org\/#organization"},"potentialAction":[{"@type":"SearchAction","target":{"@type":"EntryPoint","urlTemplate":"https:\/\/climatetoolkit.org\/?s={search_term_string}"},"query-input":{"@type":"PropertyValueSpecification","valueRequired":true,"valueName":"search_term_string"}}],"inLanguage":"pt-PT"},{"@type":"Organization","@id":"https:\/\/climatetoolkit.org\/#organization","name":"O kit de ferramentas para o clima","url":"https:\/\/climatetoolkit.org\/","logo":{"@type":"ImageObject","inLanguage":"pt-PT","@id":"https:\/\/climatetoolkit.org\/#\/schema\/logo\/image\/","url":"https:\/\/climatetoolkit.org\/wp-content\/uploads\/2020\/05\/C_logo.png","contentUrl":"https:\/\/climatetoolkit.org\/wp-content\/uploads\/2020\/05\/C_logo.png","width":512,"height":512,"caption":"The Climate Toolkit"},"image":{"@id":"https:\/\/climatetoolkit.org\/#\/schema\/logo\/image\/"}}]}},"coauthors":[],"author_meta":{"author_link":"https:\/\/climatetoolkit.org\/pt\/author\/joe\/","display_name":"joe reed"},"relative_dates":{"created":"Posted 4 anos ago","modified":"Updated 1 m\u00eas ago"},"absolute_dates":{"created":"Posted on Mar\u00e7o 3, 2022","modified":"Updated on Mar\u00e7o 13, 2026"},"absolute_dates_time":{"created":"Posted on Mar\u00e7o 3, 2022 2:16 pm","modified":"Updated on Mar\u00e7o 13, 2026 2:44 pm"},"featured_img_caption":"","featured_img":false,"series_order":"","_links":{"self":[{"href":"https:\/\/climatetoolkit.org\/pt\/wp-json\/wp\/v2\/pages\/1495","targetHints":{"allow":["GET"]}}],"collection":[{"href":"https:\/\/climatetoolkit.org\/pt\/wp-json\/wp\/v2\/pages"}],"about":[{"href":"https:\/\/climatetoolkit.org\/pt\/wp-json\/wp\/v2\/types\/page"}],"author":[{"embeddable":true,"href":"https:\/\/climatetoolkit.org\/pt\/wp-json\/wp\/v2\/users\/2"}],"replies":[{"embeddable":true,"href":"https:\/\/climatetoolkit.org\/pt\/wp-json\/wp\/v2\/comments?post=1495"}],"version-history":[{"count":2,"href":"https:\/\/climatetoolkit.org\/pt\/wp-json\/wp\/v2\/pages\/1495\/revisions"}],"predecessor-version":[{"id":5586,"href":"https:\/\/climatetoolkit.org\/pt\/wp-json\/wp\/v2\/pages\/1495\/revisions\/5586"}],"wp:attachment":[{"href":"https:\/\/climatetoolkit.org\/pt\/wp-json\/wp\/v2\/media?parent=1495"}],"curies":[{"name":"wp","href":"https:\/\/api.w.org\/{rel}","templated":true}]}}