{"id":1260,"date":"2021-10-18T14:22:30","date_gmt":"2021-10-18T18:22:30","guid":{"rendered":"https:\/\/climatetoolkit.org\/?page_id=1260"},"modified":"2024-11-12T09:15:03","modified_gmt":"2024-11-12T14:15:03","slug":"newsletter","status":"publish","type":"page","link":"https:\/\/climatetoolkit.org\/pt\/newsletter\/","title":{"rendered":"Subscrever o boletim informativo e a lista de contactos do Climate Toolkit"},"content":{"rendered":"<h2 class=\"wp-block-heading\">Subscrever o boletim informativo e a lista de contactos do Climate Toolkit<\/h2>\n\n\n\n<p>O Climate Toolkit \u00e9 uma oportunidade de colabora\u00e7\u00e3o para <strong>museus, jardins, jardins zool\u00f3gicos, centros de ci\u00eancia, centros naturais, esta\u00e7\u00f5es de campo<\/strong>\u00a0e institui\u00e7\u00f5es afins que pretendam aprender a\u00a0<strong>enfrentar agressivamente as altera\u00e7\u00f5es clim\u00e1ticas<\/strong>\u00a0nas suas pr\u00f3prias organiza\u00e7\u00f5es e inspirar as comunidades que servem a seguir o seu exemplo. <strong>Subscrever a nossa newsletter mensal<\/strong> para estar a par dos nossos \u00faltimos recursos, eventos e outras informa\u00e7\u00f5es \u00fateis.<\/p>\n\n\n\n<div class=\"wp-block-group\"><div class=\"wp-block-group__inner-container is-layout-constrained wp-block-group-is-layout-constrained\">\n<div class=\"wp-block-buttons is-layout-flex wp-block-buttons-is-layout-flex\">\n<div class=\"wp-block-button\" style=\"font-style:normal;font-weight:700\"><a class=\"wp-block-button__link has-white-color has-luminous-vivid-amber-background-color has-text-color has-background has-link-color wp-element-button\" href=\"https:\/\/phippsconservatory.prospect2.com\/f\/11\" style=\"border-radius:4px\">Inscrever-se<\/a><\/div>\n<\/div>\n<\/div><\/div>\n\n\n\n<p id=\"listserv\">Temos o prazer de anunciar o <strong>Listserv do kit de ferramentas para o clima <\/strong>para permitir conversas mais pequenas sobre as altera\u00e7\u00f5es clim\u00e1ticas por correio eletr\u00f3nico. O Listserv est\u00e1 dispon\u00edvel para qualquer profissional que trabalhe numa <strong>museu, jardim, jardim zool\u00f3gico, centro de ci\u00eancia, centro natural, esta\u00e7\u00e3o de campo<\/strong>\u00a0ou institui\u00e7\u00e3o relacionada. Esperamos que os membros a utilizem para colocar quest\u00f5es e partilhar not\u00edcias \u00e0 medida que cada uma das nossas institui\u00e7\u00f5es prossegue o seu trabalho de combate \u00e0s altera\u00e7\u00f5es clim\u00e1ticas.<\/p>\n\n\n\n<p>Para sua conveni\u00eancia, a Listserv tem tr\u00eas op\u00e7\u00f5es para receber mensagens:&nbsp;<\/p>\n\n\n\n<ol class=\"wp-block-list\">\n<li><strong>Imediatamente<\/strong>: Todas as mensagens enviadas ser\u00e3o imediatamente enviadas para a sua caixa de entrada.&nbsp;<\/li>\n\n\n\n<li><strong>Resumo di\u00e1rio<\/strong>: Receber\u00e1 diariamente uma mensagem de correio eletr\u00f3nico com todas as mensagens desse dia. Pode percorrer as mensagens anteriores para as ver individualmente.<\/li>\n\n\n\n<li><strong>Pausa em todas as mensagens<\/strong>: Se, por qualquer raz\u00e3o, necessitar de interromper as mensagens, pode faz\u00ea-lo em qualquer altura.&nbsp;<\/li>\n<\/ol>\n\n\n\n<p>Estamos ansiosos por nos relacionarmos consigo desta nova forma!<\/p>\n\n\n\n<form method=\"post\" action=\"https:\/\/gaggle.email\/join\/climatetoolkit@gaggle.email\">\n    <div>\n<label for=\"mce-Name\">Nome e apelido <\/label>\n        <input name=\"name\" type=\"text\" placeholder=\" \">\n    <\/div>\n\t<label for=\"mce-EMAIL\">Endere\u00e7o de correio eletr\u00f3nico <\/label>\n   <input name=\"email\" type=\"email\" placeholder=\" \">\n<div class=\"mc-field-group\">\n <\/div>\n <div>\n    <button>Aderir ao grupo<\/button>\n    <\/div>\n<\/form>","protected":false},"excerpt":{"rendered":"<p>Subscrever o boletim informativo e a lista de contactos do Climate Toolkit O Climate Toolkit \u00e9 uma oportunidade de colabora\u00e7\u00e3o para museus, jardins, jardins zool\u00f3gicos, centros de ci\u00eancia, centros naturais, esta\u00e7\u00f5es de campo e institui\u00e7\u00f5es relacionadas que queiram aprender a lidar agressivamente com as altera\u00e7\u00f5es clim\u00e1ticas nas suas pr\u00f3prias organiza\u00e7\u00f5es ...<\/p>\n<p class=\"read-more\"> <a class=\"\" href=\"https:\/\/climatetoolkit.org\/pt\/newsletter\/\"> <span class=\"screen-reader-text\">Subscrever o boletim informativo e a lista de contactos do Climate Toolkit<\/span> Ler mais \"<\/a><\/p>","protected":false},"author":2,"featured_media":0,"parent":0,"menu_order":0,"comment_status":"closed","ping_status":"closed","template":"","meta":{"_acf_changed":false,"inline_featured_image":false,"advgb_blocks_editor_width":"","advgb_blocks_columns_visual_guide":"","footnotes":""},"class_list":["post-1260","page","type-page","status-publish","hentry"],"acf":[],"yoast_head":"<!-- This site is optimized with the Yoast SEO plugin v27.5 - https:\/\/yoast.com\/product\/yoast-seo-wordpress\/ -->\n<title>Sign Up for The Climate Toolkit Newsletter and Listserv - The Climate Toolkit<\/title>\n<meta name=\"robots\" content=\"index, follow, max-snippet:-1, max-image-preview:large, max-video-preview:-1\" \/>\n<link rel=\"canonical\" href=\"https:\/\/climatetoolkit.org\/pt\/newsletter\/\" \/>\n<meta property=\"og:locale\" content=\"pt_PT\" \/>\n<meta property=\"og:type\" content=\"article\" \/>\n<meta property=\"og:title\" content=\"Sign Up for The Climate Toolkit Newsletter and Listserv - The Climate Toolkit\" \/>\n<meta property=\"og:description\" content=\"Sign Up for The Climate Toolkit Newsletter and Listserv The Climate Toolkit is a collaborative opportunity for museums, gardens, zoos, science centers, nature centers, field stations\u00a0and related institutions who want to learn how to\u00a0aggressively address climate change\u00a0within their own organizations &hellip; Sign Up for The Climate Toolkit Newsletter and Listserv Read More &raquo;\" \/>\n<meta property=\"og:url\" content=\"https:\/\/climatetoolkit.org\/pt\/newsletter\/\" \/>\n<meta property=\"og:site_name\" content=\"The Climate Toolkit\" \/>\n<meta property=\"article:modified_time\" content=\"2024-11-12T14:15:03+00:00\" \/>\n<meta name=\"twitter:card\" content=\"summary_large_image\" \/>\n<meta name=\"twitter:label1\" content=\"Tempo estimado de leitura\" \/>\n\t<meta name=\"twitter:data1\" content=\"1 minuto\" \/>\n<script type=\"application\/ld+json\" class=\"yoast-schema-graph\">{\"@context\":\"https:\\\/\\\/schema.org\",\"@graph\":[{\"@type\":\"WebPage\",\"@id\":\"https:\\\/\\\/climatetoolkit.org\\\/newsletter\\\/\",\"url\":\"https:\\\/\\\/climatetoolkit.org\\\/newsletter\\\/\",\"name\":\"Sign Up for The Climate Toolkit Newsletter and Listserv - The Climate Toolkit\",\"isPartOf\":{\"@id\":\"https:\\\/\\\/climatetoolkit.org\\\/#website\"},\"datePublished\":\"2021-10-18T18:22:30+00:00\",\"dateModified\":\"2024-11-12T14:15:03+00:00\",\"breadcrumb\":{\"@id\":\"https:\\\/\\\/climatetoolkit.org\\\/newsletter\\\/#breadcrumb\"},\"inLanguage\":\"pt-PT\",\"potentialAction\":[{\"@type\":\"ReadAction\",\"target\":[\"https:\\\/\\\/climatetoolkit.org\\\/newsletter\\\/\"]}]},{\"@type\":\"BreadcrumbList\",\"@id\":\"https:\\\/\\\/climatetoolkit.org\\\/newsletter\\\/#breadcrumb\",\"itemListElement\":[{\"@type\":\"ListItem\",\"position\":1,\"name\":\"Home\",\"item\":\"https:\\\/\\\/climatetoolkit.org\\\/\"},{\"@type\":\"ListItem\",\"position\":2,\"name\":\"Sign Up for The Climate Toolkit Newsletter and Listserv\"}]},{\"@type\":\"WebSite\",\"@id\":\"https:\\\/\\\/climatetoolkit.org\\\/#website\",\"url\":\"https:\\\/\\\/climatetoolkit.org\\\/\",\"name\":\"The Climate Toolkit\",\"description\":\"For Museums, Gardens and Zoos\",\"publisher\":{\"@id\":\"https:\\\/\\\/climatetoolkit.org\\\/#organization\"},\"potentialAction\":[{\"@type\":\"SearchAction\",\"target\":{\"@type\":\"EntryPoint\",\"urlTemplate\":\"https:\\\/\\\/climatetoolkit.org\\\/?s={search_term_string}\"},\"query-input\":{\"@type\":\"PropertyValueSpecification\",\"valueRequired\":true,\"valueName\":\"search_term_string\"}}],\"inLanguage\":\"pt-PT\"},{\"@type\":\"Organization\",\"@id\":\"https:\\\/\\\/climatetoolkit.org\\\/#organization\",\"name\":\"The Climate Toolkit\",\"url\":\"https:\\\/\\\/climatetoolkit.org\\\/\",\"logo\":{\"@type\":\"ImageObject\",\"inLanguage\":\"pt-PT\",\"@id\":\"https:\\\/\\\/climatetoolkit.org\\\/#\\\/schema\\\/logo\\\/image\\\/\",\"url\":\"https:\\\/\\\/climatetoolkit.org\\\/wp-content\\\/uploads\\\/2020\\\/05\\\/C_logo.png\",\"contentUrl\":\"https:\\\/\\\/climatetoolkit.org\\\/wp-content\\\/uploads\\\/2020\\\/05\\\/C_logo.png\",\"width\":512,\"height\":512,\"caption\":\"The Climate Toolkit\"},\"image\":{\"@id\":\"https:\\\/\\\/climatetoolkit.org\\\/#\\\/schema\\\/logo\\\/image\\\/\"}}]}<\/script>\n<!-- \/ Yoast SEO plugin. -->","yoast_head_json":{"title":"Subscrever a Newsletter e a Listserv do Climate Toolkit - The Climate Toolkit","robots":{"index":"index","follow":"follow","max-snippet":"max-snippet:-1","max-image-preview":"max-image-preview:large","max-video-preview":"max-video-preview:-1"},"canonical":"https:\/\/climatetoolkit.org\/pt\/newsletter\/","og_locale":"pt_PT","og_type":"article","og_title":"Sign Up for The Climate Toolkit Newsletter and Listserv - The Climate Toolkit","og_description":"Sign Up for The Climate Toolkit Newsletter and Listserv The Climate Toolkit is a collaborative opportunity for museums, gardens, zoos, science centers, nature centers, field stations\u00a0and related institutions who want to learn how to\u00a0aggressively address climate change\u00a0within their own organizations &hellip; Sign Up for The Climate Toolkit Newsletter and Listserv Read More &raquo;","og_url":"https:\/\/climatetoolkit.org\/pt\/newsletter\/","og_site_name":"The Climate Toolkit","article_modified_time":"2024-11-12T14:15:03+00:00","twitter_card":"summary_large_image","twitter_misc":{"Tempo estimado de leitura":"1 minuto"},"schema":{"@context":"https:\/\/schema.org","@graph":[{"@type":"WebPage","@id":"https:\/\/climatetoolkit.org\/newsletter\/","url":"https:\/\/climatetoolkit.org\/newsletter\/","name":"Subscrever a Newsletter e a Listserv do Climate Toolkit - The Climate Toolkit","isPartOf":{"@id":"https:\/\/climatetoolkit.org\/#website"},"datePublished":"2021-10-18T18:22:30+00:00","dateModified":"2024-11-12T14:15:03+00:00","breadcrumb":{"@id":"https:\/\/climatetoolkit.org\/newsletter\/#breadcrumb"},"inLanguage":"pt-PT","potentialAction":[{"@type":"ReadAction","target":["https:\/\/climatetoolkit.org\/newsletter\/"]}]},{"@type":"BreadcrumbList","@id":"https:\/\/climatetoolkit.org\/newsletter\/#breadcrumb","itemListElement":[{"@type":"ListItem","position":1,"name":"Home","item":"https:\/\/climatetoolkit.org\/"},{"@type":"ListItem","position":2,"name":"Sign Up for The Climate Toolkit Newsletter and Listserv"}]},{"@type":"WebSite","@id":"https:\/\/climatetoolkit.org\/#website","url":"https:\/\/climatetoolkit.org\/","name":"O kit de ferramentas para o clima","description":"Para museus, jardins e jardins zool\u00f3gicos","publisher":{"@id":"https:\/\/climatetoolkit.org\/#organization"},"potentialAction":[{"@type":"SearchAction","target":{"@type":"EntryPoint","urlTemplate":"https:\/\/climatetoolkit.org\/?s={search_term_string}"},"query-input":{"@type":"PropertyValueSpecification","valueRequired":true,"valueName":"search_term_string"}}],"inLanguage":"pt-PT"},{"@type":"Organization","@id":"https:\/\/climatetoolkit.org\/#organization","name":"O kit de ferramentas para o clima","url":"https:\/\/climatetoolkit.org\/","logo":{"@type":"ImageObject","inLanguage":"pt-PT","@id":"https:\/\/climatetoolkit.org\/#\/schema\/logo\/image\/","url":"https:\/\/climatetoolkit.org\/wp-content\/uploads\/2020\/05\/C_logo.png","contentUrl":"https:\/\/climatetoolkit.org\/wp-content\/uploads\/2020\/05\/C_logo.png","width":512,"height":512,"caption":"The Climate Toolkit"},"image":{"@id":"https:\/\/climatetoolkit.org\/#\/schema\/logo\/image\/"}}]}},"coauthors":[],"author_meta":{"author_link":"https:\/\/climatetoolkit.org\/pt\/author\/joe\/","display_name":"joe reed"},"relative_dates":{"created":"Posted 5 anos ago","modified":"Updated 1 ano ago"},"absolute_dates":{"created":"Posted on Outubro 18, 2021","modified":"Updated on Novembro 12, 2024"},"absolute_dates_time":{"created":"Posted on Outubro 18, 2021 2:22 pm","modified":"Updated on Novembro 12, 2024 9:15 am"},"featured_img_caption":"","featured_img":false,"series_order":"","_links":{"self":[{"href":"https:\/\/climatetoolkit.org\/pt\/wp-json\/wp\/v2\/pages\/1260","targetHints":{"allow":["GET"]}}],"collection":[{"href":"https:\/\/climatetoolkit.org\/pt\/wp-json\/wp\/v2\/pages"}],"about":[{"href":"https:\/\/climatetoolkit.org\/pt\/wp-json\/wp\/v2\/types\/page"}],"author":[{"embeddable":true,"href":"https:\/\/climatetoolkit.org\/pt\/wp-json\/wp\/v2\/users\/2"}],"replies":[{"embeddable":true,"href":"https:\/\/climatetoolkit.org\/pt\/wp-json\/wp\/v2\/comments?post=1260"}],"version-history":[{"count":1,"href":"https:\/\/climatetoolkit.org\/pt\/wp-json\/wp\/v2\/pages\/1260\/revisions"}],"predecessor-version":[{"id":3922,"href":"https:\/\/climatetoolkit.org\/pt\/wp-json\/wp\/v2\/pages\/1260\/revisions\/3922"}],"wp:attachment":[{"href":"https:\/\/climatetoolkit.org\/pt\/wp-json\/wp\/v2\/media?parent=1260"}],"curies":[{"name":"wp","href":"https:\/\/api.w.org\/{rel}","templated":true}]}}