{"id":987,"date":"2021-08-16T13:46:24","date_gmt":"2021-08-16T17:46:24","guid":{"rendered":"https:\/\/climatetoolkit.org\/?page_id=987"},"modified":"2023-03-16T14:01:52","modified_gmt":"2023-03-16T18:01:52","slug":"how-to-join-the-climate-toolkit","status":"publish","type":"page","link":"https:\/\/climatetoolkit.org\/it\/how-to-join-the-climate-toolkit\/","title":{"rendered":"How to Join the Climate Toolkit"},"content":{"rendered":"<p>Diamo il benvenuto a tutti i giardini, gli arboreti, i musei, i centri scientifici, gli acquari e gli zoo per unirsi al Climate Toolkit! Il Toolkit riunisce le organizzazioni per lavorare insieme agli obiettivi e alle sfide del clima. Tutte le organizzazioni sono benvenute; <strong>non importa<\/strong> <strong>dove vi trovate su<\/strong> <strong>il vostro viaggio, siamo qui per aiutarvi a compiere i prossimi passi<\/strong>. <\/p>\n\n\n\n<p>Per aderire al toolkit, chiediamo a tutte le istituzioni di compilare il nostro breve modulo di candidatura. Qui vi verr\u00e0 chiesto di: <\/p>\n\n\n\n<ol class=\"wp-block-list\">\n<li>Dichiarare un <strong>area di interesse <\/strong>(scegliendo tra energia, acqua, ristorazione, trasporti, rifiuti, paesaggio e orticoltura, investimenti, visitatori o ricerca);<\/li>\n\n\n\n<li>Selezionare tutte le caselle applicabili relative al proprio <strong>progresso dell'obiettivo<\/strong> in quell'area di interesse; e<\/li>\n\n\n\n<li>\u00c8 possibile scegliere altri obiettivi su cui condividere le informazioni.<\/li>\n<\/ol>\n\n\n\n<p>Una volta compilato il modulo, un membro del nostro staff si metter\u00e0 in contatto con voi. Per qualsiasi domanda, inviate un'e-mail: <a href=\"mailto:climatetoolkit@phipps.conservatory.org\"><strong>climatetoolkit@phipps.conservatory.org<\/strong><\/a>.<\/p>\n\n\n\n<h2 class=\"wp-block-heading\">Aggiornare il profilo<\/h2>\n\n\n\n<p>Il Climate Toolkit ha creato un modulo in cui le istituzioni possono aggiornarci sugli obiettivi perseguiti, sui cambiamenti nelle aree di interesse, sulle nuove iniziative e altro ancora. Se desiderate aggiornare i vostri obiettivi di azione per il clima, vi invitiamo a <strong><a href=\"https:\/\/climatetoolkit.org\/it\/the-climate-toolkit-update\/\">compilare il nostro modulo di aggiornamento<\/a><\/strong> o <a href=\"mailto:climatetoolkit@phipps.conservatory.org\"><strong>inviateci un'e-mail<\/strong><\/a>. <\/p>\n\n\n\n<ul class=\"wp-block-list\">\n<li><a href=\"https:\/\/climatetoolkit.org\/it\/the-climate-toolkit-update\/\">Aggiornare il profilo<\/a><\/li>\n<\/ul>\n\n\n\n<h2 class=\"wp-block-heading\">Domande frequenti<\/h2>\n\n\n<div\n\t\t\t\n\t\t\tclass=\"so-widget-sow-accordion so-widget-sow-accordion-default-5674beebb4fa\"\n\t\t\t\n\t\t><div>\n\t<div class=\"sow-accordion\">\n\t\t\t<div class=\"sow-accordion-panel\"\n\t\t\t\tdata-anchor-id=\"what-if-my-institution-has-only-completed-one-goal\">\n\t\t\t\t\t<div class=\"sow-accordion-panel-header-container\" role=\"heading\" aria-level=\"2\">\n\t\t\t\t\t<div class=\"sow-accordion-panel-header\" tabindex=\"0\" role=\"button\" id=\"accordion-label-what-if-my-institution-has-only-completed-one-goal\" aria-controls=\"accordion-content-what-if-my-institution-has-only-completed-one-goal\" aria-expanded=\"false\">\n\t\t\t\t\t\t<div class=\"sow-accordion-title sow-accordion-title-icon-left\">\n\t\t\t\t\t\t\t\t\t\t\t\t\t\tCosa succede se la mia istituzione ha completato solo un obiettivo? \t\t\t\t\t\t\t\t\t\t\t\t\t<\/div>\n\t\t\t\t\t\t<div class=\"sow-accordion-open-close-button\">\n\t\t\t\t\t\t\t<div class=\"sow-accordion-open-button\">\n\t\t\t\t\t\t\t\t<span class=\"sow-icon-ionicons\" data-sow-icon=\"&#xf218;\"\n\t\t \n\t\taria-hidden=\"true\"><\/span>\t\t\t\t\t\t\t<\/div>\n\t\t\t\t\t\t\t<div class=\"sow-accordion-close-button\">\n\t\t\t\t\t\t\t\t<span class=\"sow-icon-ionicons\" data-sow-icon=\"&#xf209;\"\n\t\t \n\t\taria-hidden=\"true\"><\/span>\t\t\t\t\t\t\t<\/div>\n\t\t\t\t\t\t<\/div>\n\t\t\t\t\t<\/div>\n\t\t\t\t<\/div>\n\n\t\t\t<div\n\t\t\t\tclass=\"sow-accordion-panel-content\"\n\t\t\t\trole=\"region\"\n\t\t\t\taria-labelledby=\"accordion-label-what-if-my-institution-has-only-completed-one-goal\"\n\t\t\t\tid=\"accordion-content-what-if-my-institution-has-only-completed-one-goal\"\n\t\t\t\tstyle=\"display: none;\"\t\t\t>\n\t\t\t\t<div class=\"sow-accordion-panel-border\">\n\t\t\t\t\t<p>Non c'\u00e8 problema! Il kit di strumenti per il clima accoglie tutte le istituzioni, indipendentemente dal punto in cui si trovano nel loro percorso di azione per il clima. Il Toolkit \u00e8 stato creato per aiutare le istituzioni a discutere e collaborare per diventare pi\u00f9 sostenibili, e i vostri prossimi passi possono iniziare proprio ora.<\/p>\n\t\t\t\t<\/div>\n\t\t\t<\/div>\n\t\t<\/div>\n\t\t\t<div class=\"sow-accordion-panel\"\n\t\t\t\tdata-anchor-id=\"what-are-the-requirements-of-joining-the-climate-toolkit\">\n\t\t\t\t\t<div class=\"sow-accordion-panel-header-container\" role=\"heading\" aria-level=\"2\">\n\t\t\t\t\t<div class=\"sow-accordion-panel-header\" tabindex=\"0\" role=\"button\" id=\"accordion-label-what-are-the-requirements-of-joining-the-climate-toolkit\" aria-controls=\"accordion-content-what-are-the-requirements-of-joining-the-climate-toolkit\" aria-expanded=\"false\">\n\t\t\t\t\t\t<div class=\"sow-accordion-title sow-accordion-title-icon-left\">\n\t\t\t\t\t\t\t\t\t\t\t\t\t\tQuali sono i requisiti per aderire al Climate Toolkit?\t\t\t\t\t\t\t\t\t\t\t\t\t<\/div>\n\t\t\t\t\t\t<div class=\"sow-accordion-open-close-button\">\n\t\t\t\t\t\t\t<div class=\"sow-accordion-open-button\">\n\t\t\t\t\t\t\t\t<span class=\"sow-icon-ionicons\" data-sow-icon=\"&#xf218;\"\n\t\t \n\t\taria-hidden=\"true\"><\/span>\t\t\t\t\t\t\t<\/div>\n\t\t\t\t\t\t\t<div class=\"sow-accordion-close-button\">\n\t\t\t\t\t\t\t\t<span class=\"sow-icon-ionicons\" data-sow-icon=\"&#xf209;\"\n\t\t \n\t\taria-hidden=\"true\"><\/span>\t\t\t\t\t\t\t<\/div>\n\t\t\t\t\t\t<\/div>\n\t\t\t\t\t<\/div>\n\t\t\t\t<\/div>\n\n\t\t\t<div\n\t\t\t\tclass=\"sow-accordion-panel-content\"\n\t\t\t\trole=\"region\"\n\t\t\t\taria-labelledby=\"accordion-label-what-are-the-requirements-of-joining-the-climate-toolkit\"\n\t\t\t\tid=\"accordion-content-what-are-the-requirements-of-joining-the-climate-toolkit\"\n\t\t\t\tstyle=\"display: none;\"\t\t\t>\n\t\t\t\t<div class=\"sow-accordion-panel-border\">\n\t\t\t\t\t<p>Il Climate Toolkit richiede solo il desiderio di creare un'azione per il clima all'interno della vostra istituzione. Potrete ottenere il massimo dal Toolkit seguendo il nostro blog, la serie di webinar e le newsletter, ma il vostro grado di coinvolgimento \u00e8 autodefinito e flessibile.\u00a0<\/p>\n\t\t\t\t<\/div>\n\t\t\t<\/div>\n\t\t<\/div>\n\t\t\t<div class=\"sow-accordion-panel\"\n\t\t\t\tdata-anchor-id=\"why-should-i-join-the-climate-toolkit\">\n\t\t\t\t\t<div class=\"sow-accordion-panel-header-container\" role=\"heading\" aria-level=\"2\">\n\t\t\t\t\t<div class=\"sow-accordion-panel-header\" tabindex=\"0\" role=\"button\" id=\"accordion-label-why-should-i-join-the-climate-toolkit\" aria-controls=\"accordion-content-why-should-i-join-the-climate-toolkit\" aria-expanded=\"false\">\n\t\t\t\t\t\t<div class=\"sow-accordion-title sow-accordion-title-icon-left\">\n\t\t\t\t\t\t\t\t\t\t\t\t\t\tPerch\u00e9 dovrei aderire al Climate Toolkit?\t\t\t\t\t\t\t\t\t\t\t\t\t<\/div>\n\t\t\t\t\t\t<div class=\"sow-accordion-open-close-button\">\n\t\t\t\t\t\t\t<div class=\"sow-accordion-open-button\">\n\t\t\t\t\t\t\t\t<span class=\"sow-icon-ionicons\" data-sow-icon=\"&#xf218;\"\n\t\t \n\t\taria-hidden=\"true\"><\/span>\t\t\t\t\t\t\t<\/div>\n\t\t\t\t\t\t\t<div class=\"sow-accordion-close-button\">\n\t\t\t\t\t\t\t\t<span class=\"sow-icon-ionicons\" data-sow-icon=\"&#xf209;\"\n\t\t \n\t\taria-hidden=\"true\"><\/span>\t\t\t\t\t\t\t<\/div>\n\t\t\t\t\t\t<\/div>\n\t\t\t\t\t<\/div>\n\t\t\t\t<\/div>\n\n\t\t\t<div\n\t\t\t\tclass=\"sow-accordion-panel-content\"\n\t\t\t\trole=\"region\"\n\t\t\t\taria-labelledby=\"accordion-label-why-should-i-join-the-climate-toolkit\"\n\t\t\t\tid=\"accordion-content-why-should-i-join-the-climate-toolkit\"\n\t\t\t\tstyle=\"display: none;\"\t\t\t>\n\t\t\t\t<div class=\"sow-accordion-panel-border\">\n\t\t\t\t\t<p>Perch\u00e9 lavorare insieme rende pi\u00f9 facili i progetti impegnativi! Quando siete pronti a perseguire un obiettivo di azione per il clima, il Toolkit \u00e8 qui per mettervi in contatto con qualcuno che sta lavorando a iniziative simili, in modo da poter condividere le migliori pratiche, fare brainstorming e imparare insieme.<\/p>\n\t\t\t\t<\/div>\n\t\t\t<\/div>\n\t\t<\/div>\n\t\t<\/div>\n<\/div>\n<\/div>","protected":false},"excerpt":{"rendered":"<p>We welcome all gardens, arboreta, museums, science centers, aquariums, and zoos to join The Climate Toolkit! The Toolkit brings organizations together to work towards climate goals and challenges. All organizations are welcome; no matter where you are on your journey, &hellip;<\/p>\n<p class=\"read-more\"> <a class=\"\" href=\"https:\/\/climatetoolkit.org\/it\/how-to-join-the-climate-toolkit\/\"> <span class=\"screen-reader-text\">How to Join the Climate Toolkit<\/span> Leggi tutto \"<\/a><\/p>","protected":false},"author":2,"featured_media":0,"parent":0,"menu_order":0,"comment_status":"closed","ping_status":"closed","template":"","meta":{"_acf_changed":false,"inline_featured_image":false,"advgb_blocks_editor_width":"","advgb_blocks_columns_visual_guide":"","footnotes":""},"class_list":["post-987","page","type-page","status-publish","hentry"],"acf":[],"yoast_head":"<!-- This site is optimized with the Yoast SEO plugin v27.4 - https:\/\/yoast.com\/product\/yoast-seo-wordpress\/ -->\n<title>How to Join the Climate Toolkit - The Climate Toolkit<\/title>\n<meta name=\"robots\" content=\"index, follow, max-snippet:-1, max-image-preview:large, max-video-preview:-1\" \/>\n<link rel=\"canonical\" href=\"https:\/\/climatetoolkit.org\/it\/how-to-join-the-climate-toolkit\/\" \/>\n<meta property=\"og:locale\" content=\"it_IT\" \/>\n<meta property=\"og:type\" content=\"article\" \/>\n<meta property=\"og:title\" content=\"How to Join the Climate Toolkit - The Climate Toolkit\" \/>\n<meta property=\"og:description\" content=\"We welcome all gardens, arboreta, museums, science centers, aquariums, and zoos to join The Climate Toolkit! The Toolkit brings organizations together to work towards climate goals and challenges. All organizations are welcome; no matter where you are on your journey, &hellip; How to Join the Climate Toolkit Leggi tutto &raquo;\" \/>\n<meta property=\"og:url\" content=\"https:\/\/climatetoolkit.org\/it\/how-to-join-the-climate-toolkit\/\" \/>\n<meta property=\"og:site_name\" content=\"The Climate Toolkit\" \/>\n<meta property=\"article:modified_time\" content=\"2023-03-16T18:01:52+00:00\" \/>\n<meta name=\"twitter:card\" content=\"summary_large_image\" \/>\n<meta name=\"twitter:label1\" content=\"Tempo di lettura stimato\" \/>\n\t<meta name=\"twitter:data1\" content=\"1 minuto\" \/>\n<script type=\"application\/ld+json\" class=\"yoast-schema-graph\">{\"@context\":\"https:\\\/\\\/schema.org\",\"@graph\":[{\"@type\":\"WebPage\",\"@id\":\"https:\\\/\\\/climatetoolkit.org\\\/how-to-join-the-climate-toolkit\\\/\",\"url\":\"https:\\\/\\\/climatetoolkit.org\\\/how-to-join-the-climate-toolkit\\\/\",\"name\":\"How to Join the Climate Toolkit - The Climate Toolkit\",\"isPartOf\":{\"@id\":\"https:\\\/\\\/climatetoolkit.org\\\/#website\"},\"datePublished\":\"2021-08-16T17:46:24+00:00\",\"dateModified\":\"2023-03-16T18:01:52+00:00\",\"breadcrumb\":{\"@id\":\"https:\\\/\\\/climatetoolkit.org\\\/how-to-join-the-climate-toolkit\\\/#breadcrumb\"},\"inLanguage\":\"it-IT\",\"potentialAction\":[{\"@type\":\"ReadAction\",\"target\":[\"https:\\\/\\\/climatetoolkit.org\\\/how-to-join-the-climate-toolkit\\\/\"]}]},{\"@type\":\"BreadcrumbList\",\"@id\":\"https:\\\/\\\/climatetoolkit.org\\\/how-to-join-the-climate-toolkit\\\/#breadcrumb\",\"itemListElement\":[{\"@type\":\"ListItem\",\"position\":1,\"name\":\"Home\",\"item\":\"https:\\\/\\\/climatetoolkit.org\\\/\"},{\"@type\":\"ListItem\",\"position\":2,\"name\":\"How to Join the Climate Toolkit\"}]},{\"@type\":\"WebSite\",\"@id\":\"https:\\\/\\\/climatetoolkit.org\\\/#website\",\"url\":\"https:\\\/\\\/climatetoolkit.org\\\/\",\"name\":\"The Climate Toolkit\",\"description\":\"For Museums, Gardens and Zoos\",\"publisher\":{\"@id\":\"https:\\\/\\\/climatetoolkit.org\\\/#organization\"},\"potentialAction\":[{\"@type\":\"SearchAction\",\"target\":{\"@type\":\"EntryPoint\",\"urlTemplate\":\"https:\\\/\\\/climatetoolkit.org\\\/?s={search_term_string}\"},\"query-input\":{\"@type\":\"PropertyValueSpecification\",\"valueRequired\":true,\"valueName\":\"search_term_string\"}}],\"inLanguage\":\"it-IT\"},{\"@type\":\"Organization\",\"@id\":\"https:\\\/\\\/climatetoolkit.org\\\/#organization\",\"name\":\"The Climate Toolkit\",\"url\":\"https:\\\/\\\/climatetoolkit.org\\\/\",\"logo\":{\"@type\":\"ImageObject\",\"inLanguage\":\"it-IT\",\"@id\":\"https:\\\/\\\/climatetoolkit.org\\\/#\\\/schema\\\/logo\\\/image\\\/\",\"url\":\"https:\\\/\\\/climatetoolkit.org\\\/wp-content\\\/uploads\\\/2020\\\/05\\\/C_logo.png\",\"contentUrl\":\"https:\\\/\\\/climatetoolkit.org\\\/wp-content\\\/uploads\\\/2020\\\/05\\\/C_logo.png\",\"width\":512,\"height\":512,\"caption\":\"The Climate Toolkit\"},\"image\":{\"@id\":\"https:\\\/\\\/climatetoolkit.org\\\/#\\\/schema\\\/logo\\\/image\\\/\"}}]}<\/script>\n<!-- \/ Yoast SEO plugin. -->","yoast_head_json":{"title":"How to Join the Climate Toolkit - The Climate Toolkit","robots":{"index":"index","follow":"follow","max-snippet":"max-snippet:-1","max-image-preview":"max-image-preview:large","max-video-preview":"max-video-preview:-1"},"canonical":"https:\/\/climatetoolkit.org\/it\/how-to-join-the-climate-toolkit\/","og_locale":"it_IT","og_type":"article","og_title":"How to Join the Climate Toolkit - The Climate Toolkit","og_description":"We welcome all gardens, arboreta, museums, science centers, aquariums, and zoos to join The Climate Toolkit! The Toolkit brings organizations together to work towards climate goals and challenges. All organizations are welcome; no matter where you are on your journey, &hellip; How to Join the Climate Toolkit Leggi tutto &raquo;","og_url":"https:\/\/climatetoolkit.org\/it\/how-to-join-the-climate-toolkit\/","og_site_name":"The Climate Toolkit","article_modified_time":"2023-03-16T18:01:52+00:00","twitter_card":"summary_large_image","twitter_misc":{"Tempo di lettura stimato":"1 minuto"},"schema":{"@context":"https:\/\/schema.org","@graph":[{"@type":"WebPage","@id":"https:\/\/climatetoolkit.org\/how-to-join-the-climate-toolkit\/","url":"https:\/\/climatetoolkit.org\/how-to-join-the-climate-toolkit\/","name":"How to Join the Climate Toolkit - The Climate Toolkit","isPartOf":{"@id":"https:\/\/climatetoolkit.org\/#website"},"datePublished":"2021-08-16T17:46:24+00:00","dateModified":"2023-03-16T18:01:52+00:00","breadcrumb":{"@id":"https:\/\/climatetoolkit.org\/how-to-join-the-climate-toolkit\/#breadcrumb"},"inLanguage":"it-IT","potentialAction":[{"@type":"ReadAction","target":["https:\/\/climatetoolkit.org\/how-to-join-the-climate-toolkit\/"]}]},{"@type":"BreadcrumbList","@id":"https:\/\/climatetoolkit.org\/how-to-join-the-climate-toolkit\/#breadcrumb","itemListElement":[{"@type":"ListItem","position":1,"name":"Home","item":"https:\/\/climatetoolkit.org\/"},{"@type":"ListItem","position":2,"name":"How to Join the Climate Toolkit"}]},{"@type":"WebSite","@id":"https:\/\/climatetoolkit.org\/#website","url":"https:\/\/climatetoolkit.org\/","name":"Il Toolkit per il clima","description":"Per musei, giardini e zoo","publisher":{"@id":"https:\/\/climatetoolkit.org\/#organization"},"potentialAction":[{"@type":"SearchAction","target":{"@type":"EntryPoint","urlTemplate":"https:\/\/climatetoolkit.org\/?s={search_term_string}"},"query-input":{"@type":"PropertyValueSpecification","valueRequired":true,"valueName":"search_term_string"}}],"inLanguage":"it-IT"},{"@type":"Organization","@id":"https:\/\/climatetoolkit.org\/#organization","name":"Il Toolkit per il clima","url":"https:\/\/climatetoolkit.org\/","logo":{"@type":"ImageObject","inLanguage":"it-IT","@id":"https:\/\/climatetoolkit.org\/#\/schema\/logo\/image\/","url":"https:\/\/climatetoolkit.org\/wp-content\/uploads\/2020\/05\/C_logo.png","contentUrl":"https:\/\/climatetoolkit.org\/wp-content\/uploads\/2020\/05\/C_logo.png","width":512,"height":512,"caption":"The Climate Toolkit"},"image":{"@id":"https:\/\/climatetoolkit.org\/#\/schema\/logo\/image\/"}}]}},"coauthors":[],"author_meta":{"author_link":"https:\/\/climatetoolkit.org\/it\/author\/joe\/","display_name":"joe reed"},"relative_dates":{"created":"Pubblicato 5 anni fa","modified":"Aggiornato 3 anni fa"},"absolute_dates":{"created":"Pubblicato il Agosto 16, 2021","modified":"Aggiornato il Marzo 16, 2023"},"absolute_dates_time":{"created":"Pubblicato il Agosto 16, 2021 1:46 pm","modified":"Aggiornato il Marzo 16, 2023 2:01 pm"},"featured_img_caption":"","featured_img":false,"series_order":"","_links":{"self":[{"href":"https:\/\/climatetoolkit.org\/it\/wp-json\/wp\/v2\/pages\/987","targetHints":{"allow":["GET"]}}],"collection":[{"href":"https:\/\/climatetoolkit.org\/it\/wp-json\/wp\/v2\/pages"}],"about":[{"href":"https:\/\/climatetoolkit.org\/it\/wp-json\/wp\/v2\/types\/page"}],"author":[{"embeddable":true,"href":"https:\/\/climatetoolkit.org\/it\/wp-json\/wp\/v2\/users\/2"}],"replies":[{"embeddable":true,"href":"https:\/\/climatetoolkit.org\/it\/wp-json\/wp\/v2\/comments?post=987"}],"version-history":[{"count":0,"href":"https:\/\/climatetoolkit.org\/it\/wp-json\/wp\/v2\/pages\/987\/revisions"}],"wp:attachment":[{"href":"https:\/\/climatetoolkit.org\/it\/wp-json\/wp\/v2\/media?parent=987"}],"curies":[{"name":"wp","href":"https:\/\/api.w.org\/{rel}","templated":true}]}}