{"id":572,"date":"2021-02-11T11:37:14","date_gmt":"2021-02-11T16:37:14","guid":{"rendered":"https:\/\/climatetoolkit.org\/?page_id=572"},"modified":"2021-02-11T16:40:48","modified_gmt":"2021-02-11T21:40:48","slug":"alignment-of-project-drawdown-solutions-and-the-climate-toolkit","status":"publish","type":"page","link":"https:\/\/climatetoolkit.org\/it\/alignment-of-project-drawdown-solutions-and-the-climate-toolkit\/","title":{"rendered":"Allineamento delle soluzioni di prelievo del progetto e del kit di strumenti per il clima"},"content":{"rendered":"<h1 align=\"center\">Allineamento delle soluzioni di prelievo del progetto e del kit di strumenti per il clima<\/h1>\n\n\n\n<div class=\"wp-block-image\"><figure class=\"aligncenter size-large is-resized\"><img decoding=\"async\" src=\"https:\/\/climatetoolkit.org\/wp-content\/uploads\/2021\/02\/drawdown.jpg\" alt=\"\" class=\"wp-image-551\" width=\"563\" height=\"165\" srcset=\"https:\/\/climatetoolkit.org\/wp-content\/uploads\/2021\/02\/drawdown.jpg 750w, https:\/\/climatetoolkit.org\/wp-content\/uploads\/2021\/02\/drawdown-300x88.jpg 300w, https:\/\/climatetoolkit.org\/wp-content\/uploads\/2021\/02\/drawdown-100x29.jpg 100w, https:\/\/climatetoolkit.org\/wp-content\/uploads\/2021\/02\/drawdown-150x44.jpg 150w, https:\/\/climatetoolkit.org\/wp-content\/uploads\/2021\/02\/drawdown-200x59.jpg 200w, https:\/\/climatetoolkit.org\/wp-content\/uploads\/2021\/02\/drawdown-450x132.jpg 450w, https:\/\/climatetoolkit.org\/wp-content\/uploads\/2021\/02\/drawdown-600x176.jpg 600w\" sizes=\"(max-width: 563px) 100vw, 563px\" \/><\/figure><\/div>\n\n\n\n<p><strong><a href=\"https:\/\/www.drawdown.org\/solutions\">Progetto Drawdown<\/a><\/strong> \u00e8 un'organizzazione senza scopo di lucro che \"conduce analisi e valutazioni rigorose delle soluzioni climatiche, crea una comunicazione avvincente e umana attraverso i media e collabora con gli sforzi per accelerare le soluzioni climatiche a livello globale\". La missione di Project Drawdown \u00e8 ridurre le fonti di emissione, sostenere i pozzi di assorbimento del carbonio e migliorare il ciclo del carbonio in natura, oltre a migliorare la societ\u00e0 nel suo complesso. La Tavola delle soluzioni del progetto, creata da Paul Hawken e Amanda Ravenhill, consiglia a organizzazioni, citt\u00e0, universit\u00e0, filantropi, politici, comunit\u00e0, ecc. i modi pi\u00f9 efficaci per affrontare il cambiamento climatico. Ove possibile, le soluzioni elencate nella tabella Project Drawdown mostrano anche la quantit\u00e0 di anidride carbonica che pu\u00f2 essere mitigata se la soluzione viene utilizzata. I numeri riportati di seguito rappresentano una stima dei gigatoni di emissioni equivalenti di CO2 che possono essere ridotti o sequestrati da una particolare soluzione in un periodo di 30 anni.<\/p>\n\n\n\n<p>Gli obiettivi del Climate Toolkit che si allineano alle soluzioni di prelievo del progetto sono abbinati di seguito.<\/p>\n\n\n\n<figure class=\"wp-block-table is-style-regular; vertical-align: top !important;\"><table class=\"has-subtle-pale-blue-background-color has-fixed-layout has-background\"><thead><tr><th><h2>Soluzioni per l'estrazione del progetto<\/h2><\/th><th><h2>Obiettivi del kit di strumenti per il clima<\/h2><\/th><\/tr><\/thead><tbody><tr><td><strong>Elettricit\u00e0<\/strong><\/td><td><strong>Energia<\/strong><\/td><\/tr><tr><td  style=\"padding-left: 2em !important;\">Edifici a zero emissioni<\/td><td  style=\"padding-left: 2em !important;\">Costruire tutti i nuovi edifici a energia zero o edifici abitativi.<\/td><\/tr><tr><td  style=\"padding-left: 2em !important;\">Energia solare a concentrazione (18,6 - 23,96)<br><br>Solare fotovoltaico su scala industriale<br>(42.32 - 119.13)<br><br>Fotovoltaico distribuito (27.98 - 68.64)<\/td><td  style=\"padding-left: 2em !important;\">Generare o acquistare 100%<br>elettricit\u00e0 rinnovabile.<\/td><\/tr><tr><td><strong>Edifici, Industria<\/strong><\/td><td><strong>Rifiuti<\/strong><\/td><\/tr><tr><td  style=\"padding-left: 2em !important;\">Retrofitting degli edifici<\/td><td  style=\"padding-left: 2em !important;\">Assicurarsi che qualsiasi nuova costruzione o<br>ristrutturazioni riducono o riducono responsabilmente<br>gestire i rifiuti.<\/td><\/tr><tr><td  style=\"padding-left: 2em !important;\">Compostaggio (2.14 - 3.13)<\/td><td  style=\"padding-left: 2em !important;\">Compostate il 100% di tutti i rifiuti alimentari.<\/td><\/tr><tr><td  style=\"padding-left: 2em !important;\">Riciclaggio (5.5 - 6.02)<\/td><td  style=\"padding-left: 2em !important;\">Riciclare o riutilizzare tutti i materiali riciclabili<br>compresi metalli, vetro e plastica<br>in tutto il giardino d'inverno.<br><br>Eliminare tutta la plastica monouso nei servizi di ristorazione, orticoltura, negozi di souvenir e in tutte le altre strutture.<br>e operazioni.<br><br>Eliminare la vendita e l'uso di acqua in bottiglia.<\/td><\/tr><tr><td><strong>Trasporti<\/strong><\/td><td><strong>Trasporti<\/strong><\/td><\/tr><tr><td  style=\"padding-left: 2em !important;\">Infrastrutture per biciclette (2.56 - 6.65)<br><br>Carpooling (4,17 - 7,70)<br><br>Auto elettriche (11,87 - 15,68)<br><br>Trasporto pubblico (7,51 - 23,36)<\/td><td  style=\"padding-left: 2em !important;\">Incentivare i dipendenti a utilizzare il car pooling, la bicicletta, l'autobus o comunque a rinunciare al trasporto in auto con un solo occupante.<br><br>Incentivare i viaggi sostenibili dei visitatori.<br><br>Rendere elettrico il 25% del parco veicoli.<br><br>Assicurarsi che tutte le attrezzature per la manutenzione del prato\/giardino siano elettriche.<\/td><\/tr><tr><td><strong>Cibo, agricoltura e uso del suolo, pozzi di assorbimento del suolo<\/strong><\/td><td><strong>Ristorazione, paesaggio e orticoltura<\/strong><\/td><\/tr><tr><td  style=\"padding-left: 2em !important;\">Coltura annuale rigenerativa (14.52 - 22.27)<br><br>Gestione dei nutrienti (2.34 - 12.06)<\/td><td  style=\"padding-left: 2em !important;\">Assicurarsi che 50% dei pesticidi e dei fertilizzanti utilizzati siano privi di fossili.<\/td><\/tr><tr><td  style=\"padding-left: 2em !important;\">Diete ricche di vegetali (65,01 - 91,72)<\/td><td  style=\"padding-left: 2em !important;\">Assicurarsi che 40% delle selezioni del menu del servizio di ristorazione siano vegane o vegetariane.<\/td><\/tr><tr><td  style=\"padding-left: 2em !important;\">Piantagioni di alberi (22.24 - 35.94)<\/td><td  style=\"padding-left: 2em !important;\">Sostenere la riforestazione per sequestrare il carbonio.<\/td><\/tr><tr><td  style=\"padding-left: 2em !important;\">Colture di base perenni (15.45 - 1.26)<br><br>Agroforestale multistrato (11.30 - 20.40)<\/td><td  style=\"padding-left: 2em !important;\">Riducete il fabbisogno di irrigazione scegliendo e sostenendo le piante autoctone.<br><br>Ridurre le aree a prato di 10% e incoraggiare la sostituzione con piante autoctone.<\/td><\/tr><\/tbody><\/table><\/figure>\n\n\n\n<p>Per saperne di pi\u00f9 sulla Tabella delle soluzioni, <strong><a href=\"https:\/\/www.drawdown.org\/solutions\/table-of-solutions\">visitare il sito web del Progetto Drawdown<\/a><\/strong>.<\/p>","protected":false},"excerpt":{"rendered":"<p>Alignment of Project Drawdown Solutions and The Climate Toolkit Project Drawdown is a nonprofit that \u201cconducts rigorous reviews and assessments of climate solutions, creates compelling and human communication across mediums, and partners with efforts to accelerate climate solutions globally\u201d. Project &hellip;<\/p>\n<p class=\"read-more\"> <a class=\"\" href=\"https:\/\/climatetoolkit.org\/it\/alignment-of-project-drawdown-solutions-and-the-climate-toolkit\/\"> <span class=\"screen-reader-text\">Allineamento delle soluzioni di prelievo del progetto e del kit di strumenti per il clima<\/span> Leggi tutto \"<\/a><\/p>","protected":false},"author":2,"featured_media":0,"parent":0,"menu_order":0,"comment_status":"closed","ping_status":"closed","template":"","meta":{"_acf_changed":false,"inline_featured_image":false,"advgb_blocks_editor_width":"","advgb_blocks_columns_visual_guide":"","footnotes":""},"class_list":["post-572","page","type-page","status-publish","hentry"],"acf":[],"yoast_head":"<!-- This site is optimized with the Yoast SEO plugin v27.3 - https:\/\/yoast.com\/product\/yoast-seo-wordpress\/ -->\n<title>Alignment of Project Drawdown Solutions and The Climate Toolkit - The Climate Toolkit<\/title>\n<meta name=\"robots\" content=\"index, follow, max-snippet:-1, max-image-preview:large, max-video-preview:-1\" \/>\n<link rel=\"canonical\" href=\"https:\/\/climatetoolkit.org\/it\/alignment-of-project-drawdown-solutions-and-the-climate-toolkit\/\" \/>\n<meta property=\"og:locale\" content=\"it_IT\" \/>\n<meta property=\"og:type\" content=\"article\" \/>\n<meta property=\"og:title\" content=\"Alignment of Project Drawdown Solutions and The Climate Toolkit - The Climate Toolkit\" \/>\n<meta property=\"og:description\" content=\"Alignment of Project Drawdown Solutions and The Climate Toolkit Project Drawdown is a nonprofit that \u201cconducts rigorous reviews and assessments of climate solutions, creates compelling and human communication across mediums, and partners with efforts to accelerate climate solutions globally\u201d. Project &hellip; Alignment of Project Drawdown Solutions and The Climate Toolkit Leggi tutto &raquo;\" \/>\n<meta property=\"og:url\" content=\"https:\/\/climatetoolkit.org\/it\/alignment-of-project-drawdown-solutions-and-the-climate-toolkit\/\" \/>\n<meta property=\"og:site_name\" content=\"The Climate Toolkit\" \/>\n<meta property=\"article:modified_time\" content=\"2021-02-11T21:40:48+00:00\" \/>\n<meta property=\"og:image\" content=\"https:\/\/climatetoolkit.org\/wp-content\/uploads\/2021\/02\/drawdown.jpg\" \/>\n<meta name=\"twitter:card\" content=\"summary_large_image\" \/>\n<meta name=\"twitter:label1\" content=\"Tempo di lettura stimato\" \/>\n\t<meta name=\"twitter:data1\" content=\"2 minuti\" \/>\n<script type=\"application\/ld+json\" class=\"yoast-schema-graph\">{\"@context\":\"https:\\\/\\\/schema.org\",\"@graph\":[{\"@type\":\"WebPage\",\"@id\":\"https:\\\/\\\/climatetoolkit.org\\\/alignment-of-project-drawdown-solutions-and-the-climate-toolkit\\\/\",\"url\":\"https:\\\/\\\/climatetoolkit.org\\\/alignment-of-project-drawdown-solutions-and-the-climate-toolkit\\\/\",\"name\":\"Alignment of Project Drawdown Solutions and The Climate Toolkit - The Climate Toolkit\",\"isPartOf\":{\"@id\":\"https:\\\/\\\/climatetoolkit.org\\\/#website\"},\"primaryImageOfPage\":{\"@id\":\"https:\\\/\\\/climatetoolkit.org\\\/alignment-of-project-drawdown-solutions-and-the-climate-toolkit\\\/#primaryimage\"},\"image\":{\"@id\":\"https:\\\/\\\/climatetoolkit.org\\\/alignment-of-project-drawdown-solutions-and-the-climate-toolkit\\\/#primaryimage\"},\"thumbnailUrl\":\"https:\\\/\\\/climatetoolkit.org\\\/wp-content\\\/uploads\\\/2021\\\/02\\\/drawdown.jpg\",\"datePublished\":\"2021-02-11T16:37:14+00:00\",\"dateModified\":\"2021-02-11T21:40:48+00:00\",\"breadcrumb\":{\"@id\":\"https:\\\/\\\/climatetoolkit.org\\\/alignment-of-project-drawdown-solutions-and-the-climate-toolkit\\\/#breadcrumb\"},\"inLanguage\":\"it-IT\",\"potentialAction\":[{\"@type\":\"ReadAction\",\"target\":[\"https:\\\/\\\/climatetoolkit.org\\\/alignment-of-project-drawdown-solutions-and-the-climate-toolkit\\\/\"]}]},{\"@type\":\"ImageObject\",\"inLanguage\":\"it-IT\",\"@id\":\"https:\\\/\\\/climatetoolkit.org\\\/alignment-of-project-drawdown-solutions-and-the-climate-toolkit\\\/#primaryimage\",\"url\":\"https:\\\/\\\/climatetoolkit.org\\\/wp-content\\\/uploads\\\/2021\\\/02\\\/drawdown.jpg\",\"contentUrl\":\"https:\\\/\\\/climatetoolkit.org\\\/wp-content\\\/uploads\\\/2021\\\/02\\\/drawdown.jpg\"},{\"@type\":\"BreadcrumbList\",\"@id\":\"https:\\\/\\\/climatetoolkit.org\\\/alignment-of-project-drawdown-solutions-and-the-climate-toolkit\\\/#breadcrumb\",\"itemListElement\":[{\"@type\":\"ListItem\",\"position\":1,\"name\":\"Home\",\"item\":\"https:\\\/\\\/climatetoolkit.org\\\/\"},{\"@type\":\"ListItem\",\"position\":2,\"name\":\"Alignment of Project Drawdown Solutions and The Climate Toolkit\"}]},{\"@type\":\"WebSite\",\"@id\":\"https:\\\/\\\/climatetoolkit.org\\\/#website\",\"url\":\"https:\\\/\\\/climatetoolkit.org\\\/\",\"name\":\"The Climate Toolkit\",\"description\":\"For Museums, Gardens and Zoos\",\"publisher\":{\"@id\":\"https:\\\/\\\/climatetoolkit.org\\\/#organization\"},\"potentialAction\":[{\"@type\":\"SearchAction\",\"target\":{\"@type\":\"EntryPoint\",\"urlTemplate\":\"https:\\\/\\\/climatetoolkit.org\\\/?s={search_term_string}\"},\"query-input\":{\"@type\":\"PropertyValueSpecification\",\"valueRequired\":true,\"valueName\":\"search_term_string\"}}],\"inLanguage\":\"it-IT\"},{\"@type\":\"Organization\",\"@id\":\"https:\\\/\\\/climatetoolkit.org\\\/#organization\",\"name\":\"The Climate Toolkit\",\"url\":\"https:\\\/\\\/climatetoolkit.org\\\/\",\"logo\":{\"@type\":\"ImageObject\",\"inLanguage\":\"it-IT\",\"@id\":\"https:\\\/\\\/climatetoolkit.org\\\/#\\\/schema\\\/logo\\\/image\\\/\",\"url\":\"https:\\\/\\\/climatetoolkit.org\\\/wp-content\\\/uploads\\\/2020\\\/05\\\/C_logo.png\",\"contentUrl\":\"https:\\\/\\\/climatetoolkit.org\\\/wp-content\\\/uploads\\\/2020\\\/05\\\/C_logo.png\",\"width\":512,\"height\":512,\"caption\":\"The Climate Toolkit\"},\"image\":{\"@id\":\"https:\\\/\\\/climatetoolkit.org\\\/#\\\/schema\\\/logo\\\/image\\\/\"}}]}<\/script>\n<!-- \/ Yoast SEO plugin. -->","yoast_head_json":{"title":"Alignment of Project Drawdown Solutions and The Climate Toolkit - The Climate Toolkit","robots":{"index":"index","follow":"follow","max-snippet":"max-snippet:-1","max-image-preview":"max-image-preview:large","max-video-preview":"max-video-preview:-1"},"canonical":"https:\/\/climatetoolkit.org\/it\/alignment-of-project-drawdown-solutions-and-the-climate-toolkit\/","og_locale":"it_IT","og_type":"article","og_title":"Alignment of Project Drawdown Solutions and The Climate Toolkit - The Climate Toolkit","og_description":"Alignment of Project Drawdown Solutions and The Climate Toolkit Project Drawdown is a nonprofit that \u201cconducts rigorous reviews and assessments of climate solutions, creates compelling and human communication across mediums, and partners with efforts to accelerate climate solutions globally\u201d. Project &hellip; Alignment of Project Drawdown Solutions and The Climate Toolkit Leggi tutto &raquo;","og_url":"https:\/\/climatetoolkit.org\/it\/alignment-of-project-drawdown-solutions-and-the-climate-toolkit\/","og_site_name":"The Climate Toolkit","article_modified_time":"2021-02-11T21:40:48+00:00","og_image":[{"url":"https:\/\/climatetoolkit.org\/wp-content\/uploads\/2021\/02\/drawdown.jpg","type":"","width":"","height":""}],"twitter_card":"summary_large_image","twitter_misc":{"Tempo di lettura stimato":"2 minuti"},"schema":{"@context":"https:\/\/schema.org","@graph":[{"@type":"WebPage","@id":"https:\/\/climatetoolkit.org\/alignment-of-project-drawdown-solutions-and-the-climate-toolkit\/","url":"https:\/\/climatetoolkit.org\/alignment-of-project-drawdown-solutions-and-the-climate-toolkit\/","name":"Alignment of Project Drawdown Solutions and The Climate Toolkit - The Climate Toolkit","isPartOf":{"@id":"https:\/\/climatetoolkit.org\/#website"},"primaryImageOfPage":{"@id":"https:\/\/climatetoolkit.org\/alignment-of-project-drawdown-solutions-and-the-climate-toolkit\/#primaryimage"},"image":{"@id":"https:\/\/climatetoolkit.org\/alignment-of-project-drawdown-solutions-and-the-climate-toolkit\/#primaryimage"},"thumbnailUrl":"https:\/\/climatetoolkit.org\/wp-content\/uploads\/2021\/02\/drawdown.jpg","datePublished":"2021-02-11T16:37:14+00:00","dateModified":"2021-02-11T21:40:48+00:00","breadcrumb":{"@id":"https:\/\/climatetoolkit.org\/alignment-of-project-drawdown-solutions-and-the-climate-toolkit\/#breadcrumb"},"inLanguage":"it-IT","potentialAction":[{"@type":"ReadAction","target":["https:\/\/climatetoolkit.org\/alignment-of-project-drawdown-solutions-and-the-climate-toolkit\/"]}]},{"@type":"ImageObject","inLanguage":"it-IT","@id":"https:\/\/climatetoolkit.org\/alignment-of-project-drawdown-solutions-and-the-climate-toolkit\/#primaryimage","url":"https:\/\/climatetoolkit.org\/wp-content\/uploads\/2021\/02\/drawdown.jpg","contentUrl":"https:\/\/climatetoolkit.org\/wp-content\/uploads\/2021\/02\/drawdown.jpg"},{"@type":"BreadcrumbList","@id":"https:\/\/climatetoolkit.org\/alignment-of-project-drawdown-solutions-and-the-climate-toolkit\/#breadcrumb","itemListElement":[{"@type":"ListItem","position":1,"name":"Home","item":"https:\/\/climatetoolkit.org\/"},{"@type":"ListItem","position":2,"name":"Alignment of Project Drawdown Solutions and The Climate Toolkit"}]},{"@type":"WebSite","@id":"https:\/\/climatetoolkit.org\/#website","url":"https:\/\/climatetoolkit.org\/","name":"Il Toolkit per il clima","description":"Per musei, giardini e zoo","publisher":{"@id":"https:\/\/climatetoolkit.org\/#organization"},"potentialAction":[{"@type":"SearchAction","target":{"@type":"EntryPoint","urlTemplate":"https:\/\/climatetoolkit.org\/?s={search_term_string}"},"query-input":{"@type":"PropertyValueSpecification","valueRequired":true,"valueName":"search_term_string"}}],"inLanguage":"it-IT"},{"@type":"Organization","@id":"https:\/\/climatetoolkit.org\/#organization","name":"Il Toolkit per il clima","url":"https:\/\/climatetoolkit.org\/","logo":{"@type":"ImageObject","inLanguage":"it-IT","@id":"https:\/\/climatetoolkit.org\/#\/schema\/logo\/image\/","url":"https:\/\/climatetoolkit.org\/wp-content\/uploads\/2020\/05\/C_logo.png","contentUrl":"https:\/\/climatetoolkit.org\/wp-content\/uploads\/2020\/05\/C_logo.png","width":512,"height":512,"caption":"The Climate Toolkit"},"image":{"@id":"https:\/\/climatetoolkit.org\/#\/schema\/logo\/image\/"}}]}},"coauthors":[],"author_meta":{"author_link":"https:\/\/climatetoolkit.org\/it\/author\/joe\/","display_name":"joe reed"},"relative_dates":{"created":"Pubblicato 5 anni fa","modified":"Aggiornato 5 anni fa"},"absolute_dates":{"created":"Pubblicato il Febbraio 11, 2021","modified":"Aggiornato il Febbraio 11, 2021"},"absolute_dates_time":{"created":"Pubblicato il Febbraio 11, 2021 11:37 am","modified":"Aggiornato il Febbraio 11, 2021 4:40 pm"},"featured_img_caption":"","featured_img":false,"series_order":"","_links":{"self":[{"href":"https:\/\/climatetoolkit.org\/it\/wp-json\/wp\/v2\/pages\/572","targetHints":{"allow":["GET"]}}],"collection":[{"href":"https:\/\/climatetoolkit.org\/it\/wp-json\/wp\/v2\/pages"}],"about":[{"href":"https:\/\/climatetoolkit.org\/it\/wp-json\/wp\/v2\/types\/page"}],"author":[{"embeddable":true,"href":"https:\/\/climatetoolkit.org\/it\/wp-json\/wp\/v2\/users\/2"}],"replies":[{"embeddable":true,"href":"https:\/\/climatetoolkit.org\/it\/wp-json\/wp\/v2\/comments?post=572"}],"version-history":[{"count":0,"href":"https:\/\/climatetoolkit.org\/it\/wp-json\/wp\/v2\/pages\/572\/revisions"}],"wp:attachment":[{"href":"https:\/\/climatetoolkit.org\/it\/wp-json\/wp\/v2\/media?parent=572"}],"curies":[{"name":"wp","href":"https:\/\/api.w.org\/{rel}","templated":true}]}}