{"id":4586,"date":"2025-08-01T13:42:19","date_gmt":"2025-08-01T17:42:19","guid":{"rendered":"https:\/\/climatetoolkit.org\/?page_id=4586"},"modified":"2025-10-17T14:24:16","modified_gmt":"2025-10-17T18:24:16","slug":"symposium-agenda","status":"publish","type":"page","link":"https:\/\/climatetoolkit.org\/it\/symposium-agenda\/","title":{"rendered":"Agenda del simposio"},"content":{"rendered":"<h2 class=\"wp-block-heading\">Agenda del simposio sul kit di strumenti per il clima<\/h2>\n\n\n\n<figure class=\"wp-block-image size-large is-resized\"><img decoding=\"async\" width=\"1024\" height=\"614\" src=\"https:\/\/climatetoolkit.org\/wp-content\/uploads\/2025\/10\/symposium_2-1024x614.jpg\" alt=\"\" class=\"wp-image-4893\" style=\"width:632px;height:auto\" srcset=\"https:\/\/climatetoolkit.org\/wp-content\/uploads\/2025\/10\/symposium_2-1024x614.jpg 1024w, https:\/\/climatetoolkit.org\/wp-content\/uploads\/2025\/10\/symposium_2-300x180.jpg 300w, https:\/\/climatetoolkit.org\/wp-content\/uploads\/2025\/10\/symposium_2-768x461.jpg 768w, https:\/\/climatetoolkit.org\/wp-content\/uploads\/2025\/10\/symposium_2-1536x922.jpg 1536w, https:\/\/climatetoolkit.org\/wp-content\/uploads\/2025\/10\/symposium_2-2048x1229.jpg 2048w, https:\/\/climatetoolkit.org\/wp-content\/uploads\/2025\/10\/symposium_2-18x12.jpg 18w, https:\/\/climatetoolkit.org\/wp-content\/uploads\/2025\/10\/symposium_2-100x60.jpg 100w, https:\/\/climatetoolkit.org\/wp-content\/uploads\/2025\/10\/symposium_2-150x90.jpg 150w, https:\/\/climatetoolkit.org\/wp-content\/uploads\/2025\/10\/symposium_2-200x120.jpg 200w, https:\/\/climatetoolkit.org\/wp-content\/uploads\/2025\/10\/symposium_2-450x270.jpg 450w, https:\/\/climatetoolkit.org\/wp-content\/uploads\/2025\/10\/symposium_2-600x360.jpg 600w, https:\/\/climatetoolkit.org\/wp-content\/uploads\/2025\/10\/symposium_2-900x540.jpg 900w\" sizes=\"(max-width: 1024px) 100vw, 1024px\" \/><\/figure>\n\n\n\n<h3 class=\"wp-block-heading\"><strong>Serata di apertura<\/strong> <strong>Ricezione<\/strong><\/h3>\n\n\n\n<h6 class=\"wp-block-heading\"><strong>DOMENICA 26 OTTOBRE 26, ORE 18.00 - 21.00.<\/strong><\/h6>\n\n\n\n<p>\ud83c\udf34 <em>Benvenuti al Simposio!<\/em><\/p>\n\n\n\n<p>Sullo sfondo della lussureggiante foresta tropicale di Panama del Conservatorio Phipps e della sala degli eventi speciali, questo evento di benvenuto sar\u00e0 caratterizzato da un discorso di apertura di Richard Piacentini, presidente e amministratore delegato di Phipps, e di Margaret Waldock, direttore esecutivo di Duke Farms, oltre a un rinfresco, una cena a buffet, musica dal vivo e networking.<\/p>\n\n\n\n<h3 class=\"wp-block-heading\"><strong>Giorno 1: Casi di successo climatico<\/strong><\/h3>\n\n\n\n<h6 class=\"wp-block-heading\"><strong>LUNED\u00cc, OTTOBRE 27, DALLE 8.00 ALLE 17.00, CENA E PRESENTAZIONE PRINCIPALE DALLE 18.30 ALLE 21.00.<\/strong><\/h6>\n\n\n\n<p><em>8.00 - 9.00.<\/em> &#8211; <em>Colazione<\/em> <em>e Benvenuti<\/em><\/p>\n\n\n\n<p><em>9:00 - 10:30.<\/em> &#8211; <em>Programma Uno<\/em><\/p>\n\n\n\n<p>\u26a1 <strong>Energia e decarbonizzazione<\/strong><\/p>\n\n\n\n<p>Le istituzioni culturali stanno assumendo il ruolo di leader climatico riducendo le emissioni di carbonio e passando alle energie rinnovabili. In questa tavola rotonda, le istituzioni condivideranno come stanno attuando ambiziose strategie di decarbonizzazione, offrendo lezioni apprese dai successi e dalle sfide del mondo reale.<\/p>\n\n\n\n<ul class=\"wp-block-list\">\n<li>Richard Piacentini, Presidente e Amministratore Delegato - <strong>Conservatorio Phipps<\/strong><\/li>\n\n\n\n<li>Jon Wagar, vicedirettore esecutivo delle Operazioni e della Sostenibilit\u00e0 - <strong>Fattorie Duke<\/strong><\/li>\n\n\n\n<li>Rachel Novick, Ph.D., direttrice della Sostenibilit\u00e0. <strong>L'Arboreto di Morton<\/strong><\/li>\n\n\n\n<li>Rafael de Carvalho, Vicepresidente associato per i progetti di capitale - <strong>Giardino botanico di New York<\/strong><\/li>\n<\/ul>\n\n\n\n<p><em>10:45 - 12:00.<\/em> &#8211; <em>Programma due<\/em><\/p>\n\n\n\n<p>\ud83c\udf0d <strong>Interpretazione e coinvolgimento del clima<\/strong><\/p>\n\n\n\n<p>Come possono le istituzioni impegnarsi con il pubblico su un clima che cambia? Questo panel di presentazione riunisce istituzioni<strong> <\/strong>per evidenziare gli approcci creativi all'interpretazione e al coinvolgimento che ispireranno il pubblico a partecipare alle soluzioni climatiche.<\/p>\n\n\n\n<ul class=\"wp-block-list\">\n<li>Anais Reyes, Curatore - <strong>Il Museo del clima<\/strong><\/li>\n\n\n\n<li>Casey Mink, assistente sviluppatore di esposizioni. <strong>Museo di storia naturale dello Utah<\/strong><\/li>\n\n\n\n<li>Jen Kretser, direttore delle Iniziative per il clima. <strong>Il Centro selvaggio<\/strong><\/li>\n\n\n\n<li>Mark Wourms, Ph.D., presidente, amministratore delegato - <strong>Foresta e arboreto di Bernheim<\/strong><\/li>\n<\/ul>\n\n\n\n<p><em>12.00 - 13.00.<\/em> &#8211; <em>Pranzo<\/em><\/p>\n\n\n\n<p><em>13.00 - 14.15.<\/em> &#8211; <em>Programma tre<\/em><\/p>\n\n\n\n<p>\u267b\ufe0f <strong>Aree di discussione I: Gestione dei rifiuti e soluzioni basate sulla natura<\/strong><\/p>\n\n\n\n<p>Le sessioni di approfondimento offrono ai partecipanti l'opportunit\u00e0 di una conversazione mirata su aree specifiche dell'azione per il clima. Ogni sessione inizia con una breve presentazione da parte di un esperto del settore, seguita da una tavola rotonda facilitata per favorire la condivisione delle conoscenze e la risoluzione dei problemi. La prima sessione prevede presentazioni e discussioni sulle seguenti aree:<\/p>\n\n\n\n<ul class=\"wp-block-list\">\n<li><strong>Gestione dei rifiuti e coinvolgimento del personale<\/strong>\n<ul class=\"wp-block-list\">\n<li>Allison Tilson, responsabile senior delle operazioni di sostenibilit\u00e0 e conservazione. <strong>Acquario Nazionale<\/strong><\/li>\n<\/ul>\n<\/li>\n<\/ul>\n\n\n\n<p><\/p>\n\n\n\n<ul class=\"wp-block-list\">\n<li><strong>Soluzioni basate sulla natura<\/strong>\n<ul class=\"wp-block-list\">\n<li>Jeff Downing, Direttore esecutivo - <strong>Centro Mt. Cuba<\/strong><\/li>\n\n\n\n<li>Christy Rollinson, dottore di ricerca, scienziato senior, ecologia forestale - <strong>L'Arboreto di Morton<\/strong><\/li>\n<\/ul>\n<\/li>\n<\/ul>\n\n\n\n<p><em>14:30 - 15:45.<\/em> &#8211; <em>Programma quattro<\/em><\/p>\n\n\n\n<p>\ud83c\udf33 <strong>Aree di discussione II: Ricerca sul clima<\/strong>, <strong>Conservazione e azione, Gestione delle strutture<\/strong><\/p>\n\n\n\n<p>Il secondo round di aree di approfondimento prevede brevi presentazioni da parte di esperti del settore, seguite da tavole rotonde facilitate per favorire la condivisione delle conoscenze e la risoluzione dei problemi:<\/p>\n\n\n\n<ul class=\"wp-block-list\">\n<li><strong>Ricerca sul clima<\/strong>\n<ul class=\"wp-block-list\">\n<li>Chelsea Miller, Ph.D., Professore assistente, Biologia del cambiamento globale.<strong> Universit\u00e0 di Akron<\/strong><\/li>\n\n\n\n<li>Lara Roketenetz, Ph.D., direttore della stazione di campo.<strong> Stazione di campo dell'Universit\u00e0 di Akron<\/strong><\/li>\n<\/ul>\n<\/li>\n<\/ul>\n\n\n\n<p><\/p>\n\n\n\n<ul class=\"wp-block-list\">\n<li><strong>Conservazione e azione: Colmare il divario<\/strong>\n<ul class=\"wp-block-list\">\n<li>Shafkat Khan, Ph.D., Direttore della Conservazione.&nbsp;<strong>Zoo e acquario di Pittsburgh<\/strong><\/li>\n<\/ul>\n<\/li>\n<\/ul>\n\n\n\n<p><\/p>\n\n\n\n<ul class=\"wp-block-list\">\n<li><strong>Gestione delle strutture<\/strong>\n<ul class=\"wp-block-list\">\n<li>Jim Hanson, direttore di Sostenibilit\u00e0 e Tecnologia - <strong>Fattorie Duke<\/strong><\/li>\n\n\n\n<li>Joe Zalenko, Responsabile delle strutture -<strong> Fattorie Duke<\/strong><\/li>\n<\/ul>\n<\/li>\n<\/ul>\n\n\n\n<p><em>16.00 - 17.00.<\/em> &#8211; <em>Programma cinque<\/em><\/p>\n\n\n\n<p>\ud83c\udf31 <strong>Difesa del clima da parte dei giovani<\/strong><\/p>\n\n\n\n<p>L'amplificazione delle voci dei giovani \u00e8 fondamentale per far progredire il movimento per il clima e guidare l'azione all'interno delle comunit\u00e0. In questo panel e nella sessione di domande e risposte del pubblico, ascolterete direttamente da <strong>giovani leader del clima<\/strong> <strong>a Phipps <\/strong>mentre condividono le loro esperienze come sostenitori e costruttori di cambiamenti.<\/p>\n\n\n\n<ul class=\"wp-block-list\">\n<li>Emma Ehan, Responsabile YCAC - <strong>Comitato per la difesa del clima dei giovani di Phipps<\/strong><\/li>\n\n\n\n<li>Anwita Maneish Nithya, responsabile del team YCAC - <strong>Comitato per la difesa del clima dei giovani di Phipps<\/strong><\/li>\n\n\n\n<li>Cortlan Harrell, responsabile del team YCAC - <strong>Comitato per la difesa del clima dei giovani di Phipps<\/strong><\/li>\n\n\n\n<li>Marley McFarland, Responsabile YCAC - <strong>Comitato per la difesa del clima dei giovani di Phipps<\/strong><\/li>\n<\/ul>\n\n\n\n<p><em>17:00-18:15 - Tour degli edifici abitativi<\/em><\/p>\n\n\n\n<p>Unisciti allo specialista interpretativo del Phipps Conservatory, al manager della sostenibilit\u00e0 e al direttore delle strutture e della sostenibilit\u00e0 per un approfondimento, <strong>tour dietro le quinte degli edifici verdi<\/strong> del Centro per i paesaggi sostenibili, del Centro per l'allestimento delle mostre, del Laboratorio naturalistico e dell'impianto di produzione di serre, per conoscere le strategie per l'energia e l'acqua a zero.<\/p>\n\n\n\n<p><em>18.30-21.00.<\/em> &#8211; <em>Cena e discorso programmatico<\/em><\/p>\n\n\n\n<p>La serata si concluder\u00e0 con una cena a buffet nella Sala Eventi Speciali e con il discorso programmatico di <strong>David W. Orr<\/strong>Paul Sears Distinguished Professor of Environmental Studies and Politics (professore emerito di studi ambientali e politica) all'Oberlin College e attuale professore di pratica all'Arizona State University.<\/p>\n\n\n\n<h3 class=\"wp-block-heading\"><strong>Giorno 2: Un'immersione nel futuro<\/strong><\/h3>\n\n\n\n<h6 class=\"wp-block-heading\"><strong>MARTED\u00cc, OTTOBRE 28, DALLE 8.00 ALLE 16.00.<\/strong><\/h6>\n\n\n\n<p><em>8.00 - 9.00.<\/em> &#8211; <em>Colazione e benvenuto<\/em><\/p>\n\n\n\n<p><em>9.00 - 11.00.<\/em> &#8211; <em>Programma Uno<\/em><\/p>\n\n\n\n<p>\ud83c\udf3b <strong>L'essenza come bussola: Guidare l'azione per il clima con un pensiero rigenerativo<\/strong><\/p>\n\n\n\n<p>Questa sessione invita i partecipanti a esplorare il potere di lavorare a partire dall'essenza, collegandosi al nucleo unico di chi sono e a ci\u00f2 che conta veramente. In un momento in cui l'azione per il clima pu\u00f2 spesso sembrare reattiva o opprimente, il ritorno all'essenza offre un modo per muoversi con maggiore chiarezza, coerenza e scopo. Da questa base, le nostre azioni diventano pi\u00f9 rigenerative, le nostre strategie pi\u00f9 allineate e il nostro potenziale di impatto duraturo pi\u00f9 pienamente realizzato.<\/p>\n\n\n\n<ul class=\"wp-block-list\">\n<li>Sonja Bochart, direttrice, LENS - <strong>Shepley Bulfinch<\/strong><\/li>\n\n\n\n<li>Richard Piacentini, Presidente e Amministratore Delegato - <strong>Conservatorio Phipps<\/strong><\/li>\n<\/ul>\n\n\n\n<p><em>11.00-12.00.<\/em> &#8211; <em>Programma due<\/em><\/p>\n\n\n\n<p>\ud83c\udf43 <strong>Collegamento in rete tra pari<\/strong><\/p>\n\n\n\n<p>Questa sessione invita i partecipanti a entrare in contatto con altri che condividono ruoli simili nelle aree di interesse della leadership, delle strutture e delle operazioni, dei partenariati con la comunit\u00e0, dell'impegno e dell'educazione e delle soluzioni basate sulla natura, in un ambiente intenzionalmente informale. Ogni gruppo guider\u00e0 la propria discussione, creando spazio per connessioni organiche, apprendimento condiviso e potenziali collaborazioni che si estenderanno oltre il Simposio.&nbsp;<\/p>\n\n\n\n<p><em>12.00 - 13.00.<\/em> &#8211; <em>Pranzo<\/em><\/p>\n\n\n\n<p><em>13.00 - 14.30.<\/em> &#8211; <em>Programma tre<\/em><\/p>\n\n\n\n<p>\u2705 <strong>Workshop sull'azione per il clima<\/strong><\/p>\n\n\n\n<p>In questa sessione finale del Simposio, i partecipanti potranno scegliere tra una serie di workshop sull'azione per il clima per aiutare a catalizzare la pianificazione e l'attuazione dell'azione per il clima nella vostra istituzione. <\/p>\n\n\n\n<ul class=\"wp-block-list\">\n<li><strong>Formare un piano di resilienza per l'azione sul clima<\/strong>\n<ul class=\"wp-block-list\">\n<li>Stephanie Shapiro, cofondatrice e amministratrice delegata - <strong>Ambiente e cultura Partner<\/strong><\/li>\n\n\n\n<li>Al Carver-Kubik, Funzionario di programma, Sovvenzioni e Ricerca - <strong>Ambiente e cultura Partner<\/strong><\/li>\n<\/ul>\n<\/li>\n<\/ul>\n\n\n\n<p><\/p>\n\n\n\n<ul class=\"wp-block-list\">\n<li><strong>Diventare la risorsa climatica della vostra comunit\u00e0 \/ Impegno civico<\/strong>\n<ul class=\"wp-block-list\">\n<li>Rose Hendricks, Ph.D., direttrice esecutiva di Seeding Action - <strong>Associazione dei centri scientifici e tecnologici<\/strong><\/li>\n<\/ul>\n<\/li>\n<\/ul>\n\n\n\n<p><em>14:40 - 15:15.<\/em> &#8211; <em>Condivisione e riflessione<\/em><\/p>\n\n\n\n<p><em>15:15 - 15:30.<\/em> &#8211; <em>Riunione e saluti<\/em><\/p>\n\n\n\n<div class=\"wp-block-buttons is-layout-flex wp-block-buttons-is-layout-flex\">\n<div class=\"wp-block-button\"><a class=\"wp-block-button__link has-luminous-vivid-amber-background-color has-background has-custom-font-size wp-element-button\" href=\"https:\/\/my.conservatory.org\/8991\/8992\" style=\"font-size:16px\"><strong>Biglietti &gt;<\/strong><\/a><\/div>\n<\/div>\n\n\n\n<p>Il biglietto d'ingresso $200 comprende l'ingresso completo al simposio e tutti i cibi e le bevande. Il Simposio sul kit di strumenti per il clima \u00e8 immediatamente seguito dal&nbsp;<a href=\"https:\/\/midatlanticmuseums.org\/annual-meeting\/\"><strong>Conferenza annuale dell'Associazione dei musei del Mid-Atlantic<\/strong><\/a>Anche a Pittsburgh - incoraggiamo i partecipanti interessati a prolungare il loro soggiorno e a partecipare a entrambi gli eventi.<\/p>\n\n\n\n<p><strong>Domande?<\/strong>&nbsp;Contatto&nbsp;<a href=\"mailto:alampl@phipps.conservatory.org\">alampl@phipps.conservatory.org<\/a>&nbsp;oppure chiamare il numero 412-622-6915, interno 6752.<\/p>","protected":false},"excerpt":{"rendered":"<p>Agenda del Simposio Climate Toolkit Ricevimento serale di apertura DOMENICA 26 OTTOBRE \ud83c\udf34 Benvenuti al Simposio! 26 ottobre, ore 18.00 - 21.00 \ud83c\udf34 Benvenuti al Simposio! Sullo sfondo della lussureggiante foresta tropicale di Panama e della sala degli eventi speciali del Conservatorio Phipps, questo evento di benvenuto ...<\/p>\n<p class=\"read-more\"> <a class=\"\" href=\"https:\/\/climatetoolkit.org\/it\/symposium-agenda\/\"> <span class=\"screen-reader-text\">Agenda del simposio<\/span> Leggi tutto \"<\/a><\/p>","protected":false},"author":2,"featured_media":0,"parent":0,"menu_order":0,"comment_status":"closed","ping_status":"closed","template":"","meta":{"_acf_changed":false,"inline_featured_image":false,"advgb_blocks_editor_width":"","advgb_blocks_columns_visual_guide":"","footnotes":""},"class_list":["post-4586","page","type-page","status-publish","hentry"],"acf":[],"yoast_head":"<!-- This site is optimized with the Yoast SEO plugin v27.3 - https:\/\/yoast.com\/product\/yoast-seo-wordpress\/ -->\n<title>Symposium Agenda - The Climate Toolkit<\/title>\n<meta name=\"robots\" content=\"index, follow, max-snippet:-1, max-image-preview:large, max-video-preview:-1\" \/>\n<link rel=\"canonical\" href=\"https:\/\/climatetoolkit.org\/it\/symposium-agenda\/\" \/>\n<meta property=\"og:locale\" content=\"it_IT\" \/>\n<meta property=\"og:type\" content=\"article\" \/>\n<meta property=\"og:title\" content=\"Symposium Agenda - The Climate Toolkit\" \/>\n<meta property=\"og:description\" content=\"Climate Toolkit Symposium Agenda Opening Evening Reception SUN., OCT. 26, 6 \u2013 9 P.M. \ud83c\udf34 Welcome to the Symposium! Held against the backdrop of Phipps Conservatory&#8217;s lush Tropical Forest Panama exhibit and Special Events Hall, this welcoming event will feature &hellip; Symposium Agenda Leggi tutto &raquo;\" \/>\n<meta property=\"og:url\" content=\"https:\/\/climatetoolkit.org\/it\/symposium-agenda\/\" \/>\n<meta property=\"og:site_name\" content=\"The Climate Toolkit\" \/>\n<meta property=\"article:modified_time\" content=\"2025-10-17T18:24:16+00:00\" \/>\n<meta property=\"og:image\" content=\"https:\/\/climatetoolkit.org\/wp-content\/uploads\/2025\/10\/symposium_2.jpg\" \/>\n\t<meta property=\"og:image:width\" content=\"2100\" \/>\n\t<meta property=\"og:image:height\" content=\"1260\" \/>\n\t<meta property=\"og:image:type\" content=\"image\/jpeg\" \/>\n<meta name=\"twitter:card\" content=\"summary_large_image\" \/>\n<meta name=\"twitter:label1\" content=\"Tempo di lettura stimato\" \/>\n\t<meta name=\"twitter:data1\" content=\"5 minuti\" \/>\n<script type=\"application\/ld+json\" class=\"yoast-schema-graph\">{\"@context\":\"https:\\\/\\\/schema.org\",\"@graph\":[{\"@type\":\"WebPage\",\"@id\":\"https:\\\/\\\/climatetoolkit.org\\\/symposium-agenda\\\/\",\"url\":\"https:\\\/\\\/climatetoolkit.org\\\/symposium-agenda\\\/\",\"name\":\"Symposium Agenda - The Climate Toolkit\",\"isPartOf\":{\"@id\":\"https:\\\/\\\/climatetoolkit.org\\\/#website\"},\"primaryImageOfPage\":{\"@id\":\"https:\\\/\\\/climatetoolkit.org\\\/symposium-agenda\\\/#primaryimage\"},\"image\":{\"@id\":\"https:\\\/\\\/climatetoolkit.org\\\/symposium-agenda\\\/#primaryimage\"},\"thumbnailUrl\":\"https:\\\/\\\/climatetoolkit.org\\\/wp-content\\\/uploads\\\/2025\\\/10\\\/symposium_2-1024x614.jpg\",\"datePublished\":\"2025-08-01T17:42:19+00:00\",\"dateModified\":\"2025-10-17T18:24:16+00:00\",\"breadcrumb\":{\"@id\":\"https:\\\/\\\/climatetoolkit.org\\\/symposium-agenda\\\/#breadcrumb\"},\"inLanguage\":\"it-IT\",\"potentialAction\":[{\"@type\":\"ReadAction\",\"target\":[\"https:\\\/\\\/climatetoolkit.org\\\/symposium-agenda\\\/\"]}]},{\"@type\":\"ImageObject\",\"inLanguage\":\"it-IT\",\"@id\":\"https:\\\/\\\/climatetoolkit.org\\\/symposium-agenda\\\/#primaryimage\",\"url\":\"https:\\\/\\\/climatetoolkit.org\\\/wp-content\\\/uploads\\\/2025\\\/10\\\/symposium_2-1024x614.jpg\",\"contentUrl\":\"https:\\\/\\\/climatetoolkit.org\\\/wp-content\\\/uploads\\\/2025\\\/10\\\/symposium_2-1024x614.jpg\"},{\"@type\":\"BreadcrumbList\",\"@id\":\"https:\\\/\\\/climatetoolkit.org\\\/symposium-agenda\\\/#breadcrumb\",\"itemListElement\":[{\"@type\":\"ListItem\",\"position\":1,\"name\":\"Home\",\"item\":\"https:\\\/\\\/climatetoolkit.org\\\/\"},{\"@type\":\"ListItem\",\"position\":2,\"name\":\"Symposium Agenda\"}]},{\"@type\":\"WebSite\",\"@id\":\"https:\\\/\\\/climatetoolkit.org\\\/#website\",\"url\":\"https:\\\/\\\/climatetoolkit.org\\\/\",\"name\":\"The Climate Toolkit\",\"description\":\"For Museums, Gardens and Zoos\",\"publisher\":{\"@id\":\"https:\\\/\\\/climatetoolkit.org\\\/#organization\"},\"potentialAction\":[{\"@type\":\"SearchAction\",\"target\":{\"@type\":\"EntryPoint\",\"urlTemplate\":\"https:\\\/\\\/climatetoolkit.org\\\/?s={search_term_string}\"},\"query-input\":{\"@type\":\"PropertyValueSpecification\",\"valueRequired\":true,\"valueName\":\"search_term_string\"}}],\"inLanguage\":\"it-IT\"},{\"@type\":\"Organization\",\"@id\":\"https:\\\/\\\/climatetoolkit.org\\\/#organization\",\"name\":\"The Climate Toolkit\",\"url\":\"https:\\\/\\\/climatetoolkit.org\\\/\",\"logo\":{\"@type\":\"ImageObject\",\"inLanguage\":\"it-IT\",\"@id\":\"https:\\\/\\\/climatetoolkit.org\\\/#\\\/schema\\\/logo\\\/image\\\/\",\"url\":\"https:\\\/\\\/climatetoolkit.org\\\/wp-content\\\/uploads\\\/2020\\\/05\\\/C_logo.png\",\"contentUrl\":\"https:\\\/\\\/climatetoolkit.org\\\/wp-content\\\/uploads\\\/2020\\\/05\\\/C_logo.png\",\"width\":512,\"height\":512,\"caption\":\"The Climate Toolkit\"},\"image\":{\"@id\":\"https:\\\/\\\/climatetoolkit.org\\\/#\\\/schema\\\/logo\\\/image\\\/\"}}]}<\/script>\n<!-- \/ Yoast SEO plugin. -->","yoast_head_json":{"title":"Agenda del simposio - Il kit di strumenti per il clima","robots":{"index":"index","follow":"follow","max-snippet":"max-snippet:-1","max-image-preview":"max-image-preview:large","max-video-preview":"max-video-preview:-1"},"canonical":"https:\/\/climatetoolkit.org\/it\/symposium-agenda\/","og_locale":"it_IT","og_type":"article","og_title":"Symposium Agenda - The Climate Toolkit","og_description":"Climate Toolkit Symposium Agenda Opening Evening Reception SUN., OCT. 26, 6 \u2013 9 P.M. \ud83c\udf34 Welcome to the Symposium! Held against the backdrop of Phipps Conservatory&#8217;s lush Tropical Forest Panama exhibit and Special Events Hall, this welcoming event will feature &hellip; Symposium Agenda Leggi tutto &raquo;","og_url":"https:\/\/climatetoolkit.org\/it\/symposium-agenda\/","og_site_name":"The Climate Toolkit","article_modified_time":"2025-10-17T18:24:16+00:00","og_image":[{"width":2100,"height":1260,"url":"https:\/\/climatetoolkit.org\/wp-content\/uploads\/2025\/10\/symposium_2.jpg","type":"image\/jpeg"}],"twitter_card":"summary_large_image","twitter_misc":{"Tempo di lettura stimato":"5 minuti"},"schema":{"@context":"https:\/\/schema.org","@graph":[{"@type":"WebPage","@id":"https:\/\/climatetoolkit.org\/symposium-agenda\/","url":"https:\/\/climatetoolkit.org\/symposium-agenda\/","name":"Agenda del simposio - Il kit di strumenti per il clima","isPartOf":{"@id":"https:\/\/climatetoolkit.org\/#website"},"primaryImageOfPage":{"@id":"https:\/\/climatetoolkit.org\/symposium-agenda\/#primaryimage"},"image":{"@id":"https:\/\/climatetoolkit.org\/symposium-agenda\/#primaryimage"},"thumbnailUrl":"https:\/\/climatetoolkit.org\/wp-content\/uploads\/2025\/10\/symposium_2-1024x614.jpg","datePublished":"2025-08-01T17:42:19+00:00","dateModified":"2025-10-17T18:24:16+00:00","breadcrumb":{"@id":"https:\/\/climatetoolkit.org\/symposium-agenda\/#breadcrumb"},"inLanguage":"it-IT","potentialAction":[{"@type":"ReadAction","target":["https:\/\/climatetoolkit.org\/symposium-agenda\/"]}]},{"@type":"ImageObject","inLanguage":"it-IT","@id":"https:\/\/climatetoolkit.org\/symposium-agenda\/#primaryimage","url":"https:\/\/climatetoolkit.org\/wp-content\/uploads\/2025\/10\/symposium_2-1024x614.jpg","contentUrl":"https:\/\/climatetoolkit.org\/wp-content\/uploads\/2025\/10\/symposium_2-1024x614.jpg"},{"@type":"BreadcrumbList","@id":"https:\/\/climatetoolkit.org\/symposium-agenda\/#breadcrumb","itemListElement":[{"@type":"ListItem","position":1,"name":"Home","item":"https:\/\/climatetoolkit.org\/"},{"@type":"ListItem","position":2,"name":"Symposium Agenda"}]},{"@type":"WebSite","@id":"https:\/\/climatetoolkit.org\/#website","url":"https:\/\/climatetoolkit.org\/","name":"Il Toolkit per il clima","description":"Per musei, giardini e zoo","publisher":{"@id":"https:\/\/climatetoolkit.org\/#organization"},"potentialAction":[{"@type":"SearchAction","target":{"@type":"EntryPoint","urlTemplate":"https:\/\/climatetoolkit.org\/?s={search_term_string}"},"query-input":{"@type":"PropertyValueSpecification","valueRequired":true,"valueName":"search_term_string"}}],"inLanguage":"it-IT"},{"@type":"Organization","@id":"https:\/\/climatetoolkit.org\/#organization","name":"Il Toolkit per il clima","url":"https:\/\/climatetoolkit.org\/","logo":{"@type":"ImageObject","inLanguage":"it-IT","@id":"https:\/\/climatetoolkit.org\/#\/schema\/logo\/image\/","url":"https:\/\/climatetoolkit.org\/wp-content\/uploads\/2020\/05\/C_logo.png","contentUrl":"https:\/\/climatetoolkit.org\/wp-content\/uploads\/2020\/05\/C_logo.png","width":512,"height":512,"caption":"The Climate Toolkit"},"image":{"@id":"https:\/\/climatetoolkit.org\/#\/schema\/logo\/image\/"}}]}},"coauthors":[],"author_meta":{"author_link":"https:\/\/climatetoolkit.org\/it\/author\/joe\/","display_name":"joe reed"},"relative_dates":{"created":"Pubblicato 8 mesi fa","modified":"Aggiornato 6 mesi fa"},"absolute_dates":{"created":"Pubblicato il Agosto 1, 2025","modified":"Aggiornato il Ottobre 17, 2025"},"absolute_dates_time":{"created":"Pubblicato il Agosto 1, 2025 1:42 pm","modified":"Aggiornato il Ottobre 17, 2025 2:24 pm"},"featured_img_caption":"","featured_img":false,"series_order":"","_links":{"self":[{"href":"https:\/\/climatetoolkit.org\/it\/wp-json\/wp\/v2\/pages\/4586","targetHints":{"allow":["GET"]}}],"collection":[{"href":"https:\/\/climatetoolkit.org\/it\/wp-json\/wp\/v2\/pages"}],"about":[{"href":"https:\/\/climatetoolkit.org\/it\/wp-json\/wp\/v2\/types\/page"}],"author":[{"embeddable":true,"href":"https:\/\/climatetoolkit.org\/it\/wp-json\/wp\/v2\/users\/2"}],"replies":[{"embeddable":true,"href":"https:\/\/climatetoolkit.org\/it\/wp-json\/wp\/v2\/comments?post=4586"}],"version-history":[{"count":100,"href":"https:\/\/climatetoolkit.org\/it\/wp-json\/wp\/v2\/pages\/4586\/revisions"}],"predecessor-version":[{"id":4985,"href":"https:\/\/climatetoolkit.org\/it\/wp-json\/wp\/v2\/pages\/4586\/revisions\/4985"}],"wp:attachment":[{"href":"https:\/\/climatetoolkit.org\/it\/wp-json\/wp\/v2\/media?parent=4586"}],"curies":[{"name":"wp","href":"https:\/\/api.w.org\/{rel}","templated":true}]}}