{"id":2703,"date":"2023-11-01T15:23:05","date_gmt":"2023-11-01T19:23:05","guid":{"rendered":"https:\/\/climatetoolkit.org\/?page_id=2703"},"modified":"2023-11-01T15:23:06","modified_gmt":"2023-11-01T19:23:06","slug":"association-of-science-and-technology-centers-astc","status":"publish","type":"page","link":"https:\/\/climatetoolkit.org\/it\/association-of-science-and-technology-centers-astc\/","title":{"rendered":"Associazione dei centri scientifici e tecnologici (ASTC)"},"content":{"rendered":"<figure class=\"wp-block-image size-full\"><img decoding=\"async\" width=\"624\" height=\"52\" src=\"https:\/\/climatetoolkit.org\/wp-content\/uploads\/2023\/11\/Picture12.png\" alt=\"\" class=\"wp-image-2704\" srcset=\"https:\/\/climatetoolkit.org\/wp-content\/uploads\/2023\/11\/Picture12.png 624w, https:\/\/climatetoolkit.org\/wp-content\/uploads\/2023\/11\/Picture12-300x25.png 300w, https:\/\/climatetoolkit.org\/wp-content\/uploads\/2023\/11\/Picture12-100x8.png 100w, https:\/\/climatetoolkit.org\/wp-content\/uploads\/2023\/11\/Picture12-150x13.png 150w, https:\/\/climatetoolkit.org\/wp-content\/uploads\/2023\/11\/Picture12-200x17.png 200w, https:\/\/climatetoolkit.org\/wp-content\/uploads\/2023\/11\/Picture12-450x38.png 450w, https:\/\/climatetoolkit.org\/wp-content\/uploads\/2023\/11\/Picture12-600x50.png 600w\" sizes=\"(max-width: 624px) 100vw, 624px\" \/><\/figure>\n\n\n\n<p>Lo scopo del <a href=\"https:\/\/www.astc.org\/\">Associazione dei centri scientifici e tecnologici<\/a> (ASTC) \u00e8 quello di sostenere e supportare i centri scientifici, i centri tecnologici e i musei e l'intero settore dell'impegno scientifico verso una visione di aumento della comprensione e dell'impegno con la scienza e la tecnologia tra tutte le persone.<\/p>\n\n\n\n<p>L'ASTC \u00e8 un'associazione con sede in Nord America che sostiene il settore dell'impegno scientifico globale dal 1973. L'ASTC crea <strong>opportunit\u00e0 strategiche<\/strong>, <strong>sviluppa il capitale intellettuale<\/strong>, e <strong>assembla le risorse<\/strong> per sostenere i membri nella realizzazione delle loro missioni e nel coinvolgimento delle loro comunit\u00e0.<\/p>\n\n\n\n<p>In qualit\u00e0 di leader nel campo dell'impegno scientifico, l'ASTC si impegna a:<\/p>\n\n\n\n<ul class=\"wp-block-list\">\n<li><strong>Promuovere l'impegno del pubblico nei confronti della scienza:<\/strong><ul><li>promuovere il lavoro dei centri scientifici e tecnologici e dei musei.<\/li><\/ul><ul><li>Collaborare e rafforzare le connessioni tra i membri attraverso l'intera gamma di ecosistemi di coinvolgimento scientifico.<\/li><\/ul>\n<ul class=\"wp-block-list\">\n<li>Creare un maggiore sostegno alle attivit\u00e0 e alle istituzioni che si occupano di scienza.<\/li>\n<\/ul>\n<\/li>\n\n\n\n<li><strong>Rafforzare i membri e le loro capacit\u00e0 attraverso:<\/strong><ul><li>Contribuire alla crescita della diversit\u00e0 e delle competenze della forza lavoro degli istituti membri.<\/li><\/ul><ul><li>Facilitare l'innovazione, la connessione, l'apprendimento e la collaborazione tra i membri.<\/li><\/ul>\n<ul class=\"wp-block-list\">\n<li>Raccolta e condivisione di dati e ricerche.<\/li>\n<\/ul>\n<\/li>\n\n\n\n<li><strong>Costruire un futuro pi\u00f9 equo e sostenibile:<\/strong><ul><li>Sostenere i membri affinch\u00e9 siano leader nelle loro comunit\u00e0 nell'affrontare i cambiamenti climatici e la biodiversit\u00e0, l'equit\u00e0 e la giustizia e altre questioni critiche.<\/li><\/ul><ul><li>Diffusione e scalabilit\u00e0 degli approcci all'apprendimento e all'impegno scientifico basati sull'equit\u00e0.<\/li><\/ul>\n<ul class=\"wp-block-list\">\n<li>Espandere l'impatto individuale e collettivo dei membri nelle loro comunit\u00e0 e nel mondo.<\/li>\n<\/ul>\n<\/li>\n<\/ul>\n\n\n\n<p>Altre risorse ASTC sono disponibili di seguito:<\/p>\n\n\n\n<ul class=\"wp-block-list\">\n<li><a href=\"https:\/\/www.astc.org\/about\/strategy\/\">Il quadro strategico dell'ASTC<\/a><\/li>\n\n\n\n<li><a href=\"https:\/\/www.astc.org\/about\/organization\/astc-bylaws\/\">Statuto dell'ASTC<\/a><\/li>\n\n\n\n<li><a href=\"https:\/\/www.astc.org\/about\/equity\/\">ASTC Promozione dell'equit\u00e0 e della giustizia<\/a><\/li>\n\n\n\n<li><a href=\"https:\/\/www.astc.org\/about\/daie\/\">L'impegno dell'ASTC per la diversit\u00e0, l'accessibilit\u00e0, l'inclusione e l'equit\u00e0<\/a><\/li>\n\n\n\n<li><a href=\"https:\/\/www.astc.org\/about\/support-astc\/diversity-challenge-fund\/\">Fondo di sfida per la diversit\u00e0 ASTC<\/a><\/li>\n\n\n\n<li><a href=\"https:\/\/seeding-action.org\/\">Azione di semina<\/a><\/li>\n<\/ul>","protected":false},"excerpt":{"rendered":"<p>Lo scopo dell'Associazione dei Centri Scientifici e Tecnologici (ASTC) \u00e8 quello di sostenere e supportare i centri scientifici, i centri tecnologici e i musei, e l'intero settore dell'impegno scientifico verso una visione di aumento della comprensione e dell'impegno con la scienza e ...<\/p>\n<p class=\"read-more\"> <a class=\"\" href=\"https:\/\/climatetoolkit.org\/it\/association-of-science-and-technology-centers-astc\/\"> <span class=\"screen-reader-text\">Associazione dei centri scientifici e tecnologici (ASTC)<\/span> Leggi tutto \"<\/a><\/p>","protected":false},"author":2,"featured_media":0,"parent":0,"menu_order":0,"comment_status":"closed","ping_status":"closed","template":"","meta":{"_acf_changed":false,"inline_featured_image":false,"advgb_blocks_editor_width":"","advgb_blocks_columns_visual_guide":"","footnotes":""},"class_list":["post-2703","page","type-page","status-publish","hentry"],"acf":[],"yoast_head":"<!-- This site is optimized with the Yoast SEO plugin v27.3 - https:\/\/yoast.com\/product\/yoast-seo-wordpress\/ -->\n<title>Association of Science and Technology Centers (ASTC) - The Climate Toolkit<\/title>\n<meta name=\"robots\" content=\"index, follow, max-snippet:-1, max-image-preview:large, max-video-preview:-1\" \/>\n<link rel=\"canonical\" href=\"https:\/\/climatetoolkit.org\/it\/association-of-science-and-technology-centers-astc\/\" \/>\n<meta property=\"og:locale\" content=\"it_IT\" \/>\n<meta property=\"og:type\" content=\"article\" \/>\n<meta property=\"og:title\" content=\"Association of Science and Technology Centers (ASTC) - The Climate Toolkit\" \/>\n<meta property=\"og:description\" content=\"The purpose of the Association of Science and Technology Centers (ASTC) is to champion and support science centers, technology centers and museums, and the entire science engagement field toward a vision of increasing understanding of and engagement with science and &hellip; Association of Science and Technology Centers (ASTC) Leggi tutto &raquo;\" \/>\n<meta property=\"og:url\" content=\"https:\/\/climatetoolkit.org\/it\/association-of-science-and-technology-centers-astc\/\" \/>\n<meta property=\"og:site_name\" content=\"The Climate Toolkit\" \/>\n<meta property=\"article:modified_time\" content=\"2023-11-01T19:23:06+00:00\" \/>\n<meta property=\"og:image\" content=\"https:\/\/climatetoolkit.org\/wp-content\/uploads\/2023\/11\/Picture12.png\" \/>\n<meta name=\"twitter:card\" content=\"summary_large_image\" \/>\n<meta name=\"twitter:label1\" content=\"Tempo di lettura stimato\" \/>\n\t<meta name=\"twitter:data1\" content=\"2 minuti\" \/>\n<script type=\"application\/ld+json\" class=\"yoast-schema-graph\">{\"@context\":\"https:\\\/\\\/schema.org\",\"@graph\":[{\"@type\":\"WebPage\",\"@id\":\"https:\\\/\\\/climatetoolkit.org\\\/association-of-science-and-technology-centers-astc\\\/\",\"url\":\"https:\\\/\\\/climatetoolkit.org\\\/association-of-science-and-technology-centers-astc\\\/\",\"name\":\"Association of Science and Technology Centers (ASTC) - The Climate Toolkit\",\"isPartOf\":{\"@id\":\"https:\\\/\\\/climatetoolkit.org\\\/#website\"},\"primaryImageOfPage\":{\"@id\":\"https:\\\/\\\/climatetoolkit.org\\\/association-of-science-and-technology-centers-astc\\\/#primaryimage\"},\"image\":{\"@id\":\"https:\\\/\\\/climatetoolkit.org\\\/association-of-science-and-technology-centers-astc\\\/#primaryimage\"},\"thumbnailUrl\":\"https:\\\/\\\/climatetoolkit.org\\\/wp-content\\\/uploads\\\/2023\\\/11\\\/Picture12.png\",\"datePublished\":\"2023-11-01T19:23:05+00:00\",\"dateModified\":\"2023-11-01T19:23:06+00:00\",\"breadcrumb\":{\"@id\":\"https:\\\/\\\/climatetoolkit.org\\\/association-of-science-and-technology-centers-astc\\\/#breadcrumb\"},\"inLanguage\":\"it-IT\",\"potentialAction\":[{\"@type\":\"ReadAction\",\"target\":[\"https:\\\/\\\/climatetoolkit.org\\\/association-of-science-and-technology-centers-astc\\\/\"]}]},{\"@type\":\"ImageObject\",\"inLanguage\":\"it-IT\",\"@id\":\"https:\\\/\\\/climatetoolkit.org\\\/association-of-science-and-technology-centers-astc\\\/#primaryimage\",\"url\":\"https:\\\/\\\/climatetoolkit.org\\\/wp-content\\\/uploads\\\/2023\\\/11\\\/Picture12.png\",\"contentUrl\":\"https:\\\/\\\/climatetoolkit.org\\\/wp-content\\\/uploads\\\/2023\\\/11\\\/Picture12.png\"},{\"@type\":\"BreadcrumbList\",\"@id\":\"https:\\\/\\\/climatetoolkit.org\\\/association-of-science-and-technology-centers-astc\\\/#breadcrumb\",\"itemListElement\":[{\"@type\":\"ListItem\",\"position\":1,\"name\":\"Home\",\"item\":\"https:\\\/\\\/climatetoolkit.org\\\/\"},{\"@type\":\"ListItem\",\"position\":2,\"name\":\"Association of Science and Technology Centers (ASTC)\"}]},{\"@type\":\"WebSite\",\"@id\":\"https:\\\/\\\/climatetoolkit.org\\\/#website\",\"url\":\"https:\\\/\\\/climatetoolkit.org\\\/\",\"name\":\"The Climate Toolkit\",\"description\":\"For Museums, Gardens and Zoos\",\"publisher\":{\"@id\":\"https:\\\/\\\/climatetoolkit.org\\\/#organization\"},\"potentialAction\":[{\"@type\":\"SearchAction\",\"target\":{\"@type\":\"EntryPoint\",\"urlTemplate\":\"https:\\\/\\\/climatetoolkit.org\\\/?s={search_term_string}\"},\"query-input\":{\"@type\":\"PropertyValueSpecification\",\"valueRequired\":true,\"valueName\":\"search_term_string\"}}],\"inLanguage\":\"it-IT\"},{\"@type\":\"Organization\",\"@id\":\"https:\\\/\\\/climatetoolkit.org\\\/#organization\",\"name\":\"The Climate Toolkit\",\"url\":\"https:\\\/\\\/climatetoolkit.org\\\/\",\"logo\":{\"@type\":\"ImageObject\",\"inLanguage\":\"it-IT\",\"@id\":\"https:\\\/\\\/climatetoolkit.org\\\/#\\\/schema\\\/logo\\\/image\\\/\",\"url\":\"https:\\\/\\\/climatetoolkit.org\\\/wp-content\\\/uploads\\\/2020\\\/05\\\/C_logo.png\",\"contentUrl\":\"https:\\\/\\\/climatetoolkit.org\\\/wp-content\\\/uploads\\\/2020\\\/05\\\/C_logo.png\",\"width\":512,\"height\":512,\"caption\":\"The Climate Toolkit\"},\"image\":{\"@id\":\"https:\\\/\\\/climatetoolkit.org\\\/#\\\/schema\\\/logo\\\/image\\\/\"}}]}<\/script>\n<!-- \/ Yoast SEO plugin. -->","yoast_head_json":{"title":"Associazione dei centri scientifici e tecnologici (ASTC) - Il kit di strumenti per il clima","robots":{"index":"index","follow":"follow","max-snippet":"max-snippet:-1","max-image-preview":"max-image-preview:large","max-video-preview":"max-video-preview:-1"},"canonical":"https:\/\/climatetoolkit.org\/it\/association-of-science-and-technology-centers-astc\/","og_locale":"it_IT","og_type":"article","og_title":"Association of Science and Technology Centers (ASTC) - The Climate Toolkit","og_description":"The purpose of the Association of Science and Technology Centers (ASTC) is to champion and support science centers, technology centers and museums, and the entire science engagement field toward a vision of increasing understanding of and engagement with science and &hellip; Association of Science and Technology Centers (ASTC) Leggi tutto &raquo;","og_url":"https:\/\/climatetoolkit.org\/it\/association-of-science-and-technology-centers-astc\/","og_site_name":"The Climate Toolkit","article_modified_time":"2023-11-01T19:23:06+00:00","og_image":[{"url":"https:\/\/climatetoolkit.org\/wp-content\/uploads\/2023\/11\/Picture12.png","type":"","width":"","height":""}],"twitter_card":"summary_large_image","twitter_misc":{"Tempo di lettura stimato":"2 minuti"},"schema":{"@context":"https:\/\/schema.org","@graph":[{"@type":"WebPage","@id":"https:\/\/climatetoolkit.org\/association-of-science-and-technology-centers-astc\/","url":"https:\/\/climatetoolkit.org\/association-of-science-and-technology-centers-astc\/","name":"Associazione dei centri scientifici e tecnologici (ASTC) - Il kit di strumenti per il clima","isPartOf":{"@id":"https:\/\/climatetoolkit.org\/#website"},"primaryImageOfPage":{"@id":"https:\/\/climatetoolkit.org\/association-of-science-and-technology-centers-astc\/#primaryimage"},"image":{"@id":"https:\/\/climatetoolkit.org\/association-of-science-and-technology-centers-astc\/#primaryimage"},"thumbnailUrl":"https:\/\/climatetoolkit.org\/wp-content\/uploads\/2023\/11\/Picture12.png","datePublished":"2023-11-01T19:23:05+00:00","dateModified":"2023-11-01T19:23:06+00:00","breadcrumb":{"@id":"https:\/\/climatetoolkit.org\/association-of-science-and-technology-centers-astc\/#breadcrumb"},"inLanguage":"it-IT","potentialAction":[{"@type":"ReadAction","target":["https:\/\/climatetoolkit.org\/association-of-science-and-technology-centers-astc\/"]}]},{"@type":"ImageObject","inLanguage":"it-IT","@id":"https:\/\/climatetoolkit.org\/association-of-science-and-technology-centers-astc\/#primaryimage","url":"https:\/\/climatetoolkit.org\/wp-content\/uploads\/2023\/11\/Picture12.png","contentUrl":"https:\/\/climatetoolkit.org\/wp-content\/uploads\/2023\/11\/Picture12.png"},{"@type":"BreadcrumbList","@id":"https:\/\/climatetoolkit.org\/association-of-science-and-technology-centers-astc\/#breadcrumb","itemListElement":[{"@type":"ListItem","position":1,"name":"Home","item":"https:\/\/climatetoolkit.org\/"},{"@type":"ListItem","position":2,"name":"Association of Science and Technology Centers (ASTC)"}]},{"@type":"WebSite","@id":"https:\/\/climatetoolkit.org\/#website","url":"https:\/\/climatetoolkit.org\/","name":"Il Toolkit per il clima","description":"Per musei, giardini e zoo","publisher":{"@id":"https:\/\/climatetoolkit.org\/#organization"},"potentialAction":[{"@type":"SearchAction","target":{"@type":"EntryPoint","urlTemplate":"https:\/\/climatetoolkit.org\/?s={search_term_string}"},"query-input":{"@type":"PropertyValueSpecification","valueRequired":true,"valueName":"search_term_string"}}],"inLanguage":"it-IT"},{"@type":"Organization","@id":"https:\/\/climatetoolkit.org\/#organization","name":"Il Toolkit per il clima","url":"https:\/\/climatetoolkit.org\/","logo":{"@type":"ImageObject","inLanguage":"it-IT","@id":"https:\/\/climatetoolkit.org\/#\/schema\/logo\/image\/","url":"https:\/\/climatetoolkit.org\/wp-content\/uploads\/2020\/05\/C_logo.png","contentUrl":"https:\/\/climatetoolkit.org\/wp-content\/uploads\/2020\/05\/C_logo.png","width":512,"height":512,"caption":"The Climate Toolkit"},"image":{"@id":"https:\/\/climatetoolkit.org\/#\/schema\/logo\/image\/"}}]}},"coauthors":[],"author_meta":{"author_link":"https:\/\/climatetoolkit.org\/it\/author\/joe\/","display_name":"joe reed"},"relative_dates":{"created":"Pubblicato 2 anni fa","modified":"Aggiornato 2 anni fa"},"absolute_dates":{"created":"Pubblicato il Novembre 1, 2023","modified":"Aggiornato il Novembre 1, 2023"},"absolute_dates_time":{"created":"Pubblicato il Novembre 1, 2023 3:23 pm","modified":"Aggiornato il Novembre 1, 2023 3:23 pm"},"featured_img_caption":"","featured_img":false,"series_order":"","_links":{"self":[{"href":"https:\/\/climatetoolkit.org\/it\/wp-json\/wp\/v2\/pages\/2703","targetHints":{"allow":["GET"]}}],"collection":[{"href":"https:\/\/climatetoolkit.org\/it\/wp-json\/wp\/v2\/pages"}],"about":[{"href":"https:\/\/climatetoolkit.org\/it\/wp-json\/wp\/v2\/types\/page"}],"author":[{"embeddable":true,"href":"https:\/\/climatetoolkit.org\/it\/wp-json\/wp\/v2\/users\/2"}],"replies":[{"embeddable":true,"href":"https:\/\/climatetoolkit.org\/it\/wp-json\/wp\/v2\/comments?post=2703"}],"version-history":[{"count":0,"href":"https:\/\/climatetoolkit.org\/it\/wp-json\/wp\/v2\/pages\/2703\/revisions"}],"wp:attachment":[{"href":"https:\/\/climatetoolkit.org\/it\/wp-json\/wp\/v2\/media?parent=2703"}],"curies":[{"name":"wp","href":"https:\/\/api.w.org\/{rel}","templated":true}]}}