{"id":1495,"date":"2022-03-03T14:16:05","date_gmt":"2022-03-03T19:16:05","guid":{"rendered":"https:\/\/climatetoolkit.org\/?page_id=1495"},"modified":"2026-03-13T14:44:52","modified_gmt":"2026-03-13T18:44:52","slug":"welcome-to-the-climate-toolkit","status":"publish","type":"page","link":"https:\/\/climatetoolkit.org\/it\/welcome-to-the-climate-toolkit\/","title":{"rendered":"Benvenuti nel kit di strumenti per il clima"},"content":{"rendered":"<h1 align=\"center\">Welcome to The Climate Toolkit<\/h1>\n\n\n<div class=\"wp-block-image\">\n<figure class=\"alignright size-large is-resized advgb-dyn-da175106\"><img decoding=\"async\" width=\"1024\" height=\"682\" src=\"https:\/\/climatetoolkit.org\/wp-content\/uploads\/2022\/02\/Richard-Headshot-1024x682.jpeg\" alt=\"\" class=\"wp-image-1496\" style=\"width:397px;height:265px\" srcset=\"https:\/\/climatetoolkit.org\/wp-content\/uploads\/2022\/02\/Richard-Headshot-1024x682.jpeg 1024w, https:\/\/climatetoolkit.org\/wp-content\/uploads\/2022\/02\/Richard-Headshot-300x200.jpeg 300w, https:\/\/climatetoolkit.org\/wp-content\/uploads\/2022\/02\/Richard-Headshot-768x512.jpeg 768w, https:\/\/climatetoolkit.org\/wp-content\/uploads\/2022\/02\/Richard-Headshot-100x67.jpeg 100w, https:\/\/climatetoolkit.org\/wp-content\/uploads\/2022\/02\/Richard-Headshot-150x100.jpeg 150w, https:\/\/climatetoolkit.org\/wp-content\/uploads\/2022\/02\/Richard-Headshot-200x133.jpeg 200w, https:\/\/climatetoolkit.org\/wp-content\/uploads\/2022\/02\/Richard-Headshot-450x300.jpeg 450w, https:\/\/climatetoolkit.org\/wp-content\/uploads\/2022\/02\/Richard-Headshot-600x400.jpeg 600w, https:\/\/climatetoolkit.org\/wp-content\/uploads\/2022\/02\/Richard-Headshot-900x600.jpeg 900w, https:\/\/climatetoolkit.org\/wp-content\/uploads\/2022\/02\/Richard-Headshot.jpeg 1280w\" sizes=\"(max-width: 1024px) 100vw, 1024px\" \/><\/figure>\n<\/div>\n\n\n<p>Cari visitatori del Climate Toolkit, <\/p>\n\n\n\n<p>It wasn\u2019t long ago that many of us in the world of cultural institutions felt that if our mission didn\u2019t explicitly state that we should be concerned with the environment and climate change, we were off the hook \u2014 to attend to these concerns was a form of \u201cmission creep,\u201d and environmental initiatives were best led by environmental causes. But times have changed, and they have changed rapidly: science tells us that climate change is real, advancing at an alarming rate and that it will affect everyone and everything on the planet. Today, the trust that we have established in the communities we serve and our decades of commitment to the exploration of science, history, art, and nature compel us to not only address these issues but to emerge as the leaders of change in our regions and beyond. Each and every one of us must do all we can as quickly as we can.<\/p>\n\n\n\n<p>La causa principale del cambiamento climatico \u00e8 lo stile di vita che conduciamo e il modo in cui pensiamo al nostro rapporto con il mondo.  Il Toolkit \u00e8 stato creato per affrontare i problemi legati allo stile di vita e per incoraggiarci a vedere il mondo da un punto di vista rigenerativo. Riconosciamo che ogni organizzazione, comunit\u00e0 e bio-regione \u00e8 unica e che ognuno di noi dovr\u00e0 dare priorit\u00e0 alle aree pi\u00f9 importanti per la propria situazione, mentre sviluppiamo la capacit\u00e0 di agire in noi stessi e nelle nostre comunit\u00e0. Abbiamo creato delle metriche suggerite in diverse aree chiave per iniziare e, man mano che procederete in questo viaggio, speriamo che andrete oltre questi suggerimenti per trovare nuovi punti di intervento dove potrete avere il massimo impatto.<\/p>\n\n\n\n<p>Un vantaggio fondamentale del Toolkit \u00e8 il modo in cui \u00e8 stato concepito per consentire alle organizzazioni di condividere ci\u00f2 che stanno facendo, facilitare il tutoraggio e fungere da opportunit\u00e0 per imparare nuovi modi di affrontare il cambiamento climatico da altri nel nostro campo.<\/p>\n\n\n\n<p>In molti anni di iniziative di sostenibilit\u00e0 alla Phipps, abbiamo scoperto che non possiamo alleviare il cambiamento climatico attraverso l'azione di una singola istituzione o di un singolo individuo.&nbsp;<strong>Dobbiamo lavorare insieme.<\/strong>&nbsp;I nostri dipartimenti di educazione, strutture, sostenibilit\u00e0, marketing, orticoltura, collezioni e altri dipartimenti sono stati essenziali nel contribuire a stabilire pratiche e a continuare a lavorare per affrontare il cambiamento climatico, pur essendo attivi nella nostra comunit\u00e0. Se le istituzioni pubbliche e i loro professionisti lavorano insieme collettivamente, possiamo condividere informazioni preziose e modelli di successo, aiutarci a rispondere alle reciproche domande, coinvolgere le nostre comunit\u00e0 e sostenerci a vicenda nel nostro percorso di sostenibilit\u00e0.<\/p>\n\n\n\n<p>Prendetevi un po' di tempo per leggere alcune delle nostre <a href=\"https:\/\/climatetoolkit.org\/it\/blog\/\">articoli didattici<\/a>, guardate alcuni dei nostri <a href=\"https:\/\/climatetoolkit.org\/it\/webinars\/\">webinar<\/a>e iscrivetevi al nostro <a href=\"https:\/\/climatetoolkit.org\/it\/newsletter\/\">newsletter<\/a>! Non vediamo l'ora di approfondire i contatti e non c'\u00e8 limite a ci\u00f2 che possiamo realizzare insieme.<\/p>\n\n\n\n<p>Cordiali saluti,<\/p>\n\n\n\n<figure class=\"wp-block-image is-resized\"><img decoding=\"async\" src=\"https:\/\/www.phipps.conservatory.org\/assets\/images\/as_art_image\/rvpsig.png\" alt=\"\" style=\"width:163px;height:50px\"\/><\/figure>\n\n\n\n<p><strong>Richard V. Piacentini<\/strong><br>Presidente e CEO <br>Conservatorio e giardini botanici Phipps<\/p>","protected":false},"excerpt":{"rendered":"<p>Welcome to The Climate Toolkit Dear Climate Toolkit Visitors, It wasn\u2019t long ago that many of us in the world of cultural institutions felt that if our mission didn\u2019t explicitly state that we should be concerned with the environment and &hellip;<\/p>\n<p class=\"read-more\"> <a class=\"\" href=\"https:\/\/climatetoolkit.org\/it\/welcome-to-the-climate-toolkit\/\"> <span class=\"screen-reader-text\">Benvenuti nel kit di strumenti per il clima<\/span> Leggi tutto \"<\/a><\/p>","protected":false},"author":2,"featured_media":0,"parent":0,"menu_order":0,"comment_status":"closed","ping_status":"closed","template":"","meta":{"_acf_changed":false,"inline_featured_image":false,"advgb_blocks_editor_width":"","advgb_blocks_columns_visual_guide":"","footnotes":""},"class_list":["post-1495","page","type-page","status-publish","hentry"],"acf":[],"yoast_head":"<!-- This site is optimized with the Yoast SEO plugin v27.4 - https:\/\/yoast.com\/product\/yoast-seo-wordpress\/ -->\n<title>Welcome to the Climate Toolkit - The Climate Toolkit<\/title>\n<meta name=\"robots\" content=\"index, follow, max-snippet:-1, max-image-preview:large, max-video-preview:-1\" \/>\n<link rel=\"canonical\" href=\"https:\/\/climatetoolkit.org\/it\/welcome-to-the-climate-toolkit\/\" \/>\n<meta property=\"og:locale\" content=\"it_IT\" \/>\n<meta property=\"og:type\" content=\"article\" \/>\n<meta property=\"og:title\" content=\"Welcome to the Climate Toolkit - The Climate Toolkit\" \/>\n<meta property=\"og:description\" content=\"Welcome to The Climate Toolkit Dear Climate Toolkit Visitors, It wasn\u2019t long ago that many of us in the world of cultural institutions felt that if our mission didn\u2019t explicitly state that we should be concerned with the environment and &hellip; Welcome to the Climate Toolkit Leggi tutto &raquo;\" \/>\n<meta property=\"og:url\" content=\"https:\/\/climatetoolkit.org\/it\/welcome-to-the-climate-toolkit\/\" \/>\n<meta property=\"og:site_name\" content=\"The Climate Toolkit\" \/>\n<meta property=\"article:modified_time\" content=\"2026-03-13T18:44:52+00:00\" \/>\n<meta property=\"og:image\" content=\"https:\/\/climatetoolkit.org\/wp-content\/uploads\/2022\/02\/Richard-Headshot.jpeg\" \/>\n\t<meta property=\"og:image:width\" content=\"1280\" \/>\n\t<meta property=\"og:image:height\" content=\"853\" \/>\n\t<meta property=\"og:image:type\" content=\"image\/jpeg\" \/>\n<meta name=\"twitter:card\" content=\"summary_large_image\" \/>\n<meta name=\"twitter:label1\" content=\"Tempo di lettura stimato\" \/>\n\t<meta name=\"twitter:data1\" content=\"3 minuti\" \/>\n<script type=\"application\/ld+json\" class=\"yoast-schema-graph\">{\"@context\":\"https:\\\/\\\/schema.org\",\"@graph\":[{\"@type\":\"WebPage\",\"@id\":\"https:\\\/\\\/climatetoolkit.org\\\/welcome-to-the-climate-toolkit\\\/\",\"url\":\"https:\\\/\\\/climatetoolkit.org\\\/welcome-to-the-climate-toolkit\\\/\",\"name\":\"Welcome to the Climate Toolkit - The Climate Toolkit\",\"isPartOf\":{\"@id\":\"https:\\\/\\\/climatetoolkit.org\\\/#website\"},\"primaryImageOfPage\":{\"@id\":\"https:\\\/\\\/climatetoolkit.org\\\/welcome-to-the-climate-toolkit\\\/#primaryimage\"},\"image\":{\"@id\":\"https:\\\/\\\/climatetoolkit.org\\\/welcome-to-the-climate-toolkit\\\/#primaryimage\"},\"thumbnailUrl\":\"https:\\\/\\\/climatetoolkit.org\\\/wp-content\\\/uploads\\\/2022\\\/02\\\/Richard-Headshot-1024x682.jpeg\",\"datePublished\":\"2022-03-03T19:16:05+00:00\",\"dateModified\":\"2026-03-13T18:44:52+00:00\",\"breadcrumb\":{\"@id\":\"https:\\\/\\\/climatetoolkit.org\\\/welcome-to-the-climate-toolkit\\\/#breadcrumb\"},\"inLanguage\":\"it-IT\",\"potentialAction\":[{\"@type\":\"ReadAction\",\"target\":[\"https:\\\/\\\/climatetoolkit.org\\\/welcome-to-the-climate-toolkit\\\/\"]}]},{\"@type\":\"ImageObject\",\"inLanguage\":\"it-IT\",\"@id\":\"https:\\\/\\\/climatetoolkit.org\\\/welcome-to-the-climate-toolkit\\\/#primaryimage\",\"url\":\"https:\\\/\\\/climatetoolkit.org\\\/wp-content\\\/uploads\\\/2022\\\/02\\\/Richard-Headshot-1024x682.jpeg\",\"contentUrl\":\"https:\\\/\\\/climatetoolkit.org\\\/wp-content\\\/uploads\\\/2022\\\/02\\\/Richard-Headshot-1024x682.jpeg\"},{\"@type\":\"BreadcrumbList\",\"@id\":\"https:\\\/\\\/climatetoolkit.org\\\/welcome-to-the-climate-toolkit\\\/#breadcrumb\",\"itemListElement\":[{\"@type\":\"ListItem\",\"position\":1,\"name\":\"Home\",\"item\":\"https:\\\/\\\/climatetoolkit.org\\\/\"},{\"@type\":\"ListItem\",\"position\":2,\"name\":\"Welcome to the Climate Toolkit\"}]},{\"@type\":\"WebSite\",\"@id\":\"https:\\\/\\\/climatetoolkit.org\\\/#website\",\"url\":\"https:\\\/\\\/climatetoolkit.org\\\/\",\"name\":\"The Climate Toolkit\",\"description\":\"For Museums, Gardens and Zoos\",\"publisher\":{\"@id\":\"https:\\\/\\\/climatetoolkit.org\\\/#organization\"},\"potentialAction\":[{\"@type\":\"SearchAction\",\"target\":{\"@type\":\"EntryPoint\",\"urlTemplate\":\"https:\\\/\\\/climatetoolkit.org\\\/?s={search_term_string}\"},\"query-input\":{\"@type\":\"PropertyValueSpecification\",\"valueRequired\":true,\"valueName\":\"search_term_string\"}}],\"inLanguage\":\"it-IT\"},{\"@type\":\"Organization\",\"@id\":\"https:\\\/\\\/climatetoolkit.org\\\/#organization\",\"name\":\"The Climate Toolkit\",\"url\":\"https:\\\/\\\/climatetoolkit.org\\\/\",\"logo\":{\"@type\":\"ImageObject\",\"inLanguage\":\"it-IT\",\"@id\":\"https:\\\/\\\/climatetoolkit.org\\\/#\\\/schema\\\/logo\\\/image\\\/\",\"url\":\"https:\\\/\\\/climatetoolkit.org\\\/wp-content\\\/uploads\\\/2020\\\/05\\\/C_logo.png\",\"contentUrl\":\"https:\\\/\\\/climatetoolkit.org\\\/wp-content\\\/uploads\\\/2020\\\/05\\\/C_logo.png\",\"width\":512,\"height\":512,\"caption\":\"The Climate Toolkit\"},\"image\":{\"@id\":\"https:\\\/\\\/climatetoolkit.org\\\/#\\\/schema\\\/logo\\\/image\\\/\"}}]}<\/script>\n<!-- \/ Yoast SEO plugin. -->","yoast_head_json":{"title":"Welcome to the Climate Toolkit - The Climate Toolkit","robots":{"index":"index","follow":"follow","max-snippet":"max-snippet:-1","max-image-preview":"max-image-preview:large","max-video-preview":"max-video-preview:-1"},"canonical":"https:\/\/climatetoolkit.org\/it\/welcome-to-the-climate-toolkit\/","og_locale":"it_IT","og_type":"article","og_title":"Welcome to the Climate Toolkit - The Climate Toolkit","og_description":"Welcome to The Climate Toolkit Dear Climate Toolkit Visitors, It wasn\u2019t long ago that many of us in the world of cultural institutions felt that if our mission didn\u2019t explicitly state that we should be concerned with the environment and &hellip; Welcome to the Climate Toolkit Leggi tutto &raquo;","og_url":"https:\/\/climatetoolkit.org\/it\/welcome-to-the-climate-toolkit\/","og_site_name":"The Climate Toolkit","article_modified_time":"2026-03-13T18:44:52+00:00","og_image":[{"width":1280,"height":853,"url":"https:\/\/climatetoolkit.org\/wp-content\/uploads\/2022\/02\/Richard-Headshot.jpeg","type":"image\/jpeg"}],"twitter_card":"summary_large_image","twitter_misc":{"Tempo di lettura stimato":"3 minuti"},"schema":{"@context":"https:\/\/schema.org","@graph":[{"@type":"WebPage","@id":"https:\/\/climatetoolkit.org\/welcome-to-the-climate-toolkit\/","url":"https:\/\/climatetoolkit.org\/welcome-to-the-climate-toolkit\/","name":"Welcome to the Climate Toolkit - The Climate Toolkit","isPartOf":{"@id":"https:\/\/climatetoolkit.org\/#website"},"primaryImageOfPage":{"@id":"https:\/\/climatetoolkit.org\/welcome-to-the-climate-toolkit\/#primaryimage"},"image":{"@id":"https:\/\/climatetoolkit.org\/welcome-to-the-climate-toolkit\/#primaryimage"},"thumbnailUrl":"https:\/\/climatetoolkit.org\/wp-content\/uploads\/2022\/02\/Richard-Headshot-1024x682.jpeg","datePublished":"2022-03-03T19:16:05+00:00","dateModified":"2026-03-13T18:44:52+00:00","breadcrumb":{"@id":"https:\/\/climatetoolkit.org\/welcome-to-the-climate-toolkit\/#breadcrumb"},"inLanguage":"it-IT","potentialAction":[{"@type":"ReadAction","target":["https:\/\/climatetoolkit.org\/welcome-to-the-climate-toolkit\/"]}]},{"@type":"ImageObject","inLanguage":"it-IT","@id":"https:\/\/climatetoolkit.org\/welcome-to-the-climate-toolkit\/#primaryimage","url":"https:\/\/climatetoolkit.org\/wp-content\/uploads\/2022\/02\/Richard-Headshot-1024x682.jpeg","contentUrl":"https:\/\/climatetoolkit.org\/wp-content\/uploads\/2022\/02\/Richard-Headshot-1024x682.jpeg"},{"@type":"BreadcrumbList","@id":"https:\/\/climatetoolkit.org\/welcome-to-the-climate-toolkit\/#breadcrumb","itemListElement":[{"@type":"ListItem","position":1,"name":"Home","item":"https:\/\/climatetoolkit.org\/"},{"@type":"ListItem","position":2,"name":"Welcome to the Climate Toolkit"}]},{"@type":"WebSite","@id":"https:\/\/climatetoolkit.org\/#website","url":"https:\/\/climatetoolkit.org\/","name":"Il Toolkit per il clima","description":"Per musei, giardini e zoo","publisher":{"@id":"https:\/\/climatetoolkit.org\/#organization"},"potentialAction":[{"@type":"SearchAction","target":{"@type":"EntryPoint","urlTemplate":"https:\/\/climatetoolkit.org\/?s={search_term_string}"},"query-input":{"@type":"PropertyValueSpecification","valueRequired":true,"valueName":"search_term_string"}}],"inLanguage":"it-IT"},{"@type":"Organization","@id":"https:\/\/climatetoolkit.org\/#organization","name":"Il Toolkit per il clima","url":"https:\/\/climatetoolkit.org\/","logo":{"@type":"ImageObject","inLanguage":"it-IT","@id":"https:\/\/climatetoolkit.org\/#\/schema\/logo\/image\/","url":"https:\/\/climatetoolkit.org\/wp-content\/uploads\/2020\/05\/C_logo.png","contentUrl":"https:\/\/climatetoolkit.org\/wp-content\/uploads\/2020\/05\/C_logo.png","width":512,"height":512,"caption":"The Climate Toolkit"},"image":{"@id":"https:\/\/climatetoolkit.org\/#\/schema\/logo\/image\/"}}]}},"coauthors":[],"author_meta":{"author_link":"https:\/\/climatetoolkit.org\/it\/author\/joe\/","display_name":"joe reed"},"relative_dates":{"created":"Pubblicato 4 anni fa","modified":"Aggiornato 1 mese fa"},"absolute_dates":{"created":"Pubblicato il Marzo 3, 2022","modified":"Aggiornato il Marzo 13, 2026"},"absolute_dates_time":{"created":"Pubblicato il Marzo 3, 2022 2:16 pm","modified":"Aggiornato il Marzo 13, 2026 2:44 pm"},"featured_img_caption":"","featured_img":false,"series_order":"","_links":{"self":[{"href":"https:\/\/climatetoolkit.org\/it\/wp-json\/wp\/v2\/pages\/1495","targetHints":{"allow":["GET"]}}],"collection":[{"href":"https:\/\/climatetoolkit.org\/it\/wp-json\/wp\/v2\/pages"}],"about":[{"href":"https:\/\/climatetoolkit.org\/it\/wp-json\/wp\/v2\/types\/page"}],"author":[{"embeddable":true,"href":"https:\/\/climatetoolkit.org\/it\/wp-json\/wp\/v2\/users\/2"}],"replies":[{"embeddable":true,"href":"https:\/\/climatetoolkit.org\/it\/wp-json\/wp\/v2\/comments?post=1495"}],"version-history":[{"count":2,"href":"https:\/\/climatetoolkit.org\/it\/wp-json\/wp\/v2\/pages\/1495\/revisions"}],"predecessor-version":[{"id":5586,"href":"https:\/\/climatetoolkit.org\/it\/wp-json\/wp\/v2\/pages\/1495\/revisions\/5586"}],"wp:attachment":[{"href":"https:\/\/climatetoolkit.org\/it\/wp-json\/wp\/v2\/media?parent=1495"}],"curies":[{"name":"wp","href":"https:\/\/api.w.org\/{rel}","templated":true}]}}