{"id":987,"date":"2021-08-16T13:46:24","date_gmt":"2021-08-16T17:46:24","guid":{"rendered":"https:\/\/climatetoolkit.org\/?page_id=987"},"modified":"2023-03-16T14:01:52","modified_gmt":"2023-03-16T18:01:52","slug":"how-to-join-the-climate-toolkit","status":"publish","type":"page","link":"https:\/\/climatetoolkit.org\/fr\/how-to-join-the-climate-toolkit\/","title":{"rendered":"Comment rejoindre la bo\u00eete \u00e0 outils sur le climat"},"content":{"rendered":"<p>Nous invitons tous les jardins, arboretums, mus\u00e9es, centres scientifiques, aquariums et zoos \u00e0 rejoindre le Climate Toolkit ! La bo\u00eete \u00e0 outils rassemble les organisations afin qu'elles travaillent ensemble pour atteindre les objectifs et relever les d\u00e9fis li\u00e9s au climat. Toutes les organisations sont les bienvenues ; <strong>peu importe<\/strong> <strong>o\u00f9 vous vous trouvez sur<\/strong> <strong>nous sommes l\u00e0 pour vous aider \u00e0 franchir les prochaines \u00e9tapes.<\/strong>. <\/p>\n\n\n\n<p>Pour rejoindre la bo\u00eete \u00e0 outils, nous demandons \u00e0 toutes les institutions de remplir notre bref formulaire de candidature. Il vous sera demand\u00e9 de <\/p>\n\n\n\n<ol class=\"wp-block-list\">\n<li>D\u00e9clarer un <strong>domaine d'intervention <\/strong>(\u00e0 choisir parmi l'\u00e9nergie, l'eau, la restauration, les transports, les d\u00e9chets, les paysages et l'horticulture, les investissements, les visiteurs ou la recherche) ;<\/li>\n\n\n\n<li>Cochez toutes les cases applicables \u00e0 votre <strong>progr\u00e8s des objectifs<\/strong> dans ce domaine ; et<\/li>\n\n\n\n<li>Si vous le souhaitez, vous pouvez choisir d'autres objectifs pour lesquels vous souhaitez partager des informations.<\/li>\n<\/ol>\n\n\n\n<p>Une fois le formulaire rempli, un membre de notre personnel prendra contact avec vous. Si vous avez des questions, veuillez envoyer un courriel : <a href=\"mailto:climatetoolkit@phipps.conservatory.org\"><strong>climatetoolkit@phipps.conservatory.org<\/strong><\/a>.<\/p>\n\n\n\n<h2 class=\"wp-block-heading\">Mise \u00e0 jour de votre profil<\/h2>\n\n\n\n<p>Le Climate Toolkit a cr\u00e9\u00e9 un formulaire permettant aux institutions de nous informer des objectifs poursuivis, des changements de domaines d'intervention, des nouvelles initiatives, etc. Si vous souhaitez mettre \u00e0 jour vos objectifs en mati\u00e8re d'action climatique, veuillez <strong><a href=\"https:\/\/climatetoolkit.org\/fr\/the-climate-toolkit-update\/\">remplir notre formulaire de mise \u00e0 jour<\/a><\/strong> ou <a href=\"mailto:climatetoolkit@phipps.conservatory.org\"><strong>envoyez-nous un courriel<\/strong><\/a>. <\/p>\n\n\n\n<ul class=\"wp-block-list\">\n<li><a href=\"https:\/\/climatetoolkit.org\/fr\/the-climate-toolkit-update\/\">Mise \u00e0 jour de votre profil<\/a><\/li>\n<\/ul>\n\n\n\n<h2 class=\"wp-block-heading\">Questions fr\u00e9quemment pos\u00e9es<\/h2>\n\n\n<div\n\t\t\t\n\t\t\tclass=\"so-widget-sow-accordion so-widget-sow-accordion-default-5674beebb4fa\"\n\t\t\t\n\t\t><div>\n\t<div class=\"sow-accordion\">\n\t\t\t<div class=\"sow-accordion-panel\"\n\t\t\t\tdata-anchor-id=\"what-if-my-institution-has-only-completed-one-goal\">\n\t\t\t\t\t<div class=\"sow-accordion-panel-header-container\" role=\"heading\" aria-level=\"2\">\n\t\t\t\t\t<div class=\"sow-accordion-panel-header\" tabindex=\"0\" role=\"button\" id=\"accordion-label-what-if-my-institution-has-only-completed-one-goal\" aria-controls=\"accordion-content-what-if-my-institution-has-only-completed-one-goal\" aria-expanded=\"false\">\n\t\t\t\t\t\t<div class=\"sow-accordion-title sow-accordion-title-icon-left\">\n\t\t\t\t\t\t\t\t\t\t\t\t\t\tQue se passe-t-il si mon institution n'a atteint qu'un seul objectif ? \t\t\t\t\t\t\t\t\t\t\t\t\t<\/div>\n\t\t\t\t\t\t<div class=\"sow-accordion-open-close-button\">\n\t\t\t\t\t\t\t<div class=\"sow-accordion-open-button\">\n\t\t\t\t\t\t\t\t<span class=\"sow-icon-ionicons\" data-sow-icon=\"&#xf218;\"\n\t\t \n\t\taria-hidden=\"true\"><\/span>\t\t\t\t\t\t\t<\/div>\n\t\t\t\t\t\t\t<div class=\"sow-accordion-close-button\">\n\t\t\t\t\t\t\t\t<span class=\"sow-icon-ionicons\" data-sow-icon=\"&#xf209;\"\n\t\t \n\t\taria-hidden=\"true\"><\/span>\t\t\t\t\t\t\t<\/div>\n\t\t\t\t\t\t<\/div>\n\t\t\t\t\t<\/div>\n\t\t\t\t<\/div>\n\n\t\t\t<div\n\t\t\t\tclass=\"sow-accordion-panel-content\"\n\t\t\t\trole=\"region\"\n\t\t\t\taria-labelledby=\"accordion-label-what-if-my-institution-has-only-completed-one-goal\"\n\t\t\t\tid=\"accordion-content-what-if-my-institution-has-only-completed-one-goal\"\n\t\t\t\tstyle=\"display: none;\"\t\t\t>\n\t\t\t\t<div class=\"sow-accordion-panel-border\">\n\t\t\t\t\t<p>Ce n'est pas grave ! La bo\u00eete \u00e0 outils sur le climat accueille toutes les institutions, o\u00f9 qu'elles se trouvent dans leur parcours d'action pour le climat. La bo\u00eete \u00e0 outils a \u00e9t\u00e9 cr\u00e9\u00e9e pour aider les institutions \u00e0 discuter et \u00e0 collaborer afin de devenir plus durables, et vos prochaines \u00e9tapes peuvent commencer d\u00e8s maintenant.<\/p>\n\t\t\t\t<\/div>\n\t\t\t<\/div>\n\t\t<\/div>\n\t\t\t<div class=\"sow-accordion-panel\"\n\t\t\t\tdata-anchor-id=\"what-are-the-requirements-of-joining-the-climate-toolkit\">\n\t\t\t\t\t<div class=\"sow-accordion-panel-header-container\" role=\"heading\" aria-level=\"2\">\n\t\t\t\t\t<div class=\"sow-accordion-panel-header\" tabindex=\"0\" role=\"button\" id=\"accordion-label-what-are-the-requirements-of-joining-the-climate-toolkit\" aria-controls=\"accordion-content-what-are-the-requirements-of-joining-the-climate-toolkit\" aria-expanded=\"false\">\n\t\t\t\t\t\t<div class=\"sow-accordion-title sow-accordion-title-icon-left\">\n\t\t\t\t\t\t\t\t\t\t\t\t\t\tQuelles sont les conditions d'adh\u00e9sion au Climate Toolkit ?\t\t\t\t\t\t\t\t\t\t\t\t\t<\/div>\n\t\t\t\t\t\t<div class=\"sow-accordion-open-close-button\">\n\t\t\t\t\t\t\t<div class=\"sow-accordion-open-button\">\n\t\t\t\t\t\t\t\t<span class=\"sow-icon-ionicons\" data-sow-icon=\"&#xf218;\"\n\t\t \n\t\taria-hidden=\"true\"><\/span>\t\t\t\t\t\t\t<\/div>\n\t\t\t\t\t\t\t<div class=\"sow-accordion-close-button\">\n\t\t\t\t\t\t\t\t<span class=\"sow-icon-ionicons\" data-sow-icon=\"&#xf209;\"\n\t\t \n\t\taria-hidden=\"true\"><\/span>\t\t\t\t\t\t\t<\/div>\n\t\t\t\t\t\t<\/div>\n\t\t\t\t\t<\/div>\n\t\t\t\t<\/div>\n\n\t\t\t<div\n\t\t\t\tclass=\"sow-accordion-panel-content\"\n\t\t\t\trole=\"region\"\n\t\t\t\taria-labelledby=\"accordion-label-what-are-the-requirements-of-joining-the-climate-toolkit\"\n\t\t\t\tid=\"accordion-content-what-are-the-requirements-of-joining-the-climate-toolkit\"\n\t\t\t\tstyle=\"display: none;\"\t\t\t>\n\t\t\t\t<div class=\"sow-accordion-panel-border\">\n\t\t\t\t\t<p>La bo\u00eete \u00e0 outils sur le climat ne n\u00e9cessite qu'un d\u00e9sir de cr\u00e9er une action climatique au sein de votre institution. Vous tirerez le meilleur parti de la bo\u00eete \u00e0 outils en suivant notre blog, notre s\u00e9rie de webinaires et nos bulletins d'information, mais votre degr\u00e9 d'implication est autod\u00e9fini et flexible.\u00a0<\/p>\n\t\t\t\t<\/div>\n\t\t\t<\/div>\n\t\t<\/div>\n\t\t\t<div class=\"sow-accordion-panel\"\n\t\t\t\tdata-anchor-id=\"why-should-i-join-the-climate-toolkit\">\n\t\t\t\t\t<div class=\"sow-accordion-panel-header-container\" role=\"heading\" aria-level=\"2\">\n\t\t\t\t\t<div class=\"sow-accordion-panel-header\" tabindex=\"0\" role=\"button\" id=\"accordion-label-why-should-i-join-the-climate-toolkit\" aria-controls=\"accordion-content-why-should-i-join-the-climate-toolkit\" aria-expanded=\"false\">\n\t\t\t\t\t\t<div class=\"sow-accordion-title sow-accordion-title-icon-left\">\n\t\t\t\t\t\t\t\t\t\t\t\t\t\tPourquoi devrais-je adh\u00e9rer au Climate Toolkit ?\t\t\t\t\t\t\t\t\t\t\t\t\t<\/div>\n\t\t\t\t\t\t<div class=\"sow-accordion-open-close-button\">\n\t\t\t\t\t\t\t<div class=\"sow-accordion-open-button\">\n\t\t\t\t\t\t\t\t<span class=\"sow-icon-ionicons\" data-sow-icon=\"&#xf218;\"\n\t\t \n\t\taria-hidden=\"true\"><\/span>\t\t\t\t\t\t\t<\/div>\n\t\t\t\t\t\t\t<div class=\"sow-accordion-close-button\">\n\t\t\t\t\t\t\t\t<span class=\"sow-icon-ionicons\" data-sow-icon=\"&#xf209;\"\n\t\t \n\t\taria-hidden=\"true\"><\/span>\t\t\t\t\t\t\t<\/div>\n\t\t\t\t\t\t<\/div>\n\t\t\t\t\t<\/div>\n\t\t\t\t<\/div>\n\n\t\t\t<div\n\t\t\t\tclass=\"sow-accordion-panel-content\"\n\t\t\t\trole=\"region\"\n\t\t\t\taria-labelledby=\"accordion-label-why-should-i-join-the-climate-toolkit\"\n\t\t\t\tid=\"accordion-content-why-should-i-join-the-climate-toolkit\"\n\t\t\t\tstyle=\"display: none;\"\t\t\t>\n\t\t\t\t<div class=\"sow-accordion-panel-border\">\n\t\t\t\t\t<p>Parce qu'en travaillant ensemble, il est plus facile de r\u00e9aliser des projets ambitieux ! Lorsque vous \u00eates pr\u00eat \u00e0 poursuivre un objectif d'action climatique, la bo\u00eete \u00e0 outils est l\u00e0 pour vous mettre en contact avec quelqu'un qui travaille sur des projets similaires afin que vous puissiez partager les meilleures pratiques, faire du brainstorming et apprendre les uns des autres.<\/p>\n\t\t\t\t<\/div>\n\t\t\t<\/div>\n\t\t<\/div>\n\t\t<\/div>\n<\/div>\n<\/div>","protected":false},"excerpt":{"rendered":"<p>Nous invitons tous les jardins, arboretums, mus\u00e9es, centres scientifiques, aquariums et zoos \u00e0 rejoindre le Climate Toolkit ! La bo\u00eete \u00e0 outils rassemble les organisations pour travailler sur les objectifs et les d\u00e9fis li\u00e9s au climat. Toutes les organisations sont les bienvenues ; peu importe o\u00f9 vous en \u00eates dans votre voyage, ...<\/p>\n<p class=\"read-more\"> <a class=\"\" href=\"https:\/\/climatetoolkit.org\/fr\/how-to-join-the-climate-toolkit\/\"> <span class=\"screen-reader-text\">Comment rejoindre la bo\u00eete \u00e0 outils sur le climat<\/span> Lire la suite \"<\/a><\/p>","protected":false},"author":2,"featured_media":0,"parent":0,"menu_order":0,"comment_status":"closed","ping_status":"closed","template":"","meta":{"_acf_changed":false,"inline_featured_image":false,"advgb_blocks_editor_width":"","advgb_blocks_columns_visual_guide":"","footnotes":""},"class_list":["post-987","page","type-page","status-publish","hentry"],"acf":[],"yoast_head":"<!-- This site is optimized with the Yoast SEO plugin v27.4 - https:\/\/yoast.com\/product\/yoast-seo-wordpress\/ -->\n<title>How to Join the Climate Toolkit - The Climate Toolkit<\/title>\n<meta name=\"robots\" content=\"index, follow, max-snippet:-1, max-image-preview:large, max-video-preview:-1\" \/>\n<link rel=\"canonical\" href=\"https:\/\/climatetoolkit.org\/fr\/how-to-join-the-climate-toolkit\/\" \/>\n<meta property=\"og:locale\" content=\"fr_FR\" \/>\n<meta property=\"og:type\" content=\"article\" \/>\n<meta property=\"og:title\" content=\"How to Join the Climate Toolkit - The Climate Toolkit\" \/>\n<meta property=\"og:description\" content=\"We welcome all gardens, arboreta, museums, science centers, aquariums, and zoos to join The Climate Toolkit! The Toolkit brings organizations together to work towards climate goals and challenges. All organizations are welcome; no matter where you are on your journey, &hellip; How to Join the Climate Toolkit Read More &raquo;\" \/>\n<meta property=\"og:url\" content=\"https:\/\/climatetoolkit.org\/fr\/how-to-join-the-climate-toolkit\/\" \/>\n<meta property=\"og:site_name\" content=\"The Climate Toolkit\" \/>\n<meta property=\"article:modified_time\" content=\"2023-03-16T18:01:52+00:00\" \/>\n<meta name=\"twitter:card\" content=\"summary_large_image\" \/>\n<meta name=\"twitter:label1\" content=\"Dur\u00e9e de lecture estim\u00e9e\" \/>\n\t<meta name=\"twitter:data1\" content=\"1 minute\" \/>\n<script type=\"application\/ld+json\" class=\"yoast-schema-graph\">{\"@context\":\"https:\\\/\\\/schema.org\",\"@graph\":[{\"@type\":\"WebPage\",\"@id\":\"https:\\\/\\\/climatetoolkit.org\\\/how-to-join-the-climate-toolkit\\\/\",\"url\":\"https:\\\/\\\/climatetoolkit.org\\\/how-to-join-the-climate-toolkit\\\/\",\"name\":\"How to Join the Climate Toolkit - The Climate Toolkit\",\"isPartOf\":{\"@id\":\"https:\\\/\\\/climatetoolkit.org\\\/#website\"},\"datePublished\":\"2021-08-16T17:46:24+00:00\",\"dateModified\":\"2023-03-16T18:01:52+00:00\",\"breadcrumb\":{\"@id\":\"https:\\\/\\\/climatetoolkit.org\\\/how-to-join-the-climate-toolkit\\\/#breadcrumb\"},\"inLanguage\":\"fr-FR\",\"potentialAction\":[{\"@type\":\"ReadAction\",\"target\":[\"https:\\\/\\\/climatetoolkit.org\\\/how-to-join-the-climate-toolkit\\\/\"]}]},{\"@type\":\"BreadcrumbList\",\"@id\":\"https:\\\/\\\/climatetoolkit.org\\\/how-to-join-the-climate-toolkit\\\/#breadcrumb\",\"itemListElement\":[{\"@type\":\"ListItem\",\"position\":1,\"name\":\"Home\",\"item\":\"https:\\\/\\\/climatetoolkit.org\\\/\"},{\"@type\":\"ListItem\",\"position\":2,\"name\":\"How to Join the Climate Toolkit\"}]},{\"@type\":\"WebSite\",\"@id\":\"https:\\\/\\\/climatetoolkit.org\\\/#website\",\"url\":\"https:\\\/\\\/climatetoolkit.org\\\/\",\"name\":\"The Climate Toolkit\",\"description\":\"For Museums, Gardens and Zoos\",\"publisher\":{\"@id\":\"https:\\\/\\\/climatetoolkit.org\\\/#organization\"},\"potentialAction\":[{\"@type\":\"SearchAction\",\"target\":{\"@type\":\"EntryPoint\",\"urlTemplate\":\"https:\\\/\\\/climatetoolkit.org\\\/?s={search_term_string}\"},\"query-input\":{\"@type\":\"PropertyValueSpecification\",\"valueRequired\":true,\"valueName\":\"search_term_string\"}}],\"inLanguage\":\"fr-FR\"},{\"@type\":\"Organization\",\"@id\":\"https:\\\/\\\/climatetoolkit.org\\\/#organization\",\"name\":\"The Climate Toolkit\",\"url\":\"https:\\\/\\\/climatetoolkit.org\\\/\",\"logo\":{\"@type\":\"ImageObject\",\"inLanguage\":\"fr-FR\",\"@id\":\"https:\\\/\\\/climatetoolkit.org\\\/#\\\/schema\\\/logo\\\/image\\\/\",\"url\":\"https:\\\/\\\/climatetoolkit.org\\\/wp-content\\\/uploads\\\/2020\\\/05\\\/C_logo.png\",\"contentUrl\":\"https:\\\/\\\/climatetoolkit.org\\\/wp-content\\\/uploads\\\/2020\\\/05\\\/C_logo.png\",\"width\":512,\"height\":512,\"caption\":\"The Climate Toolkit\"},\"image\":{\"@id\":\"https:\\\/\\\/climatetoolkit.org\\\/#\\\/schema\\\/logo\\\/image\\\/\"}}]}<\/script>\n<!-- \/ Yoast SEO plugin. -->","yoast_head_json":{"title":"Comment rejoindre la bo\u00eete \u00e0 outils sur le climat - La bo\u00eete \u00e0 outils sur le climat","robots":{"index":"index","follow":"follow","max-snippet":"max-snippet:-1","max-image-preview":"max-image-preview:large","max-video-preview":"max-video-preview:-1"},"canonical":"https:\/\/climatetoolkit.org\/fr\/how-to-join-the-climate-toolkit\/","og_locale":"fr_FR","og_type":"article","og_title":"How to Join the Climate Toolkit - The Climate Toolkit","og_description":"We welcome all gardens, arboreta, museums, science centers, aquariums, and zoos to join The Climate Toolkit! The Toolkit brings organizations together to work towards climate goals and challenges. All organizations are welcome; no matter where you are on your journey, &hellip; How to Join the Climate Toolkit Read More &raquo;","og_url":"https:\/\/climatetoolkit.org\/fr\/how-to-join-the-climate-toolkit\/","og_site_name":"The Climate Toolkit","article_modified_time":"2023-03-16T18:01:52+00:00","twitter_card":"summary_large_image","twitter_misc":{"Dur\u00e9e de lecture estim\u00e9e":"1 minute"},"schema":{"@context":"https:\/\/schema.org","@graph":[{"@type":"WebPage","@id":"https:\/\/climatetoolkit.org\/how-to-join-the-climate-toolkit\/","url":"https:\/\/climatetoolkit.org\/how-to-join-the-climate-toolkit\/","name":"Comment rejoindre la bo\u00eete \u00e0 outils sur le climat - La bo\u00eete \u00e0 outils sur le climat","isPartOf":{"@id":"https:\/\/climatetoolkit.org\/#website"},"datePublished":"2021-08-16T17:46:24+00:00","dateModified":"2023-03-16T18:01:52+00:00","breadcrumb":{"@id":"https:\/\/climatetoolkit.org\/how-to-join-the-climate-toolkit\/#breadcrumb"},"inLanguage":"fr-FR","potentialAction":[{"@type":"ReadAction","target":["https:\/\/climatetoolkit.org\/how-to-join-the-climate-toolkit\/"]}]},{"@type":"BreadcrumbList","@id":"https:\/\/climatetoolkit.org\/how-to-join-the-climate-toolkit\/#breadcrumb","itemListElement":[{"@type":"ListItem","position":1,"name":"Home","item":"https:\/\/climatetoolkit.org\/"},{"@type":"ListItem","position":2,"name":"How to Join the Climate Toolkit"}]},{"@type":"WebSite","@id":"https:\/\/climatetoolkit.org\/#website","url":"https:\/\/climatetoolkit.org\/","name":"La bo\u00eete \u00e0 outils sur le climat","description":"Pour les mus\u00e9es, les jardins et les zoos","publisher":{"@id":"https:\/\/climatetoolkit.org\/#organization"},"potentialAction":[{"@type":"SearchAction","target":{"@type":"EntryPoint","urlTemplate":"https:\/\/climatetoolkit.org\/?s={search_term_string}"},"query-input":{"@type":"PropertyValueSpecification","valueRequired":true,"valueName":"search_term_string"}}],"inLanguage":"fr-FR"},{"@type":"Organization","@id":"https:\/\/climatetoolkit.org\/#organization","name":"La bo\u00eete \u00e0 outils sur le climat","url":"https:\/\/climatetoolkit.org\/","logo":{"@type":"ImageObject","inLanguage":"fr-FR","@id":"https:\/\/climatetoolkit.org\/#\/schema\/logo\/image\/","url":"https:\/\/climatetoolkit.org\/wp-content\/uploads\/2020\/05\/C_logo.png","contentUrl":"https:\/\/climatetoolkit.org\/wp-content\/uploads\/2020\/05\/C_logo.png","width":512,"height":512,"caption":"The Climate Toolkit"},"image":{"@id":"https:\/\/climatetoolkit.org\/#\/schema\/logo\/image\/"}}]}},"coauthors":[],"author_meta":{"author_link":"https:\/\/climatetoolkit.org\/fr\/author\/joe\/","display_name":"joe reed"},"relative_dates":{"created":"Publi\u00e9 5 ans il y a","modified":"Mis \u00e0 jour 3 ans il y a"},"absolute_dates":{"created":"Publi\u00e9 le ao\u00fbt 16, 2021","modified":"Mise \u00e0 jour le mars 16, 2023"},"absolute_dates_time":{"created":"Publi\u00e9 le ao\u00fbt 16, 2021 1:46 pm","modified":"Mise \u00e0 jour le mars 16, 2023 2:01 pm"},"featured_img_caption":"","featured_img":false,"series_order":"","_links":{"self":[{"href":"https:\/\/climatetoolkit.org\/fr\/wp-json\/wp\/v2\/pages\/987","targetHints":{"allow":["GET"]}}],"collection":[{"href":"https:\/\/climatetoolkit.org\/fr\/wp-json\/wp\/v2\/pages"}],"about":[{"href":"https:\/\/climatetoolkit.org\/fr\/wp-json\/wp\/v2\/types\/page"}],"author":[{"embeddable":true,"href":"https:\/\/climatetoolkit.org\/fr\/wp-json\/wp\/v2\/users\/2"}],"replies":[{"embeddable":true,"href":"https:\/\/climatetoolkit.org\/fr\/wp-json\/wp\/v2\/comments?post=987"}],"version-history":[{"count":0,"href":"https:\/\/climatetoolkit.org\/fr\/wp-json\/wp\/v2\/pages\/987\/revisions"}],"wp:attachment":[{"href":"https:\/\/climatetoolkit.org\/fr\/wp-json\/wp\/v2\/media?parent=987"}],"curies":[{"name":"wp","href":"https:\/\/api.w.org\/{rel}","templated":true}]}}