{"id":572,"date":"2021-02-11T11:37:14","date_gmt":"2021-02-11T16:37:14","guid":{"rendered":"https:\/\/climatetoolkit.org\/?page_id=572"},"modified":"2021-02-11T16:40:48","modified_gmt":"2021-02-11T21:40:48","slug":"alignment-of-project-drawdown-solutions-and-the-climate-toolkit","status":"publish","type":"page","link":"https:\/\/climatetoolkit.org\/fr\/alignment-of-project-drawdown-solutions-and-the-climate-toolkit\/","title":{"rendered":"Alignement des solutions de pr\u00e9l\u00e8vement du projet et de la bo\u00eete \u00e0 outils sur le climat"},"content":{"rendered":"<h1 align=\"center\">Alignement des solutions de pr\u00e9l\u00e8vement du projet et de la bo\u00eete \u00e0 outils sur le climat<\/h1>\n\n\n\n<div class=\"wp-block-image\"><figure class=\"aligncenter size-large is-resized\"><img decoding=\"async\" src=\"https:\/\/climatetoolkit.org\/wp-content\/uploads\/2021\/02\/drawdown.jpg\" alt=\"\" class=\"wp-image-551\" width=\"563\" height=\"165\" srcset=\"https:\/\/climatetoolkit.org\/wp-content\/uploads\/2021\/02\/drawdown.jpg 750w, https:\/\/climatetoolkit.org\/wp-content\/uploads\/2021\/02\/drawdown-300x88.jpg 300w, https:\/\/climatetoolkit.org\/wp-content\/uploads\/2021\/02\/drawdown-100x29.jpg 100w, https:\/\/climatetoolkit.org\/wp-content\/uploads\/2021\/02\/drawdown-150x44.jpg 150w, https:\/\/climatetoolkit.org\/wp-content\/uploads\/2021\/02\/drawdown-200x59.jpg 200w, https:\/\/climatetoolkit.org\/wp-content\/uploads\/2021\/02\/drawdown-450x132.jpg 450w, https:\/\/climatetoolkit.org\/wp-content\/uploads\/2021\/02\/drawdown-600x176.jpg 600w\" sizes=\"(max-width: 563px) 100vw, 563px\" \/><\/figure><\/div>\n\n\n\n<p><strong><a href=\"https:\/\/www.drawdown.org\/solutions\">Pr\u00e9l\u00e8vement sur le projet<\/a><\/strong> est une organisation \u00e0 but non lucratif qui \"m\u00e8ne des \u00e9tudes et des \u00e9valuations rigoureuses des solutions climatiques, cr\u00e9e une communication convaincante et humaine sur tous les supports et s'associe aux efforts visant \u00e0 acc\u00e9l\u00e9rer les solutions climatiques \u00e0 l'\u00e9chelle mondiale\". La mission du projet Drawdown est de r\u00e9duire les sources d'\u00e9missions, de soutenir les puits de carbone, d'am\u00e9liorer le cycle naturel du carbone et d'am\u00e9liorer la soci\u00e9t\u00e9 dans son ensemble. La table des solutions du projet, cr\u00e9\u00e9e par Paul Hawken et Amanda Ravenhill, conseille les organisations, les villes, les universit\u00e9s, les organisations philanthropiques, les d\u00e9cideurs politiques, les communaut\u00e9s, etc. sur les moyens les plus efficaces de lutter contre le changement climatique. Dans la mesure du possible, les solutions r\u00e9pertori\u00e9es dans le tableau \"Project Drawdown\" indiquent \u00e9galement la quantit\u00e9 de dioxyde de carbone qui peut \u00eatre att\u00e9nu\u00e9e si la solution est utilis\u00e9e. Les chiffres ci-dessous repr\u00e9sentent une estimation des gigatonnes d'\u00e9missions d'\u00e9quivalent CO2 qui peuvent \u00eatre r\u00e9duites ou s\u00e9questr\u00e9es par une solution particuli\u00e8re sur une p\u00e9riode de 30 ans.<\/p>\n\n\n\n<p>Les objectifs de la bo\u00eete \u00e0 outils sur le climat qui s'alignent sur les solutions de rabattement du projet sont jumel\u00e9s ci-dessous.<\/p>\n\n\n\n<figure class=\"wp-block-table is-style-regular; vertical-align: top !important;\"><table class=\"has-subtle-pale-blue-background-color has-fixed-layout has-background\"><thead><tr><th><h2>Solutions de r\u00e9duction des projets<\/h2><\/th><th><h2>Objectifs de la bo\u00eete \u00e0 outils sur le climat<\/h2><\/th><\/tr><\/thead><tbody><tr><td><strong>L'\u00e9lectricit\u00e9<\/strong><\/td><td><strong>L'\u00e9nergie<\/strong><\/td><\/tr><tr><td  style=\"padding-left: 2em !important;\">B\u00e2timents \u00e0 consommation z\u00e9ro<\/td><td  style=\"padding-left: 2em !important;\">Construire tous les nouveaux b\u00e2timents comme des b\u00e2timents \u00e0 \u00e9nergie z\u00e9ro ou des b\u00e2timents vivants.<\/td><\/tr><tr><td  style=\"padding-left: 2em !important;\">\u00c9nergie solaire concentr\u00e9e (18,6 - 23,96)<br><br>Photovolta\u00efque solaire \u00e0 l'\u00e9chelle des services publics<br>(42.32 - 119.13)<br><br>Photovolta\u00efque distribu\u00e9 (27.98 - 68.64)<\/td><td  style=\"padding-left: 2em !important;\">G\u00e9n\u00e9rer ou acheter 100%<br>l'\u00e9lectricit\u00e9 renouvelable.<\/td><\/tr><tr><td><strong>B\u00e2timents, Industrie<\/strong><\/td><td><strong>D\u00e9chets<\/strong><\/td><\/tr><tr><td  style=\"padding-left: 2em !important;\">Modernisation des b\u00e2timents<\/td><td  style=\"padding-left: 2em !important;\">Veiller \u00e0 ce que toute nouvelle construction ou<br>les r\u00e9novations de mani\u00e8re responsable r\u00e9duisent ou<br>g\u00e9rer les d\u00e9chets.<\/td><\/tr><tr><td  style=\"padding-left: 2em !important;\">Compostage (2.14 - 3.13)<\/td><td  style=\"padding-left: 2em !important;\">Composter 100% de tous les d\u00e9chets alimentaires.<\/td><\/tr><tr><td  style=\"padding-left: 2em !important;\">Recyclage (5.5 - 6.02)<\/td><td  style=\"padding-left: 2em !important;\">Recycler ou r\u00e9utiliser tous les mat\u00e9riaux recyclables<br>y compris les m\u00e9taux, le verre et le plastique<br>dans tout le jardin d'hiver.<br><br>\u00c9liminer tous les plastiques \u00e0 usage unique dans les services de restauration, l'horticulture, la boutique de souvenirs et toutes les autres installations.<br>et des op\u00e9rations.<br><br>\u00c9liminer la vente et l'utilisation d'eau en bouteille.<\/td><\/tr><tr><td><strong>Transport<\/strong><\/td><td><strong>Transport<\/strong><\/td><\/tr><tr><td  style=\"padding-left: 2em !important;\">Infrastructures cyclables (2.56 - 6.65)<br><br>Covoiturage (4.17 - 7.70)<br><br>Voitures \u00e9lectriques (11.87 - 15.68)<br><br>Transports en commun (7.51 - 23.36)<\/td><td  style=\"padding-left: 2em !important;\">Inciter les employ\u00e9s \u00e0 faire du covoiturage, \u00e0 prendre le v\u00e9lo, le bus ou \u00e0 renoncer \u00e0 la voiture individuelle.<br><br>Inciter les visiteurs \u00e0 voyager de mani\u00e8re durable.<br><br>Rendre 25% de la flotte de v\u00e9hicules \u00e9lectriques.<br><br>S'assurer que 25% de tout le mat\u00e9riel d'entretien des pelouses et des jardins est \u00e9lectrique.<\/td><\/tr><tr><td><strong>Alimentation, agriculture et utilisation des sols, Puits de carbone<\/strong><\/td><td><strong>Restauration, am\u00e9nagement paysager et horticulture<\/strong><\/td><\/tr><tr><td  style=\"padding-left: 2em !important;\">Cultures annuelles r\u00e9g\u00e9n\u00e9ratrices (14.52 - 22.27)<br><br>Gestion des nutriments (2.34 - 12.06)<\/td><td  style=\"padding-left: 2em !important;\">Veiller \u00e0 ce que 50% des pesticides et des engrais utilis\u00e9s soient exempts d'\u00e9nergie fossile.<\/td><\/tr><tr><td  style=\"padding-left: 2em !important;\">R\u00e9gimes riches en plantes (65.01 - 91.72)<\/td><td  style=\"padding-left: 2em !important;\">Veiller \u00e0 ce que 40% des menus propos\u00e9s par les services de restauration soient v\u00e9g\u00e9taliens ou v\u00e9g\u00e9tariens.<\/td><\/tr><tr><td  style=\"padding-left: 2em !important;\">Plantations d'arbres (22.24 - 35.94)<\/td><td  style=\"padding-left: 2em !important;\">Soutenir le reboisement pour s\u00e9questrer le carbone.<\/td><\/tr><tr><td  style=\"padding-left: 2em !important;\">Cultures p\u00e9rennes de base (15.45 - 1.26)<br><br>Agroforesterie multistrates (11.30 - 20.40)<\/td><td  style=\"padding-left: 2em !important;\">R\u00e9duire les besoins en irrigation en s\u00e9lectionnant et en favorisant les plantes indig\u00e8nes.<br><br>R\u00e9duire les surfaces de pelouse de 10% et encourager le remplacement par des plantes indig\u00e8nes.<\/td><\/tr><\/tbody><\/table><\/figure>\n\n\n\n<p>Pour en savoir plus sur la Table des solutions, <strong><a href=\"https:\/\/www.drawdown.org\/solutions\/table-of-solutions\">visitez le site web du projet Drawdown<\/a><\/strong>.<\/p>","protected":false},"excerpt":{"rendered":"<p>Alignement des solutions du projet Drawdown et de la bo\u00eete \u00e0 outils sur le climat Le projet Drawdown est une organisation \u00e0 but non lucratif qui \"m\u00e8ne des \u00e9tudes et des \u00e9valuations rigoureuses des solutions climatiques, cr\u00e9e une communication convaincante et humaine sur tous les supports et s'associe aux efforts visant \u00e0 acc\u00e9l\u00e9rer les solutions climatiques \u00e0 l'\u00e9chelle mondiale\". Le projet ...<\/p>\n<p class=\"read-more\"> <a class=\"\" href=\"https:\/\/climatetoolkit.org\/fr\/alignment-of-project-drawdown-solutions-and-the-climate-toolkit\/\"> <span class=\"screen-reader-text\">Alignement des solutions de pr\u00e9l\u00e8vement du projet et de la bo\u00eete \u00e0 outils sur le climat<\/span> Lire la suite \"<\/a><\/p>","protected":false},"author":2,"featured_media":0,"parent":0,"menu_order":0,"comment_status":"closed","ping_status":"closed","template":"","meta":{"_acf_changed":false,"inline_featured_image":false,"advgb_blocks_editor_width":"","advgb_blocks_columns_visual_guide":"","footnotes":""},"class_list":["post-572","page","type-page","status-publish","hentry"],"acf":[],"yoast_head":"<!-- This site is optimized with the Yoast SEO plugin v27.4 - https:\/\/yoast.com\/product\/yoast-seo-wordpress\/ -->\n<title>Alignment of Project Drawdown Solutions and The Climate Toolkit - The Climate Toolkit<\/title>\n<meta name=\"robots\" content=\"index, follow, max-snippet:-1, max-image-preview:large, max-video-preview:-1\" \/>\n<link rel=\"canonical\" href=\"https:\/\/climatetoolkit.org\/fr\/alignment-of-project-drawdown-solutions-and-the-climate-toolkit\/\" \/>\n<meta property=\"og:locale\" content=\"fr_FR\" \/>\n<meta property=\"og:type\" content=\"article\" \/>\n<meta property=\"og:title\" content=\"Alignment of Project Drawdown Solutions and The Climate Toolkit - The Climate Toolkit\" \/>\n<meta property=\"og:description\" content=\"Alignment of Project Drawdown Solutions and The Climate Toolkit Project Drawdown is a nonprofit that \u201cconducts rigorous reviews and assessments of climate solutions, creates compelling and human communication across mediums, and partners with efforts to accelerate climate solutions globally\u201d. Project &hellip; Alignment of Project Drawdown Solutions and The Climate Toolkit Read More &raquo;\" \/>\n<meta property=\"og:url\" content=\"https:\/\/climatetoolkit.org\/fr\/alignment-of-project-drawdown-solutions-and-the-climate-toolkit\/\" \/>\n<meta property=\"og:site_name\" content=\"The Climate Toolkit\" \/>\n<meta property=\"article:modified_time\" content=\"2021-02-11T21:40:48+00:00\" \/>\n<meta property=\"og:image\" content=\"https:\/\/climatetoolkit.org\/wp-content\/uploads\/2021\/02\/drawdown.jpg\" \/>\n<meta name=\"twitter:card\" content=\"summary_large_image\" \/>\n<meta name=\"twitter:label1\" content=\"Dur\u00e9e de lecture estim\u00e9e\" \/>\n\t<meta name=\"twitter:data1\" content=\"2 minutes\" \/>\n<script type=\"application\/ld+json\" class=\"yoast-schema-graph\">{\"@context\":\"https:\\\/\\\/schema.org\",\"@graph\":[{\"@type\":\"WebPage\",\"@id\":\"https:\\\/\\\/climatetoolkit.org\\\/alignment-of-project-drawdown-solutions-and-the-climate-toolkit\\\/\",\"url\":\"https:\\\/\\\/climatetoolkit.org\\\/alignment-of-project-drawdown-solutions-and-the-climate-toolkit\\\/\",\"name\":\"Alignment of Project Drawdown Solutions and The Climate Toolkit - The Climate Toolkit\",\"isPartOf\":{\"@id\":\"https:\\\/\\\/climatetoolkit.org\\\/#website\"},\"primaryImageOfPage\":{\"@id\":\"https:\\\/\\\/climatetoolkit.org\\\/alignment-of-project-drawdown-solutions-and-the-climate-toolkit\\\/#primaryimage\"},\"image\":{\"@id\":\"https:\\\/\\\/climatetoolkit.org\\\/alignment-of-project-drawdown-solutions-and-the-climate-toolkit\\\/#primaryimage\"},\"thumbnailUrl\":\"https:\\\/\\\/climatetoolkit.org\\\/wp-content\\\/uploads\\\/2021\\\/02\\\/drawdown.jpg\",\"datePublished\":\"2021-02-11T16:37:14+00:00\",\"dateModified\":\"2021-02-11T21:40:48+00:00\",\"breadcrumb\":{\"@id\":\"https:\\\/\\\/climatetoolkit.org\\\/alignment-of-project-drawdown-solutions-and-the-climate-toolkit\\\/#breadcrumb\"},\"inLanguage\":\"fr-FR\",\"potentialAction\":[{\"@type\":\"ReadAction\",\"target\":[\"https:\\\/\\\/climatetoolkit.org\\\/alignment-of-project-drawdown-solutions-and-the-climate-toolkit\\\/\"]}]},{\"@type\":\"ImageObject\",\"inLanguage\":\"fr-FR\",\"@id\":\"https:\\\/\\\/climatetoolkit.org\\\/alignment-of-project-drawdown-solutions-and-the-climate-toolkit\\\/#primaryimage\",\"url\":\"https:\\\/\\\/climatetoolkit.org\\\/wp-content\\\/uploads\\\/2021\\\/02\\\/drawdown.jpg\",\"contentUrl\":\"https:\\\/\\\/climatetoolkit.org\\\/wp-content\\\/uploads\\\/2021\\\/02\\\/drawdown.jpg\"},{\"@type\":\"BreadcrumbList\",\"@id\":\"https:\\\/\\\/climatetoolkit.org\\\/alignment-of-project-drawdown-solutions-and-the-climate-toolkit\\\/#breadcrumb\",\"itemListElement\":[{\"@type\":\"ListItem\",\"position\":1,\"name\":\"Home\",\"item\":\"https:\\\/\\\/climatetoolkit.org\\\/\"},{\"@type\":\"ListItem\",\"position\":2,\"name\":\"Alignment of Project Drawdown Solutions and The Climate Toolkit\"}]},{\"@type\":\"WebSite\",\"@id\":\"https:\\\/\\\/climatetoolkit.org\\\/#website\",\"url\":\"https:\\\/\\\/climatetoolkit.org\\\/\",\"name\":\"The Climate Toolkit\",\"description\":\"For Museums, Gardens and Zoos\",\"publisher\":{\"@id\":\"https:\\\/\\\/climatetoolkit.org\\\/#organization\"},\"potentialAction\":[{\"@type\":\"SearchAction\",\"target\":{\"@type\":\"EntryPoint\",\"urlTemplate\":\"https:\\\/\\\/climatetoolkit.org\\\/?s={search_term_string}\"},\"query-input\":{\"@type\":\"PropertyValueSpecification\",\"valueRequired\":true,\"valueName\":\"search_term_string\"}}],\"inLanguage\":\"fr-FR\"},{\"@type\":\"Organization\",\"@id\":\"https:\\\/\\\/climatetoolkit.org\\\/#organization\",\"name\":\"The Climate Toolkit\",\"url\":\"https:\\\/\\\/climatetoolkit.org\\\/\",\"logo\":{\"@type\":\"ImageObject\",\"inLanguage\":\"fr-FR\",\"@id\":\"https:\\\/\\\/climatetoolkit.org\\\/#\\\/schema\\\/logo\\\/image\\\/\",\"url\":\"https:\\\/\\\/climatetoolkit.org\\\/wp-content\\\/uploads\\\/2020\\\/05\\\/C_logo.png\",\"contentUrl\":\"https:\\\/\\\/climatetoolkit.org\\\/wp-content\\\/uploads\\\/2020\\\/05\\\/C_logo.png\",\"width\":512,\"height\":512,\"caption\":\"The Climate Toolkit\"},\"image\":{\"@id\":\"https:\\\/\\\/climatetoolkit.org\\\/#\\\/schema\\\/logo\\\/image\\\/\"}}]}<\/script>\n<!-- \/ Yoast SEO plugin. -->","yoast_head_json":{"title":"Alignement des solutions de pr\u00e9l\u00e8vement du projet et du Climate Toolkit - The Climate Toolkit","robots":{"index":"index","follow":"follow","max-snippet":"max-snippet:-1","max-image-preview":"max-image-preview:large","max-video-preview":"max-video-preview:-1"},"canonical":"https:\/\/climatetoolkit.org\/fr\/alignment-of-project-drawdown-solutions-and-the-climate-toolkit\/","og_locale":"fr_FR","og_type":"article","og_title":"Alignment of Project Drawdown Solutions and The Climate Toolkit - The Climate Toolkit","og_description":"Alignment of Project Drawdown Solutions and The Climate Toolkit Project Drawdown is a nonprofit that \u201cconducts rigorous reviews and assessments of climate solutions, creates compelling and human communication across mediums, and partners with efforts to accelerate climate solutions globally\u201d. Project &hellip; Alignment of Project Drawdown Solutions and The Climate Toolkit Read More &raquo;","og_url":"https:\/\/climatetoolkit.org\/fr\/alignment-of-project-drawdown-solutions-and-the-climate-toolkit\/","og_site_name":"The Climate Toolkit","article_modified_time":"2021-02-11T21:40:48+00:00","og_image":[{"url":"https:\/\/climatetoolkit.org\/wp-content\/uploads\/2021\/02\/drawdown.jpg","type":"","width":"","height":""}],"twitter_card":"summary_large_image","twitter_misc":{"Dur\u00e9e de lecture estim\u00e9e":"2 minutes"},"schema":{"@context":"https:\/\/schema.org","@graph":[{"@type":"WebPage","@id":"https:\/\/climatetoolkit.org\/alignment-of-project-drawdown-solutions-and-the-climate-toolkit\/","url":"https:\/\/climatetoolkit.org\/alignment-of-project-drawdown-solutions-and-the-climate-toolkit\/","name":"Alignement des solutions de pr\u00e9l\u00e8vement du projet et du Climate Toolkit - The Climate Toolkit","isPartOf":{"@id":"https:\/\/climatetoolkit.org\/#website"},"primaryImageOfPage":{"@id":"https:\/\/climatetoolkit.org\/alignment-of-project-drawdown-solutions-and-the-climate-toolkit\/#primaryimage"},"image":{"@id":"https:\/\/climatetoolkit.org\/alignment-of-project-drawdown-solutions-and-the-climate-toolkit\/#primaryimage"},"thumbnailUrl":"https:\/\/climatetoolkit.org\/wp-content\/uploads\/2021\/02\/drawdown.jpg","datePublished":"2021-02-11T16:37:14+00:00","dateModified":"2021-02-11T21:40:48+00:00","breadcrumb":{"@id":"https:\/\/climatetoolkit.org\/alignment-of-project-drawdown-solutions-and-the-climate-toolkit\/#breadcrumb"},"inLanguage":"fr-FR","potentialAction":[{"@type":"ReadAction","target":["https:\/\/climatetoolkit.org\/alignment-of-project-drawdown-solutions-and-the-climate-toolkit\/"]}]},{"@type":"ImageObject","inLanguage":"fr-FR","@id":"https:\/\/climatetoolkit.org\/alignment-of-project-drawdown-solutions-and-the-climate-toolkit\/#primaryimage","url":"https:\/\/climatetoolkit.org\/wp-content\/uploads\/2021\/02\/drawdown.jpg","contentUrl":"https:\/\/climatetoolkit.org\/wp-content\/uploads\/2021\/02\/drawdown.jpg"},{"@type":"BreadcrumbList","@id":"https:\/\/climatetoolkit.org\/alignment-of-project-drawdown-solutions-and-the-climate-toolkit\/#breadcrumb","itemListElement":[{"@type":"ListItem","position":1,"name":"Home","item":"https:\/\/climatetoolkit.org\/"},{"@type":"ListItem","position":2,"name":"Alignment of Project Drawdown Solutions and The Climate Toolkit"}]},{"@type":"WebSite","@id":"https:\/\/climatetoolkit.org\/#website","url":"https:\/\/climatetoolkit.org\/","name":"La bo\u00eete \u00e0 outils sur le climat","description":"Pour les mus\u00e9es, les jardins et les zoos","publisher":{"@id":"https:\/\/climatetoolkit.org\/#organization"},"potentialAction":[{"@type":"SearchAction","target":{"@type":"EntryPoint","urlTemplate":"https:\/\/climatetoolkit.org\/?s={search_term_string}"},"query-input":{"@type":"PropertyValueSpecification","valueRequired":true,"valueName":"search_term_string"}}],"inLanguage":"fr-FR"},{"@type":"Organization","@id":"https:\/\/climatetoolkit.org\/#organization","name":"La bo\u00eete \u00e0 outils sur le climat","url":"https:\/\/climatetoolkit.org\/","logo":{"@type":"ImageObject","inLanguage":"fr-FR","@id":"https:\/\/climatetoolkit.org\/#\/schema\/logo\/image\/","url":"https:\/\/climatetoolkit.org\/wp-content\/uploads\/2020\/05\/C_logo.png","contentUrl":"https:\/\/climatetoolkit.org\/wp-content\/uploads\/2020\/05\/C_logo.png","width":512,"height":512,"caption":"The Climate Toolkit"},"image":{"@id":"https:\/\/climatetoolkit.org\/#\/schema\/logo\/image\/"}}]}},"coauthors":[],"author_meta":{"author_link":"https:\/\/climatetoolkit.org\/fr\/author\/joe\/","display_name":"joe reed"},"relative_dates":{"created":"Publi\u00e9 5 ans il y a","modified":"Mis \u00e0 jour 5 ans il y a"},"absolute_dates":{"created":"Publi\u00e9 le f\u00e9vrier 11, 2021","modified":"Mise \u00e0 jour le f\u00e9vrier 11, 2021"},"absolute_dates_time":{"created":"Publi\u00e9 le f\u00e9vrier 11, 2021 11:37 am","modified":"Mise \u00e0 jour le f\u00e9vrier 11, 2021 4:40 pm"},"featured_img_caption":"","featured_img":false,"series_order":"","_links":{"self":[{"href":"https:\/\/climatetoolkit.org\/fr\/wp-json\/wp\/v2\/pages\/572","targetHints":{"allow":["GET"]}}],"collection":[{"href":"https:\/\/climatetoolkit.org\/fr\/wp-json\/wp\/v2\/pages"}],"about":[{"href":"https:\/\/climatetoolkit.org\/fr\/wp-json\/wp\/v2\/types\/page"}],"author":[{"embeddable":true,"href":"https:\/\/climatetoolkit.org\/fr\/wp-json\/wp\/v2\/users\/2"}],"replies":[{"embeddable":true,"href":"https:\/\/climatetoolkit.org\/fr\/wp-json\/wp\/v2\/comments?post=572"}],"version-history":[{"count":0,"href":"https:\/\/climatetoolkit.org\/fr\/wp-json\/wp\/v2\/pages\/572\/revisions"}],"wp:attachment":[{"href":"https:\/\/climatetoolkit.org\/fr\/wp-json\/wp\/v2\/media?parent=572"}],"curies":[{"name":"wp","href":"https:\/\/api.w.org\/{rel}","templated":true}]}}