{"id":564,"date":"2021-02-11T11:08:06","date_gmt":"2021-02-11T16:08:06","guid":{"rendered":"https:\/\/climatetoolkit.org\/?page_id=564"},"modified":"2021-08-17T17:01:46","modified_gmt":"2021-08-17T21:01:46","slug":"alignment-of-u-n-sustainable-development-goals-and-the-climate-toolkit","status":"publish","type":"page","link":"https:\/\/climatetoolkit.org\/fr\/alignment-of-u-n-sustainable-development-goals-and-the-climate-toolkit\/","title":{"rendered":"Alignement des objectifs de d\u00e9veloppement durable des Nations unies et de la bo\u00eete \u00e0 outils sur le climat"},"content":{"rendered":"<h1 class=\"wp-block-heading\">Alignement des objectifs de d\u00e9veloppement durable des Nations unies et de la bo\u00eete \u00e0 outils sur le climat<\/h1>\n\n\n\n<div class=\"wp-block-image\"><figure class=\"aligncenter size-large is-resized\"><img decoding=\"async\" src=\"https:\/\/climatetoolkit.org\/wp-content\/uploads\/2021\/02\/800px-Sustainable_Development_Goals_logo.svg.png\" alt=\"\" class=\"wp-image-520\" width=\"400\" height=\"320\" srcset=\"https:\/\/climatetoolkit.org\/wp-content\/uploads\/2021\/02\/800px-Sustainable_Development_Goals_logo.svg.png 800w, https:\/\/climatetoolkit.org\/wp-content\/uploads\/2021\/02\/800px-Sustainable_Development_Goals_logo.svg-300x240.png 300w, https:\/\/climatetoolkit.org\/wp-content\/uploads\/2021\/02\/800px-Sustainable_Development_Goals_logo.svg-768x614.png 768w, https:\/\/climatetoolkit.org\/wp-content\/uploads\/2021\/02\/800px-Sustainable_Development_Goals_logo.svg-100x80.png 100w, https:\/\/climatetoolkit.org\/wp-content\/uploads\/2021\/02\/800px-Sustainable_Development_Goals_logo.svg-150x120.png 150w, https:\/\/climatetoolkit.org\/wp-content\/uploads\/2021\/02\/800px-Sustainable_Development_Goals_logo.svg-200x160.png 200w, https:\/\/climatetoolkit.org\/wp-content\/uploads\/2021\/02\/800px-Sustainable_Development_Goals_logo.svg-450x360.png 450w, https:\/\/climatetoolkit.org\/wp-content\/uploads\/2021\/02\/800px-Sustainable_Development_Goals_logo.svg-600x480.png 600w\" sizes=\"(max-width: 400px) 100vw, 400px\" \/><\/figure><\/div>\n\n\n\n<p>Les Nations unies ont cr\u00e9\u00e9 le 17 <strong><a href=\"https:\/\/sdgs.un.org\/goals\">Objectifs de d\u00e9veloppement durable (ODD)<\/a> <\/strong>L'objectif est de \"produire un ensemble d'objectifs universels qui r\u00e9pondent aux d\u00e9fis environnementaux, politiques et \u00e9conomiques urgents auxquels notre monde est confront\u00e9\".  Chaque objectif comprend des objectifs plus modestes qui en \u00e9largissent la port\u00e9e. Les ODD s'appuient sur les efforts d\u00e9ploy\u00e9s dans le cadre des objectifs du Mill\u00e9naire pour le d\u00e9veloppement, qui ont permis d'\u00e9tablir des normes de lutte contre la pauvret\u00e9, la faim, le VIH\/sida et d'autres maladies curables, ainsi que d'\u00e9tendre l'enseignement primaire \u00e0 tous les enfants. Le changement climatique a un impact consid\u00e9rable sur la sant\u00e9 publique, la s\u00e9curit\u00e9 alimentaire et hydrique, les migrations, la paix et la s\u00e9curit\u00e9, de sorte que tout effort visant \u00e0 r\u00e9duire le d\u00e9veloppement durable peut grandement contribuer au changement climatique. Les objectifs de d\u00e9veloppement durable et la bo\u00eete \u00e0 outils sur le climat mettent tous deux l'accent sur une lutte \u00e9nergique contre le changement climatique.<\/p>\n\n\n\n<p>Les objectifs de la bo\u00eete \u00e0 outils sur le climat qui s'alignent sur les ODD sont regroup\u00e9s ci-dessous.<\/p>\n\n\n\n<figure class=\"wp-block-table is-style-regular; vertical-align: top !important;\"><table class=\"has-subtle-pale-blue-background-color has-fixed-layout has-background\"><thead><tr><th><h2>Objectifs de d\u00e9veloppement durable<\/h2><\/th><th><h2>Objectifs de la bo\u00eete \u00e0 outils sur le climat<\/h2><\/th><\/tr><\/thead><tbody><tr><td><strong>2. Faim z\u00e9ro<\/strong><\/td><td><strong>Service de restauration<\/strong><\/td><\/tr><tr><td style=\"padding-left: 2em !important;\">2.4 Garantir des syst\u00e8mes de production alimentaire durables et mettre en \u0153uvre des pratiques agricoles r\u00e9silientes qui augmentent la productivit\u00e9 et la production et contribuent \u00e0 pr\u00e9server les \u00e9cosyst\u00e8mes.<\/td><td style=\"padding-left: 2em !important;\">Veiller \u00e0 ce que 50% des pesticides et des engrais utilis\u00e9s soient exempts d'\u00e9nergie fossile.<br><br>Effectuer 10% de tous les achats alimentaires dans un rayon de 100 miles autour du site.<\/td><\/tr><tr><td><strong>6. Eau propre et assainissement<\/strong><\/td><td><strong><strong>L'eau<\/strong><\/strong><\/td><\/tr><tr><td style=\"padding-left: 2em !important;\">6.5 D'ici \u00e0 2030, mettre en \u0153uvre une gestion int\u00e9gr\u00e9e des ressources en eau \u00e0 tous les niveaux, y compris par le biais d'une coop\u00e9ration transfrontali\u00e8re, le cas \u00e9ch\u00e9ant.<\/td><td style=\"padding-left: 2em !important;\">R\u00e9duire la consommation d'eau municipale d'au moins 25%<br><br>R\u00e9duire la consommation d'eau potable pour l'irrigation d'au moins 25%<\/td><\/tr><tr><td><strong>7. Une \u00e9nergie abordable et propre<\/strong><\/td><td><strong>L'\u00e9nergie<\/strong><\/td><\/tr><tr><td style=\"padding-left: 2em !important;\"><strong>7.2&nbsp;<\/strong>D'ici \u00e0 2030, augmenter consid\u00e9rablement la part des \u00e9nergies renouvelables dans le bouquet \u00e9nerg\u00e9tique mondial.<\/td><td style=\"padding-left: 2em !important;\">Produire ou acheter 100% d'\u00e9lectricit\u00e9 renouvelable.<br><br>Construire tous les nouveaux b\u00e2timents comme des b\u00e2timents \u00e0 \u00e9nergie z\u00e9ro ou des b\u00e2timents vivants.<\/td><\/tr><tr><td><strong>9. Industrie, innovation et infrastructure<\/strong><\/td><td><strong>D\u00e9chets, Recherche<\/strong><\/td><\/tr><tr><td style=\"padding-left: 2em !important;\">9.4 Moderniser les infrastructures et adapter les industries pour les rendre durables, en augmentant l'efficacit\u00e9 de l'utilisation des ressources et en adoptant davantage de technologies et de processus industriels propres et respectueux de l'environnement.<\/td><td style=\"padding-left: 2em !important;\">Veiller \u00e0 ce que toute nouvelle construction ou r\u00e9novation r\u00e9duise et g\u00e8re les d\u00e9chets de mani\u00e8re responsable.<\/td><\/tr><tr><td style=\"padding-left: 2em !important;\">9.5 Renforcer la recherche scientifique, am\u00e9liorer les capacit\u00e9s technologiques des secteurs industriels dans tous les pays.<\/td><td style=\"padding-left: 2em !important;\">Mener des recherches sp\u00e9cifiques \u00e0 la r\u00e9gion sur le changement climatique.<\/td><\/tr><tr><td><strong>11. Villes et communaut\u00e9s durables<\/strong><\/td><td><strong>Transport<\/strong><\/td><\/tr><tr><td style=\"padding-left: 2em !important;\">11.2 D'ici \u00e0 2030, assurer \u00e0 tous l'acc\u00e8s \u00e0 des syst\u00e8mes de transport s\u00fbrs, abordables, accessibles et durables.<\/td><td style=\"padding-left: 2em !important;\">Inciter les employ\u00e9s \u00e0 faire du covoiturage, \u00e0 prendre le v\u00e9lo, le bus ou \u00e0 renoncer \u00e0 la voiture individuelle.<br><br>Inciter les visiteurs \u00e0 voyager de mani\u00e8re durable.<\/td><\/tr><tr><td style=\"padding-left: 2em !important;\">11.7 D'ici \u00e0 2030, fournir un acc\u00e8s universel \u00e0 des espaces verts et publics s\u00fbrs, inclusifs et accessibles.<\/td><td style=\"padding-left: 2em !important;\">Convertir les places de parking en espaces verts pour lutter contre l'augmentation de la temp\u00e9rature dans les villes.<\/td><\/tr><tr><td><strong>12. Consommation et production responsables<\/strong><\/td><td><strong>D\u00e9chets, Investissements<\/strong><\/td><\/tr><tr><td style=\"padding-left: 2em !important;\">12.3 D'ici \u00e0 2030, r\u00e9duire de moiti\u00e9 le gaspillage alimentaire mondial par habitant au niveau du commerce de d\u00e9tail et des consommateurs et r\u00e9duire les pertes alimentaires tout au long des cha\u00eenes de production et d'approvisionnement, y compris les pertes apr\u00e8s r\u00e9colte.<\/td><td style=\"padding-left: 2em !important;\">Composter 100% de tous les d\u00e9chets alimentaires.<\/td><\/tr><tr><td style=\"padding-left: 2em !important;\">12.5 R\u00e9duire consid\u00e9rablement la production de d\u00e9chets par la pr\u00e9vention, la r\u00e9duction, le recyclage et la r\u00e9utilisation.<\/td><td style=\"padding-left: 2em !important;\">Recycler ou r\u00e9utiliser tous les mat\u00e9riaux recyclables, y compris les m\u00e9taux, le verre et le plastique, dans l'ensemble du conservatoire.<br><br>\u00c9liminer tout plastique \u00e0 usage unique dans les services de restauration, l'horticulture, la boutique de souvenirs et toutes les autres installations et op\u00e9rations.<br><br>\u00c9liminer la vente et l'utilisation d'eau en bouteille.<\/td><\/tr><tr><td style=\"padding-left: 2em !important;\">12.c Rationaliser les subventions inefficaces aux combustibles fossiles.<\/td><td style=\"padding-left: 2em !important;\">D\u00e9sinvestir les investissements dans les combustibles fossiles.<br><br>Investir dans des investissements socialement responsables.<\/td><\/tr><tr><td><strong>13. Action pour le climat<\/strong><\/td><td><strong>\u00c9nergie, Visiteurs<\/strong><\/td><\/tr><tr><td style=\"padding-left: 2em !important;\">13.2 Int\u00e9grer le changement climatique<br>dans les politiques, les strat\u00e9gies et la planification nationales.<\/td><td style=\"padding-left: 2em !important;\">Respecter l'accord de Paris sur le climat OU r\u00e9duire la consommation de combustibles fossiles de 25%<\/td><\/tr><tr><td style=\"padding-left: 2em !important;\">13.3 Am\u00e9liorer l'\u00e9ducation, la sensibilisation et les capacit\u00e9s humaines et institutionnelles en mati\u00e8re d'att\u00e9nuation du changement climatique, d'adaptation, de r\u00e9duction de l'impact et d'alerte pr\u00e9coce.<\/td><td style=\"padding-left: 2em !important;\">Enseigner les meilleures pratiques pour att\u00e9nuer et r\u00e9duire le changement climatique mondial.<br><br>Aider les visiteurs \u00e0 passer \u00e0 l'\u00e9nergie renouvelable domestique.<br><br>Sensibiliser les visiteurs \u00e0 l'horticulture durable et sans \u00e9nergie fossile.<br><br>Sensibiliser les visiteurs \u00e0 la culture d'aliments biologiques.<br><br>Sensibiliser les visiteurs \u00e0 l'impact des choix alimentaires et du gaspillage.<\/td><\/tr><tr><td><strong>15. La vie sur terre<\/strong><\/td><td><strong>Paysages et horticulture<\/strong><\/td><\/tr><tr><td style=\"padding-left: 2em !important;\">15.9 D'ici \u00e0 2020, int\u00e9grer les valeurs des \u00e9cosyst\u00e8mes et de la biodiversit\u00e9 dans la planification nationale et locale, les processus de d\u00e9veloppement, les strat\u00e9gies de r\u00e9duction de la pauvret\u00e9 et les comptes.<\/td><td style=\"padding-left: 2em !important;\">Soutenir le reboisement pour s\u00e9questrer le carbone<\/td><\/tr><tr><td><strong>17. Partenariats pour les objectifs<\/strong><\/td><td><strong>Investissements<\/strong><\/td><\/tr><tr><td style=\"padding-left: 2em !important;\"> 17.16 Renforcer le partenariat mondial pour le d\u00e9veloppement durable, compl\u00e9t\u00e9 par des partenariats multipartites qui mobilisent et partagent les connaissances, l'expertise, la technologie et les ressources financi\u00e8res, afin de soutenir la r\u00e9alisation des objectifs de d\u00e9veloppement durable dans tous les pays, en particulier les pays en d\u00e9veloppement. <br><br> 17.17 Encourager et promouvoir des partenariats publics, publics-priv\u00e9s et de la soci\u00e9t\u00e9 civile efficaces, en s'appuyant sur l'exp\u00e9rience et les strat\u00e9gies de financement des partenariats.<\/td><td style=\"padding-left: 2em !important;\"> D\u00e9sinvestir les investissements dans les combustibles fossiles. <br><br>Investir dans des investissements socialement responsables. <\/td><\/tr><\/tbody><\/table><\/figure>\n\n\n\n<p>Pour en savoir plus sur les objectifs de d\u00e9veloppement durable, <strong><a href=\"https:\/\/sdgs.un.org\/goals\">visitez le site web des Nations unies<\/a><\/strong>.<\/p>","protected":false},"excerpt":{"rendered":"<p>Alignement des objectifs de d\u00e9veloppement durable de l'ONU et de la bo\u00eete \u00e0 outils sur le climat Les Nations unies ont cr\u00e9\u00e9 les 17 objectifs de d\u00e9veloppement durable (ODD) \"pour produire un ensemble d'objectifs universels qui r\u00e9pondent aux d\u00e9fis environnementaux, politiques et \u00e9conomiques urgents auxquels notre monde est confront\u00e9\".  Chaque ...<\/p>\n<p class=\"read-more\"> <a class=\"\" href=\"https:\/\/climatetoolkit.org\/fr\/alignment-of-u-n-sustainable-development-goals-and-the-climate-toolkit\/\"> <span class=\"screen-reader-text\">Alignement des objectifs de d\u00e9veloppement durable des Nations unies et de la bo\u00eete \u00e0 outils sur le climat<\/span> Lire la suite \"<\/a><\/p>","protected":false},"author":2,"featured_media":0,"parent":0,"menu_order":0,"comment_status":"closed","ping_status":"closed","template":"","meta":{"_acf_changed":false,"inline_featured_image":false,"advgb_blocks_editor_width":"","advgb_blocks_columns_visual_guide":"","footnotes":""},"class_list":["post-564","page","type-page","status-publish","hentry"],"acf":[],"yoast_head":"<!-- This site is optimized with the Yoast SEO plugin v27.5 - https:\/\/yoast.com\/product\/yoast-seo-wordpress\/ -->\n<title>Alignment of U.N. Sustainable Development Goals and The Climate Toolkit - The Climate Toolkit<\/title>\n<meta name=\"robots\" content=\"index, follow, max-snippet:-1, max-image-preview:large, max-video-preview:-1\" \/>\n<link rel=\"canonical\" href=\"https:\/\/climatetoolkit.org\/fr\/alignment-of-u-n-sustainable-development-goals-and-the-climate-toolkit\/\" \/>\n<meta property=\"og:locale\" content=\"fr_FR\" \/>\n<meta property=\"og:type\" content=\"article\" \/>\n<meta property=\"og:title\" content=\"Alignment of U.N. Sustainable Development Goals and The Climate Toolkit - The Climate Toolkit\" \/>\n<meta property=\"og:description\" content=\"Alignment of U.N. Sustainable Development Goals and The Climate Toolkit The United Nations created the 17 Sustainable Developmental Goals (SDGs) \u201cto produce a set of universal goals that meet the urgent environmental, political and economic challenges facing our world.\u201d &nbsp;Each &hellip; Alignment of U.N. Sustainable Development Goals and The Climate Toolkit Read More &raquo;\" \/>\n<meta property=\"og:url\" content=\"https:\/\/climatetoolkit.org\/fr\/alignment-of-u-n-sustainable-development-goals-and-the-climate-toolkit\/\" \/>\n<meta property=\"og:site_name\" content=\"The Climate Toolkit\" \/>\n<meta property=\"article:modified_time\" content=\"2021-08-17T21:01:46+00:00\" \/>\n<meta property=\"og:image\" content=\"https:\/\/climatetoolkit.org\/wp-content\/uploads\/2021\/02\/800px-Sustainable_Development_Goals_logo.svg.png\" \/>\n<meta name=\"twitter:card\" content=\"summary_large_image\" \/>\n<meta name=\"twitter:label1\" content=\"Dur\u00e9e de lecture estim\u00e9e\" \/>\n\t<meta name=\"twitter:data1\" content=\"4 minutes\" \/>\n<script type=\"application\/ld+json\" class=\"yoast-schema-graph\">{\"@context\":\"https:\\\/\\\/schema.org\",\"@graph\":[{\"@type\":\"WebPage\",\"@id\":\"https:\\\/\\\/climatetoolkit.org\\\/alignment-of-u-n-sustainable-development-goals-and-the-climate-toolkit\\\/\",\"url\":\"https:\\\/\\\/climatetoolkit.org\\\/alignment-of-u-n-sustainable-development-goals-and-the-climate-toolkit\\\/\",\"name\":\"Alignment of U.N. Sustainable Development Goals and The Climate Toolkit - The Climate Toolkit\",\"isPartOf\":{\"@id\":\"https:\\\/\\\/climatetoolkit.org\\\/#website\"},\"primaryImageOfPage\":{\"@id\":\"https:\\\/\\\/climatetoolkit.org\\\/alignment-of-u-n-sustainable-development-goals-and-the-climate-toolkit\\\/#primaryimage\"},\"image\":{\"@id\":\"https:\\\/\\\/climatetoolkit.org\\\/alignment-of-u-n-sustainable-development-goals-and-the-climate-toolkit\\\/#primaryimage\"},\"thumbnailUrl\":\"https:\\\/\\\/climatetoolkit.org\\\/wp-content\\\/uploads\\\/2021\\\/02\\\/800px-Sustainable_Development_Goals_logo.svg.png\",\"datePublished\":\"2021-02-11T16:08:06+00:00\",\"dateModified\":\"2021-08-17T21:01:46+00:00\",\"breadcrumb\":{\"@id\":\"https:\\\/\\\/climatetoolkit.org\\\/alignment-of-u-n-sustainable-development-goals-and-the-climate-toolkit\\\/#breadcrumb\"},\"inLanguage\":\"fr-FR\",\"potentialAction\":[{\"@type\":\"ReadAction\",\"target\":[\"https:\\\/\\\/climatetoolkit.org\\\/alignment-of-u-n-sustainable-development-goals-and-the-climate-toolkit\\\/\"]}]},{\"@type\":\"ImageObject\",\"inLanguage\":\"fr-FR\",\"@id\":\"https:\\\/\\\/climatetoolkit.org\\\/alignment-of-u-n-sustainable-development-goals-and-the-climate-toolkit\\\/#primaryimage\",\"url\":\"https:\\\/\\\/climatetoolkit.org\\\/wp-content\\\/uploads\\\/2021\\\/02\\\/800px-Sustainable_Development_Goals_logo.svg.png\",\"contentUrl\":\"https:\\\/\\\/climatetoolkit.org\\\/wp-content\\\/uploads\\\/2021\\\/02\\\/800px-Sustainable_Development_Goals_logo.svg.png\"},{\"@type\":\"BreadcrumbList\",\"@id\":\"https:\\\/\\\/climatetoolkit.org\\\/alignment-of-u-n-sustainable-development-goals-and-the-climate-toolkit\\\/#breadcrumb\",\"itemListElement\":[{\"@type\":\"ListItem\",\"position\":1,\"name\":\"Home\",\"item\":\"https:\\\/\\\/climatetoolkit.org\\\/\"},{\"@type\":\"ListItem\",\"position\":2,\"name\":\"Alignment of U.N. Sustainable Development Goals and The Climate Toolkit\"}]},{\"@type\":\"WebSite\",\"@id\":\"https:\\\/\\\/climatetoolkit.org\\\/#website\",\"url\":\"https:\\\/\\\/climatetoolkit.org\\\/\",\"name\":\"The Climate Toolkit\",\"description\":\"For Museums, Gardens and Zoos\",\"publisher\":{\"@id\":\"https:\\\/\\\/climatetoolkit.org\\\/#organization\"},\"potentialAction\":[{\"@type\":\"SearchAction\",\"target\":{\"@type\":\"EntryPoint\",\"urlTemplate\":\"https:\\\/\\\/climatetoolkit.org\\\/?s={search_term_string}\"},\"query-input\":{\"@type\":\"PropertyValueSpecification\",\"valueRequired\":true,\"valueName\":\"search_term_string\"}}],\"inLanguage\":\"fr-FR\"},{\"@type\":\"Organization\",\"@id\":\"https:\\\/\\\/climatetoolkit.org\\\/#organization\",\"name\":\"The Climate Toolkit\",\"url\":\"https:\\\/\\\/climatetoolkit.org\\\/\",\"logo\":{\"@type\":\"ImageObject\",\"inLanguage\":\"fr-FR\",\"@id\":\"https:\\\/\\\/climatetoolkit.org\\\/#\\\/schema\\\/logo\\\/image\\\/\",\"url\":\"https:\\\/\\\/climatetoolkit.org\\\/wp-content\\\/uploads\\\/2020\\\/05\\\/C_logo.png\",\"contentUrl\":\"https:\\\/\\\/climatetoolkit.org\\\/wp-content\\\/uploads\\\/2020\\\/05\\\/C_logo.png\",\"width\":512,\"height\":512,\"caption\":\"The Climate Toolkit\"},\"image\":{\"@id\":\"https:\\\/\\\/climatetoolkit.org\\\/#\\\/schema\\\/logo\\\/image\\\/\"}}]}<\/script>\n<!-- \/ Yoast SEO plugin. -->","yoast_head_json":{"title":"Alignment of U.N. Sustainable Development Goals and The Climate Toolkit - The Climate Toolkit","robots":{"index":"index","follow":"follow","max-snippet":"max-snippet:-1","max-image-preview":"max-image-preview:large","max-video-preview":"max-video-preview:-1"},"canonical":"https:\/\/climatetoolkit.org\/fr\/alignment-of-u-n-sustainable-development-goals-and-the-climate-toolkit\/","og_locale":"fr_FR","og_type":"article","og_title":"Alignment of U.N. Sustainable Development Goals and The Climate Toolkit - The Climate Toolkit","og_description":"Alignment of U.N. Sustainable Development Goals and The Climate Toolkit The United Nations created the 17 Sustainable Developmental Goals (SDGs) \u201cto produce a set of universal goals that meet the urgent environmental, political and economic challenges facing our world.\u201d &nbsp;Each &hellip; Alignment of U.N. Sustainable Development Goals and The Climate Toolkit Read More &raquo;","og_url":"https:\/\/climatetoolkit.org\/fr\/alignment-of-u-n-sustainable-development-goals-and-the-climate-toolkit\/","og_site_name":"The Climate Toolkit","article_modified_time":"2021-08-17T21:01:46+00:00","og_image":[{"url":"https:\/\/climatetoolkit.org\/wp-content\/uploads\/2021\/02\/800px-Sustainable_Development_Goals_logo.svg.png","type":"","width":"","height":""}],"twitter_card":"summary_large_image","twitter_misc":{"Dur\u00e9e de lecture estim\u00e9e":"4 minutes"},"schema":{"@context":"https:\/\/schema.org","@graph":[{"@type":"WebPage","@id":"https:\/\/climatetoolkit.org\/alignment-of-u-n-sustainable-development-goals-and-the-climate-toolkit\/","url":"https:\/\/climatetoolkit.org\/alignment-of-u-n-sustainable-development-goals-and-the-climate-toolkit\/","name":"Alignment of U.N. Sustainable Development Goals and The Climate Toolkit - The Climate Toolkit","isPartOf":{"@id":"https:\/\/climatetoolkit.org\/#website"},"primaryImageOfPage":{"@id":"https:\/\/climatetoolkit.org\/alignment-of-u-n-sustainable-development-goals-and-the-climate-toolkit\/#primaryimage"},"image":{"@id":"https:\/\/climatetoolkit.org\/alignment-of-u-n-sustainable-development-goals-and-the-climate-toolkit\/#primaryimage"},"thumbnailUrl":"https:\/\/climatetoolkit.org\/wp-content\/uploads\/2021\/02\/800px-Sustainable_Development_Goals_logo.svg.png","datePublished":"2021-02-11T16:08:06+00:00","dateModified":"2021-08-17T21:01:46+00:00","breadcrumb":{"@id":"https:\/\/climatetoolkit.org\/alignment-of-u-n-sustainable-development-goals-and-the-climate-toolkit\/#breadcrumb"},"inLanguage":"fr-FR","potentialAction":[{"@type":"ReadAction","target":["https:\/\/climatetoolkit.org\/alignment-of-u-n-sustainable-development-goals-and-the-climate-toolkit\/"]}]},{"@type":"ImageObject","inLanguage":"fr-FR","@id":"https:\/\/climatetoolkit.org\/alignment-of-u-n-sustainable-development-goals-and-the-climate-toolkit\/#primaryimage","url":"https:\/\/climatetoolkit.org\/wp-content\/uploads\/2021\/02\/800px-Sustainable_Development_Goals_logo.svg.png","contentUrl":"https:\/\/climatetoolkit.org\/wp-content\/uploads\/2021\/02\/800px-Sustainable_Development_Goals_logo.svg.png"},{"@type":"BreadcrumbList","@id":"https:\/\/climatetoolkit.org\/alignment-of-u-n-sustainable-development-goals-and-the-climate-toolkit\/#breadcrumb","itemListElement":[{"@type":"ListItem","position":1,"name":"Home","item":"https:\/\/climatetoolkit.org\/"},{"@type":"ListItem","position":2,"name":"Alignment of U.N. Sustainable Development Goals and The Climate Toolkit"}]},{"@type":"WebSite","@id":"https:\/\/climatetoolkit.org\/#website","url":"https:\/\/climatetoolkit.org\/","name":"La bo\u00eete \u00e0 outils sur le climat","description":"Pour les mus\u00e9es, les jardins et les zoos","publisher":{"@id":"https:\/\/climatetoolkit.org\/#organization"},"potentialAction":[{"@type":"SearchAction","target":{"@type":"EntryPoint","urlTemplate":"https:\/\/climatetoolkit.org\/?s={search_term_string}"},"query-input":{"@type":"PropertyValueSpecification","valueRequired":true,"valueName":"search_term_string"}}],"inLanguage":"fr-FR"},{"@type":"Organization","@id":"https:\/\/climatetoolkit.org\/#organization","name":"La bo\u00eete \u00e0 outils sur le climat","url":"https:\/\/climatetoolkit.org\/","logo":{"@type":"ImageObject","inLanguage":"fr-FR","@id":"https:\/\/climatetoolkit.org\/#\/schema\/logo\/image\/","url":"https:\/\/climatetoolkit.org\/wp-content\/uploads\/2020\/05\/C_logo.png","contentUrl":"https:\/\/climatetoolkit.org\/wp-content\/uploads\/2020\/05\/C_logo.png","width":512,"height":512,"caption":"The Climate Toolkit"},"image":{"@id":"https:\/\/climatetoolkit.org\/#\/schema\/logo\/image\/"}}]}},"coauthors":[],"author_meta":{"author_link":"https:\/\/climatetoolkit.org\/fr\/author\/joe\/","display_name":"joe reed"},"relative_dates":{"created":"Publi\u00e9 5 ans il y a","modified":"Mis \u00e0 jour 5 ans il y a"},"absolute_dates":{"created":"Publi\u00e9 le f\u00e9vrier 11, 2021","modified":"Mise \u00e0 jour le ao\u00fbt 17, 2021"},"absolute_dates_time":{"created":"Publi\u00e9 le f\u00e9vrier 11, 2021 11:08 am","modified":"Mise \u00e0 jour le ao\u00fbt 17, 2021 5:01 pm"},"featured_img_caption":"","featured_img":false,"series_order":"","_links":{"self":[{"href":"https:\/\/climatetoolkit.org\/fr\/wp-json\/wp\/v2\/pages\/564","targetHints":{"allow":["GET"]}}],"collection":[{"href":"https:\/\/climatetoolkit.org\/fr\/wp-json\/wp\/v2\/pages"}],"about":[{"href":"https:\/\/climatetoolkit.org\/fr\/wp-json\/wp\/v2\/types\/page"}],"author":[{"embeddable":true,"href":"https:\/\/climatetoolkit.org\/fr\/wp-json\/wp\/v2\/users\/2"}],"replies":[{"embeddable":true,"href":"https:\/\/climatetoolkit.org\/fr\/wp-json\/wp\/v2\/comments?post=564"}],"version-history":[{"count":0,"href":"https:\/\/climatetoolkit.org\/fr\/wp-json\/wp\/v2\/pages\/564\/revisions"}],"wp:attachment":[{"href":"https:\/\/climatetoolkit.org\/fr\/wp-json\/wp\/v2\/media?parent=564"}],"curies":[{"name":"wp","href":"https:\/\/api.w.org\/{rel}","templated":true}]}}