{"id":5419,"date":"2025-11-26T15:30:47","date_gmt":"2025-11-26T20:30:47","guid":{"rendered":"https:\/\/climatetoolkit.org\/?page_id=5419"},"modified":"2026-03-09T11:43:50","modified_gmt":"2026-03-09T15:43:50","slug":"symposium","status":"publish","type":"page","link":"https:\/\/climatetoolkit.org\/fr\/symposium\/","title":{"rendered":"Symposium sur la bo\u00eete \u00e0 outils sur le climat"},"content":{"rendered":"<h2 class=\"wp-block-heading\">The Climate Toolkit Symposium 2026<\/h2>\n\n\n\n<figure class=\"wp-block-image size-large is-resized\"><a href=\"https:\/\/calget.com\/e\/climate-toolkit-symposium\"><img decoding=\"async\" width=\"1024\" height=\"614\" src=\"https:\/\/climatetoolkit.org\/wp-content\/uploads\/2026\/02\/image-1024x614.png\" alt=\"\" class=\"wp-image-5517\" style=\"aspect-ratio:1.6666666666666667;width:740px;height:auto\" srcset=\"https:\/\/climatetoolkit.org\/wp-content\/uploads\/2026\/02\/image-1024x614.png 1024w, https:\/\/climatetoolkit.org\/wp-content\/uploads\/2026\/02\/image-300x180.png 300w, https:\/\/climatetoolkit.org\/wp-content\/uploads\/2026\/02\/image-768x461.png 768w, https:\/\/climatetoolkit.org\/wp-content\/uploads\/2026\/02\/image-1536x922.png 1536w, https:\/\/climatetoolkit.org\/wp-content\/uploads\/2026\/02\/image-2048x1229.png 2048w, https:\/\/climatetoolkit.org\/wp-content\/uploads\/2026\/02\/image-18x12.png 18w, https:\/\/climatetoolkit.org\/wp-content\/uploads\/2026\/02\/image-100x60.png 100w, https:\/\/climatetoolkit.org\/wp-content\/uploads\/2026\/02\/image-150x90.png 150w, https:\/\/climatetoolkit.org\/wp-content\/uploads\/2026\/02\/image-200x120.png 200w, https:\/\/climatetoolkit.org\/wp-content\/uploads\/2026\/02\/image-450x270.png 450w, https:\/\/climatetoolkit.org\/wp-content\/uploads\/2026\/02\/image-600x360.png 600w, https:\/\/climatetoolkit.org\/wp-content\/uploads\/2026\/02\/image-900x540.png 900w\" sizes=\"(max-width: 1024px) 100vw, 1024px\" \/><\/a><\/figure>\n\n\n\n<p>We are thrilled to announce the dates and location of Climate Toolkit Symposium 2026, which will be held <strong>Oct. 28 \u2013 30, 2026 at Duke Farms in Hillsborough, New Jersey<\/strong>.<\/p>\n\n\n\n<p>Museums, public gardens, zoos, aquaria, science centers and nature institutions have a critical role to play in the climate conversation. This fall, the Toolkit will present our annual in-person symposium to catalyze collaboration, peer learning, mentorship, and implementation of climate solutions \u2014 this time in the beautiful 2,700-acre&nbsp;living laboratory of Duke Farms, a Center of the Doris Duke Foundation.<\/p>\n\n\n\n<p>This year&#8217;s Climate Toolkit Symposium will feature plenary presentations and panels on <strong>ecological restoration and land use<\/strong>, <strong>institutional decarbonization<\/strong>, <strong>climate research and communication<\/strong>et <strong>visitor and community engagement<\/strong>, with breakouts to focus in on additional climate action goals and initiatives. Tours of the Duke Farms campus and its sustainable features will also be presented. More details to follow soon, including <strong>ticketing information<\/strong> and a <strong>call for session proposals<\/strong>. Please mark your calendars \u2014 we look forward to creating another unforgettable experience with you!<\/p>\n\n\n\n<div class=\"wp-block-advgb-button alignnone\"><a class=\"wp-block-advgb-button_link advgbbtn-f7af5770-0214-4ee1-8198-9dcc23fffc9c\" href=\"https:\/\/climatetoolkit.org\/fr\/symposium-2026-call-for-session-proposals\/\" target=\"_blank\" rel=\"noopener noreferrer\"><span>Call for Session Proposals<\/span><\/a><\/div>\n\n\n\n<p><\/p>\n\n\n\n<div class=\"wp-block-advgb-button alignnone\"><a class=\"wp-block-advgb-button_link advgbbtn-dcf1e931-24e3-45c0-954f-897769cde93c\" href=\"https:\/\/calget.com\/e\/climate-toolkit-symposium\" target=\"_blank\" rel=\"noopener noreferrer\"><span>Add to Calendar<\/span><\/a><\/div>\n\n\n\n<h2 class=\"wp-block-heading\">The Climate Toolkit Symposium 2025<\/h2>\n\n\n\n<figure class=\"wp-block-image size-large is-resized\"><a href=\"https:\/\/climatetoolkit.org\/fr\/symposium-2025-resource-page\/\"><img decoding=\"async\" src=\"https:\/\/climatetoolkit.org\/wp-content\/uploads\/2025\/10\/symposium_2-2048x1229.jpg\" alt=\"\" style=\"aspect-ratio:1.6664083568395276;width:726px;height:auto\"\/><\/a><\/figure>\n\n\n\n<p>The inaugural Climate Toolkit Symposium, presented by Phipps Conservatory and Duke Farms, was held <strong>Oct. 26 \u2013 28, 2025 at Phipps Conservatory and Botanical Gardens<\/strong>. If you missed this year&#8217;s symposium, or just want to refer back to all you&#8217;ve learned, please check out our still-growing resources page at the link below to access slide decks, photography and video recordings.<\/p>\n\n\n\n<div class=\"wp-block-advgb-button alignnone\"><a class=\"wp-block-advgb-button_link advgbbtn-b04130db-43d6-4f55-89be-164f06db52ad\" href=\"https:\/\/climatetoolkit.org\/fr\/symposium-2025-resource-page\/\" target=\"_blank\" rel=\"noopener noreferrer\"><span>Symposium 2025 Resources<\/span><\/a><\/div>\n\n\n\n<p><\/p>\n<style class=\"advgb-styles-renderer\">.advgbbtn-f7af5770-0214-4ee1-8198-9dcc23fffc9c{font-size:18px;color:#fff !important;background-color:#8ed1fc !important;margin:0px 0px 0px 0px !important;padding:10px 30px 10px 30px;border-width:1px !important;border-style:none;border-radius:50px !important;}.advgbbtn-f7af5770-0214-4ee1-8198-9dcc23fffc9c:hover{box-shadow:1px 1px 12px 0px #ccc;opacity:1;transition:all 0.2s ease;}.advgbbtn-f7af5770-0214-4ee1-8198-9dcc23fffc9c > i {display: none !important;}.advgbbtn-dcf1e931-24e3-45c0-954f-897769cde93c{font-size:18px;color:#fff !important;background-color:#fcb900 !important;margin:0px 0px 0px 0px !important;padding:10px 30px 10px 30px;border-width:1px !important;border-style:none;border-radius:50px !important;}.advgbbtn-dcf1e931-24e3-45c0-954f-897769cde93c:hover{box-shadow:1px 1px 12px 0px #ccc;opacity:1;transition:all 0.2s ease;}.advgbbtn-dcf1e931-24e3-45c0-954f-897769cde93c > i {display: none !important;}.advgbbtn-b04130db-43d6-4f55-89be-164f06db52ad{font-size:18px;color:#fff !important;background-color:#fcb900 !important;margin:0px 0px 0px 0px !important;padding:10px 30px 10px 30px;border-width:1px !important;border-style:none;border-radius:50px !important;}.advgbbtn-b04130db-43d6-4f55-89be-164f06db52ad:hover{box-shadow:1px 1px 12px 0px #ccc;opacity:1;transition:all 0.2s ease;}.advgbbtn-b04130db-43d6-4f55-89be-164f06db52ad > i {display: none !important;}<\/style>","protected":false},"excerpt":{"rendered":"<p>The Climate Toolkit Symposium 2026 We are thrilled to announce the dates and location of Climate Toolkit Symposium 2026, which will be held Oct. 28 \u2013 30, 2026 at Duke Farms in Hillsborough, New Jersey. Museums, public gardens, zoos, aquaria, &hellip;<\/p>\n<p class=\"read-more\"> <a class=\"\" href=\"https:\/\/climatetoolkit.org\/fr\/symposium\/\"> <span class=\"screen-reader-text\">Symposium sur la bo\u00eete \u00e0 outils sur le climat<\/span> Lire la suite \"<\/a><\/p>","protected":false},"author":2,"featured_media":0,"parent":0,"menu_order":0,"comment_status":"closed","ping_status":"closed","template":"","meta":{"_acf_changed":false,"inline_featured_image":false,"advgb_blocks_editor_width":"","advgb_blocks_columns_visual_guide":"","footnotes":""},"class_list":["post-5419","page","type-page","status-publish","hentry"],"acf":[],"yoast_head":"<!-- This site is optimized with the Yoast SEO plugin v27.4 - https:\/\/yoast.com\/product\/yoast-seo-wordpress\/ -->\n<title>The Climate Toolkit Symposium - The Climate Toolkit<\/title>\n<meta name=\"robots\" content=\"index, follow, max-snippet:-1, max-image-preview:large, max-video-preview:-1\" \/>\n<link rel=\"canonical\" href=\"https:\/\/climatetoolkit.org\/fr\/symposium\/\" \/>\n<meta property=\"og:locale\" content=\"fr_FR\" \/>\n<meta property=\"og:type\" content=\"article\" \/>\n<meta property=\"og:title\" content=\"The Climate Toolkit Symposium - The Climate Toolkit\" \/>\n<meta property=\"og:description\" content=\"The Climate Toolkit Symposium 2026 We are thrilled to announce the dates and location of Climate Toolkit Symposium 2026, which will be held Oct. 28 \u2013 30, 2026 at Duke Farms in Hillsborough, New Jersey. Museums, public gardens, zoos, aquaria, &hellip; The Climate Toolkit Symposium Read More &raquo;\" \/>\n<meta property=\"og:url\" content=\"https:\/\/climatetoolkit.org\/fr\/symposium\/\" \/>\n<meta property=\"og:site_name\" content=\"The Climate Toolkit\" \/>\n<meta property=\"article:modified_time\" content=\"2026-03-09T15:43:50+00:00\" \/>\n<meta property=\"og:image\" content=\"https:\/\/climatetoolkit.org\/wp-content\/uploads\/2026\/02\/image-1024x614.png\" \/>\n\t<meta property=\"og:image:width\" content=\"1024\" \/>\n\t<meta property=\"og:image:height\" content=\"614\" \/>\n\t<meta property=\"og:image:type\" content=\"image\/png\" \/>\n<meta name=\"twitter:card\" content=\"summary_large_image\" \/>\n<meta name=\"twitter:label1\" content=\"Dur\u00e9e de lecture estim\u00e9e\" \/>\n\t<meta name=\"twitter:data1\" content=\"2 minutes\" \/>\n<script type=\"application\/ld+json\" class=\"yoast-schema-graph\">{\"@context\":\"https:\\\/\\\/schema.org\",\"@graph\":[{\"@type\":\"WebPage\",\"@id\":\"https:\\\/\\\/climatetoolkit.org\\\/symposium\\\/\",\"url\":\"https:\\\/\\\/climatetoolkit.org\\\/symposium\\\/\",\"name\":\"The Climate Toolkit Symposium - The Climate Toolkit\",\"isPartOf\":{\"@id\":\"https:\\\/\\\/climatetoolkit.org\\\/#website\"},\"primaryImageOfPage\":{\"@id\":\"https:\\\/\\\/climatetoolkit.org\\\/symposium\\\/#primaryimage\"},\"image\":{\"@id\":\"https:\\\/\\\/climatetoolkit.org\\\/symposium\\\/#primaryimage\"},\"thumbnailUrl\":\"https:\\\/\\\/climatetoolkit.org\\\/wp-content\\\/uploads\\\/2026\\\/02\\\/image-1024x614.png\",\"datePublished\":\"2025-11-26T20:30:47+00:00\",\"dateModified\":\"2026-03-09T15:43:50+00:00\",\"breadcrumb\":{\"@id\":\"https:\\\/\\\/climatetoolkit.org\\\/symposium\\\/#breadcrumb\"},\"inLanguage\":\"fr-FR\",\"potentialAction\":[{\"@type\":\"ReadAction\",\"target\":[\"https:\\\/\\\/climatetoolkit.org\\\/symposium\\\/\"]}]},{\"@type\":\"ImageObject\",\"inLanguage\":\"fr-FR\",\"@id\":\"https:\\\/\\\/climatetoolkit.org\\\/symposium\\\/#primaryimage\",\"url\":\"https:\\\/\\\/climatetoolkit.org\\\/wp-content\\\/uploads\\\/2026\\\/02\\\/image-1024x614.png\",\"contentUrl\":\"https:\\\/\\\/climatetoolkit.org\\\/wp-content\\\/uploads\\\/2026\\\/02\\\/image-1024x614.png\"},{\"@type\":\"BreadcrumbList\",\"@id\":\"https:\\\/\\\/climatetoolkit.org\\\/symposium\\\/#breadcrumb\",\"itemListElement\":[{\"@type\":\"ListItem\",\"position\":1,\"name\":\"Home\",\"item\":\"https:\\\/\\\/climatetoolkit.org\\\/\"},{\"@type\":\"ListItem\",\"position\":2,\"name\":\"The Climate Toolkit Symposium\"}]},{\"@type\":\"WebSite\",\"@id\":\"https:\\\/\\\/climatetoolkit.org\\\/#website\",\"url\":\"https:\\\/\\\/climatetoolkit.org\\\/\",\"name\":\"The Climate Toolkit\",\"description\":\"For Museums, Gardens and Zoos\",\"publisher\":{\"@id\":\"https:\\\/\\\/climatetoolkit.org\\\/#organization\"},\"potentialAction\":[{\"@type\":\"SearchAction\",\"target\":{\"@type\":\"EntryPoint\",\"urlTemplate\":\"https:\\\/\\\/climatetoolkit.org\\\/?s={search_term_string}\"},\"query-input\":{\"@type\":\"PropertyValueSpecification\",\"valueRequired\":true,\"valueName\":\"search_term_string\"}}],\"inLanguage\":\"fr-FR\"},{\"@type\":\"Organization\",\"@id\":\"https:\\\/\\\/climatetoolkit.org\\\/#organization\",\"name\":\"The Climate Toolkit\",\"url\":\"https:\\\/\\\/climatetoolkit.org\\\/\",\"logo\":{\"@type\":\"ImageObject\",\"inLanguage\":\"fr-FR\",\"@id\":\"https:\\\/\\\/climatetoolkit.org\\\/#\\\/schema\\\/logo\\\/image\\\/\",\"url\":\"https:\\\/\\\/climatetoolkit.org\\\/wp-content\\\/uploads\\\/2020\\\/05\\\/C_logo.png\",\"contentUrl\":\"https:\\\/\\\/climatetoolkit.org\\\/wp-content\\\/uploads\\\/2020\\\/05\\\/C_logo.png\",\"width\":512,\"height\":512,\"caption\":\"The Climate Toolkit\"},\"image\":{\"@id\":\"https:\\\/\\\/climatetoolkit.org\\\/#\\\/schema\\\/logo\\\/image\\\/\"}}]}<\/script>\n<!-- \/ Yoast SEO plugin. -->","yoast_head_json":{"title":"The Climate Toolkit Symposium - The Climate Toolkit","robots":{"index":"index","follow":"follow","max-snippet":"max-snippet:-1","max-image-preview":"max-image-preview:large","max-video-preview":"max-video-preview:-1"},"canonical":"https:\/\/climatetoolkit.org\/fr\/symposium\/","og_locale":"fr_FR","og_type":"article","og_title":"The Climate Toolkit Symposium - The Climate Toolkit","og_description":"The Climate Toolkit Symposium 2026 We are thrilled to announce the dates and location of Climate Toolkit Symposium 2026, which will be held Oct. 28 \u2013 30, 2026 at Duke Farms in Hillsborough, New Jersey. Museums, public gardens, zoos, aquaria, &hellip; The Climate Toolkit Symposium Read More &raquo;","og_url":"https:\/\/climatetoolkit.org\/fr\/symposium\/","og_site_name":"The Climate Toolkit","article_modified_time":"2026-03-09T15:43:50+00:00","og_image":[{"width":1024,"height":614,"url":"https:\/\/climatetoolkit.org\/wp-content\/uploads\/2026\/02\/image-1024x614.png","type":"image\/png"}],"twitter_card":"summary_large_image","twitter_misc":{"Dur\u00e9e de lecture estim\u00e9e":"2 minutes"},"schema":{"@context":"https:\/\/schema.org","@graph":[{"@type":"WebPage","@id":"https:\/\/climatetoolkit.org\/symposium\/","url":"https:\/\/climatetoolkit.org\/symposium\/","name":"The Climate Toolkit Symposium - The Climate Toolkit","isPartOf":{"@id":"https:\/\/climatetoolkit.org\/#website"},"primaryImageOfPage":{"@id":"https:\/\/climatetoolkit.org\/symposium\/#primaryimage"},"image":{"@id":"https:\/\/climatetoolkit.org\/symposium\/#primaryimage"},"thumbnailUrl":"https:\/\/climatetoolkit.org\/wp-content\/uploads\/2026\/02\/image-1024x614.png","datePublished":"2025-11-26T20:30:47+00:00","dateModified":"2026-03-09T15:43:50+00:00","breadcrumb":{"@id":"https:\/\/climatetoolkit.org\/symposium\/#breadcrumb"},"inLanguage":"fr-FR","potentialAction":[{"@type":"ReadAction","target":["https:\/\/climatetoolkit.org\/symposium\/"]}]},{"@type":"ImageObject","inLanguage":"fr-FR","@id":"https:\/\/climatetoolkit.org\/symposium\/#primaryimage","url":"https:\/\/climatetoolkit.org\/wp-content\/uploads\/2026\/02\/image-1024x614.png","contentUrl":"https:\/\/climatetoolkit.org\/wp-content\/uploads\/2026\/02\/image-1024x614.png"},{"@type":"BreadcrumbList","@id":"https:\/\/climatetoolkit.org\/symposium\/#breadcrumb","itemListElement":[{"@type":"ListItem","position":1,"name":"Home","item":"https:\/\/climatetoolkit.org\/"},{"@type":"ListItem","position":2,"name":"The Climate Toolkit Symposium"}]},{"@type":"WebSite","@id":"https:\/\/climatetoolkit.org\/#website","url":"https:\/\/climatetoolkit.org\/","name":"La bo\u00eete \u00e0 outils sur le climat","description":"Pour les mus\u00e9es, les jardins et les zoos","publisher":{"@id":"https:\/\/climatetoolkit.org\/#organization"},"potentialAction":[{"@type":"SearchAction","target":{"@type":"EntryPoint","urlTemplate":"https:\/\/climatetoolkit.org\/?s={search_term_string}"},"query-input":{"@type":"PropertyValueSpecification","valueRequired":true,"valueName":"search_term_string"}}],"inLanguage":"fr-FR"},{"@type":"Organization","@id":"https:\/\/climatetoolkit.org\/#organization","name":"La bo\u00eete \u00e0 outils sur le climat","url":"https:\/\/climatetoolkit.org\/","logo":{"@type":"ImageObject","inLanguage":"fr-FR","@id":"https:\/\/climatetoolkit.org\/#\/schema\/logo\/image\/","url":"https:\/\/climatetoolkit.org\/wp-content\/uploads\/2020\/05\/C_logo.png","contentUrl":"https:\/\/climatetoolkit.org\/wp-content\/uploads\/2020\/05\/C_logo.png","width":512,"height":512,"caption":"The Climate Toolkit"},"image":{"@id":"https:\/\/climatetoolkit.org\/#\/schema\/logo\/image\/"}}]}},"coauthors":[],"author_meta":{"author_link":"https:\/\/climatetoolkit.org\/fr\/author\/joe\/","display_name":"joe reed"},"relative_dates":{"created":"Publi\u00e9 5 mois il y a","modified":"Mis \u00e0 jour 1 mois il y a"},"absolute_dates":{"created":"Publi\u00e9 le novembre 26, 2025","modified":"Mise \u00e0 jour le mars 9, 2026"},"absolute_dates_time":{"created":"Publi\u00e9 le novembre 26, 2025 3:30 pm","modified":"Mise \u00e0 jour le mars 9, 2026 11:43 am"},"featured_img_caption":"","featured_img":false,"series_order":"","_links":{"self":[{"href":"https:\/\/climatetoolkit.org\/fr\/wp-json\/wp\/v2\/pages\/5419","targetHints":{"allow":["GET"]}}],"collection":[{"href":"https:\/\/climatetoolkit.org\/fr\/wp-json\/wp\/v2\/pages"}],"about":[{"href":"https:\/\/climatetoolkit.org\/fr\/wp-json\/wp\/v2\/types\/page"}],"author":[{"embeddable":true,"href":"https:\/\/climatetoolkit.org\/fr\/wp-json\/wp\/v2\/users\/2"}],"replies":[{"embeddable":true,"href":"https:\/\/climatetoolkit.org\/fr\/wp-json\/wp\/v2\/comments?post=5419"}],"version-history":[{"count":10,"href":"https:\/\/climatetoolkit.org\/fr\/wp-json\/wp\/v2\/pages\/5419\/revisions"}],"predecessor-version":[{"id":5550,"href":"https:\/\/climatetoolkit.org\/fr\/wp-json\/wp\/v2\/pages\/5419\/revisions\/5550"}],"wp:attachment":[{"href":"https:\/\/climatetoolkit.org\/fr\/wp-json\/wp\/v2\/media?parent=5419"}],"curies":[{"name":"wp","href":"https:\/\/api.w.org\/{rel}","templated":true}]}}