{"id":4586,"date":"2025-08-01T13:42:19","date_gmt":"2025-08-01T17:42:19","guid":{"rendered":"https:\/\/climatetoolkit.org\/?page_id=4586"},"modified":"2025-10-17T14:24:16","modified_gmt":"2025-10-17T18:24:16","slug":"symposium-agenda","status":"publish","type":"page","link":"https:\/\/climatetoolkit.org\/fr\/symposium-agenda\/","title":{"rendered":"Ordre du jour du symposium"},"content":{"rendered":"<h2 class=\"wp-block-heading\">Agenda du symposium sur la bo\u00eete \u00e0 outils climatique<\/h2>\n\n\n\n<figure class=\"wp-block-image size-large is-resized\"><img decoding=\"async\" width=\"1024\" height=\"614\" src=\"https:\/\/climatetoolkit.org\/wp-content\/uploads\/2025\/10\/symposium_2-1024x614.jpg\" alt=\"\" class=\"wp-image-4893\" style=\"width:632px;height:auto\" srcset=\"https:\/\/climatetoolkit.org\/wp-content\/uploads\/2025\/10\/symposium_2-1024x614.jpg 1024w, https:\/\/climatetoolkit.org\/wp-content\/uploads\/2025\/10\/symposium_2-300x180.jpg 300w, https:\/\/climatetoolkit.org\/wp-content\/uploads\/2025\/10\/symposium_2-768x461.jpg 768w, https:\/\/climatetoolkit.org\/wp-content\/uploads\/2025\/10\/symposium_2-1536x922.jpg 1536w, https:\/\/climatetoolkit.org\/wp-content\/uploads\/2025\/10\/symposium_2-2048x1229.jpg 2048w, https:\/\/climatetoolkit.org\/wp-content\/uploads\/2025\/10\/symposium_2-18x12.jpg 18w, https:\/\/climatetoolkit.org\/wp-content\/uploads\/2025\/10\/symposium_2-100x60.jpg 100w, https:\/\/climatetoolkit.org\/wp-content\/uploads\/2025\/10\/symposium_2-150x90.jpg 150w, https:\/\/climatetoolkit.org\/wp-content\/uploads\/2025\/10\/symposium_2-200x120.jpg 200w, https:\/\/climatetoolkit.org\/wp-content\/uploads\/2025\/10\/symposium_2-450x270.jpg 450w, https:\/\/climatetoolkit.org\/wp-content\/uploads\/2025\/10\/symposium_2-600x360.jpg 600w, https:\/\/climatetoolkit.org\/wp-content\/uploads\/2025\/10\/symposium_2-900x540.jpg 900w\" sizes=\"(max-width: 1024px) 100vw, 1024px\" \/><\/figure>\n\n\n\n<h3 class=\"wp-block-heading\"><strong>Soir\u00e9e d'ouverture<\/strong> <strong>R\u00e9ception<\/strong><\/h3>\n\n\n\n<h6 class=\"wp-block-heading\"><strong>DIM, 26 OCT. 26, DE 18 H \u00c0 21 H<\/strong><\/h6>\n\n\n\n<p>\ud83c\udf34 <em>Bienvenue au symposium !<\/em><\/p>\n\n\n\n<p>Avec pour toile de fond la luxuriante for\u00eat tropicale du conservatoire Phipps, le Panama Exhibit et le Special Events Hall, cet \u00e9v\u00e9nement accueillant comprendra un discours d'ouverture de Richard Piacentini, pr\u00e9sident-directeur g\u00e9n\u00e9ral de Phipps, et de Margaret Waldock, directrice ex\u00e9cutive de Duke Farms, ainsi que des rafra\u00eechissements, un d\u00eener buffet, de la musique en direct et des activit\u00e9s de r\u00e9seautage.<\/p>\n\n\n\n<h3 class=\"wp-block-heading\"><strong>Jour 1 : \u00c9tudes de cas de r\u00e9ussite climatique<\/strong><\/h3>\n\n\n\n<h6 class=\"wp-block-heading\"><strong>LUNDI 27 OCT. 27, 8H00 - 17H00, D\u00ceNER ET DISCOURS D'OUVERTURE 18H30 - 21H00<\/strong><\/h6>\n\n\n\n<p><em>8 heures - 9 heures<\/em> &#8211; <em>Petit d\u00e9jeuner<\/em> <em>et Bienvenue<\/em><\/p>\n\n\n\n<p><em>9 h - 10 h 30<\/em> &#8211; <em>Programme 1<\/em><\/p>\n\n\n\n<p>\u26a1 <strong>\u00c9nergie et d\u00e9carbonisation<\/strong><\/p>\n\n\n\n<p>Les institutions culturelles jouent un r\u00f4le de premier plan dans la lutte contre le changement climatique en r\u00e9duisant leurs \u00e9missions de carbone et en passant aux \u00e9nergies renouvelables. Dans ce panel, les institutions partageront la fa\u00e7on dont elles mettent en \u0153uvre des strat\u00e9gies ambitieuses de d\u00e9carbonisation, en offrant des le\u00e7ons tir\u00e9es des succ\u00e8s et des d\u00e9fis du monde r\u00e9el.<\/p>\n\n\n\n<ul class=\"wp-block-list\">\n<li>Richard Piacentini, pr\u00e9sident et directeur g\u00e9n\u00e9ral - <strong>Conservatoire Phipps<\/strong><\/li>\n\n\n\n<li>Jon Wagar, directeur ex\u00e9cutif adjoint des op\u00e9rations et du d\u00e9veloppement durable - <strong>Fermes Duke<\/strong><\/li>\n\n\n\n<li>Rachel Novick, Ph.D., directrice du d\u00e9veloppement durable - <strong>L'Arboretum de Morton<\/strong><\/li>\n\n\n\n<li>Rafael de Carvalho, Vice-pr\u00e9sident associ\u00e9 pour les projets d'investissement - <strong>Jardin botanique de New York<\/strong><\/li>\n<\/ul>\n\n\n\n<p><em>10 h 45 - 12 h 00<\/em> &#8211; <em>Deuxi\u00e8me programme<\/em><\/p>\n\n\n\n<p>\ud83c\udf0d <strong>Interpr\u00e9tation du climat et engagement<\/strong><\/p>\n\n\n\n<p>Comment les institutions peuvent-elles s'engager avec le public sur la question du changement climatique ? Cette table ronde r\u00e9unit des institutions<strong> <\/strong>pour mettre en lumi\u00e8re des approches cr\u00e9atives en mati\u00e8re d'interpr\u00e9tation et d'engagement qui inciteront le public \u00e0 participer \u00e0 la recherche de solutions pour le climat.<\/p>\n\n\n\n<ul class=\"wp-block-list\">\n<li>Anais Reyes, conservatrice - <strong>Le mus\u00e9e du climat<\/strong><\/li>\n\n\n\n<li>Casey Mink, assistant d\u00e9veloppeur d'expositions - <strong>Mus\u00e9e d'histoire naturelle de l'Utah<\/strong><\/li>\n\n\n\n<li>Jen Kretser, directrice des initiatives en mati\u00e8re de climat - <strong>Le Wild Center<\/strong><\/li>\n\n\n\n<li>Mark Wourms, Ph.D., Pr\u00e9sident, Directeur g\u00e9n\u00e9ral - <strong>For\u00eat et arboretum de Bernheim<\/strong><\/li>\n<\/ul>\n\n\n\n<p><em>12 h - 13 h<\/em> &#8211; <em>D\u00e9jeuner<\/em><\/p>\n\n\n\n<p><em>13 h - 14 h 15<\/em> &#8211; <em>Troisi\u00e8me programme<\/em><\/p>\n\n\n\n<p>\u267b\ufe0f <strong>Domaines d'intervention en petits groupes I : Gestion des d\u00e9chets et solutions bas\u00e9es sur la nature<\/strong><\/p>\n\n\n\n<p>Les sessions en petits groupes offrent aux participants l'opportunit\u00e9 d'une conversation cibl\u00e9e sur des domaines sp\u00e9cifiques de l'action climatique. Chaque session commence par une br\u00e8ve pr\u00e9sentation d'un expert en la mati\u00e8re, suivie d'une table ronde anim\u00e9e pour favoriser le partage des connaissances et la r\u00e9solution des probl\u00e8mes. La premi\u00e8re session comprendra des pr\u00e9sentations et des discussions sur les domaines suivants :<\/p>\n\n\n\n<ul class=\"wp-block-list\">\n<li><strong>Gestion des d\u00e9chets et engagement du personnel<\/strong>\n<ul class=\"wp-block-list\">\n<li>Allison Tilson, directrice principale des op\u00e9rations de durabilit\u00e9 et de conservation - <strong>Aquarium national<\/strong><\/li>\n<\/ul>\n<\/li>\n<\/ul>\n\n\n\n<p><\/p>\n\n\n\n<ul class=\"wp-block-list\">\n<li><strong>Solutions bas\u00e9es sur la nature<\/strong>\n<ul class=\"wp-block-list\">\n<li>Jeff Downing, directeur ex\u00e9cutif - <strong>Centre du Mont Cuba<\/strong><\/li>\n\n\n\n<li>Christy Rollinson, Ph.D., scientifique senior, \u00e9cologie foresti\u00e8re - <strong>L'Arboretum de Morton<\/strong><\/li>\n<\/ul>\n<\/li>\n<\/ul>\n\n\n\n<p><em>14 h 30 - 15 h 45<\/em> &#8211; <em>Programme quatre<\/em><\/p>\n\n\n\n<p>\ud83c\udf33 <strong>Domaines d'intervention II : Recherche sur le climat<\/strong>, <strong>Conservation et action, Gestion des installations<\/strong><\/p>\n\n\n\n<p>La deuxi\u00e8me s\u00e9rie d'ateliers th\u00e9matiques comprendra de br\u00e8ves pr\u00e9sentations d'experts, suivies de tables rondes anim\u00e9es pour favoriser le partage des connaissances et la r\u00e9solution des probl\u00e8mes :<\/p>\n\n\n\n<ul class=\"wp-block-list\">\n<li><strong>Recherche sur le climat<\/strong>\n<ul class=\"wp-block-list\">\n<li>Chelsea Miller, Ph.D., professeur assistant, biologie du changement global -<strong> Universit\u00e9 d'Akron<\/strong><\/li>\n\n\n\n<li>Lara Roketenetz, Ph.D., directrice de la station de terrain -<strong> Station de recherche de l'Universit\u00e9 d'Akron<\/strong><\/li>\n<\/ul>\n<\/li>\n<\/ul>\n\n\n\n<p><\/p>\n\n\n\n<ul class=\"wp-block-list\">\n<li><strong>Conservation et action : Combler le foss\u00e9<\/strong>\n<ul class=\"wp-block-list\">\n<li>Shafkat Khan, Ph.D., Directeur de la Conservation -&nbsp;<strong>Zoo et aquarium de Pittsburgh<\/strong><\/li>\n<\/ul>\n<\/li>\n<\/ul>\n\n\n\n<p><\/p>\n\n\n\n<ul class=\"wp-block-list\">\n<li><strong>Gestion des installations<\/strong>\n<ul class=\"wp-block-list\">\n<li>Jim Hanson, responsable de la durabilit\u00e9 et de la technologie <strong>Fermes Duke<\/strong><\/li>\n\n\n\n<li>Joe Zalenko, Facilities Manager -<strong> Fermes Duke<\/strong><\/li>\n<\/ul>\n<\/li>\n<\/ul>\n\n\n\n<p><em>16 heures - 17 heures<\/em> &#8211; <em>Programme cinq<\/em><\/p>\n\n\n\n<p>\ud83c\udf31 <strong>Plaidoyer des jeunes pour le climat<\/strong><\/p>\n\n\n\n<p>Il est essentiel de faire entendre la voix des jeunes pour faire avancer le mouvement climatique et inciter \u00e0 l'action au sein des communaut\u00e9s. Au cours de cette table ronde et de la s\u00e9ance de questions-r\u00e9ponses avec le public, vous entendrez directement les points de vue de <strong>jeunes leaders climatiques<\/strong> <strong>\u00e0 Phipps <\/strong>en partageant leurs exp\u00e9riences en tant que d\u00e9fenseurs des droits de l'homme et acteurs du changement.<\/p>\n\n\n\n<ul class=\"wp-block-list\">\n<li>Emma Ehan, chef de file du CCJP - <strong>Comit\u00e9 de d\u00e9fense du climat par les jeunes de Phipps<\/strong><\/li>\n\n\n\n<li>Anwita Maneish Nithya, chef d'\u00e9quipe YCAC - <strong>Comit\u00e9 de d\u00e9fense du climat par les jeunes de Phipps<\/strong><\/li>\n\n\n\n<li>Cortlan Harrell, chef d'\u00e9quipe YCAC - <strong>Comit\u00e9 de d\u00e9fense du climat par les jeunes de Phipps<\/strong><\/li>\n\n\n\n<li>Marley McFarland, leader du YCAC - <strong>Comit\u00e9 de d\u00e9fense du climat par les jeunes de Phipps<\/strong><\/li>\n<\/ul>\n\n\n\n<p><em>17 h - 18 h 15 - Visite des b\u00e2timents vivants<\/em><\/p>\n\n\n\n<p>Rejoignez le sp\u00e9cialiste de l'interpr\u00e9tation, le responsable de la durabilit\u00e9 et le directeur des installations et de la durabilit\u00e9 du conservatoire Phipps pour un expos\u00e9 approfondi, <strong>visite des coulisses des b\u00e2timents \u00e9cologiques<\/strong> du Center for Sustainable Landscapes, du Exhibit Staging Center, du Nature Lab et de la Production Greenhouse Facility, et d\u00e9couvrir des strat\u00e9gies pour une consommation nette nulle d'\u00e9nergie et d'eau.<\/p>\n\n\n\n<p><em>18 h 30 - 21 h 00<\/em> &#8211; <em>D\u00eener et discours d'ouverture<\/em><\/p>\n\n\n\n<p>La soir\u00e9e s'ach\u00e8vera par un d\u00eener assis dans la salle des \u00e9v\u00e9nements sp\u00e9ciaux et par un discours d'ouverture de <strong>David W. Orr<\/strong>Paul Sears Distinguished Professor of Environmental Studies and Politics Emeritus au Oberlin College, et actuellement professeur de pratique \u00e0 l'Arizona State University.<\/p>\n\n\n\n<h3 class=\"wp-block-heading\"><strong>Jour 2 : Une plong\u00e9e dans l'avenir<\/strong><\/h3>\n\n\n\n<h6 class=\"wp-block-heading\"><strong>MARS, 28 OCT. 28, 8H00 - 16H00<\/strong><\/h6>\n\n\n\n<p><em>8 heures - 9 heures<\/em> &#8211; <em>Petit-d\u00e9jeuner et accueil<\/em><\/p>\n\n\n\n<p><em>9 heures - 11 heures<\/em> &#8211; <em>Programme 1<\/em><\/p>\n\n\n\n<p>\ud83c\udf3b <strong>L'essence comme boussole : Guider l'action climatique par une pens\u00e9e r\u00e9g\u00e9n\u00e9ratrice<\/strong><\/p>\n\n\n\n<p>Cette session invite les participants \u00e0 explorer le pouvoir de travailler \u00e0 partir de l'essence - en se connectant au c\u0153ur unique de qui ils sont et de ce qui compte vraiment. \u00c0 une \u00e9poque o\u00f9 l'action climatique peut souvent sembler r\u00e9active ou \u00e9crasante, le retour \u00e0 l'essence offre un moyen d'agir avec plus de clart\u00e9, de coh\u00e9rence et d'objectif. \u00c0 partir de cette base, nos actions deviennent plus r\u00e9g\u00e9n\u00e9ratrices, nos strat\u00e9gies plus align\u00e9es et notre potentiel d'impact durable plus pleinement r\u00e9alis\u00e9.<\/p>\n\n\n\n<ul class=\"wp-block-list\">\n<li>Sonja Bochart, directrice, LENS - <strong>Shepley Bulfinch<\/strong><\/li>\n\n\n\n<li>Richard Piacentini, pr\u00e9sident et directeur g\u00e9n\u00e9ral - <strong>Conservatoire Phipps<\/strong><\/li>\n<\/ul>\n\n\n\n<p><em>11 heures - 12 heures<\/em> &#8211; <em>Deuxi\u00e8me programme<\/em><\/p>\n\n\n\n<p>\ud83c\udf43 <strong>R\u00e9seau de pairs<\/strong><\/p>\n\n\n\n<p>Cette session invite les participants \u00e0 entrer en contact avec d'autres personnes qui partagent des r\u00f4les similaires dans les domaines d'int\u00e9r\u00eat du leadership, des installations et des op\u00e9rations, des partenariats communautaires, de l'engagement et de l'\u00e9ducation, et des solutions bas\u00e9es sur la nature, dans un cadre intentionnellement informel. Chaque groupe dirigera sa propre discussion, cr\u00e9ant ainsi un espace pour des connexions organiques, un apprentissage partag\u00e9 et des partenariats potentiels qui s'\u00e9tendent au-del\u00e0 du symposium.&nbsp;<\/p>\n\n\n\n<p><em>12 h - 13 h<\/em> &#8211; <em>D\u00e9jeuner<\/em><\/p>\n\n\n\n<p><em>13 h - 14 h 30<\/em> &#8211; <em>Troisi\u00e8me programme<\/em><\/p>\n\n\n\n<p>\u2705 <strong>Ateliers sur l'action climatique<\/strong><\/p>\n\n\n\n<p>Lors de cette derni\u00e8re session du symposium, les participants choisiront parmi un menu d'ateliers d'action climatique anim\u00e9s afin d'aider \u00e0 catalyser la planification et la mise en \u0153uvre de l'action climatique au sein de leur institution. <\/p>\n\n\n\n<ul class=\"wp-block-list\">\n<li><strong>\u00c9laboration d'un plan de r\u00e9silience pour l'action climatique<\/strong>\n<ul class=\"wp-block-list\">\n<li>Stephanie Shapiro, cofondatrice et directrice g\u00e9n\u00e9rale - <strong>Partenaires de l'environnement et de la culture<\/strong><\/li>\n\n\n\n<li>Al Carver-Kubik, charg\u00e9 de programme, subventions et recherche - <strong>Partenaires de l'environnement et de la culture<\/strong><\/li>\n<\/ul>\n<\/li>\n<\/ul>\n\n\n\n<p><\/p>\n\n\n\n<ul class=\"wp-block-list\">\n<li><strong>Devenir la ressource climatique de votre communaut\u00e9 \/ Engagement civique<\/strong>\n<ul class=\"wp-block-list\">\n<li>Rose Hendricks, Ph.D., directrice ex\u00e9cutive de Seeding Action - (en anglais) <strong>Association des centres de science et de technologie<\/strong><\/li>\n<\/ul>\n<\/li>\n<\/ul>\n\n\n\n<p><em>14 h 40 - 15 h 15<\/em> &#8211; <em>Partage et r\u00e9flexion<\/em><\/p>\n\n\n\n<p><em>15 h 15 - 15 h 30<\/em> &#8211; <em>Reprise des travaux et adieux<\/em><\/p>\n\n\n\n<div class=\"wp-block-buttons is-layout-flex wp-block-buttons-is-layout-flex\">\n<div class=\"wp-block-button\"><a class=\"wp-block-button__link has-luminous-vivid-amber-background-color has-background has-custom-font-size wp-element-button\" href=\"https:\/\/my.conservatory.org\/8991\/8992\" style=\"font-size:16px\"><strong>Acheter des billets &gt;<\/strong><\/a><\/div>\n<\/div>\n\n\n\n<p>Votre billet d'entr\u00e9e $200 comprend l'entr\u00e9e compl\u00e8te au symposium et tous les repas et boissons. Le symposium sur la bo\u00eete \u00e0 outils climatiques est imm\u00e9diatement suivi par le symposium sur la bo\u00eete \u00e0 outils climatiques.&nbsp;<a href=\"https:\/\/midatlanticmuseums.org\/annual-meeting\/\"><strong>Conf\u00e9rence annuelle de l'association des mus\u00e9es de la r\u00e9gion Mid-Atlantic<\/strong><\/a>\u00e9galement \u00e0 Pittsburgh - nous encourageons les participants int\u00e9ress\u00e9s \u00e0 prolonger leur s\u00e9jour et \u00e0 participer aux deux \u00e9v\u00e9nements.<\/p>\n\n\n\n<p><strong>Des questions ?<\/strong>&nbsp;Contact&nbsp;<a href=\"mailto:alampl@phipps.conservatory.org\">alampl@phipps.conservatory.org<\/a>&nbsp;ou appeler le 412-622-6915, poste 6752<\/p>","protected":false},"excerpt":{"rendered":"<p>Climate Toolkit Symposium Agenda R\u00e9ception d'ouverture DIM. 26 OCT. 26, 18h00 - 21h00 \ud83c\udf34 Bienvenue au symposium ! Organis\u00e9e dans le cadre de la luxuriante exposition Tropical Forest Panama et du Special Events Hall du Phipps Conservatory, cette soir\u00e9e de bienvenue ...<\/p>\n<p class=\"read-more\"> <a class=\"\" href=\"https:\/\/climatetoolkit.org\/fr\/symposium-agenda\/\"> <span class=\"screen-reader-text\">Ordre du jour du symposium<\/span> Lire la suite \"<\/a><\/p>","protected":false},"author":2,"featured_media":0,"parent":0,"menu_order":0,"comment_status":"closed","ping_status":"closed","template":"","meta":{"_acf_changed":false,"inline_featured_image":false,"advgb_blocks_editor_width":"","advgb_blocks_columns_visual_guide":"","footnotes":""},"class_list":["post-4586","page","type-page","status-publish","hentry"],"acf":[],"yoast_head":"<!-- This site is optimized with the Yoast SEO plugin v27.3 - https:\/\/yoast.com\/product\/yoast-seo-wordpress\/ -->\n<title>Symposium Agenda - The Climate Toolkit<\/title>\n<meta name=\"robots\" content=\"index, follow, max-snippet:-1, max-image-preview:large, max-video-preview:-1\" \/>\n<link rel=\"canonical\" href=\"https:\/\/climatetoolkit.org\/fr\/symposium-agenda\/\" \/>\n<meta property=\"og:locale\" content=\"fr_FR\" \/>\n<meta property=\"og:type\" content=\"article\" \/>\n<meta property=\"og:title\" content=\"Symposium Agenda - The Climate Toolkit\" \/>\n<meta property=\"og:description\" content=\"Climate Toolkit Symposium Agenda Opening Evening Reception SUN., OCT. 26, 6 \u2013 9 P.M. \ud83c\udf34 Welcome to the Symposium! Held against the backdrop of Phipps Conservatory&#8217;s lush Tropical Forest Panama exhibit and Special Events Hall, this welcoming event will feature &hellip; Symposium Agenda Read More &raquo;\" \/>\n<meta property=\"og:url\" content=\"https:\/\/climatetoolkit.org\/fr\/symposium-agenda\/\" \/>\n<meta property=\"og:site_name\" content=\"The Climate Toolkit\" \/>\n<meta property=\"article:modified_time\" content=\"2025-10-17T18:24:16+00:00\" \/>\n<meta property=\"og:image\" content=\"https:\/\/climatetoolkit.org\/wp-content\/uploads\/2025\/10\/symposium_2.jpg\" \/>\n\t<meta property=\"og:image:width\" content=\"2100\" \/>\n\t<meta property=\"og:image:height\" content=\"1260\" \/>\n\t<meta property=\"og:image:type\" content=\"image\/jpeg\" \/>\n<meta name=\"twitter:card\" content=\"summary_large_image\" \/>\n<meta name=\"twitter:label1\" content=\"Dur\u00e9e de lecture estim\u00e9e\" \/>\n\t<meta name=\"twitter:data1\" content=\"5 minutes\" \/>\n<script type=\"application\/ld+json\" class=\"yoast-schema-graph\">{\"@context\":\"https:\\\/\\\/schema.org\",\"@graph\":[{\"@type\":\"WebPage\",\"@id\":\"https:\\\/\\\/climatetoolkit.org\\\/symposium-agenda\\\/\",\"url\":\"https:\\\/\\\/climatetoolkit.org\\\/symposium-agenda\\\/\",\"name\":\"Symposium Agenda - The Climate Toolkit\",\"isPartOf\":{\"@id\":\"https:\\\/\\\/climatetoolkit.org\\\/#website\"},\"primaryImageOfPage\":{\"@id\":\"https:\\\/\\\/climatetoolkit.org\\\/symposium-agenda\\\/#primaryimage\"},\"image\":{\"@id\":\"https:\\\/\\\/climatetoolkit.org\\\/symposium-agenda\\\/#primaryimage\"},\"thumbnailUrl\":\"https:\\\/\\\/climatetoolkit.org\\\/wp-content\\\/uploads\\\/2025\\\/10\\\/symposium_2-1024x614.jpg\",\"datePublished\":\"2025-08-01T17:42:19+00:00\",\"dateModified\":\"2025-10-17T18:24:16+00:00\",\"breadcrumb\":{\"@id\":\"https:\\\/\\\/climatetoolkit.org\\\/symposium-agenda\\\/#breadcrumb\"},\"inLanguage\":\"fr-FR\",\"potentialAction\":[{\"@type\":\"ReadAction\",\"target\":[\"https:\\\/\\\/climatetoolkit.org\\\/symposium-agenda\\\/\"]}]},{\"@type\":\"ImageObject\",\"inLanguage\":\"fr-FR\",\"@id\":\"https:\\\/\\\/climatetoolkit.org\\\/symposium-agenda\\\/#primaryimage\",\"url\":\"https:\\\/\\\/climatetoolkit.org\\\/wp-content\\\/uploads\\\/2025\\\/10\\\/symposium_2-1024x614.jpg\",\"contentUrl\":\"https:\\\/\\\/climatetoolkit.org\\\/wp-content\\\/uploads\\\/2025\\\/10\\\/symposium_2-1024x614.jpg\"},{\"@type\":\"BreadcrumbList\",\"@id\":\"https:\\\/\\\/climatetoolkit.org\\\/symposium-agenda\\\/#breadcrumb\",\"itemListElement\":[{\"@type\":\"ListItem\",\"position\":1,\"name\":\"Home\",\"item\":\"https:\\\/\\\/climatetoolkit.org\\\/\"},{\"@type\":\"ListItem\",\"position\":2,\"name\":\"Symposium Agenda\"}]},{\"@type\":\"WebSite\",\"@id\":\"https:\\\/\\\/climatetoolkit.org\\\/#website\",\"url\":\"https:\\\/\\\/climatetoolkit.org\\\/\",\"name\":\"The Climate Toolkit\",\"description\":\"For Museums, Gardens and Zoos\",\"publisher\":{\"@id\":\"https:\\\/\\\/climatetoolkit.org\\\/#organization\"},\"potentialAction\":[{\"@type\":\"SearchAction\",\"target\":{\"@type\":\"EntryPoint\",\"urlTemplate\":\"https:\\\/\\\/climatetoolkit.org\\\/?s={search_term_string}\"},\"query-input\":{\"@type\":\"PropertyValueSpecification\",\"valueRequired\":true,\"valueName\":\"search_term_string\"}}],\"inLanguage\":\"fr-FR\"},{\"@type\":\"Organization\",\"@id\":\"https:\\\/\\\/climatetoolkit.org\\\/#organization\",\"name\":\"The Climate Toolkit\",\"url\":\"https:\\\/\\\/climatetoolkit.org\\\/\",\"logo\":{\"@type\":\"ImageObject\",\"inLanguage\":\"fr-FR\",\"@id\":\"https:\\\/\\\/climatetoolkit.org\\\/#\\\/schema\\\/logo\\\/image\\\/\",\"url\":\"https:\\\/\\\/climatetoolkit.org\\\/wp-content\\\/uploads\\\/2020\\\/05\\\/C_logo.png\",\"contentUrl\":\"https:\\\/\\\/climatetoolkit.org\\\/wp-content\\\/uploads\\\/2020\\\/05\\\/C_logo.png\",\"width\":512,\"height\":512,\"caption\":\"The Climate Toolkit\"},\"image\":{\"@id\":\"https:\\\/\\\/climatetoolkit.org\\\/#\\\/schema\\\/logo\\\/image\\\/\"}}]}<\/script>\n<!-- \/ Yoast SEO plugin. -->","yoast_head_json":{"title":"Ordre du jour du symposium - La bo\u00eete \u00e0 outils du climat","robots":{"index":"index","follow":"follow","max-snippet":"max-snippet:-1","max-image-preview":"max-image-preview:large","max-video-preview":"max-video-preview:-1"},"canonical":"https:\/\/climatetoolkit.org\/fr\/symposium-agenda\/","og_locale":"fr_FR","og_type":"article","og_title":"Symposium Agenda - The Climate Toolkit","og_description":"Climate Toolkit Symposium Agenda Opening Evening Reception SUN., OCT. 26, 6 \u2013 9 P.M. \ud83c\udf34 Welcome to the Symposium! Held against the backdrop of Phipps Conservatory&#8217;s lush Tropical Forest Panama exhibit and Special Events Hall, this welcoming event will feature &hellip; Symposium Agenda Read More &raquo;","og_url":"https:\/\/climatetoolkit.org\/fr\/symposium-agenda\/","og_site_name":"The Climate Toolkit","article_modified_time":"2025-10-17T18:24:16+00:00","og_image":[{"width":2100,"height":1260,"url":"https:\/\/climatetoolkit.org\/wp-content\/uploads\/2025\/10\/symposium_2.jpg","type":"image\/jpeg"}],"twitter_card":"summary_large_image","twitter_misc":{"Dur\u00e9e de lecture estim\u00e9e":"5 minutes"},"schema":{"@context":"https:\/\/schema.org","@graph":[{"@type":"WebPage","@id":"https:\/\/climatetoolkit.org\/symposium-agenda\/","url":"https:\/\/climatetoolkit.org\/symposium-agenda\/","name":"Ordre du jour du symposium - La bo\u00eete \u00e0 outils du climat","isPartOf":{"@id":"https:\/\/climatetoolkit.org\/#website"},"primaryImageOfPage":{"@id":"https:\/\/climatetoolkit.org\/symposium-agenda\/#primaryimage"},"image":{"@id":"https:\/\/climatetoolkit.org\/symposium-agenda\/#primaryimage"},"thumbnailUrl":"https:\/\/climatetoolkit.org\/wp-content\/uploads\/2025\/10\/symposium_2-1024x614.jpg","datePublished":"2025-08-01T17:42:19+00:00","dateModified":"2025-10-17T18:24:16+00:00","breadcrumb":{"@id":"https:\/\/climatetoolkit.org\/symposium-agenda\/#breadcrumb"},"inLanguage":"fr-FR","potentialAction":[{"@type":"ReadAction","target":["https:\/\/climatetoolkit.org\/symposium-agenda\/"]}]},{"@type":"ImageObject","inLanguage":"fr-FR","@id":"https:\/\/climatetoolkit.org\/symposium-agenda\/#primaryimage","url":"https:\/\/climatetoolkit.org\/wp-content\/uploads\/2025\/10\/symposium_2-1024x614.jpg","contentUrl":"https:\/\/climatetoolkit.org\/wp-content\/uploads\/2025\/10\/symposium_2-1024x614.jpg"},{"@type":"BreadcrumbList","@id":"https:\/\/climatetoolkit.org\/symposium-agenda\/#breadcrumb","itemListElement":[{"@type":"ListItem","position":1,"name":"Home","item":"https:\/\/climatetoolkit.org\/"},{"@type":"ListItem","position":2,"name":"Symposium Agenda"}]},{"@type":"WebSite","@id":"https:\/\/climatetoolkit.org\/#website","url":"https:\/\/climatetoolkit.org\/","name":"La bo\u00eete \u00e0 outils sur le climat","description":"Pour les mus\u00e9es, les jardins et les zoos","publisher":{"@id":"https:\/\/climatetoolkit.org\/#organization"},"potentialAction":[{"@type":"SearchAction","target":{"@type":"EntryPoint","urlTemplate":"https:\/\/climatetoolkit.org\/?s={search_term_string}"},"query-input":{"@type":"PropertyValueSpecification","valueRequired":true,"valueName":"search_term_string"}}],"inLanguage":"fr-FR"},{"@type":"Organization","@id":"https:\/\/climatetoolkit.org\/#organization","name":"La bo\u00eete \u00e0 outils sur le climat","url":"https:\/\/climatetoolkit.org\/","logo":{"@type":"ImageObject","inLanguage":"fr-FR","@id":"https:\/\/climatetoolkit.org\/#\/schema\/logo\/image\/","url":"https:\/\/climatetoolkit.org\/wp-content\/uploads\/2020\/05\/C_logo.png","contentUrl":"https:\/\/climatetoolkit.org\/wp-content\/uploads\/2020\/05\/C_logo.png","width":512,"height":512,"caption":"The Climate Toolkit"},"image":{"@id":"https:\/\/climatetoolkit.org\/#\/schema\/logo\/image\/"}}]}},"coauthors":[],"author_meta":{"author_link":"https:\/\/climatetoolkit.org\/fr\/author\/joe\/","display_name":"joe reed"},"relative_dates":{"created":"Publi\u00e9 8 mois il y a","modified":"Mis \u00e0 jour 6 mois il y a"},"absolute_dates":{"created":"Publi\u00e9 le ao\u00fbt 1, 2025","modified":"Mise \u00e0 jour le octobre 17, 2025"},"absolute_dates_time":{"created":"Publi\u00e9 le ao\u00fbt 1, 2025 1:42 pm","modified":"Mise \u00e0 jour le octobre 17, 2025 2:24 pm"},"featured_img_caption":"","featured_img":false,"series_order":"","_links":{"self":[{"href":"https:\/\/climatetoolkit.org\/fr\/wp-json\/wp\/v2\/pages\/4586","targetHints":{"allow":["GET"]}}],"collection":[{"href":"https:\/\/climatetoolkit.org\/fr\/wp-json\/wp\/v2\/pages"}],"about":[{"href":"https:\/\/climatetoolkit.org\/fr\/wp-json\/wp\/v2\/types\/page"}],"author":[{"embeddable":true,"href":"https:\/\/climatetoolkit.org\/fr\/wp-json\/wp\/v2\/users\/2"}],"replies":[{"embeddable":true,"href":"https:\/\/climatetoolkit.org\/fr\/wp-json\/wp\/v2\/comments?post=4586"}],"version-history":[{"count":100,"href":"https:\/\/climatetoolkit.org\/fr\/wp-json\/wp\/v2\/pages\/4586\/revisions"}],"predecessor-version":[{"id":4985,"href":"https:\/\/climatetoolkit.org\/fr\/wp-json\/wp\/v2\/pages\/4586\/revisions\/4985"}],"wp:attachment":[{"href":"https:\/\/climatetoolkit.org\/fr\/wp-json\/wp\/v2\/media?parent=4586"}],"curies":[{"name":"wp","href":"https:\/\/api.w.org\/{rel}","templated":true}]}}