{"id":4036,"date":"2024-12-12T15:43:28","date_gmt":"2024-12-12T20:43:28","guid":{"rendered":"https:\/\/climatetoolkit.org\/?page_id=4036"},"modified":"2024-12-18T19:12:08","modified_gmt":"2024-12-19T00:12:08","slug":"climate-toolkit-working-groups","status":"publish","type":"page","link":"https:\/\/climatetoolkit.org\/fr\/climate-toolkit-working-groups\/","title":{"rendered":"Groupes de travail"},"content":{"rendered":"<div class=\"wp-block-image\">\n<figure class=\"aligncenter size-large is-resized\"><img decoding=\"async\" width=\"1024\" height=\"512\" src=\"https:\/\/climatetoolkit.org\/wp-content\/uploads\/2024\/12\/working-groups-1024x512.jpg\" alt=\"\" class=\"wp-image-4049\" style=\"width:768px\" srcset=\"https:\/\/climatetoolkit.org\/wp-content\/uploads\/2024\/12\/working-groups-1024x512.jpg 1024w, https:\/\/climatetoolkit.org\/wp-content\/uploads\/2024\/12\/working-groups-300x150.jpg 300w, https:\/\/climatetoolkit.org\/wp-content\/uploads\/2024\/12\/working-groups-768x384.jpg 768w, https:\/\/climatetoolkit.org\/wp-content\/uploads\/2024\/12\/working-groups-18x9.jpg 18w, https:\/\/climatetoolkit.org\/wp-content\/uploads\/2024\/12\/working-groups-450x225.jpg 450w, https:\/\/climatetoolkit.org\/wp-content\/uploads\/2024\/12\/working-groups-100x50.jpg 100w, https:\/\/climatetoolkit.org\/wp-content\/uploads\/2024\/12\/working-groups-150x75.jpg 150w, https:\/\/climatetoolkit.org\/wp-content\/uploads\/2024\/12\/working-groups-200x100.jpg 200w, https:\/\/climatetoolkit.org\/wp-content\/uploads\/2024\/12\/working-groups-600x300.jpg 600w, https:\/\/climatetoolkit.org\/wp-content\/uploads\/2024\/12\/working-groups-900x450.jpg 900w, https:\/\/climatetoolkit.org\/wp-content\/uploads\/2024\/12\/working-groups.jpg 1494w\" sizes=\"(max-width: 1024px) 100vw, 1024px\" \/><\/figure>\n<\/div>\n\n\n<p>Les groupes de travail de la bo\u00eete \u00e0 outils sur le climat offrent des possibilit\u00e9s d'apprentissage approfondi et d'engagement entre pairs sur des sujets climatiques particuliers. Les groupes de travail de la bo\u00eete \u00e0 outils naissent organiquement des besoins de nos institutions membres et sont structur\u00e9s comme suit <a href=\"https:\/\/www.communityofpractice.ca\/background\/what-is-a-community-of-practice\/\">communaut\u00e9s de pratique<\/a>.<\/p>\n\n\n\n<p>Une communaut\u00e9 de pratique pr\u00e9sente g\u00e9n\u00e9ralement trois caract\u00e9ristiques communes :<\/p>\n\n\n\n<ul class=\"wp-block-list\">\n<li><strong>Domaine<\/strong>: Les membres de la communaut\u00e9 partagent un domaine d'int\u00e9r\u00eat, de comp\u00e9tence et d'engagement. Ce domaine commun cr\u00e9e un terrain d'entente, une participation, un apprentissage guid\u00e9 et une action significative.<\/li>\n\n\n\n<li><strong>Communaut\u00e9<\/strong>: Les membres de la communaut\u00e9 poursuivent leur domaine d'int\u00e9r\u00eat par l'interactivit\u00e9, la discussion, la r\u00e9solution de probl\u00e8mes, le partage d'informations et l'\u00e9tablissement de relations, ce qui favorise l'apprentissage collectif et la volont\u00e9 de partager des id\u00e9es. <\/li>\n\n\n\n<li><strong>Pratique<\/strong>: Les membres de la communaut\u00e9 deviennent des praticiens actifs dans le domaine qui les int\u00e9resse, en \u00e9laborant un ensemble de ressources et d'id\u00e9es collectives qui peuvent \u00eatre partag\u00e9es avec l'ensemble de la communaut\u00e9 engag\u00e9e. <\/li>\n<\/ul>\n\n\n\n<p>Les groupes de travail interactifs de la bo\u00eete \u00e0 outils sont des espaces permettant aux professionnels de la culture d'approfondir des sujets d'int\u00e9r\u00eat mutuel tout en cr\u00e9ant des collaborations qui conduisent le domaine vers des solutions climatiques innovantes. La bo\u00eete \u00e0 outils h\u00e9berge actuellement quatre groupes de travail actifs. D\u00e9couvrez les opportunit\u00e9s ci-dessous et inscrivez-vous pour commencer :<\/p>\n\n\n\n<hr class=\"wp-block-separator has-alpha-channel-opacity\"\/>\n\n\n\n<h2 class=\"wp-block-heading\" id=\"electrification\">\u00c9lectrification<\/h2>\n\n\n\n<p><strong><a href=\"https:\/\/gaggle.email\/join\/ev-working-group@gaggle.email\">Le groupe de travail sur l'\u00e9lectrification<\/a><\/strong><em> <\/em>Le groupe d'\u00e9lectrification examine tous les aspects et toutes les possibilit\u00e9s de transition entre les \u00e9quipements d'am\u00e9nagement paysager, les v\u00e9hicules de flotte et les syst\u00e8mes de chauffage, de ventilation et de climatisation des b\u00e2timents utilisant des combustibles fossiles et les alternatives \u00e9lectriques. Cofond\u00e9 par l'Arboretum Morton, le groupe sur l'\u00e9lectrification est le groupe de travail le plus ancien de la bo\u00eete \u00e0 outils. Il rassemble des experts et des acteurs des mus\u00e9es pour explorer les tondeuses \u00e9lectriques autonomes, les v\u00e9hicules utilitaires, les tracteurs \u00e9lectriques et les strat\u00e9gies de financement de l'\u00e9nergie propre. Les principales institutions qui collaborent au sein de ce groupe sont le Santa Barbara Botanic Garden, Filoli House &amp; Gardens, Bernheim Arboretum, Smithsonian Institute, Cincinnati Art Museum, Mt Cuba Center, Holden Forests, Duke Farms, et d'autres encore.<\/p>\n\n\n\n<div class=\"wp-block-buttons is-layout-flex wp-block-buttons-is-layout-flex\">\n<div class=\"wp-block-button has-custom-font-size\" style=\"font-size:14px\"><a class=\"wp-block-button__link has-luminous-vivid-amber-background-color has-background wp-element-button\" href=\"https:\/\/gaggle.email\/join\/ev-working-group@gaggle.email\">Rejoignez le groupe de travail sur l'\u00e9lectrification<\/a><\/div>\n<\/div>\n\n\n\n<hr class=\"wp-block-separator has-alpha-channel-opacity\"\/>\n\n\n\n<h2 class=\"wp-block-heading\" id=\"decarbonization\">D\u00e9carbonisation des serres<\/h2>\n\n\n\n<p><strong><a href=\"https:\/\/gaggle.email\/join\/glasshouse-decarbonization@gaggle.email\">Le groupe de travail sur la d\u00e9carbonisation des serres<\/a><\/strong><em> <\/em>est une opportunit\u00e9 globale pour les jardins botaniques et les mus\u00e9es poss\u00e9dant des serres et des conservatoires historiques d'\u00e9changer des ressources et des exp\u00e9riences en mati\u00e8re de strat\u00e9gies de d\u00e9carbonisation. Les serres sont notoirement des structures \u00e9nergivores et inefficaces - au sein de ce groupe se trouve une r\u00e9elle opportunit\u00e9 d'innover dans le domaine et de diffuser des solutions de d\u00e9carbonisation qui ont rarement \u00e9t\u00e9 explor\u00e9es dans cet espace, y compris la g\u00e9othermie, les pompes \u00e0 chaleur \u00e9lectriques, le chauffage par rayonnement \u00e0 partir du sol, le solaire thermique, et plus encore. Le comit\u00e9 de pilotage de la d\u00e9carbonisation comprend les Royal Botanic Gardens Kew, les Royal Botanic Gardens Edinburgh et le World Monuments Fund, avec la participation institutionnelle des New York Botanical Garden, Chihuly Gardens &amp; Glass, Atlanta Botanical Garden, Historic New England, et d'autres.\u00a0\u00a0<\/p>\n\n\n\n<div class=\"wp-block-buttons is-layout-flex wp-block-buttons-is-layout-flex\">\n<div class=\"wp-block-button has-custom-font-size\" style=\"font-size:14px\"><a class=\"wp-block-button__link has-luminous-vivid-amber-background-color has-background wp-element-button\" href=\"https:\/\/gaggle.email\/join\/glasshouse-decarbonization@gaggle.email\">Rejoignez le groupe de travail sur la d\u00e9carbonisation de la serre<\/a><\/div>\n<\/div>\n\n\n\n<hr class=\"wp-block-separator has-alpha-channel-opacity\"\/>\n\n\n\n<h2 class=\"wp-block-heading\" id=\"youth\">R\u00e9seau de la jeunesse<\/h2>\n\n\n\n<p><strong><a href=\"https:\/\/climatetoolkit.org\/fr\/youth\/join-us\/\">R\u00e9seau des jeunes de la bo\u00eete \u00e0 outils sur le climat<\/a><\/strong> sert de r\u00e9seau de ressources et de connecteurs pour les mus\u00e9es et les institutions culturelles qui ont actuellement des groupes de jeunes actifs sur le climat ou qui sont int\u00e9ress\u00e9s par la cr\u00e9ation de tels groupes. Inspir\u00e9 du Climate Toolkit, le CTYN est un espace d\u00e9di\u00e9 aux groupes de jeunes qui leur permet de se connecter les uns aux autres, d'\u00e9changer des \u00e9tudes de cas, de l'inspiration positive pour le climat, des ressources et, de mani\u00e8re g\u00e9n\u00e9rale, d'agir comme un espace de soutien pour le travail des jeunes sur le climat. Le CTYN cr\u00e9e \u00e9galement une plateforme pour le personnel qui travaille avec des groupes de jeunes afin d'\u00e9changer les meilleures pratiques en mati\u00e8re d'alli\u00e9 adulte-jeune, de discuter des possibilit\u00e9s de financement, de partager des ressources et des outils, et de former des partenariats. Le CTYN permet aux groupes de jeunes comme YCAC d'avoir un impact plus important en amplifiant leur travail et en permettant une collaboration solide entre les jeunes et le personnel.\u00a0<\/p>\n\n\n\n<div class=\"wp-block-buttons is-layout-flex wp-block-buttons-is-layout-flex\">\n<div class=\"wp-block-button has-custom-font-size\" style=\"font-size:14px\"><a class=\"wp-block-button__link has-luminous-vivid-amber-background-color has-background wp-element-button\" href=\"https:\/\/climatetoolkit.org\/fr\/youth\/join-us\/\">Rejoignez le r\u00e9seau des jeunes du Climate Toolkit<\/a><\/div>\n<\/div>\n\n\n\n<hr class=\"wp-block-separator has-alpha-channel-opacity\"\/>\n\n\n\n<h2 class=\"wp-block-heading\" id=\"interpretation\">Climat et interpr\u00e9tation<\/h2>\n\n\n\n<p><strong>Le groupe de travail sur le climat et l'interpr\u00e9tation<\/strong><em> <\/em>est le groupe de travail le plus r\u00e9cent de la bo\u00eete \u00e0 outils et vise \u00e0 rassembler un comit\u00e9 directeur solide d'experts en interpr\u00e9tation du climat provenant du Climate Museum, des jardins botaniques de Denver, du mus\u00e9e d'Anchorage, du Museum of Contemporary Arts (MOCA) Los Angeles, du Natural History Museum of Utah, de Science World, du National Aquarium et d'ailleurs, afin de discuter des collaborations interinstitutionnelles en mati\u00e8re de messages et d'interventions sur le climat dans les espaces d'exposition.<\/p>\n\n\n\n<p><em>Ce groupe de travail sera bient\u00f4t ouvert \u00e0 la participation.<\/em><\/p>\n\n\n\n<hr class=\"wp-block-separator has-alpha-channel-opacity\"\/>\n\n\n\n<p>Vous cherchez des occasions d'explorer d'autres domaines d'int\u00e9r\u00eat ou d'autres engagements en mati\u00e8re de climat qui n'ont pas \u00e9t\u00e9 pris en compte dans les groupes ci-dessus ? <strong><a href=\"mailto:climatetoolkit@phipps.conservatory.org\">Contact par courrier \u00e9lectronique<\/a><\/strong> et entamons une conversation !<\/p>\n\n\n\n<p><\/p>","protected":false},"excerpt":{"rendered":"<p>Les groupes de travail de la bo\u00eete \u00e0 outils sur le climat offrent des possibilit\u00e9s d'apprentissage approfondi et d'engagement entre pairs sur des sujets climatiques particuliers. Les groupes de travail du Toolkit naissent organiquement des besoins de nos institutions membres et sont structur\u00e9s comme des communaut\u00e9s de pratique. Une communaut\u00e9 de pratique ...<\/p>\n<p class=\"read-more\"> <a class=\"\" href=\"https:\/\/climatetoolkit.org\/fr\/climate-toolkit-working-groups\/\"> <span class=\"screen-reader-text\">Groupes de travail<\/span> Lire la suite \"<\/a><\/p>","protected":false},"author":2,"featured_media":0,"parent":0,"menu_order":0,"comment_status":"closed","ping_status":"closed","template":"","meta":{"_acf_changed":false,"inline_featured_image":false,"advgb_blocks_editor_width":"","advgb_blocks_columns_visual_guide":"","footnotes":""},"class_list":["post-4036","page","type-page","status-publish","hentry"],"acf":[],"yoast_head":"<!-- This site is optimized with the Yoast SEO plugin v27.4 - https:\/\/yoast.com\/product\/yoast-seo-wordpress\/ -->\n<title>Working Groups - The Climate Toolkit<\/title>\n<meta name=\"robots\" content=\"index, follow, max-snippet:-1, max-image-preview:large, max-video-preview:-1\" \/>\n<link rel=\"canonical\" href=\"https:\/\/climatetoolkit.org\/fr\/climate-toolkit-working-groups\/\" \/>\n<meta property=\"og:locale\" content=\"fr_FR\" \/>\n<meta property=\"og:type\" content=\"article\" \/>\n<meta property=\"og:title\" content=\"Working Groups - The Climate Toolkit\" \/>\n<meta property=\"og:description\" content=\"Climate Toolkit Working Groups provide opportunities for deeper learning and peer-to-peer engagement around particular climate topics. Toolkit Working Groups arise organically through the needs of our member institutions and are structured as communities of practice. A community of practice typically &hellip; Working Groups Read More &raquo;\" \/>\n<meta property=\"og:url\" content=\"https:\/\/climatetoolkit.org\/fr\/climate-toolkit-working-groups\/\" \/>\n<meta property=\"og:site_name\" content=\"The Climate Toolkit\" \/>\n<meta property=\"article:modified_time\" content=\"2024-12-19T00:12:08+00:00\" \/>\n<meta property=\"og:image\" content=\"https:\/\/climatetoolkit.org\/wp-content\/uploads\/2024\/12\/working-groups.jpg\" \/>\n\t<meta property=\"og:image:width\" content=\"1494\" \/>\n\t<meta property=\"og:image:height\" content=\"747\" \/>\n\t<meta property=\"og:image:type\" content=\"image\/jpeg\" \/>\n<meta name=\"twitter:card\" content=\"summary_large_image\" \/>\n<meta name=\"twitter:label1\" content=\"Dur\u00e9e de lecture estim\u00e9e\" \/>\n\t<meta name=\"twitter:data1\" content=\"4 minutes\" \/>\n<script type=\"application\/ld+json\" class=\"yoast-schema-graph\">{\"@context\":\"https:\\\/\\\/schema.org\",\"@graph\":[{\"@type\":\"WebPage\",\"@id\":\"https:\\\/\\\/climatetoolkit.org\\\/climate-toolkit-working-groups\\\/\",\"url\":\"https:\\\/\\\/climatetoolkit.org\\\/climate-toolkit-working-groups\\\/\",\"name\":\"Working Groups - The Climate Toolkit\",\"isPartOf\":{\"@id\":\"https:\\\/\\\/climatetoolkit.org\\\/#website\"},\"primaryImageOfPage\":{\"@id\":\"https:\\\/\\\/climatetoolkit.org\\\/climate-toolkit-working-groups\\\/#primaryimage\"},\"image\":{\"@id\":\"https:\\\/\\\/climatetoolkit.org\\\/climate-toolkit-working-groups\\\/#primaryimage\"},\"thumbnailUrl\":\"https:\\\/\\\/climatetoolkit.org\\\/wp-content\\\/uploads\\\/2024\\\/12\\\/working-groups-1024x512.jpg\",\"datePublished\":\"2024-12-12T20:43:28+00:00\",\"dateModified\":\"2024-12-19T00:12:08+00:00\",\"breadcrumb\":{\"@id\":\"https:\\\/\\\/climatetoolkit.org\\\/climate-toolkit-working-groups\\\/#breadcrumb\"},\"inLanguage\":\"fr-FR\",\"potentialAction\":[{\"@type\":\"ReadAction\",\"target\":[\"https:\\\/\\\/climatetoolkit.org\\\/climate-toolkit-working-groups\\\/\"]}]},{\"@type\":\"ImageObject\",\"inLanguage\":\"fr-FR\",\"@id\":\"https:\\\/\\\/climatetoolkit.org\\\/climate-toolkit-working-groups\\\/#primaryimage\",\"url\":\"https:\\\/\\\/climatetoolkit.org\\\/wp-content\\\/uploads\\\/2024\\\/12\\\/working-groups-1024x512.jpg\",\"contentUrl\":\"https:\\\/\\\/climatetoolkit.org\\\/wp-content\\\/uploads\\\/2024\\\/12\\\/working-groups-1024x512.jpg\"},{\"@type\":\"BreadcrumbList\",\"@id\":\"https:\\\/\\\/climatetoolkit.org\\\/climate-toolkit-working-groups\\\/#breadcrumb\",\"itemListElement\":[{\"@type\":\"ListItem\",\"position\":1,\"name\":\"Home\",\"item\":\"https:\\\/\\\/climatetoolkit.org\\\/\"},{\"@type\":\"ListItem\",\"position\":2,\"name\":\"Working Groups\"}]},{\"@type\":\"WebSite\",\"@id\":\"https:\\\/\\\/climatetoolkit.org\\\/#website\",\"url\":\"https:\\\/\\\/climatetoolkit.org\\\/\",\"name\":\"The Climate Toolkit\",\"description\":\"For Museums, Gardens and Zoos\",\"publisher\":{\"@id\":\"https:\\\/\\\/climatetoolkit.org\\\/#organization\"},\"potentialAction\":[{\"@type\":\"SearchAction\",\"target\":{\"@type\":\"EntryPoint\",\"urlTemplate\":\"https:\\\/\\\/climatetoolkit.org\\\/?s={search_term_string}\"},\"query-input\":{\"@type\":\"PropertyValueSpecification\",\"valueRequired\":true,\"valueName\":\"search_term_string\"}}],\"inLanguage\":\"fr-FR\"},{\"@type\":\"Organization\",\"@id\":\"https:\\\/\\\/climatetoolkit.org\\\/#organization\",\"name\":\"The Climate Toolkit\",\"url\":\"https:\\\/\\\/climatetoolkit.org\\\/\",\"logo\":{\"@type\":\"ImageObject\",\"inLanguage\":\"fr-FR\",\"@id\":\"https:\\\/\\\/climatetoolkit.org\\\/#\\\/schema\\\/logo\\\/image\\\/\",\"url\":\"https:\\\/\\\/climatetoolkit.org\\\/wp-content\\\/uploads\\\/2020\\\/05\\\/C_logo.png\",\"contentUrl\":\"https:\\\/\\\/climatetoolkit.org\\\/wp-content\\\/uploads\\\/2020\\\/05\\\/C_logo.png\",\"width\":512,\"height\":512,\"caption\":\"The Climate Toolkit\"},\"image\":{\"@id\":\"https:\\\/\\\/climatetoolkit.org\\\/#\\\/schema\\\/logo\\\/image\\\/\"}}]}<\/script>\n<!-- \/ Yoast SEO plugin. -->","yoast_head_json":{"title":"Groupes de travail - La bo\u00eete \u00e0 outils sur le climat","robots":{"index":"index","follow":"follow","max-snippet":"max-snippet:-1","max-image-preview":"max-image-preview:large","max-video-preview":"max-video-preview:-1"},"canonical":"https:\/\/climatetoolkit.org\/fr\/climate-toolkit-working-groups\/","og_locale":"fr_FR","og_type":"article","og_title":"Working Groups - The Climate Toolkit","og_description":"Climate Toolkit Working Groups provide opportunities for deeper learning and peer-to-peer engagement around particular climate topics. Toolkit Working Groups arise organically through the needs of our member institutions and are structured as communities of practice. A community of practice typically &hellip; Working Groups Read More &raquo;","og_url":"https:\/\/climatetoolkit.org\/fr\/climate-toolkit-working-groups\/","og_site_name":"The Climate Toolkit","article_modified_time":"2024-12-19T00:12:08+00:00","og_image":[{"width":1494,"height":747,"url":"https:\/\/climatetoolkit.org\/wp-content\/uploads\/2024\/12\/working-groups.jpg","type":"image\/jpeg"}],"twitter_card":"summary_large_image","twitter_misc":{"Dur\u00e9e de lecture estim\u00e9e":"4 minutes"},"schema":{"@context":"https:\/\/schema.org","@graph":[{"@type":"WebPage","@id":"https:\/\/climatetoolkit.org\/climate-toolkit-working-groups\/","url":"https:\/\/climatetoolkit.org\/climate-toolkit-working-groups\/","name":"Groupes de travail - La bo\u00eete \u00e0 outils sur le climat","isPartOf":{"@id":"https:\/\/climatetoolkit.org\/#website"},"primaryImageOfPage":{"@id":"https:\/\/climatetoolkit.org\/climate-toolkit-working-groups\/#primaryimage"},"image":{"@id":"https:\/\/climatetoolkit.org\/climate-toolkit-working-groups\/#primaryimage"},"thumbnailUrl":"https:\/\/climatetoolkit.org\/wp-content\/uploads\/2024\/12\/working-groups-1024x512.jpg","datePublished":"2024-12-12T20:43:28+00:00","dateModified":"2024-12-19T00:12:08+00:00","breadcrumb":{"@id":"https:\/\/climatetoolkit.org\/climate-toolkit-working-groups\/#breadcrumb"},"inLanguage":"fr-FR","potentialAction":[{"@type":"ReadAction","target":["https:\/\/climatetoolkit.org\/climate-toolkit-working-groups\/"]}]},{"@type":"ImageObject","inLanguage":"fr-FR","@id":"https:\/\/climatetoolkit.org\/climate-toolkit-working-groups\/#primaryimage","url":"https:\/\/climatetoolkit.org\/wp-content\/uploads\/2024\/12\/working-groups-1024x512.jpg","contentUrl":"https:\/\/climatetoolkit.org\/wp-content\/uploads\/2024\/12\/working-groups-1024x512.jpg"},{"@type":"BreadcrumbList","@id":"https:\/\/climatetoolkit.org\/climate-toolkit-working-groups\/#breadcrumb","itemListElement":[{"@type":"ListItem","position":1,"name":"Home","item":"https:\/\/climatetoolkit.org\/"},{"@type":"ListItem","position":2,"name":"Working Groups"}]},{"@type":"WebSite","@id":"https:\/\/climatetoolkit.org\/#website","url":"https:\/\/climatetoolkit.org\/","name":"La bo\u00eete \u00e0 outils sur le climat","description":"Pour les mus\u00e9es, les jardins et les zoos","publisher":{"@id":"https:\/\/climatetoolkit.org\/#organization"},"potentialAction":[{"@type":"SearchAction","target":{"@type":"EntryPoint","urlTemplate":"https:\/\/climatetoolkit.org\/?s={search_term_string}"},"query-input":{"@type":"PropertyValueSpecification","valueRequired":true,"valueName":"search_term_string"}}],"inLanguage":"fr-FR"},{"@type":"Organization","@id":"https:\/\/climatetoolkit.org\/#organization","name":"La bo\u00eete \u00e0 outils sur le climat","url":"https:\/\/climatetoolkit.org\/","logo":{"@type":"ImageObject","inLanguage":"fr-FR","@id":"https:\/\/climatetoolkit.org\/#\/schema\/logo\/image\/","url":"https:\/\/climatetoolkit.org\/wp-content\/uploads\/2020\/05\/C_logo.png","contentUrl":"https:\/\/climatetoolkit.org\/wp-content\/uploads\/2020\/05\/C_logo.png","width":512,"height":512,"caption":"The Climate Toolkit"},"image":{"@id":"https:\/\/climatetoolkit.org\/#\/schema\/logo\/image\/"}}]}},"coauthors":[],"author_meta":{"author_link":"https:\/\/climatetoolkit.org\/fr\/author\/joe\/","display_name":"joe reed"},"relative_dates":{"created":"Publi\u00e9 1 an il y a","modified":"Mis \u00e0 jour 1 an il y a"},"absolute_dates":{"created":"Publi\u00e9 le d\u00e9cembre 12, 2024","modified":"Mise \u00e0 jour le d\u00e9cembre 18, 2024"},"absolute_dates_time":{"created":"Publi\u00e9 le d\u00e9cembre 12, 2024 3:43 pm","modified":"Mise \u00e0 jour le d\u00e9cembre 18, 2024 7:12 pm"},"featured_img_caption":"","featured_img":false,"series_order":"","_links":{"self":[{"href":"https:\/\/climatetoolkit.org\/fr\/wp-json\/wp\/v2\/pages\/4036","targetHints":{"allow":["GET"]}}],"collection":[{"href":"https:\/\/climatetoolkit.org\/fr\/wp-json\/wp\/v2\/pages"}],"about":[{"href":"https:\/\/climatetoolkit.org\/fr\/wp-json\/wp\/v2\/types\/page"}],"author":[{"embeddable":true,"href":"https:\/\/climatetoolkit.org\/fr\/wp-json\/wp\/v2\/users\/2"}],"replies":[{"embeddable":true,"href":"https:\/\/climatetoolkit.org\/fr\/wp-json\/wp\/v2\/comments?post=4036"}],"version-history":[{"count":17,"href":"https:\/\/climatetoolkit.org\/fr\/wp-json\/wp\/v2\/pages\/4036\/revisions"}],"predecessor-version":[{"id":4067,"href":"https:\/\/climatetoolkit.org\/fr\/wp-json\/wp\/v2\/pages\/4036\/revisions\/4067"}],"wp:attachment":[{"href":"https:\/\/climatetoolkit.org\/fr\/wp-json\/wp\/v2\/media?parent=4036"}],"curies":[{"name":"wp","href":"https:\/\/api.w.org\/{rel}","templated":true}]}}