{"id":2477,"date":"2023-08-24T12:51:57","date_gmt":"2023-08-24T16:51:57","guid":{"rendered":"https:\/\/climatetoolkit.org\/?page_id=2477"},"modified":"2023-08-24T12:54:04","modified_gmt":"2023-08-24T16:54:04","slug":"aam","status":"publish","type":"page","link":"https:\/\/climatetoolkit.org\/fr\/aam\/","title":{"rendered":"Alliance am\u00e9ricaine des mus\u00e9es (AAM)"},"content":{"rendered":"<div class=\"wp-block-image\">\n<figure class=\"aligncenter size-large is-resized\"><img decoding=\"async\" src=\"https:\/\/climatetoolkit.org\/wp-content\/uploads\/2023\/08\/AAM-1024x462.png\" alt=\"\" class=\"wp-image-2478\" width=\"512\" height=\"231\" srcset=\"https:\/\/climatetoolkit.org\/wp-content\/uploads\/2023\/08\/AAM-1024x462.png 1024w, https:\/\/climatetoolkit.org\/wp-content\/uploads\/2023\/08\/AAM-300x135.png 300w, https:\/\/climatetoolkit.org\/wp-content\/uploads\/2023\/08\/AAM-768x346.png 768w, https:\/\/climatetoolkit.org\/wp-content\/uploads\/2023\/08\/AAM-1536x693.png 1536w, https:\/\/climatetoolkit.org\/wp-content\/uploads\/2023\/08\/AAM-100x45.png 100w, https:\/\/climatetoolkit.org\/wp-content\/uploads\/2023\/08\/AAM-150x68.png 150w, https:\/\/climatetoolkit.org\/wp-content\/uploads\/2023\/08\/AAM-200x90.png 200w, https:\/\/climatetoolkit.org\/wp-content\/uploads\/2023\/08\/AAM-450x203.png 450w, https:\/\/climatetoolkit.org\/wp-content\/uploads\/2023\/08\/AAM-600x271.png 600w, https:\/\/climatetoolkit.org\/wp-content\/uploads\/2023\/08\/AAM-900x406.png 900w, https:\/\/climatetoolkit.org\/wp-content\/uploads\/2023\/08\/AAM.png 1996w\" sizes=\"(max-width: 512px) 100vw, 512px\" \/><\/figure>\n<\/div>\n\n\n<p>Les <a href=\"https:\/\/www.aam-us.org\/\">Alliance am\u00e9ricaine des mus\u00e9es<\/a> (AAM) a pour mission de promouvoir des mus\u00e9es \u00e9quitables et efficaces en reliant les gens, en favorisant l'apprentissage et la communaut\u00e9, et en encourageant l'excellence mus\u00e9ale. La vision de l'AAM est celle d'un monde juste et durable, inform\u00e9 et enrichi par des mus\u00e9es prosp\u00e8res qui contribuent \u00e0 la r\u00e9silience et \u00e0 l'\u00e9quit\u00e9 de leurs communaut\u00e9s. Les valeurs de l'organisation constituent \u00e9galement une grande partie de son identit\u00e9 : le partenariat, l'acc\u00e8s et l'inclusion, le courage et l'excellence.<\/p>\n\n\n\n<p>L'AAM soutient un r\u00e9seau de plus de 35 000 mus\u00e9es et professionnels des mus\u00e9es, allant des mus\u00e9es d'art et d'histoire aux centres scientifiques et aux zoos. Elle se consacre \u00e0 la cr\u00e9ation d'un sentiment de collaboration au sein de la communaut\u00e9 par le biais de quatre priorit\u00e9s strat\u00e9giques, \u00e0 savoir l'impact social et communautaire, le DEAI et l'antiracisme, une communaut\u00e9 mus\u00e9ale compl\u00e8te et l'\u00e9quit\u00e9 au c\u0153ur de leur culture. L'AAM a \u00e9galement l'intention d'atteindre des objectifs sp\u00e9cifiques d\u00e9finis dans un cadre strat\u00e9gique de trois ans :<\/p>\n\n\n\n<ul class=\"wp-block-list\">\n<li>C\u00e9l\u00e9brer, renforcer et relier la communaut\u00e9 des professionnels des mus\u00e9es dans toute sa diversit\u00e9.<\/li>\n\n\n\n<li>Aider les professionnels des mus\u00e9es \u00e0 apprendre les uns des autres, \u00e0 g\u00e9rer les crises et \u00e0 reconstruire des institutions fortes, pertinentes et durables.<\/li>\n\n\n\n<li>Diriger le secteur mus\u00e9al pour qu'il soutienne les mus\u00e9es en tant qu'infrastructure communautaire essentielle et devienne des institutions et des partenaires communautaires plus \u00e9quitables, plus inclusifs et plus percutants.<\/li>\n\n\n\n<li>Examiner d'un \u0153il critique les programmes et les op\u00e9rations de l'AAM pour s'assurer que leurs valeurs sont respect\u00e9es.<\/li>\n<\/ul>\n\n\n\n<p>Des liens suppl\u00e9mentaires de l'American Alliance of Museums sont disponibles ci-dessous :<\/p>\n\n\n\n<ul class=\"wp-block-list\">\n<li><a href=\"https:\/\/www.aam-us.org\/programs\/center-for-the-future-of-museums\/\">Centre pour l'avenir des mus\u00e9es<\/a><\/li>\n\n\n\n<li><a href=\"https:\/\/www.aam-us.org\/category\/alliance-labs\/\">Blog de l'Alliance<\/a><\/li>\n\n\n\n<li><a href=\"https:\/\/www.aam-us.org\/programs\/museums-fostering-belonging\/\">Les mus\u00e9es favorisent l'appartenance<\/a><\/li>\n\n\n\n<li><a href=\"https:\/\/www.aam-us.org\/programs\/toolkits\/\">Bo\u00eetes \u00e0 outils et guides de l'AAM<\/a><\/li>\n\n\n\n<li><a href=\"https:\/\/www.aam-us.org\/programs\/about-aam\/professional-networks\/\">R\u00e9seaux professionnels de l'AAM<\/a><\/li>\n\n\n\n<li><a href=\"https:\/\/www.aam-us.org\/programs\/about-aam\/american-alliance-of-museums-strategic-plan\/\">Cadre strat\u00e9gique de l'AAM 2022-2025<\/a><\/li>\n<\/ul>","protected":false},"excerpt":{"rendered":"<p>La mission de l'American Alliance of Museums (AAM) est de promouvoir des mus\u00e9es \u00e9quitables et efficaces en reliant les gens, en favorisant l'apprentissage et la communaut\u00e9, et en encourageant l'excellence mus\u00e9ale. La vision de l'AAM est celle d'un monde juste et durable, inform\u00e9 et enrichi par des ...<\/p>\n<p class=\"read-more\"> <a class=\"\" href=\"https:\/\/climatetoolkit.org\/fr\/aam\/\"> <span class=\"screen-reader-text\">Alliance am\u00e9ricaine des mus\u00e9es (AAM)<\/span> Lire la suite \"<\/a><\/p>","protected":false},"author":2,"featured_media":0,"parent":0,"menu_order":0,"comment_status":"closed","ping_status":"closed","template":"","meta":{"_acf_changed":false,"inline_featured_image":false,"advgb_blocks_editor_width":"","advgb_blocks_columns_visual_guide":"","footnotes":""},"class_list":["post-2477","page","type-page","status-publish","hentry"],"acf":[],"yoast_head":"<!-- This site is optimized with the Yoast SEO plugin v27.4 - https:\/\/yoast.com\/product\/yoast-seo-wordpress\/ -->\n<title>American Alliance of Museums (AAM) - The Climate Toolkit<\/title>\n<meta name=\"robots\" content=\"index, follow, max-snippet:-1, max-image-preview:large, max-video-preview:-1\" \/>\n<link rel=\"canonical\" href=\"https:\/\/climatetoolkit.org\/fr\/aam\/\" \/>\n<meta property=\"og:locale\" content=\"fr_FR\" \/>\n<meta property=\"og:type\" content=\"article\" \/>\n<meta property=\"og:title\" content=\"American Alliance of Museums (AAM) - The Climate Toolkit\" \/>\n<meta property=\"og:description\" content=\"The American Alliance of Museums (AAM) mission is to champion equitable and impactful museums by connecting people, fostering learning and community, and nurturing museum excellence. The vision of AAM is a just and sustainable world informed and enriched by thriving &hellip; American Alliance of Museums (AAM) Read More &raquo;\" \/>\n<meta property=\"og:url\" content=\"https:\/\/climatetoolkit.org\/fr\/aam\/\" \/>\n<meta property=\"og:site_name\" content=\"The Climate Toolkit\" \/>\n<meta property=\"article:modified_time\" content=\"2023-08-24T16:54:04+00:00\" \/>\n<meta property=\"og:image\" content=\"https:\/\/climatetoolkit.org\/wp-content\/uploads\/2023\/08\/AAM-1024x462.png\" \/>\n<meta name=\"twitter:card\" content=\"summary_large_image\" \/>\n<meta name=\"twitter:label1\" content=\"Dur\u00e9e de lecture estim\u00e9e\" \/>\n\t<meta name=\"twitter:data1\" content=\"2 minutes\" \/>\n<script type=\"application\/ld+json\" class=\"yoast-schema-graph\">{\"@context\":\"https:\\\/\\\/schema.org\",\"@graph\":[{\"@type\":\"WebPage\",\"@id\":\"https:\\\/\\\/climatetoolkit.org\\\/aam\\\/\",\"url\":\"https:\\\/\\\/climatetoolkit.org\\\/aam\\\/\",\"name\":\"American Alliance of Museums (AAM) - The Climate Toolkit\",\"isPartOf\":{\"@id\":\"https:\\\/\\\/climatetoolkit.org\\\/#website\"},\"primaryImageOfPage\":{\"@id\":\"https:\\\/\\\/climatetoolkit.org\\\/aam\\\/#primaryimage\"},\"image\":{\"@id\":\"https:\\\/\\\/climatetoolkit.org\\\/aam\\\/#primaryimage\"},\"thumbnailUrl\":\"https:\\\/\\\/climatetoolkit.org\\\/wp-content\\\/uploads\\\/2023\\\/08\\\/AAM-1024x462.png\",\"datePublished\":\"2023-08-24T16:51:57+00:00\",\"dateModified\":\"2023-08-24T16:54:04+00:00\",\"breadcrumb\":{\"@id\":\"https:\\\/\\\/climatetoolkit.org\\\/aam\\\/#breadcrumb\"},\"inLanguage\":\"fr-FR\",\"potentialAction\":[{\"@type\":\"ReadAction\",\"target\":[\"https:\\\/\\\/climatetoolkit.org\\\/aam\\\/\"]}]},{\"@type\":\"ImageObject\",\"inLanguage\":\"fr-FR\",\"@id\":\"https:\\\/\\\/climatetoolkit.org\\\/aam\\\/#primaryimage\",\"url\":\"https:\\\/\\\/climatetoolkit.org\\\/wp-content\\\/uploads\\\/2023\\\/08\\\/AAM-1024x462.png\",\"contentUrl\":\"https:\\\/\\\/climatetoolkit.org\\\/wp-content\\\/uploads\\\/2023\\\/08\\\/AAM-1024x462.png\"},{\"@type\":\"BreadcrumbList\",\"@id\":\"https:\\\/\\\/climatetoolkit.org\\\/aam\\\/#breadcrumb\",\"itemListElement\":[{\"@type\":\"ListItem\",\"position\":1,\"name\":\"Home\",\"item\":\"https:\\\/\\\/climatetoolkit.org\\\/\"},{\"@type\":\"ListItem\",\"position\":2,\"name\":\"American Alliance of Museums (AAM)\"}]},{\"@type\":\"WebSite\",\"@id\":\"https:\\\/\\\/climatetoolkit.org\\\/#website\",\"url\":\"https:\\\/\\\/climatetoolkit.org\\\/\",\"name\":\"The Climate Toolkit\",\"description\":\"For Museums, Gardens and Zoos\",\"publisher\":{\"@id\":\"https:\\\/\\\/climatetoolkit.org\\\/#organization\"},\"potentialAction\":[{\"@type\":\"SearchAction\",\"target\":{\"@type\":\"EntryPoint\",\"urlTemplate\":\"https:\\\/\\\/climatetoolkit.org\\\/?s={search_term_string}\"},\"query-input\":{\"@type\":\"PropertyValueSpecification\",\"valueRequired\":true,\"valueName\":\"search_term_string\"}}],\"inLanguage\":\"fr-FR\"},{\"@type\":\"Organization\",\"@id\":\"https:\\\/\\\/climatetoolkit.org\\\/#organization\",\"name\":\"The Climate Toolkit\",\"url\":\"https:\\\/\\\/climatetoolkit.org\\\/\",\"logo\":{\"@type\":\"ImageObject\",\"inLanguage\":\"fr-FR\",\"@id\":\"https:\\\/\\\/climatetoolkit.org\\\/#\\\/schema\\\/logo\\\/image\\\/\",\"url\":\"https:\\\/\\\/climatetoolkit.org\\\/wp-content\\\/uploads\\\/2020\\\/05\\\/C_logo.png\",\"contentUrl\":\"https:\\\/\\\/climatetoolkit.org\\\/wp-content\\\/uploads\\\/2020\\\/05\\\/C_logo.png\",\"width\":512,\"height\":512,\"caption\":\"The Climate Toolkit\"},\"image\":{\"@id\":\"https:\\\/\\\/climatetoolkit.org\\\/#\\\/schema\\\/logo\\\/image\\\/\"}}]}<\/script>\n<!-- \/ Yoast SEO plugin. -->","yoast_head_json":{"title":"Alliance am\u00e9ricaine des mus\u00e9es (AAM) - La bo\u00eete \u00e0 outils sur le climat","robots":{"index":"index","follow":"follow","max-snippet":"max-snippet:-1","max-image-preview":"max-image-preview:large","max-video-preview":"max-video-preview:-1"},"canonical":"https:\/\/climatetoolkit.org\/fr\/aam\/","og_locale":"fr_FR","og_type":"article","og_title":"American Alliance of Museums (AAM) - The Climate Toolkit","og_description":"The American Alliance of Museums (AAM) mission is to champion equitable and impactful museums by connecting people, fostering learning and community, and nurturing museum excellence. The vision of AAM is a just and sustainable world informed and enriched by thriving &hellip; American Alliance of Museums (AAM) Read More &raquo;","og_url":"https:\/\/climatetoolkit.org\/fr\/aam\/","og_site_name":"The Climate Toolkit","article_modified_time":"2023-08-24T16:54:04+00:00","og_image":[{"url":"https:\/\/climatetoolkit.org\/wp-content\/uploads\/2023\/08\/AAM-1024x462.png","type":"","width":"","height":""}],"twitter_card":"summary_large_image","twitter_misc":{"Dur\u00e9e de lecture estim\u00e9e":"2 minutes"},"schema":{"@context":"https:\/\/schema.org","@graph":[{"@type":"WebPage","@id":"https:\/\/climatetoolkit.org\/aam\/","url":"https:\/\/climatetoolkit.org\/aam\/","name":"Alliance am\u00e9ricaine des mus\u00e9es (AAM) - La bo\u00eete \u00e0 outils sur le climat","isPartOf":{"@id":"https:\/\/climatetoolkit.org\/#website"},"primaryImageOfPage":{"@id":"https:\/\/climatetoolkit.org\/aam\/#primaryimage"},"image":{"@id":"https:\/\/climatetoolkit.org\/aam\/#primaryimage"},"thumbnailUrl":"https:\/\/climatetoolkit.org\/wp-content\/uploads\/2023\/08\/AAM-1024x462.png","datePublished":"2023-08-24T16:51:57+00:00","dateModified":"2023-08-24T16:54:04+00:00","breadcrumb":{"@id":"https:\/\/climatetoolkit.org\/aam\/#breadcrumb"},"inLanguage":"fr-FR","potentialAction":[{"@type":"ReadAction","target":["https:\/\/climatetoolkit.org\/aam\/"]}]},{"@type":"ImageObject","inLanguage":"fr-FR","@id":"https:\/\/climatetoolkit.org\/aam\/#primaryimage","url":"https:\/\/climatetoolkit.org\/wp-content\/uploads\/2023\/08\/AAM-1024x462.png","contentUrl":"https:\/\/climatetoolkit.org\/wp-content\/uploads\/2023\/08\/AAM-1024x462.png"},{"@type":"BreadcrumbList","@id":"https:\/\/climatetoolkit.org\/aam\/#breadcrumb","itemListElement":[{"@type":"ListItem","position":1,"name":"Home","item":"https:\/\/climatetoolkit.org\/"},{"@type":"ListItem","position":2,"name":"American Alliance of Museums (AAM)"}]},{"@type":"WebSite","@id":"https:\/\/climatetoolkit.org\/#website","url":"https:\/\/climatetoolkit.org\/","name":"La bo\u00eete \u00e0 outils sur le climat","description":"Pour les mus\u00e9es, les jardins et les zoos","publisher":{"@id":"https:\/\/climatetoolkit.org\/#organization"},"potentialAction":[{"@type":"SearchAction","target":{"@type":"EntryPoint","urlTemplate":"https:\/\/climatetoolkit.org\/?s={search_term_string}"},"query-input":{"@type":"PropertyValueSpecification","valueRequired":true,"valueName":"search_term_string"}}],"inLanguage":"fr-FR"},{"@type":"Organization","@id":"https:\/\/climatetoolkit.org\/#organization","name":"La bo\u00eete \u00e0 outils sur le climat","url":"https:\/\/climatetoolkit.org\/","logo":{"@type":"ImageObject","inLanguage":"fr-FR","@id":"https:\/\/climatetoolkit.org\/#\/schema\/logo\/image\/","url":"https:\/\/climatetoolkit.org\/wp-content\/uploads\/2020\/05\/C_logo.png","contentUrl":"https:\/\/climatetoolkit.org\/wp-content\/uploads\/2020\/05\/C_logo.png","width":512,"height":512,"caption":"The Climate Toolkit"},"image":{"@id":"https:\/\/climatetoolkit.org\/#\/schema\/logo\/image\/"}}]}},"coauthors":[],"author_meta":{"author_link":"https:\/\/climatetoolkit.org\/fr\/author\/joe\/","display_name":"joe reed"},"relative_dates":{"created":"Publi\u00e9 3 ans il y a","modified":"Mis \u00e0 jour 3 ans il y a"},"absolute_dates":{"created":"Publi\u00e9 le ao\u00fbt 24, 2023","modified":"Mise \u00e0 jour le ao\u00fbt 24, 2023"},"absolute_dates_time":{"created":"Publi\u00e9 le ao\u00fbt 24, 2023 12:51 pm","modified":"Mise \u00e0 jour le ao\u00fbt 24, 2023 12:54 pm"},"featured_img_caption":"","featured_img":false,"series_order":"","_links":{"self":[{"href":"https:\/\/climatetoolkit.org\/fr\/wp-json\/wp\/v2\/pages\/2477","targetHints":{"allow":["GET"]}}],"collection":[{"href":"https:\/\/climatetoolkit.org\/fr\/wp-json\/wp\/v2\/pages"}],"about":[{"href":"https:\/\/climatetoolkit.org\/fr\/wp-json\/wp\/v2\/types\/page"}],"author":[{"embeddable":true,"href":"https:\/\/climatetoolkit.org\/fr\/wp-json\/wp\/v2\/users\/2"}],"replies":[{"embeddable":true,"href":"https:\/\/climatetoolkit.org\/fr\/wp-json\/wp\/v2\/comments?post=2477"}],"version-history":[{"count":0,"href":"https:\/\/climatetoolkit.org\/fr\/wp-json\/wp\/v2\/pages\/2477\/revisions"}],"wp:attachment":[{"href":"https:\/\/climatetoolkit.org\/fr\/wp-json\/wp\/v2\/media?parent=2477"}],"curies":[{"name":"wp","href":"https:\/\/api.w.org\/{rel}","templated":true}]}}