{"id":2474,"date":"2023-08-24T12:51:43","date_gmt":"2023-08-24T16:51:43","guid":{"rendered":"https:\/\/climatetoolkit.org\/?page_id=2474"},"modified":"2023-08-24T12:54:30","modified_gmt":"2023-08-24T16:54:30","slug":"botanic-gardens-conservation-international-bgci","status":"publish","type":"page","link":"https:\/\/climatetoolkit.org\/fr\/botanic-gardens-conservation-international-bgci\/","title":{"rendered":"Botanic Gardens Conservation International (BGCI)"},"content":{"rendered":"<div class=\"wp-block-image\">\n<figure class=\"aligncenter size-full is-resized\"><img decoding=\"async\" src=\"https:\/\/climatetoolkit.org\/wp-content\/uploads\/2023\/08\/bgci-1.jpg\" alt=\"\" class=\"wp-image-2482\" width=\"454\" height=\"200\" srcset=\"https:\/\/climatetoolkit.org\/wp-content\/uploads\/2023\/08\/bgci-1.jpg 908w, https:\/\/climatetoolkit.org\/wp-content\/uploads\/2023\/08\/bgci-1-300x132.jpg 300w, https:\/\/climatetoolkit.org\/wp-content\/uploads\/2023\/08\/bgci-1-768x338.jpg 768w, https:\/\/climatetoolkit.org\/wp-content\/uploads\/2023\/08\/bgci-1-100x44.jpg 100w, https:\/\/climatetoolkit.org\/wp-content\/uploads\/2023\/08\/bgci-1-150x66.jpg 150w, https:\/\/climatetoolkit.org\/wp-content\/uploads\/2023\/08\/bgci-1-200x88.jpg 200w, https:\/\/climatetoolkit.org\/wp-content\/uploads\/2023\/08\/bgci-1-450x198.jpg 450w, https:\/\/climatetoolkit.org\/wp-content\/uploads\/2023\/08\/bgci-1-600x264.jpg 600w, https:\/\/climatetoolkit.org\/wp-content\/uploads\/2023\/08\/bgci-1-900x396.jpg 900w\" sizes=\"(max-width: 454px) 100vw, 454px\" \/><\/figure>\n<\/div>\n\n\n<p>Les <a href=\"https:\/\/www.bgci.org\/\">Jardins botaniques Conservation International<\/a> (BGCI) a pour mission de mobiliser les jardins botaniques et d'impliquer les partenaires dans la pr\u00e9servation de la diversit\u00e9 v\u00e9g\u00e9tale pour le bien-\u00eatre des personnes et de la plan\u00e8te. La BGCI, une organisation caritative britannique ind\u00e9pendante cr\u00e9\u00e9e en 1987, repr\u00e9sente des jardins botaniques dans plus de 100 pays. Sa vision s'articule autour d'un monde dans lequel la diversit\u00e9 v\u00e9g\u00e9tale est appr\u00e9ci\u00e9e, s\u00e9curis\u00e9e et propice \u00e0 la vie.<\/p>\n\n\n\n<p>Le cadre strat\u00e9gique 2021-2025 de la BGCI d\u00e9crit cinq fa\u00e7ons de promouvoir une approche efficace, rentable et rationnelle de la conservation des plantes :<\/p>\n\n\n\n<ul class=\"wp-block-list\">\n<li>Sauver les plantes ;<\/li>\n\n\n\n<li>Inspirer et diriger des personnes ;<\/li>\n\n\n\n<li>Partager les connaissances et les ressources ;<\/li>\n\n\n\n<li>Relever les d\u00e9fis mondiaux par l'engagement et l'\u00e9ducation du public, et ;<\/li>\n\n\n\n<li>Garantir un BGCI efficace et r\u00e9silient<\/li>\n<\/ul>\n\n\n\n<p>Des ressources suppl\u00e9mentaires sont disponibles ci-dessous :<\/p>\n\n\n\n<ul class=\"wp-block-list\">\n<li><a href=\"https:\/\/www.bgci.org\/news-events\/global-botanic-garden-fund-2023-now-open\/\">Fonds mondial pour les jardins botaniques 2023<\/a><\/li>\n\n\n\n<li><a href=\"https:\/\/www.bgci.org\/resources\/bgci-tools-and-resources\/\">Outils et ressources du BGCI<\/a><\/li>\n\n\n\n<li><a href=\"https:\/\/www.bgci.org\/?s=technical\">Examens techniques du BGCI<\/a><\/li>\n\n\n\n<li><a href=\"https:\/\/www.bgci.org\/resources\/bgci-databases\/directory-of-expertise\/\">R\u00e9pertoire d'expertise du BGCI<\/a><\/li>\n\n\n\n<li><a href=\"https:\/\/www.bgci.org\/wp\/wp-content\/uploads\/2022\/07\/StrategicFramework.pdf\">Cadre strat\u00e9gique (2021-2025)<\/a><\/li>\n\n\n\n<li><a href=\"https:\/\/www.bgci.org\/resources\/bgci-tools-and-resources\/bgci-year-in-review\/\">Bilan de l'ann\u00e9e<\/a><\/li>\n<\/ul>","protected":false},"excerpt":{"rendered":"<p>La mission de Botanic Gardens Conservation International (BGCI) est de mobiliser les jardins botaniques et d'impliquer les partenaires dans la pr\u00e9servation de la diversit\u00e9 v\u00e9g\u00e9tale pour le bien-\u00eatre des personnes et de la plan\u00e8te. BGCI, une organisation caritative britannique ind\u00e9pendante cr\u00e9\u00e9e en 1987, repr\u00e9sente des jardins botaniques dans plus de ...<\/p>\n<p class=\"read-more\"> <a class=\"\" href=\"https:\/\/climatetoolkit.org\/fr\/botanic-gardens-conservation-international-bgci\/\"> <span class=\"screen-reader-text\">Botanic Gardens Conservation International (BGCI)<\/span> Lire la suite \"<\/a><\/p>","protected":false},"author":2,"featured_media":0,"parent":0,"menu_order":0,"comment_status":"closed","ping_status":"closed","template":"","meta":{"_acf_changed":false,"inline_featured_image":false,"advgb_blocks_editor_width":"","advgb_blocks_columns_visual_guide":"","footnotes":""},"class_list":["post-2474","page","type-page","status-publish","hentry"],"acf":[],"yoast_head":"<!-- This site is optimized with the Yoast SEO plugin v27.4 - https:\/\/yoast.com\/product\/yoast-seo-wordpress\/ -->\n<title>Botanic Gardens Conservation International (BGCI) - The Climate Toolkit<\/title>\n<meta name=\"robots\" content=\"index, follow, max-snippet:-1, max-image-preview:large, max-video-preview:-1\" \/>\n<link rel=\"canonical\" href=\"https:\/\/climatetoolkit.org\/fr\/botanic-gardens-conservation-international-bgci\/\" \/>\n<meta property=\"og:locale\" content=\"fr_FR\" \/>\n<meta property=\"og:type\" content=\"article\" \/>\n<meta property=\"og:title\" content=\"Botanic Gardens Conservation International (BGCI) - The Climate Toolkit\" \/>\n<meta property=\"og:description\" content=\"The Botanic Gardens Conservation International (BGCI) mission is to mobilize botanic gardens and engage partners in securing plant diversity for the well-being of people and the planet. BGCI, an independent UK charity established in 1987, represents botanic gardens in more &hellip; Botanic Gardens Conservation International (BGCI) Read More &raquo;\" \/>\n<meta property=\"og:url\" content=\"https:\/\/climatetoolkit.org\/fr\/botanic-gardens-conservation-international-bgci\/\" \/>\n<meta property=\"og:site_name\" content=\"The Climate Toolkit\" \/>\n<meta property=\"article:modified_time\" content=\"2023-08-24T16:54:30+00:00\" \/>\n<meta property=\"og:image\" content=\"https:\/\/climatetoolkit.org\/wp-content\/uploads\/2023\/08\/bgci-1.jpg\" \/>\n<meta name=\"twitter:card\" content=\"summary_large_image\" \/>\n<meta name=\"twitter:label1\" content=\"Dur\u00e9e de lecture estim\u00e9e\" \/>\n\t<meta name=\"twitter:data1\" content=\"1 minute\" \/>\n<script type=\"application\/ld+json\" class=\"yoast-schema-graph\">{\"@context\":\"https:\\\/\\\/schema.org\",\"@graph\":[{\"@type\":\"WebPage\",\"@id\":\"https:\\\/\\\/climatetoolkit.org\\\/botanic-gardens-conservation-international-bgci\\\/\",\"url\":\"https:\\\/\\\/climatetoolkit.org\\\/botanic-gardens-conservation-international-bgci\\\/\",\"name\":\"Botanic Gardens Conservation International (BGCI) - The Climate Toolkit\",\"isPartOf\":{\"@id\":\"https:\\\/\\\/climatetoolkit.org\\\/#website\"},\"primaryImageOfPage\":{\"@id\":\"https:\\\/\\\/climatetoolkit.org\\\/botanic-gardens-conservation-international-bgci\\\/#primaryimage\"},\"image\":{\"@id\":\"https:\\\/\\\/climatetoolkit.org\\\/botanic-gardens-conservation-international-bgci\\\/#primaryimage\"},\"thumbnailUrl\":\"https:\\\/\\\/climatetoolkit.org\\\/wp-content\\\/uploads\\\/2023\\\/08\\\/bgci-1.jpg\",\"datePublished\":\"2023-08-24T16:51:43+00:00\",\"dateModified\":\"2023-08-24T16:54:30+00:00\",\"breadcrumb\":{\"@id\":\"https:\\\/\\\/climatetoolkit.org\\\/botanic-gardens-conservation-international-bgci\\\/#breadcrumb\"},\"inLanguage\":\"fr-FR\",\"potentialAction\":[{\"@type\":\"ReadAction\",\"target\":[\"https:\\\/\\\/climatetoolkit.org\\\/botanic-gardens-conservation-international-bgci\\\/\"]}]},{\"@type\":\"ImageObject\",\"inLanguage\":\"fr-FR\",\"@id\":\"https:\\\/\\\/climatetoolkit.org\\\/botanic-gardens-conservation-international-bgci\\\/#primaryimage\",\"url\":\"https:\\\/\\\/climatetoolkit.org\\\/wp-content\\\/uploads\\\/2023\\\/08\\\/bgci-1.jpg\",\"contentUrl\":\"https:\\\/\\\/climatetoolkit.org\\\/wp-content\\\/uploads\\\/2023\\\/08\\\/bgci-1.jpg\"},{\"@type\":\"BreadcrumbList\",\"@id\":\"https:\\\/\\\/climatetoolkit.org\\\/botanic-gardens-conservation-international-bgci\\\/#breadcrumb\",\"itemListElement\":[{\"@type\":\"ListItem\",\"position\":1,\"name\":\"Home\",\"item\":\"https:\\\/\\\/climatetoolkit.org\\\/\"},{\"@type\":\"ListItem\",\"position\":2,\"name\":\"Botanic Gardens Conservation International (BGCI)\"}]},{\"@type\":\"WebSite\",\"@id\":\"https:\\\/\\\/climatetoolkit.org\\\/#website\",\"url\":\"https:\\\/\\\/climatetoolkit.org\\\/\",\"name\":\"The Climate Toolkit\",\"description\":\"For Museums, Gardens and Zoos\",\"publisher\":{\"@id\":\"https:\\\/\\\/climatetoolkit.org\\\/#organization\"},\"potentialAction\":[{\"@type\":\"SearchAction\",\"target\":{\"@type\":\"EntryPoint\",\"urlTemplate\":\"https:\\\/\\\/climatetoolkit.org\\\/?s={search_term_string}\"},\"query-input\":{\"@type\":\"PropertyValueSpecification\",\"valueRequired\":true,\"valueName\":\"search_term_string\"}}],\"inLanguage\":\"fr-FR\"},{\"@type\":\"Organization\",\"@id\":\"https:\\\/\\\/climatetoolkit.org\\\/#organization\",\"name\":\"The Climate Toolkit\",\"url\":\"https:\\\/\\\/climatetoolkit.org\\\/\",\"logo\":{\"@type\":\"ImageObject\",\"inLanguage\":\"fr-FR\",\"@id\":\"https:\\\/\\\/climatetoolkit.org\\\/#\\\/schema\\\/logo\\\/image\\\/\",\"url\":\"https:\\\/\\\/climatetoolkit.org\\\/wp-content\\\/uploads\\\/2020\\\/05\\\/C_logo.png\",\"contentUrl\":\"https:\\\/\\\/climatetoolkit.org\\\/wp-content\\\/uploads\\\/2020\\\/05\\\/C_logo.png\",\"width\":512,\"height\":512,\"caption\":\"The Climate Toolkit\"},\"image\":{\"@id\":\"https:\\\/\\\/climatetoolkit.org\\\/#\\\/schema\\\/logo\\\/image\\\/\"}}]}<\/script>\n<!-- \/ Yoast SEO plugin. -->","yoast_head_json":{"title":"Botanic Gardens Conservation International (BGCI) - La bo\u00eete \u00e0 outils sur le climat","robots":{"index":"index","follow":"follow","max-snippet":"max-snippet:-1","max-image-preview":"max-image-preview:large","max-video-preview":"max-video-preview:-1"},"canonical":"https:\/\/climatetoolkit.org\/fr\/botanic-gardens-conservation-international-bgci\/","og_locale":"fr_FR","og_type":"article","og_title":"Botanic Gardens Conservation International (BGCI) - The Climate Toolkit","og_description":"The Botanic Gardens Conservation International (BGCI) mission is to mobilize botanic gardens and engage partners in securing plant diversity for the well-being of people and the planet. BGCI, an independent UK charity established in 1987, represents botanic gardens in more &hellip; Botanic Gardens Conservation International (BGCI) Read More &raquo;","og_url":"https:\/\/climatetoolkit.org\/fr\/botanic-gardens-conservation-international-bgci\/","og_site_name":"The Climate Toolkit","article_modified_time":"2023-08-24T16:54:30+00:00","og_image":[{"url":"https:\/\/climatetoolkit.org\/wp-content\/uploads\/2023\/08\/bgci-1.jpg","type":"","width":"","height":""}],"twitter_card":"summary_large_image","twitter_misc":{"Dur\u00e9e de lecture estim\u00e9e":"1 minute"},"schema":{"@context":"https:\/\/schema.org","@graph":[{"@type":"WebPage","@id":"https:\/\/climatetoolkit.org\/botanic-gardens-conservation-international-bgci\/","url":"https:\/\/climatetoolkit.org\/botanic-gardens-conservation-international-bgci\/","name":"Botanic Gardens Conservation International (BGCI) - La bo\u00eete \u00e0 outils sur le climat","isPartOf":{"@id":"https:\/\/climatetoolkit.org\/#website"},"primaryImageOfPage":{"@id":"https:\/\/climatetoolkit.org\/botanic-gardens-conservation-international-bgci\/#primaryimage"},"image":{"@id":"https:\/\/climatetoolkit.org\/botanic-gardens-conservation-international-bgci\/#primaryimage"},"thumbnailUrl":"https:\/\/climatetoolkit.org\/wp-content\/uploads\/2023\/08\/bgci-1.jpg","datePublished":"2023-08-24T16:51:43+00:00","dateModified":"2023-08-24T16:54:30+00:00","breadcrumb":{"@id":"https:\/\/climatetoolkit.org\/botanic-gardens-conservation-international-bgci\/#breadcrumb"},"inLanguage":"fr-FR","potentialAction":[{"@type":"ReadAction","target":["https:\/\/climatetoolkit.org\/botanic-gardens-conservation-international-bgci\/"]}]},{"@type":"ImageObject","inLanguage":"fr-FR","@id":"https:\/\/climatetoolkit.org\/botanic-gardens-conservation-international-bgci\/#primaryimage","url":"https:\/\/climatetoolkit.org\/wp-content\/uploads\/2023\/08\/bgci-1.jpg","contentUrl":"https:\/\/climatetoolkit.org\/wp-content\/uploads\/2023\/08\/bgci-1.jpg"},{"@type":"BreadcrumbList","@id":"https:\/\/climatetoolkit.org\/botanic-gardens-conservation-international-bgci\/#breadcrumb","itemListElement":[{"@type":"ListItem","position":1,"name":"Home","item":"https:\/\/climatetoolkit.org\/"},{"@type":"ListItem","position":2,"name":"Botanic Gardens Conservation International (BGCI)"}]},{"@type":"WebSite","@id":"https:\/\/climatetoolkit.org\/#website","url":"https:\/\/climatetoolkit.org\/","name":"La bo\u00eete \u00e0 outils sur le climat","description":"Pour les mus\u00e9es, les jardins et les zoos","publisher":{"@id":"https:\/\/climatetoolkit.org\/#organization"},"potentialAction":[{"@type":"SearchAction","target":{"@type":"EntryPoint","urlTemplate":"https:\/\/climatetoolkit.org\/?s={search_term_string}"},"query-input":{"@type":"PropertyValueSpecification","valueRequired":true,"valueName":"search_term_string"}}],"inLanguage":"fr-FR"},{"@type":"Organization","@id":"https:\/\/climatetoolkit.org\/#organization","name":"La bo\u00eete \u00e0 outils sur le climat","url":"https:\/\/climatetoolkit.org\/","logo":{"@type":"ImageObject","inLanguage":"fr-FR","@id":"https:\/\/climatetoolkit.org\/#\/schema\/logo\/image\/","url":"https:\/\/climatetoolkit.org\/wp-content\/uploads\/2020\/05\/C_logo.png","contentUrl":"https:\/\/climatetoolkit.org\/wp-content\/uploads\/2020\/05\/C_logo.png","width":512,"height":512,"caption":"The Climate Toolkit"},"image":{"@id":"https:\/\/climatetoolkit.org\/#\/schema\/logo\/image\/"}}]}},"coauthors":[],"author_meta":{"author_link":"https:\/\/climatetoolkit.org\/fr\/author\/joe\/","display_name":"joe reed"},"relative_dates":{"created":"Publi\u00e9 3 ans il y a","modified":"Mis \u00e0 jour 3 ans il y a"},"absolute_dates":{"created":"Publi\u00e9 le ao\u00fbt 24, 2023","modified":"Mise \u00e0 jour le ao\u00fbt 24, 2023"},"absolute_dates_time":{"created":"Publi\u00e9 le ao\u00fbt 24, 2023 12:51 pm","modified":"Mise \u00e0 jour le ao\u00fbt 24, 2023 12:54 pm"},"featured_img_caption":"","featured_img":false,"series_order":"","_links":{"self":[{"href":"https:\/\/climatetoolkit.org\/fr\/wp-json\/wp\/v2\/pages\/2474","targetHints":{"allow":["GET"]}}],"collection":[{"href":"https:\/\/climatetoolkit.org\/fr\/wp-json\/wp\/v2\/pages"}],"about":[{"href":"https:\/\/climatetoolkit.org\/fr\/wp-json\/wp\/v2\/types\/page"}],"author":[{"embeddable":true,"href":"https:\/\/climatetoolkit.org\/fr\/wp-json\/wp\/v2\/users\/2"}],"replies":[{"embeddable":true,"href":"https:\/\/climatetoolkit.org\/fr\/wp-json\/wp\/v2\/comments?post=2474"}],"version-history":[{"count":0,"href":"https:\/\/climatetoolkit.org\/fr\/wp-json\/wp\/v2\/pages\/2474\/revisions"}],"wp:attachment":[{"href":"https:\/\/climatetoolkit.org\/fr\/wp-json\/wp\/v2\/media?parent=2474"}],"curies":[{"name":"wp","href":"https:\/\/api.w.org\/{rel}","templated":true}]}}