{"id":2471,"date":"2023-08-24T12:45:01","date_gmt":"2023-08-24T16:45:01","guid":{"rendered":"https:\/\/climatetoolkit.org\/?page_id=2471"},"modified":"2023-08-24T12:54:48","modified_gmt":"2023-08-24T16:54:48","slug":"american-public-gardens-association-apga","status":"publish","type":"page","link":"https:\/\/climatetoolkit.org\/fr\/american-public-gardens-association-apga\/","title":{"rendered":"Association am\u00e9ricaine des jardins publics (APGA)"},"content":{"rendered":"<div class=\"wp-block-image\">\n<figure class=\"aligncenter size-large is-resized\"><img decoding=\"async\" src=\"https:\/\/climatetoolkit.org\/wp-content\/uploads\/2023\/08\/APGA_rgb-1024x410.jpeg\" alt=\"\" class=\"wp-image-2472\" width=\"512\" height=\"205\" srcset=\"https:\/\/climatetoolkit.org\/wp-content\/uploads\/2023\/08\/APGA_rgb-1024x410.jpeg 1024w, https:\/\/climatetoolkit.org\/wp-content\/uploads\/2023\/08\/APGA_rgb-300x120.jpeg 300w, https:\/\/climatetoolkit.org\/wp-content\/uploads\/2023\/08\/APGA_rgb-768x307.jpeg 768w, https:\/\/climatetoolkit.org\/wp-content\/uploads\/2023\/08\/APGA_rgb-100x40.jpeg 100w, https:\/\/climatetoolkit.org\/wp-content\/uploads\/2023\/08\/APGA_rgb-150x60.jpeg 150w, https:\/\/climatetoolkit.org\/wp-content\/uploads\/2023\/08\/APGA_rgb-200x80.jpeg 200w, https:\/\/climatetoolkit.org\/wp-content\/uploads\/2023\/08\/APGA_rgb-450x180.jpeg 450w, https:\/\/climatetoolkit.org\/wp-content\/uploads\/2023\/08\/APGA_rgb-600x240.jpeg 600w, https:\/\/climatetoolkit.org\/wp-content\/uploads\/2023\/08\/APGA_rgb-900x360.jpeg 900w, https:\/\/climatetoolkit.org\/wp-content\/uploads\/2023\/08\/APGA_rgb.jpeg 1500w\" sizes=\"(max-width: 512px) 100vw, 512px\" \/><\/figure>\n<\/div>\n\n\n<p>La mission de la <a href=\"https:\/\/www.publicgardens.org\/\">Association am\u00e9ricaine des jardins publics<\/a> (APGA) est de d\u00e9fendre et de faire progresser les jardins publics en tant que leaders, d\u00e9fenseurs et innovateurs dans la conservation et l'appr\u00e9ciation des plantes. L'APGA pr\u00e9sente sa vision comme celle d'un monde o\u00f9 les jardins publics sont indispensables. En outre, les valeurs fondamentales de l'organisation sont de cultiver la passion, d'\u00e9lever leur voix, de collaborer de mani\u00e8re authentique et de se d\u00e9velopper de mani\u00e8re r\u00e9fl\u00e9chie.<\/p>\n\n\n\n<p>L'APGA a plus de 75 ans d'exp\u00e9rience dans l'\u00e9ducation du public sur les pratiques horticoles en faisant ce qui suit :<\/p>\n\n\n\n<ul class=\"wp-block-list\">\n<li>Fournir un groupe de pairs pour tous les types et toutes les tailles d'organisations et de professionnels de l'horticulture publique.<\/li>\n\n\n\n<li>Cr\u00e9er un puissant r\u00e9seau national et international pour les membres et les personnes int\u00e9ress\u00e9es par l'horticulture.<\/li>\n\n\n\n<li>\u00catre proactif en fournissant les meilleures pratiques et les ressources n\u00e9cessaires \u00e0 la croissance professionnelle.<\/li>\n\n\n\n<li>Susciter la r\u00e9flexion et l'am\u00e9lioration dans le domaine de l'horticulture publique en proposant une vari\u00e9t\u00e9 de forums de mise en r\u00e9seau en personne et en ligne.<\/li>\n<\/ul>\n\n\n\n<p>Ressources :<\/p>\n\n\n\n<ul class=\"wp-block-list\">\n<li><a href=\"https:\/\/www.publicgardens.org\/programs\/climate-change-sustainability-program\/about-climate-sustainability-alliance\">Alliance pour le climat et la durabilit\u00e9<\/a><\/li>\n\n\n\n<li><a href=\"https:\/\/www.publicgardens.org\/sustainability-index\">Indice de durabilit\u00e9 des jardins publics<\/a><\/li>\n\n\n\n<li><a href=\"https:\/\/www.publicgardens.org\/public-garden-funding-resources\">Ressources pour le financement des jardins publics<\/a><\/li>\n\n\n\n<li><a href=\"https:\/\/www.publicgardens.org\/resources\">Ressources et outils de l'APGA<\/a><\/li>\n<\/ul>","protected":false},"excerpt":{"rendered":"<p>La mission de l'American Public Gardens Association (APGA) est de d\u00e9fendre et de faire progresser les jardins publics en tant que leaders, d\u00e9fenseurs et innovateurs dans la conservation et l'appr\u00e9ciation des plantes. L'APGA pr\u00e9sente sa vision comme celle d'un monde o\u00f9 les jardins publics ...<\/p>\n<p class=\"read-more\"> <a class=\"\" href=\"https:\/\/climatetoolkit.org\/fr\/american-public-gardens-association-apga\/\"> <span class=\"screen-reader-text\">Association am\u00e9ricaine des jardins publics (APGA)<\/span> Lire la suite \"<\/a><\/p>","protected":false},"author":2,"featured_media":0,"parent":0,"menu_order":0,"comment_status":"closed","ping_status":"closed","template":"","meta":{"_acf_changed":false,"inline_featured_image":false,"advgb_blocks_editor_width":"","advgb_blocks_columns_visual_guide":"","footnotes":""},"class_list":["post-2471","page","type-page","status-publish","hentry"],"acf":[],"yoast_head":"<!-- This site is optimized with the Yoast SEO plugin v27.4 - https:\/\/yoast.com\/product\/yoast-seo-wordpress\/ -->\n<title>American Public Gardens Association (APGA) - The Climate Toolkit<\/title>\n<meta name=\"robots\" content=\"index, follow, max-snippet:-1, max-image-preview:large, max-video-preview:-1\" \/>\n<link rel=\"canonical\" href=\"https:\/\/climatetoolkit.org\/fr\/american-public-gardens-association-apga\/\" \/>\n<meta property=\"og:locale\" content=\"fr_FR\" \/>\n<meta property=\"og:type\" content=\"article\" \/>\n<meta property=\"og:title\" content=\"American Public Gardens Association (APGA) - The Climate Toolkit\" \/>\n<meta property=\"og:description\" content=\"The mission of the American Public Gardens Association (APGA) is to champion and advance public gardens as leaders, advocates, and innovators in the conservation and appreciation of plants. APGA lists their vision as one that provides a world where public &hellip; American Public Gardens Association (APGA) Read More &raquo;\" \/>\n<meta property=\"og:url\" content=\"https:\/\/climatetoolkit.org\/fr\/american-public-gardens-association-apga\/\" \/>\n<meta property=\"og:site_name\" content=\"The Climate Toolkit\" \/>\n<meta property=\"article:modified_time\" content=\"2023-08-24T16:54:48+00:00\" \/>\n<meta property=\"og:image\" content=\"https:\/\/climatetoolkit.org\/wp-content\/uploads\/2023\/08\/APGA_rgb-1024x410.jpeg\" \/>\n<meta name=\"twitter:card\" content=\"summary_large_image\" \/>\n<meta name=\"twitter:label1\" content=\"Dur\u00e9e de lecture estim\u00e9e\" \/>\n\t<meta name=\"twitter:data1\" content=\"1 minute\" \/>\n<script type=\"application\/ld+json\" class=\"yoast-schema-graph\">{\"@context\":\"https:\\\/\\\/schema.org\",\"@graph\":[{\"@type\":\"WebPage\",\"@id\":\"https:\\\/\\\/climatetoolkit.org\\\/american-public-gardens-association-apga\\\/\",\"url\":\"https:\\\/\\\/climatetoolkit.org\\\/american-public-gardens-association-apga\\\/\",\"name\":\"American Public Gardens Association (APGA) - The Climate Toolkit\",\"isPartOf\":{\"@id\":\"https:\\\/\\\/climatetoolkit.org\\\/#website\"},\"primaryImageOfPage\":{\"@id\":\"https:\\\/\\\/climatetoolkit.org\\\/american-public-gardens-association-apga\\\/#primaryimage\"},\"image\":{\"@id\":\"https:\\\/\\\/climatetoolkit.org\\\/american-public-gardens-association-apga\\\/#primaryimage\"},\"thumbnailUrl\":\"https:\\\/\\\/climatetoolkit.org\\\/wp-content\\\/uploads\\\/2023\\\/08\\\/APGA_rgb-1024x410.jpeg\",\"datePublished\":\"2023-08-24T16:45:01+00:00\",\"dateModified\":\"2023-08-24T16:54:48+00:00\",\"breadcrumb\":{\"@id\":\"https:\\\/\\\/climatetoolkit.org\\\/american-public-gardens-association-apga\\\/#breadcrumb\"},\"inLanguage\":\"fr-FR\",\"potentialAction\":[{\"@type\":\"ReadAction\",\"target\":[\"https:\\\/\\\/climatetoolkit.org\\\/american-public-gardens-association-apga\\\/\"]}]},{\"@type\":\"ImageObject\",\"inLanguage\":\"fr-FR\",\"@id\":\"https:\\\/\\\/climatetoolkit.org\\\/american-public-gardens-association-apga\\\/#primaryimage\",\"url\":\"https:\\\/\\\/climatetoolkit.org\\\/wp-content\\\/uploads\\\/2023\\\/08\\\/APGA_rgb-1024x410.jpeg\",\"contentUrl\":\"https:\\\/\\\/climatetoolkit.org\\\/wp-content\\\/uploads\\\/2023\\\/08\\\/APGA_rgb-1024x410.jpeg\"},{\"@type\":\"BreadcrumbList\",\"@id\":\"https:\\\/\\\/climatetoolkit.org\\\/american-public-gardens-association-apga\\\/#breadcrumb\",\"itemListElement\":[{\"@type\":\"ListItem\",\"position\":1,\"name\":\"Home\",\"item\":\"https:\\\/\\\/climatetoolkit.org\\\/\"},{\"@type\":\"ListItem\",\"position\":2,\"name\":\"American Public Gardens Association (APGA)\"}]},{\"@type\":\"WebSite\",\"@id\":\"https:\\\/\\\/climatetoolkit.org\\\/#website\",\"url\":\"https:\\\/\\\/climatetoolkit.org\\\/\",\"name\":\"The Climate Toolkit\",\"description\":\"For Museums, Gardens and Zoos\",\"publisher\":{\"@id\":\"https:\\\/\\\/climatetoolkit.org\\\/#organization\"},\"potentialAction\":[{\"@type\":\"SearchAction\",\"target\":{\"@type\":\"EntryPoint\",\"urlTemplate\":\"https:\\\/\\\/climatetoolkit.org\\\/?s={search_term_string}\"},\"query-input\":{\"@type\":\"PropertyValueSpecification\",\"valueRequired\":true,\"valueName\":\"search_term_string\"}}],\"inLanguage\":\"fr-FR\"},{\"@type\":\"Organization\",\"@id\":\"https:\\\/\\\/climatetoolkit.org\\\/#organization\",\"name\":\"The Climate Toolkit\",\"url\":\"https:\\\/\\\/climatetoolkit.org\\\/\",\"logo\":{\"@type\":\"ImageObject\",\"inLanguage\":\"fr-FR\",\"@id\":\"https:\\\/\\\/climatetoolkit.org\\\/#\\\/schema\\\/logo\\\/image\\\/\",\"url\":\"https:\\\/\\\/climatetoolkit.org\\\/wp-content\\\/uploads\\\/2020\\\/05\\\/C_logo.png\",\"contentUrl\":\"https:\\\/\\\/climatetoolkit.org\\\/wp-content\\\/uploads\\\/2020\\\/05\\\/C_logo.png\",\"width\":512,\"height\":512,\"caption\":\"The Climate Toolkit\"},\"image\":{\"@id\":\"https:\\\/\\\/climatetoolkit.org\\\/#\\\/schema\\\/logo\\\/image\\\/\"}}]}<\/script>\n<!-- \/ Yoast SEO plugin. -->","yoast_head_json":{"title":"American Public Gardens Association (APGA) - La bo\u00eete \u00e0 outils sur le climat","robots":{"index":"index","follow":"follow","max-snippet":"max-snippet:-1","max-image-preview":"max-image-preview:large","max-video-preview":"max-video-preview:-1"},"canonical":"https:\/\/climatetoolkit.org\/fr\/american-public-gardens-association-apga\/","og_locale":"fr_FR","og_type":"article","og_title":"American Public Gardens Association (APGA) - The Climate Toolkit","og_description":"The mission of the American Public Gardens Association (APGA) is to champion and advance public gardens as leaders, advocates, and innovators in the conservation and appreciation of plants. APGA lists their vision as one that provides a world where public &hellip; American Public Gardens Association (APGA) Read More &raquo;","og_url":"https:\/\/climatetoolkit.org\/fr\/american-public-gardens-association-apga\/","og_site_name":"The Climate Toolkit","article_modified_time":"2023-08-24T16:54:48+00:00","og_image":[{"url":"https:\/\/climatetoolkit.org\/wp-content\/uploads\/2023\/08\/APGA_rgb-1024x410.jpeg","type":"","width":"","height":""}],"twitter_card":"summary_large_image","twitter_misc":{"Dur\u00e9e de lecture estim\u00e9e":"1 minute"},"schema":{"@context":"https:\/\/schema.org","@graph":[{"@type":"WebPage","@id":"https:\/\/climatetoolkit.org\/american-public-gardens-association-apga\/","url":"https:\/\/climatetoolkit.org\/american-public-gardens-association-apga\/","name":"American Public Gardens Association (APGA) - La bo\u00eete \u00e0 outils sur le climat","isPartOf":{"@id":"https:\/\/climatetoolkit.org\/#website"},"primaryImageOfPage":{"@id":"https:\/\/climatetoolkit.org\/american-public-gardens-association-apga\/#primaryimage"},"image":{"@id":"https:\/\/climatetoolkit.org\/american-public-gardens-association-apga\/#primaryimage"},"thumbnailUrl":"https:\/\/climatetoolkit.org\/wp-content\/uploads\/2023\/08\/APGA_rgb-1024x410.jpeg","datePublished":"2023-08-24T16:45:01+00:00","dateModified":"2023-08-24T16:54:48+00:00","breadcrumb":{"@id":"https:\/\/climatetoolkit.org\/american-public-gardens-association-apga\/#breadcrumb"},"inLanguage":"fr-FR","potentialAction":[{"@type":"ReadAction","target":["https:\/\/climatetoolkit.org\/american-public-gardens-association-apga\/"]}]},{"@type":"ImageObject","inLanguage":"fr-FR","@id":"https:\/\/climatetoolkit.org\/american-public-gardens-association-apga\/#primaryimage","url":"https:\/\/climatetoolkit.org\/wp-content\/uploads\/2023\/08\/APGA_rgb-1024x410.jpeg","contentUrl":"https:\/\/climatetoolkit.org\/wp-content\/uploads\/2023\/08\/APGA_rgb-1024x410.jpeg"},{"@type":"BreadcrumbList","@id":"https:\/\/climatetoolkit.org\/american-public-gardens-association-apga\/#breadcrumb","itemListElement":[{"@type":"ListItem","position":1,"name":"Home","item":"https:\/\/climatetoolkit.org\/"},{"@type":"ListItem","position":2,"name":"American Public Gardens Association (APGA)"}]},{"@type":"WebSite","@id":"https:\/\/climatetoolkit.org\/#website","url":"https:\/\/climatetoolkit.org\/","name":"La bo\u00eete \u00e0 outils sur le climat","description":"Pour les mus\u00e9es, les jardins et les zoos","publisher":{"@id":"https:\/\/climatetoolkit.org\/#organization"},"potentialAction":[{"@type":"SearchAction","target":{"@type":"EntryPoint","urlTemplate":"https:\/\/climatetoolkit.org\/?s={search_term_string}"},"query-input":{"@type":"PropertyValueSpecification","valueRequired":true,"valueName":"search_term_string"}}],"inLanguage":"fr-FR"},{"@type":"Organization","@id":"https:\/\/climatetoolkit.org\/#organization","name":"La bo\u00eete \u00e0 outils sur le climat","url":"https:\/\/climatetoolkit.org\/","logo":{"@type":"ImageObject","inLanguage":"fr-FR","@id":"https:\/\/climatetoolkit.org\/#\/schema\/logo\/image\/","url":"https:\/\/climatetoolkit.org\/wp-content\/uploads\/2020\/05\/C_logo.png","contentUrl":"https:\/\/climatetoolkit.org\/wp-content\/uploads\/2020\/05\/C_logo.png","width":512,"height":512,"caption":"The Climate Toolkit"},"image":{"@id":"https:\/\/climatetoolkit.org\/#\/schema\/logo\/image\/"}}]}},"coauthors":[],"author_meta":{"author_link":"https:\/\/climatetoolkit.org\/fr\/author\/joe\/","display_name":"joe reed"},"relative_dates":{"created":"Publi\u00e9 3 ans il y a","modified":"Mis \u00e0 jour 3 ans il y a"},"absolute_dates":{"created":"Publi\u00e9 le ao\u00fbt 24, 2023","modified":"Mise \u00e0 jour le ao\u00fbt 24, 2023"},"absolute_dates_time":{"created":"Publi\u00e9 le ao\u00fbt 24, 2023 12:45 pm","modified":"Mise \u00e0 jour le ao\u00fbt 24, 2023 12:54 pm"},"featured_img_caption":"","featured_img":false,"series_order":"","_links":{"self":[{"href":"https:\/\/climatetoolkit.org\/fr\/wp-json\/wp\/v2\/pages\/2471","targetHints":{"allow":["GET"]}}],"collection":[{"href":"https:\/\/climatetoolkit.org\/fr\/wp-json\/wp\/v2\/pages"}],"about":[{"href":"https:\/\/climatetoolkit.org\/fr\/wp-json\/wp\/v2\/types\/page"}],"author":[{"embeddable":true,"href":"https:\/\/climatetoolkit.org\/fr\/wp-json\/wp\/v2\/users\/2"}],"replies":[{"embeddable":true,"href":"https:\/\/climatetoolkit.org\/fr\/wp-json\/wp\/v2\/comments?post=2471"}],"version-history":[{"count":0,"href":"https:\/\/climatetoolkit.org\/fr\/wp-json\/wp\/v2\/pages\/2471\/revisions"}],"wp:attachment":[{"href":"https:\/\/climatetoolkit.org\/fr\/wp-json\/wp\/v2\/media?parent=2471"}],"curies":[{"name":"wp","href":"https:\/\/api.w.org\/{rel}","templated":true}]}}