{"id":2064,"date":"2023-03-24T09:39:39","date_gmt":"2023-03-24T13:39:39","guid":{"rendered":"https:\/\/climatetoolkit.org\/?page_id=2064"},"modified":"2023-03-24T09:41:12","modified_gmt":"2023-03-24T13:41:12","slug":"resource-library","status":"publish","type":"page","link":"https:\/\/climatetoolkit.org\/fr\/resource-library\/","title":{"rendered":"Biblioth\u00e8que de ressources"},"content":{"rendered":"<h1 class=\"wp-block-heading\">Biblioth\u00e8que de ressources<\/h1>\n\n\n<div class=\"institution-list\"><div class=\"category-group\"><div class=\"resource-columns\"><div class=\"resource-image\"><img decoding=\"async\" src=\"https:\/\/climatetoolkit.org\/wp-content\/uploads\/2021\/07\/renewable-energy-250x250.png\" alt=\"\" \/><\/div><div ><h2 class=\"category-header\">B\u00e2timents et \u00e9nergie<\/h2><div class=\"doc\"><a href=\"https:\/\/longwoodgardens.org\/sustainability\/alternative-energy-resources\" target=\"_blank\">Alternative Energy Resources<\/a><\/div><div class=\"doc\"><a href=\"http:\/\/climatetoolkit.org\/wp-content\/uploads\/2019\/09\/Buying_Renewable_Electricity.pdf\" target=\"_blank\">Acheter de l'\u00e9lectricit\u00e9 renouvelable : Donner l'exemple au mouvement de l'\u00e9nergie verte<\/a><\/div><div class=\"doc\"><a href=\"https:\/\/climatetoolkit.org\/fr\/carbon-emission-reduction-interview-with-norfolk-botanical-garden\/\" target=\"_blank\">R\u00e9duction des \u00e9missions de carbone : Entretien avec le jardin botanique de Norfolk<\/a><\/div><div class=\"doc\"><a href=\"https:\/\/climatetoolkit.org\/fr\/webinar-12-buildings-energy-and-decarbonization\/\" target=\"_blank\">Webinaire de la bo\u00eete \u00e0 outils sur le climat : B\u00e2timents, \u00e9nergie et d\u00e9carbonisation<\/a><\/div><div class=\"doc\"><a href=\"https:\/\/reidparkzoo.org\/conservation\/\" target=\"_blank\">Conservation &#8211; It&#8217;s Our Mission<\/a><\/div><div class=\"doc\"><a href=\"https:\/\/ctsciencecenter.org\/about\/green-mission\/\" target=\"_blank\">Mission verte<\/a><\/div><div class=\"doc\"><a href=\"https:\/\/www.houstonzoo.org\/blog\/houston-zoo-leads-the-charge-towards-a-greener-future\/\" target=\"_blank\">Le zoo de Houston s'engage dans la voie d'un avenir plus vert<\/a><\/div><div class=\"doc\"><a href=\"https:\/\/climatetoolkit.org\/fr\/how-to-use-the-epas-simplified-ghg-emissions-calculator\/\" target=\"_blank\">Comment utiliser le calculateur simplifi\u00e9 des \u00e9missions de gaz \u00e0 effet de serre de l'EPA ?<\/a><\/div><div class=\"doc\"><a href=\"https:\/\/climatetoolkit.org\/fr\/nature-positive-carbon-negative-an-interview-with-duke-farms\/\" target=\"_blank\">Nature positive, carbone n\u00e9gatif : Entretien avec Duke Farms<\/a><\/div><div class=\"doc\"><a href=\"https:\/\/aqua.org\/stories\/2022-04-22-national-aquarium-will-be-net-zero-by-2035\" target=\"_blank\">Net-Z\u00e9ro d'ici \u00e0 2035<\/a><\/div><div class=\"doc\"><a href=\"https:\/\/www.cutter.com\/article\/nature-positive-carbon-negative-reimagining-role-campuses-peri-urban-communities\" target=\"_blank\">R\u00e9imaginer le r\u00f4le des campus et des communaut\u00e9s p\u00e9riurbaines<\/a><\/div><div class=\"doc\"><a href=\"https:\/\/www.akronzoo.org\/sustainability\" target=\"_blank\">Durabilit\u00e9<\/a><\/div><div class=\"doc\"><a href=\"https:\/\/www.trlibrary.com\/project\/sustainability\" target=\"_blank\">Sustainability Vision<\/a><\/div><div class=\"doc\"><a href=\"https:\/\/climatetoolkit.org\/fr\/understanding-renewable-energy-terminology\/\" target=\"_blank\">Comprendre la terminologie des \u00e9nergies renouvelables<\/a><\/div><div class=\"doc\"><a href=\"https:\/\/www.henryvilaszoo.gov\/conservation\/\" target=\"_blank\">Walking the Talk of Sustainability<\/a><\/div><div class=\"doc\"><a href=\"https:\/\/climatetoolkit.org\/fr\/watch-the-december-climate-toolkit-webinar\/\" target=\"_blank\">Regarder le webinaire de d\u00e9cembre sur la bo\u00eete \u00e0 outils sur le climat<\/a><\/div><div class=\"doc\"><a href=\"https:\/\/climatetoolkit.org\/fr\/watch-the-march-climate-toolkit-webinar\/\" target=\"_blank\">Regarder le webinaire de mars sur la bo\u00eete \u00e0 outils sur le climat<\/a><\/div><div class=\"doc\"><a href=\"http:\/\/climatetoolkit.org\/wp-content\/uploads\/2019\/10\/Zeroing-In.pdf\" target=\"_blank\">La r\u00e9duction \u00e0 z\u00e9ro : Faire de vos b\u00e2timents des b\u00e2timents \u00e0 consommation \u00e9nerg\u00e9tique nette z\u00e9ro<\/a><\/div><\/div><\/div><div class=\"resource-columns\"><div class=\"resource-image\"><img decoding=\"async\" src=\"https:\/\/climatetoolkit.org\/wp-content\/uploads\/2021\/07\/recycling-1-250x250.png\" alt=\"\" \/><\/div><div ><h2 class=\"category-header\">L'eau<\/h2><div class=\"doc\"><a href=\"https:\/\/reidparkzoo.org\/conservation\/\" target=\"_blank\">Conservation &#8211; It&#8217;s Our Mission<\/a><\/div><div class=\"doc\"><a href=\"https:\/\/www.akronzoo.org\/sustainability\" target=\"_blank\">Durabilit\u00e9<\/a><\/div><div class=\"doc\"><a href=\"https:\/\/www.sheddaquarium.org\/stories\/sustainability-at-shedd\" target=\"_blank\">Le d\u00e9veloppement durable \u00e0 Shedd<\/a><\/div><div class=\"doc\"><a href=\"https:\/\/www.henryvilaszoo.gov\/conservation\/\" target=\"_blank\">Walking the Talk of Sustainability<\/a><\/div><div class=\"doc\"><a href=\"https:\/\/longwoodgardens.org\/sustainability\/water-conservation\" target=\"_blank\">Water Conservation<\/a><\/div><div class=\"doc\"><a href=\"https:\/\/climatetoolkit.org\/fr\/water-efficiency-a-case-study\/\" target=\"_blank\">Efficacit\u00e9 de l'eau : Une \u00e9tude de cas<\/a><\/div><\/div><\/div><div class=\"resource-columns\"><div class=\"resource-image\"><img decoding=\"async\" src=\"https:\/\/climatetoolkit.org\/wp-content\/uploads\/2021\/07\/plate-250x250.png\" alt=\"\" \/><\/div><div ><h2 class=\"category-header\">Service de restauration<\/h2><div class=\"doc\"><a href=\"https:\/\/climatetoolkit.org\/fr\/climate-toolkit-webinar-vegan-and-vegetarian-foods\/\" target=\"_blank\">Webinaire de la bo\u00eete \u00e0 outils sur le climat : Aliments v\u00e9g\u00e9taliens et v\u00e9g\u00e9tariens<\/a><\/div><div class=\"doc\"><a href=\"http:\/\/climatetoolkit.org\/wp-content\/uploads\/2019\/10\/Local-Food-Purchases.pdf\" target=\"_blank\">Achats de produits alimentaires locaux : R\u00e9duire les co\u00fbts de transport et soutenir les agriculteurs locaux<\/a><\/div><div class=\"doc\"><a href=\"https:\/\/climatetoolkit.org\/fr\/nature-positive-carbon-negative-an-interview-with-duke-farms\/\" target=\"_blank\">Nature positive, carbone n\u00e9gatif : Entretien avec Duke Farms<\/a><\/div><\/div><\/div><div class=\"resource-columns\"><div class=\"resource-image\"><img decoding=\"async\" src=\"https:\/\/climatetoolkit.org\/wp-content\/uploads\/2021\/07\/bus-250x250.png\" alt=\"\" \/><\/div><div ><h2 class=\"category-header\">Transport<\/h2><div class=\"doc\"><a href=\"http:\/\/climatetoolkit.org\/wp-content\/uploads\/2019\/10\/Alternate-Travel.pdf\" target=\"_blank\">Voyages alternatifs : R\u00e9duire le nombre de trajets effectu\u00e9s par un seul conducteur pour se rendre dans votre \u00e9tablissement<\/a><\/div><div class=\"doc\"><a href=\"https:\/\/climatetoolkit.org\/fr\/nature-positive-carbon-negative-an-interview-with-duke-farms\/\" target=\"_blank\">Nature positive, carbone n\u00e9gatif : Entretien avec Duke Farms<\/a><\/div><div class=\"doc\"><a href=\"https:\/\/www.visitokc.com\/articles\/post\/new-grants-partnership-aid-okc-zoos-sustainability-goals\/\" target=\"_blank\">Objectifs du zoo d'OKC en mati\u00e8re de d\u00e9veloppement durable<\/a><\/div><div class=\"doc\"><a href=\"https:\/\/climatetoolkit.org\/fr\/parking-transportation-and-energy-incentives-at-phipps-conservatory\/\" target=\"_blank\">Mesures d'incitation en mati\u00e8re de stationnement, de transport et d'\u00e9nergie<\/a><\/div><div class=\"doc\"><a href=\"https:\/\/www.henryvilaszoo.gov\/conservation\/\" target=\"_blank\">Walking the Talk of Sustainability<\/a><\/div><\/div><\/div><div class=\"resource-columns\"><div class=\"resource-image\"><img decoding=\"async\" src=\"https:\/\/climatetoolkit.org\/wp-content\/uploads\/2021\/07\/waste-250x250.png\" alt=\"\" \/><\/div><div ><h2 class=\"category-header\">D\u00e9chets<\/h2><div class=\"doc\"><a href=\"https:\/\/reidparkzoo.org\/conservation\/\" target=\"_blank\">Conservation &#8211; It&#8217;s Our Mission<\/a><\/div><div class=\"doc\"><a href=\"https:\/\/www.houstonzoo.org\/blog\/houston-zoo-leads-the-charge-towards-a-greener-future\/\" target=\"_blank\">Le zoo de Houston s'engage dans la voie d'un avenir plus vert<\/a><\/div><div class=\"doc\"><a href=\"https:\/\/www.visitokc.com\/articles\/post\/new-grants-partnership-aid-okc-zoos-sustainability-goals\/\" target=\"_blank\">Objectifs du zoo d'OKC en mati\u00e8re de d\u00e9veloppement durable<\/a><\/div><div class=\"doc\"><a href=\"https:\/\/climatetoolkit.org\/fr\/plastics-reduction-a-resource-guide\/\" target=\"_blank\">R\u00e9duction des plastiques : Guide de ressources<\/a><\/div><div class=\"doc\"><a href=\"https:\/\/longwoodgardens.org\/sustainability\/recycling-and-composting\" target=\"_blank\">Recycling and Composting<\/a><\/div><div class=\"doc\"><a href=\"https:\/\/www.akronzoo.org\/sustainability\" target=\"_blank\">Durabilit\u00e9<\/a><\/div><div class=\"doc\"><a href=\"https:\/\/www.sheddaquarium.org\/stories\/sustainability-at-shedd\" target=\"_blank\">Le d\u00e9veloppement durable \u00e0 Shedd<\/a><\/div><div class=\"doc\"><a href=\"https:\/\/www.trlibrary.com\/project\/sustainability\" target=\"_blank\">Sustainability Vision<\/a><\/div><div class=\"doc\"><a href=\"https:\/\/climatetoolkit.org\/fr\/the-climate-toolkit-webinar-5-single-use-plastics-reduction-measures-advocacy-and-public-outreach\/\" target=\"_blank\">Webinaire 5 du Climate Toolkit : Plastiques \u00e0 usage unique : Mesures de r\u00e9duction, plaidoyer et sensibilisation du public<\/a><\/div><div class=\"doc\"><a href=\"https:\/\/www.henryvilaszoo.gov\/conservation\/\" target=\"_blank\">Walking the Talk of Sustainability<\/a><\/div><div class=\"doc\"><a href=\"https:\/\/climatetoolkit.org\/fr\/waste-management-at-coastal-maine-botanic-gardens\/\" target=\"_blank\">Gestion des d\u00e9chets dans les jardins botaniques de la c\u00f4te du Maine<\/a><\/div><div class=\"doc\"><a href=\"http:\/\/climatetoolkit.org\/wp-content\/uploads\/2019\/10\/Waste-Not.pdf\" target=\"_blank\">Ne pas gaspiller : \u00c9liminer de mani\u00e8re responsable tous les d\u00e9chets alimentaires et presque tous les produits de restauration<\/a><\/div><\/div><\/div><div class=\"resource-columns\"><div class=\"resource-image\"><img decoding=\"async\" src=\"https:\/\/climatetoolkit.org\/wp-content\/uploads\/2021\/07\/flower-250x250.png\" alt=\"\" \/><\/div><div ><h2 class=\"category-header\">Paysages et horticulture<\/h2><div class=\"doc\"><a href=\"https:\/\/climatetoolkit.org\/fr\/an-introduction-to-the-benefits-of-trees-at-morton-arboretum\/\" target=\"_blank\">Une introduction aux bienfaits des arbres \u00e0 l'Arboretum de Morton<\/a><\/div><div class=\"doc\"><a href=\"https:\/\/www.gardenista.com\/posts\/ask-expert-longue-vues-simeon-benjamin-integrated-pest-management\/\" target=\"_blank\">Demandez \u00e0 un expert : Comment lutter naturellement contre les parasites et les mauvaises herbes ?<\/a><\/div><div class=\"doc\"><a href=\"https:\/\/www.youtube.com\/watch?v=uj6NSEVe8rw\" target=\"_blank\">Webinaire 6 du Climate Toolkit : \"Lutte int\u00e9gr\u00e9e contre les ravageurs, \u00e0 l'int\u00e9rieur comme \u00e0 l'ext\u00e9rieur\".<\/a><\/div><div class=\"doc\"><a href=\"https:\/\/climatetoolkit.org\/fr\/climate-toolkit-webinar-sustainable-landcare-and-ecological-outreach\/\" target=\"_blank\">Webinaire de la bo\u00eete \u00e0 outils sur le climat : Gestion durable des terres et sensibilisation \u00e0 l'\u00e9cologie<\/a><\/div><div class=\"doc\"><a href=\"https:\/\/climatetoolkit.org\/fr\/electric-horticulture-equipment-what-were-using\/\" target=\"_blank\">\u00c9quipement \u00e9lectrique pour l'horticulture : Ce que nous utilisons<\/a><\/div><div class=\"doc\"><a href=\"https:\/\/www.botaniska.se\/om-botaniska\/miljoarbete\/\" target=\"_blank\">Travail dans le domaine de l'environnement<\/a><\/div><div class=\"doc\"><a href=\"https:\/\/holdenfg.org\/blog\/how-nonnative-plants-respond-to-climate-change-holden-arboretum-researchers-report\/\" target=\"_blank\">How Nonnative Plants Respond to Climate Change<\/a><\/div><div class=\"doc\"><a href=\"https:\/\/climatetoolkit.org\/fr\/how-to-reduce-pesticide-use\/\" target=\"_blank\">Comment r\u00e9duire votre utilisation de pesticides<\/a><\/div><div class=\"doc\"><a href=\"https:\/\/climatetoolkit.org\/wp-content\/uploads\/2022\/04\/Pesticide-Checklist-1.pdf\" target=\"_blank\">Liste de contr\u00f4le de la lutte int\u00e9gr\u00e9e contre les parasites (IPM)<\/a><\/div><div class=\"doc\"><a href=\"https:\/\/longwoodgardens.org\/sustainability\/land-stewardship-management\" target=\"_blank\">Land Stewardship &#038; Ecology<\/a><\/div><div class=\"doc\"><a href=\"https:\/\/sustainablecampus.cornell.edu\/campus-initiatives\/land-water\/sustainable-landscapes-trail\/botanic-gardens-native-lawn\" target=\"_blank\">D\u00e9monstration de pelouse indig\u00e8ne - Cornell Botanic Gardens<\/a><\/div><div class=\"doc\"><a href=\"https:\/\/climatetoolkit.org\/fr\/nature-positive-carbon-negative-an-interview-with-duke-farms\/\" target=\"_blank\">Nature positive, carbone n\u00e9gatif : Entretien avec Duke Farms<\/a><\/div><div class=\"doc\"><a href=\"https:\/\/climatetoolkit.org\/fr\/reducing-your-pesticide-and-fertilizer-use-with-integrated-pest-management\/\" target=\"_blank\">R\u00e9duire l'utilisation de pesticides et d'engrais gr\u00e2ce \u00e0 la lutte int\u00e9gr\u00e9e contre les ravageurs<\/a><\/div><div class=\"doc\"><a href=\"https:\/\/www.cutter.com\/article\/nature-positive-carbon-negative-reimagining-role-campuses-peri-urban-communities\" target=\"_blank\">R\u00e9imaginer le r\u00f4le des campus et des communaut\u00e9s p\u00e9riurbaines<\/a><\/div><\/div><\/div><div class=\"resource-columns\"><div class=\"resource-image\"><img decoding=\"async\" src=\"https:\/\/climatetoolkit.org\/wp-content\/uploads\/2021\/07\/investing-250x250.png\" alt=\"\" \/><\/div><div ><h2 class=\"category-header\">Investissements<\/h2><div class=\"doc\"><a href=\"https:\/\/climatetoolkit.org\/fr\/climate-toolkit-webinar-divesting-from-fossil-fuels-and-responsible-investing\/\" target=\"_blank\">Webinaire de la bo\u00eete \u00e0 outils sur le climat : D\u00e9sinvestir des combustibles fossiles et l'investissement responsable<\/a><\/div><div class=\"doc\"><a href=\"http:\/\/climatetoolkit.org\/wp-content\/uploads\/2020\/01\/Sustainable-Investing-1.pdf\" target=\"_blank\">L'investissement durable : Un guide pratique pour les mus\u00e9es (American Alliance of Museums)<\/a><\/div><\/div><\/div><div class=\"resource-columns\"><div class=\"resource-image\"><img decoding=\"async\" src=\"https:\/\/climatetoolkit.org\/wp-content\/uploads\/2021\/07\/network-250x250.png\" alt=\"\" \/><\/div><div ><h2 class=\"category-header\">Engagement<\/h2><div class=\"doc\"><a href=\"http:\/\/climatetoolkit.org\/wp-content\/uploads\/2019\/09\/Converting_to_Green_Energy.pdf\" target=\"_blank\">Tout le monde y gagne : Inciter les h\u00f4tes \u00e0 passer \u00e0 l'\u00e9nergie renouvelable pour alimenter leur maison en \u00e9lectricit\u00e9<\/a><\/div><div class=\"doc\"><a href=\"https:\/\/www.climate-heroes.org\/\" target=\"_blank\">H\u00e9ros de l'action climatique<\/a><\/div><div class=\"doc\"><a href=\"http:\/\/climatetoolkit.org\/wp-content\/uploads\/2019\/10\/Climate-Action.pdf\" target=\"_blank\">Action pour le climat : Il est temps d'agir<\/a><\/div><div class=\"doc\"><a href=\"https:\/\/www.climatecafe.eco\/\" target=\"_blank\">Climate Cafe NYC<\/a><\/div><div class=\"doc\"><a href=\"https:\/\/cornellbotanicgardens.org\/explore\/gardens\/climate-change-demonstration-garden\/\" target=\"_blank\">Jardin de d\u00e9monstration du changement climatique<\/a><\/div><div class=\"doc\"><a href=\"https:\/\/www.wildcenter.org\/our-work\/youth-climate-program\/resources\/\" target=\"_blank\">Ressources \u00e9ducatives sur le climat<\/a><\/div><div class=\"doc\"><a href=\"https:\/\/www.climateimaginarium.org\/\" target=\"_blank\">Imaginarium climatique<\/a><\/div><div class=\"doc\"><a href=\"https:\/\/www.amnh.org\/exhibitions\/permanent\/climate-learning-lab\" target=\"_blank\">Laboratoire d'apprentissage sur le climat<\/a><\/div><div class=\"doc\"><a href=\"https:\/\/www.amnh.org\/calendar\/climatefest\" target=\"_blank\">ClimateFest<\/a><\/div><div class=\"doc\"><a href=\"http:\/\/climatetoolkit.org\/wp-content\/uploads\/2019\/10\/Impact-of-Food-Choices.pdf\" target=\"_blank\">Choix alimentaires : Mordre \u00e0 pleines dents dans le changement climatique<\/a><\/div><div class=\"doc\"><a href=\"http:\/\/climatetoolkit.org\/wp-content\/uploads\/2019\/10\/Growing-Organic.pdf\" target=\"_blank\">L'agriculture biologique : Des aliments bons pour vous et pour la plan\u00e8te<\/a><\/div><div class=\"doc\"><a href=\"https:\/\/climatetoolkit.org\/fr\/nature-positive-carbon-negative-an-interview-with-duke-farms\/\" target=\"_blank\">Nature positive, carbone n\u00e9gatif : Entretien avec Duke Farms<\/a><\/div><div class=\"doc\"><a href=\"http:\/\/climatetoolkit.org\/wp-content\/uploads\/2019\/10\/Sustainable-Horticulture.pdf\" target=\"_blank\">Horticulture durable : Les bonnes plantes, les bons endroits, les bonnes pratiques<\/a><\/div><div class=\"doc\"><a href=\"https:\/\/climatetoolkit.org\/fr\/to-engage-employees-on-climate-action-hillwood-brings-the-heat\/\" target=\"_blank\">Pour inciter les employ\u00e9s \u00e0 agir en faveur du climat, Hillwood met le feu aux poudres<\/a><\/div><div class=\"doc\"><a href=\"https:\/\/climatetoolkit.org\/fr\/watch-the-climate-toolkit-webinar-climate-communication\/\" target=\"_blank\">Regardez le webinaire de la bo\u00eete \u00e0 outils sur le climat : Communication sur le climat - Comment parler du changement climatique \u00e0 vos parties prenantes ?<\/a><\/div><\/div><\/div><div class=\"resource-columns\"><div class=\"resource-image\"><img decoding=\"async\" src=\"https:\/\/climatetoolkit.org\/wp-content\/uploads\/2021\/07\/magnifying-glass-250x250.png\" alt=\"\" \/><\/div><div ><h2 class=\"category-header\">Recherche<\/h2><div class=\"doc\"><a href=\"https:\/\/climatetoolkit.org\/fr\/biochar-research-at-morton-arboretum\/\" target=\"_blank\">Recherche sur le biochar \u00e0 l'Arboretum de Morton<\/a><\/div><div class=\"doc\"><a href=\"https:\/\/holdenfg.org\/blog\/how-nonnative-plants-respond-to-climate-change-holden-arboretum-researchers-report\/\" target=\"_blank\">How Nonnative Plants Respond to Climate Change<\/a><\/div><div class=\"doc\"><a href=\"https:\/\/climatetoolkit.org\/fr\/nature-positive-carbon-negative-an-interview-with-duke-farms\/\" target=\"_blank\">Nature positive, carbone n\u00e9gatif : Entretien avec Duke Farms<\/a><\/div><div class=\"doc\"><a href=\"https:\/\/www.cutter.com\/article\/nature-positive-carbon-negative-reimagining-role-campuses-peri-urban-communities\" target=\"_blank\">R\u00e9imaginer le r\u00f4le des campus et des communaut\u00e9s p\u00e9riurbaines<\/a><\/div><div class=\"doc\"><a href=\"https:\/\/climatetoolkit.org\/fr\/sea-level-rise-initiative\/\" target=\"_blank\">Initiative sur l'\u00e9l\u00e9vation du niveau de la mer<\/a><\/div><div class=\"doc\"><a href=\"https:\/\/www.botaniska.se\/om-botaniska\/miljoarbete\/vader-och-klimat\/\" target=\"_blank\">M\u00e9t\u00e9o et climat<\/a><\/div><\/div><\/div><\/div><\/div>","protected":false},"excerpt":{"rendered":"<p>Biblioth\u00e8que de ressources<\/p>","protected":false},"author":1,"featured_media":0,"parent":0,"menu_order":0,"comment_status":"closed","ping_status":"closed","template":"","meta":{"_acf_changed":false,"inline_featured_image":false,"advgb_blocks_editor_width":"","advgb_blocks_columns_visual_guide":"","footnotes":""},"class_list":["post-2064","page","type-page","status-publish","hentry"],"acf":[],"yoast_head":"<!-- This site is optimized with the Yoast SEO plugin v27.4 - https:\/\/yoast.com\/product\/yoast-seo-wordpress\/ -->\n<title>Resource Library - The Climate Toolkit<\/title>\n<meta name=\"robots\" content=\"index, follow, max-snippet:-1, max-image-preview:large, max-video-preview:-1\" \/>\n<link rel=\"canonical\" href=\"https:\/\/climatetoolkit.org\/fr\/resource-library\/\" \/>\n<meta property=\"og:locale\" content=\"fr_FR\" \/>\n<meta property=\"og:type\" content=\"article\" \/>\n<meta property=\"og:title\" content=\"Resource Library - The Climate Toolkit\" \/>\n<meta property=\"og:description\" content=\"Resource Library\" \/>\n<meta property=\"og:url\" content=\"https:\/\/climatetoolkit.org\/fr\/resource-library\/\" \/>\n<meta property=\"og:site_name\" content=\"The Climate Toolkit\" \/>\n<meta property=\"article:modified_time\" content=\"2023-03-24T13:41:12+00:00\" \/>\n<meta name=\"twitter:card\" content=\"summary_large_image\" \/>\n<meta name=\"twitter:label1\" content=\"Dur\u00e9e de lecture estim\u00e9e\" \/>\n\t<meta name=\"twitter:data1\" content=\"1 minute\" \/>\n<script type=\"application\/ld+json\" class=\"yoast-schema-graph\">{\"@context\":\"https:\\\/\\\/schema.org\",\"@graph\":[{\"@type\":\"WebPage\",\"@id\":\"https:\\\/\\\/climatetoolkit.org\\\/resource-library\\\/\",\"url\":\"https:\\\/\\\/climatetoolkit.org\\\/resource-library\\\/\",\"name\":\"Resource Library - The Climate Toolkit\",\"isPartOf\":{\"@id\":\"https:\\\/\\\/climatetoolkit.org\\\/#website\"},\"datePublished\":\"2023-03-24T13:39:39+00:00\",\"dateModified\":\"2023-03-24T13:41:12+00:00\",\"breadcrumb\":{\"@id\":\"https:\\\/\\\/climatetoolkit.org\\\/resource-library\\\/#breadcrumb\"},\"inLanguage\":\"fr-FR\",\"potentialAction\":[{\"@type\":\"ReadAction\",\"target\":[\"https:\\\/\\\/climatetoolkit.org\\\/resource-library\\\/\"]}]},{\"@type\":\"BreadcrumbList\",\"@id\":\"https:\\\/\\\/climatetoolkit.org\\\/resource-library\\\/#breadcrumb\",\"itemListElement\":[{\"@type\":\"ListItem\",\"position\":1,\"name\":\"Home\",\"item\":\"https:\\\/\\\/climatetoolkit.org\\\/\"},{\"@type\":\"ListItem\",\"position\":2,\"name\":\"Resource Library\"}]},{\"@type\":\"WebSite\",\"@id\":\"https:\\\/\\\/climatetoolkit.org\\\/#website\",\"url\":\"https:\\\/\\\/climatetoolkit.org\\\/\",\"name\":\"The Climate Toolkit\",\"description\":\"For Museums, Gardens and Zoos\",\"publisher\":{\"@id\":\"https:\\\/\\\/climatetoolkit.org\\\/#organization\"},\"potentialAction\":[{\"@type\":\"SearchAction\",\"target\":{\"@type\":\"EntryPoint\",\"urlTemplate\":\"https:\\\/\\\/climatetoolkit.org\\\/?s={search_term_string}\"},\"query-input\":{\"@type\":\"PropertyValueSpecification\",\"valueRequired\":true,\"valueName\":\"search_term_string\"}}],\"inLanguage\":\"fr-FR\"},{\"@type\":\"Organization\",\"@id\":\"https:\\\/\\\/climatetoolkit.org\\\/#organization\",\"name\":\"The Climate Toolkit\",\"url\":\"https:\\\/\\\/climatetoolkit.org\\\/\",\"logo\":{\"@type\":\"ImageObject\",\"inLanguage\":\"fr-FR\",\"@id\":\"https:\\\/\\\/climatetoolkit.org\\\/#\\\/schema\\\/logo\\\/image\\\/\",\"url\":\"https:\\\/\\\/climatetoolkit.org\\\/wp-content\\\/uploads\\\/2020\\\/05\\\/C_logo.png\",\"contentUrl\":\"https:\\\/\\\/climatetoolkit.org\\\/wp-content\\\/uploads\\\/2020\\\/05\\\/C_logo.png\",\"width\":512,\"height\":512,\"caption\":\"The Climate Toolkit\"},\"image\":{\"@id\":\"https:\\\/\\\/climatetoolkit.org\\\/#\\\/schema\\\/logo\\\/image\\\/\"}}]}<\/script>\n<!-- \/ Yoast SEO plugin. -->","yoast_head_json":{"title":"Resource Library - The Climate Toolkit","robots":{"index":"index","follow":"follow","max-snippet":"max-snippet:-1","max-image-preview":"max-image-preview:large","max-video-preview":"max-video-preview:-1"},"canonical":"https:\/\/climatetoolkit.org\/fr\/resource-library\/","og_locale":"fr_FR","og_type":"article","og_title":"Resource Library - The Climate Toolkit","og_description":"Resource Library","og_url":"https:\/\/climatetoolkit.org\/fr\/resource-library\/","og_site_name":"The Climate Toolkit","article_modified_time":"2023-03-24T13:41:12+00:00","twitter_card":"summary_large_image","twitter_misc":{"Dur\u00e9e de lecture estim\u00e9e":"1 minute"},"schema":{"@context":"https:\/\/schema.org","@graph":[{"@type":"WebPage","@id":"https:\/\/climatetoolkit.org\/resource-library\/","url":"https:\/\/climatetoolkit.org\/resource-library\/","name":"Resource Library - The Climate Toolkit","isPartOf":{"@id":"https:\/\/climatetoolkit.org\/#website"},"datePublished":"2023-03-24T13:39:39+00:00","dateModified":"2023-03-24T13:41:12+00:00","breadcrumb":{"@id":"https:\/\/climatetoolkit.org\/resource-library\/#breadcrumb"},"inLanguage":"fr-FR","potentialAction":[{"@type":"ReadAction","target":["https:\/\/climatetoolkit.org\/resource-library\/"]}]},{"@type":"BreadcrumbList","@id":"https:\/\/climatetoolkit.org\/resource-library\/#breadcrumb","itemListElement":[{"@type":"ListItem","position":1,"name":"Home","item":"https:\/\/climatetoolkit.org\/"},{"@type":"ListItem","position":2,"name":"Resource Library"}]},{"@type":"WebSite","@id":"https:\/\/climatetoolkit.org\/#website","url":"https:\/\/climatetoolkit.org\/","name":"La bo\u00eete \u00e0 outils sur le climat","description":"Pour les mus\u00e9es, les jardins et les zoos","publisher":{"@id":"https:\/\/climatetoolkit.org\/#organization"},"potentialAction":[{"@type":"SearchAction","target":{"@type":"EntryPoint","urlTemplate":"https:\/\/climatetoolkit.org\/?s={search_term_string}"},"query-input":{"@type":"PropertyValueSpecification","valueRequired":true,"valueName":"search_term_string"}}],"inLanguage":"fr-FR"},{"@type":"Organization","@id":"https:\/\/climatetoolkit.org\/#organization","name":"La bo\u00eete \u00e0 outils sur le climat","url":"https:\/\/climatetoolkit.org\/","logo":{"@type":"ImageObject","inLanguage":"fr-FR","@id":"https:\/\/climatetoolkit.org\/#\/schema\/logo\/image\/","url":"https:\/\/climatetoolkit.org\/wp-content\/uploads\/2020\/05\/C_logo.png","contentUrl":"https:\/\/climatetoolkit.org\/wp-content\/uploads\/2020\/05\/C_logo.png","width":512,"height":512,"caption":"The Climate Toolkit"},"image":{"@id":"https:\/\/climatetoolkit.org\/#\/schema\/logo\/image\/"}}]}},"coauthors":[],"author_meta":{"author_link":"https:\/\/climatetoolkit.org\/fr\/author\/webmaster\/","display_name":"Web Master"},"relative_dates":{"created":"Publi\u00e9 3 ans il y a","modified":"Mis \u00e0 jour 3 ans il y a"},"absolute_dates":{"created":"Publi\u00e9 le mars 24, 2023","modified":"Mise \u00e0 jour le mars 24, 2023"},"absolute_dates_time":{"created":"Publi\u00e9 le mars 24, 2023 9:39 am","modified":"Mise \u00e0 jour le mars 24, 2023 9:41 am"},"featured_img_caption":"","featured_img":false,"series_order":"","_links":{"self":[{"href":"https:\/\/climatetoolkit.org\/fr\/wp-json\/wp\/v2\/pages\/2064","targetHints":{"allow":["GET"]}}],"collection":[{"href":"https:\/\/climatetoolkit.org\/fr\/wp-json\/wp\/v2\/pages"}],"about":[{"href":"https:\/\/climatetoolkit.org\/fr\/wp-json\/wp\/v2\/types\/page"}],"author":[{"embeddable":true,"href":"https:\/\/climatetoolkit.org\/fr\/wp-json\/wp\/v2\/users\/1"}],"replies":[{"embeddable":true,"href":"https:\/\/climatetoolkit.org\/fr\/wp-json\/wp\/v2\/comments?post=2064"}],"version-history":[{"count":0,"href":"https:\/\/climatetoolkit.org\/fr\/wp-json\/wp\/v2\/pages\/2064\/revisions"}],"wp:attachment":[{"href":"https:\/\/climatetoolkit.org\/fr\/wp-json\/wp\/v2\/media?parent=2064"}],"curies":[{"name":"wp","href":"https:\/\/api.w.org\/{rel}","templated":true}]}}