{"id":1495,"date":"2022-03-03T14:16:05","date_gmt":"2022-03-03T19:16:05","guid":{"rendered":"https:\/\/climatetoolkit.org\/?page_id=1495"},"modified":"2026-03-13T14:44:52","modified_gmt":"2026-03-13T18:44:52","slug":"welcome-to-the-climate-toolkit","status":"publish","type":"page","link":"https:\/\/climatetoolkit.org\/fr\/welcome-to-the-climate-toolkit\/","title":{"rendered":"Bienvenue dans la bo\u00eete \u00e0 outils sur le climat"},"content":{"rendered":"<h1 align=\"center\">Welcome to The Climate Toolkit<\/h1>\n\n\n<div class=\"wp-block-image\">\n<figure class=\"alignright size-large is-resized advgb-dyn-da175106\"><img decoding=\"async\" width=\"1024\" height=\"682\" src=\"https:\/\/climatetoolkit.org\/wp-content\/uploads\/2022\/02\/Richard-Headshot-1024x682.jpeg\" alt=\"\" class=\"wp-image-1496\" style=\"width:397px;height:265px\" srcset=\"https:\/\/climatetoolkit.org\/wp-content\/uploads\/2022\/02\/Richard-Headshot-1024x682.jpeg 1024w, https:\/\/climatetoolkit.org\/wp-content\/uploads\/2022\/02\/Richard-Headshot-300x200.jpeg 300w, https:\/\/climatetoolkit.org\/wp-content\/uploads\/2022\/02\/Richard-Headshot-768x512.jpeg 768w, https:\/\/climatetoolkit.org\/wp-content\/uploads\/2022\/02\/Richard-Headshot-100x67.jpeg 100w, https:\/\/climatetoolkit.org\/wp-content\/uploads\/2022\/02\/Richard-Headshot-150x100.jpeg 150w, https:\/\/climatetoolkit.org\/wp-content\/uploads\/2022\/02\/Richard-Headshot-200x133.jpeg 200w, https:\/\/climatetoolkit.org\/wp-content\/uploads\/2022\/02\/Richard-Headshot-450x300.jpeg 450w, https:\/\/climatetoolkit.org\/wp-content\/uploads\/2022\/02\/Richard-Headshot-600x400.jpeg 600w, https:\/\/climatetoolkit.org\/wp-content\/uploads\/2022\/02\/Richard-Headshot-900x600.jpeg 900w, https:\/\/climatetoolkit.org\/wp-content\/uploads\/2022\/02\/Richard-Headshot.jpeg 1280w\" sizes=\"(max-width: 1024px) 100vw, 1024px\" \/><\/figure>\n<\/div>\n\n\n<p>Chers visiteurs de la bo\u00eete \u00e0 outils sur le climat, <\/p>\n\n\n\n<p>It wasn\u2019t long ago that many of us in the world of cultural institutions felt that if our mission didn\u2019t explicitly state that we should be concerned with the environment and climate change, we were off the hook \u2014 to attend to these concerns was a form of \u201cmission creep,\u201d and environmental initiatives were best led by environmental causes. But times have changed, and they have changed rapidly: science tells us that climate change is real, advancing at an alarming rate and that it will affect everyone and everything on the planet. Today, the trust that we have established in the communities we serve and our decades of commitment to the exploration of science, history, art, and nature compel us to not only address these issues but to emerge as the leaders of change in our regions and beyond. Each and every one of us must do all we can as quickly as we can.<\/p>\n\n\n\n<p>La cause premi\u00e8re du changement climatique est le mode de vie que nous menons et la fa\u00e7on dont nous concevons notre relation au monde.  La bo\u00eete \u00e0 outils a \u00e9t\u00e9 cr\u00e9\u00e9e pour aborder les questions li\u00e9es au mode de vie et pour nous encourager \u00e0 voir le monde d'un point de vue r\u00e9g\u00e9n\u00e9rateur. Nous reconnaissons que chaque organisation, communaut\u00e9 et bior\u00e9gion est unique et que chacun d'entre nous devra \u00e9tablir des priorit\u00e9s dans les domaines les plus importants pour sa situation \u00e0 mesure qu'il d\u00e9veloppera sa capacit\u00e9 et celle de sa communaut\u00e9 \u00e0 agir. Nous avons sugg\u00e9r\u00e9 des mesures dans plusieurs domaines cl\u00e9s pour vous aider \u00e0 d\u00e9marrer, et nous esp\u00e9rons que vous irez au-del\u00e0 de ces suggestions pour trouver de nouveaux points d'intervention o\u00f9 vous pourrez avoir le plus d'impact.<\/p>\n\n\n\n<p>L'un des principaux avantages de la bo\u00eete \u00e0 outils est qu'elle a \u00e9t\u00e9 con\u00e7ue pour permettre aux organisations de partager ce qu'elles font, de faciliter le mentorat et d'offrir l'occasion d'apprendre de nouvelles fa\u00e7ons de lutter contre le changement climatique aupr\u00e8s d'autres acteurs du secteur.<\/p>\n\n\n\n<p>Depuis de nombreuses ann\u00e9es que nous menons des initiatives de d\u00e9veloppement durable \u00e0 Phipps, nous avons constat\u00e9 que nous ne pouvons pas att\u00e9nuer le changement climatique par l'action d'une seule institution ou d'un seul individu.&nbsp;<strong>Nous devons travailler ensemble.<\/strong>&nbsp;Nos services de l'\u00e9ducation, des installations, du d\u00e9veloppement durable, du marketing, de l'horticulture, des collections et autres ont jou\u00e9 un r\u00f4le essentiel dans la mise en place de pratiques et dans la poursuite des travaux visant \u00e0 lutter contre le changement climatique tout en \u00e9tant actifs au sein de notre communaut\u00e9. Si les institutions publiques et leurs professionnels travaillent ensemble, nous pouvons partager des informations pr\u00e9cieuses et des mod\u00e8les de r\u00e9ussite, aider \u00e0 r\u00e9pondre aux questions des autres, impliquer nos communaut\u00e9s et nous soutenir mutuellement dans nos parcours de d\u00e9veloppement durable.<\/p>\n\n\n\n<p>Prenez le temps de lire quelques-uns de nos articles. <a href=\"https:\/\/climatetoolkit.org\/fr\/blog\/\">articles \u00e9ducatifs<\/a>Regardez quelques-uns de nos <a href=\"https:\/\/climatetoolkit.org\/fr\/webinars\/\">s\u00e9minaires en ligne<\/a>et inscrivez-vous \u00e0 notre <a href=\"https:\/\/climatetoolkit.org\/fr\/newsletter\/\">bulletin d'information<\/a>! Nous nous r\u00e9jouissons d'entrer en contact avec vous - et il n'y a pas de limite \u00e0 ce que nous pouvons accomplir ensemble.<\/p>\n\n\n\n<p>Je vous prie d'agr\u00e9er, Monsieur le Pr\u00e9sident, l'expression de mes sentiments distingu\u00e9s,<\/p>\n\n\n\n<figure class=\"wp-block-image is-resized\"><img decoding=\"async\" src=\"https:\/\/www.phipps.conservatory.org\/assets\/images\/as_art_image\/rvpsig.png\" alt=\"\" style=\"width:163px;height:50px\"\/><\/figure>\n\n\n\n<p><strong>Richard V. Piacentini<\/strong><br>Pr\u00e9sident et directeur g\u00e9n\u00e9ral <br>Conservatoire et jardins botaniques Phipps<\/p>","protected":false},"excerpt":{"rendered":"<p>Welcome to The Climate Toolkit Dear Climate Toolkit Visitors, It wasn\u2019t long ago that many of us in the world of cultural institutions felt that if our mission didn\u2019t explicitly state that we should be concerned with the environment and &hellip;<\/p>\n<p class=\"read-more\"> <a class=\"\" href=\"https:\/\/climatetoolkit.org\/fr\/welcome-to-the-climate-toolkit\/\"> <span class=\"screen-reader-text\">Bienvenue dans la bo\u00eete \u00e0 outils sur le climat<\/span> Lire la suite \"<\/a><\/p>","protected":false},"author":2,"featured_media":0,"parent":0,"menu_order":0,"comment_status":"closed","ping_status":"closed","template":"","meta":{"_acf_changed":false,"inline_featured_image":false,"advgb_blocks_editor_width":"","advgb_blocks_columns_visual_guide":"","footnotes":""},"class_list":["post-1495","page","type-page","status-publish","hentry"],"acf":[],"yoast_head":"<!-- This site is optimized with the Yoast SEO plugin v27.4 - https:\/\/yoast.com\/product\/yoast-seo-wordpress\/ -->\n<title>Welcome to the Climate Toolkit - The Climate Toolkit<\/title>\n<meta name=\"robots\" content=\"index, follow, max-snippet:-1, max-image-preview:large, max-video-preview:-1\" \/>\n<link rel=\"canonical\" href=\"https:\/\/climatetoolkit.org\/fr\/welcome-to-the-climate-toolkit\/\" \/>\n<meta property=\"og:locale\" content=\"fr_FR\" \/>\n<meta property=\"og:type\" content=\"article\" \/>\n<meta property=\"og:title\" content=\"Welcome to the Climate Toolkit - The Climate Toolkit\" \/>\n<meta property=\"og:description\" content=\"Welcome to The Climate Toolkit Dear Climate Toolkit Visitors, It wasn\u2019t long ago that many of us in the world of cultural institutions felt that if our mission didn\u2019t explicitly state that we should be concerned with the environment and &hellip; Welcome to the Climate Toolkit Read More &raquo;\" \/>\n<meta property=\"og:url\" content=\"https:\/\/climatetoolkit.org\/fr\/welcome-to-the-climate-toolkit\/\" \/>\n<meta property=\"og:site_name\" content=\"The Climate Toolkit\" \/>\n<meta property=\"article:modified_time\" content=\"2026-03-13T18:44:52+00:00\" \/>\n<meta property=\"og:image\" content=\"https:\/\/climatetoolkit.org\/wp-content\/uploads\/2022\/02\/Richard-Headshot.jpeg\" \/>\n\t<meta property=\"og:image:width\" content=\"1280\" \/>\n\t<meta property=\"og:image:height\" content=\"853\" \/>\n\t<meta property=\"og:image:type\" content=\"image\/jpeg\" \/>\n<meta name=\"twitter:card\" content=\"summary_large_image\" \/>\n<meta name=\"twitter:label1\" content=\"Dur\u00e9e de lecture estim\u00e9e\" \/>\n\t<meta name=\"twitter:data1\" content=\"3 minutes\" \/>\n<script type=\"application\/ld+json\" class=\"yoast-schema-graph\">{\"@context\":\"https:\\\/\\\/schema.org\",\"@graph\":[{\"@type\":\"WebPage\",\"@id\":\"https:\\\/\\\/climatetoolkit.org\\\/welcome-to-the-climate-toolkit\\\/\",\"url\":\"https:\\\/\\\/climatetoolkit.org\\\/welcome-to-the-climate-toolkit\\\/\",\"name\":\"Welcome to the Climate Toolkit - The Climate Toolkit\",\"isPartOf\":{\"@id\":\"https:\\\/\\\/climatetoolkit.org\\\/#website\"},\"primaryImageOfPage\":{\"@id\":\"https:\\\/\\\/climatetoolkit.org\\\/welcome-to-the-climate-toolkit\\\/#primaryimage\"},\"image\":{\"@id\":\"https:\\\/\\\/climatetoolkit.org\\\/welcome-to-the-climate-toolkit\\\/#primaryimage\"},\"thumbnailUrl\":\"https:\\\/\\\/climatetoolkit.org\\\/wp-content\\\/uploads\\\/2022\\\/02\\\/Richard-Headshot-1024x682.jpeg\",\"datePublished\":\"2022-03-03T19:16:05+00:00\",\"dateModified\":\"2026-03-13T18:44:52+00:00\",\"breadcrumb\":{\"@id\":\"https:\\\/\\\/climatetoolkit.org\\\/welcome-to-the-climate-toolkit\\\/#breadcrumb\"},\"inLanguage\":\"fr-FR\",\"potentialAction\":[{\"@type\":\"ReadAction\",\"target\":[\"https:\\\/\\\/climatetoolkit.org\\\/welcome-to-the-climate-toolkit\\\/\"]}]},{\"@type\":\"ImageObject\",\"inLanguage\":\"fr-FR\",\"@id\":\"https:\\\/\\\/climatetoolkit.org\\\/welcome-to-the-climate-toolkit\\\/#primaryimage\",\"url\":\"https:\\\/\\\/climatetoolkit.org\\\/wp-content\\\/uploads\\\/2022\\\/02\\\/Richard-Headshot-1024x682.jpeg\",\"contentUrl\":\"https:\\\/\\\/climatetoolkit.org\\\/wp-content\\\/uploads\\\/2022\\\/02\\\/Richard-Headshot-1024x682.jpeg\"},{\"@type\":\"BreadcrumbList\",\"@id\":\"https:\\\/\\\/climatetoolkit.org\\\/welcome-to-the-climate-toolkit\\\/#breadcrumb\",\"itemListElement\":[{\"@type\":\"ListItem\",\"position\":1,\"name\":\"Home\",\"item\":\"https:\\\/\\\/climatetoolkit.org\\\/\"},{\"@type\":\"ListItem\",\"position\":2,\"name\":\"Welcome to the Climate Toolkit\"}]},{\"@type\":\"WebSite\",\"@id\":\"https:\\\/\\\/climatetoolkit.org\\\/#website\",\"url\":\"https:\\\/\\\/climatetoolkit.org\\\/\",\"name\":\"The Climate Toolkit\",\"description\":\"For Museums, Gardens and Zoos\",\"publisher\":{\"@id\":\"https:\\\/\\\/climatetoolkit.org\\\/#organization\"},\"potentialAction\":[{\"@type\":\"SearchAction\",\"target\":{\"@type\":\"EntryPoint\",\"urlTemplate\":\"https:\\\/\\\/climatetoolkit.org\\\/?s={search_term_string}\"},\"query-input\":{\"@type\":\"PropertyValueSpecification\",\"valueRequired\":true,\"valueName\":\"search_term_string\"}}],\"inLanguage\":\"fr-FR\"},{\"@type\":\"Organization\",\"@id\":\"https:\\\/\\\/climatetoolkit.org\\\/#organization\",\"name\":\"The Climate Toolkit\",\"url\":\"https:\\\/\\\/climatetoolkit.org\\\/\",\"logo\":{\"@type\":\"ImageObject\",\"inLanguage\":\"fr-FR\",\"@id\":\"https:\\\/\\\/climatetoolkit.org\\\/#\\\/schema\\\/logo\\\/image\\\/\",\"url\":\"https:\\\/\\\/climatetoolkit.org\\\/wp-content\\\/uploads\\\/2020\\\/05\\\/C_logo.png\",\"contentUrl\":\"https:\\\/\\\/climatetoolkit.org\\\/wp-content\\\/uploads\\\/2020\\\/05\\\/C_logo.png\",\"width\":512,\"height\":512,\"caption\":\"The Climate Toolkit\"},\"image\":{\"@id\":\"https:\\\/\\\/climatetoolkit.org\\\/#\\\/schema\\\/logo\\\/image\\\/\"}}]}<\/script>\n<!-- \/ Yoast SEO plugin. -->","yoast_head_json":{"title":"Bienvenue dans la bo\u00eete \u00e0 outils sur le climat - La bo\u00eete \u00e0 outils sur le climat","robots":{"index":"index","follow":"follow","max-snippet":"max-snippet:-1","max-image-preview":"max-image-preview:large","max-video-preview":"max-video-preview:-1"},"canonical":"https:\/\/climatetoolkit.org\/fr\/welcome-to-the-climate-toolkit\/","og_locale":"fr_FR","og_type":"article","og_title":"Welcome to the Climate Toolkit - The Climate Toolkit","og_description":"Welcome to The Climate Toolkit Dear Climate Toolkit Visitors, It wasn\u2019t long ago that many of us in the world of cultural institutions felt that if our mission didn\u2019t explicitly state that we should be concerned with the environment and &hellip; Welcome to the Climate Toolkit Read More &raquo;","og_url":"https:\/\/climatetoolkit.org\/fr\/welcome-to-the-climate-toolkit\/","og_site_name":"The Climate Toolkit","article_modified_time":"2026-03-13T18:44:52+00:00","og_image":[{"width":1280,"height":853,"url":"https:\/\/climatetoolkit.org\/wp-content\/uploads\/2022\/02\/Richard-Headshot.jpeg","type":"image\/jpeg"}],"twitter_card":"summary_large_image","twitter_misc":{"Dur\u00e9e de lecture estim\u00e9e":"3 minutes"},"schema":{"@context":"https:\/\/schema.org","@graph":[{"@type":"WebPage","@id":"https:\/\/climatetoolkit.org\/welcome-to-the-climate-toolkit\/","url":"https:\/\/climatetoolkit.org\/welcome-to-the-climate-toolkit\/","name":"Bienvenue dans la bo\u00eete \u00e0 outils sur le climat - La bo\u00eete \u00e0 outils sur le climat","isPartOf":{"@id":"https:\/\/climatetoolkit.org\/#website"},"primaryImageOfPage":{"@id":"https:\/\/climatetoolkit.org\/welcome-to-the-climate-toolkit\/#primaryimage"},"image":{"@id":"https:\/\/climatetoolkit.org\/welcome-to-the-climate-toolkit\/#primaryimage"},"thumbnailUrl":"https:\/\/climatetoolkit.org\/wp-content\/uploads\/2022\/02\/Richard-Headshot-1024x682.jpeg","datePublished":"2022-03-03T19:16:05+00:00","dateModified":"2026-03-13T18:44:52+00:00","breadcrumb":{"@id":"https:\/\/climatetoolkit.org\/welcome-to-the-climate-toolkit\/#breadcrumb"},"inLanguage":"fr-FR","potentialAction":[{"@type":"ReadAction","target":["https:\/\/climatetoolkit.org\/welcome-to-the-climate-toolkit\/"]}]},{"@type":"ImageObject","inLanguage":"fr-FR","@id":"https:\/\/climatetoolkit.org\/welcome-to-the-climate-toolkit\/#primaryimage","url":"https:\/\/climatetoolkit.org\/wp-content\/uploads\/2022\/02\/Richard-Headshot-1024x682.jpeg","contentUrl":"https:\/\/climatetoolkit.org\/wp-content\/uploads\/2022\/02\/Richard-Headshot-1024x682.jpeg"},{"@type":"BreadcrumbList","@id":"https:\/\/climatetoolkit.org\/welcome-to-the-climate-toolkit\/#breadcrumb","itemListElement":[{"@type":"ListItem","position":1,"name":"Home","item":"https:\/\/climatetoolkit.org\/"},{"@type":"ListItem","position":2,"name":"Welcome to the Climate Toolkit"}]},{"@type":"WebSite","@id":"https:\/\/climatetoolkit.org\/#website","url":"https:\/\/climatetoolkit.org\/","name":"La bo\u00eete \u00e0 outils sur le climat","description":"Pour les mus\u00e9es, les jardins et les zoos","publisher":{"@id":"https:\/\/climatetoolkit.org\/#organization"},"potentialAction":[{"@type":"SearchAction","target":{"@type":"EntryPoint","urlTemplate":"https:\/\/climatetoolkit.org\/?s={search_term_string}"},"query-input":{"@type":"PropertyValueSpecification","valueRequired":true,"valueName":"search_term_string"}}],"inLanguage":"fr-FR"},{"@type":"Organization","@id":"https:\/\/climatetoolkit.org\/#organization","name":"La bo\u00eete \u00e0 outils sur le climat","url":"https:\/\/climatetoolkit.org\/","logo":{"@type":"ImageObject","inLanguage":"fr-FR","@id":"https:\/\/climatetoolkit.org\/#\/schema\/logo\/image\/","url":"https:\/\/climatetoolkit.org\/wp-content\/uploads\/2020\/05\/C_logo.png","contentUrl":"https:\/\/climatetoolkit.org\/wp-content\/uploads\/2020\/05\/C_logo.png","width":512,"height":512,"caption":"The Climate Toolkit"},"image":{"@id":"https:\/\/climatetoolkit.org\/#\/schema\/logo\/image\/"}}]}},"coauthors":[],"author_meta":{"author_link":"https:\/\/climatetoolkit.org\/fr\/author\/joe\/","display_name":"joe reed"},"relative_dates":{"created":"Publi\u00e9 4 ans il y a","modified":"Mis \u00e0 jour 1 mois il y a"},"absolute_dates":{"created":"Publi\u00e9 le mars 3, 2022","modified":"Mise \u00e0 jour le mars 13, 2026"},"absolute_dates_time":{"created":"Publi\u00e9 le mars 3, 2022 2:16 pm","modified":"Mise \u00e0 jour le mars 13, 2026 2:44 pm"},"featured_img_caption":"","featured_img":false,"series_order":"","_links":{"self":[{"href":"https:\/\/climatetoolkit.org\/fr\/wp-json\/wp\/v2\/pages\/1495","targetHints":{"allow":["GET"]}}],"collection":[{"href":"https:\/\/climatetoolkit.org\/fr\/wp-json\/wp\/v2\/pages"}],"about":[{"href":"https:\/\/climatetoolkit.org\/fr\/wp-json\/wp\/v2\/types\/page"}],"author":[{"embeddable":true,"href":"https:\/\/climatetoolkit.org\/fr\/wp-json\/wp\/v2\/users\/2"}],"replies":[{"embeddable":true,"href":"https:\/\/climatetoolkit.org\/fr\/wp-json\/wp\/v2\/comments?post=1495"}],"version-history":[{"count":2,"href":"https:\/\/climatetoolkit.org\/fr\/wp-json\/wp\/v2\/pages\/1495\/revisions"}],"predecessor-version":[{"id":5586,"href":"https:\/\/climatetoolkit.org\/fr\/wp-json\/wp\/v2\/pages\/1495\/revisions\/5586"}],"wp:attachment":[{"href":"https:\/\/climatetoolkit.org\/fr\/wp-json\/wp\/v2\/media?parent=1495"}],"curies":[{"name":"wp","href":"https:\/\/api.w.org\/{rel}","templated":true}]}}