{"id":987,"date":"2021-08-16T13:46:24","date_gmt":"2021-08-16T17:46:24","guid":{"rendered":"https:\/\/climatetoolkit.org\/?page_id=987"},"modified":"2023-03-16T14:01:52","modified_gmt":"2023-03-16T18:01:52","slug":"how-to-join-the-climate-toolkit","status":"publish","type":"page","link":"https:\/\/climatetoolkit.org\/es\/how-to-join-the-climate-toolkit\/","title":{"rendered":"How to Join the Climate Toolkit"},"content":{"rendered":"<p>Invitamos a todos los jardines, arboretos, museos, centros cient\u00edficos, acuarios y zool\u00f3gicos a unirse al Conjunto de herramientas sobre el clima. El Conjunto de Herramientas re\u00fane a organizaciones para trabajar en pro de los objetivos y retos clim\u00e1ticos. Todas las organizaciones son bienvenidas; <strong>no importa<\/strong> <strong>d\u00f3nde se encuentra en<\/strong> <strong>estamos aqu\u00ed para ayudarle a dar los siguientes pasos<\/strong>. <\/p>\n\n\n\n<p>Para formar parte del conjunto de herramientas, pedimos a todas las instituciones que rellenen nuestro breve formulario de solicitud. En \u00e9l se le pedir\u00e1: <\/p>\n\n\n\n<ol class=\"wp-block-list\">\n<li>Declarar un <strong>\u00e1rea de inter\u00e9s <\/strong>(a elegir entre energ\u00eda, agua, servicios alimentarios, transporte, residuos, paisajes y horticultura, inversi\u00f3n, visitantes o investigaci\u00f3n);<\/li>\n\n\n\n<li>Seleccione las casillas correspondientes a su <strong>progreso de los objetivos<\/strong> en esa \u00e1rea de inter\u00e9s; y<\/li>\n\n\n\n<li>Opcionalmente, elija objetivos adicionales sobre los que compartir informaci\u00f3n.<\/li>\n<\/ol>\n\n\n\n<p>Una vez cumplimentado el formulario, un miembro de nuestro personal se pondr\u00e1 en contacto con usted. Si tiene alguna pregunta, env\u00ede un correo electr\u00f3nico: <a href=\"mailto:climatetoolkit@phipps.conservatory.org\"><strong>climatetoolkit@phipps.conservatory.org<\/strong><\/a>.<\/p>\n\n\n\n<h2 class=\"wp-block-heading\">Actualice su perfil<\/h2>\n\n\n\n<p>El Climate Toolkit ha creado un formulario en el que las instituciones pueden informarnos sobre sus objetivos, cambios en las \u00e1reas de inter\u00e9s, nuevas iniciativas y mucho m\u00e1s. Si desea actualizar sus objetivos de acci\u00f3n por el clima, por favor <strong><a href=\"https:\/\/climatetoolkit.org\/es\/the-climate-toolkit-update\/\">rellene nuestro formulario de actualizaci\u00f3n<\/a><\/strong> o <a href=\"mailto:climatetoolkit@phipps.conservatory.org\"><strong>env\u00edenos un correo electr\u00f3nico<\/strong><\/a>. <\/p>\n\n\n\n<ul class=\"wp-block-list\">\n<li><a href=\"https:\/\/climatetoolkit.org\/es\/the-climate-toolkit-update\/\">Actualice su perfil<\/a><\/li>\n<\/ul>\n\n\n\n<h2 class=\"wp-block-heading\">Preguntas frecuentes<\/h2>\n\n\n<div\n\t\t\t\n\t\t\tclass=\"so-widget-sow-accordion so-widget-sow-accordion-default-5674beebb4fa\"\n\t\t\t\n\t\t><div>\n\t<div class=\"sow-accordion\">\n\t\t\t<div class=\"sow-accordion-panel\"\n\t\t\t\tdata-anchor-id=\"what-if-my-institution-has-only-completed-one-goal\">\n\t\t\t\t\t<div class=\"sow-accordion-panel-header-container\" role=\"heading\" aria-level=\"2\">\n\t\t\t\t\t<div class=\"sow-accordion-panel-header\" tabindex=\"0\" role=\"button\" id=\"accordion-label-what-if-my-institution-has-only-completed-one-goal\" aria-controls=\"accordion-content-what-if-my-institution-has-only-completed-one-goal\" aria-expanded=\"false\">\n\t\t\t\t\t\t<div class=\"sow-accordion-title sow-accordion-title-icon-left\">\n\t\t\t\t\t\t\t\t\t\t\t\t\t\t\u00bfQu\u00e9 ocurre si mi instituci\u00f3n s\u00f3lo ha completado un objetivo? \t\t\t\t\t\t\t\t\t\t\t\t\t<\/div>\n\t\t\t\t\t\t<div class=\"sow-accordion-open-close-button\">\n\t\t\t\t\t\t\t<div class=\"sow-accordion-open-button\">\n\t\t\t\t\t\t\t\t<span class=\"sow-icon-ionicons\" data-sow-icon=\"&#xf218;\"\n\t\t \n\t\taria-hidden=\"true\"><\/span>\t\t\t\t\t\t\t<\/div>\n\t\t\t\t\t\t\t<div class=\"sow-accordion-close-button\">\n\t\t\t\t\t\t\t\t<span class=\"sow-icon-ionicons\" data-sow-icon=\"&#xf209;\"\n\t\t \n\t\taria-hidden=\"true\"><\/span>\t\t\t\t\t\t\t<\/div>\n\t\t\t\t\t\t<\/div>\n\t\t\t\t\t<\/div>\n\t\t\t\t<\/div>\n\n\t\t\t<div\n\t\t\t\tclass=\"sow-accordion-panel-content\"\n\t\t\t\trole=\"region\"\n\t\t\t\taria-labelledby=\"accordion-label-what-if-my-institution-has-only-completed-one-goal\"\n\t\t\t\tid=\"accordion-content-what-if-my-institution-has-only-completed-one-goal\"\n\t\t\t\tstyle=\"display: none;\"\t\t\t>\n\t\t\t\t<div class=\"sow-accordion-panel-border\">\n\t\t\t\t\t<p>\u00a1No pasa nada! El Kit de herramientas sobre el clima est\u00e1 dirigido a todas las instituciones, independientemente de d\u00f3nde se encuentren en su camino hacia la acci\u00f3n por el clima. El Kit se cre\u00f3 para ayudar a las instituciones a debatir y colaborar para ser m\u00e1s sostenibles, y sus pr\u00f3ximos pasos pueden empezar ahora mismo.<\/p>\n\t\t\t\t<\/div>\n\t\t\t<\/div>\n\t\t<\/div>\n\t\t\t<div class=\"sow-accordion-panel\"\n\t\t\t\tdata-anchor-id=\"what-are-the-requirements-of-joining-the-climate-toolkit\">\n\t\t\t\t\t<div class=\"sow-accordion-panel-header-container\" role=\"heading\" aria-level=\"2\">\n\t\t\t\t\t<div class=\"sow-accordion-panel-header\" tabindex=\"0\" role=\"button\" id=\"accordion-label-what-are-the-requirements-of-joining-the-climate-toolkit\" aria-controls=\"accordion-content-what-are-the-requirements-of-joining-the-climate-toolkit\" aria-expanded=\"false\">\n\t\t\t\t\t\t<div class=\"sow-accordion-title sow-accordion-title-icon-left\">\n\t\t\t\t\t\t\t\t\t\t\t\t\t\t\u00bfCu\u00e1les son los requisitos para adherirse al Conjunto de herramientas sobre el clima?\t\t\t\t\t\t\t\t\t\t\t\t\t<\/div>\n\t\t\t\t\t\t<div class=\"sow-accordion-open-close-button\">\n\t\t\t\t\t\t\t<div class=\"sow-accordion-open-button\">\n\t\t\t\t\t\t\t\t<span class=\"sow-icon-ionicons\" data-sow-icon=\"&#xf218;\"\n\t\t \n\t\taria-hidden=\"true\"><\/span>\t\t\t\t\t\t\t<\/div>\n\t\t\t\t\t\t\t<div class=\"sow-accordion-close-button\">\n\t\t\t\t\t\t\t\t<span class=\"sow-icon-ionicons\" data-sow-icon=\"&#xf209;\"\n\t\t \n\t\taria-hidden=\"true\"><\/span>\t\t\t\t\t\t\t<\/div>\n\t\t\t\t\t\t<\/div>\n\t\t\t\t\t<\/div>\n\t\t\t\t<\/div>\n\n\t\t\t<div\n\t\t\t\tclass=\"sow-accordion-panel-content\"\n\t\t\t\trole=\"region\"\n\t\t\t\taria-labelledby=\"accordion-label-what-are-the-requirements-of-joining-the-climate-toolkit\"\n\t\t\t\tid=\"accordion-content-what-are-the-requirements-of-joining-the-climate-toolkit\"\n\t\t\t\tstyle=\"display: none;\"\t\t\t>\n\t\t\t\t<div class=\"sow-accordion-panel-border\">\n\t\t\t\t\t<p>El Kit de herramientas sobre el clima s\u00f3lo requiere el deseo de emprender acciones por el clima en su instituci\u00f3n. Obtendr\u00e1 el m\u00e1ximo provecho de la Caja de herramientas si se mantiene al d\u00eda con nuestro blog, la serie de seminarios web y los boletines informativos, pero su grado de participaci\u00f3n es autodefinido y flexible.\u00a0<\/p>\n\t\t\t\t<\/div>\n\t\t\t<\/div>\n\t\t<\/div>\n\t\t\t<div class=\"sow-accordion-panel\"\n\t\t\t\tdata-anchor-id=\"why-should-i-join-the-climate-toolkit\">\n\t\t\t\t\t<div class=\"sow-accordion-panel-header-container\" role=\"heading\" aria-level=\"2\">\n\t\t\t\t\t<div class=\"sow-accordion-panel-header\" tabindex=\"0\" role=\"button\" id=\"accordion-label-why-should-i-join-the-climate-toolkit\" aria-controls=\"accordion-content-why-should-i-join-the-climate-toolkit\" aria-expanded=\"false\">\n\t\t\t\t\t\t<div class=\"sow-accordion-title sow-accordion-title-icon-left\">\n\t\t\t\t\t\t\t\t\t\t\t\t\t\t\u00bfPor qu\u00e9 deber\u00eda unirme al Conjunto de herramientas sobre el clima?\t\t\t\t\t\t\t\t\t\t\t\t\t<\/div>\n\t\t\t\t\t\t<div class=\"sow-accordion-open-close-button\">\n\t\t\t\t\t\t\t<div class=\"sow-accordion-open-button\">\n\t\t\t\t\t\t\t\t<span class=\"sow-icon-ionicons\" data-sow-icon=\"&#xf218;\"\n\t\t \n\t\taria-hidden=\"true\"><\/span>\t\t\t\t\t\t\t<\/div>\n\t\t\t\t\t\t\t<div class=\"sow-accordion-close-button\">\n\t\t\t\t\t\t\t\t<span class=\"sow-icon-ionicons\" data-sow-icon=\"&#xf209;\"\n\t\t \n\t\taria-hidden=\"true\"><\/span>\t\t\t\t\t\t\t<\/div>\n\t\t\t\t\t\t<\/div>\n\t\t\t\t\t<\/div>\n\t\t\t\t<\/div>\n\n\t\t\t<div\n\t\t\t\tclass=\"sow-accordion-panel-content\"\n\t\t\t\trole=\"region\"\n\t\t\t\taria-labelledby=\"accordion-label-why-should-i-join-the-climate-toolkit\"\n\t\t\t\tid=\"accordion-content-why-should-i-join-the-climate-toolkit\"\n\t\t\t\tstyle=\"display: none;\"\t\t\t>\n\t\t\t\t<div class=\"sow-accordion-panel-border\">\n\t\t\t\t\t<p>Porque trabajar juntos hace que los proyectos dif\u00edciles sean m\u00e1s f\u00e1ciles. Cuando est\u00e9s listo para perseguir un objetivo de acci\u00f3n por el clima, el kit de herramientas est\u00e1 aqu\u00ed para ponerte en contacto con alguien que est\u00e9 trabajando en iniciativas similares, de modo que pod\u00e1is compartir buenas pr\u00e1cticas, intercambiar ideas y aprender unos de otros.<\/p>\n\t\t\t\t<\/div>\n\t\t\t<\/div>\n\t\t<\/div>\n\t\t<\/div>\n<\/div>\n<\/div>","protected":false},"excerpt":{"rendered":"<p>We welcome all gardens, arboreta, museums, science centers, aquariums, and zoos to join The Climate Toolkit! The Toolkit brings organizations together to work towards climate goals and challenges. All organizations are welcome; no matter where you are on your journey, &hellip;<\/p>\n<p class=\"read-more\"> <a class=\"\" href=\"https:\/\/climatetoolkit.org\/es\/how-to-join-the-climate-toolkit\/\"> <span class=\"screen-reader-text\">How to Join the Climate Toolkit<\/span> Leer m\u00e1s \"<\/a><\/p>","protected":false},"author":2,"featured_media":0,"parent":0,"menu_order":0,"comment_status":"closed","ping_status":"closed","template":"","meta":{"_acf_changed":false,"inline_featured_image":false,"advgb_blocks_editor_width":"","advgb_blocks_columns_visual_guide":"","footnotes":""},"class_list":["post-987","page","type-page","status-publish","hentry"],"acf":[],"yoast_head":"<!-- This site is optimized with the Yoast SEO plugin v27.4 - https:\/\/yoast.com\/product\/yoast-seo-wordpress\/ -->\n<title>How to Join the Climate Toolkit - The Climate Toolkit<\/title>\n<meta name=\"robots\" content=\"index, follow, max-snippet:-1, max-image-preview:large, max-video-preview:-1\" \/>\n<link rel=\"canonical\" href=\"https:\/\/climatetoolkit.org\/es\/how-to-join-the-climate-toolkit\/\" \/>\n<meta property=\"og:locale\" content=\"es_ES\" \/>\n<meta property=\"og:type\" content=\"article\" \/>\n<meta property=\"og:title\" content=\"How to Join the Climate Toolkit - The Climate Toolkit\" \/>\n<meta property=\"og:description\" content=\"We welcome all gardens, arboreta, museums, science centers, aquariums, and zoos to join The Climate Toolkit! The Toolkit brings organizations together to work towards climate goals and challenges. All organizations are welcome; no matter where you are on your journey, &hellip; How to Join the Climate Toolkit Leer m\u00e1s \u00bb\" \/>\n<meta property=\"og:url\" content=\"https:\/\/climatetoolkit.org\/es\/how-to-join-the-climate-toolkit\/\" \/>\n<meta property=\"og:site_name\" content=\"The Climate Toolkit\" \/>\n<meta property=\"article:modified_time\" content=\"2023-03-16T18:01:52+00:00\" \/>\n<meta name=\"twitter:card\" content=\"summary_large_image\" \/>\n<meta name=\"twitter:label1\" content=\"Tiempo de lectura\" \/>\n\t<meta name=\"twitter:data1\" content=\"1 minuto\" \/>\n<script type=\"application\/ld+json\" class=\"yoast-schema-graph\">{\"@context\":\"https:\\\/\\\/schema.org\",\"@graph\":[{\"@type\":\"WebPage\",\"@id\":\"https:\\\/\\\/climatetoolkit.org\\\/how-to-join-the-climate-toolkit\\\/\",\"url\":\"https:\\\/\\\/climatetoolkit.org\\\/how-to-join-the-climate-toolkit\\\/\",\"name\":\"How to Join the Climate Toolkit - The Climate Toolkit\",\"isPartOf\":{\"@id\":\"https:\\\/\\\/climatetoolkit.org\\\/#website\"},\"datePublished\":\"2021-08-16T17:46:24+00:00\",\"dateModified\":\"2023-03-16T18:01:52+00:00\",\"breadcrumb\":{\"@id\":\"https:\\\/\\\/climatetoolkit.org\\\/how-to-join-the-climate-toolkit\\\/#breadcrumb\"},\"inLanguage\":\"es\",\"potentialAction\":[{\"@type\":\"ReadAction\",\"target\":[\"https:\\\/\\\/climatetoolkit.org\\\/how-to-join-the-climate-toolkit\\\/\"]}]},{\"@type\":\"BreadcrumbList\",\"@id\":\"https:\\\/\\\/climatetoolkit.org\\\/how-to-join-the-climate-toolkit\\\/#breadcrumb\",\"itemListElement\":[{\"@type\":\"ListItem\",\"position\":1,\"name\":\"Home\",\"item\":\"https:\\\/\\\/climatetoolkit.org\\\/\"},{\"@type\":\"ListItem\",\"position\":2,\"name\":\"How to Join the Climate Toolkit\"}]},{\"@type\":\"WebSite\",\"@id\":\"https:\\\/\\\/climatetoolkit.org\\\/#website\",\"url\":\"https:\\\/\\\/climatetoolkit.org\\\/\",\"name\":\"The Climate Toolkit\",\"description\":\"For Museums, Gardens and Zoos\",\"publisher\":{\"@id\":\"https:\\\/\\\/climatetoolkit.org\\\/#organization\"},\"potentialAction\":[{\"@type\":\"SearchAction\",\"target\":{\"@type\":\"EntryPoint\",\"urlTemplate\":\"https:\\\/\\\/climatetoolkit.org\\\/?s={search_term_string}\"},\"query-input\":{\"@type\":\"PropertyValueSpecification\",\"valueRequired\":true,\"valueName\":\"search_term_string\"}}],\"inLanguage\":\"es\"},{\"@type\":\"Organization\",\"@id\":\"https:\\\/\\\/climatetoolkit.org\\\/#organization\",\"name\":\"The Climate Toolkit\",\"url\":\"https:\\\/\\\/climatetoolkit.org\\\/\",\"logo\":{\"@type\":\"ImageObject\",\"inLanguage\":\"es\",\"@id\":\"https:\\\/\\\/climatetoolkit.org\\\/#\\\/schema\\\/logo\\\/image\\\/\",\"url\":\"https:\\\/\\\/climatetoolkit.org\\\/wp-content\\\/uploads\\\/2020\\\/05\\\/C_logo.png\",\"contentUrl\":\"https:\\\/\\\/climatetoolkit.org\\\/wp-content\\\/uploads\\\/2020\\\/05\\\/C_logo.png\",\"width\":512,\"height\":512,\"caption\":\"The Climate Toolkit\"},\"image\":{\"@id\":\"https:\\\/\\\/climatetoolkit.org\\\/#\\\/schema\\\/logo\\\/image\\\/\"}}]}<\/script>\n<!-- \/ Yoast SEO plugin. -->","yoast_head_json":{"title":"How to Join the Climate Toolkit - The Climate Toolkit","robots":{"index":"index","follow":"follow","max-snippet":"max-snippet:-1","max-image-preview":"max-image-preview:large","max-video-preview":"max-video-preview:-1"},"canonical":"https:\/\/climatetoolkit.org\/es\/how-to-join-the-climate-toolkit\/","og_locale":"es_ES","og_type":"article","og_title":"How to Join the Climate Toolkit - The Climate Toolkit","og_description":"We welcome all gardens, arboreta, museums, science centers, aquariums, and zoos to join The Climate Toolkit! The Toolkit brings organizations together to work towards climate goals and challenges. All organizations are welcome; no matter where you are on your journey, &hellip; How to Join the Climate Toolkit Leer m\u00e1s \u00bb","og_url":"https:\/\/climatetoolkit.org\/es\/how-to-join-the-climate-toolkit\/","og_site_name":"The Climate Toolkit","article_modified_time":"2023-03-16T18:01:52+00:00","twitter_card":"summary_large_image","twitter_misc":{"Tiempo de lectura":"1 minuto"},"schema":{"@context":"https:\/\/schema.org","@graph":[{"@type":"WebPage","@id":"https:\/\/climatetoolkit.org\/how-to-join-the-climate-toolkit\/","url":"https:\/\/climatetoolkit.org\/how-to-join-the-climate-toolkit\/","name":"How to Join the Climate Toolkit - The Climate Toolkit","isPartOf":{"@id":"https:\/\/climatetoolkit.org\/#website"},"datePublished":"2021-08-16T17:46:24+00:00","dateModified":"2023-03-16T18:01:52+00:00","breadcrumb":{"@id":"https:\/\/climatetoolkit.org\/how-to-join-the-climate-toolkit\/#breadcrumb"},"inLanguage":"es","potentialAction":[{"@type":"ReadAction","target":["https:\/\/climatetoolkit.org\/how-to-join-the-climate-toolkit\/"]}]},{"@type":"BreadcrumbList","@id":"https:\/\/climatetoolkit.org\/how-to-join-the-climate-toolkit\/#breadcrumb","itemListElement":[{"@type":"ListItem","position":1,"name":"Home","item":"https:\/\/climatetoolkit.org\/"},{"@type":"ListItem","position":2,"name":"How to Join the Climate Toolkit"}]},{"@type":"WebSite","@id":"https:\/\/climatetoolkit.org\/#website","url":"https:\/\/climatetoolkit.org\/","name":"Herramientas para el clima","description":"Para museos, jardines y zool\u00f3gicos","publisher":{"@id":"https:\/\/climatetoolkit.org\/#organization"},"potentialAction":[{"@type":"SearchAction","target":{"@type":"EntryPoint","urlTemplate":"https:\/\/climatetoolkit.org\/?s={search_term_string}"},"query-input":{"@type":"PropertyValueSpecification","valueRequired":true,"valueName":"search_term_string"}}],"inLanguage":"es"},{"@type":"Organization","@id":"https:\/\/climatetoolkit.org\/#organization","name":"Herramientas para el clima","url":"https:\/\/climatetoolkit.org\/","logo":{"@type":"ImageObject","inLanguage":"es","@id":"https:\/\/climatetoolkit.org\/#\/schema\/logo\/image\/","url":"https:\/\/climatetoolkit.org\/wp-content\/uploads\/2020\/05\/C_logo.png","contentUrl":"https:\/\/climatetoolkit.org\/wp-content\/uploads\/2020\/05\/C_logo.png","width":512,"height":512,"caption":"The Climate Toolkit"},"image":{"@id":"https:\/\/climatetoolkit.org\/#\/schema\/logo\/image\/"}}]}},"coauthors":[],"author_meta":{"author_link":"https:\/\/climatetoolkit.org\/es\/author\/joe\/","display_name":"joe reed"},"relative_dates":{"created":"Publicado 5 a\u00f1os hace","modified":"Actualizado 3 a\u00f1os hace"},"absolute_dates":{"created":"Publicado el agosto 16, 2021","modified":"Actualizado el marzo 16, 2023"},"absolute_dates_time":{"created":"Publicado el agosto 16, 2021 1:46 pm","modified":"Actualizado el marzo 16, 2023 2:01 pm"},"featured_img_caption":"","featured_img":false,"series_order":"","_links":{"self":[{"href":"https:\/\/climatetoolkit.org\/es\/wp-json\/wp\/v2\/pages\/987","targetHints":{"allow":["GET"]}}],"collection":[{"href":"https:\/\/climatetoolkit.org\/es\/wp-json\/wp\/v2\/pages"}],"about":[{"href":"https:\/\/climatetoolkit.org\/es\/wp-json\/wp\/v2\/types\/page"}],"author":[{"embeddable":true,"href":"https:\/\/climatetoolkit.org\/es\/wp-json\/wp\/v2\/users\/2"}],"replies":[{"embeddable":true,"href":"https:\/\/climatetoolkit.org\/es\/wp-json\/wp\/v2\/comments?post=987"}],"version-history":[{"count":0,"href":"https:\/\/climatetoolkit.org\/es\/wp-json\/wp\/v2\/pages\/987\/revisions"}],"wp:attachment":[{"href":"https:\/\/climatetoolkit.org\/es\/wp-json\/wp\/v2\/media?parent=987"}],"curies":[{"name":"wp","href":"https:\/\/api.w.org\/{rel}","templated":true}]}}