{"id":572,"date":"2021-02-11T11:37:14","date_gmt":"2021-02-11T16:37:14","guid":{"rendered":"https:\/\/climatetoolkit.org\/?page_id=572"},"modified":"2021-02-11T16:40:48","modified_gmt":"2021-02-11T21:40:48","slug":"alignment-of-project-drawdown-solutions-and-the-climate-toolkit","status":"publish","type":"page","link":"https:\/\/climatetoolkit.org\/es\/alignment-of-project-drawdown-solutions-and-the-climate-toolkit\/","title":{"rendered":"Alineaci\u00f3n de las Soluciones de Reducci\u00f3n de Recursos del Proyecto y la Caja de Herramientas del Clima"},"content":{"rendered":"<h1 align=\"center\">Alineaci\u00f3n de las Soluciones de Reducci\u00f3n de Recursos del Proyecto y la Caja de Herramientas del Clima<\/h1>\n\n\n\n<div class=\"wp-block-image\"><figure class=\"aligncenter size-large is-resized\"><img decoding=\"async\" src=\"https:\/\/climatetoolkit.org\/wp-content\/uploads\/2021\/02\/drawdown.jpg\" alt=\"\" class=\"wp-image-551\" width=\"563\" height=\"165\" srcset=\"https:\/\/climatetoolkit.org\/wp-content\/uploads\/2021\/02\/drawdown.jpg 750w, https:\/\/climatetoolkit.org\/wp-content\/uploads\/2021\/02\/drawdown-300x88.jpg 300w, https:\/\/climatetoolkit.org\/wp-content\/uploads\/2021\/02\/drawdown-100x29.jpg 100w, https:\/\/climatetoolkit.org\/wp-content\/uploads\/2021\/02\/drawdown-150x44.jpg 150w, https:\/\/climatetoolkit.org\/wp-content\/uploads\/2021\/02\/drawdown-200x59.jpg 200w, https:\/\/climatetoolkit.org\/wp-content\/uploads\/2021\/02\/drawdown-450x132.jpg 450w, https:\/\/climatetoolkit.org\/wp-content\/uploads\/2021\/02\/drawdown-600x176.jpg 600w\" sizes=\"(max-width: 563px) 100vw, 563px\" \/><\/figure><\/div>\n\n\n\n<p><strong><a href=\"https:\/\/www.drawdown.org\/solutions\">Reducci\u00f3n del proyecto<\/a><\/strong> es una organizaci\u00f3n sin \u00e1nimo de lucro que \"lleva a cabo revisiones y evaluaciones rigurosas de soluciones clim\u00e1ticas, crea una comunicaci\u00f3n convincente y humana a trav\u00e9s de distintos medios, y se asocia con esfuerzos para acelerar las soluciones clim\u00e1ticas a nivel mundial\". La misi\u00f3n del Proyecto Drawdown es reducir las fuentes de emisi\u00f3n, apoyar los sumideros de carbono y elevar el ciclo natural del carbono, as\u00ed como mejorar la sociedad en general. La Tabla de Soluciones del proyecto, creada por Paul Hawken y Amanda Ravenhill, asesora a organizaciones, ciudades, universidades, fil\u00e1ntropos, responsables pol\u00edticos, comunidades, etc. sobre las formas m\u00e1s eficaces de abordar el cambio clim\u00e1tico. Siempre que es posible, las soluciones enumeradas en la tabla de reducci\u00f3n de proyectos tambi\u00e9n muestran la cantidad de di\u00f3xido de carbono que puede mitigarse si se utiliza la soluci\u00f3n. Las cifras que figuran a continuaci\u00f3n representan una estimaci\u00f3n de las gigatoneladas de emisiones equivalentes de CO2 que pueden reducirse o secuestrarse mediante una soluci\u00f3n concreta a lo largo de un periodo de 30 a\u00f1os.<\/p>\n\n\n\n<p>A continuaci\u00f3n se emparejan los objetivos del kit de herramientas clim\u00e1ticas que se alinean con las soluciones de reducci\u00f3n de proyectos.<\/p>\n\n\n\n<figure class=\"wp-block-table is-style-regular; vertical-align: top !important;\"><table class=\"has-subtle-pale-blue-background-color has-fixed-layout has-background\"><thead><tr><th><h2>Soluciones de reducci\u00f3n de proyectos<\/h2><\/th><th><h2>Objetivos de la Caja de Herramientas del Clima<\/h2><\/th><\/tr><\/thead><tbody><tr><td><strong>Electricidad<\/strong><\/td><td><strong>Energ\u00eda<\/strong><\/td><\/tr><tr><td  style=\"padding-left: 2em !important;\">Edificios Net-Zero<\/td><td  style=\"padding-left: 2em !important;\">Construir todos los edificios nuevos como edificios de energ\u00eda cero o Edificios Vivos.<\/td><\/tr><tr><td  style=\"padding-left: 2em !important;\">Energ\u00eda solar por concentraci\u00f3n (18,6 - 23,96)<br><br>Energ\u00eda solar fotovoltaica a escala comercial<br>(42.32 - 119.13)<br><br>Fotovoltaica distribuida (27,98 - 68,64)<\/td><td  style=\"padding-left: 2em !important;\">Generar o comprar 100%<br>electricidad renovable.<\/td><\/tr><tr><td><strong>Edificios, Industria<\/strong><\/td><td><strong>Residuos<\/strong><\/td><\/tr><tr><td  style=\"padding-left: 2em !important;\">Rehabilitaci\u00f3n de edificios<\/td><td  style=\"padding-left: 2em !important;\">Garantizar que cualquier nueva construcci\u00f3n o<br>renovaciones reduzcan o<br>gestionar los residuos.<\/td><\/tr><tr><td  style=\"padding-left: 2em !important;\">Compostaje (2.14 - 3.13)<\/td><td  style=\"padding-left: 2em !important;\">Compostar 100% de todos los residuos alimentarios.<\/td><\/tr><tr><td  style=\"padding-left: 2em !important;\">Reciclaje (5,5 - 6,02)<\/td><td  style=\"padding-left: 2em !important;\">Reciclar o reutilizar todos los materiales reciclables<br>incluidos metales, vidrio y pl\u00e1stico<br>en todo el invernadero.<br><br>Eliminar todos los pl\u00e1sticos de un solo uso en los servicios de alimentaci\u00f3n, horticultura, tienda de regalos y dem\u00e1s instalaciones.<br>y operaciones.<br><br>Eliminar la venta y el uso de agua embotellada.<\/td><\/tr><tr><td><strong>Transporte<\/strong><\/td><td><strong>Transporte<\/strong><\/td><\/tr><tr><td  style=\"padding-left: 2em !important;\">Infraestructura ciclista (2,56 - 6,65)<br><br>Compartir coche (4,17 - 7,70)<br><br>Coches el\u00e9ctricos (11,87 - 15,68)<br><br>Transporte p\u00fablico (7,51 - 23,36)<\/td><td  style=\"padding-left: 2em !important;\">Incentivar a los empleados para que compartan coche, vayan en bicicleta, en autob\u00fas o renuncien de otro modo al transporte en coche individual.<br><br>Incentivar los viajes sostenibles de los visitantes.<br><br>Hacer que 25% de la flota de veh\u00edculos sean el\u00e9ctricos.<br><br>Aseg\u00farese 25% de que todos los equipos de mantenimiento de c\u00e9spedes y jardines sean el\u00e9ctricos.<\/td><\/tr><tr><td><strong>Alimentaci\u00f3n, agricultura y uso de la tierra, sumideros de tierra<\/strong><\/td><td><strong>Restauraci\u00f3n, Paisajismo y Horticultura<\/strong><\/td><\/tr><tr><td  style=\"padding-left: 2em !important;\">Cultivos anuales regenerativos (14.52 - 22.27)<br><br>Gesti\u00f3n de nutrientes (2.34 - 12.06)<\/td><td  style=\"padding-left: 2em !important;\">Garantizar que 50% de los pesticidas y fertilizantes utilizados no contengan f\u00f3siles.<\/td><\/tr><tr><td  style=\"padding-left: 2em !important;\">Dietas ricas en plantas (65,01 - 91,72)<\/td><td  style=\"padding-left: 2em !important;\">Garantizar que 40% de las selecciones del men\u00fa del servicio de comidas sean veganas o vegetarianas.<\/td><\/tr><tr><td  style=\"padding-left: 2em !important;\">Plantaciones de \u00e1rboles (22.24 - 35.94)<\/td><td  style=\"padding-left: 2em !important;\">Apoyar la reforestaci\u00f3n para secuestrar carbono.<\/td><\/tr><tr><td  style=\"padding-left: 2em !important;\">Cultivos b\u00e1sicos perennes (15,45 - 1,26)<br><br>Multistrata Agroforestal (11.30 - 20.40)<\/td><td  style=\"padding-left: 2em !important;\">Reduzca las necesidades de riego seleccionando y apoyando las plantas aut\u00f3ctonas.<br><br>Reducir la superficie de c\u00e9sped en 10% y fomentar la sustituci\u00f3n por plantas aut\u00f3ctonas.<\/td><\/tr><\/tbody><\/table><\/figure>\n\n\n\n<p>Para saber m\u00e1s sobre la Tabla de Soluciones, <strong><a href=\"https:\/\/www.drawdown.org\/solutions\/table-of-solutions\">visite el sitio web del Proyecto Drawdown<\/a><\/strong>.<\/p>","protected":false},"excerpt":{"rendered":"<p>Alignment of Project Drawdown Solutions and The Climate Toolkit Project Drawdown is a nonprofit that \u201cconducts rigorous reviews and assessments of climate solutions, creates compelling and human communication across mediums, and partners with efforts to accelerate climate solutions globally\u201d. Project &hellip;<\/p>\n<p class=\"read-more\"> <a class=\"\" href=\"https:\/\/climatetoolkit.org\/es\/alignment-of-project-drawdown-solutions-and-the-climate-toolkit\/\"> <span class=\"screen-reader-text\">Alineaci\u00f3n de las Soluciones de Reducci\u00f3n de Recursos del Proyecto y la Caja de Herramientas del Clima<\/span> Leer m\u00e1s \"<\/a><\/p>","protected":false},"author":2,"featured_media":0,"parent":0,"menu_order":0,"comment_status":"closed","ping_status":"closed","template":"","meta":{"_acf_changed":false,"inline_featured_image":false,"advgb_blocks_editor_width":"","advgb_blocks_columns_visual_guide":"","footnotes":""},"class_list":["post-572","page","type-page","status-publish","hentry"],"acf":[],"yoast_head":"<!-- This site is optimized with the Yoast SEO plugin v27.5 - https:\/\/yoast.com\/product\/yoast-seo-wordpress\/ -->\n<title>Alignment of Project Drawdown Solutions and The Climate Toolkit - The Climate Toolkit<\/title>\n<meta name=\"robots\" content=\"index, follow, max-snippet:-1, max-image-preview:large, max-video-preview:-1\" \/>\n<link rel=\"canonical\" href=\"https:\/\/climatetoolkit.org\/es\/alignment-of-project-drawdown-solutions-and-the-climate-toolkit\/\" \/>\n<meta property=\"og:locale\" content=\"es_ES\" \/>\n<meta property=\"og:type\" content=\"article\" \/>\n<meta property=\"og:title\" content=\"Alignment of Project Drawdown Solutions and The Climate Toolkit - The Climate Toolkit\" \/>\n<meta property=\"og:description\" content=\"Alignment of Project Drawdown Solutions and The Climate Toolkit Project Drawdown is a nonprofit that \u201cconducts rigorous reviews and assessments of climate solutions, creates compelling and human communication across mediums, and partners with efforts to accelerate climate solutions globally\u201d. Project &hellip; Alignment of Project Drawdown Solutions and The Climate Toolkit Leer m\u00e1s \u00bb\" \/>\n<meta property=\"og:url\" content=\"https:\/\/climatetoolkit.org\/es\/alignment-of-project-drawdown-solutions-and-the-climate-toolkit\/\" \/>\n<meta property=\"og:site_name\" content=\"The Climate Toolkit\" \/>\n<meta property=\"article:modified_time\" content=\"2021-02-11T21:40:48+00:00\" \/>\n<meta property=\"og:image\" content=\"https:\/\/climatetoolkit.org\/wp-content\/uploads\/2021\/02\/drawdown.jpg\" \/>\n<meta name=\"twitter:card\" content=\"summary_large_image\" \/>\n<meta name=\"twitter:label1\" content=\"Tiempo de lectura\" \/>\n\t<meta name=\"twitter:data1\" content=\"2 minutos\" \/>\n<script type=\"application\/ld+json\" class=\"yoast-schema-graph\">{\"@context\":\"https:\\\/\\\/schema.org\",\"@graph\":[{\"@type\":\"WebPage\",\"@id\":\"https:\\\/\\\/climatetoolkit.org\\\/alignment-of-project-drawdown-solutions-and-the-climate-toolkit\\\/\",\"url\":\"https:\\\/\\\/climatetoolkit.org\\\/alignment-of-project-drawdown-solutions-and-the-climate-toolkit\\\/\",\"name\":\"Alignment of Project Drawdown Solutions and The Climate Toolkit - The Climate Toolkit\",\"isPartOf\":{\"@id\":\"https:\\\/\\\/climatetoolkit.org\\\/#website\"},\"primaryImageOfPage\":{\"@id\":\"https:\\\/\\\/climatetoolkit.org\\\/alignment-of-project-drawdown-solutions-and-the-climate-toolkit\\\/#primaryimage\"},\"image\":{\"@id\":\"https:\\\/\\\/climatetoolkit.org\\\/alignment-of-project-drawdown-solutions-and-the-climate-toolkit\\\/#primaryimage\"},\"thumbnailUrl\":\"https:\\\/\\\/climatetoolkit.org\\\/wp-content\\\/uploads\\\/2021\\\/02\\\/drawdown.jpg\",\"datePublished\":\"2021-02-11T16:37:14+00:00\",\"dateModified\":\"2021-02-11T21:40:48+00:00\",\"breadcrumb\":{\"@id\":\"https:\\\/\\\/climatetoolkit.org\\\/alignment-of-project-drawdown-solutions-and-the-climate-toolkit\\\/#breadcrumb\"},\"inLanguage\":\"es\",\"potentialAction\":[{\"@type\":\"ReadAction\",\"target\":[\"https:\\\/\\\/climatetoolkit.org\\\/alignment-of-project-drawdown-solutions-and-the-climate-toolkit\\\/\"]}]},{\"@type\":\"ImageObject\",\"inLanguage\":\"es\",\"@id\":\"https:\\\/\\\/climatetoolkit.org\\\/alignment-of-project-drawdown-solutions-and-the-climate-toolkit\\\/#primaryimage\",\"url\":\"https:\\\/\\\/climatetoolkit.org\\\/wp-content\\\/uploads\\\/2021\\\/02\\\/drawdown.jpg\",\"contentUrl\":\"https:\\\/\\\/climatetoolkit.org\\\/wp-content\\\/uploads\\\/2021\\\/02\\\/drawdown.jpg\"},{\"@type\":\"BreadcrumbList\",\"@id\":\"https:\\\/\\\/climatetoolkit.org\\\/alignment-of-project-drawdown-solutions-and-the-climate-toolkit\\\/#breadcrumb\",\"itemListElement\":[{\"@type\":\"ListItem\",\"position\":1,\"name\":\"Home\",\"item\":\"https:\\\/\\\/climatetoolkit.org\\\/\"},{\"@type\":\"ListItem\",\"position\":2,\"name\":\"Alignment of Project Drawdown Solutions and The Climate Toolkit\"}]},{\"@type\":\"WebSite\",\"@id\":\"https:\\\/\\\/climatetoolkit.org\\\/#website\",\"url\":\"https:\\\/\\\/climatetoolkit.org\\\/\",\"name\":\"The Climate Toolkit\",\"description\":\"For Museums, Gardens and Zoos\",\"publisher\":{\"@id\":\"https:\\\/\\\/climatetoolkit.org\\\/#organization\"},\"potentialAction\":[{\"@type\":\"SearchAction\",\"target\":{\"@type\":\"EntryPoint\",\"urlTemplate\":\"https:\\\/\\\/climatetoolkit.org\\\/?s={search_term_string}\"},\"query-input\":{\"@type\":\"PropertyValueSpecification\",\"valueRequired\":true,\"valueName\":\"search_term_string\"}}],\"inLanguage\":\"es\"},{\"@type\":\"Organization\",\"@id\":\"https:\\\/\\\/climatetoolkit.org\\\/#organization\",\"name\":\"The Climate Toolkit\",\"url\":\"https:\\\/\\\/climatetoolkit.org\\\/\",\"logo\":{\"@type\":\"ImageObject\",\"inLanguage\":\"es\",\"@id\":\"https:\\\/\\\/climatetoolkit.org\\\/#\\\/schema\\\/logo\\\/image\\\/\",\"url\":\"https:\\\/\\\/climatetoolkit.org\\\/wp-content\\\/uploads\\\/2020\\\/05\\\/C_logo.png\",\"contentUrl\":\"https:\\\/\\\/climatetoolkit.org\\\/wp-content\\\/uploads\\\/2020\\\/05\\\/C_logo.png\",\"width\":512,\"height\":512,\"caption\":\"The Climate Toolkit\"},\"image\":{\"@id\":\"https:\\\/\\\/climatetoolkit.org\\\/#\\\/schema\\\/logo\\\/image\\\/\"}}]}<\/script>\n<!-- \/ Yoast SEO plugin. -->","yoast_head_json":{"title":"Alignment of Project Drawdown Solutions and The Climate Toolkit - The Climate Toolkit","robots":{"index":"index","follow":"follow","max-snippet":"max-snippet:-1","max-image-preview":"max-image-preview:large","max-video-preview":"max-video-preview:-1"},"canonical":"https:\/\/climatetoolkit.org\/es\/alignment-of-project-drawdown-solutions-and-the-climate-toolkit\/","og_locale":"es_ES","og_type":"article","og_title":"Alignment of Project Drawdown Solutions and The Climate Toolkit - The Climate Toolkit","og_description":"Alignment of Project Drawdown Solutions and The Climate Toolkit Project Drawdown is a nonprofit that \u201cconducts rigorous reviews and assessments of climate solutions, creates compelling and human communication across mediums, and partners with efforts to accelerate climate solutions globally\u201d. Project &hellip; Alignment of Project Drawdown Solutions and The Climate Toolkit Leer m\u00e1s \u00bb","og_url":"https:\/\/climatetoolkit.org\/es\/alignment-of-project-drawdown-solutions-and-the-climate-toolkit\/","og_site_name":"The Climate Toolkit","article_modified_time":"2021-02-11T21:40:48+00:00","og_image":[{"url":"https:\/\/climatetoolkit.org\/wp-content\/uploads\/2021\/02\/drawdown.jpg","type":"","width":"","height":""}],"twitter_card":"summary_large_image","twitter_misc":{"Tiempo de lectura":"2 minutos"},"schema":{"@context":"https:\/\/schema.org","@graph":[{"@type":"WebPage","@id":"https:\/\/climatetoolkit.org\/alignment-of-project-drawdown-solutions-and-the-climate-toolkit\/","url":"https:\/\/climatetoolkit.org\/alignment-of-project-drawdown-solutions-and-the-climate-toolkit\/","name":"Alignment of Project Drawdown Solutions and The Climate Toolkit - The Climate Toolkit","isPartOf":{"@id":"https:\/\/climatetoolkit.org\/#website"},"primaryImageOfPage":{"@id":"https:\/\/climatetoolkit.org\/alignment-of-project-drawdown-solutions-and-the-climate-toolkit\/#primaryimage"},"image":{"@id":"https:\/\/climatetoolkit.org\/alignment-of-project-drawdown-solutions-and-the-climate-toolkit\/#primaryimage"},"thumbnailUrl":"https:\/\/climatetoolkit.org\/wp-content\/uploads\/2021\/02\/drawdown.jpg","datePublished":"2021-02-11T16:37:14+00:00","dateModified":"2021-02-11T21:40:48+00:00","breadcrumb":{"@id":"https:\/\/climatetoolkit.org\/alignment-of-project-drawdown-solutions-and-the-climate-toolkit\/#breadcrumb"},"inLanguage":"es","potentialAction":[{"@type":"ReadAction","target":["https:\/\/climatetoolkit.org\/alignment-of-project-drawdown-solutions-and-the-climate-toolkit\/"]}]},{"@type":"ImageObject","inLanguage":"es","@id":"https:\/\/climatetoolkit.org\/alignment-of-project-drawdown-solutions-and-the-climate-toolkit\/#primaryimage","url":"https:\/\/climatetoolkit.org\/wp-content\/uploads\/2021\/02\/drawdown.jpg","contentUrl":"https:\/\/climatetoolkit.org\/wp-content\/uploads\/2021\/02\/drawdown.jpg"},{"@type":"BreadcrumbList","@id":"https:\/\/climatetoolkit.org\/alignment-of-project-drawdown-solutions-and-the-climate-toolkit\/#breadcrumb","itemListElement":[{"@type":"ListItem","position":1,"name":"Home","item":"https:\/\/climatetoolkit.org\/"},{"@type":"ListItem","position":2,"name":"Alignment of Project Drawdown Solutions and The Climate Toolkit"}]},{"@type":"WebSite","@id":"https:\/\/climatetoolkit.org\/#website","url":"https:\/\/climatetoolkit.org\/","name":"Herramientas para el clima","description":"Para museos, jardines y zool\u00f3gicos","publisher":{"@id":"https:\/\/climatetoolkit.org\/#organization"},"potentialAction":[{"@type":"SearchAction","target":{"@type":"EntryPoint","urlTemplate":"https:\/\/climatetoolkit.org\/?s={search_term_string}"},"query-input":{"@type":"PropertyValueSpecification","valueRequired":true,"valueName":"search_term_string"}}],"inLanguage":"es"},{"@type":"Organization","@id":"https:\/\/climatetoolkit.org\/#organization","name":"Herramientas para el clima","url":"https:\/\/climatetoolkit.org\/","logo":{"@type":"ImageObject","inLanguage":"es","@id":"https:\/\/climatetoolkit.org\/#\/schema\/logo\/image\/","url":"https:\/\/climatetoolkit.org\/wp-content\/uploads\/2020\/05\/C_logo.png","contentUrl":"https:\/\/climatetoolkit.org\/wp-content\/uploads\/2020\/05\/C_logo.png","width":512,"height":512,"caption":"The Climate Toolkit"},"image":{"@id":"https:\/\/climatetoolkit.org\/#\/schema\/logo\/image\/"}}]}},"coauthors":[],"author_meta":{"author_link":"https:\/\/climatetoolkit.org\/es\/author\/joe\/","display_name":"joe reed"},"relative_dates":{"created":"Publicado 5 a\u00f1os hace","modified":"Actualizado 5 a\u00f1os hace"},"absolute_dates":{"created":"Publicado el febrero 11, 2021","modified":"Actualizado el febrero 11, 2021"},"absolute_dates_time":{"created":"Publicado el febrero 11, 2021 11:37 am","modified":"Actualizado el febrero 11, 2021 4:40 pm"},"featured_img_caption":"","featured_img":false,"series_order":"","_links":{"self":[{"href":"https:\/\/climatetoolkit.org\/es\/wp-json\/wp\/v2\/pages\/572","targetHints":{"allow":["GET"]}}],"collection":[{"href":"https:\/\/climatetoolkit.org\/es\/wp-json\/wp\/v2\/pages"}],"about":[{"href":"https:\/\/climatetoolkit.org\/es\/wp-json\/wp\/v2\/types\/page"}],"author":[{"embeddable":true,"href":"https:\/\/climatetoolkit.org\/es\/wp-json\/wp\/v2\/users\/2"}],"replies":[{"embeddable":true,"href":"https:\/\/climatetoolkit.org\/es\/wp-json\/wp\/v2\/comments?post=572"}],"version-history":[{"count":0,"href":"https:\/\/climatetoolkit.org\/es\/wp-json\/wp\/v2\/pages\/572\/revisions"}],"wp:attachment":[{"href":"https:\/\/climatetoolkit.org\/es\/wp-json\/wp\/v2\/media?parent=572"}],"curies":[{"name":"wp","href":"https:\/\/api.w.org\/{rel}","templated":true}]}}