{"id":564,"date":"2021-02-11T11:08:06","date_gmt":"2021-02-11T16:08:06","guid":{"rendered":"https:\/\/climatetoolkit.org\/?page_id=564"},"modified":"2021-08-17T17:01:46","modified_gmt":"2021-08-17T21:01:46","slug":"alignment-of-u-n-sustainable-development-goals-and-the-climate-toolkit","status":"publish","type":"page","link":"https:\/\/climatetoolkit.org\/es\/alignment-of-u-n-sustainable-development-goals-and-the-climate-toolkit\/","title":{"rendered":"Alineaci\u00f3n de los Objetivos de Desarrollo Sostenible de la ONU y las Herramientas para el Clima"},"content":{"rendered":"<h1 class=\"wp-block-heading\">Alineaci\u00f3n de los Objetivos de Desarrollo Sostenible de la ONU y las Herramientas para el Clima<\/h1>\n\n\n\n<div class=\"wp-block-image\"><figure class=\"aligncenter size-large is-resized\"><img decoding=\"async\" src=\"https:\/\/climatetoolkit.org\/wp-content\/uploads\/2021\/02\/800px-Sustainable_Development_Goals_logo.svg.png\" alt=\"\" class=\"wp-image-520\" width=\"400\" height=\"320\" srcset=\"https:\/\/climatetoolkit.org\/wp-content\/uploads\/2021\/02\/800px-Sustainable_Development_Goals_logo.svg.png 800w, https:\/\/climatetoolkit.org\/wp-content\/uploads\/2021\/02\/800px-Sustainable_Development_Goals_logo.svg-300x240.png 300w, https:\/\/climatetoolkit.org\/wp-content\/uploads\/2021\/02\/800px-Sustainable_Development_Goals_logo.svg-768x614.png 768w, https:\/\/climatetoolkit.org\/wp-content\/uploads\/2021\/02\/800px-Sustainable_Development_Goals_logo.svg-100x80.png 100w, https:\/\/climatetoolkit.org\/wp-content\/uploads\/2021\/02\/800px-Sustainable_Development_Goals_logo.svg-150x120.png 150w, https:\/\/climatetoolkit.org\/wp-content\/uploads\/2021\/02\/800px-Sustainable_Development_Goals_logo.svg-200x160.png 200w, https:\/\/climatetoolkit.org\/wp-content\/uploads\/2021\/02\/800px-Sustainable_Development_Goals_logo.svg-450x360.png 450w, https:\/\/climatetoolkit.org\/wp-content\/uploads\/2021\/02\/800px-Sustainable_Development_Goals_logo.svg-600x480.png 600w\" sizes=\"(max-width: 400px) 100vw, 400px\" \/><\/figure><\/div>\n\n\n\n<p>Las Naciones Unidas crearon el 17 <strong><a href=\"https:\/\/sdgs.un.org\/goals\">Objetivos de Desarrollo Sostenible (ODS)<\/a> <\/strong>\"producir un conjunto de objetivos universales que respondan a los urgentes retos medioambientales, pol\u00edticos y econ\u00f3micos a los que se enfrenta nuestro mundo\".  Cada objetivo incluye metas m\u00e1s peque\u00f1as para ampliar su alcance. Los ODS ampl\u00edan los esfuerzos de los Objetivos de Desarrollo del Milenio que crearon normas contra la pobreza, el hambre, el VIH\/SIDA y otras enfermedades tratables, y la ampliaci\u00f3n de la educaci\u00f3n primaria a todos los ni\u00f1os. El cambio clim\u00e1tico est\u00e1 teniendo un gran impacto en la salud p\u00fablica, la seguridad alimentaria y del agua, la migraci\u00f3n, la paz y la seguridad, por lo que cualquier esfuerzo que se haga para reducir el desarrollo sostenible puede ayudar en gran medida al cambio clim\u00e1tico. Tanto los Objetivos de Desarrollo Sostenible como la Climate Toolkit se centran en abordar en\u00e9rgicamente el cambio clim\u00e1tico.<\/p>\n\n\n\n<p>A continuaci\u00f3n se emparejan los objetivos del kit de herramientas sobre el clima que coinciden con los ODS.<\/p>\n\n\n\n<figure class=\"wp-block-table is-style-regular; vertical-align: top !important;\"><table class=\"has-subtle-pale-blue-background-color has-fixed-layout has-background\"><thead><tr><th><h2>Objetivos de Desarrollo Sostenible<\/h2><\/th><th><h2>Objetivos de la Caja de Herramientas del Clima<\/h2><\/th><\/tr><\/thead><tbody><tr><td><strong>2. Hambre cero<\/strong><\/td><td><strong>Servicio de comidas<\/strong><\/td><\/tr><tr><td style=\"padding-left: 2em !important;\">2.4 Garantizar sistemas sostenibles de producci\u00f3n de alimentos y aplicar pr\u00e1cticas agr\u00edcolas resilientes que aumenten la productividad y la producci\u00f3n, que ayuden a mantener el ecosistema.<\/td><td style=\"padding-left: 2em !important;\">Garantizar que 50% de los pesticidas y fertilizantes utilizados no contengan f\u00f3siles.<br><br>Realizar 10% de todas las compras de alimentos en un radio de 100 millas del centro.<\/td><\/tr><tr><td><strong>6. Agua limpia y saneamiento<\/strong><\/td><td><strong><strong>Agua<\/strong><\/strong><\/td><\/tr><tr><td style=\"padding-left: 2em !important;\">6.5 Para 2030, aplicar la gesti\u00f3n integrada de los recursos h\u00eddricos a todos los niveles, incluso mediante la cooperaci\u00f3n transfronteriza, seg\u00fan proceda.<\/td><td style=\"padding-left: 2em !important;\">Reducir el consumo de agua municipal en al menos 25%<br><br>Reducir el agua potable para riego en al menos 25%<\/td><\/tr><tr><td><strong>7. Energ\u00eda asequible y limpia<\/strong><\/td><td><strong>Energ\u00eda<\/strong><\/td><\/tr><tr><td style=\"padding-left: 2em !important;\"><strong>7.2&nbsp;<\/strong>Para 2030, aumentar sustancialmente la cuota de energ\u00edas renovables en la combinaci\u00f3n energ\u00e9tica mundial.<\/td><td style=\"padding-left: 2em !important;\">Generar o comprar 100% de electricidad renovable.<br><br>Construir todos los edificios nuevos como edificios de energ\u00eda cero o Edificios Vivos.<\/td><\/tr><tr><td><strong>9. Industria, innovaci\u00f3n e infraestructuras<\/strong><\/td><td><strong>Residuos, Investigaci\u00f3n<\/strong><\/td><\/tr><tr><td style=\"padding-left: 2em !important;\">9.4 Modernizar las infraestructuras y adaptar las industrias para hacerlas sostenibles, con una mayor eficiencia en el uso de los recursos y una mayor adopci\u00f3n de tecnolog\u00edas y procesos industriales limpios y respetuosos con el medio ambiente.<\/td><td style=\"padding-left: 2em !important;\">Garantizar que toda nueva construcci\u00f3n o renovaci\u00f3n reduzca y gestione los residuos de forma responsable.<\/td><\/tr><tr><td style=\"padding-left: 2em !important;\">9.5 Potenciar la investigaci\u00f3n cient\u00edfica, mejorar las capacidades tecnol\u00f3gicas de los sectores industriales de todos los pa\u00edses.<\/td><td style=\"padding-left: 2em !important;\">Llevar a cabo investigaciones espec\u00edficas de la regi\u00f3n relacionadas con el cambio clim\u00e1tico.<\/td><\/tr><tr><td><strong>11. Ciudades y comunidades sostenibles<\/strong><\/td><td><strong>Transporte<\/strong><\/td><\/tr><tr><td style=\"padding-left: 2em !important;\">11.2 Para 2030, proporcionar acceso a sistemas de transporte seguros, asequibles, accesibles y sostenibles para todos.<\/td><td style=\"padding-left: 2em !important;\">Incentivar a los empleados para que compartan coche, bicicleta, autob\u00fas o renuncien al transporte en coche.<br><br>Incentivar los viajes sostenibles de los visitantes.<\/td><\/tr><tr><td style=\"padding-left: 2em !important;\">11.7 Para 2030, proporcionar acceso universal a espacios verdes y p\u00fablicos seguros, inclusivos y accesibles.<\/td><td style=\"padding-left: 2em !important;\">Convertir los aparcamientos en zonas verdes para combatir el aumento de la temperatura en las ciudades.<\/td><\/tr><tr><td><strong>12. Consumo y producci\u00f3n responsables<\/strong><\/td><td><strong>Residuos, inversiones<\/strong><\/td><\/tr><tr><td style=\"padding-left: 2em !important;\">12.3 Para 2030, reducir a la mitad el desperdicio de alimentos per c\u00e1pita en el mundo, a nivel de minoristas y consumidores, y reducir las p\u00e9rdidas de alimentos a lo largo de las cadenas de producci\u00f3n y suministro, incluidas las p\u00e9rdidas posteriores a la cosecha.<\/td><td style=\"padding-left: 2em !important;\">Compostar 100% de todos los residuos alimentarios.<\/td><\/tr><tr><td style=\"padding-left: 2em !important;\">12.5 Reducir sustancialmente la generaci\u00f3n de residuos mediante la prevenci\u00f3n, la reducci\u00f3n, el reciclaje y la reutilizaci\u00f3n.<\/td><td style=\"padding-left: 2em !important;\">Reciclar o reutilizar todos los materiales reciclables, incluidos metales, vidrio y pl\u00e1stico, en todo el conservatorio.<br><br>Eliminar todo el pl\u00e1stico de un solo uso en los servicios de alimentaci\u00f3n, horticultura, tienda de regalos y todas las dem\u00e1s instalaciones y operaciones.<br><br>Eliminar la venta y el uso de agua embotellada.<\/td><\/tr><tr><td style=\"padding-left: 2em !important;\">12.c Racionalizar las subvenciones ineficientes a los combustibles f\u00f3siles.<\/td><td style=\"padding-left: 2em !important;\">Desinvertir en combustibles f\u00f3siles.<br><br>Invierta en inversiones socialmente responsables.<\/td><\/tr><tr><td><strong>13. Acci\u00f3n por el clima<\/strong><\/td><td><strong>Energ\u00eda, Visitantes<\/strong><\/td><\/tr><tr><td style=\"padding-left: 2em !important;\">13.2 Integrar el cambio clim\u00e1tico<br>medidas en las pol\u00edticas, estrategias y planificaci\u00f3n nacionales.<\/td><td style=\"padding-left: 2em !important;\">Cumplir el Acuerdo de Par\u00eds sobre el clima O reducir la reducci\u00f3n de combustibles f\u00f3siles en 25%<\/td><\/tr><tr><td style=\"padding-left: 2em !important;\">13.3 Mejorar la educaci\u00f3n, la sensibilizaci\u00f3n y la capacidad humana e institucional sobre la mitigaci\u00f3n del cambio clim\u00e1tico, la adaptaci\u00f3n, la reducci\u00f3n del impacto y la alerta temprana.<\/td><td style=\"padding-left: 2em !important;\">Ense\u00f1ar las mejores pr\u00e1cticas para mitigar y reducir el cambio clim\u00e1tico global.<br><br>Ayudar a los visitantes a pasarse a la energ\u00eda renovable dom\u00e9stica.<br><br>Educar a los visitantes en una horticultura sostenible y libre de f\u00f3siles.<br><br>Educar a los visitantes en el cultivo de alimentos ecol\u00f3gicos.<br><br>Educar a los visitantes sobre las repercusiones de la elecci\u00f3n y el despilfarro de alimentos.<\/td><\/tr><tr><td><strong>15. La vida en la tierra<\/strong><\/td><td><strong>Paisajismo y horticultura<\/strong><\/td><\/tr><tr><td style=\"padding-left: 2em !important;\">15.9 Para 2020, integrar los valores de los ecosistemas y la biodiversidad en la planificaci\u00f3n nacional y local, los procesos de desarrollo, las estrategias de reducci\u00f3n de la pobreza y las cuentas.<\/td><td style=\"padding-left: 2em !important;\">Apoyar la reforestaci\u00f3n para secuestrar carbono<\/td><\/tr><tr><td><strong>17. Asociaciones por los objetivos<\/strong><\/td><td><strong>Inversiones<\/strong><\/td><\/tr><tr><td style=\"padding-left: 2em !important;\"> 17.16 Potenciar la Alianza Mundial para el Desarrollo Sostenible, complementada por asociaciones de m\u00faltiples partes interesadas que movilicen y compartan conocimientos, experiencia, tecnolog\u00eda y recursos financieros, para apoyar la consecuci\u00f3n de los Objetivos de Desarrollo Sostenible en todos los pa\u00edses, en particular en los pa\u00edses en desarrollo. <br><br> 17.17 Alentar y promover asociaciones p\u00fablicas, p\u00fablico-privadas y de la sociedad civil eficaces, aprovechando la experiencia y las estrategias de dotaci\u00f3n de recursos de las asociaciones.<\/td><td style=\"padding-left: 2em !important;\"> Desinvertir en combustibles f\u00f3siles. <br><br>Invierta en inversiones socialmente responsables. <\/td><\/tr><\/tbody><\/table><\/figure>\n\n\n\n<p>Para saber m\u00e1s sobre los Objetivos de Desarrollo Sostenible, <strong><a href=\"https:\/\/sdgs.un.org\/goals\">visite el sitio web de las Naciones Unidas<\/a><\/strong>.<\/p>","protected":false},"excerpt":{"rendered":"<p>Alineaci\u00f3n de los Objetivos de Desarrollo Sostenible de la ONU y La Caja de Herramientas del Clima Las Naciones Unidas crearon los 17 Objetivos de Desarrollo Sostenible (ODS) \"para producir un conjunto de objetivos universales que respondan a los urgentes desaf\u00edos medioambientales, pol\u00edticos y econ\u00f3micos a los que se enfrenta nuestro mundo\".  Cada ...<\/p>\n<p class=\"read-more\"> <a class=\"\" href=\"https:\/\/climatetoolkit.org\/es\/alignment-of-u-n-sustainable-development-goals-and-the-climate-toolkit\/\"> <span class=\"screen-reader-text\">Alineaci\u00f3n de los Objetivos de Desarrollo Sostenible de la ONU y las Herramientas para el Clima<\/span> Leer m\u00e1s \"<\/a><\/p>","protected":false},"author":2,"featured_media":0,"parent":0,"menu_order":0,"comment_status":"closed","ping_status":"closed","template":"","meta":{"_acf_changed":false,"inline_featured_image":false,"advgb_blocks_editor_width":"","advgb_blocks_columns_visual_guide":"","footnotes":""},"class_list":["post-564","page","type-page","status-publish","hentry"],"acf":[],"yoast_head":"<!-- This site is optimized with the Yoast SEO plugin v27.3 - https:\/\/yoast.com\/product\/yoast-seo-wordpress\/ -->\n<title>Alignment of U.N. Sustainable Development Goals and The Climate Toolkit - The Climate Toolkit<\/title>\n<meta name=\"robots\" content=\"index, follow, max-snippet:-1, max-image-preview:large, max-video-preview:-1\" \/>\n<link rel=\"canonical\" href=\"https:\/\/climatetoolkit.org\/es\/alignment-of-u-n-sustainable-development-goals-and-the-climate-toolkit\/\" \/>\n<meta property=\"og:locale\" content=\"es_ES\" \/>\n<meta property=\"og:type\" content=\"article\" \/>\n<meta property=\"og:title\" content=\"Alignment of U.N. Sustainable Development Goals and The Climate Toolkit - The Climate Toolkit\" \/>\n<meta property=\"og:description\" content=\"Alignment of U.N. Sustainable Development Goals and The Climate Toolkit The United Nations created the 17 Sustainable Developmental Goals (SDGs) \u201cto produce a set of universal goals that meet the urgent environmental, political and economic challenges facing our world.\u201d &nbsp;Each &hellip; Alignment of U.N. Sustainable Development Goals and The Climate Toolkit Leer m\u00e1s \u00bb\" \/>\n<meta property=\"og:url\" content=\"https:\/\/climatetoolkit.org\/es\/alignment-of-u-n-sustainable-development-goals-and-the-climate-toolkit\/\" \/>\n<meta property=\"og:site_name\" content=\"The Climate Toolkit\" \/>\n<meta property=\"article:modified_time\" content=\"2021-08-17T21:01:46+00:00\" \/>\n<meta property=\"og:image\" content=\"https:\/\/climatetoolkit.org\/wp-content\/uploads\/2021\/02\/800px-Sustainable_Development_Goals_logo.svg.png\" \/>\n<meta name=\"twitter:card\" content=\"summary_large_image\" \/>\n<meta name=\"twitter:label1\" content=\"Tiempo de lectura\" \/>\n\t<meta name=\"twitter:data1\" content=\"4 minutos\" \/>\n<script type=\"application\/ld+json\" class=\"yoast-schema-graph\">{\"@context\":\"https:\\\/\\\/schema.org\",\"@graph\":[{\"@type\":\"WebPage\",\"@id\":\"https:\\\/\\\/climatetoolkit.org\\\/alignment-of-u-n-sustainable-development-goals-and-the-climate-toolkit\\\/\",\"url\":\"https:\\\/\\\/climatetoolkit.org\\\/alignment-of-u-n-sustainable-development-goals-and-the-climate-toolkit\\\/\",\"name\":\"Alignment of U.N. Sustainable Development Goals and The Climate Toolkit - The Climate Toolkit\",\"isPartOf\":{\"@id\":\"https:\\\/\\\/climatetoolkit.org\\\/#website\"},\"primaryImageOfPage\":{\"@id\":\"https:\\\/\\\/climatetoolkit.org\\\/alignment-of-u-n-sustainable-development-goals-and-the-climate-toolkit\\\/#primaryimage\"},\"image\":{\"@id\":\"https:\\\/\\\/climatetoolkit.org\\\/alignment-of-u-n-sustainable-development-goals-and-the-climate-toolkit\\\/#primaryimage\"},\"thumbnailUrl\":\"https:\\\/\\\/climatetoolkit.org\\\/wp-content\\\/uploads\\\/2021\\\/02\\\/800px-Sustainable_Development_Goals_logo.svg.png\",\"datePublished\":\"2021-02-11T16:08:06+00:00\",\"dateModified\":\"2021-08-17T21:01:46+00:00\",\"breadcrumb\":{\"@id\":\"https:\\\/\\\/climatetoolkit.org\\\/alignment-of-u-n-sustainable-development-goals-and-the-climate-toolkit\\\/#breadcrumb\"},\"inLanguage\":\"es\",\"potentialAction\":[{\"@type\":\"ReadAction\",\"target\":[\"https:\\\/\\\/climatetoolkit.org\\\/alignment-of-u-n-sustainable-development-goals-and-the-climate-toolkit\\\/\"]}]},{\"@type\":\"ImageObject\",\"inLanguage\":\"es\",\"@id\":\"https:\\\/\\\/climatetoolkit.org\\\/alignment-of-u-n-sustainable-development-goals-and-the-climate-toolkit\\\/#primaryimage\",\"url\":\"https:\\\/\\\/climatetoolkit.org\\\/wp-content\\\/uploads\\\/2021\\\/02\\\/800px-Sustainable_Development_Goals_logo.svg.png\",\"contentUrl\":\"https:\\\/\\\/climatetoolkit.org\\\/wp-content\\\/uploads\\\/2021\\\/02\\\/800px-Sustainable_Development_Goals_logo.svg.png\"},{\"@type\":\"BreadcrumbList\",\"@id\":\"https:\\\/\\\/climatetoolkit.org\\\/alignment-of-u-n-sustainable-development-goals-and-the-climate-toolkit\\\/#breadcrumb\",\"itemListElement\":[{\"@type\":\"ListItem\",\"position\":1,\"name\":\"Home\",\"item\":\"https:\\\/\\\/climatetoolkit.org\\\/\"},{\"@type\":\"ListItem\",\"position\":2,\"name\":\"Alignment of U.N. Sustainable Development Goals and The Climate Toolkit\"}]},{\"@type\":\"WebSite\",\"@id\":\"https:\\\/\\\/climatetoolkit.org\\\/#website\",\"url\":\"https:\\\/\\\/climatetoolkit.org\\\/\",\"name\":\"The Climate Toolkit\",\"description\":\"For Museums, Gardens and Zoos\",\"publisher\":{\"@id\":\"https:\\\/\\\/climatetoolkit.org\\\/#organization\"},\"potentialAction\":[{\"@type\":\"SearchAction\",\"target\":{\"@type\":\"EntryPoint\",\"urlTemplate\":\"https:\\\/\\\/climatetoolkit.org\\\/?s={search_term_string}\"},\"query-input\":{\"@type\":\"PropertyValueSpecification\",\"valueRequired\":true,\"valueName\":\"search_term_string\"}}],\"inLanguage\":\"es\"},{\"@type\":\"Organization\",\"@id\":\"https:\\\/\\\/climatetoolkit.org\\\/#organization\",\"name\":\"The Climate Toolkit\",\"url\":\"https:\\\/\\\/climatetoolkit.org\\\/\",\"logo\":{\"@type\":\"ImageObject\",\"inLanguage\":\"es\",\"@id\":\"https:\\\/\\\/climatetoolkit.org\\\/#\\\/schema\\\/logo\\\/image\\\/\",\"url\":\"https:\\\/\\\/climatetoolkit.org\\\/wp-content\\\/uploads\\\/2020\\\/05\\\/C_logo.png\",\"contentUrl\":\"https:\\\/\\\/climatetoolkit.org\\\/wp-content\\\/uploads\\\/2020\\\/05\\\/C_logo.png\",\"width\":512,\"height\":512,\"caption\":\"The Climate Toolkit\"},\"image\":{\"@id\":\"https:\\\/\\\/climatetoolkit.org\\\/#\\\/schema\\\/logo\\\/image\\\/\"}}]}<\/script>\n<!-- \/ Yoast SEO plugin. -->","yoast_head_json":{"title":"Alignment of U.N. Sustainable Development Goals and The Climate Toolkit - The Climate Toolkit","robots":{"index":"index","follow":"follow","max-snippet":"max-snippet:-1","max-image-preview":"max-image-preview:large","max-video-preview":"max-video-preview:-1"},"canonical":"https:\/\/climatetoolkit.org\/es\/alignment-of-u-n-sustainable-development-goals-and-the-climate-toolkit\/","og_locale":"es_ES","og_type":"article","og_title":"Alignment of U.N. Sustainable Development Goals and The Climate Toolkit - The Climate Toolkit","og_description":"Alignment of U.N. Sustainable Development Goals and The Climate Toolkit The United Nations created the 17 Sustainable Developmental Goals (SDGs) \u201cto produce a set of universal goals that meet the urgent environmental, political and economic challenges facing our world.\u201d &nbsp;Each &hellip; Alignment of U.N. Sustainable Development Goals and The Climate Toolkit Leer m\u00e1s \u00bb","og_url":"https:\/\/climatetoolkit.org\/es\/alignment-of-u-n-sustainable-development-goals-and-the-climate-toolkit\/","og_site_name":"The Climate Toolkit","article_modified_time":"2021-08-17T21:01:46+00:00","og_image":[{"url":"https:\/\/climatetoolkit.org\/wp-content\/uploads\/2021\/02\/800px-Sustainable_Development_Goals_logo.svg.png","type":"","width":"","height":""}],"twitter_card":"summary_large_image","twitter_misc":{"Tiempo de lectura":"4 minutos"},"schema":{"@context":"https:\/\/schema.org","@graph":[{"@type":"WebPage","@id":"https:\/\/climatetoolkit.org\/alignment-of-u-n-sustainable-development-goals-and-the-climate-toolkit\/","url":"https:\/\/climatetoolkit.org\/alignment-of-u-n-sustainable-development-goals-and-the-climate-toolkit\/","name":"Alignment of U.N. Sustainable Development Goals and The Climate Toolkit - The Climate Toolkit","isPartOf":{"@id":"https:\/\/climatetoolkit.org\/#website"},"primaryImageOfPage":{"@id":"https:\/\/climatetoolkit.org\/alignment-of-u-n-sustainable-development-goals-and-the-climate-toolkit\/#primaryimage"},"image":{"@id":"https:\/\/climatetoolkit.org\/alignment-of-u-n-sustainable-development-goals-and-the-climate-toolkit\/#primaryimage"},"thumbnailUrl":"https:\/\/climatetoolkit.org\/wp-content\/uploads\/2021\/02\/800px-Sustainable_Development_Goals_logo.svg.png","datePublished":"2021-02-11T16:08:06+00:00","dateModified":"2021-08-17T21:01:46+00:00","breadcrumb":{"@id":"https:\/\/climatetoolkit.org\/alignment-of-u-n-sustainable-development-goals-and-the-climate-toolkit\/#breadcrumb"},"inLanguage":"es","potentialAction":[{"@type":"ReadAction","target":["https:\/\/climatetoolkit.org\/alignment-of-u-n-sustainable-development-goals-and-the-climate-toolkit\/"]}]},{"@type":"ImageObject","inLanguage":"es","@id":"https:\/\/climatetoolkit.org\/alignment-of-u-n-sustainable-development-goals-and-the-climate-toolkit\/#primaryimage","url":"https:\/\/climatetoolkit.org\/wp-content\/uploads\/2021\/02\/800px-Sustainable_Development_Goals_logo.svg.png","contentUrl":"https:\/\/climatetoolkit.org\/wp-content\/uploads\/2021\/02\/800px-Sustainable_Development_Goals_logo.svg.png"},{"@type":"BreadcrumbList","@id":"https:\/\/climatetoolkit.org\/alignment-of-u-n-sustainable-development-goals-and-the-climate-toolkit\/#breadcrumb","itemListElement":[{"@type":"ListItem","position":1,"name":"Home","item":"https:\/\/climatetoolkit.org\/"},{"@type":"ListItem","position":2,"name":"Alignment of U.N. Sustainable Development Goals and The Climate Toolkit"}]},{"@type":"WebSite","@id":"https:\/\/climatetoolkit.org\/#website","url":"https:\/\/climatetoolkit.org\/","name":"Herramientas para el clima","description":"Para museos, jardines y zool\u00f3gicos","publisher":{"@id":"https:\/\/climatetoolkit.org\/#organization"},"potentialAction":[{"@type":"SearchAction","target":{"@type":"EntryPoint","urlTemplate":"https:\/\/climatetoolkit.org\/?s={search_term_string}"},"query-input":{"@type":"PropertyValueSpecification","valueRequired":true,"valueName":"search_term_string"}}],"inLanguage":"es"},{"@type":"Organization","@id":"https:\/\/climatetoolkit.org\/#organization","name":"Herramientas para el clima","url":"https:\/\/climatetoolkit.org\/","logo":{"@type":"ImageObject","inLanguage":"es","@id":"https:\/\/climatetoolkit.org\/#\/schema\/logo\/image\/","url":"https:\/\/climatetoolkit.org\/wp-content\/uploads\/2020\/05\/C_logo.png","contentUrl":"https:\/\/climatetoolkit.org\/wp-content\/uploads\/2020\/05\/C_logo.png","width":512,"height":512,"caption":"The Climate Toolkit"},"image":{"@id":"https:\/\/climatetoolkit.org\/#\/schema\/logo\/image\/"}}]}},"coauthors":[],"author_meta":{"author_link":"https:\/\/climatetoolkit.org\/es\/author\/joe\/","display_name":"joe reed"},"relative_dates":{"created":"Publicado 5 a\u00f1os hace","modified":"Actualizado 5 a\u00f1os hace"},"absolute_dates":{"created":"Publicado el febrero 11, 2021","modified":"Actualizado el agosto 17, 2021"},"absolute_dates_time":{"created":"Publicado el febrero 11, 2021 11:08 am","modified":"Actualizado el agosto 17, 2021 5:01 pm"},"featured_img_caption":"","featured_img":false,"series_order":"","_links":{"self":[{"href":"https:\/\/climatetoolkit.org\/es\/wp-json\/wp\/v2\/pages\/564","targetHints":{"allow":["GET"]}}],"collection":[{"href":"https:\/\/climatetoolkit.org\/es\/wp-json\/wp\/v2\/pages"}],"about":[{"href":"https:\/\/climatetoolkit.org\/es\/wp-json\/wp\/v2\/types\/page"}],"author":[{"embeddable":true,"href":"https:\/\/climatetoolkit.org\/es\/wp-json\/wp\/v2\/users\/2"}],"replies":[{"embeddable":true,"href":"https:\/\/climatetoolkit.org\/es\/wp-json\/wp\/v2\/comments?post=564"}],"version-history":[{"count":0,"href":"https:\/\/climatetoolkit.org\/es\/wp-json\/wp\/v2\/pages\/564\/revisions"}],"wp:attachment":[{"href":"https:\/\/climatetoolkit.org\/es\/wp-json\/wp\/v2\/media?parent=564"}],"curies":[{"name":"wp","href":"https:\/\/api.w.org\/{rel}","templated":true}]}}