{"id":4586,"date":"2025-08-01T13:42:19","date_gmt":"2025-08-01T17:42:19","guid":{"rendered":"https:\/\/climatetoolkit.org\/?page_id=4586"},"modified":"2025-10-17T14:24:16","modified_gmt":"2025-10-17T18:24:16","slug":"symposium-agenda","status":"publish","type":"page","link":"https:\/\/climatetoolkit.org\/es\/symposium-agenda\/","title":{"rendered":"Programa del Simposio"},"content":{"rendered":"<h2 class=\"wp-block-heading\">Programa del Simposio sobre las Herramientas del Clima<\/h2>\n\n\n\n<figure class=\"wp-block-image size-large is-resized\"><img decoding=\"async\" width=\"1024\" height=\"614\" src=\"https:\/\/climatetoolkit.org\/wp-content\/uploads\/2025\/10\/symposium_2-1024x614.jpg\" alt=\"\" class=\"wp-image-4893\" style=\"width:632px;height:auto\" srcset=\"https:\/\/climatetoolkit.org\/wp-content\/uploads\/2025\/10\/symposium_2-1024x614.jpg 1024w, https:\/\/climatetoolkit.org\/wp-content\/uploads\/2025\/10\/symposium_2-300x180.jpg 300w, https:\/\/climatetoolkit.org\/wp-content\/uploads\/2025\/10\/symposium_2-768x461.jpg 768w, https:\/\/climatetoolkit.org\/wp-content\/uploads\/2025\/10\/symposium_2-1536x922.jpg 1536w, https:\/\/climatetoolkit.org\/wp-content\/uploads\/2025\/10\/symposium_2-2048x1229.jpg 2048w, https:\/\/climatetoolkit.org\/wp-content\/uploads\/2025\/10\/symposium_2-18x12.jpg 18w, https:\/\/climatetoolkit.org\/wp-content\/uploads\/2025\/10\/symposium_2-100x60.jpg 100w, https:\/\/climatetoolkit.org\/wp-content\/uploads\/2025\/10\/symposium_2-150x90.jpg 150w, https:\/\/climatetoolkit.org\/wp-content\/uploads\/2025\/10\/symposium_2-200x120.jpg 200w, https:\/\/climatetoolkit.org\/wp-content\/uploads\/2025\/10\/symposium_2-450x270.jpg 450w, https:\/\/climatetoolkit.org\/wp-content\/uploads\/2025\/10\/symposium_2-600x360.jpg 600w, https:\/\/climatetoolkit.org\/wp-content\/uploads\/2025\/10\/symposium_2-900x540.jpg 900w\" sizes=\"(max-width: 1024px) 100vw, 1024px\" \/><\/figure>\n\n\n\n<h3 class=\"wp-block-heading\"><strong>Inauguraci\u00f3n<\/strong> <strong>Recepci\u00f3n<\/strong><\/h3>\n\n\n\n<h6 class=\"wp-block-heading\"><strong>DOMINGO, OCT. 26, 6 - 9 P.M.<\/strong><\/h6>\n\n\n\n<p>\ud83c\udf34 <em>Bienvenido al Simposio<\/em><\/p>\n\n\n\n<p>Con la exuberante exposici\u00f3n Bosque Tropical de Panam\u00e1 del Conservatorio Phipps y la Sala de Eventos Especiales como tel\u00f3n de fondo, este acto de bienvenida contar\u00e1 con un discurso de apertura de Richard Piacentini, Presidente y Director General de Phipps, y Margaret Waldock, Directora Ejecutiva de Duke Farms, adem\u00e1s de refrescos, una cena buf\u00e9, m\u00fasica en directo y un espacio para establecer contactos.<\/p>\n\n\n\n<h3 class=\"wp-block-heading\"><strong>D\u00eda 1: Casos de \u00e9xito clim\u00e1tico<\/strong><\/h3>\n\n\n\n<h6 class=\"wp-block-heading\"><strong>LUNES, OCT. 27, DE 8.00 A 17.00 H., CENA Y PRESENTACI\u00d3N PRINCIPAL DE 18.30 A 21.00 H.<\/strong><\/h6>\n\n\n\n<p><em>8.00 - 9.00 h.<\/em> &#8211; <em>Desayuno<\/em> <em>y Bienvenida<\/em><\/p>\n\n\n\n<p><em>9.00 - 10.30 h.<\/em> &#8211; <em>Programa Uno<\/em><\/p>\n\n\n\n<p>\u26a1 <strong>Energ\u00eda y descarbonizaci\u00f3n<\/strong><\/p>\n\n\n\n<p>Las instituciones culturales se est\u00e1n convirtiendo en l\u00edderes clim\u00e1ticos mediante la reducci\u00f3n de las emisiones de carbono y la transici\u00f3n a las energ\u00edas renovables. En este panel, las instituciones compartir\u00e1n c\u00f3mo est\u00e1n aplicando ambiciosas estrategias de descarbonizaci\u00f3n, ofreciendo lecciones aprendidas de los \u00e9xitos y desaf\u00edos del mundo real.<\/p>\n\n\n\n<ul class=\"wp-block-list\">\n<li>Richard Piacentini, Presidente y Director General - <strong>Conservatorio Phipps<\/strong><\/li>\n\n\n\n<li>Jon Wagar, Director Ejecutivo Adjunto de Operaciones y Sostenibilidad - <strong>Granjas Duke<\/strong><\/li>\n\n\n\n<li>Rachel Novick, Doctora, Directora de Sostenibilidad - <strong>Arboreto Morton<\/strong><\/li>\n\n\n\n<li>Rafael de Carvalho, Vicepresidente Asociado de Proyectos de Capital - <strong>Jard\u00edn Bot\u00e1nico de Nueva York<\/strong><\/li>\n<\/ul>\n\n\n\n<p><em>10.45 h - 12.00 h<\/em> &#8211; <em>Segundo programa<\/em><\/p>\n\n\n\n<p>\ud83c\udf0d <strong>Interpretaci\u00f3n del clima y compromiso<\/strong><\/p>\n\n\n\n<p>\u00bfC\u00f3mo pueden las instituciones dialogar con el p\u00fablico sobre el cambio clim\u00e1tico? Esta mesa redonda re\u00fane a instituciones<strong> <\/strong>para poner de relieve enfoques creativos de interpretaci\u00f3n y compromiso que inspiren al p\u00fablico a participar en las soluciones clim\u00e1ticas.<\/p>\n\n\n\n<ul class=\"wp-block-list\">\n<li>Anais Reyes, Comisaria - <strong>El Museo del Clima<\/strong><\/li>\n\n\n\n<li>Casey Mink, Asistente de desarrollo de exposiciones - <strong>Museo de Historia Natural de Utah<\/strong><\/li>\n\n\n\n<li>Jen Kretser, Directora de Iniciativas Clim\u00e1ticas - <strong>El Centro Salvaje<\/strong><\/li>\n\n\n\n<li>Mark Wourms, Doctor, Presidente, Consejero Delegado - <strong>Bosque y Arboreto Bernheim<\/strong><\/li>\n<\/ul>\n\n\n\n<p><em>12 h - 13 h<\/em> &#8211; <em>Almuerzo<\/em><\/p>\n\n\n\n<p><em>13.00 h - 14.15 h<\/em> &#8211; <em>Programa Tres<\/em><\/p>\n\n\n\n<p>\u267b\ufe0f <strong>\u00c1reas tem\u00e1ticas I: Gesti\u00f3n de residuos y soluciones basadas en la naturaleza<\/strong><\/p>\n\n\n\n<p>Los grupos de trabajo ofrecen a los participantes la oportunidad de mantener una conversaci\u00f3n centrada en \u00e1reas espec\u00edficas de la acci\u00f3n por el clima. Cada sesi\u00f3n comienza con una breve presentaci\u00f3n de un experto en la materia, seguida de una mesa redonda para facilitar el intercambio de conocimientos y la resoluci\u00f3n de problemas. La primera ronda incluir\u00e1 presentaciones y debates sobre los siguientes temas:<\/p>\n\n\n\n<ul class=\"wp-block-list\">\n<li><strong>Gesti\u00f3n de residuos y compromiso del personal<\/strong>\n<ul class=\"wp-block-list\">\n<li>Allison Tilson, Directora de Operaciones de Sostenibilidad y Conservaci\u00f3n - <strong>Acuario Nacional<\/strong><\/li>\n<\/ul>\n<\/li>\n<\/ul>\n\n\n\n<p><\/p>\n\n\n\n<ul class=\"wp-block-list\">\n<li><strong>Soluciones basadas en la naturaleza<\/strong>\n<ul class=\"wp-block-list\">\n<li>Jeff Downing, Director Ejecutivo - <strong>Centro Monte Cuba<\/strong><\/li>\n\n\n\n<li>Christy Rollinson, Doctora, Cient\u00edfica Superior, Ecolog\u00eda Forestal - <strong>Arboreto Morton<\/strong><\/li>\n<\/ul>\n<\/li>\n<\/ul>\n\n\n\n<p><em>14.30 h - 15.45 h<\/em> &#8211; <em>Programa Cuatro<\/em><\/p>\n\n\n\n<p>\ud83c\udf33 <strong>\u00c1reas tem\u00e1ticas II: Investigaci\u00f3n sobre el clima<\/strong>, <strong>Conservaci\u00f3n y Acci\u00f3n, Gesti\u00f3n de Instalaciones<\/strong><\/p>\n\n\n\n<p>La segunda ronda de grupos tem\u00e1ticos contar\u00e1 con breves presentaciones de expertos en la materia, seguidas de mesas redondas para facilitar el intercambio de conocimientos y la resoluci\u00f3n de problemas:<\/p>\n\n\n\n<ul class=\"wp-block-list\">\n<li><strong>Investigaci\u00f3n clim\u00e1tica<\/strong>\n<ul class=\"wp-block-list\">\n<li>Chelsea Miller, Doctora, Profesora Adjunta, Biolog\u00eda del Cambio Global -<strong> Universidad de Akron<\/strong><\/li>\n\n\n\n<li>Lara Roketenetz, Ph.D., Directora de la Estaci\u00f3n de Campo -<strong> Estaci\u00f3n de campo de la Universidad de Akron<\/strong><\/li>\n<\/ul>\n<\/li>\n<\/ul>\n\n\n\n<p><\/p>\n\n\n\n<ul class=\"wp-block-list\">\n<li><strong>Conservaci\u00f3n y acci\u00f3n: Salvando las distancias<\/strong>\n<ul class=\"wp-block-list\">\n<li>Shafkat Khan, Doctor, Director de Conservaci\u00f3n -&nbsp;<strong>Zoo y acuario de Pittsburgh<\/strong><\/li>\n<\/ul>\n<\/li>\n<\/ul>\n\n\n\n<p><\/p>\n\n\n\n<ul class=\"wp-block-list\">\n<li><strong>Gesti\u00f3n de instalaciones<\/strong>\n<ul class=\"wp-block-list\">\n<li>Jim Hanson, Director de Sostenibilidad y Tecnolog\u00eda - <strong>Granjas Duke<\/strong><\/li>\n\n\n\n<li>Joe Zalenko, Director de Instalaciones -<strong> Granjas Duke<\/strong><\/li>\n<\/ul>\n<\/li>\n<\/ul>\n\n\n\n<p><em>16.00 h - 17.00 h<\/em> &#8211; <em>Programa Cinco<\/em><\/p>\n\n\n\n<p>\ud83c\udf31 <strong>Defensa juvenil del clima<\/strong><\/p>\n\n\n\n<p>Dar voz a los j\u00f3venes es fundamental para hacer avanzar el movimiento por el clima e impulsar la acci\u00f3n en las comunidades. En esta mesa redonda y sesi\u00f3n de preguntas y respuestas del p\u00fablico, escucharemos directamente a <strong>j\u00f3venes l\u00edderes clim\u00e1ticos<\/strong> <strong>en Phipps <\/strong>mientras comparten sus experiencias como defensores y agentes de cambio.<\/p>\n\n\n\n<ul class=\"wp-block-list\">\n<li>Emma Ehan, L\u00edder de YCAC - <strong>Comit\u00e9 juvenil de defensa del clima de Phipps<\/strong><\/li>\n\n\n\n<li>Anwita Maneish Nithya, Jefa de equipo de YCAC - <strong>Comit\u00e9 juvenil de defensa del clima de Phipps<\/strong><\/li>\n\n\n\n<li>Cortlan Harrell, jefe del equipo YCAC - <strong>Comit\u00e9 juvenil de defensa del clima de Phipps<\/strong><\/li>\n\n\n\n<li>Marley McFarland, L\u00edder de YCAC - <strong>Comit\u00e9 juvenil de defensa del clima de Phipps<\/strong><\/li>\n<\/ul>\n\n\n\n<p><em>17.00 h - 18.15 h - Recorrido por los edificios vivos<\/em><\/p>\n\n\n\n<p>\u00danase al especialista en interpretaci\u00f3n del Conservatorio Phipps, al gestor de sostenibilidad y al director de instalaciones y sostenibilidad para una charla en profundidad, <strong>visita entre bastidores a los edificios ecol\u00f3gicos<\/strong> del Centro de Paisajes Sostenibles, el Centro de Escenificaci\u00f3n de Exposiciones, el Laboratorio de la Naturaleza y el Invernadero de Producci\u00f3n, y conozca las estrategias para obtener energ\u00eda y agua netas cero.<\/p>\n\n\n\n<p><em>18:30 - 21:00 h.<\/em> &#8211; <em>Cena y discurso de apertura<\/em><\/p>\n\n\n\n<p>La velada concluir\u00e1 con una cena en el Sal\u00f3n de Actos Especiales y un discurso de apertura a cargo de <strong>David W. Orr<\/strong>catedr\u00e1tico em\u00e9rito Paul Sears de Estudios Medioambientales y Pol\u00edtica en el Oberlin College, y catedr\u00e1tico de Pr\u00e1ctica en la Universidad Estatal de Arizona.<\/p>\n\n\n\n<h3 class=\"wp-block-heading\"><strong>D\u00eda 2: Una inmersi\u00f3n profunda en el futuro<\/strong><\/h3>\n\n\n\n<h6 class=\"wp-block-heading\"><strong>MARTES, OCT. 28 DE OCTUBRE, DE 8.00 A 16.00 HORAS<\/strong><\/h6>\n\n\n\n<p><em>8.00 - 9.00 h.<\/em> &#8211; <em>Desayuno y bienvenida<\/em><\/p>\n\n\n\n<p><em>9.00 - 11.00 h.<\/em> &#8211; <em>Programa Uno<\/em><\/p>\n\n\n\n<p>\ud83c\udf3b <strong>La esencia como br\u00fajula: Guiar la acci\u00f3n clim\u00e1tica con el pensamiento regenerativo<\/strong><\/p>\n\n\n\n<p>Esta sesi\u00f3n invita a los participantes a explorar el poder de trabajar desde la esencia, conectando con el n\u00facleo \u00fanico de lo que son y lo que realmente importa. En un momento en el que la acci\u00f3n clim\u00e1tica puede parecer reactiva o abrumadora, volver a la esencia ofrece una forma de moverse con mayor claridad, coherencia y prop\u00f3sito. A partir de esta base, nuestras acciones son m\u00e1s regenerativas, nuestras estrategias est\u00e1n m\u00e1s alineadas y nuestro potencial de impacto duradero se hace m\u00e1s realidad.<\/p>\n\n\n\n<ul class=\"wp-block-list\">\n<li>Sonja Bochart, Directora, LENS - <strong>Shepley Bulfinch<\/strong><\/li>\n\n\n\n<li>Richard Piacentini, Presidente y Director General - <strong>Conservatorio Phipps<\/strong><\/li>\n<\/ul>\n\n\n\n<p><em>11 h - 12 h<\/em> &#8211; <em>Segundo programa<\/em><\/p>\n\n\n\n<p>\ud83c\udf43 <strong>Redes entre iguales<\/strong><\/p>\n\n\n\n<p>Esta sesi\u00f3n invita a los participantes a conectar con otros que comparten funciones similares en las \u00e1reas de liderazgo, instalaciones y operaciones, asociaciones comunitarias, compromiso y educaci\u00f3n, y soluciones basadas en la naturaleza en un ambiente intencionadamente informal. Cada grupo dirigir\u00e1 su propio debate, creando un espacio para las conexiones org\u00e1nicas, el aprendizaje compartido y las asociaciones potenciales que se extienden m\u00e1s all\u00e1 del Simposio.&nbsp;<\/p>\n\n\n\n<p><em>12 h - 13 h<\/em> &#8211; <em>Almuerzo<\/em><\/p>\n\n\n\n<p><em>13.00 h - 14.30 h<\/em> &#8211; <em>Programa Tres<\/em><\/p>\n\n\n\n<p>\u2705 <strong>Talleres de acci\u00f3n por el clima<\/strong><\/p>\n\n\n\n<p>En esta \u00faltima sesi\u00f3n del Simposio, los participantes elegir\u00e1n entre una serie de talleres de acci\u00f3n clim\u00e1tica que les ayudar\u00e1n a catalizar la planificaci\u00f3n y aplicaci\u00f3n de medidas clim\u00e1ticas en su instituci\u00f3n. <\/p>\n\n\n\n<ul class=\"wp-block-list\">\n<li><strong>Elaboraci\u00f3n de un plan de resiliencia ante el cambio clim\u00e1tico<\/strong>\n<ul class=\"wp-block-list\">\n<li>Stephanie Shapiro, Cofundadora y Directora General - <strong>Medio ambiente y cultura<\/strong><\/li>\n\n\n\n<li>Al Carver-Kubik, Encargado de Programa, Subvenciones e Investigaci\u00f3n. <strong>Medio ambiente y cultura<\/strong><\/li>\n<\/ul>\n<\/li>\n<\/ul>\n\n\n\n<p><\/p>\n\n\n\n<ul class=\"wp-block-list\">\n<li><strong>C\u00f3mo convertirse en el recurso clim\u00e1tico de su comunidad \/ Compromiso c\u00edvico<\/strong>\n<ul class=\"wp-block-list\">\n<li>Rose Hendricks, Doctora y Directora Ejecutiva de Seeding Action - <strong>Asociaci\u00f3n de Centros de Ciencia y Tecnolog\u00eda<\/strong><\/li>\n<\/ul>\n<\/li>\n<\/ul>\n\n\n\n<p><em>14.40 h - 15.15 h<\/em> &#8211; <em>Compartir y reflexionar<\/em><\/p>\n\n\n\n<p><em>15.15 h - 15.30 h<\/em> &#8211; <em>Reconvocatoria y despedida<\/em><\/p>\n\n\n\n<div class=\"wp-block-buttons is-layout-flex wp-block-buttons-is-layout-flex\">\n<div class=\"wp-block-button\"><a class=\"wp-block-button__link has-luminous-vivid-amber-background-color has-background has-custom-font-size wp-element-button\" href=\"https:\/\/my.conservatory.org\/8991\/8992\" style=\"font-size:16px\"><strong>Conseguir entradas &gt;<\/strong><\/a><\/div>\n<\/div>\n\n\n\n<p>Su entrada $200 incluye la entrada completa al simposio y todas las comidas y bebidas. Inmediatamente despu\u00e9s del Simposio sobre herramientas clim\u00e1ticas se celebrar\u00e1 el&nbsp;<a href=\"https:\/\/midatlanticmuseums.org\/annual-meeting\/\"><strong>Conferencia anual de la Asociaci\u00f3n de Museos del Atl\u00e1ntico Medio<\/strong><\/a>Tambi\u00e9n en Pittsburgh, animamos a los asistentes interesados a prolongar su estancia y participar en ambos actos.<\/p>\n\n\n\n<p><strong>\u00bfPreguntas?<\/strong>&nbsp;P\u00f3ngase en contacto con&nbsp;<a href=\"mailto:alampl@phipps.conservatory.org\">alampl@phipps.conservatory.org<\/a>&nbsp;o llame al 412-622-6915, ext. 6752<\/p>","protected":false},"excerpt":{"rendered":"<p>Agenda del Simposio sobre las Herramientas para el Clima Recepci\u00f3n de apertura DOMINGO, 26 DE OCT. 26, 6 - 9 P.M. \ud83c\udf34 \u00a1Bienvenidos al Simposio! Con la exuberante exposici\u00f3n Bosque Tropical de Panam\u00e1 del Conservatorio Phipps y la Sala de Eventos Especiales como tel\u00f3n de fondo, este evento de bienvenida contar\u00e1 con ...<\/p>\n<p class=\"read-more\"> <a class=\"\" href=\"https:\/\/climatetoolkit.org\/es\/symposium-agenda\/\"> <span class=\"screen-reader-text\">Programa del Simposio<\/span> Leer m\u00e1s \"<\/a><\/p>","protected":false},"author":2,"featured_media":0,"parent":0,"menu_order":0,"comment_status":"closed","ping_status":"closed","template":"","meta":{"_acf_changed":false,"inline_featured_image":false,"advgb_blocks_editor_width":"","advgb_blocks_columns_visual_guide":"","footnotes":""},"class_list":["post-4586","page","type-page","status-publish","hentry"],"acf":[],"yoast_head":"<!-- This site is optimized with the Yoast SEO plugin v27.3 - https:\/\/yoast.com\/product\/yoast-seo-wordpress\/ -->\n<title>Symposium Agenda - The Climate Toolkit<\/title>\n<meta name=\"robots\" content=\"index, follow, max-snippet:-1, max-image-preview:large, max-video-preview:-1\" \/>\n<link rel=\"canonical\" href=\"https:\/\/climatetoolkit.org\/es\/symposium-agenda\/\" \/>\n<meta property=\"og:locale\" content=\"es_ES\" \/>\n<meta property=\"og:type\" content=\"article\" \/>\n<meta property=\"og:title\" content=\"Symposium Agenda - The Climate Toolkit\" \/>\n<meta property=\"og:description\" content=\"Climate Toolkit Symposium Agenda Opening Evening Reception SUN., OCT. 26, 6 \u2013 9 P.M. \ud83c\udf34 Welcome to the Symposium! Held against the backdrop of Phipps Conservatory&#8217;s lush Tropical Forest Panama exhibit and Special Events Hall, this welcoming event will feature &hellip; Symposium Agenda Leer m\u00e1s \u00bb\" \/>\n<meta property=\"og:url\" content=\"https:\/\/climatetoolkit.org\/es\/symposium-agenda\/\" \/>\n<meta property=\"og:site_name\" content=\"The Climate Toolkit\" \/>\n<meta property=\"article:modified_time\" content=\"2025-10-17T18:24:16+00:00\" \/>\n<meta property=\"og:image\" content=\"https:\/\/climatetoolkit.org\/wp-content\/uploads\/2025\/10\/symposium_2.jpg\" \/>\n\t<meta property=\"og:image:width\" content=\"2100\" \/>\n\t<meta property=\"og:image:height\" content=\"1260\" \/>\n\t<meta property=\"og:image:type\" content=\"image\/jpeg\" \/>\n<meta name=\"twitter:card\" content=\"summary_large_image\" \/>\n<meta name=\"twitter:label1\" content=\"Tiempo de lectura\" \/>\n\t<meta name=\"twitter:data1\" content=\"5 minutos\" \/>\n<script type=\"application\/ld+json\" class=\"yoast-schema-graph\">{\"@context\":\"https:\\\/\\\/schema.org\",\"@graph\":[{\"@type\":\"WebPage\",\"@id\":\"https:\\\/\\\/climatetoolkit.org\\\/symposium-agenda\\\/\",\"url\":\"https:\\\/\\\/climatetoolkit.org\\\/symposium-agenda\\\/\",\"name\":\"Symposium Agenda - The Climate Toolkit\",\"isPartOf\":{\"@id\":\"https:\\\/\\\/climatetoolkit.org\\\/#website\"},\"primaryImageOfPage\":{\"@id\":\"https:\\\/\\\/climatetoolkit.org\\\/symposium-agenda\\\/#primaryimage\"},\"image\":{\"@id\":\"https:\\\/\\\/climatetoolkit.org\\\/symposium-agenda\\\/#primaryimage\"},\"thumbnailUrl\":\"https:\\\/\\\/climatetoolkit.org\\\/wp-content\\\/uploads\\\/2025\\\/10\\\/symposium_2-1024x614.jpg\",\"datePublished\":\"2025-08-01T17:42:19+00:00\",\"dateModified\":\"2025-10-17T18:24:16+00:00\",\"breadcrumb\":{\"@id\":\"https:\\\/\\\/climatetoolkit.org\\\/symposium-agenda\\\/#breadcrumb\"},\"inLanguage\":\"es\",\"potentialAction\":[{\"@type\":\"ReadAction\",\"target\":[\"https:\\\/\\\/climatetoolkit.org\\\/symposium-agenda\\\/\"]}]},{\"@type\":\"ImageObject\",\"inLanguage\":\"es\",\"@id\":\"https:\\\/\\\/climatetoolkit.org\\\/symposium-agenda\\\/#primaryimage\",\"url\":\"https:\\\/\\\/climatetoolkit.org\\\/wp-content\\\/uploads\\\/2025\\\/10\\\/symposium_2-1024x614.jpg\",\"contentUrl\":\"https:\\\/\\\/climatetoolkit.org\\\/wp-content\\\/uploads\\\/2025\\\/10\\\/symposium_2-1024x614.jpg\"},{\"@type\":\"BreadcrumbList\",\"@id\":\"https:\\\/\\\/climatetoolkit.org\\\/symposium-agenda\\\/#breadcrumb\",\"itemListElement\":[{\"@type\":\"ListItem\",\"position\":1,\"name\":\"Home\",\"item\":\"https:\\\/\\\/climatetoolkit.org\\\/\"},{\"@type\":\"ListItem\",\"position\":2,\"name\":\"Symposium Agenda\"}]},{\"@type\":\"WebSite\",\"@id\":\"https:\\\/\\\/climatetoolkit.org\\\/#website\",\"url\":\"https:\\\/\\\/climatetoolkit.org\\\/\",\"name\":\"The Climate Toolkit\",\"description\":\"For Museums, Gardens and Zoos\",\"publisher\":{\"@id\":\"https:\\\/\\\/climatetoolkit.org\\\/#organization\"},\"potentialAction\":[{\"@type\":\"SearchAction\",\"target\":{\"@type\":\"EntryPoint\",\"urlTemplate\":\"https:\\\/\\\/climatetoolkit.org\\\/?s={search_term_string}\"},\"query-input\":{\"@type\":\"PropertyValueSpecification\",\"valueRequired\":true,\"valueName\":\"search_term_string\"}}],\"inLanguage\":\"es\"},{\"@type\":\"Organization\",\"@id\":\"https:\\\/\\\/climatetoolkit.org\\\/#organization\",\"name\":\"The Climate Toolkit\",\"url\":\"https:\\\/\\\/climatetoolkit.org\\\/\",\"logo\":{\"@type\":\"ImageObject\",\"inLanguage\":\"es\",\"@id\":\"https:\\\/\\\/climatetoolkit.org\\\/#\\\/schema\\\/logo\\\/image\\\/\",\"url\":\"https:\\\/\\\/climatetoolkit.org\\\/wp-content\\\/uploads\\\/2020\\\/05\\\/C_logo.png\",\"contentUrl\":\"https:\\\/\\\/climatetoolkit.org\\\/wp-content\\\/uploads\\\/2020\\\/05\\\/C_logo.png\",\"width\":512,\"height\":512,\"caption\":\"The Climate Toolkit\"},\"image\":{\"@id\":\"https:\\\/\\\/climatetoolkit.org\\\/#\\\/schema\\\/logo\\\/image\\\/\"}}]}<\/script>\n<!-- \/ Yoast SEO plugin. -->","yoast_head_json":{"title":"Programa del simposio - La caja de herramientas del clima","robots":{"index":"index","follow":"follow","max-snippet":"max-snippet:-1","max-image-preview":"max-image-preview:large","max-video-preview":"max-video-preview:-1"},"canonical":"https:\/\/climatetoolkit.org\/es\/symposium-agenda\/","og_locale":"es_ES","og_type":"article","og_title":"Symposium Agenda - The Climate Toolkit","og_description":"Climate Toolkit Symposium Agenda Opening Evening Reception SUN., OCT. 26, 6 \u2013 9 P.M. \ud83c\udf34 Welcome to the Symposium! Held against the backdrop of Phipps Conservatory&#8217;s lush Tropical Forest Panama exhibit and Special Events Hall, this welcoming event will feature &hellip; Symposium Agenda Leer m\u00e1s \u00bb","og_url":"https:\/\/climatetoolkit.org\/es\/symposium-agenda\/","og_site_name":"The Climate Toolkit","article_modified_time":"2025-10-17T18:24:16+00:00","og_image":[{"width":2100,"height":1260,"url":"https:\/\/climatetoolkit.org\/wp-content\/uploads\/2025\/10\/symposium_2.jpg","type":"image\/jpeg"}],"twitter_card":"summary_large_image","twitter_misc":{"Tiempo de lectura":"5 minutos"},"schema":{"@context":"https:\/\/schema.org","@graph":[{"@type":"WebPage","@id":"https:\/\/climatetoolkit.org\/symposium-agenda\/","url":"https:\/\/climatetoolkit.org\/symposium-agenda\/","name":"Programa del simposio - La caja de herramientas del clima","isPartOf":{"@id":"https:\/\/climatetoolkit.org\/#website"},"primaryImageOfPage":{"@id":"https:\/\/climatetoolkit.org\/symposium-agenda\/#primaryimage"},"image":{"@id":"https:\/\/climatetoolkit.org\/symposium-agenda\/#primaryimage"},"thumbnailUrl":"https:\/\/climatetoolkit.org\/wp-content\/uploads\/2025\/10\/symposium_2-1024x614.jpg","datePublished":"2025-08-01T17:42:19+00:00","dateModified":"2025-10-17T18:24:16+00:00","breadcrumb":{"@id":"https:\/\/climatetoolkit.org\/symposium-agenda\/#breadcrumb"},"inLanguage":"es","potentialAction":[{"@type":"ReadAction","target":["https:\/\/climatetoolkit.org\/symposium-agenda\/"]}]},{"@type":"ImageObject","inLanguage":"es","@id":"https:\/\/climatetoolkit.org\/symposium-agenda\/#primaryimage","url":"https:\/\/climatetoolkit.org\/wp-content\/uploads\/2025\/10\/symposium_2-1024x614.jpg","contentUrl":"https:\/\/climatetoolkit.org\/wp-content\/uploads\/2025\/10\/symposium_2-1024x614.jpg"},{"@type":"BreadcrumbList","@id":"https:\/\/climatetoolkit.org\/symposium-agenda\/#breadcrumb","itemListElement":[{"@type":"ListItem","position":1,"name":"Home","item":"https:\/\/climatetoolkit.org\/"},{"@type":"ListItem","position":2,"name":"Symposium Agenda"}]},{"@type":"WebSite","@id":"https:\/\/climatetoolkit.org\/#website","url":"https:\/\/climatetoolkit.org\/","name":"Herramientas para el clima","description":"Para museos, jardines y zool\u00f3gicos","publisher":{"@id":"https:\/\/climatetoolkit.org\/#organization"},"potentialAction":[{"@type":"SearchAction","target":{"@type":"EntryPoint","urlTemplate":"https:\/\/climatetoolkit.org\/?s={search_term_string}"},"query-input":{"@type":"PropertyValueSpecification","valueRequired":true,"valueName":"search_term_string"}}],"inLanguage":"es"},{"@type":"Organization","@id":"https:\/\/climatetoolkit.org\/#organization","name":"Herramientas para el clima","url":"https:\/\/climatetoolkit.org\/","logo":{"@type":"ImageObject","inLanguage":"es","@id":"https:\/\/climatetoolkit.org\/#\/schema\/logo\/image\/","url":"https:\/\/climatetoolkit.org\/wp-content\/uploads\/2020\/05\/C_logo.png","contentUrl":"https:\/\/climatetoolkit.org\/wp-content\/uploads\/2020\/05\/C_logo.png","width":512,"height":512,"caption":"The Climate Toolkit"},"image":{"@id":"https:\/\/climatetoolkit.org\/#\/schema\/logo\/image\/"}}]}},"coauthors":[],"author_meta":{"author_link":"https:\/\/climatetoolkit.org\/es\/author\/joe\/","display_name":"joe reed"},"relative_dates":{"created":"Publicado 8 meses hace","modified":"Actualizado 6 meses hace"},"absolute_dates":{"created":"Publicado el agosto 1, 2025","modified":"Actualizado el octubre 17, 2025"},"absolute_dates_time":{"created":"Publicado el agosto 1, 2025 1:42 pm","modified":"Actualizado el octubre 17, 2025 2:24 pm"},"featured_img_caption":"","featured_img":false,"series_order":"","_links":{"self":[{"href":"https:\/\/climatetoolkit.org\/es\/wp-json\/wp\/v2\/pages\/4586","targetHints":{"allow":["GET"]}}],"collection":[{"href":"https:\/\/climatetoolkit.org\/es\/wp-json\/wp\/v2\/pages"}],"about":[{"href":"https:\/\/climatetoolkit.org\/es\/wp-json\/wp\/v2\/types\/page"}],"author":[{"embeddable":true,"href":"https:\/\/climatetoolkit.org\/es\/wp-json\/wp\/v2\/users\/2"}],"replies":[{"embeddable":true,"href":"https:\/\/climatetoolkit.org\/es\/wp-json\/wp\/v2\/comments?post=4586"}],"version-history":[{"count":100,"href":"https:\/\/climatetoolkit.org\/es\/wp-json\/wp\/v2\/pages\/4586\/revisions"}],"predecessor-version":[{"id":4985,"href":"https:\/\/climatetoolkit.org\/es\/wp-json\/wp\/v2\/pages\/4586\/revisions\/4985"}],"wp:attachment":[{"href":"https:\/\/climatetoolkit.org\/es\/wp-json\/wp\/v2\/media?parent=4586"}],"curies":[{"name":"wp","href":"https:\/\/api.w.org\/{rel}","templated":true}]}}