{"id":4160,"date":"2025-02-10T14:30:23","date_gmt":"2025-02-10T19:30:23","guid":{"rendered":"https:\/\/climatetoolkit.org\/?page_id=4160"},"modified":"2025-02-10T15:17:41","modified_gmt":"2025-02-10T20:17:41","slug":"climate-toolkit-partner-badges","status":"publish","type":"page","link":"https:\/\/climatetoolkit.org\/es\/climate-toolkit-partner-badges\/","title":{"rendered":"Insignias de socios de la Climate Toolkit"},"content":{"rendered":"<h2 class=\"wp-block-heading\">Insignias de socios de la Climate Toolkit<\/h2>\n\n\n\n<p>Estamos muy agradecidos por las asociaciones y colaboraciones que son posibles gracias a la Iniciativa Climate Toolkit y por su continua dedicaci\u00f3n a la acci\u00f3n por el clima. En reconocimiento a su participaci\u00f3n, hemos creado insignias digitales para que las exhiban todos los miembros de la Climate Toolkit. Las dos insignias siguientes pueden ser utilizadas por cualquier instituci\u00f3n. Para guardar una copia y utilizarla en su sitio web, haga clic con el bot\u00f3n derecho del rat\u00f3n o pulse la opci\u00f3n y seleccione \"Guardar\" o \"Guardar como\":<\/p>\n\n\n\n<div class=\"wp-block-columns is-layout-flex wp-container-core-columns-is-layout-9d6595d7 wp-block-columns-is-layout-flex\">\n<div class=\"wp-block-column is-layout-flow wp-block-column-is-layout-flow\">\n<figure class=\"wp-block-image size-large\"><a href=\"https:\/\/climatetoolkit.org\/wp-content\/uploads\/2025\/02\/climate_toolkit_badge_sml.png\"><img decoding=\"async\" src=\"https:\/\/climatetoolkit.org\/wp-content\/uploads\/2025\/02\/climate_toolkit_badge_sml.png\" alt=\"\"\/><\/a><\/figure>\n<\/div>\n\n\n\n<div class=\"wp-block-column is-layout-flow wp-block-column-is-layout-flow\">\n<figure class=\"wp-block-image size-large\"><a href=\"https:\/\/climatetoolkit.org\/wp-content\/uploads\/2025\/02\/climate_toolkit_badge_allpartner.png\"><img decoding=\"async\" src=\"https:\/\/climatetoolkit.org\/wp-content\/uploads\/2025\/02\/climate_toolkit_badge_allpartner.png\" alt=\"\"\/><\/a><\/figure>\n<\/div>\n\n\n\n<div class=\"wp-block-column is-layout-flow wp-block-column-is-layout-flow\"><\/div>\n<\/div>\n\n\n\n<p>Estas insignias adicionales destacan nuestras asociaciones con ASTC, AAM, APGA, OBFS y BGCI. Las insignias con combinaciones de organizaciones asociadas est\u00e1n disponibles previa solicitud. <\/p>\n\n\n\n<div class=\"wp-block-columns is-layout-flex wp-container-core-columns-is-layout-9d6595d7 wp-block-columns-is-layout-flex\">\n<div class=\"wp-block-column is-layout-flow wp-block-column-is-layout-flow\">\n<figure class=\"wp-block-image size-large\"><a href=\"https:\/\/climatetoolkit.org\/wp-content\/uploads\/2025\/02\/climate_toolkit_badge_aam.png\"><img decoding=\"async\" src=\"https:\/\/climatetoolkit.org\/wp-content\/uploads\/2025\/02\/climate_toolkit_badge_aam.png\" alt=\"\"\/><\/a><\/figure>\n<\/div>\n\n\n\n<div class=\"wp-block-column is-layout-flow wp-block-column-is-layout-flow\">\n<figure class=\"wp-block-image size-large\"><a href=\"https:\/\/climatetoolkit.org\/wp-content\/uploads\/2025\/02\/climate_toolkit_badge_apga.png\"><img decoding=\"async\" src=\"https:\/\/climatetoolkit.org\/wp-content\/uploads\/2025\/02\/climate_toolkit_badge_apga.png\" alt=\"\"\/><\/a><\/figure>\n<\/div>\n\n\n\n<div class=\"wp-block-column is-layout-flow wp-block-column-is-layout-flow\">\n<figure class=\"wp-block-image size-large\"><a href=\"https:\/\/climatetoolkit.org\/wp-content\/uploads\/2025\/02\/climate_toolkit_badge_astc.png\"><img decoding=\"async\" src=\"https:\/\/climatetoolkit.org\/wp-content\/uploads\/2025\/02\/climate_toolkit_badge_astc.png\" alt=\"\"\/><\/a><\/figure>\n<\/div>\n<\/div>\n\n\n\n<div class=\"wp-block-columns is-layout-flex wp-container-core-columns-is-layout-9d6595d7 wp-block-columns-is-layout-flex\">\n<div class=\"wp-block-column is-layout-flow wp-block-column-is-layout-flow\">\n<figure class=\"wp-block-image size-large\"><a href=\"https:\/\/climatetoolkit.org\/wp-content\/uploads\/2025\/02\/climate_toolkit_badge_bgci.png\"><img decoding=\"async\" src=\"https:\/\/climatetoolkit.org\/wp-content\/uploads\/2025\/02\/climate_toolkit_badge_bgci.png\" alt=\"\"\/><\/a><\/figure>\n<\/div>\n\n\n\n<div class=\"wp-block-column is-layout-flow wp-block-column-is-layout-flow\">\n<figure class=\"wp-block-image size-large\"><a href=\"https:\/\/climatetoolkit.org\/wp-content\/uploads\/2025\/02\/climate_toolkit_badge_obfs.png\"><img decoding=\"async\" src=\"https:\/\/climatetoolkit.org\/wp-content\/uploads\/2025\/02\/climate_toolkit_badge_obfs.png\" alt=\"\"\/><\/a><\/figure>\n<\/div>\n\n\n\n<div class=\"wp-block-column is-layout-flow wp-block-column-is-layout-flow\"><\/div>\n<\/div>\n\n\n\n<p>Para insignias personalizadas o m\u00e1s preguntas, env\u00edenos un correo electr\u00f3nico a <strong><a href=\"mailto:climatetoolkit@phipps.conservatory.org\">climatetoolkit@phipps.conservatory.org<\/a><\/strong>.<\/p>\n\n\n\n<p><\/p>","protected":false},"excerpt":{"rendered":"<p>Insignias para socios de la Climate Toolkit Estamos muy agradecidos por las asociaciones y colaboraciones que son posibles gracias a la Iniciativa Climate Toolkit y por su continua dedicaci\u00f3n a la acci\u00f3n clim\u00e1tica. En reconocimiento a su participaci\u00f3n, hemos creado insignias digitales para ...<\/p>\n<p class=\"read-more\"> <a class=\"\" href=\"https:\/\/climatetoolkit.org\/es\/climate-toolkit-partner-badges\/\"> <span class=\"screen-reader-text\">Insignias de socios de la Climate Toolkit<\/span> Leer m\u00e1s \"<\/a><\/p>","protected":false},"author":2,"featured_media":0,"parent":0,"menu_order":0,"comment_status":"closed","ping_status":"closed","template":"","meta":{"_acf_changed":false,"inline_featured_image":false,"advgb_blocks_editor_width":"","advgb_blocks_columns_visual_guide":"","footnotes":""},"class_list":["post-4160","page","type-page","status-publish","hentry"],"acf":[],"yoast_head":"<!-- This site is optimized with the Yoast SEO plugin v27.5 - https:\/\/yoast.com\/product\/yoast-seo-wordpress\/ -->\n<title>Climate Toolkit Partner Badges - The Climate Toolkit<\/title>\n<meta name=\"robots\" content=\"index, follow, max-snippet:-1, max-image-preview:large, max-video-preview:-1\" \/>\n<link rel=\"canonical\" href=\"https:\/\/climatetoolkit.org\/es\/climate-toolkit-partner-badges\/\" \/>\n<meta property=\"og:locale\" content=\"es_ES\" \/>\n<meta property=\"og:type\" content=\"article\" \/>\n<meta property=\"og:title\" content=\"Climate Toolkit Partner Badges - The Climate Toolkit\" \/>\n<meta property=\"og:description\" content=\"Climate Toolkit Partner Badges We are grateful for the partnerships and collaborations that are made possible through the Climate Toolkit Initiative and for your continued dedication to climate action. In recognition of your participation, we have created digital badges for &hellip; Climate Toolkit Partner Badges Leer m\u00e1s \u00bb\" \/>\n<meta property=\"og:url\" content=\"https:\/\/climatetoolkit.org\/es\/climate-toolkit-partner-badges\/\" \/>\n<meta property=\"og:site_name\" content=\"The Climate Toolkit\" \/>\n<meta property=\"article:modified_time\" content=\"2025-02-10T20:17:41+00:00\" \/>\n<meta property=\"og:image\" content=\"https:\/\/climatetoolkit.org\/wp-content\/uploads\/2025\/02\/climate_toolkit_badge_sml.png\" \/>\n<meta name=\"twitter:card\" content=\"summary_large_image\" \/>\n<meta name=\"twitter:label1\" content=\"Tiempo de lectura\" \/>\n\t<meta name=\"twitter:data1\" content=\"2 minutos\" \/>\n<script type=\"application\/ld+json\" class=\"yoast-schema-graph\">{\"@context\":\"https:\\\/\\\/schema.org\",\"@graph\":[{\"@type\":\"WebPage\",\"@id\":\"https:\\\/\\\/climatetoolkit.org\\\/climate-toolkit-partner-badges\\\/\",\"url\":\"https:\\\/\\\/climatetoolkit.org\\\/climate-toolkit-partner-badges\\\/\",\"name\":\"Climate Toolkit Partner Badges - The Climate Toolkit\",\"isPartOf\":{\"@id\":\"https:\\\/\\\/climatetoolkit.org\\\/#website\"},\"primaryImageOfPage\":{\"@id\":\"https:\\\/\\\/climatetoolkit.org\\\/climate-toolkit-partner-badges\\\/#primaryimage\"},\"image\":{\"@id\":\"https:\\\/\\\/climatetoolkit.org\\\/climate-toolkit-partner-badges\\\/#primaryimage\"},\"thumbnailUrl\":\"https:\\\/\\\/climatetoolkit.org\\\/wp-content\\\/uploads\\\/2025\\\/02\\\/climate_toolkit_badge_sml.png\",\"datePublished\":\"2025-02-10T19:30:23+00:00\",\"dateModified\":\"2025-02-10T20:17:41+00:00\",\"breadcrumb\":{\"@id\":\"https:\\\/\\\/climatetoolkit.org\\\/climate-toolkit-partner-badges\\\/#breadcrumb\"},\"inLanguage\":\"es\",\"potentialAction\":[{\"@type\":\"ReadAction\",\"target\":[\"https:\\\/\\\/climatetoolkit.org\\\/climate-toolkit-partner-badges\\\/\"]}]},{\"@type\":\"ImageObject\",\"inLanguage\":\"es\",\"@id\":\"https:\\\/\\\/climatetoolkit.org\\\/climate-toolkit-partner-badges\\\/#primaryimage\",\"url\":\"https:\\\/\\\/climatetoolkit.org\\\/wp-content\\\/uploads\\\/2025\\\/02\\\/climate_toolkit_badge_sml.png\",\"contentUrl\":\"https:\\\/\\\/climatetoolkit.org\\\/wp-content\\\/uploads\\\/2025\\\/02\\\/climate_toolkit_badge_sml.png\"},{\"@type\":\"BreadcrumbList\",\"@id\":\"https:\\\/\\\/climatetoolkit.org\\\/climate-toolkit-partner-badges\\\/#breadcrumb\",\"itemListElement\":[{\"@type\":\"ListItem\",\"position\":1,\"name\":\"Home\",\"item\":\"https:\\\/\\\/climatetoolkit.org\\\/\"},{\"@type\":\"ListItem\",\"position\":2,\"name\":\"Climate Toolkit Partner Badges\"}]},{\"@type\":\"WebSite\",\"@id\":\"https:\\\/\\\/climatetoolkit.org\\\/#website\",\"url\":\"https:\\\/\\\/climatetoolkit.org\\\/\",\"name\":\"The Climate Toolkit\",\"description\":\"For Museums, Gardens and Zoos\",\"publisher\":{\"@id\":\"https:\\\/\\\/climatetoolkit.org\\\/#organization\"},\"potentialAction\":[{\"@type\":\"SearchAction\",\"target\":{\"@type\":\"EntryPoint\",\"urlTemplate\":\"https:\\\/\\\/climatetoolkit.org\\\/?s={search_term_string}\"},\"query-input\":{\"@type\":\"PropertyValueSpecification\",\"valueRequired\":true,\"valueName\":\"search_term_string\"}}],\"inLanguage\":\"es\"},{\"@type\":\"Organization\",\"@id\":\"https:\\\/\\\/climatetoolkit.org\\\/#organization\",\"name\":\"The Climate Toolkit\",\"url\":\"https:\\\/\\\/climatetoolkit.org\\\/\",\"logo\":{\"@type\":\"ImageObject\",\"inLanguage\":\"es\",\"@id\":\"https:\\\/\\\/climatetoolkit.org\\\/#\\\/schema\\\/logo\\\/image\\\/\",\"url\":\"https:\\\/\\\/climatetoolkit.org\\\/wp-content\\\/uploads\\\/2020\\\/05\\\/C_logo.png\",\"contentUrl\":\"https:\\\/\\\/climatetoolkit.org\\\/wp-content\\\/uploads\\\/2020\\\/05\\\/C_logo.png\",\"width\":512,\"height\":512,\"caption\":\"The Climate Toolkit\"},\"image\":{\"@id\":\"https:\\\/\\\/climatetoolkit.org\\\/#\\\/schema\\\/logo\\\/image\\\/\"}}]}<\/script>\n<!-- \/ Yoast SEO plugin. -->","yoast_head_json":{"title":"Insignias de socio de la Climate Toolkit - La Climate Toolkit","robots":{"index":"index","follow":"follow","max-snippet":"max-snippet:-1","max-image-preview":"max-image-preview:large","max-video-preview":"max-video-preview:-1"},"canonical":"https:\/\/climatetoolkit.org\/es\/climate-toolkit-partner-badges\/","og_locale":"es_ES","og_type":"article","og_title":"Climate Toolkit Partner Badges - The Climate Toolkit","og_description":"Climate Toolkit Partner Badges We are grateful for the partnerships and collaborations that are made possible through the Climate Toolkit Initiative and for your continued dedication to climate action. In recognition of your participation, we have created digital badges for &hellip; Climate Toolkit Partner Badges Leer m\u00e1s \u00bb","og_url":"https:\/\/climatetoolkit.org\/es\/climate-toolkit-partner-badges\/","og_site_name":"The Climate Toolkit","article_modified_time":"2025-02-10T20:17:41+00:00","og_image":[{"url":"https:\/\/climatetoolkit.org\/wp-content\/uploads\/2025\/02\/climate_toolkit_badge_sml.png","type":"","width":"","height":""}],"twitter_card":"summary_large_image","twitter_misc":{"Tiempo de lectura":"2 minutos"},"schema":{"@context":"https:\/\/schema.org","@graph":[{"@type":"WebPage","@id":"https:\/\/climatetoolkit.org\/climate-toolkit-partner-badges\/","url":"https:\/\/climatetoolkit.org\/climate-toolkit-partner-badges\/","name":"Insignias de socio de la Climate Toolkit - La Climate Toolkit","isPartOf":{"@id":"https:\/\/climatetoolkit.org\/#website"},"primaryImageOfPage":{"@id":"https:\/\/climatetoolkit.org\/climate-toolkit-partner-badges\/#primaryimage"},"image":{"@id":"https:\/\/climatetoolkit.org\/climate-toolkit-partner-badges\/#primaryimage"},"thumbnailUrl":"https:\/\/climatetoolkit.org\/wp-content\/uploads\/2025\/02\/climate_toolkit_badge_sml.png","datePublished":"2025-02-10T19:30:23+00:00","dateModified":"2025-02-10T20:17:41+00:00","breadcrumb":{"@id":"https:\/\/climatetoolkit.org\/climate-toolkit-partner-badges\/#breadcrumb"},"inLanguage":"es","potentialAction":[{"@type":"ReadAction","target":["https:\/\/climatetoolkit.org\/climate-toolkit-partner-badges\/"]}]},{"@type":"ImageObject","inLanguage":"es","@id":"https:\/\/climatetoolkit.org\/climate-toolkit-partner-badges\/#primaryimage","url":"https:\/\/climatetoolkit.org\/wp-content\/uploads\/2025\/02\/climate_toolkit_badge_sml.png","contentUrl":"https:\/\/climatetoolkit.org\/wp-content\/uploads\/2025\/02\/climate_toolkit_badge_sml.png"},{"@type":"BreadcrumbList","@id":"https:\/\/climatetoolkit.org\/climate-toolkit-partner-badges\/#breadcrumb","itemListElement":[{"@type":"ListItem","position":1,"name":"Home","item":"https:\/\/climatetoolkit.org\/"},{"@type":"ListItem","position":2,"name":"Climate Toolkit Partner Badges"}]},{"@type":"WebSite","@id":"https:\/\/climatetoolkit.org\/#website","url":"https:\/\/climatetoolkit.org\/","name":"Herramientas para el clima","description":"Para museos, jardines y zool\u00f3gicos","publisher":{"@id":"https:\/\/climatetoolkit.org\/#organization"},"potentialAction":[{"@type":"SearchAction","target":{"@type":"EntryPoint","urlTemplate":"https:\/\/climatetoolkit.org\/?s={search_term_string}"},"query-input":{"@type":"PropertyValueSpecification","valueRequired":true,"valueName":"search_term_string"}}],"inLanguage":"es"},{"@type":"Organization","@id":"https:\/\/climatetoolkit.org\/#organization","name":"Herramientas para el clima","url":"https:\/\/climatetoolkit.org\/","logo":{"@type":"ImageObject","inLanguage":"es","@id":"https:\/\/climatetoolkit.org\/#\/schema\/logo\/image\/","url":"https:\/\/climatetoolkit.org\/wp-content\/uploads\/2020\/05\/C_logo.png","contentUrl":"https:\/\/climatetoolkit.org\/wp-content\/uploads\/2020\/05\/C_logo.png","width":512,"height":512,"caption":"The Climate Toolkit"},"image":{"@id":"https:\/\/climatetoolkit.org\/#\/schema\/logo\/image\/"}}]}},"coauthors":[],"author_meta":{"author_link":"https:\/\/climatetoolkit.org\/es\/author\/joe\/","display_name":"joe reed"},"relative_dates":{"created":"Publicado 1 a\u00f1o hace","modified":"Actualizado 1 a\u00f1o hace"},"absolute_dates":{"created":"Publicado el febrero 10, 2025","modified":"Actualizado el febrero 10, 2025"},"absolute_dates_time":{"created":"Publicado el febrero 10, 2025 2:30 pm","modified":"Actualizado el febrero 10, 2025 3:17 pm"},"featured_img_caption":"","featured_img":false,"series_order":"","_links":{"self":[{"href":"https:\/\/climatetoolkit.org\/es\/wp-json\/wp\/v2\/pages\/4160","targetHints":{"allow":["GET"]}}],"collection":[{"href":"https:\/\/climatetoolkit.org\/es\/wp-json\/wp\/v2\/pages"}],"about":[{"href":"https:\/\/climatetoolkit.org\/es\/wp-json\/wp\/v2\/types\/page"}],"author":[{"embeddable":true,"href":"https:\/\/climatetoolkit.org\/es\/wp-json\/wp\/v2\/users\/2"}],"replies":[{"embeddable":true,"href":"https:\/\/climatetoolkit.org\/es\/wp-json\/wp\/v2\/comments?post=4160"}],"version-history":[{"count":15,"href":"https:\/\/climatetoolkit.org\/es\/wp-json\/wp\/v2\/pages\/4160\/revisions"}],"predecessor-version":[{"id":4199,"href":"https:\/\/climatetoolkit.org\/es\/wp-json\/wp\/v2\/pages\/4160\/revisions\/4199"}],"wp:attachment":[{"href":"https:\/\/climatetoolkit.org\/es\/wp-json\/wp\/v2\/media?parent=4160"}],"curies":[{"name":"wp","href":"https:\/\/api.w.org\/{rel}","templated":true}]}}