{"id":4036,"date":"2024-12-12T15:43:28","date_gmt":"2024-12-12T20:43:28","guid":{"rendered":"https:\/\/climatetoolkit.org\/?page_id=4036"},"modified":"2024-12-18T19:12:08","modified_gmt":"2024-12-19T00:12:08","slug":"climate-toolkit-working-groups","status":"publish","type":"page","link":"https:\/\/climatetoolkit.org\/es\/climate-toolkit-working-groups\/","title":{"rendered":"Grupos de trabajo"},"content":{"rendered":"<div class=\"wp-block-image\">\n<figure class=\"aligncenter size-large is-resized\"><img decoding=\"async\" width=\"1024\" height=\"512\" src=\"https:\/\/climatetoolkit.org\/wp-content\/uploads\/2024\/12\/working-groups-1024x512.jpg\" alt=\"\" class=\"wp-image-4049\" style=\"width:768px\" srcset=\"https:\/\/climatetoolkit.org\/wp-content\/uploads\/2024\/12\/working-groups-1024x512.jpg 1024w, https:\/\/climatetoolkit.org\/wp-content\/uploads\/2024\/12\/working-groups-300x150.jpg 300w, https:\/\/climatetoolkit.org\/wp-content\/uploads\/2024\/12\/working-groups-768x384.jpg 768w, https:\/\/climatetoolkit.org\/wp-content\/uploads\/2024\/12\/working-groups-18x9.jpg 18w, https:\/\/climatetoolkit.org\/wp-content\/uploads\/2024\/12\/working-groups-450x225.jpg 450w, https:\/\/climatetoolkit.org\/wp-content\/uploads\/2024\/12\/working-groups-100x50.jpg 100w, https:\/\/climatetoolkit.org\/wp-content\/uploads\/2024\/12\/working-groups-150x75.jpg 150w, https:\/\/climatetoolkit.org\/wp-content\/uploads\/2024\/12\/working-groups-200x100.jpg 200w, https:\/\/climatetoolkit.org\/wp-content\/uploads\/2024\/12\/working-groups-600x300.jpg 600w, https:\/\/climatetoolkit.org\/wp-content\/uploads\/2024\/12\/working-groups-900x450.jpg 900w, https:\/\/climatetoolkit.org\/wp-content\/uploads\/2024\/12\/working-groups.jpg 1494w\" sizes=\"(max-width: 1024px) 100vw, 1024px\" \/><\/figure>\n<\/div>\n\n\n<p>Los Grupos de Trabajo del Conjunto de Herramientas sobre el Clima ofrecen oportunidades para profundizar en el aprendizaje y el compromiso entre iguales en torno a temas clim\u00e1ticos concretos. Los Grupos de Trabajo del Conjunto de Herramientas surgen org\u00e1nicamente a trav\u00e9s de las necesidades de nuestras instituciones miembros y se estructuran como <a href=\"https:\/\/www.communityofpractice.ca\/background\/what-is-a-community-of-practice\/\">comunidades de pr\u00e1cticas<\/a>.<\/p>\n\n\n\n<p>Una comunidad de pr\u00e1ctica suele tener tres caracter\u00edsticas comunes:<\/p>\n\n\n\n<ul class=\"wp-block-list\">\n<li><strong>Dominio<\/strong>: Los miembros de la comunidad comparten intereses, competencias y compromisos. Este dominio compartido crea un terreno com\u00fan, participaci\u00f3n, aprendizaje guiado y acci\u00f3n significativa.<\/li>\n\n\n\n<li><strong>Comunidad<\/strong>: Los miembros de la comunidad persiguen su \u00e1mbito de inter\u00e9s a trav\u00e9s de la interactividad, el debate, la resoluci\u00f3n de problemas, el intercambio de informaci\u00f3n y el establecimiento de relaciones, lo que permite fomentar el aprendizaje colectivo y la voluntad de compartir ideas. <\/li>\n\n\n\n<li><strong>Pr\u00e1ctica<\/strong>: Los miembros de la comunidad se convierten en profesionales activos del \u00e1mbito de inter\u00e9s, creando un conjunto de recursos e ideas colectivas que pueden compartirse con la comunidad m\u00e1s amplia. <\/li>\n<\/ul>\n\n\n\n<p>Los grupos de trabajo interactivos del Toolkit son espacios para que los profesionales de la cultura profundicen en temas de inter\u00e9s mutuo, al tiempo que crean colaboraciones que impulsan el campo hacia soluciones clim\u00e1ticas innovadoras. El Toolkit alberga actualmente cuatro grupos de trabajo activos. Inf\u00f3rmese a continuaci\u00f3n sobre las oportunidades y reg\u00edstrese para empezar:<\/p>\n\n\n\n<hr class=\"wp-block-separator has-alpha-channel-opacity\"\/>\n\n\n\n<h2 class=\"wp-block-heading\" id=\"electrification\">Electrificaci\u00f3n<\/h2>\n\n\n\n<p><strong><a href=\"https:\/\/gaggle.email\/join\/ev-working-group@gaggle.email\">Grupo de trabajo sobre electrificaci\u00f3n<\/a><\/strong><em> <\/em>estudia todos los aspectos y v\u00edas de la transici\u00f3n de equipos de jardiner\u00eda, veh\u00edculos de flota y sistemas de calefacci\u00f3n, ventilaci\u00f3n y aire acondicionado basados en combustibles f\u00f3siles a alternativas el\u00e9ctricas. El grupo de electrificaci\u00f3n, cofundado por el Morton Arboretum, es el grupo de trabajo m\u00e1s antiguo de la Caja de herramientas y re\u00fane a expertos y partes interesadas de los museos para estudiar cortac\u00e9spedes el\u00e9ctricos aut\u00f3nomos, veh\u00edculos utilitarios, tractores el\u00e9ctricos y estrategias de financiaci\u00f3n de energ\u00edas limpias. Entre las principales instituciones que colaboran en este grupo se encuentran el Jard\u00edn Bot\u00e1nico de Santa B\u00e1rbara, Filoli House &amp; Gardens, Bernheim Arboretum, Smithsonian Institute, Cincinnati Art Museum, Mt Cuba Center, Holden Forests y Duke Farms, entre otros.<\/p>\n\n\n\n<div class=\"wp-block-buttons is-layout-flex wp-block-buttons-is-layout-flex\">\n<div class=\"wp-block-button has-custom-font-size\" style=\"font-size:14px\"><a class=\"wp-block-button__link has-luminous-vivid-amber-background-color has-background wp-element-button\" href=\"https:\/\/gaggle.email\/join\/ev-working-group@gaggle.email\">\u00danase al grupo de trabajo sobre electrificaci\u00f3n<\/a><\/div>\n<\/div>\n\n\n\n<hr class=\"wp-block-separator has-alpha-channel-opacity\"\/>\n\n\n\n<h2 class=\"wp-block-heading\" id=\"decarbonization\">Descarbonizaci\u00f3n de invernaderos<\/h2>\n\n\n\n<p><strong><a href=\"https:\/\/gaggle.email\/join\/glasshouse-decarbonization@gaggle.email\">Grupo de trabajo sobre descarbonizaci\u00f3n de invernaderos<\/a><\/strong><em> <\/em>es una oportunidad global para que jardines bot\u00e1nicos y museos con invernaderos hist\u00f3ricos intercambien recursos y experiencias en estrategias de descarbonizaci\u00f3n. Los invernaderos son estructuras que consumen mucha energ\u00eda y son ineficientes. En este grupo existe una oportunidad real de innovar en este campo y difundir soluciones de descarbonizaci\u00f3n que rara vez se han explorado en este espacio, como la geotermia, las bombas de calor el\u00e9ctricas, la calefacci\u00f3n por suelo radiante y la energ\u00eda solar t\u00e9rmica, entre otras. El comit\u00e9 directivo de descarbonizaci\u00f3n incluye al Real Jard\u00edn Bot\u00e1nico de Kew, el Real Jard\u00edn Bot\u00e1nico de Edimburgo y el World Monuments Fund, con la participaci\u00f3n institucional del Jard\u00edn Bot\u00e1nico de Nueva York, Chihuly Gardens &amp; Glass, el Jard\u00edn Bot\u00e1nico de Atlanta, Historic New England y otros.\u00a0\u00a0<\/p>\n\n\n\n<div class=\"wp-block-buttons is-layout-flex wp-block-buttons-is-layout-flex\">\n<div class=\"wp-block-button has-custom-font-size\" style=\"font-size:14px\"><a class=\"wp-block-button__link has-luminous-vivid-amber-background-color has-background wp-element-button\" href=\"https:\/\/gaggle.email\/join\/glasshouse-decarbonization@gaggle.email\">\u00danase al grupo de trabajo sobre descarbonizaci\u00f3n de invernaderos<\/a><\/div>\n<\/div>\n\n\n\n<hr class=\"wp-block-separator has-alpha-channel-opacity\"\/>\n\n\n\n<h2 class=\"wp-block-heading\" id=\"youth\">Red de J\u00f3venes<\/h2>\n\n\n\n<p><strong><a href=\"https:\/\/climatetoolkit.org\/es\/youth\/join-us\/\">Red Juvenil de la Caja de Herramientas del Clima<\/a><\/strong> sirve como red de recursos y conectores para museos e instituciones culturales que actualmente cuentan con grupos clim\u00e1ticos juveniles o est\u00e1n interesados en crearlos. Siguiendo el modelo de la Caja de Herramientas del Clima, la CTYN es un espacio dedicado a que los grupos de j\u00f3venes se conecten entre s\u00ed, intercambien estudios de casos, inspiraci\u00f3n positiva para el clima y recursos, y en general act\u00faen como un espacio de apoyo para el trabajo juvenil sobre el clima. La CTYN tambi\u00e9n crea una plataforma para que el personal que trabaja con grupos de j\u00f3venes intercambie las mejores pr\u00e1cticas de alianzas entre adultos y j\u00f3venes, debata sobre oportunidades de financiaci\u00f3n, comparta recursos y herramientas y establezca alianzas. La CTYN permite a los grupos juveniles como YCAC tener un mayor impacto amplificando su trabajo y permitiendo una s\u00f3lida colaboraci\u00f3n entre los j\u00f3venes y entre el personal.\u00a0<\/p>\n\n\n\n<div class=\"wp-block-buttons is-layout-flex wp-block-buttons-is-layout-flex\">\n<div class=\"wp-block-button has-custom-font-size\" style=\"font-size:14px\"><a class=\"wp-block-button__link has-luminous-vivid-amber-background-color has-background wp-element-button\" href=\"https:\/\/climatetoolkit.org\/es\/youth\/join-us\/\">\u00danete a la Red Juvenil de la Caja de Herramientas del Clima<\/a><\/div>\n<\/div>\n\n\n\n<hr class=\"wp-block-separator has-alpha-channel-opacity\"\/>\n\n\n\n<h2 class=\"wp-block-heading\" id=\"interpretation\">Clima e interpretaci\u00f3n<\/h2>\n\n\n\n<p><strong>Grupo de trabajo sobre clima e interpretaci\u00f3n<\/strong><em> <\/em>es el grupo de trabajo m\u00e1s reciente del conjunto de herramientas y su objetivo es reunir a un s\u00f3lido comit\u00e9 directivo de expertos en interpretaci\u00f3n del clima procedentes del Museo del Clima, los Jardines Bot\u00e1nicos de Denver, el Museo de Anchorage, el Museo de Arte Contempor\u00e1neo (MOCA) de Los \u00c1ngeles, el Museo de Historia Natural de Utah, Science World, el Acuario Nacional, etc., para debatir colaboraciones interinstitucionales sobre mensajes e intervenci\u00f3n clim\u00e1tica en los espacios de exposici\u00f3n.<\/p>\n\n\n\n<p><em>Pr\u00f3ximamente se podr\u00e1 participar en este grupo de trabajo.<\/em><\/p>\n\n\n\n<hr class=\"wp-block-separator has-alpha-channel-opacity\"\/>\n\n\n\n<p>\u00bfBusca oportunidades para explorar otras \u00e1reas de inter\u00e9s o compromisos clim\u00e1ticos no incluidos en los grupos anteriores? <strong><a href=\"mailto:climatetoolkit@phipps.conservatory.org\">Contacto por correo electr\u00f3nico<\/a><\/strong> \u00a1e iniciemos una conversaci\u00f3n!<\/p>\n\n\n\n<p><\/p>","protected":false},"excerpt":{"rendered":"<p>Los Grupos de Trabajo del Conjunto de Herramientas sobre el Clima ofrecen oportunidades para profundizar en el aprendizaje y el compromiso entre iguales en torno a temas clim\u00e1ticos concretos. Los Grupos de Trabajo del Conjunto de Herramientas surgen org\u00e1nicamente de las necesidades de nuestras instituciones miembro y se estructuran como comunidades de pr\u00e1ctica. Una comunidad de pr\u00e1cticas suele ...<\/p>\n<p class=\"read-more\"> <a class=\"\" href=\"https:\/\/climatetoolkit.org\/es\/climate-toolkit-working-groups\/\"> <span class=\"screen-reader-text\">Grupos de trabajo<\/span> Leer m\u00e1s \"<\/a><\/p>","protected":false},"author":2,"featured_media":0,"parent":0,"menu_order":0,"comment_status":"closed","ping_status":"closed","template":"","meta":{"_acf_changed":false,"inline_featured_image":false,"advgb_blocks_editor_width":"","advgb_blocks_columns_visual_guide":"","footnotes":""},"class_list":["post-4036","page","type-page","status-publish","hentry"],"acf":[],"yoast_head":"<!-- This site is optimized with the Yoast SEO plugin v27.4 - https:\/\/yoast.com\/product\/yoast-seo-wordpress\/ -->\n<title>Working Groups - The Climate Toolkit<\/title>\n<meta name=\"robots\" content=\"index, follow, max-snippet:-1, max-image-preview:large, max-video-preview:-1\" \/>\n<link rel=\"canonical\" href=\"https:\/\/climatetoolkit.org\/es\/climate-toolkit-working-groups\/\" \/>\n<meta property=\"og:locale\" content=\"es_ES\" \/>\n<meta property=\"og:type\" content=\"article\" \/>\n<meta property=\"og:title\" content=\"Working Groups - The Climate Toolkit\" \/>\n<meta property=\"og:description\" content=\"Climate Toolkit Working Groups provide opportunities for deeper learning and peer-to-peer engagement around particular climate topics. Toolkit Working Groups arise organically through the needs of our member institutions and are structured as communities of practice. A community of practice typically &hellip; Working Groups Leer m\u00e1s \u00bb\" \/>\n<meta property=\"og:url\" content=\"https:\/\/climatetoolkit.org\/es\/climate-toolkit-working-groups\/\" \/>\n<meta property=\"og:site_name\" content=\"The Climate Toolkit\" \/>\n<meta property=\"article:modified_time\" content=\"2024-12-19T00:12:08+00:00\" \/>\n<meta property=\"og:image\" content=\"https:\/\/climatetoolkit.org\/wp-content\/uploads\/2024\/12\/working-groups.jpg\" \/>\n\t<meta property=\"og:image:width\" content=\"1494\" \/>\n\t<meta property=\"og:image:height\" content=\"747\" \/>\n\t<meta property=\"og:image:type\" content=\"image\/jpeg\" \/>\n<meta name=\"twitter:card\" content=\"summary_large_image\" \/>\n<meta name=\"twitter:label1\" content=\"Tiempo de lectura\" \/>\n\t<meta name=\"twitter:data1\" content=\"4 minutos\" \/>\n<script type=\"application\/ld+json\" class=\"yoast-schema-graph\">{\"@context\":\"https:\\\/\\\/schema.org\",\"@graph\":[{\"@type\":\"WebPage\",\"@id\":\"https:\\\/\\\/climatetoolkit.org\\\/climate-toolkit-working-groups\\\/\",\"url\":\"https:\\\/\\\/climatetoolkit.org\\\/climate-toolkit-working-groups\\\/\",\"name\":\"Working Groups - The Climate Toolkit\",\"isPartOf\":{\"@id\":\"https:\\\/\\\/climatetoolkit.org\\\/#website\"},\"primaryImageOfPage\":{\"@id\":\"https:\\\/\\\/climatetoolkit.org\\\/climate-toolkit-working-groups\\\/#primaryimage\"},\"image\":{\"@id\":\"https:\\\/\\\/climatetoolkit.org\\\/climate-toolkit-working-groups\\\/#primaryimage\"},\"thumbnailUrl\":\"https:\\\/\\\/climatetoolkit.org\\\/wp-content\\\/uploads\\\/2024\\\/12\\\/working-groups-1024x512.jpg\",\"datePublished\":\"2024-12-12T20:43:28+00:00\",\"dateModified\":\"2024-12-19T00:12:08+00:00\",\"breadcrumb\":{\"@id\":\"https:\\\/\\\/climatetoolkit.org\\\/climate-toolkit-working-groups\\\/#breadcrumb\"},\"inLanguage\":\"es\",\"potentialAction\":[{\"@type\":\"ReadAction\",\"target\":[\"https:\\\/\\\/climatetoolkit.org\\\/climate-toolkit-working-groups\\\/\"]}]},{\"@type\":\"ImageObject\",\"inLanguage\":\"es\",\"@id\":\"https:\\\/\\\/climatetoolkit.org\\\/climate-toolkit-working-groups\\\/#primaryimage\",\"url\":\"https:\\\/\\\/climatetoolkit.org\\\/wp-content\\\/uploads\\\/2024\\\/12\\\/working-groups-1024x512.jpg\",\"contentUrl\":\"https:\\\/\\\/climatetoolkit.org\\\/wp-content\\\/uploads\\\/2024\\\/12\\\/working-groups-1024x512.jpg\"},{\"@type\":\"BreadcrumbList\",\"@id\":\"https:\\\/\\\/climatetoolkit.org\\\/climate-toolkit-working-groups\\\/#breadcrumb\",\"itemListElement\":[{\"@type\":\"ListItem\",\"position\":1,\"name\":\"Home\",\"item\":\"https:\\\/\\\/climatetoolkit.org\\\/\"},{\"@type\":\"ListItem\",\"position\":2,\"name\":\"Working Groups\"}]},{\"@type\":\"WebSite\",\"@id\":\"https:\\\/\\\/climatetoolkit.org\\\/#website\",\"url\":\"https:\\\/\\\/climatetoolkit.org\\\/\",\"name\":\"The Climate Toolkit\",\"description\":\"For Museums, Gardens and Zoos\",\"publisher\":{\"@id\":\"https:\\\/\\\/climatetoolkit.org\\\/#organization\"},\"potentialAction\":[{\"@type\":\"SearchAction\",\"target\":{\"@type\":\"EntryPoint\",\"urlTemplate\":\"https:\\\/\\\/climatetoolkit.org\\\/?s={search_term_string}\"},\"query-input\":{\"@type\":\"PropertyValueSpecification\",\"valueRequired\":true,\"valueName\":\"search_term_string\"}}],\"inLanguage\":\"es\"},{\"@type\":\"Organization\",\"@id\":\"https:\\\/\\\/climatetoolkit.org\\\/#organization\",\"name\":\"The Climate Toolkit\",\"url\":\"https:\\\/\\\/climatetoolkit.org\\\/\",\"logo\":{\"@type\":\"ImageObject\",\"inLanguage\":\"es\",\"@id\":\"https:\\\/\\\/climatetoolkit.org\\\/#\\\/schema\\\/logo\\\/image\\\/\",\"url\":\"https:\\\/\\\/climatetoolkit.org\\\/wp-content\\\/uploads\\\/2020\\\/05\\\/C_logo.png\",\"contentUrl\":\"https:\\\/\\\/climatetoolkit.org\\\/wp-content\\\/uploads\\\/2020\\\/05\\\/C_logo.png\",\"width\":512,\"height\":512,\"caption\":\"The Climate Toolkit\"},\"image\":{\"@id\":\"https:\\\/\\\/climatetoolkit.org\\\/#\\\/schema\\\/logo\\\/image\\\/\"}}]}<\/script>\n<!-- \/ Yoast SEO plugin. -->","yoast_head_json":{"title":"Grupos de trabajo - La Climate Toolkit","robots":{"index":"index","follow":"follow","max-snippet":"max-snippet:-1","max-image-preview":"max-image-preview:large","max-video-preview":"max-video-preview:-1"},"canonical":"https:\/\/climatetoolkit.org\/es\/climate-toolkit-working-groups\/","og_locale":"es_ES","og_type":"article","og_title":"Working Groups - The Climate Toolkit","og_description":"Climate Toolkit Working Groups provide opportunities for deeper learning and peer-to-peer engagement around particular climate topics. Toolkit Working Groups arise organically through the needs of our member institutions and are structured as communities of practice. A community of practice typically &hellip; Working Groups Leer m\u00e1s \u00bb","og_url":"https:\/\/climatetoolkit.org\/es\/climate-toolkit-working-groups\/","og_site_name":"The Climate Toolkit","article_modified_time":"2024-12-19T00:12:08+00:00","og_image":[{"width":1494,"height":747,"url":"https:\/\/climatetoolkit.org\/wp-content\/uploads\/2024\/12\/working-groups.jpg","type":"image\/jpeg"}],"twitter_card":"summary_large_image","twitter_misc":{"Tiempo de lectura":"4 minutos"},"schema":{"@context":"https:\/\/schema.org","@graph":[{"@type":"WebPage","@id":"https:\/\/climatetoolkit.org\/climate-toolkit-working-groups\/","url":"https:\/\/climatetoolkit.org\/climate-toolkit-working-groups\/","name":"Grupos de trabajo - La Climate Toolkit","isPartOf":{"@id":"https:\/\/climatetoolkit.org\/#website"},"primaryImageOfPage":{"@id":"https:\/\/climatetoolkit.org\/climate-toolkit-working-groups\/#primaryimage"},"image":{"@id":"https:\/\/climatetoolkit.org\/climate-toolkit-working-groups\/#primaryimage"},"thumbnailUrl":"https:\/\/climatetoolkit.org\/wp-content\/uploads\/2024\/12\/working-groups-1024x512.jpg","datePublished":"2024-12-12T20:43:28+00:00","dateModified":"2024-12-19T00:12:08+00:00","breadcrumb":{"@id":"https:\/\/climatetoolkit.org\/climate-toolkit-working-groups\/#breadcrumb"},"inLanguage":"es","potentialAction":[{"@type":"ReadAction","target":["https:\/\/climatetoolkit.org\/climate-toolkit-working-groups\/"]}]},{"@type":"ImageObject","inLanguage":"es","@id":"https:\/\/climatetoolkit.org\/climate-toolkit-working-groups\/#primaryimage","url":"https:\/\/climatetoolkit.org\/wp-content\/uploads\/2024\/12\/working-groups-1024x512.jpg","contentUrl":"https:\/\/climatetoolkit.org\/wp-content\/uploads\/2024\/12\/working-groups-1024x512.jpg"},{"@type":"BreadcrumbList","@id":"https:\/\/climatetoolkit.org\/climate-toolkit-working-groups\/#breadcrumb","itemListElement":[{"@type":"ListItem","position":1,"name":"Home","item":"https:\/\/climatetoolkit.org\/"},{"@type":"ListItem","position":2,"name":"Working Groups"}]},{"@type":"WebSite","@id":"https:\/\/climatetoolkit.org\/#website","url":"https:\/\/climatetoolkit.org\/","name":"Herramientas para el clima","description":"Para museos, jardines y zool\u00f3gicos","publisher":{"@id":"https:\/\/climatetoolkit.org\/#organization"},"potentialAction":[{"@type":"SearchAction","target":{"@type":"EntryPoint","urlTemplate":"https:\/\/climatetoolkit.org\/?s={search_term_string}"},"query-input":{"@type":"PropertyValueSpecification","valueRequired":true,"valueName":"search_term_string"}}],"inLanguage":"es"},{"@type":"Organization","@id":"https:\/\/climatetoolkit.org\/#organization","name":"Herramientas para el clima","url":"https:\/\/climatetoolkit.org\/","logo":{"@type":"ImageObject","inLanguage":"es","@id":"https:\/\/climatetoolkit.org\/#\/schema\/logo\/image\/","url":"https:\/\/climatetoolkit.org\/wp-content\/uploads\/2020\/05\/C_logo.png","contentUrl":"https:\/\/climatetoolkit.org\/wp-content\/uploads\/2020\/05\/C_logo.png","width":512,"height":512,"caption":"The Climate Toolkit"},"image":{"@id":"https:\/\/climatetoolkit.org\/#\/schema\/logo\/image\/"}}]}},"coauthors":[],"author_meta":{"author_link":"https:\/\/climatetoolkit.org\/es\/author\/joe\/","display_name":"joe reed"},"relative_dates":{"created":"Publicado 1 a\u00f1o hace","modified":"Actualizado 1 a\u00f1o hace"},"absolute_dates":{"created":"Publicado el diciembre 12, 2024","modified":"Actualizado el diciembre 18, 2024"},"absolute_dates_time":{"created":"Publicado el diciembre 12, 2024 3:43 pm","modified":"Actualizado el diciembre 18, 2024 7:12 pm"},"featured_img_caption":"","featured_img":false,"series_order":"","_links":{"self":[{"href":"https:\/\/climatetoolkit.org\/es\/wp-json\/wp\/v2\/pages\/4036","targetHints":{"allow":["GET"]}}],"collection":[{"href":"https:\/\/climatetoolkit.org\/es\/wp-json\/wp\/v2\/pages"}],"about":[{"href":"https:\/\/climatetoolkit.org\/es\/wp-json\/wp\/v2\/types\/page"}],"author":[{"embeddable":true,"href":"https:\/\/climatetoolkit.org\/es\/wp-json\/wp\/v2\/users\/2"}],"replies":[{"embeddable":true,"href":"https:\/\/climatetoolkit.org\/es\/wp-json\/wp\/v2\/comments?post=4036"}],"version-history":[{"count":17,"href":"https:\/\/climatetoolkit.org\/es\/wp-json\/wp\/v2\/pages\/4036\/revisions"}],"predecessor-version":[{"id":4067,"href":"https:\/\/climatetoolkit.org\/es\/wp-json\/wp\/v2\/pages\/4036\/revisions\/4067"}],"wp:attachment":[{"href":"https:\/\/climatetoolkit.org\/es\/wp-json\/wp\/v2\/media?parent=4036"}],"curies":[{"name":"wp","href":"https:\/\/api.w.org\/{rel}","templated":true}]}}