{"id":2703,"date":"2023-11-01T15:23:05","date_gmt":"2023-11-01T19:23:05","guid":{"rendered":"https:\/\/climatetoolkit.org\/?page_id=2703"},"modified":"2023-11-01T15:23:06","modified_gmt":"2023-11-01T19:23:06","slug":"association-of-science-and-technology-centers-astc","status":"publish","type":"page","link":"https:\/\/climatetoolkit.org\/es\/association-of-science-and-technology-centers-astc\/","title":{"rendered":"Asociaci\u00f3n de Centros de Ciencia y Tecnolog\u00eda (ASTC)"},"content":{"rendered":"<figure class=\"wp-block-image size-full\"><img decoding=\"async\" width=\"624\" height=\"52\" src=\"https:\/\/climatetoolkit.org\/wp-content\/uploads\/2023\/11\/Picture12.png\" alt=\"\" class=\"wp-image-2704\" srcset=\"https:\/\/climatetoolkit.org\/wp-content\/uploads\/2023\/11\/Picture12.png 624w, https:\/\/climatetoolkit.org\/wp-content\/uploads\/2023\/11\/Picture12-300x25.png 300w, https:\/\/climatetoolkit.org\/wp-content\/uploads\/2023\/11\/Picture12-100x8.png 100w, https:\/\/climatetoolkit.org\/wp-content\/uploads\/2023\/11\/Picture12-150x13.png 150w, https:\/\/climatetoolkit.org\/wp-content\/uploads\/2023\/11\/Picture12-200x17.png 200w, https:\/\/climatetoolkit.org\/wp-content\/uploads\/2023\/11\/Picture12-450x38.png 450w, https:\/\/climatetoolkit.org\/wp-content\/uploads\/2023\/11\/Picture12-600x50.png 600w\" sizes=\"(max-width: 624px) 100vw, 624px\" \/><\/figure>\n\n\n\n<p>El objetivo de la <a href=\"https:\/\/www.astc.org\/\">Asociaci\u00f3n de Centros de Ciencia y Tecnolog\u00eda<\/a> (ASTC) es defender y apoyar los centros cient\u00edficos, los centros tecnol\u00f3gicos y los museos, as\u00ed como todo el campo de la participaci\u00f3n cient\u00edfica, con el objetivo de aumentar la comprensi\u00f3n y el compromiso con la ciencia y la tecnolog\u00eda entre todas las personas.<\/p>\n\n\n\n<p>La ASTC es una asociaci\u00f3n de miembros con sede en Norteam\u00e9rica que lleva apoyando el campo de la participaci\u00f3n cient\u00edfica global desde 1973. La ASTC crea <strong>oportunidades estrat\u00e9gicas<\/strong>, <strong>desarrolla el capital intelectual<\/strong>y <strong>re\u00fane recursos<\/strong> apoyar a los miembros en el cumplimiento de sus misiones y el compromiso con sus comunidades.<\/p>\n\n\n\n<p>En su calidad de principal organizador del \u00e1mbito de la participaci\u00f3n cient\u00edfica, la ASTC se compromete a:<\/p>\n\n\n\n<ul class=\"wp-block-list\">\n<li><strong>Promover el compromiso p\u00fablico con la ciencia:<\/strong><ul><li>promover la labor de los centros y museos de ciencia y tecnolog\u00eda.<\/li><\/ul><ul><li>Colaborar y reforzar las conexiones de los miembros en toda la gama de ecosistemas de compromiso cient\u00edfico.<\/li><\/ul>\n<ul class=\"wp-block-list\">\n<li>Mayor apoyo a las actividades e instituciones de compromiso con la ciencia.<\/li>\n<\/ul>\n<\/li>\n\n\n\n<li><strong>Fortalecer a los miembros y su capacidad mediante:<\/strong><ul><li>Ayudar a aumentar la diversidad y las competencias de la mano de obra de las instituciones miembros.<\/li><\/ul><ul><li>Facilitar la innovaci\u00f3n, la conexi\u00f3n, el aprendizaje y la colaboraci\u00f3n entre los miembros.<\/li><\/ul>\n<ul class=\"wp-block-list\">\n<li>Recopilar y compartir datos e investigaciones.<\/li>\n<\/ul>\n<\/li>\n\n\n\n<li><strong>Construir un futuro m\u00e1s equitativo y sostenible:<\/strong><ul><li>Apoyar a los miembros para que lideren con sus comunidades la lucha contra el cambio clim\u00e1tico y la biodiversidad, la equidad y la justicia, y otras cuestiones cr\u00edticas.<\/li><\/ul><ul><li>Difusi\u00f3n y ampliaci\u00f3n de enfoques centrados en la equidad para el aprendizaje y la participaci\u00f3n en la ciencia.<\/li><\/ul>\n<ul class=\"wp-block-list\">\n<li>Ampliar el impacto individual y colectivo de los miembros en sus comunidades y en todo el mundo.<\/li>\n<\/ul>\n<\/li>\n<\/ul>\n\n\n\n<p>A continuaci\u00f3n figuran otros recursos de la ASTC:<\/p>\n\n\n\n<ul class=\"wp-block-list\">\n<li><a href=\"https:\/\/www.astc.org\/about\/strategy\/\">Marco estrat\u00e9gico de la ASTC<\/a><\/li>\n\n\n\n<li><a href=\"https:\/\/www.astc.org\/about\/organization\/astc-bylaws\/\">Estatutos de la ASTC<\/a><\/li>\n\n\n\n<li><a href=\"https:\/\/www.astc.org\/about\/equity\/\">ASTC Fomento de la Equidad y la Justicia<\/a><\/li>\n\n\n\n<li><a href=\"https:\/\/www.astc.org\/about\/daie\/\">Compromiso de la ASTC con la diversidad, la accesibilidad, la inclusi\u00f3n y la equidad<\/a><\/li>\n\n\n\n<li><a href=\"https:\/\/www.astc.org\/about\/support-astc\/diversity-challenge-fund\/\">Fondo para el Desaf\u00edo de la Diversidad de la ASTC<\/a><\/li>\n\n\n\n<li><a href=\"https:\/\/seeding-action.org\/\">Acci\u00f3n de siembra<\/a><\/li>\n<\/ul>","protected":false},"excerpt":{"rendered":"<p>El objetivo de la Asociaci\u00f3n de Centros de Ciencia y Tecnolog\u00eda (ASTC) es defender y apoyar a los centros de ciencia, los centros y museos de tecnolog\u00eda y a todo el \u00e1mbito de la participaci\u00f3n cient\u00edfica con el fin de aumentar la comprensi\u00f3n y el compromiso con la ciencia y la ...<\/p>\n<p class=\"read-more\"> <a class=\"\" href=\"https:\/\/climatetoolkit.org\/es\/association-of-science-and-technology-centers-astc\/\"> <span class=\"screen-reader-text\">Asociaci\u00f3n de Centros de Ciencia y Tecnolog\u00eda (ASTC)<\/span> Leer m\u00e1s \"<\/a><\/p>","protected":false},"author":2,"featured_media":0,"parent":0,"menu_order":0,"comment_status":"closed","ping_status":"closed","template":"","meta":{"_acf_changed":false,"inline_featured_image":false,"advgb_blocks_editor_width":"","advgb_blocks_columns_visual_guide":"","footnotes":""},"class_list":["post-2703","page","type-page","status-publish","hentry"],"acf":[],"yoast_head":"<!-- This site is optimized with the Yoast SEO plugin v27.3 - https:\/\/yoast.com\/product\/yoast-seo-wordpress\/ -->\n<title>Association of Science and Technology Centers (ASTC) - The Climate Toolkit<\/title>\n<meta name=\"robots\" content=\"index, follow, max-snippet:-1, max-image-preview:large, max-video-preview:-1\" \/>\n<link rel=\"canonical\" href=\"https:\/\/climatetoolkit.org\/es\/association-of-science-and-technology-centers-astc\/\" \/>\n<meta property=\"og:locale\" content=\"es_ES\" \/>\n<meta property=\"og:type\" content=\"article\" \/>\n<meta property=\"og:title\" content=\"Association of Science and Technology Centers (ASTC) - The Climate Toolkit\" \/>\n<meta property=\"og:description\" content=\"The purpose of the Association of Science and Technology Centers (ASTC) is to champion and support science centers, technology centers and museums, and the entire science engagement field toward a vision of increasing understanding of and engagement with science and &hellip; Association of Science and Technology Centers (ASTC) Leer m\u00e1s \u00bb\" \/>\n<meta property=\"og:url\" content=\"https:\/\/climatetoolkit.org\/es\/association-of-science-and-technology-centers-astc\/\" \/>\n<meta property=\"og:site_name\" content=\"The Climate Toolkit\" \/>\n<meta property=\"article:modified_time\" content=\"2023-11-01T19:23:06+00:00\" \/>\n<meta property=\"og:image\" content=\"https:\/\/climatetoolkit.org\/wp-content\/uploads\/2023\/11\/Picture12.png\" \/>\n<meta name=\"twitter:card\" content=\"summary_large_image\" \/>\n<meta name=\"twitter:label1\" content=\"Tiempo de lectura\" \/>\n\t<meta name=\"twitter:data1\" content=\"2 minutos\" \/>\n<script type=\"application\/ld+json\" class=\"yoast-schema-graph\">{\"@context\":\"https:\\\/\\\/schema.org\",\"@graph\":[{\"@type\":\"WebPage\",\"@id\":\"https:\\\/\\\/climatetoolkit.org\\\/association-of-science-and-technology-centers-astc\\\/\",\"url\":\"https:\\\/\\\/climatetoolkit.org\\\/association-of-science-and-technology-centers-astc\\\/\",\"name\":\"Association of Science and Technology Centers (ASTC) - The Climate Toolkit\",\"isPartOf\":{\"@id\":\"https:\\\/\\\/climatetoolkit.org\\\/#website\"},\"primaryImageOfPage\":{\"@id\":\"https:\\\/\\\/climatetoolkit.org\\\/association-of-science-and-technology-centers-astc\\\/#primaryimage\"},\"image\":{\"@id\":\"https:\\\/\\\/climatetoolkit.org\\\/association-of-science-and-technology-centers-astc\\\/#primaryimage\"},\"thumbnailUrl\":\"https:\\\/\\\/climatetoolkit.org\\\/wp-content\\\/uploads\\\/2023\\\/11\\\/Picture12.png\",\"datePublished\":\"2023-11-01T19:23:05+00:00\",\"dateModified\":\"2023-11-01T19:23:06+00:00\",\"breadcrumb\":{\"@id\":\"https:\\\/\\\/climatetoolkit.org\\\/association-of-science-and-technology-centers-astc\\\/#breadcrumb\"},\"inLanguage\":\"es\",\"potentialAction\":[{\"@type\":\"ReadAction\",\"target\":[\"https:\\\/\\\/climatetoolkit.org\\\/association-of-science-and-technology-centers-astc\\\/\"]}]},{\"@type\":\"ImageObject\",\"inLanguage\":\"es\",\"@id\":\"https:\\\/\\\/climatetoolkit.org\\\/association-of-science-and-technology-centers-astc\\\/#primaryimage\",\"url\":\"https:\\\/\\\/climatetoolkit.org\\\/wp-content\\\/uploads\\\/2023\\\/11\\\/Picture12.png\",\"contentUrl\":\"https:\\\/\\\/climatetoolkit.org\\\/wp-content\\\/uploads\\\/2023\\\/11\\\/Picture12.png\"},{\"@type\":\"BreadcrumbList\",\"@id\":\"https:\\\/\\\/climatetoolkit.org\\\/association-of-science-and-technology-centers-astc\\\/#breadcrumb\",\"itemListElement\":[{\"@type\":\"ListItem\",\"position\":1,\"name\":\"Home\",\"item\":\"https:\\\/\\\/climatetoolkit.org\\\/\"},{\"@type\":\"ListItem\",\"position\":2,\"name\":\"Association of Science and Technology Centers (ASTC)\"}]},{\"@type\":\"WebSite\",\"@id\":\"https:\\\/\\\/climatetoolkit.org\\\/#website\",\"url\":\"https:\\\/\\\/climatetoolkit.org\\\/\",\"name\":\"The Climate Toolkit\",\"description\":\"For Museums, Gardens and Zoos\",\"publisher\":{\"@id\":\"https:\\\/\\\/climatetoolkit.org\\\/#organization\"},\"potentialAction\":[{\"@type\":\"SearchAction\",\"target\":{\"@type\":\"EntryPoint\",\"urlTemplate\":\"https:\\\/\\\/climatetoolkit.org\\\/?s={search_term_string}\"},\"query-input\":{\"@type\":\"PropertyValueSpecification\",\"valueRequired\":true,\"valueName\":\"search_term_string\"}}],\"inLanguage\":\"es\"},{\"@type\":\"Organization\",\"@id\":\"https:\\\/\\\/climatetoolkit.org\\\/#organization\",\"name\":\"The Climate Toolkit\",\"url\":\"https:\\\/\\\/climatetoolkit.org\\\/\",\"logo\":{\"@type\":\"ImageObject\",\"inLanguage\":\"es\",\"@id\":\"https:\\\/\\\/climatetoolkit.org\\\/#\\\/schema\\\/logo\\\/image\\\/\",\"url\":\"https:\\\/\\\/climatetoolkit.org\\\/wp-content\\\/uploads\\\/2020\\\/05\\\/C_logo.png\",\"contentUrl\":\"https:\\\/\\\/climatetoolkit.org\\\/wp-content\\\/uploads\\\/2020\\\/05\\\/C_logo.png\",\"width\":512,\"height\":512,\"caption\":\"The Climate Toolkit\"},\"image\":{\"@id\":\"https:\\\/\\\/climatetoolkit.org\\\/#\\\/schema\\\/logo\\\/image\\\/\"}}]}<\/script>\n<!-- \/ Yoast SEO plugin. -->","yoast_head_json":{"title":"Asociaci\u00f3n de Centros Cient\u00edficos y Tecnol\u00f3gicos (ASTC) - Conjunto de herramientas sobre el clima","robots":{"index":"index","follow":"follow","max-snippet":"max-snippet:-1","max-image-preview":"max-image-preview:large","max-video-preview":"max-video-preview:-1"},"canonical":"https:\/\/climatetoolkit.org\/es\/association-of-science-and-technology-centers-astc\/","og_locale":"es_ES","og_type":"article","og_title":"Association of Science and Technology Centers (ASTC) - The Climate Toolkit","og_description":"The purpose of the Association of Science and Technology Centers (ASTC) is to champion and support science centers, technology centers and museums, and the entire science engagement field toward a vision of increasing understanding of and engagement with science and &hellip; Association of Science and Technology Centers (ASTC) Leer m\u00e1s \u00bb","og_url":"https:\/\/climatetoolkit.org\/es\/association-of-science-and-technology-centers-astc\/","og_site_name":"The Climate Toolkit","article_modified_time":"2023-11-01T19:23:06+00:00","og_image":[{"url":"https:\/\/climatetoolkit.org\/wp-content\/uploads\/2023\/11\/Picture12.png","type":"","width":"","height":""}],"twitter_card":"summary_large_image","twitter_misc":{"Tiempo de lectura":"2 minutos"},"schema":{"@context":"https:\/\/schema.org","@graph":[{"@type":"WebPage","@id":"https:\/\/climatetoolkit.org\/association-of-science-and-technology-centers-astc\/","url":"https:\/\/climatetoolkit.org\/association-of-science-and-technology-centers-astc\/","name":"Asociaci\u00f3n de Centros Cient\u00edficos y Tecnol\u00f3gicos (ASTC) - Conjunto de herramientas sobre el clima","isPartOf":{"@id":"https:\/\/climatetoolkit.org\/#website"},"primaryImageOfPage":{"@id":"https:\/\/climatetoolkit.org\/association-of-science-and-technology-centers-astc\/#primaryimage"},"image":{"@id":"https:\/\/climatetoolkit.org\/association-of-science-and-technology-centers-astc\/#primaryimage"},"thumbnailUrl":"https:\/\/climatetoolkit.org\/wp-content\/uploads\/2023\/11\/Picture12.png","datePublished":"2023-11-01T19:23:05+00:00","dateModified":"2023-11-01T19:23:06+00:00","breadcrumb":{"@id":"https:\/\/climatetoolkit.org\/association-of-science-and-technology-centers-astc\/#breadcrumb"},"inLanguage":"es","potentialAction":[{"@type":"ReadAction","target":["https:\/\/climatetoolkit.org\/association-of-science-and-technology-centers-astc\/"]}]},{"@type":"ImageObject","inLanguage":"es","@id":"https:\/\/climatetoolkit.org\/association-of-science-and-technology-centers-astc\/#primaryimage","url":"https:\/\/climatetoolkit.org\/wp-content\/uploads\/2023\/11\/Picture12.png","contentUrl":"https:\/\/climatetoolkit.org\/wp-content\/uploads\/2023\/11\/Picture12.png"},{"@type":"BreadcrumbList","@id":"https:\/\/climatetoolkit.org\/association-of-science-and-technology-centers-astc\/#breadcrumb","itemListElement":[{"@type":"ListItem","position":1,"name":"Home","item":"https:\/\/climatetoolkit.org\/"},{"@type":"ListItem","position":2,"name":"Association of Science and Technology Centers (ASTC)"}]},{"@type":"WebSite","@id":"https:\/\/climatetoolkit.org\/#website","url":"https:\/\/climatetoolkit.org\/","name":"Herramientas para el clima","description":"Para museos, jardines y zool\u00f3gicos","publisher":{"@id":"https:\/\/climatetoolkit.org\/#organization"},"potentialAction":[{"@type":"SearchAction","target":{"@type":"EntryPoint","urlTemplate":"https:\/\/climatetoolkit.org\/?s={search_term_string}"},"query-input":{"@type":"PropertyValueSpecification","valueRequired":true,"valueName":"search_term_string"}}],"inLanguage":"es"},{"@type":"Organization","@id":"https:\/\/climatetoolkit.org\/#organization","name":"Herramientas para el clima","url":"https:\/\/climatetoolkit.org\/","logo":{"@type":"ImageObject","inLanguage":"es","@id":"https:\/\/climatetoolkit.org\/#\/schema\/logo\/image\/","url":"https:\/\/climatetoolkit.org\/wp-content\/uploads\/2020\/05\/C_logo.png","contentUrl":"https:\/\/climatetoolkit.org\/wp-content\/uploads\/2020\/05\/C_logo.png","width":512,"height":512,"caption":"The Climate Toolkit"},"image":{"@id":"https:\/\/climatetoolkit.org\/#\/schema\/logo\/image\/"}}]}},"coauthors":[],"author_meta":{"author_link":"https:\/\/climatetoolkit.org\/es\/author\/joe\/","display_name":"joe reed"},"relative_dates":{"created":"Publicado 2 a\u00f1os hace","modified":"Actualizado 2 a\u00f1os hace"},"absolute_dates":{"created":"Publicado el noviembre 1, 2023","modified":"Actualizado el noviembre 1, 2023"},"absolute_dates_time":{"created":"Publicado el noviembre 1, 2023 3:23 pm","modified":"Actualizado el noviembre 1, 2023 3:23 pm"},"featured_img_caption":"","featured_img":false,"series_order":"","_links":{"self":[{"href":"https:\/\/climatetoolkit.org\/es\/wp-json\/wp\/v2\/pages\/2703","targetHints":{"allow":["GET"]}}],"collection":[{"href":"https:\/\/climatetoolkit.org\/es\/wp-json\/wp\/v2\/pages"}],"about":[{"href":"https:\/\/climatetoolkit.org\/es\/wp-json\/wp\/v2\/types\/page"}],"author":[{"embeddable":true,"href":"https:\/\/climatetoolkit.org\/es\/wp-json\/wp\/v2\/users\/2"}],"replies":[{"embeddable":true,"href":"https:\/\/climatetoolkit.org\/es\/wp-json\/wp\/v2\/comments?post=2703"}],"version-history":[{"count":0,"href":"https:\/\/climatetoolkit.org\/es\/wp-json\/wp\/v2\/pages\/2703\/revisions"}],"wp:attachment":[{"href":"https:\/\/climatetoolkit.org\/es\/wp-json\/wp\/v2\/media?parent=2703"}],"curies":[{"name":"wp","href":"https:\/\/api.w.org\/{rel}","templated":true}]}}