{"id":2477,"date":"2023-08-24T12:51:57","date_gmt":"2023-08-24T16:51:57","guid":{"rendered":"https:\/\/climatetoolkit.org\/?page_id=2477"},"modified":"2023-08-24T12:54:04","modified_gmt":"2023-08-24T16:54:04","slug":"aam","status":"publish","type":"page","link":"https:\/\/climatetoolkit.org\/es\/aam\/","title":{"rendered":"Alianza Americana de Museos (AAM)"},"content":{"rendered":"<div class=\"wp-block-image\">\n<figure class=\"aligncenter size-large is-resized\"><img decoding=\"async\" src=\"https:\/\/climatetoolkit.org\/wp-content\/uploads\/2023\/08\/AAM-1024x462.png\" alt=\"\" class=\"wp-image-2478\" width=\"512\" height=\"231\" srcset=\"https:\/\/climatetoolkit.org\/wp-content\/uploads\/2023\/08\/AAM-1024x462.png 1024w, https:\/\/climatetoolkit.org\/wp-content\/uploads\/2023\/08\/AAM-300x135.png 300w, https:\/\/climatetoolkit.org\/wp-content\/uploads\/2023\/08\/AAM-768x346.png 768w, https:\/\/climatetoolkit.org\/wp-content\/uploads\/2023\/08\/AAM-1536x693.png 1536w, https:\/\/climatetoolkit.org\/wp-content\/uploads\/2023\/08\/AAM-100x45.png 100w, https:\/\/climatetoolkit.org\/wp-content\/uploads\/2023\/08\/AAM-150x68.png 150w, https:\/\/climatetoolkit.org\/wp-content\/uploads\/2023\/08\/AAM-200x90.png 200w, https:\/\/climatetoolkit.org\/wp-content\/uploads\/2023\/08\/AAM-450x203.png 450w, https:\/\/climatetoolkit.org\/wp-content\/uploads\/2023\/08\/AAM-600x271.png 600w, https:\/\/climatetoolkit.org\/wp-content\/uploads\/2023\/08\/AAM-900x406.png 900w, https:\/\/climatetoolkit.org\/wp-content\/uploads\/2023\/08\/AAM.png 1996w\" sizes=\"(max-width: 512px) 100vw, 512px\" \/><\/figure>\n<\/div>\n\n\n<p>En <a href=\"https:\/\/www.aam-us.org\/\">Alianza Americana de Museos<\/a> (La misi\u00f3n de la AAM es defender museos equitativos y con impacto conectando a las personas, fomentando el aprendizaje y la comunidad, y promoviendo la excelencia muse\u00edstica. La visi\u00f3n de la AAM es un mundo justo y sostenible, informado y enriquecido por museos pr\u00f3speros que contribuyan a la resiliencia y la equidad de sus comunidades. Los valores de la organizaci\u00f3n son tambi\u00e9n una parte importante de su identidad: asociaci\u00f3n, acceso e inclusi\u00f3n, valor y excelencia.<\/p>\n\n\n\n<p>La AAM apoya a una red de m\u00e1s de 35.000 museos y profesionales de museos, desde museos de arte e historia hasta centros cient\u00edficos y zool\u00f3gicos. Se dedican a crear un sentido colaborativo de comunidad a trav\u00e9s de cuatro prioridades estrat\u00e9gicas enumeradas como impacto social y comunitario, DEAI y antirracismo, una comunidad muse\u00edstica integral y equidad en el n\u00facleo de su cultura. La AAM tambi\u00e9n tiene la intenci\u00f3n de alcanzar objetivos espec\u00edficos establecidos en un marco estrat\u00e9gico de tres a\u00f1os:<\/p>\n\n\n\n<ul class=\"wp-block-list\">\n<li>Celebrar, fortalecer y conectar a la comunidad profesional de los museos en toda su diversidad.<\/li>\n\n\n\n<li>Apoyar a los profesionales de los museos para que aprendan unos de otros, gestionen las crisis y reconstruyan instituciones fuertes, relevantes y sostenibles.<\/li>\n\n\n\n<li>Liderar el campo de los museos en la creaci\u00f3n de apoyo a los museos como infraestructura esencial de la comunidad y convertirse en instituciones y socios comunitarios m\u00e1s equitativos, inclusivos e impactantes.<\/li>\n\n\n\n<li>Examinar cr\u00edticamente los programas y operaciones de la AAM para garantizar que se modelan sus valores.<\/li>\n<\/ul>\n\n\n\n<p>A continuaci\u00f3n encontrar\u00e1 m\u00e1s enlaces de la Alianza Americana de Museos:<\/p>\n\n\n\n<ul class=\"wp-block-list\">\n<li><a href=\"https:\/\/www.aam-us.org\/programs\/center-for-the-future-of-museums\/\">Centro para el Futuro de los Museos<\/a><\/li>\n\n\n\n<li><a href=\"https:\/\/www.aam-us.org\/category\/alliance-labs\/\">Blog de la Alianza<\/a><\/li>\n\n\n\n<li><a href=\"https:\/\/www.aam-us.org\/programs\/museums-fostering-belonging\/\">Museos que fomentan la pertenencia<\/a><\/li>\n\n\n\n<li><a href=\"https:\/\/www.aam-us.org\/programs\/toolkits\/\">Conjuntos de herramientas y gu\u00edas de la AAM<\/a><\/li>\n\n\n\n<li><a href=\"https:\/\/www.aam-us.org\/programs\/about-aam\/professional-networks\/\">Redes profesionales de la AAM<\/a><\/li>\n\n\n\n<li><a href=\"https:\/\/www.aam-us.org\/programs\/about-aam\/american-alliance-of-museums-strategic-plan\/\">Marco estrat\u00e9gico AAM 2022-2025<\/a><\/li>\n<\/ul>","protected":false},"excerpt":{"rendered":"<p>La misi\u00f3n de la Alianza Americana de Museos (AAM) es abogar por museos equitativos e impactantes conectando a la gente, fomentando el aprendizaje y la comunidad, y nutriendo la excelencia de los museos. La visi\u00f3n de la AAM es la de un mundo justo y sostenible, informado y enriquecido por ...<\/p>\n<p class=\"read-more\"> <a class=\"\" href=\"https:\/\/climatetoolkit.org\/es\/aam\/\"> <span class=\"screen-reader-text\">Alianza Americana de Museos (AAM)<\/span> Leer m\u00e1s \"<\/a><\/p>","protected":false},"author":2,"featured_media":0,"parent":0,"menu_order":0,"comment_status":"closed","ping_status":"closed","template":"","meta":{"_acf_changed":false,"inline_featured_image":false,"advgb_blocks_editor_width":"","advgb_blocks_columns_visual_guide":"","footnotes":""},"class_list":["post-2477","page","type-page","status-publish","hentry"],"acf":[],"yoast_head":"<!-- This site is optimized with the Yoast SEO plugin v27.5 - https:\/\/yoast.com\/product\/yoast-seo-wordpress\/ -->\n<title>American Alliance of Museums (AAM) - The Climate Toolkit<\/title>\n<meta name=\"robots\" content=\"index, follow, max-snippet:-1, max-image-preview:large, max-video-preview:-1\" \/>\n<link rel=\"canonical\" href=\"https:\/\/climatetoolkit.org\/es\/aam\/\" \/>\n<meta property=\"og:locale\" content=\"es_ES\" \/>\n<meta property=\"og:type\" content=\"article\" \/>\n<meta property=\"og:title\" content=\"American Alliance of Museums (AAM) - The Climate Toolkit\" \/>\n<meta property=\"og:description\" content=\"The American Alliance of Museums (AAM) mission is to champion equitable and impactful museums by connecting people, fostering learning and community, and nurturing museum excellence. The vision of AAM is a just and sustainable world informed and enriched by thriving &hellip; American Alliance of Museums (AAM) Leer m\u00e1s \u00bb\" \/>\n<meta property=\"og:url\" content=\"https:\/\/climatetoolkit.org\/es\/aam\/\" \/>\n<meta property=\"og:site_name\" content=\"The Climate Toolkit\" \/>\n<meta property=\"article:modified_time\" content=\"2023-08-24T16:54:04+00:00\" \/>\n<meta property=\"og:image\" content=\"https:\/\/climatetoolkit.org\/wp-content\/uploads\/2023\/08\/AAM-1024x462.png\" \/>\n<meta name=\"twitter:card\" content=\"summary_large_image\" \/>\n<meta name=\"twitter:label1\" content=\"Tiempo de lectura\" \/>\n\t<meta name=\"twitter:data1\" content=\"2 minutos\" \/>\n<script type=\"application\/ld+json\" class=\"yoast-schema-graph\">{\"@context\":\"https:\\\/\\\/schema.org\",\"@graph\":[{\"@type\":\"WebPage\",\"@id\":\"https:\\\/\\\/climatetoolkit.org\\\/aam\\\/\",\"url\":\"https:\\\/\\\/climatetoolkit.org\\\/aam\\\/\",\"name\":\"American Alliance of Museums (AAM) - The Climate Toolkit\",\"isPartOf\":{\"@id\":\"https:\\\/\\\/climatetoolkit.org\\\/#website\"},\"primaryImageOfPage\":{\"@id\":\"https:\\\/\\\/climatetoolkit.org\\\/aam\\\/#primaryimage\"},\"image\":{\"@id\":\"https:\\\/\\\/climatetoolkit.org\\\/aam\\\/#primaryimage\"},\"thumbnailUrl\":\"https:\\\/\\\/climatetoolkit.org\\\/wp-content\\\/uploads\\\/2023\\\/08\\\/AAM-1024x462.png\",\"datePublished\":\"2023-08-24T16:51:57+00:00\",\"dateModified\":\"2023-08-24T16:54:04+00:00\",\"breadcrumb\":{\"@id\":\"https:\\\/\\\/climatetoolkit.org\\\/aam\\\/#breadcrumb\"},\"inLanguage\":\"es\",\"potentialAction\":[{\"@type\":\"ReadAction\",\"target\":[\"https:\\\/\\\/climatetoolkit.org\\\/aam\\\/\"]}]},{\"@type\":\"ImageObject\",\"inLanguage\":\"es\",\"@id\":\"https:\\\/\\\/climatetoolkit.org\\\/aam\\\/#primaryimage\",\"url\":\"https:\\\/\\\/climatetoolkit.org\\\/wp-content\\\/uploads\\\/2023\\\/08\\\/AAM-1024x462.png\",\"contentUrl\":\"https:\\\/\\\/climatetoolkit.org\\\/wp-content\\\/uploads\\\/2023\\\/08\\\/AAM-1024x462.png\"},{\"@type\":\"BreadcrumbList\",\"@id\":\"https:\\\/\\\/climatetoolkit.org\\\/aam\\\/#breadcrumb\",\"itemListElement\":[{\"@type\":\"ListItem\",\"position\":1,\"name\":\"Home\",\"item\":\"https:\\\/\\\/climatetoolkit.org\\\/\"},{\"@type\":\"ListItem\",\"position\":2,\"name\":\"American Alliance of Museums (AAM)\"}]},{\"@type\":\"WebSite\",\"@id\":\"https:\\\/\\\/climatetoolkit.org\\\/#website\",\"url\":\"https:\\\/\\\/climatetoolkit.org\\\/\",\"name\":\"The Climate Toolkit\",\"description\":\"For Museums, Gardens and Zoos\",\"publisher\":{\"@id\":\"https:\\\/\\\/climatetoolkit.org\\\/#organization\"},\"potentialAction\":[{\"@type\":\"SearchAction\",\"target\":{\"@type\":\"EntryPoint\",\"urlTemplate\":\"https:\\\/\\\/climatetoolkit.org\\\/?s={search_term_string}\"},\"query-input\":{\"@type\":\"PropertyValueSpecification\",\"valueRequired\":true,\"valueName\":\"search_term_string\"}}],\"inLanguage\":\"es\"},{\"@type\":\"Organization\",\"@id\":\"https:\\\/\\\/climatetoolkit.org\\\/#organization\",\"name\":\"The Climate Toolkit\",\"url\":\"https:\\\/\\\/climatetoolkit.org\\\/\",\"logo\":{\"@type\":\"ImageObject\",\"inLanguage\":\"es\",\"@id\":\"https:\\\/\\\/climatetoolkit.org\\\/#\\\/schema\\\/logo\\\/image\\\/\",\"url\":\"https:\\\/\\\/climatetoolkit.org\\\/wp-content\\\/uploads\\\/2020\\\/05\\\/C_logo.png\",\"contentUrl\":\"https:\\\/\\\/climatetoolkit.org\\\/wp-content\\\/uploads\\\/2020\\\/05\\\/C_logo.png\",\"width\":512,\"height\":512,\"caption\":\"The Climate Toolkit\"},\"image\":{\"@id\":\"https:\\\/\\\/climatetoolkit.org\\\/#\\\/schema\\\/logo\\\/image\\\/\"}}]}<\/script>\n<!-- \/ Yoast SEO plugin. -->","yoast_head_json":{"title":"Alianza Americana de Museos (AAM) - La Caja de Herramientas del Clima","robots":{"index":"index","follow":"follow","max-snippet":"max-snippet:-1","max-image-preview":"max-image-preview:large","max-video-preview":"max-video-preview:-1"},"canonical":"https:\/\/climatetoolkit.org\/es\/aam\/","og_locale":"es_ES","og_type":"article","og_title":"American Alliance of Museums (AAM) - The Climate Toolkit","og_description":"The American Alliance of Museums (AAM) mission is to champion equitable and impactful museums by connecting people, fostering learning and community, and nurturing museum excellence. The vision of AAM is a just and sustainable world informed and enriched by thriving &hellip; American Alliance of Museums (AAM) Leer m\u00e1s \u00bb","og_url":"https:\/\/climatetoolkit.org\/es\/aam\/","og_site_name":"The Climate Toolkit","article_modified_time":"2023-08-24T16:54:04+00:00","og_image":[{"url":"https:\/\/climatetoolkit.org\/wp-content\/uploads\/2023\/08\/AAM-1024x462.png","type":"","width":"","height":""}],"twitter_card":"summary_large_image","twitter_misc":{"Tiempo de lectura":"2 minutos"},"schema":{"@context":"https:\/\/schema.org","@graph":[{"@type":"WebPage","@id":"https:\/\/climatetoolkit.org\/aam\/","url":"https:\/\/climatetoolkit.org\/aam\/","name":"Alianza Americana de Museos (AAM) - La Caja de Herramientas del Clima","isPartOf":{"@id":"https:\/\/climatetoolkit.org\/#website"},"primaryImageOfPage":{"@id":"https:\/\/climatetoolkit.org\/aam\/#primaryimage"},"image":{"@id":"https:\/\/climatetoolkit.org\/aam\/#primaryimage"},"thumbnailUrl":"https:\/\/climatetoolkit.org\/wp-content\/uploads\/2023\/08\/AAM-1024x462.png","datePublished":"2023-08-24T16:51:57+00:00","dateModified":"2023-08-24T16:54:04+00:00","breadcrumb":{"@id":"https:\/\/climatetoolkit.org\/aam\/#breadcrumb"},"inLanguage":"es","potentialAction":[{"@type":"ReadAction","target":["https:\/\/climatetoolkit.org\/aam\/"]}]},{"@type":"ImageObject","inLanguage":"es","@id":"https:\/\/climatetoolkit.org\/aam\/#primaryimage","url":"https:\/\/climatetoolkit.org\/wp-content\/uploads\/2023\/08\/AAM-1024x462.png","contentUrl":"https:\/\/climatetoolkit.org\/wp-content\/uploads\/2023\/08\/AAM-1024x462.png"},{"@type":"BreadcrumbList","@id":"https:\/\/climatetoolkit.org\/aam\/#breadcrumb","itemListElement":[{"@type":"ListItem","position":1,"name":"Home","item":"https:\/\/climatetoolkit.org\/"},{"@type":"ListItem","position":2,"name":"American Alliance of Museums (AAM)"}]},{"@type":"WebSite","@id":"https:\/\/climatetoolkit.org\/#website","url":"https:\/\/climatetoolkit.org\/","name":"Herramientas para el clima","description":"Para museos, jardines y zool\u00f3gicos","publisher":{"@id":"https:\/\/climatetoolkit.org\/#organization"},"potentialAction":[{"@type":"SearchAction","target":{"@type":"EntryPoint","urlTemplate":"https:\/\/climatetoolkit.org\/?s={search_term_string}"},"query-input":{"@type":"PropertyValueSpecification","valueRequired":true,"valueName":"search_term_string"}}],"inLanguage":"es"},{"@type":"Organization","@id":"https:\/\/climatetoolkit.org\/#organization","name":"Herramientas para el clima","url":"https:\/\/climatetoolkit.org\/","logo":{"@type":"ImageObject","inLanguage":"es","@id":"https:\/\/climatetoolkit.org\/#\/schema\/logo\/image\/","url":"https:\/\/climatetoolkit.org\/wp-content\/uploads\/2020\/05\/C_logo.png","contentUrl":"https:\/\/climatetoolkit.org\/wp-content\/uploads\/2020\/05\/C_logo.png","width":512,"height":512,"caption":"The Climate Toolkit"},"image":{"@id":"https:\/\/climatetoolkit.org\/#\/schema\/logo\/image\/"}}]}},"coauthors":[],"author_meta":{"author_link":"https:\/\/climatetoolkit.org\/es\/author\/joe\/","display_name":"joe reed"},"relative_dates":{"created":"Publicado 3 a\u00f1os hace","modified":"Actualizado 3 a\u00f1os hace"},"absolute_dates":{"created":"Publicado el agosto 24, 2023","modified":"Actualizado el agosto 24, 2023"},"absolute_dates_time":{"created":"Publicado el agosto 24, 2023 12:51 pm","modified":"Actualizado el agosto 24, 2023 12:54 pm"},"featured_img_caption":"","featured_img":false,"series_order":"","_links":{"self":[{"href":"https:\/\/climatetoolkit.org\/es\/wp-json\/wp\/v2\/pages\/2477","targetHints":{"allow":["GET"]}}],"collection":[{"href":"https:\/\/climatetoolkit.org\/es\/wp-json\/wp\/v2\/pages"}],"about":[{"href":"https:\/\/climatetoolkit.org\/es\/wp-json\/wp\/v2\/types\/page"}],"author":[{"embeddable":true,"href":"https:\/\/climatetoolkit.org\/es\/wp-json\/wp\/v2\/users\/2"}],"replies":[{"embeddable":true,"href":"https:\/\/climatetoolkit.org\/es\/wp-json\/wp\/v2\/comments?post=2477"}],"version-history":[{"count":0,"href":"https:\/\/climatetoolkit.org\/es\/wp-json\/wp\/v2\/pages\/2477\/revisions"}],"wp:attachment":[{"href":"https:\/\/climatetoolkit.org\/es\/wp-json\/wp\/v2\/media?parent=2477"}],"curies":[{"name":"wp","href":"https:\/\/api.w.org\/{rel}","templated":true}]}}