{"id":2471,"date":"2023-08-24T12:45:01","date_gmt":"2023-08-24T16:45:01","guid":{"rendered":"https:\/\/climatetoolkit.org\/?page_id=2471"},"modified":"2023-08-24T12:54:48","modified_gmt":"2023-08-24T16:54:48","slug":"american-public-gardens-association-apga","status":"publish","type":"page","link":"https:\/\/climatetoolkit.org\/es\/american-public-gardens-association-apga\/","title":{"rendered":"American Public Gardens Association (APGA)"},"content":{"rendered":"<div class=\"wp-block-image\">\n<figure class=\"aligncenter size-large is-resized\"><img decoding=\"async\" src=\"https:\/\/climatetoolkit.org\/wp-content\/uploads\/2023\/08\/APGA_rgb-1024x410.jpeg\" alt=\"\" class=\"wp-image-2472\" width=\"512\" height=\"205\" srcset=\"https:\/\/climatetoolkit.org\/wp-content\/uploads\/2023\/08\/APGA_rgb-1024x410.jpeg 1024w, https:\/\/climatetoolkit.org\/wp-content\/uploads\/2023\/08\/APGA_rgb-300x120.jpeg 300w, https:\/\/climatetoolkit.org\/wp-content\/uploads\/2023\/08\/APGA_rgb-768x307.jpeg 768w, https:\/\/climatetoolkit.org\/wp-content\/uploads\/2023\/08\/APGA_rgb-100x40.jpeg 100w, https:\/\/climatetoolkit.org\/wp-content\/uploads\/2023\/08\/APGA_rgb-150x60.jpeg 150w, https:\/\/climatetoolkit.org\/wp-content\/uploads\/2023\/08\/APGA_rgb-200x80.jpeg 200w, https:\/\/climatetoolkit.org\/wp-content\/uploads\/2023\/08\/APGA_rgb-450x180.jpeg 450w, https:\/\/climatetoolkit.org\/wp-content\/uploads\/2023\/08\/APGA_rgb-600x240.jpeg 600w, https:\/\/climatetoolkit.org\/wp-content\/uploads\/2023\/08\/APGA_rgb-900x360.jpeg 900w, https:\/\/climatetoolkit.org\/wp-content\/uploads\/2023\/08\/APGA_rgb.jpeg 1500w\" sizes=\"(max-width: 512px) 100vw, 512px\" \/><\/figure>\n<\/div>\n\n\n<p>La misi\u00f3n de la <a href=\"https:\/\/www.publicgardens.org\/\">Asociaci\u00f3n Americana de Jardines P\u00fablicos<\/a> (APGA) es defender y promover los jardines p\u00fablicos como l\u00edderes, defensores e innovadores en la conservaci\u00f3n y apreciaci\u00f3n de las plantas. La visi\u00f3n de APGA es la de un mundo en el que los jardines p\u00fablicos sean indispensables. Adem\u00e1s, los valores fundamentales de la organizaci\u00f3n son cultivar la pasi\u00f3n, elevar su voz, colaborar con autenticidad y crecer con reflexi\u00f3n.<\/p>\n\n\n\n<p>La APGA cuenta con m\u00e1s de 75 a\u00f1os de experiencia en la educaci\u00f3n del p\u00fablico sobre pr\u00e1cticas hort\u00edcolas mediante las siguientes acciones:<\/p>\n\n\n\n<ul class=\"wp-block-list\">\n<li>Proporcionar un grupo de hom\u00f3logos para todo tipo y tama\u00f1o de organizaciones y profesionales de la horticultura p\u00fablica.<\/li>\n\n\n\n<li>Crear una potente red nacional e internacional para los miembros y los interesados en la horticultura.<\/li>\n\n\n\n<li>Ser proactivo a la hora de proporcionar las mejores pr\u00e1cticas y recursos para el crecimiento profesional.<\/li>\n\n\n\n<li>Fomentar el conocimiento y la mejora en el \u00e1mbito de la horticultura p\u00fablica mediante diversos foros presenciales y en l\u00ednea.<\/li>\n<\/ul>\n\n\n\n<p>Recursos:<\/p>\n\n\n\n<ul class=\"wp-block-list\">\n<li><a href=\"https:\/\/www.publicgardens.org\/programs\/climate-change-sustainability-program\/about-climate-sustainability-alliance\">Alianza para el Clima y la Sostenibilidad<\/a><\/li>\n\n\n\n<li><a href=\"https:\/\/www.publicgardens.org\/sustainability-index\">\u00cdndice de sostenibilidad de los jardines p\u00fablicos<\/a><\/li>\n\n\n\n<li><a href=\"https:\/\/www.publicgardens.org\/public-garden-funding-resources\">Recursos de financiaci\u00f3n para jardines p\u00fablicos<\/a><\/li>\n\n\n\n<li><a href=\"https:\/\/www.publicgardens.org\/resources\">Recursos y herramientas APGA<\/a><\/li>\n<\/ul>","protected":false},"excerpt":{"rendered":"<p>The mission of the American Public Gardens Association (APGA) is to champion and advance public gardens as leaders, advocates, and innovators in the conservation and appreciation of plants. APGA lists their vision as one that provides a world where public &hellip;<\/p>\n<p class=\"read-more\"> <a class=\"\" href=\"https:\/\/climatetoolkit.org\/es\/american-public-gardens-association-apga\/\"> <span class=\"screen-reader-text\">American Public Gardens Association (APGA)<\/span> Leer m\u00e1s \"<\/a><\/p>","protected":false},"author":2,"featured_media":0,"parent":0,"menu_order":0,"comment_status":"closed","ping_status":"closed","template":"","meta":{"_acf_changed":false,"inline_featured_image":false,"advgb_blocks_editor_width":"","advgb_blocks_columns_visual_guide":"","footnotes":""},"class_list":["post-2471","page","type-page","status-publish","hentry"],"acf":[],"yoast_head":"<!-- This site is optimized with the Yoast SEO plugin v27.4 - https:\/\/yoast.com\/product\/yoast-seo-wordpress\/ -->\n<title>American Public Gardens Association (APGA) - The Climate Toolkit<\/title>\n<meta name=\"robots\" content=\"index, follow, max-snippet:-1, max-image-preview:large, max-video-preview:-1\" \/>\n<link rel=\"canonical\" href=\"https:\/\/climatetoolkit.org\/es\/american-public-gardens-association-apga\/\" \/>\n<meta property=\"og:locale\" content=\"es_ES\" \/>\n<meta property=\"og:type\" content=\"article\" \/>\n<meta property=\"og:title\" content=\"American Public Gardens Association (APGA) - The Climate Toolkit\" \/>\n<meta property=\"og:description\" content=\"The mission of the American Public Gardens Association (APGA) is to champion and advance public gardens as leaders, advocates, and innovators in the conservation and appreciation of plants. APGA lists their vision as one that provides a world where public &hellip; American Public Gardens Association (APGA) Leer m\u00e1s \u00bb\" \/>\n<meta property=\"og:url\" content=\"https:\/\/climatetoolkit.org\/es\/american-public-gardens-association-apga\/\" \/>\n<meta property=\"og:site_name\" content=\"The Climate Toolkit\" \/>\n<meta property=\"article:modified_time\" content=\"2023-08-24T16:54:48+00:00\" \/>\n<meta property=\"og:image\" content=\"https:\/\/climatetoolkit.org\/wp-content\/uploads\/2023\/08\/APGA_rgb-1024x410.jpeg\" \/>\n<meta name=\"twitter:card\" content=\"summary_large_image\" \/>\n<meta name=\"twitter:label1\" content=\"Tiempo de lectura\" \/>\n\t<meta name=\"twitter:data1\" content=\"1 minuto\" \/>\n<script type=\"application\/ld+json\" class=\"yoast-schema-graph\">{\"@context\":\"https:\\\/\\\/schema.org\",\"@graph\":[{\"@type\":\"WebPage\",\"@id\":\"https:\\\/\\\/climatetoolkit.org\\\/american-public-gardens-association-apga\\\/\",\"url\":\"https:\\\/\\\/climatetoolkit.org\\\/american-public-gardens-association-apga\\\/\",\"name\":\"American Public Gardens Association (APGA) - The Climate Toolkit\",\"isPartOf\":{\"@id\":\"https:\\\/\\\/climatetoolkit.org\\\/#website\"},\"primaryImageOfPage\":{\"@id\":\"https:\\\/\\\/climatetoolkit.org\\\/american-public-gardens-association-apga\\\/#primaryimage\"},\"image\":{\"@id\":\"https:\\\/\\\/climatetoolkit.org\\\/american-public-gardens-association-apga\\\/#primaryimage\"},\"thumbnailUrl\":\"https:\\\/\\\/climatetoolkit.org\\\/wp-content\\\/uploads\\\/2023\\\/08\\\/APGA_rgb-1024x410.jpeg\",\"datePublished\":\"2023-08-24T16:45:01+00:00\",\"dateModified\":\"2023-08-24T16:54:48+00:00\",\"breadcrumb\":{\"@id\":\"https:\\\/\\\/climatetoolkit.org\\\/american-public-gardens-association-apga\\\/#breadcrumb\"},\"inLanguage\":\"es\",\"potentialAction\":[{\"@type\":\"ReadAction\",\"target\":[\"https:\\\/\\\/climatetoolkit.org\\\/american-public-gardens-association-apga\\\/\"]}]},{\"@type\":\"ImageObject\",\"inLanguage\":\"es\",\"@id\":\"https:\\\/\\\/climatetoolkit.org\\\/american-public-gardens-association-apga\\\/#primaryimage\",\"url\":\"https:\\\/\\\/climatetoolkit.org\\\/wp-content\\\/uploads\\\/2023\\\/08\\\/APGA_rgb-1024x410.jpeg\",\"contentUrl\":\"https:\\\/\\\/climatetoolkit.org\\\/wp-content\\\/uploads\\\/2023\\\/08\\\/APGA_rgb-1024x410.jpeg\"},{\"@type\":\"BreadcrumbList\",\"@id\":\"https:\\\/\\\/climatetoolkit.org\\\/american-public-gardens-association-apga\\\/#breadcrumb\",\"itemListElement\":[{\"@type\":\"ListItem\",\"position\":1,\"name\":\"Home\",\"item\":\"https:\\\/\\\/climatetoolkit.org\\\/\"},{\"@type\":\"ListItem\",\"position\":2,\"name\":\"American Public Gardens Association (APGA)\"}]},{\"@type\":\"WebSite\",\"@id\":\"https:\\\/\\\/climatetoolkit.org\\\/#website\",\"url\":\"https:\\\/\\\/climatetoolkit.org\\\/\",\"name\":\"The Climate Toolkit\",\"description\":\"For Museums, Gardens and Zoos\",\"publisher\":{\"@id\":\"https:\\\/\\\/climatetoolkit.org\\\/#organization\"},\"potentialAction\":[{\"@type\":\"SearchAction\",\"target\":{\"@type\":\"EntryPoint\",\"urlTemplate\":\"https:\\\/\\\/climatetoolkit.org\\\/?s={search_term_string}\"},\"query-input\":{\"@type\":\"PropertyValueSpecification\",\"valueRequired\":true,\"valueName\":\"search_term_string\"}}],\"inLanguage\":\"es\"},{\"@type\":\"Organization\",\"@id\":\"https:\\\/\\\/climatetoolkit.org\\\/#organization\",\"name\":\"The Climate Toolkit\",\"url\":\"https:\\\/\\\/climatetoolkit.org\\\/\",\"logo\":{\"@type\":\"ImageObject\",\"inLanguage\":\"es\",\"@id\":\"https:\\\/\\\/climatetoolkit.org\\\/#\\\/schema\\\/logo\\\/image\\\/\",\"url\":\"https:\\\/\\\/climatetoolkit.org\\\/wp-content\\\/uploads\\\/2020\\\/05\\\/C_logo.png\",\"contentUrl\":\"https:\\\/\\\/climatetoolkit.org\\\/wp-content\\\/uploads\\\/2020\\\/05\\\/C_logo.png\",\"width\":512,\"height\":512,\"caption\":\"The Climate Toolkit\"},\"image\":{\"@id\":\"https:\\\/\\\/climatetoolkit.org\\\/#\\\/schema\\\/logo\\\/image\\\/\"}}]}<\/script>\n<!-- \/ Yoast SEO plugin. -->","yoast_head_json":{"title":"American Public Gardens Association (APGA) - The Climate Toolkit","robots":{"index":"index","follow":"follow","max-snippet":"max-snippet:-1","max-image-preview":"max-image-preview:large","max-video-preview":"max-video-preview:-1"},"canonical":"https:\/\/climatetoolkit.org\/es\/american-public-gardens-association-apga\/","og_locale":"es_ES","og_type":"article","og_title":"American Public Gardens Association (APGA) - The Climate Toolkit","og_description":"The mission of the American Public Gardens Association (APGA) is to champion and advance public gardens as leaders, advocates, and innovators in the conservation and appreciation of plants. APGA lists their vision as one that provides a world where public &hellip; American Public Gardens Association (APGA) Leer m\u00e1s \u00bb","og_url":"https:\/\/climatetoolkit.org\/es\/american-public-gardens-association-apga\/","og_site_name":"The Climate Toolkit","article_modified_time":"2023-08-24T16:54:48+00:00","og_image":[{"url":"https:\/\/climatetoolkit.org\/wp-content\/uploads\/2023\/08\/APGA_rgb-1024x410.jpeg","type":"","width":"","height":""}],"twitter_card":"summary_large_image","twitter_misc":{"Tiempo de lectura":"1 minuto"},"schema":{"@context":"https:\/\/schema.org","@graph":[{"@type":"WebPage","@id":"https:\/\/climatetoolkit.org\/american-public-gardens-association-apga\/","url":"https:\/\/climatetoolkit.org\/american-public-gardens-association-apga\/","name":"American Public Gardens Association (APGA) - The Climate Toolkit","isPartOf":{"@id":"https:\/\/climatetoolkit.org\/#website"},"primaryImageOfPage":{"@id":"https:\/\/climatetoolkit.org\/american-public-gardens-association-apga\/#primaryimage"},"image":{"@id":"https:\/\/climatetoolkit.org\/american-public-gardens-association-apga\/#primaryimage"},"thumbnailUrl":"https:\/\/climatetoolkit.org\/wp-content\/uploads\/2023\/08\/APGA_rgb-1024x410.jpeg","datePublished":"2023-08-24T16:45:01+00:00","dateModified":"2023-08-24T16:54:48+00:00","breadcrumb":{"@id":"https:\/\/climatetoolkit.org\/american-public-gardens-association-apga\/#breadcrumb"},"inLanguage":"es","potentialAction":[{"@type":"ReadAction","target":["https:\/\/climatetoolkit.org\/american-public-gardens-association-apga\/"]}]},{"@type":"ImageObject","inLanguage":"es","@id":"https:\/\/climatetoolkit.org\/american-public-gardens-association-apga\/#primaryimage","url":"https:\/\/climatetoolkit.org\/wp-content\/uploads\/2023\/08\/APGA_rgb-1024x410.jpeg","contentUrl":"https:\/\/climatetoolkit.org\/wp-content\/uploads\/2023\/08\/APGA_rgb-1024x410.jpeg"},{"@type":"BreadcrumbList","@id":"https:\/\/climatetoolkit.org\/american-public-gardens-association-apga\/#breadcrumb","itemListElement":[{"@type":"ListItem","position":1,"name":"Home","item":"https:\/\/climatetoolkit.org\/"},{"@type":"ListItem","position":2,"name":"American Public Gardens Association (APGA)"}]},{"@type":"WebSite","@id":"https:\/\/climatetoolkit.org\/#website","url":"https:\/\/climatetoolkit.org\/","name":"Herramientas para el clima","description":"Para museos, jardines y zool\u00f3gicos","publisher":{"@id":"https:\/\/climatetoolkit.org\/#organization"},"potentialAction":[{"@type":"SearchAction","target":{"@type":"EntryPoint","urlTemplate":"https:\/\/climatetoolkit.org\/?s={search_term_string}"},"query-input":{"@type":"PropertyValueSpecification","valueRequired":true,"valueName":"search_term_string"}}],"inLanguage":"es"},{"@type":"Organization","@id":"https:\/\/climatetoolkit.org\/#organization","name":"Herramientas para el clima","url":"https:\/\/climatetoolkit.org\/","logo":{"@type":"ImageObject","inLanguage":"es","@id":"https:\/\/climatetoolkit.org\/#\/schema\/logo\/image\/","url":"https:\/\/climatetoolkit.org\/wp-content\/uploads\/2020\/05\/C_logo.png","contentUrl":"https:\/\/climatetoolkit.org\/wp-content\/uploads\/2020\/05\/C_logo.png","width":512,"height":512,"caption":"The Climate Toolkit"},"image":{"@id":"https:\/\/climatetoolkit.org\/#\/schema\/logo\/image\/"}}]}},"coauthors":[],"author_meta":{"author_link":"https:\/\/climatetoolkit.org\/es\/author\/joe\/","display_name":"joe reed"},"relative_dates":{"created":"Publicado 3 a\u00f1os hace","modified":"Actualizado 3 a\u00f1os hace"},"absolute_dates":{"created":"Publicado el agosto 24, 2023","modified":"Actualizado el agosto 24, 2023"},"absolute_dates_time":{"created":"Publicado el agosto 24, 2023 12:45 pm","modified":"Actualizado el agosto 24, 2023 12:54 pm"},"featured_img_caption":"","featured_img":false,"series_order":"","_links":{"self":[{"href":"https:\/\/climatetoolkit.org\/es\/wp-json\/wp\/v2\/pages\/2471","targetHints":{"allow":["GET"]}}],"collection":[{"href":"https:\/\/climatetoolkit.org\/es\/wp-json\/wp\/v2\/pages"}],"about":[{"href":"https:\/\/climatetoolkit.org\/es\/wp-json\/wp\/v2\/types\/page"}],"author":[{"embeddable":true,"href":"https:\/\/climatetoolkit.org\/es\/wp-json\/wp\/v2\/users\/2"}],"replies":[{"embeddable":true,"href":"https:\/\/climatetoolkit.org\/es\/wp-json\/wp\/v2\/comments?post=2471"}],"version-history":[{"count":0,"href":"https:\/\/climatetoolkit.org\/es\/wp-json\/wp\/v2\/pages\/2471\/revisions"}],"wp:attachment":[{"href":"https:\/\/climatetoolkit.org\/es\/wp-json\/wp\/v2\/media?parent=2471"}],"curies":[{"name":"wp","href":"https:\/\/api.w.org\/{rel}","templated":true}]}}