{"id":2064,"date":"2023-03-24T09:39:39","date_gmt":"2023-03-24T13:39:39","guid":{"rendered":"https:\/\/climatetoolkit.org\/?page_id=2064"},"modified":"2023-03-24T09:41:12","modified_gmt":"2023-03-24T13:41:12","slug":"resource-library","status":"publish","type":"page","link":"https:\/\/climatetoolkit.org\/es\/resource-library\/","title":{"rendered":"Biblioteca de recursos"},"content":{"rendered":"<h1 class=\"wp-block-heading\">Biblioteca de recursos<\/h1>\n\n\n<div class=\"institution-list\"><div class=\"category-group\"><div class=\"resource-columns\"><div class=\"resource-image\"><img decoding=\"async\" src=\"https:\/\/climatetoolkit.org\/wp-content\/uploads\/2021\/07\/renewable-energy-250x250.png\" alt=\"\" \/><\/div><div ><h2 class=\"category-header\">Edificios y energ\u00eda<\/h2><div class=\"doc\"><a href=\"https:\/\/longwoodgardens.org\/sustainability\/alternative-energy-resources\" target=\"_blank\">Alternative Energy Resources<\/a><\/div><div class=\"doc\"><a href=\"http:\/\/climatetoolkit.org\/wp-content\/uploads\/2019\/09\/Buying_Renewable_Electricity.pdf\" target=\"_blank\">Comprar electricidad renovable: Liderando con el ejemplo el movimiento por la energ\u00eda verde<\/a><\/div><div class=\"doc\"><a href=\"https:\/\/climatetoolkit.org\/es\/carbon-emission-reduction-interview-with-norfolk-botanical-garden\/\" target=\"_blank\">Reducci\u00f3n de las emisiones de carbono: Entrevista con el Jard\u00edn Bot\u00e1nico de Norfolk<\/a><\/div><div class=\"doc\"><a href=\"https:\/\/climatetoolkit.org\/es\/webinar-12-buildings-energy-and-decarbonization\/\" target=\"_blank\">Seminario sobre el clima: Edificios, energ\u00eda y descarbonizaci\u00f3n<\/a><\/div><div class=\"doc\"><a href=\"https:\/\/reidparkzoo.org\/conservation\/\" target=\"_blank\">Conservation &#8211; It&#8217;s Our Mission<\/a><\/div><div class=\"doc\"><a href=\"https:\/\/ctsciencecenter.org\/about\/green-mission\/\" target=\"_blank\">Misi\u00f3n Verde<\/a><\/div><div class=\"doc\"><a href=\"https:\/\/www.houstonzoo.org\/blog\/houston-zoo-leads-the-charge-towards-a-greener-future\/\" target=\"_blank\">El zoo de Houston avanza hacia un futuro m\u00e1s ecol\u00f3gico<\/a><\/div><div class=\"doc\"><a href=\"https:\/\/climatetoolkit.org\/es\/how-to-use-the-epas-simplified-ghg-emissions-calculator\/\" target=\"_blank\">C\u00f3mo utilizar la calculadora simplificada de emisiones de gases de efecto invernadero de la EPA<\/a><\/div><div class=\"doc\"><a href=\"https:\/\/climatetoolkit.org\/es\/nature-positive-carbon-negative-an-interview-with-duke-farms\/\" target=\"_blank\">Naturaleza positiva, carbono negativo: Entrevista con Duke Farms<\/a><\/div><div class=\"doc\"><a href=\"https:\/\/aqua.org\/stories\/2022-04-22-national-aquarium-will-be-net-zero-by-2035\" target=\"_blank\">Cero emisiones netas en 2035<\/a><\/div><div class=\"doc\"><a href=\"https:\/\/www.cutter.com\/article\/nature-positive-carbon-negative-reimagining-role-campuses-peri-urban-communities\" target=\"_blank\">Reimaginar el papel de los campus y las comunidades periurbanas<\/a><\/div><div class=\"doc\"><a href=\"https:\/\/www.akronzoo.org\/sustainability\" target=\"_blank\">Sostenibilidad<\/a><\/div><div class=\"doc\"><a href=\"https:\/\/www.trlibrary.com\/project\/sustainability\" target=\"_blank\">Sustainability Vision<\/a><\/div><div class=\"doc\"><a href=\"https:\/\/climatetoolkit.org\/es\/understanding-renewable-energy-terminology\/\" target=\"_blank\">Terminolog\u00eda de las energ\u00edas renovables<\/a><\/div><div class=\"doc\"><a href=\"https:\/\/www.henryvilaszoo.gov\/conservation\/\" target=\"_blank\">Walking the Talk of Sustainability<\/a><\/div><div class=\"doc\"><a href=\"https:\/\/climatetoolkit.org\/es\/watch-the-december-climate-toolkit-webinar\/\" target=\"_blank\">Vea el seminario web sobre herramientas clim\u00e1ticas de diciembre<\/a><\/div><div class=\"doc\"><a href=\"https:\/\/climatetoolkit.org\/es\/watch-the-march-climate-toolkit-webinar\/\" target=\"_blank\">Vea el seminario web de marzo sobre herramientas clim\u00e1ticas<\/a><\/div><div class=\"doc\"><a href=\"http:\/\/climatetoolkit.org\/wp-content\/uploads\/2019\/10\/Zeroing-In.pdf\" target=\"_blank\">Zeroing In: Edificios de energ\u00eda neta cero<\/a><\/div><\/div><\/div><div class=\"resource-columns\"><div class=\"resource-image\"><img decoding=\"async\" src=\"https:\/\/climatetoolkit.org\/wp-content\/uploads\/2021\/07\/recycling-1-250x250.png\" alt=\"\" \/><\/div><div ><h2 class=\"category-header\">Agua<\/h2><div class=\"doc\"><a href=\"https:\/\/reidparkzoo.org\/conservation\/\" target=\"_blank\">Conservation &#8211; It&#8217;s Our Mission<\/a><\/div><div class=\"doc\"><a href=\"https:\/\/www.akronzoo.org\/sustainability\" target=\"_blank\">Sostenibilidad<\/a><\/div><div class=\"doc\"><a href=\"https:\/\/www.sheddaquarium.org\/stories\/sustainability-at-shedd\" target=\"_blank\">Sostenibilidad en el Shedd<\/a><\/div><div class=\"doc\"><a href=\"https:\/\/www.henryvilaszoo.gov\/conservation\/\" target=\"_blank\">Walking the Talk of Sustainability<\/a><\/div><div class=\"doc\"><a href=\"https:\/\/longwoodgardens.org\/sustainability\/water-conservation\" target=\"_blank\">Water Conservation<\/a><\/div><div class=\"doc\"><a href=\"https:\/\/climatetoolkit.org\/es\/water-efficiency-a-case-study\/\" target=\"_blank\">Eficiencia del agua: Un estudio de caso<\/a><\/div><\/div><\/div><div class=\"resource-columns\"><div class=\"resource-image\"><img decoding=\"async\" src=\"https:\/\/climatetoolkit.org\/wp-content\/uploads\/2021\/07\/plate-250x250.png\" alt=\"\" \/><\/div><div ><h2 class=\"category-header\">Servicio de comidas<\/h2><div class=\"doc\"><a href=\"https:\/\/climatetoolkit.org\/es\/climate-toolkit-webinar-vegan-and-vegetarian-foods\/\" target=\"_blank\">Seminario web sobre el clima: Alimentos veganos y vegetarianos<\/a><\/div><div class=\"doc\"><a href=\"http:\/\/climatetoolkit.org\/wp-content\/uploads\/2019\/10\/Local-Food-Purchases.pdf\" target=\"_blank\">Compras locales de alimentos: Reducir los costes de transporte y apoyar a los agricultores locales<\/a><\/div><div class=\"doc\"><a href=\"https:\/\/climatetoolkit.org\/es\/nature-positive-carbon-negative-an-interview-with-duke-farms\/\" target=\"_blank\">Naturaleza positiva, carbono negativo: Entrevista con Duke Farms<\/a><\/div><\/div><\/div><div class=\"resource-columns\"><div class=\"resource-image\"><img decoding=\"async\" src=\"https:\/\/climatetoolkit.org\/wp-content\/uploads\/2021\/07\/bus-250x250.png\" alt=\"\" \/><\/div><div ><h2 class=\"category-header\">Transporte<\/h2><div class=\"doc\"><a href=\"http:\/\/climatetoolkit.org\/wp-content\/uploads\/2019\/10\/Alternate-Travel.pdf\" target=\"_blank\">Viajes alternativos: Reducci\u00f3n de los desplazamientos de un solo conductor a su centro de trabajo<\/a><\/div><div class=\"doc\"><a href=\"https:\/\/climatetoolkit.org\/es\/nature-positive-carbon-negative-an-interview-with-duke-farms\/\" target=\"_blank\">Naturaleza positiva, carbono negativo: Entrevista con Duke Farms<\/a><\/div><div class=\"doc\"><a href=\"https:\/\/www.visitokc.com\/articles\/post\/new-grants-partnership-aid-okc-zoos-sustainability-goals\/\" target=\"_blank\">Objetivos de sostenibilidad del zoo de OKC<\/a><\/div><div class=\"doc\"><a href=\"https:\/\/climatetoolkit.org\/es\/parking-transportation-and-energy-incentives-at-phipps-conservatory\/\" target=\"_blank\">Incentivos al aparcamiento, el transporte y la energ\u00eda<\/a><\/div><div class=\"doc\"><a href=\"https:\/\/www.henryvilaszoo.gov\/conservation\/\" target=\"_blank\">Walking the Talk of Sustainability<\/a><\/div><\/div><\/div><div class=\"resource-columns\"><div class=\"resource-image\"><img decoding=\"async\" src=\"https:\/\/climatetoolkit.org\/wp-content\/uploads\/2021\/07\/waste-250x250.png\" alt=\"\" \/><\/div><div ><h2 class=\"category-header\">Residuos<\/h2><div class=\"doc\"><a href=\"https:\/\/reidparkzoo.org\/conservation\/\" target=\"_blank\">Conservation &#8211; It&#8217;s Our Mission<\/a><\/div><div class=\"doc\"><a href=\"https:\/\/www.houstonzoo.org\/blog\/houston-zoo-leads-the-charge-towards-a-greener-future\/\" target=\"_blank\">El zoo de Houston avanza hacia un futuro m\u00e1s ecol\u00f3gico<\/a><\/div><div class=\"doc\"><a href=\"https:\/\/www.visitokc.com\/articles\/post\/new-grants-partnership-aid-okc-zoos-sustainability-goals\/\" target=\"_blank\">Objetivos de sostenibilidad del zoo de OKC<\/a><\/div><div class=\"doc\"><a href=\"https:\/\/climatetoolkit.org\/es\/plastics-reduction-a-resource-guide\/\" target=\"_blank\">Reducci\u00f3n de pl\u00e1sticos: Gu\u00eda de recursos<\/a><\/div><div class=\"doc\"><a href=\"https:\/\/longwoodgardens.org\/sustainability\/recycling-and-composting\" target=\"_blank\">Recycling and Composting<\/a><\/div><div class=\"doc\"><a href=\"https:\/\/www.akronzoo.org\/sustainability\" target=\"_blank\">Sostenibilidad<\/a><\/div><div class=\"doc\"><a href=\"https:\/\/www.sheddaquarium.org\/stories\/sustainability-at-shedd\" target=\"_blank\">Sostenibilidad en el Shedd<\/a><\/div><div class=\"doc\"><a href=\"https:\/\/www.trlibrary.com\/project\/sustainability\" target=\"_blank\">Sustainability Vision<\/a><\/div><div class=\"doc\"><a href=\"https:\/\/climatetoolkit.org\/es\/the-climate-toolkit-webinar-5-single-use-plastics-reduction-measures-advocacy-and-public-outreach\/\" target=\"_blank\">Kit de herramientas sobre el clima Seminario web 5: Pl\u00e1sticos de un solo uso: Medidas de reducci\u00f3n, promoci\u00f3n y divulgaci\u00f3n p\u00fablica<\/a><\/div><div class=\"doc\"><a href=\"https:\/\/www.henryvilaszoo.gov\/conservation\/\" target=\"_blank\">Walking the Talk of Sustainability<\/a><\/div><div class=\"doc\"><a href=\"https:\/\/climatetoolkit.org\/es\/waste-management-at-coastal-maine-botanic-gardens\/\" target=\"_blank\">Gesti\u00f3n de residuos en los jardines bot\u00e1nicos de la costa de Maine<\/a><\/div><div class=\"doc\"><a href=\"http:\/\/climatetoolkit.org\/wp-content\/uploads\/2019\/10\/Waste-Not.pdf\" target=\"_blank\">No desperdiciar: Eliminaci\u00f3n responsable de todos los residuos alimentarios y de casi todos los productos de restauraci\u00f3n<\/a><\/div><\/div><\/div><div class=\"resource-columns\"><div class=\"resource-image\"><img decoding=\"async\" src=\"https:\/\/climatetoolkit.org\/wp-content\/uploads\/2021\/07\/flower-250x250.png\" alt=\"\" \/><\/div><div ><h2 class=\"category-header\">Paisajismo y horticultura<\/h2><div class=\"doc\"><a href=\"https:\/\/climatetoolkit.org\/es\/an-introduction-to-the-benefits-of-trees-at-morton-arboretum\/\" target=\"_blank\">Introducci\u00f3n a los beneficios de los \u00e1rboles en el Arboreto Morton<\/a><\/div><div class=\"doc\"><a href=\"https:\/\/www.gardenista.com\/posts\/ask-expert-longue-vues-simeon-benjamin-integrated-pest-management\/\" target=\"_blank\">Pregunte a un experto: C\u00f3mo controlar las plagas y las malas hierbas de forma natural<\/a><\/div><div class=\"doc\"><a href=\"https:\/\/www.youtube.com\/watch?v=uj6NSEVe8rw\" target=\"_blank\">Kit de herramientas sobre el clima Seminario web 6: \"Gesti\u00f3n integrada de plagas, en interiores y exteriores\"<\/a><\/div><div class=\"doc\"><a href=\"https:\/\/climatetoolkit.org\/es\/climate-toolkit-webinar-sustainable-landcare-and-ecological-outreach\/\" target=\"_blank\">Seminario web sobre herramientas clim\u00e1ticas: Cuidado sostenible de la tierra y divulgaci\u00f3n ecol\u00f3gica<\/a><\/div><div class=\"doc\"><a href=\"https:\/\/climatetoolkit.org\/es\/electric-horticulture-equipment-what-were-using\/\" target=\"_blank\">Equipos el\u00e9ctricos de horticultura: Qu\u00e9 utilizamos<\/a><\/div><div class=\"doc\"><a href=\"https:\/\/www.botaniska.se\/om-botaniska\/miljoarbete\/\" target=\"_blank\">Trabajo medioambiental<\/a><\/div><div class=\"doc\"><a href=\"https:\/\/holdenfg.org\/blog\/how-nonnative-plants-respond-to-climate-change-holden-arboretum-researchers-report\/\" target=\"_blank\">How Nonnative Plants Respond to Climate Change<\/a><\/div><div class=\"doc\"><a href=\"https:\/\/climatetoolkit.org\/es\/how-to-reduce-pesticide-use\/\" target=\"_blank\">C\u00f3mo reducir el uso de pesticidas<\/a><\/div><div class=\"doc\"><a href=\"https:\/\/climatetoolkit.org\/wp-content\/uploads\/2022\/04\/Pesticide-Checklist-1.pdf\" target=\"_blank\">Lista de control de la gesti\u00f3n integrada de plagas (GIP)<\/a><\/div><div class=\"doc\"><a href=\"https:\/\/longwoodgardens.org\/sustainability\/land-stewardship-management\" target=\"_blank\">Land Stewardship &#038; Ecology<\/a><\/div><div class=\"doc\"><a href=\"https:\/\/sustainablecampus.cornell.edu\/campus-initiatives\/land-water\/sustainable-landscapes-trail\/botanic-gardens-native-lawn\" target=\"_blank\">Demostraci\u00f3n de c\u00e9sped aut\u00f3ctono - Jard\u00edn Bot\u00e1nico de Cornell<\/a><\/div><div class=\"doc\"><a href=\"https:\/\/climatetoolkit.org\/es\/nature-positive-carbon-negative-an-interview-with-duke-farms\/\" target=\"_blank\">Naturaleza positiva, carbono negativo: Entrevista con Duke Farms<\/a><\/div><div class=\"doc\"><a href=\"https:\/\/climatetoolkit.org\/es\/reducing-your-pesticide-and-fertilizer-use-with-integrated-pest-management\/\" target=\"_blank\">Reducir el uso de plaguicidas y fertilizantes con la gesti\u00f3n integrada de plagas<\/a><\/div><div class=\"doc\"><a href=\"https:\/\/www.cutter.com\/article\/nature-positive-carbon-negative-reimagining-role-campuses-peri-urban-communities\" target=\"_blank\">Reimaginar el papel de los campus y las comunidades periurbanas<\/a><\/div><\/div><\/div><div class=\"resource-columns\"><div class=\"resource-image\"><img decoding=\"async\" src=\"https:\/\/climatetoolkit.org\/wp-content\/uploads\/2021\/07\/investing-250x250.png\" alt=\"\" \/><\/div><div ><h2 class=\"category-header\">Inversiones<\/h2><div class=\"doc\"><a href=\"https:\/\/climatetoolkit.org\/es\/climate-toolkit-webinar-divesting-from-fossil-fuels-and-responsible-investing\/\" target=\"_blank\">Seminario web sobre el clima: Desinversi\u00f3n en combustibles f\u00f3siles e inversi\u00f3n responsable<\/a><\/div><div class=\"doc\"><a href=\"http:\/\/climatetoolkit.org\/wp-content\/uploads\/2020\/01\/Sustainable-Investing-1.pdf\" target=\"_blank\">Inversi\u00f3n sostenible: Gu\u00eda pr\u00e1ctica para museos (Alianza Americana de Museos)<\/a><\/div><\/div><\/div><div class=\"resource-columns\"><div class=\"resource-image\"><img decoding=\"async\" src=\"https:\/\/climatetoolkit.org\/wp-content\/uploads\/2021\/07\/network-250x250.png\" alt=\"\" \/><\/div><div ><h2 class=\"category-header\">Compromiso<\/h2><div class=\"doc\"><a href=\"http:\/\/climatetoolkit.org\/wp-content\/uploads\/2019\/09\/Converting_to_Green_Energy.pdf\" target=\"_blank\">Todos ganan: Conseguir que los hu\u00e9spedes se pasen a las energ\u00edas renovables para abastecer sus hogares.<\/a><\/div><div class=\"doc\"><a href=\"https:\/\/www.climate-heroes.org\/\" target=\"_blank\">H\u00e9roes de la acci\u00f3n por el clima<\/a><\/div><div class=\"doc\"><a href=\"http:\/\/climatetoolkit.org\/wp-content\/uploads\/2019\/10\/Climate-Action.pdf\" target=\"_blank\">Acci\u00f3n por el clima: Ha llegado el momento<\/a><\/div><div class=\"doc\"><a href=\"https:\/\/www.climatecafe.eco\/\" target=\"_blank\">Climate Cafe NYC<\/a><\/div><div class=\"doc\"><a href=\"https:\/\/cornellbotanicgardens.org\/explore\/gardens\/climate-change-demonstration-garden\/\" target=\"_blank\">Jard\u00edn demostrativo del cambio clim\u00e1tico<\/a><\/div><div class=\"doc\"><a href=\"https:\/\/www.wildcenter.org\/our-work\/youth-climate-program\/resources\/\" target=\"_blank\">Recursos educativos sobre el clima<\/a><\/div><div class=\"doc\"><a href=\"https:\/\/www.climateimaginarium.org\/\" target=\"_blank\">Imaginario clim\u00e1tico<\/a><\/div><div class=\"doc\"><a href=\"https:\/\/www.amnh.org\/exhibitions\/permanent\/climate-learning-lab\" target=\"_blank\">Laboratorio de aprendizaje sobre el clima<\/a><\/div><div class=\"doc\"><a href=\"https:\/\/www.amnh.org\/calendar\/climatefest\" target=\"_blank\">ClimateFest<\/a><\/div><div class=\"doc\"><a href=\"http:\/\/climatetoolkit.org\/wp-content\/uploads\/2019\/10\/Impact-of-Food-Choices.pdf\" target=\"_blank\">Opciones alimentarias: Muerde el cambio clim\u00e1tico<\/a><\/div><div class=\"doc\"><a href=\"http:\/\/climatetoolkit.org\/wp-content\/uploads\/2019\/10\/Growing-Organic.pdf\" target=\"_blank\">Cultivar ecol\u00f3gicamente: Alimentos buenos para ti y para el planeta<\/a><\/div><div class=\"doc\"><a href=\"https:\/\/climatetoolkit.org\/es\/nature-positive-carbon-negative-an-interview-with-duke-farms\/\" target=\"_blank\">Naturaleza positiva, carbono negativo: Entrevista con Duke Farms<\/a><\/div><div class=\"doc\"><a href=\"http:\/\/climatetoolkit.org\/wp-content\/uploads\/2019\/10\/Sustainable-Horticulture.pdf\" target=\"_blank\">Horticultura sostenible: Las plantas adecuadas, los lugares adecuados, las pr\u00e1cticas adecuadas<\/a><\/div><div class=\"doc\"><a href=\"https:\/\/climatetoolkit.org\/es\/to-engage-employees-on-climate-action-hillwood-brings-the-heat\/\" target=\"_blank\">Para implicar a los empleados en la lucha contra el cambio clim\u00e1tico, Hillwood trae el CALOR<\/a><\/div><div class=\"doc\"><a href=\"https:\/\/climatetoolkit.org\/es\/watch-the-climate-toolkit-webinar-climate-communication\/\" target=\"_blank\">Vea el seminario web sobre el clima: Comunicaci\u00f3n sobre el clima: c\u00f3mo hablar del cambio clim\u00e1tico con las partes interesadas<\/a><\/div><\/div><\/div><div class=\"resource-columns\"><div class=\"resource-image\"><img decoding=\"async\" src=\"https:\/\/climatetoolkit.org\/wp-content\/uploads\/2021\/07\/magnifying-glass-250x250.png\" alt=\"\" \/><\/div><div ><h2 class=\"category-header\">Investigaci\u00f3n<\/h2><div class=\"doc\"><a href=\"https:\/\/climatetoolkit.org\/es\/biochar-research-at-morton-arboretum\/\" target=\"_blank\">Investigaci\u00f3n sobre biocarb\u00f3n en el Arboreto Morton<\/a><\/div><div class=\"doc\"><a href=\"https:\/\/holdenfg.org\/blog\/how-nonnative-plants-respond-to-climate-change-holden-arboretum-researchers-report\/\" target=\"_blank\">How Nonnative Plants Respond to Climate Change<\/a><\/div><div class=\"doc\"><a href=\"https:\/\/climatetoolkit.org\/es\/nature-positive-carbon-negative-an-interview-with-duke-farms\/\" target=\"_blank\">Naturaleza positiva, carbono negativo: Entrevista con Duke Farms<\/a><\/div><div class=\"doc\"><a href=\"https:\/\/www.cutter.com\/article\/nature-positive-carbon-negative-reimagining-role-campuses-peri-urban-communities\" target=\"_blank\">Reimaginar el papel de los campus y las comunidades periurbanas<\/a><\/div><div class=\"doc\"><a href=\"https:\/\/climatetoolkit.org\/es\/sea-level-rise-initiative\/\" target=\"_blank\">Iniciativa sobre el aumento del nivel del mar<\/a><\/div><div class=\"doc\"><a href=\"https:\/\/www.botaniska.se\/om-botaniska\/miljoarbete\/vader-och-klimat\/\" target=\"_blank\">Tiempo y clima<\/a><\/div><\/div><\/div><\/div><\/div>","protected":false},"excerpt":{"rendered":"<p>Biblioteca de recursos<\/p>","protected":false},"author":1,"featured_media":0,"parent":0,"menu_order":0,"comment_status":"closed","ping_status":"closed","template":"","meta":{"_acf_changed":false,"inline_featured_image":false,"advgb_blocks_editor_width":"","advgb_blocks_columns_visual_guide":"","footnotes":""},"class_list":["post-2064","page","type-page","status-publish","hentry"],"acf":[],"yoast_head":"<!-- This site is optimized with the Yoast SEO plugin v27.4 - https:\/\/yoast.com\/product\/yoast-seo-wordpress\/ -->\n<title>Resource Library - The Climate Toolkit<\/title>\n<meta name=\"robots\" content=\"index, follow, max-snippet:-1, max-image-preview:large, max-video-preview:-1\" \/>\n<link rel=\"canonical\" href=\"https:\/\/climatetoolkit.org\/es\/resource-library\/\" \/>\n<meta property=\"og:locale\" content=\"es_ES\" \/>\n<meta property=\"og:type\" content=\"article\" \/>\n<meta property=\"og:title\" content=\"Resource Library - The Climate Toolkit\" \/>\n<meta property=\"og:description\" content=\"Resource Library\" \/>\n<meta property=\"og:url\" content=\"https:\/\/climatetoolkit.org\/es\/resource-library\/\" \/>\n<meta property=\"og:site_name\" content=\"The Climate Toolkit\" \/>\n<meta property=\"article:modified_time\" content=\"2023-03-24T13:41:12+00:00\" \/>\n<meta name=\"twitter:card\" content=\"summary_large_image\" \/>\n<meta name=\"twitter:label1\" content=\"Tiempo de lectura\" \/>\n\t<meta name=\"twitter:data1\" content=\"1 minuto\" \/>\n<script type=\"application\/ld+json\" class=\"yoast-schema-graph\">{\"@context\":\"https:\\\/\\\/schema.org\",\"@graph\":[{\"@type\":\"WebPage\",\"@id\":\"https:\\\/\\\/climatetoolkit.org\\\/resource-library\\\/\",\"url\":\"https:\\\/\\\/climatetoolkit.org\\\/resource-library\\\/\",\"name\":\"Resource Library - The Climate Toolkit\",\"isPartOf\":{\"@id\":\"https:\\\/\\\/climatetoolkit.org\\\/#website\"},\"datePublished\":\"2023-03-24T13:39:39+00:00\",\"dateModified\":\"2023-03-24T13:41:12+00:00\",\"breadcrumb\":{\"@id\":\"https:\\\/\\\/climatetoolkit.org\\\/resource-library\\\/#breadcrumb\"},\"inLanguage\":\"es\",\"potentialAction\":[{\"@type\":\"ReadAction\",\"target\":[\"https:\\\/\\\/climatetoolkit.org\\\/resource-library\\\/\"]}]},{\"@type\":\"BreadcrumbList\",\"@id\":\"https:\\\/\\\/climatetoolkit.org\\\/resource-library\\\/#breadcrumb\",\"itemListElement\":[{\"@type\":\"ListItem\",\"position\":1,\"name\":\"Home\",\"item\":\"https:\\\/\\\/climatetoolkit.org\\\/\"},{\"@type\":\"ListItem\",\"position\":2,\"name\":\"Resource Library\"}]},{\"@type\":\"WebSite\",\"@id\":\"https:\\\/\\\/climatetoolkit.org\\\/#website\",\"url\":\"https:\\\/\\\/climatetoolkit.org\\\/\",\"name\":\"The Climate Toolkit\",\"description\":\"For Museums, Gardens and Zoos\",\"publisher\":{\"@id\":\"https:\\\/\\\/climatetoolkit.org\\\/#organization\"},\"potentialAction\":[{\"@type\":\"SearchAction\",\"target\":{\"@type\":\"EntryPoint\",\"urlTemplate\":\"https:\\\/\\\/climatetoolkit.org\\\/?s={search_term_string}\"},\"query-input\":{\"@type\":\"PropertyValueSpecification\",\"valueRequired\":true,\"valueName\":\"search_term_string\"}}],\"inLanguage\":\"es\"},{\"@type\":\"Organization\",\"@id\":\"https:\\\/\\\/climatetoolkit.org\\\/#organization\",\"name\":\"The Climate Toolkit\",\"url\":\"https:\\\/\\\/climatetoolkit.org\\\/\",\"logo\":{\"@type\":\"ImageObject\",\"inLanguage\":\"es\",\"@id\":\"https:\\\/\\\/climatetoolkit.org\\\/#\\\/schema\\\/logo\\\/image\\\/\",\"url\":\"https:\\\/\\\/climatetoolkit.org\\\/wp-content\\\/uploads\\\/2020\\\/05\\\/C_logo.png\",\"contentUrl\":\"https:\\\/\\\/climatetoolkit.org\\\/wp-content\\\/uploads\\\/2020\\\/05\\\/C_logo.png\",\"width\":512,\"height\":512,\"caption\":\"The Climate Toolkit\"},\"image\":{\"@id\":\"https:\\\/\\\/climatetoolkit.org\\\/#\\\/schema\\\/logo\\\/image\\\/\"}}]}<\/script>\n<!-- \/ Yoast SEO plugin. -->","yoast_head_json":{"title":"Resource Library - The Climate Toolkit","robots":{"index":"index","follow":"follow","max-snippet":"max-snippet:-1","max-image-preview":"max-image-preview:large","max-video-preview":"max-video-preview:-1"},"canonical":"https:\/\/climatetoolkit.org\/es\/resource-library\/","og_locale":"es_ES","og_type":"article","og_title":"Resource Library - The Climate Toolkit","og_description":"Resource Library","og_url":"https:\/\/climatetoolkit.org\/es\/resource-library\/","og_site_name":"The Climate Toolkit","article_modified_time":"2023-03-24T13:41:12+00:00","twitter_card":"summary_large_image","twitter_misc":{"Tiempo de lectura":"1 minuto"},"schema":{"@context":"https:\/\/schema.org","@graph":[{"@type":"WebPage","@id":"https:\/\/climatetoolkit.org\/resource-library\/","url":"https:\/\/climatetoolkit.org\/resource-library\/","name":"Resource Library - The Climate Toolkit","isPartOf":{"@id":"https:\/\/climatetoolkit.org\/#website"},"datePublished":"2023-03-24T13:39:39+00:00","dateModified":"2023-03-24T13:41:12+00:00","breadcrumb":{"@id":"https:\/\/climatetoolkit.org\/resource-library\/#breadcrumb"},"inLanguage":"es","potentialAction":[{"@type":"ReadAction","target":["https:\/\/climatetoolkit.org\/resource-library\/"]}]},{"@type":"BreadcrumbList","@id":"https:\/\/climatetoolkit.org\/resource-library\/#breadcrumb","itemListElement":[{"@type":"ListItem","position":1,"name":"Home","item":"https:\/\/climatetoolkit.org\/"},{"@type":"ListItem","position":2,"name":"Resource Library"}]},{"@type":"WebSite","@id":"https:\/\/climatetoolkit.org\/#website","url":"https:\/\/climatetoolkit.org\/","name":"Herramientas para el clima","description":"Para museos, jardines y zool\u00f3gicos","publisher":{"@id":"https:\/\/climatetoolkit.org\/#organization"},"potentialAction":[{"@type":"SearchAction","target":{"@type":"EntryPoint","urlTemplate":"https:\/\/climatetoolkit.org\/?s={search_term_string}"},"query-input":{"@type":"PropertyValueSpecification","valueRequired":true,"valueName":"search_term_string"}}],"inLanguage":"es"},{"@type":"Organization","@id":"https:\/\/climatetoolkit.org\/#organization","name":"Herramientas para el clima","url":"https:\/\/climatetoolkit.org\/","logo":{"@type":"ImageObject","inLanguage":"es","@id":"https:\/\/climatetoolkit.org\/#\/schema\/logo\/image\/","url":"https:\/\/climatetoolkit.org\/wp-content\/uploads\/2020\/05\/C_logo.png","contentUrl":"https:\/\/climatetoolkit.org\/wp-content\/uploads\/2020\/05\/C_logo.png","width":512,"height":512,"caption":"The Climate Toolkit"},"image":{"@id":"https:\/\/climatetoolkit.org\/#\/schema\/logo\/image\/"}}]}},"coauthors":[],"author_meta":{"author_link":"https:\/\/climatetoolkit.org\/es\/author\/webmaster\/","display_name":"Web Master"},"relative_dates":{"created":"Publicado 3 a\u00f1os hace","modified":"Actualizado 3 a\u00f1os hace"},"absolute_dates":{"created":"Publicado el marzo 24, 2023","modified":"Actualizado el marzo 24, 2023"},"absolute_dates_time":{"created":"Publicado el marzo 24, 2023 9:39 am","modified":"Actualizado el marzo 24, 2023 9:41 am"},"featured_img_caption":"","featured_img":false,"series_order":"","_links":{"self":[{"href":"https:\/\/climatetoolkit.org\/es\/wp-json\/wp\/v2\/pages\/2064","targetHints":{"allow":["GET"]}}],"collection":[{"href":"https:\/\/climatetoolkit.org\/es\/wp-json\/wp\/v2\/pages"}],"about":[{"href":"https:\/\/climatetoolkit.org\/es\/wp-json\/wp\/v2\/types\/page"}],"author":[{"embeddable":true,"href":"https:\/\/climatetoolkit.org\/es\/wp-json\/wp\/v2\/users\/1"}],"replies":[{"embeddable":true,"href":"https:\/\/climatetoolkit.org\/es\/wp-json\/wp\/v2\/comments?post=2064"}],"version-history":[{"count":0,"href":"https:\/\/climatetoolkit.org\/es\/wp-json\/wp\/v2\/pages\/2064\/revisions"}],"wp:attachment":[{"href":"https:\/\/climatetoolkit.org\/es\/wp-json\/wp\/v2\/media?parent=2064"}],"curies":[{"name":"wp","href":"https:\/\/api.w.org\/{rel}","templated":true}]}}