{"id":1495,"date":"2022-03-03T14:16:05","date_gmt":"2022-03-03T19:16:05","guid":{"rendered":"https:\/\/climatetoolkit.org\/?page_id=1495"},"modified":"2026-03-13T14:44:52","modified_gmt":"2026-03-13T18:44:52","slug":"welcome-to-the-climate-toolkit","status":"publish","type":"page","link":"https:\/\/climatetoolkit.org\/es\/welcome-to-the-climate-toolkit\/","title":{"rendered":"Bienvenido a la Gu\u00eda pr\u00e1ctica sobre el clima"},"content":{"rendered":"<h1 align=\"center\">Welcome to The Climate Toolkit<\/h1>\n\n\n<div class=\"wp-block-image\">\n<figure class=\"alignright size-large is-resized advgb-dyn-da175106\"><img decoding=\"async\" width=\"1024\" height=\"682\" src=\"https:\/\/climatetoolkit.org\/wp-content\/uploads\/2022\/02\/Richard-Headshot-1024x682.jpeg\" alt=\"\" class=\"wp-image-1496\" style=\"width:397px;height:265px\" srcset=\"https:\/\/climatetoolkit.org\/wp-content\/uploads\/2022\/02\/Richard-Headshot-1024x682.jpeg 1024w, https:\/\/climatetoolkit.org\/wp-content\/uploads\/2022\/02\/Richard-Headshot-300x200.jpeg 300w, https:\/\/climatetoolkit.org\/wp-content\/uploads\/2022\/02\/Richard-Headshot-768x512.jpeg 768w, https:\/\/climatetoolkit.org\/wp-content\/uploads\/2022\/02\/Richard-Headshot-100x67.jpeg 100w, https:\/\/climatetoolkit.org\/wp-content\/uploads\/2022\/02\/Richard-Headshot-150x100.jpeg 150w, https:\/\/climatetoolkit.org\/wp-content\/uploads\/2022\/02\/Richard-Headshot-200x133.jpeg 200w, https:\/\/climatetoolkit.org\/wp-content\/uploads\/2022\/02\/Richard-Headshot-450x300.jpeg 450w, https:\/\/climatetoolkit.org\/wp-content\/uploads\/2022\/02\/Richard-Headshot-600x400.jpeg 600w, https:\/\/climatetoolkit.org\/wp-content\/uploads\/2022\/02\/Richard-Headshot-900x600.jpeg 900w, https:\/\/climatetoolkit.org\/wp-content\/uploads\/2022\/02\/Richard-Headshot.jpeg 1280w\" sizes=\"(max-width: 1024px) 100vw, 1024px\" \/><\/figure>\n<\/div>\n\n\n<p>Estimados visitantes de la Gu\u00eda pr\u00e1ctica sobre el clima, <\/p>\n\n\n\n<p>It wasn\u2019t long ago that many of us in the world of cultural institutions felt that if our mission didn\u2019t explicitly state that we should be concerned with the environment and climate change, we were off the hook \u2014 to attend to these concerns was a form of \u201cmission creep,\u201d and environmental initiatives were best led by environmental causes. But times have changed, and they have changed rapidly: science tells us that climate change is real, advancing at an alarming rate and that it will affect everyone and everything on the planet. Today, the trust that we have established in the communities we serve and our decades of commitment to the exploration of science, history, art, and nature compel us to not only address these issues but to emerge as the leaders of change in our regions and beyond. Each and every one of us must do all we can as quickly as we can.<\/p>\n\n\n\n<p>La causa fundamental del cambio clim\u00e1tico son los estilos de vida que llevamos y la forma en que pensamos sobre nuestra relaci\u00f3n con el mundo.  La Caja de Herramientas se cre\u00f3 para abordar los problemas del estilo de vida y animarnos a ver el mundo desde un punto de vista regenerativo. Reconocemos que cada organizaci\u00f3n, comunidad y bio-regi\u00f3n es \u00fanica y que cada uno de nosotros tendr\u00e1 que priorizar las \u00e1reas que son m\u00e1s importantes para nuestra situaci\u00f3n a medida que desarrollamos la capacidad en nosotros mismos y en nuestras comunidades para pasar a la acci\u00f3n. Hemos creado indicadores sugeridos en varias \u00e1reas clave para empezar, y a medida que avance en este viaje, esperamos que vaya m\u00e1s all\u00e1 de estas sugerencias para encontrar nuevos puntos de intervenci\u00f3n en los que pueda tener el mayor impacto.<\/p>\n\n\n\n<p>Una de las principales ventajas de esta herramienta es que ha sido dise\u00f1ada para permitir a las organizaciones compartir lo que est\u00e1n haciendo, facilitar la tutor\u00eda y servir de oportunidad para aprender nuevas formas de abordar el cambio clim\u00e1tico.<\/p>\n\n\n\n<p>En muchos a\u00f1os de encabezar iniciativas de sostenibilidad en Phipps, hemos comprobado que no podemos paliar el cambio clim\u00e1tico con la acci\u00f3n de una sola instituci\u00f3n o un solo individuo.&nbsp;<strong>Tenemos que trabajar juntos.<\/strong>&nbsp;Nuestros departamentos de educaci\u00f3n, instalaciones, sostenibilidad, marketing, horticultura, colecciones y otros han sido esenciales para ayudar a establecer pr\u00e1cticas y seguir trabajando para hacer frente al cambio clim\u00e1tico sin dejar de ser activos en nuestra comunidad. Si las instituciones p\u00fablicas y sus profesionales trabajan juntos de forma colectiva, podemos compartir informaci\u00f3n valiosa y modelos de \u00e9xito, ayudarnos a responder a las preguntas de los dem\u00e1s, implicar a nuestras comunidades y apoyarnos mutuamente en nuestros viajes hacia la sostenibilidad.<\/p>\n\n\n\n<p>T\u00f3mese su tiempo para leer algunos de nuestros <a href=\"https:\/\/climatetoolkit.org\/es\/blog\/\">art\u00edculos educativos<\/a>Vea algunos de nuestros <a href=\"https:\/\/climatetoolkit.org\/es\/webinars\/\">seminarios web<\/a>e inscr\u00edbete en nuestro <a href=\"https:\/\/climatetoolkit.org\/es\/newsletter\/\">bolet\u00edn<\/a>\u00a1! Estamos deseando seguir conectando, y no hay l\u00edmite para lo que podemos lograr juntos.<\/p>\n\n\n\n<p>Atentamente,<\/p>\n\n\n\n<figure class=\"wp-block-image is-resized\"><img decoding=\"async\" src=\"https:\/\/www.phipps.conservatory.org\/assets\/images\/as_art_image\/rvpsig.png\" alt=\"\" style=\"width:163px;height:50px\"\/><\/figure>\n\n\n\n<p><strong>Richard V. Piacentini<\/strong><br>Presidente y Consejero Delegado <br>Conservatorio y Jard\u00edn Bot\u00e1nico Phipps<\/p>","protected":false},"excerpt":{"rendered":"<p>Welcome to The Climate Toolkit Dear Climate Toolkit Visitors, It wasn\u2019t long ago that many of us in the world of cultural institutions felt that if our mission didn\u2019t explicitly state that we should be concerned with the environment and &hellip;<\/p>\n<p class=\"read-more\"> <a class=\"\" href=\"https:\/\/climatetoolkit.org\/es\/welcome-to-the-climate-toolkit\/\"> <span class=\"screen-reader-text\">Bienvenido a la Gu\u00eda pr\u00e1ctica sobre el clima<\/span> Leer m\u00e1s \"<\/a><\/p>","protected":false},"author":2,"featured_media":0,"parent":0,"menu_order":0,"comment_status":"closed","ping_status":"closed","template":"","meta":{"_acf_changed":false,"inline_featured_image":false,"advgb_blocks_editor_width":"","advgb_blocks_columns_visual_guide":"","footnotes":""},"class_list":["post-1495","page","type-page","status-publish","hentry"],"acf":[],"yoast_head":"<!-- This site is optimized with the Yoast SEO plugin v27.3 - https:\/\/yoast.com\/product\/yoast-seo-wordpress\/ -->\n<title>Welcome to the Climate Toolkit - The Climate Toolkit<\/title>\n<meta name=\"robots\" content=\"index, follow, max-snippet:-1, max-image-preview:large, max-video-preview:-1\" \/>\n<link rel=\"canonical\" href=\"https:\/\/climatetoolkit.org\/es\/welcome-to-the-climate-toolkit\/\" \/>\n<meta property=\"og:locale\" content=\"es_ES\" \/>\n<meta property=\"og:type\" content=\"article\" \/>\n<meta property=\"og:title\" content=\"Welcome to the Climate Toolkit - The Climate Toolkit\" \/>\n<meta property=\"og:description\" content=\"Welcome to The Climate Toolkit Dear Climate Toolkit Visitors, It wasn\u2019t long ago that many of us in the world of cultural institutions felt that if our mission didn\u2019t explicitly state that we should be concerned with the environment and &hellip; Welcome to the Climate Toolkit Leer m\u00e1s \u00bb\" \/>\n<meta property=\"og:url\" content=\"https:\/\/climatetoolkit.org\/es\/welcome-to-the-climate-toolkit\/\" \/>\n<meta property=\"og:site_name\" content=\"The Climate Toolkit\" \/>\n<meta property=\"article:modified_time\" content=\"2026-03-13T18:44:52+00:00\" \/>\n<meta property=\"og:image\" content=\"https:\/\/climatetoolkit.org\/wp-content\/uploads\/2022\/02\/Richard-Headshot.jpeg\" \/>\n\t<meta property=\"og:image:width\" content=\"1280\" \/>\n\t<meta property=\"og:image:height\" content=\"853\" \/>\n\t<meta property=\"og:image:type\" content=\"image\/jpeg\" \/>\n<meta name=\"twitter:card\" content=\"summary_large_image\" \/>\n<meta name=\"twitter:label1\" content=\"Tiempo de lectura\" \/>\n\t<meta name=\"twitter:data1\" content=\"3 minutos\" \/>\n<script type=\"application\/ld+json\" class=\"yoast-schema-graph\">{\"@context\":\"https:\\\/\\\/schema.org\",\"@graph\":[{\"@type\":\"WebPage\",\"@id\":\"https:\\\/\\\/climatetoolkit.org\\\/welcome-to-the-climate-toolkit\\\/\",\"url\":\"https:\\\/\\\/climatetoolkit.org\\\/welcome-to-the-climate-toolkit\\\/\",\"name\":\"Welcome to the Climate Toolkit - The Climate Toolkit\",\"isPartOf\":{\"@id\":\"https:\\\/\\\/climatetoolkit.org\\\/#website\"},\"primaryImageOfPage\":{\"@id\":\"https:\\\/\\\/climatetoolkit.org\\\/welcome-to-the-climate-toolkit\\\/#primaryimage\"},\"image\":{\"@id\":\"https:\\\/\\\/climatetoolkit.org\\\/welcome-to-the-climate-toolkit\\\/#primaryimage\"},\"thumbnailUrl\":\"https:\\\/\\\/climatetoolkit.org\\\/wp-content\\\/uploads\\\/2022\\\/02\\\/Richard-Headshot-1024x682.jpeg\",\"datePublished\":\"2022-03-03T19:16:05+00:00\",\"dateModified\":\"2026-03-13T18:44:52+00:00\",\"breadcrumb\":{\"@id\":\"https:\\\/\\\/climatetoolkit.org\\\/welcome-to-the-climate-toolkit\\\/#breadcrumb\"},\"inLanguage\":\"es\",\"potentialAction\":[{\"@type\":\"ReadAction\",\"target\":[\"https:\\\/\\\/climatetoolkit.org\\\/welcome-to-the-climate-toolkit\\\/\"]}]},{\"@type\":\"ImageObject\",\"inLanguage\":\"es\",\"@id\":\"https:\\\/\\\/climatetoolkit.org\\\/welcome-to-the-climate-toolkit\\\/#primaryimage\",\"url\":\"https:\\\/\\\/climatetoolkit.org\\\/wp-content\\\/uploads\\\/2022\\\/02\\\/Richard-Headshot-1024x682.jpeg\",\"contentUrl\":\"https:\\\/\\\/climatetoolkit.org\\\/wp-content\\\/uploads\\\/2022\\\/02\\\/Richard-Headshot-1024x682.jpeg\"},{\"@type\":\"BreadcrumbList\",\"@id\":\"https:\\\/\\\/climatetoolkit.org\\\/welcome-to-the-climate-toolkit\\\/#breadcrumb\",\"itemListElement\":[{\"@type\":\"ListItem\",\"position\":1,\"name\":\"Home\",\"item\":\"https:\\\/\\\/climatetoolkit.org\\\/\"},{\"@type\":\"ListItem\",\"position\":2,\"name\":\"Welcome to the Climate Toolkit\"}]},{\"@type\":\"WebSite\",\"@id\":\"https:\\\/\\\/climatetoolkit.org\\\/#website\",\"url\":\"https:\\\/\\\/climatetoolkit.org\\\/\",\"name\":\"The Climate Toolkit\",\"description\":\"For Museums, Gardens and Zoos\",\"publisher\":{\"@id\":\"https:\\\/\\\/climatetoolkit.org\\\/#organization\"},\"potentialAction\":[{\"@type\":\"SearchAction\",\"target\":{\"@type\":\"EntryPoint\",\"urlTemplate\":\"https:\\\/\\\/climatetoolkit.org\\\/?s={search_term_string}\"},\"query-input\":{\"@type\":\"PropertyValueSpecification\",\"valueRequired\":true,\"valueName\":\"search_term_string\"}}],\"inLanguage\":\"es\"},{\"@type\":\"Organization\",\"@id\":\"https:\\\/\\\/climatetoolkit.org\\\/#organization\",\"name\":\"The Climate Toolkit\",\"url\":\"https:\\\/\\\/climatetoolkit.org\\\/\",\"logo\":{\"@type\":\"ImageObject\",\"inLanguage\":\"es\",\"@id\":\"https:\\\/\\\/climatetoolkit.org\\\/#\\\/schema\\\/logo\\\/image\\\/\",\"url\":\"https:\\\/\\\/climatetoolkit.org\\\/wp-content\\\/uploads\\\/2020\\\/05\\\/C_logo.png\",\"contentUrl\":\"https:\\\/\\\/climatetoolkit.org\\\/wp-content\\\/uploads\\\/2020\\\/05\\\/C_logo.png\",\"width\":512,\"height\":512,\"caption\":\"The Climate Toolkit\"},\"image\":{\"@id\":\"https:\\\/\\\/climatetoolkit.org\\\/#\\\/schema\\\/logo\\\/image\\\/\"}}]}<\/script>\n<!-- \/ Yoast SEO plugin. -->","yoast_head_json":{"title":"Welcome to the Climate Toolkit - The Climate Toolkit","robots":{"index":"index","follow":"follow","max-snippet":"max-snippet:-1","max-image-preview":"max-image-preview:large","max-video-preview":"max-video-preview:-1"},"canonical":"https:\/\/climatetoolkit.org\/es\/welcome-to-the-climate-toolkit\/","og_locale":"es_ES","og_type":"article","og_title":"Welcome to the Climate Toolkit - The Climate Toolkit","og_description":"Welcome to The Climate Toolkit Dear Climate Toolkit Visitors, It wasn\u2019t long ago that many of us in the world of cultural institutions felt that if our mission didn\u2019t explicitly state that we should be concerned with the environment and &hellip; Welcome to the Climate Toolkit Leer m\u00e1s \u00bb","og_url":"https:\/\/climatetoolkit.org\/es\/welcome-to-the-climate-toolkit\/","og_site_name":"The Climate Toolkit","article_modified_time":"2026-03-13T18:44:52+00:00","og_image":[{"width":1280,"height":853,"url":"https:\/\/climatetoolkit.org\/wp-content\/uploads\/2022\/02\/Richard-Headshot.jpeg","type":"image\/jpeg"}],"twitter_card":"summary_large_image","twitter_misc":{"Tiempo de lectura":"3 minutos"},"schema":{"@context":"https:\/\/schema.org","@graph":[{"@type":"WebPage","@id":"https:\/\/climatetoolkit.org\/welcome-to-the-climate-toolkit\/","url":"https:\/\/climatetoolkit.org\/welcome-to-the-climate-toolkit\/","name":"Welcome to the Climate Toolkit - The Climate Toolkit","isPartOf":{"@id":"https:\/\/climatetoolkit.org\/#website"},"primaryImageOfPage":{"@id":"https:\/\/climatetoolkit.org\/welcome-to-the-climate-toolkit\/#primaryimage"},"image":{"@id":"https:\/\/climatetoolkit.org\/welcome-to-the-climate-toolkit\/#primaryimage"},"thumbnailUrl":"https:\/\/climatetoolkit.org\/wp-content\/uploads\/2022\/02\/Richard-Headshot-1024x682.jpeg","datePublished":"2022-03-03T19:16:05+00:00","dateModified":"2026-03-13T18:44:52+00:00","breadcrumb":{"@id":"https:\/\/climatetoolkit.org\/welcome-to-the-climate-toolkit\/#breadcrumb"},"inLanguage":"es","potentialAction":[{"@type":"ReadAction","target":["https:\/\/climatetoolkit.org\/welcome-to-the-climate-toolkit\/"]}]},{"@type":"ImageObject","inLanguage":"es","@id":"https:\/\/climatetoolkit.org\/welcome-to-the-climate-toolkit\/#primaryimage","url":"https:\/\/climatetoolkit.org\/wp-content\/uploads\/2022\/02\/Richard-Headshot-1024x682.jpeg","contentUrl":"https:\/\/climatetoolkit.org\/wp-content\/uploads\/2022\/02\/Richard-Headshot-1024x682.jpeg"},{"@type":"BreadcrumbList","@id":"https:\/\/climatetoolkit.org\/welcome-to-the-climate-toolkit\/#breadcrumb","itemListElement":[{"@type":"ListItem","position":1,"name":"Home","item":"https:\/\/climatetoolkit.org\/"},{"@type":"ListItem","position":2,"name":"Welcome to the Climate Toolkit"}]},{"@type":"WebSite","@id":"https:\/\/climatetoolkit.org\/#website","url":"https:\/\/climatetoolkit.org\/","name":"Herramientas para el clima","description":"Para museos, jardines y zool\u00f3gicos","publisher":{"@id":"https:\/\/climatetoolkit.org\/#organization"},"potentialAction":[{"@type":"SearchAction","target":{"@type":"EntryPoint","urlTemplate":"https:\/\/climatetoolkit.org\/?s={search_term_string}"},"query-input":{"@type":"PropertyValueSpecification","valueRequired":true,"valueName":"search_term_string"}}],"inLanguage":"es"},{"@type":"Organization","@id":"https:\/\/climatetoolkit.org\/#organization","name":"Herramientas para el clima","url":"https:\/\/climatetoolkit.org\/","logo":{"@type":"ImageObject","inLanguage":"es","@id":"https:\/\/climatetoolkit.org\/#\/schema\/logo\/image\/","url":"https:\/\/climatetoolkit.org\/wp-content\/uploads\/2020\/05\/C_logo.png","contentUrl":"https:\/\/climatetoolkit.org\/wp-content\/uploads\/2020\/05\/C_logo.png","width":512,"height":512,"caption":"The Climate Toolkit"},"image":{"@id":"https:\/\/climatetoolkit.org\/#\/schema\/logo\/image\/"}}]}},"coauthors":[],"author_meta":{"author_link":"https:\/\/climatetoolkit.org\/es\/author\/joe\/","display_name":"joe reed"},"relative_dates":{"created":"Publicado 4 a\u00f1os hace","modified":"Actualizado 3 semanas hace"},"absolute_dates":{"created":"Publicado el marzo 3, 2022","modified":"Actualizado el marzo 13, 2026"},"absolute_dates_time":{"created":"Publicado el marzo 3, 2022 2:16 pm","modified":"Actualizado el marzo 13, 2026 2:44 pm"},"featured_img_caption":"","featured_img":false,"series_order":"","_links":{"self":[{"href":"https:\/\/climatetoolkit.org\/es\/wp-json\/wp\/v2\/pages\/1495","targetHints":{"allow":["GET"]}}],"collection":[{"href":"https:\/\/climatetoolkit.org\/es\/wp-json\/wp\/v2\/pages"}],"about":[{"href":"https:\/\/climatetoolkit.org\/es\/wp-json\/wp\/v2\/types\/page"}],"author":[{"embeddable":true,"href":"https:\/\/climatetoolkit.org\/es\/wp-json\/wp\/v2\/users\/2"}],"replies":[{"embeddable":true,"href":"https:\/\/climatetoolkit.org\/es\/wp-json\/wp\/v2\/comments?post=1495"}],"version-history":[{"count":2,"href":"https:\/\/climatetoolkit.org\/es\/wp-json\/wp\/v2\/pages\/1495\/revisions"}],"predecessor-version":[{"id":5586,"href":"https:\/\/climatetoolkit.org\/es\/wp-json\/wp\/v2\/pages\/1495\/revisions\/5586"}],"wp:attachment":[{"href":"https:\/\/climatetoolkit.org\/es\/wp-json\/wp\/v2\/media?parent=1495"}],"curies":[{"name":"wp","href":"https:\/\/api.w.org\/{rel}","templated":true}]}}