{"id":1260,"date":"2021-10-18T14:22:30","date_gmt":"2021-10-18T18:22:30","guid":{"rendered":"https:\/\/climatetoolkit.org\/?page_id=1260"},"modified":"2024-11-12T09:15:03","modified_gmt":"2024-11-12T14:15:03","slug":"newsletter","status":"publish","type":"page","link":"https:\/\/climatetoolkit.org\/es\/newsletter\/","title":{"rendered":"Suscr\u00edbase al bolet\u00edn y a la lista de distribuci\u00f3n de la Climate Toolkit"},"content":{"rendered":"<h2 class=\"wp-block-heading\">Suscr\u00edbase al bolet\u00edn y a la lista de distribuci\u00f3n de la Climate Toolkit<\/h2>\n\n\n\n<p>La Caja de Herramientas del Clima es una oportunidad de colaboraci\u00f3n para <strong>museos, jardines, zool\u00f3gicos, centros cient\u00edficos, centros de naturaleza, estaciones de campo<\/strong>\u00a0e instituciones afines que quieran aprender a\u00a0<strong>abordar en\u00e9rgicamente el cambio clim\u00e1tico<\/strong>\u00a0dentro de sus propias organizaciones e inspirar a las comunidades a las que sirven para que sigan su ejemplo. <strong>Suscr\u00edbase a nuestro bolet\u00edn mensual<\/strong> para estar al tanto de nuestros \u00faltimos recursos, eventos y dem\u00e1s informaci\u00f3n \u00fatil.<\/p>\n\n\n\n<div class=\"wp-block-group\"><div class=\"wp-block-group__inner-container is-layout-constrained wp-block-group-is-layout-constrained\">\n<div class=\"wp-block-buttons is-layout-flex wp-block-buttons-is-layout-flex\">\n<div class=\"wp-block-button\" style=\"font-style:normal;font-weight:700\"><a class=\"wp-block-button__link has-white-color has-luminous-vivid-amber-background-color has-text-color has-background has-link-color wp-element-button\" href=\"https:\/\/phippsconservatory.prospect2.com\/f\/11\" style=\"border-radius:4px\">Inscribirse<\/a><\/div>\n<\/div>\n<\/div><\/div>\n\n\n\n<p id=\"listserv\">Nos complace anunciar el <strong>Listserv de la Caja de Herramientas del Clima <\/strong>para permitir conversaciones m\u00e1s reducidas sobre el cambio clim\u00e1tico a trav\u00e9s del correo electr\u00f3nico. El Listserv est\u00e1 a disposici\u00f3n de cualquier profesional que trabaje en un <strong>museo, jard\u00edn, zoo, centro cient\u00edfico, centro natural, estaci\u00f3n de campo<\/strong>\u00a0o instituci\u00f3n af\u00edn. Esperamos que los miembros la utilicen para plantear preguntas y compartir noticias a medida que cada una de nuestras instituciones prosigue su labor para hacer frente al cambio clim\u00e1tico.<\/p>\n\n\n\n<p>Para su comodidad, el Listserv dispone de tres opciones para recibir mensajes:&nbsp;<\/p>\n\n\n\n<ol class=\"wp-block-list\">\n<li><strong>Inmediatamente<\/strong>: Cada mensaje que se env\u00ede ir\u00e1 inmediatamente a tu bandeja de entrada.&nbsp;<\/li>\n\n\n\n<li><strong>Resumen diario<\/strong>: Recibir\u00e1 un correo electr\u00f3nico diario con todos los mensajes de ese d\u00eda. Puede desplazarse por los mensajes anteriores para verlos individualmente.<\/li>\n\n\n\n<li><strong>Pausar todos los mensajes<\/strong>: Si por alguna raz\u00f3n lo necesitas, puedes pausar los mensajes en cualquier momento.&nbsp;<\/li>\n<\/ol>\n\n\n\n<p>Estamos deseando conectar con usted de esta nueva forma.<\/p>\n\n\n\n<form method=\"post\" action=\"https:\/\/gaggle.email\/join\/climatetoolkit@gaggle.email\">\n    <div>\n<label for=\"mce-Name\">Nombre y apellidos <\/label>\n        <input name=\"name\" type=\"text\" placeholder=\" \">\n    <\/div>\n\t<label for=\"mce-EMAIL\">Direcci\u00f3n de correo electr\u00f3nico <\/label>\n   <input name=\"email\" type=\"email\" placeholder=\" \">\n<div class=\"mc-field-group\">\n <\/div>\n <div>\n    <button>Unirse al grupo<\/button>\n    <\/div>\n<\/form>","protected":false},"excerpt":{"rendered":"<p>Suscr\u00edbase al bolet\u00edn informativo y a la lista de distribuci\u00f3n de la Caja de herramientas sobre el clima La Caja de herramientas sobre el clima es una oportunidad de colaboraci\u00f3n para museos, jardines, zool\u00f3gicos, centros cient\u00edficos, centros de naturaleza, estaciones de campo e instituciones afines que deseen aprender a abordar de forma agresiva el cambio clim\u00e1tico dentro de sus propias organizaciones ...<\/p>\n<p class=\"read-more\"> <a class=\"\" href=\"https:\/\/climatetoolkit.org\/es\/newsletter\/\"> <span class=\"screen-reader-text\">Suscr\u00edbase al bolet\u00edn y a la lista de distribuci\u00f3n de la Climate Toolkit<\/span> Leer m\u00e1s \"<\/a><\/p>","protected":false},"author":2,"featured_media":0,"parent":0,"menu_order":0,"comment_status":"closed","ping_status":"closed","template":"","meta":{"_acf_changed":false,"inline_featured_image":false,"advgb_blocks_editor_width":"","advgb_blocks_columns_visual_guide":"","footnotes":""},"class_list":["post-1260","page","type-page","status-publish","hentry"],"acf":[],"yoast_head":"<!-- This site is optimized with the Yoast SEO plugin v27.4 - https:\/\/yoast.com\/product\/yoast-seo-wordpress\/ -->\n<title>Sign Up for The Climate Toolkit Newsletter and Listserv - The Climate Toolkit<\/title>\n<meta name=\"robots\" content=\"index, follow, max-snippet:-1, max-image-preview:large, max-video-preview:-1\" \/>\n<link rel=\"canonical\" href=\"https:\/\/climatetoolkit.org\/es\/newsletter\/\" \/>\n<meta property=\"og:locale\" content=\"es_ES\" \/>\n<meta property=\"og:type\" content=\"article\" \/>\n<meta property=\"og:title\" content=\"Sign Up for The Climate Toolkit Newsletter and Listserv - The Climate Toolkit\" \/>\n<meta property=\"og:description\" content=\"Sign Up for The Climate Toolkit Newsletter and Listserv The Climate Toolkit is a collaborative opportunity for museums, gardens, zoos, science centers, nature centers, field stations\u00a0and related institutions who want to learn how to\u00a0aggressively address climate change\u00a0within their own organizations &hellip; Sign Up for The Climate Toolkit Newsletter and Listserv Leer m\u00e1s \u00bb\" \/>\n<meta property=\"og:url\" content=\"https:\/\/climatetoolkit.org\/es\/newsletter\/\" \/>\n<meta property=\"og:site_name\" content=\"The Climate Toolkit\" \/>\n<meta property=\"article:modified_time\" content=\"2024-11-12T14:15:03+00:00\" \/>\n<meta name=\"twitter:card\" content=\"summary_large_image\" \/>\n<meta name=\"twitter:label1\" content=\"Tiempo de lectura\" \/>\n\t<meta name=\"twitter:data1\" content=\"1 minuto\" \/>\n<script type=\"application\/ld+json\" class=\"yoast-schema-graph\">{\"@context\":\"https:\\\/\\\/schema.org\",\"@graph\":[{\"@type\":\"WebPage\",\"@id\":\"https:\\\/\\\/climatetoolkit.org\\\/newsletter\\\/\",\"url\":\"https:\\\/\\\/climatetoolkit.org\\\/newsletter\\\/\",\"name\":\"Sign Up for The Climate Toolkit Newsletter and Listserv - The Climate Toolkit\",\"isPartOf\":{\"@id\":\"https:\\\/\\\/climatetoolkit.org\\\/#website\"},\"datePublished\":\"2021-10-18T18:22:30+00:00\",\"dateModified\":\"2024-11-12T14:15:03+00:00\",\"breadcrumb\":{\"@id\":\"https:\\\/\\\/climatetoolkit.org\\\/newsletter\\\/#breadcrumb\"},\"inLanguage\":\"es\",\"potentialAction\":[{\"@type\":\"ReadAction\",\"target\":[\"https:\\\/\\\/climatetoolkit.org\\\/newsletter\\\/\"]}]},{\"@type\":\"BreadcrumbList\",\"@id\":\"https:\\\/\\\/climatetoolkit.org\\\/newsletter\\\/#breadcrumb\",\"itemListElement\":[{\"@type\":\"ListItem\",\"position\":1,\"name\":\"Home\",\"item\":\"https:\\\/\\\/climatetoolkit.org\\\/\"},{\"@type\":\"ListItem\",\"position\":2,\"name\":\"Sign Up for The Climate Toolkit Newsletter and Listserv\"}]},{\"@type\":\"WebSite\",\"@id\":\"https:\\\/\\\/climatetoolkit.org\\\/#website\",\"url\":\"https:\\\/\\\/climatetoolkit.org\\\/\",\"name\":\"The Climate Toolkit\",\"description\":\"For Museums, Gardens and Zoos\",\"publisher\":{\"@id\":\"https:\\\/\\\/climatetoolkit.org\\\/#organization\"},\"potentialAction\":[{\"@type\":\"SearchAction\",\"target\":{\"@type\":\"EntryPoint\",\"urlTemplate\":\"https:\\\/\\\/climatetoolkit.org\\\/?s={search_term_string}\"},\"query-input\":{\"@type\":\"PropertyValueSpecification\",\"valueRequired\":true,\"valueName\":\"search_term_string\"}}],\"inLanguage\":\"es\"},{\"@type\":\"Organization\",\"@id\":\"https:\\\/\\\/climatetoolkit.org\\\/#organization\",\"name\":\"The Climate Toolkit\",\"url\":\"https:\\\/\\\/climatetoolkit.org\\\/\",\"logo\":{\"@type\":\"ImageObject\",\"inLanguage\":\"es\",\"@id\":\"https:\\\/\\\/climatetoolkit.org\\\/#\\\/schema\\\/logo\\\/image\\\/\",\"url\":\"https:\\\/\\\/climatetoolkit.org\\\/wp-content\\\/uploads\\\/2020\\\/05\\\/C_logo.png\",\"contentUrl\":\"https:\\\/\\\/climatetoolkit.org\\\/wp-content\\\/uploads\\\/2020\\\/05\\\/C_logo.png\",\"width\":512,\"height\":512,\"caption\":\"The Climate Toolkit\"},\"image\":{\"@id\":\"https:\\\/\\\/climatetoolkit.org\\\/#\\\/schema\\\/logo\\\/image\\\/\"}}]}<\/script>\n<!-- \/ Yoast SEO plugin. -->","yoast_head_json":{"title":"Suscr\u00edbase al bolet\u00edn y a la lista de distribuci\u00f3n de la Climate Toolkit - La Climate Toolkit","robots":{"index":"index","follow":"follow","max-snippet":"max-snippet:-1","max-image-preview":"max-image-preview:large","max-video-preview":"max-video-preview:-1"},"canonical":"https:\/\/climatetoolkit.org\/es\/newsletter\/","og_locale":"es_ES","og_type":"article","og_title":"Sign Up for The Climate Toolkit Newsletter and Listserv - The Climate Toolkit","og_description":"Sign Up for The Climate Toolkit Newsletter and Listserv The Climate Toolkit is a collaborative opportunity for museums, gardens, zoos, science centers, nature centers, field stations\u00a0and related institutions who want to learn how to\u00a0aggressively address climate change\u00a0within their own organizations &hellip; Sign Up for The Climate Toolkit Newsletter and Listserv Leer m\u00e1s \u00bb","og_url":"https:\/\/climatetoolkit.org\/es\/newsletter\/","og_site_name":"The Climate Toolkit","article_modified_time":"2024-11-12T14:15:03+00:00","twitter_card":"summary_large_image","twitter_misc":{"Tiempo de lectura":"1 minuto"},"schema":{"@context":"https:\/\/schema.org","@graph":[{"@type":"WebPage","@id":"https:\/\/climatetoolkit.org\/newsletter\/","url":"https:\/\/climatetoolkit.org\/newsletter\/","name":"Suscr\u00edbase al bolet\u00edn y a la lista de distribuci\u00f3n de la Climate Toolkit - La Climate Toolkit","isPartOf":{"@id":"https:\/\/climatetoolkit.org\/#website"},"datePublished":"2021-10-18T18:22:30+00:00","dateModified":"2024-11-12T14:15:03+00:00","breadcrumb":{"@id":"https:\/\/climatetoolkit.org\/newsletter\/#breadcrumb"},"inLanguage":"es","potentialAction":[{"@type":"ReadAction","target":["https:\/\/climatetoolkit.org\/newsletter\/"]}]},{"@type":"BreadcrumbList","@id":"https:\/\/climatetoolkit.org\/newsletter\/#breadcrumb","itemListElement":[{"@type":"ListItem","position":1,"name":"Home","item":"https:\/\/climatetoolkit.org\/"},{"@type":"ListItem","position":2,"name":"Sign Up for The Climate Toolkit Newsletter and Listserv"}]},{"@type":"WebSite","@id":"https:\/\/climatetoolkit.org\/#website","url":"https:\/\/climatetoolkit.org\/","name":"Herramientas para el clima","description":"Para museos, jardines y zool\u00f3gicos","publisher":{"@id":"https:\/\/climatetoolkit.org\/#organization"},"potentialAction":[{"@type":"SearchAction","target":{"@type":"EntryPoint","urlTemplate":"https:\/\/climatetoolkit.org\/?s={search_term_string}"},"query-input":{"@type":"PropertyValueSpecification","valueRequired":true,"valueName":"search_term_string"}}],"inLanguage":"es"},{"@type":"Organization","@id":"https:\/\/climatetoolkit.org\/#organization","name":"Herramientas para el clima","url":"https:\/\/climatetoolkit.org\/","logo":{"@type":"ImageObject","inLanguage":"es","@id":"https:\/\/climatetoolkit.org\/#\/schema\/logo\/image\/","url":"https:\/\/climatetoolkit.org\/wp-content\/uploads\/2020\/05\/C_logo.png","contentUrl":"https:\/\/climatetoolkit.org\/wp-content\/uploads\/2020\/05\/C_logo.png","width":512,"height":512,"caption":"The Climate Toolkit"},"image":{"@id":"https:\/\/climatetoolkit.org\/#\/schema\/logo\/image\/"}}]}},"coauthors":[],"author_meta":{"author_link":"https:\/\/climatetoolkit.org\/es\/author\/joe\/","display_name":"joe reed"},"relative_dates":{"created":"Publicado 5 a\u00f1os hace","modified":"Actualizado 1 a\u00f1o hace"},"absolute_dates":{"created":"Publicado el octubre 18, 2021","modified":"Actualizado el noviembre 12, 2024"},"absolute_dates_time":{"created":"Publicado el octubre 18, 2021 2:22 pm","modified":"Actualizado el noviembre 12, 2024 9:15 am"},"featured_img_caption":"","featured_img":false,"series_order":"","_links":{"self":[{"href":"https:\/\/climatetoolkit.org\/es\/wp-json\/wp\/v2\/pages\/1260","targetHints":{"allow":["GET"]}}],"collection":[{"href":"https:\/\/climatetoolkit.org\/es\/wp-json\/wp\/v2\/pages"}],"about":[{"href":"https:\/\/climatetoolkit.org\/es\/wp-json\/wp\/v2\/types\/page"}],"author":[{"embeddable":true,"href":"https:\/\/climatetoolkit.org\/es\/wp-json\/wp\/v2\/users\/2"}],"replies":[{"embeddable":true,"href":"https:\/\/climatetoolkit.org\/es\/wp-json\/wp\/v2\/comments?post=1260"}],"version-history":[{"count":1,"href":"https:\/\/climatetoolkit.org\/es\/wp-json\/wp\/v2\/pages\/1260\/revisions"}],"predecessor-version":[{"id":3922,"href":"https:\/\/climatetoolkit.org\/es\/wp-json\/wp\/v2\/pages\/1260\/revisions\/3922"}],"wp:attachment":[{"href":"https:\/\/climatetoolkit.org\/es\/wp-json\/wp\/v2\/media?parent=1260"}],"curies":[{"name":"wp","href":"https:\/\/api.w.org\/{rel}","templated":true}]}}