{"id":987,"date":"2021-08-16T13:46:24","date_gmt":"2021-08-16T17:46:24","guid":{"rendered":"https:\/\/climatetoolkit.org\/?page_id=987"},"modified":"2023-03-16T14:01:52","modified_gmt":"2023-03-16T18:01:52","slug":"how-to-join-the-climate-toolkit","status":"publish","type":"page","link":"https:\/\/climatetoolkit.org\/de\/how-to-join-the-climate-toolkit\/","title":{"rendered":"Wie man dem Climate Toolkit beitritt"},"content":{"rendered":"<p>Wir hei\u00dfen alle G\u00e4rten, Arboreta, Museen, Wissenschaftszentren, Aquarien und Zoos willkommen, sich dem Climate Toolkit anzuschlie\u00dfen! Das Toolkit bringt Organisationen zusammen, um auf Klimaziele und Herausforderungen hinzuarbeiten. Alle Organisationen sind willkommen; <strong>ganz gleich<\/strong> <strong>wo Sie sich befinden<\/strong> <strong>Wir sind hier, um Sie bei den n\u00e4chsten Schritten zu unterst\u00fctzen.<\/strong>. <\/p>\n\n\n\n<p>Um dem Toolkit beizutreten, bitten wir alle Einrichtungen, unser kurzes Bewerbungsformular auszuf\u00fcllen. Hier werden Sie gebeten, folgende Angaben zu machen: <\/p>\n\n\n\n<ol class=\"wp-block-list\">\n<li>Erkl\u00e4ren Sie eine <strong>Schwerpunktbereich <\/strong>(Auswahl aus den Bereichen Energie, Wasser, Lebensmittel, Verkehr, Abfall, Landschaft und Gartenbau, Investitionen, Besucher oder Forschung);<\/li>\n\n\n\n<li>W\u00e4hlen Sie alle zutreffenden K\u00e4stchen in Bezug auf Ihre <strong>Zielfortschritt<\/strong> in diesem Schwerpunktbereich; und<\/li>\n\n\n\n<li>Optional k\u00f6nnen Sie weitere Ziele ausw\u00e4hlen, \u00fcber die Sie Informationen weitergeben m\u00f6chten.<\/li>\n<\/ol>\n\n\n\n<p>Sobald Sie das Formular ausgef\u00fcllt haben, wird sich ein Mitarbeiter von uns mit Ihnen in Verbindung setzen. Wenn Sie Fragen haben, schicken Sie bitte eine E-Mail: <a href=\"mailto:climatetoolkit@phipps.conservatory.org\"><strong>climatetoolkit@phipps.conservatory.org<\/strong><\/a>.<\/p>\n\n\n\n<h2 class=\"wp-block-heading\">Aktualisieren Sie Ihr Profil<\/h2>\n\n\n\n<p>Das Climate Toolkit hat ein Formular erstellt, in dem Institutionen uns \u00fcber Zielverfolgungen, Schwerpunktverschiebungen, neue Initiativen und mehr informieren k\u00f6nnen. Wenn Sie Ihre Klima-Aktionsziele aktualisieren m\u00f6chten, bitten wir Sie <strong><a href=\"https:\/\/climatetoolkit.org\/de\/the-climate-toolkit-update\/\">f\u00fcllen Sie unser Update-Formular aus<\/a><\/strong> oder <a href=\"mailto:climatetoolkit@phipps.conservatory.org\"><strong>Senden Sie uns eine E-Mail<\/strong><\/a>. <\/p>\n\n\n\n<ul class=\"wp-block-list\">\n<li><a href=\"https:\/\/climatetoolkit.org\/de\/the-climate-toolkit-update\/\">Aktualisieren Sie Ihr Profil<\/a><\/li>\n<\/ul>\n\n\n\n<h2 class=\"wp-block-heading\">H\u00e4ufig gestellte Fragen<\/h2>\n\n\n<div\n\t\t\t\n\t\t\tclass=\"so-widget-sow-accordion so-widget-sow-accordion-default-5674beebb4fa\"\n\t\t\t\n\t\t><div>\n\t<div class=\"sow-accordion\">\n\t\t\t<div class=\"sow-accordion-panel\"\n\t\t\t\tdata-anchor-id=\"what-if-my-institution-has-only-completed-one-goal\">\n\t\t\t\t\t<div class=\"sow-accordion-panel-header-container\" role=\"heading\" aria-level=\"2\">\n\t\t\t\t\t<div class=\"sow-accordion-panel-header\" tabindex=\"0\" role=\"button\" id=\"accordion-label-what-if-my-institution-has-only-completed-one-goal\" aria-controls=\"accordion-content-what-if-my-institution-has-only-completed-one-goal\" aria-expanded=\"false\">\n\t\t\t\t\t\t<div class=\"sow-accordion-title sow-accordion-title-icon-left\">\n\t\t\t\t\t\t\t\t\t\t\t\t\t\tWas ist, wenn meine Einrichtung nur ein Ziel erreicht hat? \t\t\t\t\t\t\t\t\t\t\t\t\t<\/div>\n\t\t\t\t\t\t<div class=\"sow-accordion-open-close-button\">\n\t\t\t\t\t\t\t<div class=\"sow-accordion-open-button\">\n\t\t\t\t\t\t\t\t<span class=\"sow-icon-ionicons\" data-sow-icon=\"&#xf218;\"\n\t\t \n\t\taria-hidden=\"true\"><\/span>\t\t\t\t\t\t\t<\/div>\n\t\t\t\t\t\t\t<div class=\"sow-accordion-close-button\">\n\t\t\t\t\t\t\t\t<span class=\"sow-icon-ionicons\" data-sow-icon=\"&#xf209;\"\n\t\t \n\t\taria-hidden=\"true\"><\/span>\t\t\t\t\t\t\t<\/div>\n\t\t\t\t\t\t<\/div>\n\t\t\t\t\t<\/div>\n\t\t\t\t<\/div>\n\n\t\t\t<div\n\t\t\t\tclass=\"sow-accordion-panel-content\"\n\t\t\t\trole=\"region\"\n\t\t\t\taria-labelledby=\"accordion-label-what-if-my-institution-has-only-completed-one-goal\"\n\t\t\t\tid=\"accordion-content-what-if-my-institution-has-only-completed-one-goal\"\n\t\t\t\tstyle=\"display: none;\"\t\t\t>\n\t\t\t\t<div class=\"sow-accordion-panel-border\">\n\t\t\t\t\t<p>Das ist in Ordnung! Das Klima-Toolkit ist f\u00fcr jede Einrichtung gedacht, unabh\u00e4ngig davon, wo sie sich auf ihrem Weg zum Klimaschutz befindet. Das Toolkit wurde entwickelt, um Institutionen dabei zu unterst\u00fctzen, zu diskutieren und zusammenzuarbeiten, um nachhaltiger zu werden, und Ihre n\u00e4chsten Schritte k\u00f6nnen genau jetzt beginnen.<\/p>\n\t\t\t\t<\/div>\n\t\t\t<\/div>\n\t\t<\/div>\n\t\t\t<div class=\"sow-accordion-panel\"\n\t\t\t\tdata-anchor-id=\"what-are-the-requirements-of-joining-the-climate-toolkit\">\n\t\t\t\t\t<div class=\"sow-accordion-panel-header-container\" role=\"heading\" aria-level=\"2\">\n\t\t\t\t\t<div class=\"sow-accordion-panel-header\" tabindex=\"0\" role=\"button\" id=\"accordion-label-what-are-the-requirements-of-joining-the-climate-toolkit\" aria-controls=\"accordion-content-what-are-the-requirements-of-joining-the-climate-toolkit\" aria-expanded=\"false\">\n\t\t\t\t\t\t<div class=\"sow-accordion-title sow-accordion-title-icon-left\">\n\t\t\t\t\t\t\t\t\t\t\t\t\t\tWas sind die Voraussetzungen f\u00fcr einen Beitritt zum Climate Toolkit?\t\t\t\t\t\t\t\t\t\t\t\t\t<\/div>\n\t\t\t\t\t\t<div class=\"sow-accordion-open-close-button\">\n\t\t\t\t\t\t\t<div class=\"sow-accordion-open-button\">\n\t\t\t\t\t\t\t\t<span class=\"sow-icon-ionicons\" data-sow-icon=\"&#xf218;\"\n\t\t \n\t\taria-hidden=\"true\"><\/span>\t\t\t\t\t\t\t<\/div>\n\t\t\t\t\t\t\t<div class=\"sow-accordion-close-button\">\n\t\t\t\t\t\t\t\t<span class=\"sow-icon-ionicons\" data-sow-icon=\"&#xf209;\"\n\t\t \n\t\taria-hidden=\"true\"><\/span>\t\t\t\t\t\t\t<\/div>\n\t\t\t\t\t\t<\/div>\n\t\t\t\t\t<\/div>\n\t\t\t\t<\/div>\n\n\t\t\t<div\n\t\t\t\tclass=\"sow-accordion-panel-content\"\n\t\t\t\trole=\"region\"\n\t\t\t\taria-labelledby=\"accordion-label-what-are-the-requirements-of-joining-the-climate-toolkit\"\n\t\t\t\tid=\"accordion-content-what-are-the-requirements-of-joining-the-climate-toolkit\"\n\t\t\t\tstyle=\"display: none;\"\t\t\t>\n\t\t\t\t<div class=\"sow-accordion-panel-border\">\n\t\t\t\t\t<p>Das Klima-Toolkit setzt lediglich den Wunsch voraus, in Ihrer Einrichtung Klimaschutzma\u00dfnahmen zu ergreifen. Sie werden das meiste aus dem Toolkit herausholen, indem Sie unseren Blog, unsere Webinarreihe und unsere Newsletter verfolgen, aber der Grad Ihrer Beteiligung ist selbstbestimmt und flexibel.\u00a0<\/p>\n\t\t\t\t<\/div>\n\t\t\t<\/div>\n\t\t<\/div>\n\t\t\t<div class=\"sow-accordion-panel\"\n\t\t\t\tdata-anchor-id=\"why-should-i-join-the-climate-toolkit\">\n\t\t\t\t\t<div class=\"sow-accordion-panel-header-container\" role=\"heading\" aria-level=\"2\">\n\t\t\t\t\t<div class=\"sow-accordion-panel-header\" tabindex=\"0\" role=\"button\" id=\"accordion-label-why-should-i-join-the-climate-toolkit\" aria-controls=\"accordion-content-why-should-i-join-the-climate-toolkit\" aria-expanded=\"false\">\n\t\t\t\t\t\t<div class=\"sow-accordion-title sow-accordion-title-icon-left\">\n\t\t\t\t\t\t\t\t\t\t\t\t\t\tWarum sollte ich dem Climate Toolkit beitreten?\t\t\t\t\t\t\t\t\t\t\t\t\t<\/div>\n\t\t\t\t\t\t<div class=\"sow-accordion-open-close-button\">\n\t\t\t\t\t\t\t<div class=\"sow-accordion-open-button\">\n\t\t\t\t\t\t\t\t<span class=\"sow-icon-ionicons\" data-sow-icon=\"&#xf218;\"\n\t\t \n\t\taria-hidden=\"true\"><\/span>\t\t\t\t\t\t\t<\/div>\n\t\t\t\t\t\t\t<div class=\"sow-accordion-close-button\">\n\t\t\t\t\t\t\t\t<span class=\"sow-icon-ionicons\" data-sow-icon=\"&#xf209;\"\n\t\t \n\t\taria-hidden=\"true\"><\/span>\t\t\t\t\t\t\t<\/div>\n\t\t\t\t\t\t<\/div>\n\t\t\t\t\t<\/div>\n\t\t\t\t<\/div>\n\n\t\t\t<div\n\t\t\t\tclass=\"sow-accordion-panel-content\"\n\t\t\t\trole=\"region\"\n\t\t\t\taria-labelledby=\"accordion-label-why-should-i-join-the-climate-toolkit\"\n\t\t\t\tid=\"accordion-content-why-should-i-join-the-climate-toolkit\"\n\t\t\t\tstyle=\"display: none;\"\t\t\t>\n\t\t\t\t<div class=\"sow-accordion-panel-border\">\n\t\t\t\t\t<p>Denn gemeinsam lassen sich anspruchsvolle Projekte leichter bew\u00e4ltigen! Wenn Sie bereit sind, ein Klimaziel zu verfolgen, ist das Toolkit dazu da, Sie mit jemandem zusammenzubringen, der an \u00e4hnlichen Projekten arbeitet, damit Sie sich \u00fcber bew\u00e4hrte Verfahren austauschen, gemeinsam brainstormen und voneinander lernen k\u00f6nnen.<\/p>\n\t\t\t\t<\/div>\n\t\t\t<\/div>\n\t\t<\/div>\n\t\t<\/div>\n<\/div>\n<\/div>","protected":false},"excerpt":{"rendered":"<p>Wir hei\u00dfen alle G\u00e4rten, Arboreta, Museen, Wissenschaftszentren, Aquarien und Zoos willkommen, sich dem Climate Toolkit anzuschlie\u00dfen! Das Toolkit bringt Organisationen zusammen, um auf Klimaziele und Herausforderungen hinzuarbeiten. Alle Organisationen sind willkommen; egal, wo Sie sich auf Ihrer Reise befinden, ...<\/p>\n<p class=\"read-more\"> <a class=\"\" href=\"https:\/\/climatetoolkit.org\/de\/how-to-join-the-climate-toolkit\/\"> <span class=\"screen-reader-text\">Wie man dem Climate Toolkit beitritt<\/span> Weiterlesen \"<\/a><\/p>","protected":false},"author":2,"featured_media":0,"parent":0,"menu_order":0,"comment_status":"closed","ping_status":"closed","template":"","meta":{"_acf_changed":false,"inline_featured_image":false,"advgb_blocks_editor_width":"","advgb_blocks_columns_visual_guide":"","footnotes":""},"class_list":["post-987","page","type-page","status-publish","hentry"],"acf":[],"yoast_head":"<!-- This site is optimized with the Yoast SEO plugin v27.4 - https:\/\/yoast.com\/product\/yoast-seo-wordpress\/ -->\n<title>How to Join the Climate Toolkit - The Climate Toolkit<\/title>\n<meta name=\"robots\" content=\"index, follow, max-snippet:-1, max-image-preview:large, max-video-preview:-1\" \/>\n<link rel=\"canonical\" href=\"https:\/\/climatetoolkit.org\/de\/how-to-join-the-climate-toolkit\/\" \/>\n<meta property=\"og:locale\" content=\"de_DE\" \/>\n<meta property=\"og:type\" content=\"article\" \/>\n<meta property=\"og:title\" content=\"How to Join the Climate Toolkit - The Climate Toolkit\" \/>\n<meta property=\"og:description\" content=\"We welcome all gardens, arboreta, museums, science centers, aquariums, and zoos to join The Climate Toolkit! The Toolkit brings organizations together to work towards climate goals and challenges. All organizations are welcome; no matter where you are on your journey, &hellip; How to Join the Climate Toolkit Weiterlesen &raquo;\" \/>\n<meta property=\"og:url\" content=\"https:\/\/climatetoolkit.org\/de\/how-to-join-the-climate-toolkit\/\" \/>\n<meta property=\"og:site_name\" content=\"The Climate Toolkit\" \/>\n<meta property=\"article:modified_time\" content=\"2023-03-16T18:01:52+00:00\" \/>\n<meta name=\"twitter:card\" content=\"summary_large_image\" \/>\n<meta name=\"twitter:label1\" content=\"Gesch\u00e4tzte Lesezeit\" \/>\n\t<meta name=\"twitter:data1\" content=\"1\u00a0Minute\" \/>\n<script type=\"application\/ld+json\" class=\"yoast-schema-graph\">{\"@context\":\"https:\\\/\\\/schema.org\",\"@graph\":[{\"@type\":\"WebPage\",\"@id\":\"https:\\\/\\\/climatetoolkit.org\\\/how-to-join-the-climate-toolkit\\\/\",\"url\":\"https:\\\/\\\/climatetoolkit.org\\\/how-to-join-the-climate-toolkit\\\/\",\"name\":\"How to Join the Climate Toolkit - The Climate Toolkit\",\"isPartOf\":{\"@id\":\"https:\\\/\\\/climatetoolkit.org\\\/#website\"},\"datePublished\":\"2021-08-16T17:46:24+00:00\",\"dateModified\":\"2023-03-16T18:01:52+00:00\",\"breadcrumb\":{\"@id\":\"https:\\\/\\\/climatetoolkit.org\\\/how-to-join-the-climate-toolkit\\\/#breadcrumb\"},\"inLanguage\":\"de\",\"potentialAction\":[{\"@type\":\"ReadAction\",\"target\":[\"https:\\\/\\\/climatetoolkit.org\\\/how-to-join-the-climate-toolkit\\\/\"]}]},{\"@type\":\"BreadcrumbList\",\"@id\":\"https:\\\/\\\/climatetoolkit.org\\\/how-to-join-the-climate-toolkit\\\/#breadcrumb\",\"itemListElement\":[{\"@type\":\"ListItem\",\"position\":1,\"name\":\"Home\",\"item\":\"https:\\\/\\\/climatetoolkit.org\\\/\"},{\"@type\":\"ListItem\",\"position\":2,\"name\":\"How to Join the Climate Toolkit\"}]},{\"@type\":\"WebSite\",\"@id\":\"https:\\\/\\\/climatetoolkit.org\\\/#website\",\"url\":\"https:\\\/\\\/climatetoolkit.org\\\/\",\"name\":\"The Climate Toolkit\",\"description\":\"For Museums, Gardens and Zoos\",\"publisher\":{\"@id\":\"https:\\\/\\\/climatetoolkit.org\\\/#organization\"},\"potentialAction\":[{\"@type\":\"SearchAction\",\"target\":{\"@type\":\"EntryPoint\",\"urlTemplate\":\"https:\\\/\\\/climatetoolkit.org\\\/?s={search_term_string}\"},\"query-input\":{\"@type\":\"PropertyValueSpecification\",\"valueRequired\":true,\"valueName\":\"search_term_string\"}}],\"inLanguage\":\"de\"},{\"@type\":\"Organization\",\"@id\":\"https:\\\/\\\/climatetoolkit.org\\\/#organization\",\"name\":\"The Climate Toolkit\",\"url\":\"https:\\\/\\\/climatetoolkit.org\\\/\",\"logo\":{\"@type\":\"ImageObject\",\"inLanguage\":\"de\",\"@id\":\"https:\\\/\\\/climatetoolkit.org\\\/#\\\/schema\\\/logo\\\/image\\\/\",\"url\":\"https:\\\/\\\/climatetoolkit.org\\\/wp-content\\\/uploads\\\/2020\\\/05\\\/C_logo.png\",\"contentUrl\":\"https:\\\/\\\/climatetoolkit.org\\\/wp-content\\\/uploads\\\/2020\\\/05\\\/C_logo.png\",\"width\":512,\"height\":512,\"caption\":\"The Climate Toolkit\"},\"image\":{\"@id\":\"https:\\\/\\\/climatetoolkit.org\\\/#\\\/schema\\\/logo\\\/image\\\/\"}}]}<\/script>\n<!-- \/ Yoast SEO plugin. -->","yoast_head_json":{"title":"Wie man dem Climate Toolkit beitritt - Das Climate Toolkit","robots":{"index":"index","follow":"follow","max-snippet":"max-snippet:-1","max-image-preview":"max-image-preview:large","max-video-preview":"max-video-preview:-1"},"canonical":"https:\/\/climatetoolkit.org\/de\/how-to-join-the-climate-toolkit\/","og_locale":"de_DE","og_type":"article","og_title":"How to Join the Climate Toolkit - The Climate Toolkit","og_description":"We welcome all gardens, arboreta, museums, science centers, aquariums, and zoos to join The Climate Toolkit! The Toolkit brings organizations together to work towards climate goals and challenges. All organizations are welcome; no matter where you are on your journey, &hellip; How to Join the Climate Toolkit Weiterlesen &raquo;","og_url":"https:\/\/climatetoolkit.org\/de\/how-to-join-the-climate-toolkit\/","og_site_name":"The Climate Toolkit","article_modified_time":"2023-03-16T18:01:52+00:00","twitter_card":"summary_large_image","twitter_misc":{"Gesch\u00e4tzte Lesezeit":"1\u00a0Minute"},"schema":{"@context":"https:\/\/schema.org","@graph":[{"@type":"WebPage","@id":"https:\/\/climatetoolkit.org\/how-to-join-the-climate-toolkit\/","url":"https:\/\/climatetoolkit.org\/how-to-join-the-climate-toolkit\/","name":"Wie man dem Climate Toolkit beitritt - Das Climate Toolkit","isPartOf":{"@id":"https:\/\/climatetoolkit.org\/#website"},"datePublished":"2021-08-16T17:46:24+00:00","dateModified":"2023-03-16T18:01:52+00:00","breadcrumb":{"@id":"https:\/\/climatetoolkit.org\/how-to-join-the-climate-toolkit\/#breadcrumb"},"inLanguage":"de","potentialAction":[{"@type":"ReadAction","target":["https:\/\/climatetoolkit.org\/how-to-join-the-climate-toolkit\/"]}]},{"@type":"BreadcrumbList","@id":"https:\/\/climatetoolkit.org\/how-to-join-the-climate-toolkit\/#breadcrumb","itemListElement":[{"@type":"ListItem","position":1,"name":"Home","item":"https:\/\/climatetoolkit.org\/"},{"@type":"ListItem","position":2,"name":"How to Join the Climate Toolkit"}]},{"@type":"WebSite","@id":"https:\/\/climatetoolkit.org\/#website","url":"https:\/\/climatetoolkit.org\/","name":"Das Klima-Toolkit","description":"F\u00fcr Museen, G\u00e4rten und Zoos","publisher":{"@id":"https:\/\/climatetoolkit.org\/#organization"},"potentialAction":[{"@type":"SearchAction","target":{"@type":"EntryPoint","urlTemplate":"https:\/\/climatetoolkit.org\/?s={search_term_string}"},"query-input":{"@type":"PropertyValueSpecification","valueRequired":true,"valueName":"search_term_string"}}],"inLanguage":"de"},{"@type":"Organization","@id":"https:\/\/climatetoolkit.org\/#organization","name":"Das Klima-Toolkit","url":"https:\/\/climatetoolkit.org\/","logo":{"@type":"ImageObject","inLanguage":"de","@id":"https:\/\/climatetoolkit.org\/#\/schema\/logo\/image\/","url":"https:\/\/climatetoolkit.org\/wp-content\/uploads\/2020\/05\/C_logo.png","contentUrl":"https:\/\/climatetoolkit.org\/wp-content\/uploads\/2020\/05\/C_logo.png","width":512,"height":512,"caption":"The Climate Toolkit"},"image":{"@id":"https:\/\/climatetoolkit.org\/#\/schema\/logo\/image\/"}}]}},"coauthors":[],"author_meta":{"author_link":"https:\/\/climatetoolkit.org\/de\/author\/joe\/","display_name":"joe reed"},"relative_dates":{"created":"Posted 5\u00a0Jahren ago","modified":"Updated 3\u00a0Jahren ago"},"absolute_dates":{"created":"Posted on August 16, 2021","modified":"Updated on M\u00e4rz 16, 2023"},"absolute_dates_time":{"created":"Posted on August 16, 2021 1:46 p.m.","modified":"Updated on M\u00e4rz 16, 2023 2:01 p.m."},"featured_img_caption":"","featured_img":false,"series_order":"","_links":{"self":[{"href":"https:\/\/climatetoolkit.org\/de\/wp-json\/wp\/v2\/pages\/987","targetHints":{"allow":["GET"]}}],"collection":[{"href":"https:\/\/climatetoolkit.org\/de\/wp-json\/wp\/v2\/pages"}],"about":[{"href":"https:\/\/climatetoolkit.org\/de\/wp-json\/wp\/v2\/types\/page"}],"author":[{"embeddable":true,"href":"https:\/\/climatetoolkit.org\/de\/wp-json\/wp\/v2\/users\/2"}],"replies":[{"embeddable":true,"href":"https:\/\/climatetoolkit.org\/de\/wp-json\/wp\/v2\/comments?post=987"}],"version-history":[{"count":0,"href":"https:\/\/climatetoolkit.org\/de\/wp-json\/wp\/v2\/pages\/987\/revisions"}],"wp:attachment":[{"href":"https:\/\/climatetoolkit.org\/de\/wp-json\/wp\/v2\/media?parent=987"}],"curies":[{"name":"wp","href":"https:\/\/api.w.org\/{rel}","templated":true}]}}